{"id":19657,"date":"2025-04-07T07:00:07","date_gmt":"2025-04-07T07:00:07","guid":{"rendered":"https:\/\/www.hydraulic-cylinders.net\/product\/boom-cylinder-for-bonny-ced260-6\/"},"modified":"2025-04-07T07:00:10","modified_gmt":"2025-04-07T07:00:10","slug":"boom-cylinder-for-bonny-ced260-6","status":"publish","type":"product","link":"https:\/\/www.hydraulic-cylinders.net\/sk\/produkt\/boom-cylinder-for-bonny-ced260-6\/","title":{"rendered":"Valec v\u00fdlo\u017en\u00edka pre Bonny CED260-6"},"content":{"rendered":"<h1>Valec v\u00fdlo\u017en\u00edka pre Bonny CED260-6<\/h1>\n<h2>\u00davod do valca v\u00fdlo\u017en\u00edka<\/h2>\n<p>The Boom Cylinder is an essential hydraulic component designed specifically for controlling the movement of buckets in various heavy machinery, such as excavators, backhoe loaders, and front-end loaders. These cylinders enable the bucket to lift, lower, and tilt, facilitating material handling tasks efficiently. The bucket cylinder is a type of hydraulic cylinder that plays a crucial role in hydraulic systems by converting hydraulic energy into mechanical energy to perform work. In heavy machinery, it&#8217;s integral to ensure precise control and smooth operation, contributing to the overall effectiveness of construction and excavation operations.<\/p>\n<p><img decoding=\"async\" src=\"https:\/\/www.hydraulic-cylinders.net\/wp-content\/uploads\/2025\/04\/songte-company-1.webp\" alt=\"Valec v\u00fdlo\u017en\u00edka\"><\/p>\n<h2>Vlastnosti valca v\u00fdlo\u017en\u00edka<\/h2>\n<ul>\n<li>\n<h3>Vysok\u00e1 pevnos\u0165 a odolnos\u0165<\/h3>\n<p>V\u00fdlo\u017en\u00edkov\u00fd valec je vyroben\u00fd z vysokopevnostnej ocele alebo hlin\u00edka a odol\u00e1 vysok\u00e9mu tlaku a \u0165a\u017ek\u00fdm za\u0165a\u017eeniam, v\u010faka \u010domu je vhodn\u00fd do n\u00e1ro\u010dn\u00fdch pracovn\u00fdch prostred\u00ed. Jeho kon\u0161trukcia zoh\u013ead\u0148uje odolnos\u0165 vo\u010di opotrebovaniu a kor\u00f3zii, \u010d\u00edm sa predl\u017euje jeho \u017eivotnos\u0165.<\/p>\n<\/li>\n<li>\n<h3>Efekt\u00edvna hydraulick\u00e1 prev\u00e1dzka<\/h3>\n<p>Valec vyu\u017e\u00edva tlak hydraulick\u00e9ho oleja na dosiahnutie plynul\u00e9ho vys\u00favania a zas\u00favania. R\u00fdchlo reaguje na ovl\u00e1dacie povely a poskytuje siln\u00fa tla\u010dn\u00fa a \u0165a\u017en\u00fa silu potrebn\u00fa na manipul\u00e1ciu s \u0165a\u017ek\u00fdmi materi\u00e1lmi a zlo\u017eit\u00fdmi \u00falohami.<\/p>\n<\/li>\n<li>\n<h3>R\u00f4zne typy<\/h3>\n<p>Valec v\u00fdlo\u017en\u00edka je k dispoz\u00edcii v jedno\u010dinnom (hydraulick\u00fd pohon v jednom smere) a dvoj\u010dinnom (hydraulick\u00fd pohon v oboch smeroch) type a sp\u013a\u0148a r\u00f4zne prev\u00e1dzkov\u00e9 potreby. Niektor\u00e9 modely s\u00fa teleskopick\u00e9, \u010do umo\u017e\u0148uje v\u00e4\u010d\u0161ie vysunutie bez zv\u00e4\u010d\u0161enia vonkaj\u0161\u00edch rozmerov, v\u010faka \u010domu s\u00fa ide\u00e1lne pre aplik\u00e1cie s obmedzen\u00fdm priestorom.<\/p>\n<\/li>\n<li>\n<h3>Pokro\u010dil\u00e9 technol\u00f3gie tesnenia<\/h3>\n<p>Navrhnut\u00e9 s pou\u017eit\u00edm \u0161pi\u010dkov\u00fdch technol\u00f3gi\u00ed tesnenia, ktor\u00e9 zabra\u0148uj\u00fa \u00fanikom a zabezpe\u010duj\u00fa plynul\u00fd chod, \u010do prispieva k celkovej \u00fa\u010dinnosti hydraulick\u00e9ho syst\u00e9mu.<\/p>\n<\/li>\n<li>\n<h3>Mo\u017enosti prisp\u00f4sobenia<\/h3>\n<p>Pon\u00fakame rie\u0161enia na mieru, ktor\u00e9 sp\u013a\u0148aj\u00fa \u0161pecifick\u00e9 po\u017eiadavky, a zabezpe\u010dujeme, \u017ee n\u00e1\u0161 valec v\u00fdlo\u017en\u00edka dok\u00e1\u017ee efekt\u00edvne nahradi\u0165 in\u00e9 hydraulick\u00e9 valce na trhu.<\/p>\n<\/li>\n<\/ul>\n<p><img decoding=\"async\" src=\"https:\/\/www.hydraulic-cylinders.net\/wp-content\/uploads\/2025\/04\/songte-cylinder-head-with-all-kinds-excavator-models.webp\" alt=\"Aplik\u00e1cie valcov v\u00fdlo\u017en\u00edka\"><\/p>\n<h2>Aplik\u00e1cie valca v\u00fdlo\u017en\u00edka<\/h2>\n<ul>\n<li>\n<h3>Stavebn\u00e9 stroje<\/h3>\n<p>V r\u00fdpadl\u00e1ch s\u00fa valce v\u00fdlo\u017en\u00edka k\u013e\u00fa\u010dov\u00e9 pre kopanie, nakladanie a premiest\u0148ovanie zeminy alebo sutiny. Pom\u00e1haj\u00fa pri presnom zdv\u00edhan\u00ed a umiest\u0148ovan\u00ed \u0165a\u017ek\u00fdch materi\u00e1lov. V r\u00fdpadlo-naklada\u010doch pom\u00e1ha valec v\u00fdlo\u017en\u00edka nielen pri kopan\u00ed, ale aj pri zdv\u00edhac\u00edch oper\u00e1ci\u00e1ch, v\u010faka \u010domu je nevyhnutn\u00fd v stavebn\u00fdch projektoch.<\/p>\n<\/li>\n<li>\n<h3>Po\u013enohospod\u00e1rske stroje<\/h3>\n<p>V \u010deln\u00fdch naklada\u010doch sa tieto valce pou\u017e\u00edvaj\u00fa na naberanie, zdv\u00edhanie a prepravu p\u00f4dy, sena a in\u00fdch materi\u00e1lov. Schopnos\u0165 presne ovl\u00e1da\u0165 polohu ly\u017eice zvy\u0161uje produktivitu pri po\u013enohospod\u00e1rskych \u00faloh\u00e1ch.<\/p>\n<\/li>\n<li>\n<h3>R\u00fdpadl\u00e1<\/h3>\n<p>In excavators, the Boom Cylinder enables digging actions by allowing the bucket to penetrate the soil effectively. This function is vital for various excavation tasks, contributing to the machine&#8217;s versatility and efficiency.<\/p>\n<\/li>\n<li>\n<h3>Naklada\u010de<\/h3>\n<p>V \u010deln\u00fdch naklada\u010doch pom\u00e1ha valec v\u00fdlo\u017en\u00edka efekt\u00edvne zdv\u00edha\u0165 a vyklada\u0165 bremen\u00e1. Jeho schopnos\u0165 zvl\u00e1da\u0165 \u0165a\u017ek\u00e9 v\u00e1hy a z\u00e1rove\u0148 udr\u017eiava\u0165 stabilitu je k\u013e\u00fa\u010dov\u00e1 pre prev\u00e1dzkov\u00fa bezpe\u010dnos\u0165 a efektivitu.<\/p>\n<\/li>\n<\/ul>\n<h2>\u00davahy o dizajne a krit\u00e9ri\u00e1 v\u00fdberu<\/h2>\n<ul>\n<li>\n<h3>Nosnos\u0165<\/h3>\n<p>Pri navrhovan\u00ed valca v\u00fdlo\u017en\u00edka je nosnos\u0165 prvorad\u00fdm faktorom. Ur\u010duje maxim\u00e1lnu hmotnos\u0165, ktor\u00fa valec dok\u00e1\u017ee zvl\u00e1dnu\u0165 bez kompromisov v oblasti bezpe\u010dnosti alebo v\u00fdkonu. V\u00fdber materi\u00e1lov a kon\u0161trukcia bud\u00fa odr\u00e1\u017ea\u0165 po\u017eiadavku na pevnos\u0165 a stabilitu pri za\u0165a\u017een\u00ed.<\/p>\n<\/li>\n<li>\n<h3>Utesnenie a prevencia \u00faniku<\/h3>\n<p>\u00da\u010dinn\u00e9 tesniace mechanizmy s\u00fa nevyhnutn\u00e9 na zabr\u00e1nenie \u00faniku hydraulickej kvapaliny, \u010do m\u00f4\u017ee vies\u0165 k zn\u00ed\u017eeniu \u00fa\u010dinnosti a ohrozeniu \u017eivotn\u00e9ho prostredia. Vysokokvalitn\u00e9 tesnenia a tesnenia vyroben\u00e9 z odoln\u00fdch materi\u00e1lov s\u00fa nevyhnutn\u00e9 na zaistenie spo\u013eahlivosti.<\/p>\n<\/li>\n<li>\n<h3>Trvanlivos\u0165<\/h3>\n<p>Trvanlivos\u0165 valca v\u00fdlo\u017en\u00edka je k\u013e\u00fa\u010dov\u00e1, najm\u00e4 v n\u00e1ro\u010dn\u00fdch prostrediach, kde vystavenie poveternostn\u00fdm vplyvom m\u00f4\u017ee sp\u00f4sobi\u0165 opotrebenie. Faktory, ako je odolnos\u0165 proti kor\u00f3zii, \u00fanavov\u00e1 pevnos\u0165 a \u017eivotnos\u0165 materi\u00e1lu, sa zoh\u013ead\u0148uj\u00fa u\u017e po\u010das f\u00e1zy n\u00e1vrhu.<\/p>\n<\/li>\n<li>\n<h3>Bezpe\u010dnostn\u00e9 prvky<\/h3>\n<p>Bezpe\u010dnos\u0165 je pri navrhovan\u00ed hydraulick\u00fdch komponentov prvorad\u00e1. Za\u010dlenenie bezpe\u010dnostn\u00fdch prvkov, ako s\u00fa pretlakov\u00e9 ventily a robustn\u00e1 kon\u0161truk\u010dn\u00e1 integrita, pom\u00e1ha predch\u00e1dza\u0165 nehod\u00e1m a zais\u0165uje bezpe\u010dn\u00fa prev\u00e1dzku pri zdv\u00edhan\u00ed \u0165a\u017ek\u00fdch bremien a in\u00fdch n\u00e1ro\u010dn\u00fdch \u00faloh\u00e1ch.<\/p>\n<\/li>\n<li>\n<h3>\u00dadr\u017eba a opravite\u013enos\u0165<\/h3>\n<p>D\u00f4le\u017eit\u00e9 je aj navrhnutie s oh\u013eadom na jednoduch\u00fa \u00fadr\u017ebu. Komponenty by mali by\u0165 \u013eahko pr\u00edstupn\u00e9 na kontrolu, mazanie a opravu, \u010d\u00edm sa minimalizuj\u00fa prestoje a zvy\u0161uje prev\u00e1dzkov\u00e1 efektivita.<\/p>\n<\/li>\n<\/ul>\n<p><img decoding=\"async\" src=\"https:\/\/www.hydraulic-cylinders.net\/wp-content\/uploads\/2025\/04\/songte-oil-pipes-and-spare-parts.webp\" alt=\"Komponenty hydraulick\u00e9ho valca\"><\/p>\n<h2>Utesnenie a mazanie valca v\u00fdlo\u017en\u00edka<\/h2>\n<p>\u00da\u010dinnos\u0165 valca v\u00fdlo\u017en\u00edka do zna\u010dnej miery z\u00e1vis\u00ed od pou\u017eitia r\u00f4znych tesnen\u00ed, ako s\u00fa piestne tesnenia a tesnenia ty\u010d\u00ed, vyroben\u00e9 z materi\u00e1lov ako polyuret\u00e1n a nitrilov\u00fd kau\u010duk. Tieto materi\u00e1ly s\u00fa vybran\u00e9 pre svoju odolnos\u0165 proti opotrebovaniu a trvanlivos\u0165 v hydraulick\u00fdch aplik\u00e1ci\u00e1ch. Teleso valca a z\u00e1vitov\u00e9 koncov\u00e9 plochy s\u00fa prec\u00edzne opracovan\u00e9, aby sa zv\u00fd\u0161ila odolnos\u0165 proti opotrebovaniu a zabezpe\u010dila sa dlh\u00e1 \u017eivotnos\u0165.<\/p>\n<p>Okrem toho je nevyhnutn\u00e9 pravidelne dop\u013a\u0148a\u0165 spr\u00e1vne mno\u017estvo hydraulick\u00e9ho oleja na mazanie. Dostato\u010dn\u00e9 mazanie minimalizuje trenie medzi pohybliv\u00fdmi \u010das\u0165ami, \u010d\u00edm sa zni\u017euje opotrebovanie a t\u00fdm sa predl\u017euje \u017eivotnos\u0165 valca. Pravideln\u00e9 kontroly a dop\u013a\u0148anie hydraulickej kvapaliny s\u00fa nevyhnutn\u00e9 postupy, ktor\u00e9 by sa mali pr\u00edsne dodr\u017eiava\u0165 pre optim\u00e1lny v\u00fdkon.<\/p>\n<h2>Opatrenia prevent\u00edvnej \u00fadr\u017eby<\/h2>\n<ul>\n<li>\n<h3>Pravideln\u00e9 kontroly<\/h3>\n<p>Pravideln\u00e9 kontroly pom\u00e1haj\u00fa v\u010das odhali\u0165 opotrebovanie. Ak\u00e9ko\u013evek zn\u00e1mky \u00faniku alebo nezvy\u010dajnej prev\u00e1dzky by sa mali okam\u017eite rie\u0161i\u0165, aby sa predi\u0161lo \u010fal\u0161iemu po\u0161kodeniu.<\/p>\n<\/li>\n<li>\n<h3>Spr\u00e1vne mazanie<\/h3>\n<p>Zabezpe\u010denie dostato\u010dn\u00e9ho mazania valca v\u00fdlo\u017en\u00edka je nevyhnutn\u00e9 pre jeho bezprobl\u00e9mov\u00fa prev\u00e1dzku. Pravidelne kontrolujte hladinu hydraulickej kvapaliny a pod\u013ea potreby ju mazajte, aby ste predi\u0161li probl\u00e9mom s tren\u00edm.<\/p>\n<\/li>\n<li>\n<h3>V\u00fdmena tesnenia<\/h3>\n<p>Tesnenia by sa mali pravidelne kontrolova\u0165, \u010di nie s\u00fa po\u0161koden\u00e9, a pod\u013ea potreby ich vymie\u0148a\u0165. T\u00fdm sa zabr\u00e1ni \u00faniku kvapaliny a udr\u017eiava sa integrita syst\u00e9mu, \u010do je nevyhnutn\u00e9 pre bezpe\u010dn\u00fa prev\u00e1dzku.<\/p>\n<\/li>\n<\/ul>\n<h2>Pokyny na in\u0161tal\u00e1ciu valca ramena<\/h2>\n<p>Proper installation of the Boom Cylinder is vital for achieving optimal performance. Begin by ensuring that the mounting surfaces of the cylinder and the machine are clean and free of debris. Use appropriate mounting brackets to secure the cylinder in place, ensuring it is aligned correctly with the machine&#8217;s hydraulic system. Misalignment can lead to premature wear and potential failure.<\/p>\n<p>Before finalizing installation, double-check that all hydraulic connections are secure and leak-free. After installation, conduct a pressure test to ensure that the system operates within the designated pressure range. Regularly monitor the cylinder&#8217;s performance to identify any issues early on.<\/p>\n<h2>Be\u017en\u00e9 \u00falohy \u00fadr\u017eby<\/h2>\n<ul>\n<li>\n<h3>Pravideln\u00e9 kontroly<\/h3>\n<p>Vykon\u00e1vanie pravideln\u00fdch kontrol je nevyhnutn\u00e9 na identifik\u00e1ciu opotrebovania a potenci\u00e1lnych probl\u00e9mov. H\u013eadajte zn\u00e1mky po\u0161kodenia a okam\u017eite ich rie\u0161te, aby ste predi\u0161li zhor\u0161eniu situ\u00e1cie.<\/p>\n<\/li>\n<li>\n<h3>Vhodn\u00e9 mazanie<\/h3>\n<p>Pravideln\u00e9 mazanie je nevyhnutn\u00e9 pre bezprobl\u00e9mov\u00fa prev\u00e1dzku valca v\u00fdlo\u017en\u00edka. Uistite sa, \u017ee hydraulick\u00fd olej je na odpor\u00fa\u010danej \u00farovni a vymie\u0148ajte ho pod\u013ea pl\u00e1nu \u00fadr\u017eby.<\/p>\n<\/li>\n<li>\n<h3>V\u00fdmena tesnenia a kontroly kalibr\u00e1cie<\/h3>\n<p>Tesnenia by sa mali vymeni\u0165, ke\u010f s\u00fa opotrebovan\u00e9 alebo po\u0161koden\u00e9, aby sa predi\u0161lo \u00faniku. Okrem toho kalibra\u010dn\u00e9 kontroly zabezpe\u010duj\u00fa, \u017ee valec funguje pod\u013ea o\u010dak\u00e1van\u00ed a zachov\u00e1va si prev\u00e1dzkov\u00fa \u00fa\u010dinnos\u0165.<\/p>\n<\/li>\n<\/ul>\n<p><img decoding=\"async\" src=\"https:\/\/www.hydraulic-cylinders.net\/wp-content\/uploads\/2025\/04\/songte-chushion-collar.webp\" alt=\"\u00dadr\u017eba valca v\u00fdlo\u017en\u00edka\"><\/p>\n<h2>Bezpe\u010dnostn\u00e9 aspekty a faktory prostredia<\/h2>\n<p>Pri prev\u00e1dzke a \u00fadr\u017ebe hydraulick\u00fdch valcov v\u00fdlo\u017en\u00edka s\u00fa bezpe\u010dnostn\u00e9 opatrenia mimoriadne d\u00f4le\u017eit\u00e9. Spr\u00e1vne \u0161kolenie person\u00e1lu obsluhuj\u00faceho hydraulick\u00e9 stroje je nevyhnutn\u00e9 na predch\u00e1dzanie nehod\u00e1m. Okrem toho je k\u013e\u00fa\u010dov\u00e9 poznanie environment\u00e1lnych faktorov, ako s\u00fa potenci\u00e1lne \u00faniky, ktor\u00e9 by mohli kontaminova\u0165 p\u00f4du a vodu. Pou\u017e\u00edvanie ekologick\u00fdch hydraulick\u00fdch kvapal\u00edn m\u00f4\u017ee tie\u017e zmierni\u0165 vplyvy na \u017eivotn\u00e9 prostredie.<\/p>\n<h2>Diagnostika por\u00fach a be\u017en\u00e9 probl\u00e9my<\/h2>\n<ul>\n<li>\n<h3>\u00danik hydraulickej kvapaliny<\/h3>\n<p>\u00daniky s\u00fa be\u017en\u00fdm probl\u00e9mom, ktor\u00fd sa m\u00f4\u017ee vyskytn\u00fa\u0165 v d\u00f4sledku opotrebovan\u00fdch tesnen\u00ed alebo po\u0161koden\u00fdch komponentov. Pravideln\u00e9 kontroly m\u00f4\u017eu pom\u00f4c\u0165 odhali\u0165 tieto probl\u00e9my v\u010das, sk\u00f4r ako poved\u00fa k z\u00e1va\u017en\u00fdm probl\u00e9mom.<\/p>\n<\/li>\n<li>\n<h3>Pomal\u00e1 doba odozvy<\/h3>\n<p>Ak valec v\u00fdlo\u017en\u00edka reaguje pomaly, m\u00f4\u017ee to znamena\u0165 n\u00edzku hladinu hydraulickej kvapaliny alebo vn\u00fatorn\u00e9 po\u0161kodenie. V\u010dasn\u00e9 rie\u0161enie t\u00fdchto probl\u00e9mov m\u00f4\u017ee obnovi\u0165 funk\u010dnos\u0165.<\/p>\n<\/li>\n<li>\n<h3>Nezvy\u010dajn\u00e9 zvuky<\/h3>\n<p>Strange noises during operation can signify internal wear or component failure. It&#8217;s essential to investigate such issues to prevent further damage.<\/p>\n<\/li>\n<\/ul>\n<h2>Tipy a rie\u0161enia probl\u00e9mov<\/h2>\n<p>To effectively diagnose and resolve issues, regularly monitor the Boom Cylinder&#8217;s performance. If hydraulic fluid leakage is detected, inspect seals and connections for damage. For slow response times, check hydraulic fluid levels and refill as necessary. If unusual noises occur, stop operation immediately and conduct a thorough inspection to identify the source of the problem.<\/p>\n<p>Zavedenie prevent\u00edvnych opatren\u00ed, ako je pravideln\u00e1 \u00fadr\u017eba a okam\u017eit\u00e9 rie\u0161enie zisten\u00fdch probl\u00e9mov, m\u00f4\u017ee v\u00fdrazne zn\u00ed\u017ei\u0165 riziko potenci\u00e1lnych probl\u00e9mov a pred\u013a\u017ei\u0165 prev\u00e1dzkov\u00fa \u017eivotnos\u0165 valca v\u00fdlo\u017en\u00edka.<\/p>\n<p><img decoding=\"async\" src=\"https:\/\/www.hydraulic-cylinders.net\/wp-content\/uploads\/2025\/04\/songte-bushings-with-all-kinds-of-excavator-models.webp\" alt=\"Rie\u0161enie probl\u00e9mov s valcom ramena\"><\/p>\n<h2>O na\u0161ej spolo\u010dnosti<\/h2>\n<p>Sme popredn\u00fdm v\u00fdrobcom n\u00e1hradn\u00fdch hydraulick\u00fdch valcov a pon\u00fakame komplexn\u00fd sortiment produktov, v\u010faka ktor\u00fdm sme sa etablovali ako jeden z popredn\u00fdch dod\u00e1vate\u013eov na dom\u00e1com aj medzin\u00e1rodnom trhu. N\u00e1\u0161 z\u00e1v\u00e4zok k excelentnosti n\u00e1s vedie k dodr\u017eiavaniu strat\u00e9gie riadenia priemyselnej v\u00fdroby zameranej na presn\u00fa v\u00fdrobu. Neust\u00e1le zlep\u0161ujeme na\u0161e v\u00fdrobn\u00e9 kapacity prostredn\u00edctvom pokro\u010dil\u00fdch technol\u00f3gi\u00ed, kvalifikovan\u00e9ho person\u00e1lu a pr\u00edsnych syst\u00e9mov kontroly kvality. To zabezpe\u010duje, \u017ee efekt\u00edvne a \u00fa\u010dinne uspokojujeme rozmanit\u00e9 potreby z\u00e1kazn\u00edkov.<\/p>\n<p>Na\u0161e odborn\u00e9 znalosti s\u00fa podlo\u017een\u00e9 medzin\u00e1rodn\u00fdmi certifik\u00e1ciami, ktor\u00e9 n\u00e1m umo\u017e\u0148uj\u00fa poskytova\u0165 slu\u017eby na mieru prisp\u00f4soben\u00e9 \u0161pecifik\u00e1ci\u00e1m klientov. Pou\u017e\u00edvame najmodernej\u0161ie v\u00fdrobn\u00e9 zariadenia, aby sme zabezpe\u010dili vysok\u00fa efektivitu, presnos\u0165 a kvalitu na\u0161ich produktov. N\u00e1\u0161 \u0161pecializovan\u00fd popredajn\u00fd servis \u010falej upev\u0148uje na\u0161u reput\u00e1ciu a zabezpe\u010duje spokojnos\u0165 z\u00e1kazn\u00edkov a spo\u013eahlivos\u0165 produktov.<\/p>\n<p><img decoding=\"async\" src=\"https:\/\/www.hydraulic-cylinders.net\/wp-content\/uploads\/2025\/04\/songte-company-4.webp\" alt=\"Preh\u013ead spolo\u010dnosti\"><br \/>\n<img decoding=\"async\" src=\"https:\/\/www.hydraulic-cylinders.net\/wp-content\/uploads\/2025\/04\/songte-company-3.webp\" alt=\"Excelentnos\u0165 vo v\u00fdrobe\"><\/p>\n<p>Autor: lyl<\/p>","protected":false},"excerpt":{"rendered":"<p>Boom Cylinder For Bonny CED260-6 Introduction to Boom Cylinder The Boom Cylinder is an essential hydraulic component designed specifically for controlling the movement of buckets in various heavy machinery, such as excavators, backhoe loaders, and front-end loaders. These cylinders enable the bucket to lift, lower, and tilt, facilitating material handling tasks efficiently. The bucket cylinder [&hellip;]<\/p>","protected":false},"featured_media":17875,"comment_status":"open","ping_status":"closed","template":"","meta":{"_et_pb_use_builder":"","_et_pb_old_content":"","_et_gb_content_width":""},"product_brand":[],"product_cat":[1546],"product_tag":[1547,1496],"class_list":{"0":"post-19657","1":"product","2":"type-product","3":"status-publish","4":"has-post-thumbnail","6":"product_cat-boom-cylinders","7":"product_tag-boom-cylinders","8":"product_tag-hydraulic-cylinders","10":"first","11":"instock","12":"shipping-taxable","13":"product-type-simple"},"amp_enabled":true,"_links":{"self":[{"href":"https:\/\/www.hydraulic-cylinders.net\/sk\/wp-json\/wp\/v2\/product\/19657","targetHints":{"allow":["GET"]}}],"collection":[{"href":"https:\/\/www.hydraulic-cylinders.net\/sk\/wp-json\/wp\/v2\/product"}],"about":[{"href":"https:\/\/www.hydraulic-cylinders.net\/sk\/wp-json\/wp\/v2\/types\/product"}],"replies":[{"embeddable":true,"href":"https:\/\/www.hydraulic-cylinders.net\/sk\/wp-json\/wp\/v2\/comments?post=19657"}],"wp:featuredmedia":[{"embeddable":true,"href":"https:\/\/www.hydraulic-cylinders.net\/sk\/wp-json\/wp\/v2\/media\/17875"}],"wp:attachment":[{"href":"https:\/\/www.hydraulic-cylinders.net\/sk\/wp-json\/wp\/v2\/media?parent=19657"}],"wp:term":[{"taxonomy":"product_brand","embeddable":true,"href":"https:\/\/www.hydraulic-cylinders.net\/sk\/wp-json\/wp\/v2\/product_brand?post=19657"},{"taxonomy":"product_cat","embeddable":true,"href":"https:\/\/www.hydraulic-cylinders.net\/sk\/wp-json\/wp\/v2\/product_cat?post=19657"},{"taxonomy":"product_tag","embeddable":true,"href":"https:\/\/www.hydraulic-cylinders.net\/sk\/wp-json\/wp\/v2\/product_tag?post=19657"}],"curies":[{"name":"pracovn\u00fd list","href":"https:\/\/api.w.org\/{rel}","templated":true}]}}