{"id":19658,"date":"2025-04-07T07:00:10","date_gmt":"2025-04-07T07:00:10","guid":{"rendered":"https:\/\/www.hydraulic-cylinders.net\/product\/boom-cylinder-for-bonny-wzy42-7\/"},"modified":"2025-04-07T07:00:13","modified_gmt":"2025-04-07T07:00:13","slug":"boom-cylinder-for-bonny-wzy42-7","status":"publish","type":"product","link":"https:\/\/www.hydraulic-cylinders.net\/sk\/produkt\/boom-cylinder-for-bonny-wzy42-7\/","title":{"rendered":"Valec v\u00fdlo\u017en\u00edka pre Bonny WZY42-7"},"content":{"rendered":"<h1>Valec v\u00fdlo\u017en\u00edka pre Bonny WZY42-7<\/h1>\n<h2>Preh\u013ead produktu<\/h2>\n<p>Hydraulick\u00fd valec v\u00fdlo\u017en\u00edka pre Bonny WZY42-7 je \u0161pecializovan\u00fd hydraulick\u00fd valec ur\u010den\u00fd na ovl\u00e1danie pohybu vedier \u0165a\u017ek\u00fdch strojov, ako s\u00fa tie, ktor\u00e9 sa nach\u00e1dzaj\u00fa v bagroch, r\u00fdpadlo-naklada\u010doch a \u010deln\u00fdch naklada\u010doch. Valce vedier umo\u017e\u0148uj\u00fa zdv\u00edhanie, sp\u00fa\u0161\u0165anie a nakl\u00e1\u0148anie vedier, \u010do u\u013eah\u010duje efekt\u00edvnu manipul\u00e1ciu s materi\u00e1lom. Tieto hydraulick\u00e9 valce s\u00fa d\u00f4le\u017eit\u00fdmi s\u00fa\u010das\u0165ami hydraulick\u00fdch syst\u00e9mov, ktor\u00e9 premie\u0148aj\u00fa hydraulick\u00fa energiu na mechanick\u00fd pohyb.<\/p>\n<p><img decoding=\"async\" src=\"https:\/\/www.hydraulic-cylinders.net\/wp-content\/uploads\/2025\/04\/songte-company-1.webp\" alt=\"Valec v\u00fdlo\u017en\u00edka\"><\/p>\n<h3>Defin\u00edcia a preh\u013ead<\/h3>\n<p>Hydraulick\u00fd valec lopaty je typ hydraulick\u00e9ho valca, ktor\u00fd sa pou\u017e\u00edva najm\u00e4 v r\u00f4znych \u0165a\u017ek\u00fdch strojoch na presn\u00e9 ovl\u00e1danie pohybu lopaty. Tieto valce zohr\u00e1vaj\u00fa k\u013e\u00fa\u010dov\u00fa \u00falohu v hydraulickom syst\u00e9me, pri\u010dom vyu\u017e\u00edvaj\u00fa hydraulick\u00fa kvapalinu na generovanie sily a pohybu. V kontexte stavebn\u00edctva a po\u013enohospod\u00e1rstva je spr\u00e1vne fungovanie valcov v\u00fdlo\u017en\u00edka nevyhnutn\u00e9 pre \u00falohy, ako je kopanie, zdv\u00edhanie a premiest\u0148ovanie materi\u00e1lov. To zabezpe\u010duje, \u017ee stroje m\u00f4\u017eu efekt\u00edvne fungova\u0165 pri vysokom nam\u00e1han\u00ed a \u0165a\u017ek\u00fdch n\u00e1kladoch.<\/p>\n<h2>Vlastnosti valca v\u00fdlo\u017en\u00edka<\/h2>\n<ul>\n<li><strong>Vysok\u00e1 pevnos\u0165 a odolnos\u0165:<\/strong> Tieto valce, ktor\u00e9 s\u00fa zvy\u010dajne vyroben\u00e9 z vysokopevnostnej ocele alebo hlin\u00edka, odol\u00e1vaj\u00fa vysok\u00e9mu tlaku a \u0165a\u017ek\u00fdm za\u0165a\u017eeniam, v\u010faka \u010domu s\u00fa vhodn\u00e9 do n\u00e1ro\u010dn\u00fdch pracovn\u00fdch podmienok.<\/li>\n<li><strong>Efekt\u00edvna hydraulick\u00e1 prev\u00e1dzka:<\/strong> Valec v\u00fdlo\u017en\u00edka vyu\u017e\u00edva tlak hydraulickej kvapaliny na dosiahnutie plynul\u00e9ho vys\u00favania a zas\u00favania, \u010do umo\u017e\u0148uje r\u00fdchle reakcie na ovl\u00e1dacie povely, \u010do je ide\u00e1lne pre n\u00e1ro\u010dn\u00e9 a zlo\u017eit\u00e9 prev\u00e1dzkov\u00e9 \u00falohy.<\/li>\n<li><strong>R\u00f4zne typy:<\/strong> K dispoz\u00edcii s\u00fa v jedno\u010dinnom (hydraulick\u00fd \u00fa\u010dinok v jednom smere) alebo dvoj\u010dinnom (hydraulick\u00fd \u00fa\u010dinok v oboch smeroch) preveden\u00ed, pri\u010dom niektor\u00e9 modely maj\u00fa teleskopick\u00fa kon\u0161trukciu pre dlh\u0161\u00ed dosah bez zv\u00e4\u010d\u0161enia vonkaj\u0161\u00edch rozmerov.<\/li>\n<li><strong>Zv\u00fd\u0161en\u00e1 odolnos\u0165 proti opotrebovaniu:<\/strong> Navrhnut\u00e9 tak, aby odol\u00e1vali oderu a kor\u00f3zii, \u010do prispieva k dlh\u0161ej \u017eivotnosti a zn\u00ed\u017een\u00fdm potreb\u00e1m \u00fadr\u017eby.<\/li>\n<li><strong>Prisp\u00f4sobite\u013en\u00e9 mo\u017enosti:<\/strong> Prisp\u00f4soben\u00e9 \u0161pecifik\u00e1cie pre splnenie \u0161pecifick\u00fdch prev\u00e1dzkov\u00fdch potrieb a preferenci\u00ed, \u010d\u00edm sa zabezpe\u010d\u00ed optim\u00e1lny v\u00fdkon v r\u00f4znych aplik\u00e1ci\u00e1ch.<\/li>\n<\/ul>\n<p>Tento produkt vieme vyrobi\u0165 a na\u0161e produkty dok\u00e1\u017eu dokonale nahradi\u0165 tieto hydraulick\u00e9 valce.<\/p>\n<p><img decoding=\"async\" src=\"https:\/\/www.hydraulic-cylinders.net\/wp-content\/uploads\/2025\/04\/songte-cylinder-head-with-all-kinds-excavator-models.webp\" alt=\"Modely bagrov\"><\/p>\n<h2>Scen\u00e1re aplik\u00e1ci\u00ed<\/h2>\n<h3>Stavebn\u00e9 stroje<\/h3>\n<p>V r\u00fdpadl\u00e1ch s\u00fa valce v\u00fdlo\u017en\u00edka k\u013e\u00fa\u010dov\u00e9 pre kopanie, nakladanie a premiest\u0148ovanie zeminy alebo sutiny. Poskytuj\u00fa potrebn\u00fa silu na preniknutie do zeme a efekt\u00edvne premiest\u0148ovanie materi\u00e1lov. Bez spr\u00e1vne funguj\u00faceho valca v\u00fdlo\u017en\u00edka by bol v\u00fdkon r\u00fdpadla v\u00fdrazne obmedzen\u00fd, \u010do by viedlo k pred\u013a\u017eeniu projektov\u00fdch \u010dasov a prev\u00e1dzkov\u00fdch n\u00e1kladov.<\/p>\n<h3>Po\u013enohospod\u00e1rske stroje<\/h3>\n<p>V \u010deln\u00fdch naklada\u010doch u\u013eah\u010duj\u00fa valce v\u00fdlo\u017en\u00edka naberanie, zdv\u00edhanie a prepravu p\u00f4dy, sena a in\u00fdch materi\u00e1lov. S\u00fa nevyhnutn\u00e9 pre oper\u00e1cie, ako je nakladanie n\u00e1kladn\u00fdch vozidiel alebo preprava materi\u00e1lov na r\u00f4zne miesta, \u010d\u00edm sa zabezpe\u010duje produktivita v po\u013enohospod\u00e1rskych postupoch.<\/p>\n<h3>R\u00fdpadl\u00e1<\/h3>\n<p>Valec v\u00fdlo\u017en\u00edka umo\u017e\u0148uje ly\u017eici prenikn\u00fa\u0165 do p\u00f4dy, a t\u00fdm efekt\u00edvne vykon\u00e1va\u0165 kopacie \u010dinnosti. T\u00e1to schopnos\u0165 je nevyhnutn\u00e1 na dosiahnutie presn\u00fdch h\u013abok a premiest\u0148ovanie zna\u010dn\u00e9ho mno\u017estva zeminy, \u010do je k\u013e\u00fa\u010dov\u00e9 pri stavebn\u00fdch a krajin\u00e1rskych projektoch.<\/p>\n<h3>Naklada\u010de<\/h3>\n<p>V \u010deln\u00fdch naklada\u010doch pom\u00e1haj\u00fa valce v\u00fdlo\u017en\u00edka efekt\u00edvne zdv\u00edha\u0165 a vyklada\u0165 bremen\u00e1. Zvy\u0161uj\u00fa schopnos\u0165 stroja prev\u00e1\u017ea\u0165 \u0165a\u017ek\u00e9 materi\u00e1ly, \u010d\u00edm zabezpe\u010duj\u00fa efekt\u00edvne dokon\u010denie \u00faloh a optimalizuj\u00fa pracovn\u00fd postup v r\u00f4znych oper\u00e1ci\u00e1ch.<\/p>\n<h2>\u00davahy o dizajne<\/h2>\n<h3>Nosnos\u0165<\/h3>\n<p>Nosnos\u0165 valca v\u00fdlo\u017en\u00edka je k\u013e\u00fa\u010dov\u00e1 pre zabezpe\u010denie toho, aby zvl\u00e1dol hmotnos\u0165 a nam\u00e1hanie manipulovan\u00fdch materi\u00e1lov. Vy\u0161\u0161ie nosnosti umo\u017e\u0148uj\u00fa v\u00e4\u010d\u0161iu v\u0161estrannos\u0165 oper\u00e1ci\u00ed a umo\u017e\u0148uj\u00fa manipul\u00e1ciu s v\u00e4\u010d\u0161\u00edmi a \u0165a\u017e\u0161\u00edmi bremenami bez rizika po\u0161kodenia alebo poruchy hydraulick\u00e9ho syst\u00e9mu.<\/p>\n<h3>Tesnenie<\/h3>\n<p>\u00da\u010dinn\u00e9 tesnenie je nevyhnutn\u00e9 na zabr\u00e1nenie \u00faniku hydraulickej kvapaliny, \u010do m\u00f4\u017ee ohrozi\u0165 v\u00fdkon aj bezpe\u010dnos\u0165. Na udr\u017eanie tlaku vo valci a zabezpe\u010denie efekt\u00edvnej prev\u00e1dzky, \u010d\u00edm sa zni\u017euje riziko \u00faniku a kontamin\u00e1cie hydraulickej kvapaliny, sa musia pou\u017e\u00edva\u0165 vysoko kvalitn\u00e9 tesnenia.<\/p>\n<h3>Trvanlivos\u0165<\/h3>\n<p>Trvanlivos\u0165 je v\u00fdznamn\u00fdm faktorom pri kon\u0161trukcii valcov v\u00fdlo\u017en\u00edka, preto\u017ee s\u00fa \u010dasto vystaven\u00e9 n\u00e1ro\u010dn\u00fdm podmienkam. Na zv\u00fd\u0161enie \u017eivotnosti a zn\u00ed\u017eenie potreby \u00fadr\u017eby sa pou\u017e\u00edvaj\u00fa materi\u00e1ly a povlaky, ktor\u00e9 odol\u00e1vaj\u00fa opotrebovaniu a kor\u00f3zii, \u010do v kone\u010dnom d\u00f4sledku vedie k ni\u017e\u0161\u00edm prev\u00e1dzkov\u00fdm n\u00e1kladom.<\/p>\n<h3>Bezpe\u010dnos\u0165<\/h3>\n<p>Bezpe\u010dnostn\u00e9 prvky musia by\u0165 integrovan\u00e9 do kon\u0161trukcie, aby chr\u00e1nili obsluhu a okoloid\u00facich po\u010das prev\u00e1dzky. Patria sem mechanizmy, ktor\u00e9 zabra\u0148uj\u00fa neo\u010dak\u00e1van\u00fdm pohybom a poskytuj\u00fa jasn\u00e9 vizu\u00e1lne indik\u00e1tory stavu valca, aby sa predi\u0161lo nehod\u00e1m.<\/p>\n<h3>Udr\u017eiavate\u013enos\u0165<\/h3>\n<p>Navrhnutie valcov v\u00fdlo\u017en\u00edka pre jednoduch\u00fa \u00fadr\u017ebu zabezpe\u010duje ich r\u00fdchlu a efekt\u00edvnu \u00fadr\u017ebu. To zah\u0155\u0148a pr\u00edstup ku kritick\u00fdm komponentom na kontrolu, mazanie a v\u00fdmenu, \u010d\u00edm sa minimalizuj\u00fa prestoje a zvy\u0161uje sa celkov\u00e1 spo\u013eahlivos\u0165 strojov.<\/p>\n<p><img decoding=\"async\" src=\"https:\/\/www.hydraulic-cylinders.net\/wp-content\/uploads\/2025\/04\/songte-oil-pipes-and-spare-parts.webp\" alt=\"Olejov\u00e9 potrubia a n\u00e1hradn\u00e9 diely\"><\/p>\n<h2>Tesnenie a mazanie<\/h2>\n<p>\u00da\u010dinn\u00e9 utesnenie a mazanie valca v\u00fdlo\u017en\u00edka s\u00fa rozhoduj\u00face pre jeho v\u00fdkon a dlh\u00fa \u017eivotnos\u0165. R\u00f4zne tesniace komponenty, ako s\u00fa tesnenia piestov a tesnenia ty\u010d\u00ed, zohr\u00e1vaj\u00fa \u00falohu pri udr\u017eiavan\u00ed hydraulick\u00e9ho tlaku a predch\u00e1dzan\u00ed \u00faniku kvapal\u00edn. V\u00fdber tesnen\u00ed vyroben\u00fdch z materi\u00e1lov odoln\u00fdch vo\u010di opotrebovaniu, ako je polyuret\u00e1n a nitrilov\u00fd kau\u010duk, zvy\u0161uje odolnos\u0165 a zni\u017euje frekvenciu v\u00fdmen.<\/p>\n<p>Okrem toho by teleso valca a z\u00e1vitov\u00e9 koncov\u00e9 plochy mali by\u0165 jemne opracovan\u00e9, aby sa zlep\u0161ila odolnos\u0165 proti opotrebovaniu a zabezpe\u010dila sa dlh\u0161ia \u017eivotnos\u0165. Pravideln\u00e9 prid\u00e1vanie spr\u00e1vneho mno\u017estva hydraulick\u00e9ho oleja na mazanie je k\u013e\u00fa\u010dov\u00e9, preto\u017ee zni\u017euje trenie medzi pohybliv\u00fdmi \u010das\u0165ami, a t\u00fdm zvy\u0161uje prev\u00e1dzkov\u00fa \u00fa\u010dinnos\u0165.<\/p>\n<h2>Opatrenia prevent\u00edvnej \u00fadr\u017eby<\/h2>\n<ul>\n<li><strong>Pravideln\u00e9 kontroly:<\/strong> Napl\u00e1nujte si pravideln\u00e9 kontroly, \u010di sa neobjavili zn\u00e1mky opotrebovania, po\u0161kodenia alebo netesnost\u00ed. Pravideln\u00e9 kontroly pom\u00e1haj\u00fa identifikova\u0165 potenci\u00e1lne probl\u00e9my sk\u00f4r, ako sa vyhrotia, a zabezpe\u010duj\u00fa tak bezprobl\u00e9mov\u00fa prev\u00e1dzku valca ramena.<\/li>\n<li><strong>Vhodn\u00e9 mazanie:<\/strong> Uistite sa, \u017ee hladina hydraulick\u00e9ho oleja je dostato\u010dn\u00e1 a \u017ee pou\u017eit\u00fd olej sp\u013a\u0148a \u0161pecifik\u00e1cie v\u00fdrobcu. Spr\u00e1vne mazanie minimalizuje trenie, predl\u017euje \u017eivotnos\u0165 komponentov a udr\u017eiava efekt\u00edvnu prev\u00e1dzku.<\/li>\n<li><strong>V\u00fdmena tesnen\u00ed:<\/strong> Pravidelne kontrolujte tesnenia a pod\u013ea potreby ich vymie\u0148ajte, aby ste predi\u0161li \u00fanikom a udr\u017eali hydraulick\u00fd tlak. V\u010dasn\u00e1 v\u00fdmena tesnen\u00ed zais\u0165uje optim\u00e1lny v\u00fdkon a predch\u00e1dza n\u00e1kladn\u00fdm poruch\u00e1m.<\/li>\n<\/ul>\n<h2>Pokyny na in\u0161tal\u00e1ciu<\/h2>\n<p>Spr\u00e1vna in\u0161tal\u00e1cia valca ramena je nevyhnutn\u00e1 pre jeho efekt\u00edvnu prev\u00e1dzku. Pred mont\u00e1\u017eou za\u010dnite t\u00fdm, \u017ee sa uist\u00edte, \u017ee v\u0161etky komponenty s\u00fa \u010dist\u00e9 a bez ne\u010dist\u00f4t. Valec spr\u00e1vne zarovnajte, aby ste predi\u0161li jeho zaseknutiu po\u010das prev\u00e1dzky. Na upevnenie valca na mieste sa odpor\u00fa\u010da pou\u017ei\u0165 vhodn\u00e9 mont\u00e1\u017ene konzoly, ktor\u00e9 zabezpe\u010dia stabilitu a minimalizuj\u00fa vibr\u00e1cie.<\/p>\n<p>Hydraulick\u00e9 potrubia pripojte opatrne a dbajte na to, aby ste spoje neutiahli pr\u00edli\u0161, preto\u017ee by to mohlo sp\u00f4sobi\u0165 po\u0161kodenie. Po in\u0161tal\u00e1cii otestujte syst\u00e9m na tesnos\u0165 a vykonajte d\u00f4kladn\u00fa prev\u00e1dzkov\u00fa kontrolu, aby ste sa uistili, \u017ee valec funguje pod\u013ea o\u010dak\u00e1van\u00ed. Dodr\u017eiavanie t\u00fdchto pokynov pom\u00f4\u017ee zabezpe\u010di\u0165 dlh\u00fa \u017eivotnos\u0165 a efekt\u00edvny v\u00fdkon valca ramena.<\/p>\n<h2>Be\u017en\u00e9 \u00falohy \u00fadr\u017eby<\/h2>\n<h3>Pravideln\u00e9 kontroly<\/h3>\n<p>Pravideln\u00e9 kontroly s\u00fa nevyhnutn\u00e9 na identifik\u00e1ciu opotrebenia alebo potenci\u00e1lnych bodov poruchy. Patria sem kontrola netesnost\u00ed, nezvy\u010dajn\u00fdch zvukov alebo zmien vo v\u00fdkone. Stanovenie pl\u00e1nu be\u017enej \u00fadr\u017eby umo\u017e\u0148uje v\u010dasn\u00e9 z\u00e1sahy, predch\u00e1dzanie neo\u010dak\u00e1van\u00fdm poruch\u00e1m a pred\u013a\u017eenie \u017eivotnosti strojov.<\/p>\n<h3>Spr\u00e1vne mazanie<\/h3>\n<p>Zabezpe\u010denie dostato\u010dn\u00e9ho mazania valca ramena je k\u013e\u00fa\u010dov\u00e9 pre udr\u017eanie v\u00fdkonu. Pravidelne kontrolujte a dop\u013a\u0148ajte hydraulick\u00fd olej pod\u013ea \u0161pecifik\u00e1ci\u00ed v\u00fdrobcu. Spr\u00e1vne mazanie zni\u017euje trenie, zvy\u0161uje \u00fa\u010dinnos\u0165 a minimalizuje opotrebovanie komponentov, \u010d\u00edm sa v kone\u010dnom d\u00f4sledku predl\u017euje \u017eivotnos\u0165 valca ramena.<\/p>\n<h3>V\u00fdmena a kalibr\u00e1cia tesnenia<\/h3>\n<p>Pravideln\u00e1 v\u00fdmena tesnen\u00ed je nevyhnutn\u00e1 na udr\u017eanie hydraulick\u00e9ho tlaku a zabr\u00e1nenie \u00fanikom. Monitorujte stav tesnen\u00ed a vyme\u0148te ich pri prv\u00fdch pr\u00edznakoch opotrebenia. Kalibr\u00e1cia hydraulick\u00e9ho syst\u00e9mu navy\u0161e zais\u0165uje optim\u00e1lny v\u00fdkon a presnos\u0165 prev\u00e1dzky, \u010do je nevyhnutn\u00e9 pre \u00falohy, ktor\u00e9 vy\u017eaduj\u00fa presnos\u0165.<\/p>\n<p><img decoding=\"async\" src=\"https:\/\/www.hydraulic-cylinders.net\/wp-content\/uploads\/2025\/04\/songte-chushion-collar.webp\" alt=\"Obojok Chushion\"><\/p>\n<h2>Bezpe\u010dnostn\u00e9 aspekty<\/h2>\n<p>Pri pr\u00e1ci s hydraulick\u00fdmi syst\u00e9mami s\u00fa bezpe\u010dnostn\u00e9 opatrenia prvorad\u00e9. Spr\u00e1vne \u0161kolenie o pou\u017e\u00edvan\u00ed valcov ramena je nevyhnutn\u00e9 na predch\u00e1dzanie nehod\u00e1m. V\u017edy noste vhodn\u00e9 osobn\u00e9 ochrann\u00e9 prostriedky (OOP) a zabezpe\u010dte, aby v pracovnom priestore neboli \u017eiadne rizik\u00e1. Zavedenie bezpe\u010dnostn\u00fdch protokolov a n\u00fadzov\u00fdch postupov m\u00f4\u017ee v\u00fdrazne zmierni\u0165 rizik\u00e1 spojen\u00e9 s prev\u00e1dzkou hydraulick\u00e9ho zariadenia.<\/p>\n<h2>Diagnostika por\u00fach a be\u017en\u00e9 probl\u00e9my<\/h2>\n<ul>\n<li><strong>\u00danik:<\/strong> Pr\u00edtomnos\u0165 hydraulickej kvapaliny mimo valca m\u00f4\u017ee nazna\u010dova\u0165 poruchu tesnenia. Pravideln\u00e9 kontroly m\u00f4\u017eu pom\u00f4c\u0165 v\u010das identifikova\u0165 probl\u00e9my a zn\u00ed\u017ei\u0165 stratu kvapaliny.<\/li>\n<li><strong>Zn\u00ed\u017een\u00fd v\u00fdkon:<\/strong> Ak valec nereaguje pod\u013ea o\u010dak\u00e1vania, skontrolujte hladinu hydraulickej kvapaliny a skontrolujte, \u010di nie s\u00fa hydraulick\u00e9 potrubia upchat\u00e9.<\/li>\n<li><strong>Nezvy\u010dajn\u00e9 zvuky:<\/strong> \u0160krabkav\u00e9 alebo hrkotav\u00e9 zvuky m\u00f4\u017eu nazna\u010dova\u0165 mechanick\u00e9 probl\u00e9my alebo nedostatok mazania. Tieto zvuky okam\u017eite presk\u00famajte a odstr\u00e1\u0148te, aby ste predi\u0161li \u010fal\u0161iemu po\u0161kodeniu.<\/li>\n<\/ul>\n<h2>Tipy na rie\u0161enie probl\u00e9mov<\/h2>\n<p>Pre efekt\u00edvnu diagnostiku a rie\u0161enie probl\u00e9mov s valcom v\u00fdlo\u017en\u00edka za\u010dnite d\u00f4kladnou kontrolou v\u0161etk\u00fdch komponentov. Skontrolujte vidite\u013en\u00e9 zn\u00e1mky opotrebovania alebo po\u0161kodenia a uistite sa, \u017ee hladina hydraulickej kvapaliny je dostato\u010dn\u00e1. Ak zist\u00edte \u00fanik, v pr\u00edpade potreby vyme\u0148te tesnenia a skontrolujte spr\u00e1vne pripojenia hydraulick\u00e9ho potrubia. Zaveden\u00edm prevent\u00edvnych opatren\u00ed, ako je pravideln\u00e1 \u00fadr\u017eba a v\u010dasn\u00e9 opravy, m\u00f4\u017eu oper\u00e1tori minimalizova\u0165 riziko z\u00e1va\u017en\u00fdch por\u00fach a pred\u013a\u017ei\u0165 \u017eivotnos\u0165 svojich hydraulick\u00fdch syst\u00e9mov.<\/p>\n<p><img decoding=\"async\" src=\"https:\/\/www.hydraulic-cylinders.net\/wp-content\/uploads\/2025\/04\/songte-bushings-with-all-kinds-of-excavator-models.webp\" alt=\"Puzdr\u00e1 s modelmi bagrov\"><\/p>\n<h2>O na\u0161ej spolo\u010dnosti<\/h2>\n<p>Sme popredn\u00fdm v\u00fdrobcom hydraulick\u00fdch valcov, \u0161pecializuj\u00facim sa na n\u00e1hradn\u00e9 rie\u0161enia pre r\u00f4zne aplik\u00e1cie. N\u00e1\u0161 rozsiahly sortiment produktov n\u00e1s zaradil medzi popredn\u00fdch v\u00fdrobcov a ve\u013ekoobchodn\u00edkov na dom\u00e1com aj medzin\u00e1rodnom trhu. Dodr\u017eiavame d\u00f4raz na vynikaj\u00facu kvalitu a pou\u017e\u00edvame prepracovan\u00fa strat\u00e9giu riadenia v\u00fdroby.<\/p>\n<p>Na\u0161a spolo\u010dnos\u0165 neust\u00e1le roz\u0161iruje v\u00fdrobn\u00e9 kapacity prostredn\u00edctvom kvalifikovan\u00fdch technikov, \u0161pi\u010dkov\u00fdch digit\u00e1lnych v\u00fdrobn\u00fdch zariaden\u00ed a profesion\u00e1lnych testovac\u00edch syst\u00e9mov. S d\u00f4razom na efekt\u00edvnos\u0165, presnos\u0165 a kvalitu sme odhodlan\u00ed uspokojova\u0165 rozmanit\u00e9 potreby z\u00e1kazn\u00edkov a z\u00e1rove\u0148 zabezpe\u010dova\u0165 vynikaj\u00facu spo\u013eahlivos\u0165 produktov.<\/p>\n<p><img decoding=\"async\" src=\"https:\/\/www.hydraulic-cylinders.net\/wp-content\/uploads\/2025\/04\/songte-company-4.webp\" alt=\"Preh\u013ead spolo\u010dnosti\"><br \/>\n<img decoding=\"async\" src=\"https:\/\/www.hydraulic-cylinders.net\/wp-content\/uploads\/2025\/04\/songte-company-3.webp\" alt=\"Zariadenia spolo\u010dnosti\"><\/p>\n<p>Autor: lyl<\/p>","protected":false},"excerpt":{"rendered":"<p>Boom Cylinder For Bonny WZY42-7 Product Overview The Boom Cylinder for Bonny WZY42-7 is a specialized hydraulic cylinder designed to control the movement of heavy machinery buckets, such as those found in excavators, backhoe loaders, and front loaders. Bucket cylinders allow for the lifting, lowering, and tilting of buckets, facilitating efficient material handling tasks. These [&hellip;]<\/p>","protected":false},"featured_media":17876,"comment_status":"open","ping_status":"closed","template":"","meta":{"_et_pb_use_builder":"","_et_pb_old_content":"","_et_gb_content_width":""},"product_brand":[],"product_cat":[1546],"product_tag":[1547,1496],"class_list":{"0":"post-19658","1":"product","2":"type-product","3":"status-publish","4":"has-post-thumbnail","6":"product_cat-boom-cylinders","7":"product_tag-boom-cylinders","8":"product_tag-hydraulic-cylinders","10":"first","11":"instock","12":"shipping-taxable","13":"product-type-simple"},"amp_enabled":true,"_links":{"self":[{"href":"https:\/\/www.hydraulic-cylinders.net\/sk\/wp-json\/wp\/v2\/product\/19658","targetHints":{"allow":["GET"]}}],"collection":[{"href":"https:\/\/www.hydraulic-cylinders.net\/sk\/wp-json\/wp\/v2\/product"}],"about":[{"href":"https:\/\/www.hydraulic-cylinders.net\/sk\/wp-json\/wp\/v2\/types\/product"}],"replies":[{"embeddable":true,"href":"https:\/\/www.hydraulic-cylinders.net\/sk\/wp-json\/wp\/v2\/comments?post=19658"}],"wp:featuredmedia":[{"embeddable":true,"href":"https:\/\/www.hydraulic-cylinders.net\/sk\/wp-json\/wp\/v2\/media\/17876"}],"wp:attachment":[{"href":"https:\/\/www.hydraulic-cylinders.net\/sk\/wp-json\/wp\/v2\/media?parent=19658"}],"wp:term":[{"taxonomy":"product_brand","embeddable":true,"href":"https:\/\/www.hydraulic-cylinders.net\/sk\/wp-json\/wp\/v2\/product_brand?post=19658"},{"taxonomy":"product_cat","embeddable":true,"href":"https:\/\/www.hydraulic-cylinders.net\/sk\/wp-json\/wp\/v2\/product_cat?post=19658"},{"taxonomy":"product_tag","embeddable":true,"href":"https:\/\/www.hydraulic-cylinders.net\/sk\/wp-json\/wp\/v2\/product_tag?post=19658"}],"curies":[{"name":"pracovn\u00fd list","href":"https:\/\/api.w.org\/{rel}","templated":true}]}}