{"id":19659,"date":"2025-04-07T07:00:13","date_gmt":"2025-04-07T07:00:13","guid":{"rendered":"https:\/\/www.hydraulic-cylinders.net\/product\/boom-cylinder-for-bonny-ctd460-6\/"},"modified":"2025-04-07T07:00:16","modified_gmt":"2025-04-07T07:00:16","slug":"boom-cylinder-for-bonny-ctd460-6","status":"publish","type":"product","link":"https:\/\/www.hydraulic-cylinders.net\/sk\/produkt\/boom-cylinder-for-bonny-ctd460-6\/","title":{"rendered":"Valec v\u00fdlo\u017en\u00edka pre Bonny CTD460-6"},"content":{"rendered":"<h1>Valec v\u00fdlo\u017en\u00edka pre Bonny CTD460-6<\/h1>\n<h2>\u00davod do valcov v\u00fdlo\u017en\u00edka<\/h2>\n<p>Hydraulick\u00fd valec v\u00fdlo\u017en\u00edka, \u010dasto ozna\u010dovan\u00fd aj ako valec lopaty, je \u0161pecializovan\u00fd hydraulick\u00fd valec ur\u010den\u00fd hlavne na ovl\u00e1danie pohybu ly\u017e\u00edc v r\u00f4znych \u0165a\u017ek\u00fdch strojoch, ako s\u00fa bagre, r\u00fdpadlo-naklada\u010de a \u010deln\u00e9 naklada\u010de. Tieto valce umo\u017e\u0148uj\u00fa zdv\u00edhanie, sp\u00fa\u0161\u0165anie a nakl\u00e1\u0148anie ly\u017eice, \u010do u\u013eah\u010duje efekt\u00edvnu manipul\u00e1ciu s materi\u00e1lom. Valec v\u00fdlo\u017en\u00edka zohr\u00e1va k\u013e\u00fa\u010dov\u00fa \u00falohu v hydraulick\u00fdch syst\u00e9moch t\u00fdm, \u017ee premie\u0148a hydraulick\u00fa energiu na mechanick\u00fa energiu a poskytuje potrebn\u00fa silu na vykon\u00e1vanie n\u00e1ro\u010dn\u00fdch \u00faloh. V z\u00e1vislosti od ich dizajnu a kon\u0161trukcie m\u00f4\u017eu valce v\u00fdlo\u017en\u00edka odol\u00e1va\u0165 vysok\u00e9mu tlaku a \u0165a\u017ek\u00fdm za\u0165a\u017eeniam, v\u010faka \u010domu s\u00fa nevyhnutn\u00e9 v stavebn\u00edctve, po\u013enohospod\u00e1rstve a in\u00fdch priemyseln\u00fdch aplik\u00e1ci\u00e1ch.<\/p>\n<p><img decoding=\"async\" src=\"https:\/\/www.hydraulic-cylinders.net\/wp-content\/uploads\/2025\/04\/songte-company-1.webp\" alt=\"Valec v\u00fdlo\u017en\u00edka\"><\/p>\n<h2>Vlastnosti valca v\u00fdlo\u017en\u00edka pre Bonny CTD460-6<\/h2>\n<ul>\n<li><strong>Vysok\u00e1 pevnos\u0165 a odolnos\u0165:<\/strong> Tieto valce s\u00fa vyroben\u00e9 z vysokopevnostnej ocele alebo hlin\u00edka a s\u00fa navrhnut\u00e9 tak, aby odolali vysok\u00e9mu tlaku a \u0165a\u017ek\u00e9mu za\u0165a\u017eeniu, \u010d\u00edm zabezpe\u010duj\u00fa spo\u013eahlivos\u0165 v n\u00e1ro\u010dn\u00fdch pracovn\u00fdch prostrediach.<\/li>\n<li><strong>Efekt\u00edvna hydraulick\u00e1 prev\u00e1dzka:<\/strong> V\u010faka hydraulick\u00e9mu tlaku oleja tieto valce zabezpe\u010duj\u00fa plynul\u00e9 vys\u00favanie a zas\u00favanie, r\u00fdchlo reaguj\u00fa na ovl\u00e1dacie povely a dod\u00e1vaj\u00fa siln\u00e9 tlakov\u00e9 a \u0165ahov\u00e9 sily.<\/li>\n<li><strong>R\u00f4zne typy:<\/strong> Dostupn\u00e9 ako jedno\u010dinn\u00e9 (hydraulick\u00fd tlak v jednom smere) alebo dvoj\u010dinn\u00e9 (hydraulick\u00fd tlak v oboch smeroch) valce, ktor\u00e9 vyhovuj\u00fa r\u00f4znym prev\u00e1dzkov\u00fdm potreb\u00e1m.<\/li>\n<li><strong>Kompaktn\u00fd dizajn:<\/strong> Niektor\u00e9 modely maj\u00fa teleskopick\u00fa kon\u0161trukciu, ktor\u00e1 umo\u017e\u0148uje v\u00e4\u010d\u0161ie vysunutie bez zv\u00e4\u010d\u0161enia vonkaj\u0161\u00edch rozmerov, a je vhodn\u00e1 pre aplik\u00e1cie s obmedzen\u00fdm priestorom.<\/li>\n<li><strong>Odolnos\u0165 proti kor\u00f3zii:<\/strong> Navrhnut\u00e9 s odolnos\u0165ou proti opotrebovaniu a antikor\u00f3znymi vlastnos\u0165ami pred\u013a\u017euj\u00fa \u017eivotnos\u0165 aj v n\u00e1ro\u010dn\u00fdch podmienkach.<\/li>\n<\/ul>\n<h2>V\u00fdrobn\u00e9 kapacity<\/h2>\n<p>M\u00e1me kapacitu na v\u00fdrobu tohto produktu a na\u0161e produkty dok\u00e1\u017eu dokonale nahradi\u0165 tieto hydraulick\u00e9 valce.<\/p>\n<p><img decoding=\"async\" src=\"https:\/\/www.hydraulic-cylinders.net\/wp-content\/uploads\/2025\/04\/songte-cylinder-head-with-all-kinds-excavator-models.webp\" alt=\"V\u00fdroba hydraulick\u00fdch valcov\"><\/p>\n<h2>Aplik\u00e1cie valcov v\u00fdlo\u017en\u00edka<\/h2>\n<h3>Stavebn\u00e9 stroje<\/h3>\n<p>V r\u00fdpadl\u00e1ch s\u00fa valce v\u00fdlo\u017en\u00edka k\u013e\u00fa\u010dov\u00e9 pre kopanie, nakladanie a premiest\u0148ovanie zeminy alebo sutiny. Poskytuj\u00fa potrebn\u00fa silu na sp\u00fa\u0161\u0165anie a zdv\u00edhanie ly\u017eice, \u010do umo\u017e\u0148uje efekt\u00edvne v\u00fdkopov\u00e9 pr\u00e1ce a manipul\u00e1ciu s materi\u00e1lom. Presn\u00e9 ovl\u00e1danie, ktor\u00e9 tieto valce pon\u00fakaj\u00fa, umo\u017e\u0148uje obsluhe pracova\u0165 efekt\u00edvne aj v n\u00e1ro\u010dnom ter\u00e9ne.<\/p>\n<h3>Po\u013enohospod\u00e1rske stroje<\/h3>\n<p>V \u010deln\u00fdch naklada\u010doch s\u00fa valce v\u00fdlo\u017en\u00edka nevyhnutn\u00e9 na naberanie, zdv\u00edhanie a prepravu p\u00f4dy, sena a in\u00fdch materi\u00e1lov. Hydraulick\u00fd v\u00fdkon umo\u017e\u0148uje naklada\u010du vykon\u00e1va\u0165 r\u00f4zne \u00falohy, ako je zarovn\u00e1vanie pol\u00ed a premiest\u0148ovanie sypk\u00fdch materi\u00e1lov, \u010d\u00edm sa zvy\u0161uje produktivita v po\u013enohospod\u00e1rskych oper\u00e1ci\u00e1ch.<\/p>\n<h3>R\u00fdpadl\u00e1<\/h3>\n<p>V\u010faka schopnosti prenika\u0165 do p\u00f4dy u\u013eah\u010duj\u00fa valce v\u00fdlo\u017en\u00edka kopac\u00ed pohyb r\u00fdpadiel. S\u00fa navrhnut\u00e9 tak, aby zvl\u00e1dali sily potrebn\u00e9 pri v\u00fdkopov\u00fdch pr\u00e1cach a zabezpe\u010dili efekt\u00edvny a kontrolovan\u00fd pohyb ly\u017eice, \u010di u\u017e v m\u00e4kkej alebo tvrdej zemi.<\/p>\n<h3>Naklada\u010de<\/h3>\n<p>V \u010deln\u00fdch naklada\u010doch valce v\u00fdlo\u017en\u00edka efekt\u00edvne pom\u00e1haj\u00fa pri zdv\u00edhan\u00ed a vykladan\u00ed bremien. Ich hydraulick\u00e9 schopnosti umo\u017e\u0148uj\u00fa r\u00fdchlu a efekt\u00edvnu manipul\u00e1ciu s materi\u00e1lom, v\u010faka \u010domu s\u00fa nevyhnutn\u00e9 v stavebn\u00edctve a pri preprave materi\u00e1lu.<\/p>\n<h2>\u00davahy o dizajne a krit\u00e9ri\u00e1 v\u00fdberu<\/h2>\n<h3>Nosnos\u0165<\/h3>\n<p>Nosnos\u0165 valca ramena je jedn\u00fdm z hlavn\u00fdch faktorov, ktor\u00e9 sa pri n\u00e1vrhu zva\u017euj\u00fa. Je nevyhnutn\u00e9 zabezpe\u010di\u0165, aby valec zvl\u00e1dol maxim\u00e1lnu hmotnos\u0165, ktorej bude vystaven\u00fd po\u010das prev\u00e1dzky. To zah\u0155\u0148a v\u00fdpo\u010dty zalo\u017een\u00e9 na materi\u00e1loch a \u0161trukt\u00fare valca, ako aj na aplikovanom hydraulickom tlaku. V\u00fdrobcovia si musia vybra\u0165 vysokokvalitn\u00e9 materi\u00e1ly, ktor\u00e9 odol\u00e1vaj\u00fa deform\u00e1cii pri za\u0165a\u017een\u00ed a z\u00e1rove\u0148 zabezpe\u010duj\u00fa bezpe\u010dnos\u0165 a \u00fa\u010dinnos\u0165.<\/p>\n<h3>Tesnenie<\/h3>\n<p>Tesnenie je \u010fal\u0161\u00edm kritick\u00fdm aspektom kon\u0161trukcie. \u00da\u010dinn\u00e9 tesnenie minimalizuje \u00fanik hydraulickej kvapaliny, \u010do je nevyhnutn\u00e9 na udr\u017eanie tlaku v syst\u00e9me. R\u00f4zne tesniace materi\u00e1ly, ako napr\u00edklad polyuret\u00e1n a nitrilov\u00e1 guma, sa vyberaj\u00fa na z\u00e1klade ich trvanlivosti a odolnosti vo\u010di opotrebovaniu. Kon\u0161trukcia mus\u00ed tie\u017e zabezpe\u010di\u0165, aby boli tesnenia dostato\u010dne namontovan\u00e9, aby sa zabr\u00e1nilo kontamin\u00e1cii a pred\u013a\u017eila sa \u017eivotnos\u0165 hydraulick\u00e9ho valca.<\/p>\n<h3>Trvanlivos\u0165<\/h3>\n<p>Trvanlivos\u0165 je prvorad\u00e1, najm\u00e4 v prostrediach, kde je valec ramena vystaven\u00fd drsn\u00fdm podmienkam. Faktory ako opotrebovanie a kor\u00f3zia m\u00f4\u017eu v\u00fdrazne ovplyvni\u0165 v\u00fdkon a \u017eivotnos\u0165 valca. Preto je nevyhnutn\u00e9 za\u010dleni\u0165 prvky, ako s\u00fa tvrd\u00e9 povrchov\u00e9 \u00fapravy a materi\u00e1ly odoln\u00e9 vo\u010di kor\u00f3zii. Pravideln\u00e1 \u00fadr\u017eba m\u00f4\u017ee tie\u017e zv\u00fd\u0161i\u0165 trvanlivos\u0165 a zabezpe\u010di\u0165, aby valec fungoval efekt\u00edvne po\u010das dlh\u0161ieho obdobia.<\/p>\n<h3>Bezpe\u010dnos\u0165<\/h3>\n<p>Bezpe\u010dnostn\u00e9 prvky v kon\u0161trukcii valcov ramena nemo\u017eno prehliada\u0165. Patria sem pretlakov\u00e9 ventily, ktor\u00e9 zabra\u0148uj\u00fa pre\u0165a\u017eeniu, a komplexn\u00e9 testovanie po\u010das v\u00fdroby, aby sa zabezpe\u010dilo, \u017ee ka\u017ed\u00e1 jednotka sp\u013a\u0148a bezpe\u010dnostn\u00e9 normy v tomto odvetv\u00ed. D\u00f4raz na bezpe\u010dnos\u0165 zah\u0155\u0148a aj spr\u00e1vne pokyny na in\u0161tal\u00e1ciu a pou\u017e\u00edvanie, aby sa predi\u0161lo nehod\u00e1m po\u010das prev\u00e1dzky.<\/p>\n<h3>\u00dadr\u017eba<\/h3>\n<p>Pri kon\u0161trukcii sa mus\u00ed zoh\u013eadni\u0165 aj jednoduch\u00e1 \u00fadr\u017eba. Komponenty by mali by\u0165 pr\u00edstupn\u00e9 na kontrolu, mazanie a opravu. Pravideln\u00e1 \u00fadr\u017eba je nevyhnutn\u00e1 pre zabezpe\u010denie dlhej \u017eivotnosti valca a jeho efekt\u00edvnej prev\u00e1dzky. Preto sa uprednost\u0148uj\u00fa kon\u0161trukcie, ktor\u00e9 umo\u017e\u0148uj\u00fa jednoduch\u00fd pr\u00edstup a v\u00fdmenu dielov.<\/p>\n<p><img decoding=\"async\" src=\"https:\/\/www.hydraulic-cylinders.net\/wp-content\/uploads\/2025\/04\/songte-oil-pipes-and-spare-parts.webp\" alt=\"\u010casti hydraulick\u00e9ho valca\"><\/p>\n<h2>Tesnenie a mazanie valcov v\u00fdlo\u017en\u00edka<\/h2>\n<p>Spr\u00e1vne tesnenie a mazanie zohr\u00e1vaj\u00fa k\u013e\u00fa\u010dov\u00fa \u00falohu vo v\u00fdkone valcov v\u00fdlo\u017en\u00edka. R\u00f4zne tesniace komponenty, ako s\u00fa tesnenia piestov a tesnenia ty\u010d\u00ed, s\u00fa nevyhnutn\u00e9 na zabr\u00e1nenie \u00faniku kvapaliny, \u010do m\u00f4\u017ee ohrozi\u0165 \u00fa\u010dinnos\u0165 valca. Tesnenia vyroben\u00e9 z materi\u00e1lov odoln\u00fdch vo\u010di opotrebovaniu, ako je polyuret\u00e1n a nitrilov\u00e1 guma, zais\u0165uj\u00fa dlh\u00fa \u017eivotnos\u0165 a odolnos\u0165 pri prev\u00e1dzkovom za\u0165a\u017een\u00ed.<\/p>\n<p>Teleso valca a z\u00e1vitov\u00e9 koncov\u00e9 plochy musia by\u0165 jemne opracovan\u00e9, aby sa zv\u00fd\u0161ila odolnos\u0165 proti opotrebovaniu, \u010do je nevyhnutn\u00e9 pre udr\u017eanie v\u00fdkonu v priebehu \u010dasu. Pravideln\u00e9 mazanie hydraulick\u00fdm olejom je tie\u017e nevyhnutn\u00e9, preto\u017ee zni\u017euje trenie medzi pohybliv\u00fdmi \u010das\u0165ami, zabezpe\u010duje plynul\u00fd chod a zabra\u0148uje pred\u010dasn\u00e9mu opotrebovaniu. Pravideln\u00e9 kontroly a vhodn\u00e9 pl\u00e1ny mazania prispievaj\u00fa k optim\u00e1lnemu v\u00fdkonu a dlhej \u017eivotnosti valca v\u00fdlo\u017en\u00edka.<\/p>\n<h2>Pravideln\u00e1 kontrola a opatrenia prevent\u00edvnej \u00fadr\u017eby<\/h2>\n<ul>\n<li><strong>Pravideln\u00e9 kontroly:<\/strong> Vykon\u00e1vanie systematick\u00fdch kontrol umo\u017e\u0148uje v\u010dasn\u00e9 odhalenie potenci\u00e1lnych probl\u00e9mov. Prev\u00e1dzkovatelia by mali po\u010das prev\u00e1dzky kontrolova\u0165 zn\u00e1mky opotrebovania, netesnost\u00ed a ak\u00fdchko\u013evek nepravideln\u00fdch v\u00fdkonov. Pravideln\u00e9 kontroly pom\u00e1haj\u00fa identifikova\u0165 komponenty, ktor\u00e9 m\u00f4\u017eu vy\u017eadova\u0165 v\u00fdmenu sk\u00f4r, ako zlyhaj\u00fa.<\/li>\n<li><strong>Spr\u00e1vne mazanie:<\/strong> Zabezpe\u010denie spr\u00e1vnej hladiny hydraulick\u00e9ho oleja a dostato\u010dn\u00e9ho mazania v\u0161etk\u00fdch pohybliv\u00fdch \u010dast\u00ed je nevyhnutn\u00e9 pre prevenciu opotrebovania. Pravideln\u00e9 mazanie m\u00f4\u017ee zv\u00fd\u0161i\u0165 \u00fa\u010dinnos\u0165 a \u017eivotnos\u0165 valca.<\/li>\n<li><strong>V\u00fdmena tesnenia:<\/strong> Tesnenia s\u00fa n\u00e1chyln\u00e9 na opotrebovanie v d\u00f4sledku neust\u00e1leho vystavenia hydraulick\u00e9mu tlaku a pohybu. Pravideln\u00e1 v\u00fdmena tesnen\u00ed ako s\u00fa\u010das\u0165 \u00fadr\u017eby zabra\u0148uje \u00fanikom a zabezpe\u010duje efekt\u00edvnu prev\u00e1dzku valca.<\/li>\n<\/ul>\n<h2>Pokyny na in\u0161tal\u00e1ciu valcov v\u00fdlo\u017en\u00edka<\/h2>\n<p>Spr\u00e1vna in\u0161tal\u00e1cia valcov ramena je nevyhnutn\u00e1 pre zabezpe\u010denie optim\u00e1lneho v\u00fdkonu a bezpe\u010dnosti. Za\u010dnite pre\u010d\u00edtan\u00edm in\u0161tala\u010dnej pr\u00edru\u010dky od v\u00fdrobcu, kde n\u00e1jdete konkr\u00e9tne pokyny. Pre zabezpe\u010denie spr\u00e1vneho upevnenia sa uistite, \u017ee mont\u00e1\u017ene povrchy s\u00fa \u010dist\u00e9 a bez ne\u010dist\u00f4t.<\/p>\n<p>Po\u010das in\u0161tal\u00e1cie presne zarovnajte valec s mont\u00e1\u017enymi bodmi, aby ste predi\u0161li nadmern\u00e9mu nam\u00e1haniu valca a s\u00favisiacich komponentov. Pou\u017eitie vhodn\u00fdch mont\u00e1\u017enych konzol m\u00f4\u017ee pom\u00f4c\u0165 stabilizova\u0165 valec a udr\u017ea\u0165 zarovnanie po\u010das prev\u00e1dzky.<\/p>\n<p>Po mont\u00e1\u017ei skontrolujte v\u0161etky pripojenia, \u010di s\u00fa bezpe\u010dn\u00e9 a bez \u00fanikov. Po in\u0161tal\u00e1cii otestujte syst\u00e9m pod n\u00edzkym tlakom, aby ste sa pred pou\u017eit\u00edm v plnom rozsahu uistili, \u017ee v\u0161etko funguje pod\u013ea o\u010dak\u00e1van\u00ed. Dodr\u017eanie t\u00fdchto krokov zabezpe\u010d\u00ed, \u017ee valec v\u00fdlo\u017en\u00edka bude fungova\u0165 efekt\u00edvne a bezpe\u010dne.<\/p>\n<h2>Be\u017en\u00e9 \u00falohy \u00fadr\u017eby<\/h2>\n<ul>\n<li><strong>Pravideln\u00e9 kontroly:<\/strong> Pravideln\u00e9 kontroly pom\u00e1haj\u00fa v\u010das identifikova\u0165 potenci\u00e1lne probl\u00e9my. Kontrola netesnost\u00ed, zn\u00e1mok opotrebenia a celkovej funk\u010dnosti zabezpe\u010duje efekt\u00edvnu prev\u00e1dzku valca. Obsluha by mala by\u0165 vy\u0161kolen\u00e1 na vykon\u00e1vanie t\u00fdchto kontrol pravidelne.<\/li>\n<li><strong>Spr\u00e1vne mazanie:<\/strong> Dostato\u010dn\u00e9 mazanie zni\u017euje trenie a opotrebovanie, \u010d\u00edm predl\u017euje \u017eivotnos\u0165 valca. Obsluha by mala dodr\u017eiava\u0165 pl\u00e1n mazania zalo\u017een\u00fd na pou\u017e\u00edvan\u00ed a podmienkach prostredia a zabezpe\u010di\u0165, aby sa udr\u017eiavala spr\u00e1vna hladina hydraulick\u00e9ho oleja.<\/li>\n<li><strong>V\u00fdmena tesnenia:<\/strong> Tesnenia by sa mali pravidelne kontrolova\u0165 a pod\u013ea potreby vymie\u0148a\u0165, aby sa predi\u0161lo \u00fanikom. V\u010dasn\u00e1 v\u00fdmena tesnen\u00ed je k\u013e\u00fa\u010dov\u00e1 pre udr\u017eanie tlaku v hydraulickom syst\u00e9me a zabezpe\u010denie bezpe\u010dnej prev\u00e1dzky.<\/li>\n<\/ul>\n<h2>Bezpe\u010dnostn\u00e9 aspekty a faktory prostredia<\/h2>\n<p>Pri pr\u00e1ci s hydraulick\u00fdmi syst\u00e9mami s\u00fa bezpe\u010dnostn\u00e9 opatrenia prvorad\u00e9. Zabezpe\u010denie toho, aby v\u0161etky komponenty boli v dobrom stave a sp\u013a\u0148ali bezpe\u010dnostn\u00e9 normy, pom\u00e1ha predch\u00e1dza\u0165 nehod\u00e1m. Obsluha by mala by\u0165 vy\u0161kolen\u00e1 v bezpe\u010dnej prev\u00e1dzke strojov a mala by rozumie\u0165 d\u00f4le\u017eitosti pou\u017e\u00edvania ochrann\u00fdch prostriedkov. Mali by sa zv\u00e1\u017ei\u0165 aj faktory prostredia, ako je vystavenie drsn\u00fdm podmienkam, preto\u017ee m\u00f4\u017eu ovplyvni\u0165 \u017eivotnos\u0165 a v\u00fdkon valcov v\u00fdlo\u017en\u00edka.<\/p>\n<h2>Diagnostika por\u00fach a be\u017en\u00e9 probl\u00e9my<\/h2>\n<ul>\n<li><strong>Netesn\u00e9 tesnenia:<\/strong> Ak s\u00fa tesnenia po\u0161koden\u00e9, hydraulick\u00e1 kvapalina m\u00f4\u017ee unika\u0165, \u010do zni\u017euje tlak v syst\u00e9me a vedie k poruche. Pravideln\u00e9 kontroly m\u00f4\u017eu pom\u00f4c\u0165 v\u010das odhali\u0165 \u00faniky, \u010do umo\u017e\u0148uje v\u010dasn\u00e9 opravy alebo v\u00fdmeny.<\/li>\n<li><strong>Nezvy\u010dajn\u00e9 zvuky:<\/strong> Nezvy\u010dajn\u00e9 zvuky po\u010das prev\u00e1dzky m\u00f4\u017eu nazna\u010dova\u0165 mechanick\u00e9 probl\u00e9my, ako je nedostato\u010dn\u00e9 mazanie alebo opotrebovanie vn\u00fatorn\u00fdch komponentov. Obsluha by mala tieto zvuky okam\u017eite presk\u00fama\u0165 a rie\u0161i\u0165.<\/li>\n<li><strong>Zn\u00ed\u017een\u00fd v\u00fdkon:<\/strong> Ak valec nereaguje pod\u013ea o\u010dak\u00e1vania, m\u00f4\u017ee to by\u0165 sp\u00f4soben\u00e9 n\u00edzkou hladinou hydraulickej kvapaliny alebo upchat\u00edm hydraulick\u00fdch potrub\u00ed. Zabezpe\u010denie spr\u00e1vnej \u00fadr\u017eby syst\u00e9mu m\u00f4\u017ee pred\u00eds\u0165 probl\u00e9mom s v\u00fdkonom.<\/li>\n<\/ul>\n<h2>Tipy na rie\u0161enie probl\u00e9mov<\/h2>\n<p>Aby sa probl\u00e9my efekt\u00edvne diagnostikovali a rie\u0161ili, oper\u00e1tori by mali zachova\u0165 systematick\u00fd pr\u00edstup. Najprv skontrolujte hladinu hydraulickej kvapaliny a v pr\u00edpade potreby ju dopl\u0148te. Potom skontrolujte tesnenia, \u010di nevykazuj\u00fa zn\u00e1mky opotrebovania alebo po\u0161kodenia, a v pr\u00edpade potreby ich vyme\u0148te. Pravideln\u00e1 \u00fadr\u017eba vr\u00e1tane mazania a kontrol m\u00f4\u017ee zabr\u00e1ni\u0165 zhor\u0161eniu potenci\u00e1lnych probl\u00e9mov.<\/p>\n<p>Okrem toho by si prev\u00e1dzkovatelia mali vies\u0165 podrobn\u00e9 z\u00e1znamy o \u00fadr\u017ebe a oprav\u00e1ch, aby lep\u0161ie pochopili trendy v\u00fdkonu valca. Tieto inform\u00e1cie m\u00f4\u017eu pom\u00f4c\u0165 predpoveda\u0165 potenci\u00e1lne poruchy a u\u013eah\u010di\u0165 v\u010dasn\u00e9 prevent\u00edvne opatrenia.<\/p>\n<p><img decoding=\"async\" src=\"https:\/\/www.hydraulic-cylinders.net\/wp-content\/uploads\/2025\/04\/songte-bushings-with-all-kinds-of-excavator-models.webp\" alt=\"Komponenty hydraulick\u00e9ho valca\"><\/p>\n<h2>O na\u0161ej spolo\u010dnosti<\/h2>\n<p>Sme popredn\u00fdm v\u00fdrobcom a ve\u013ekoobchodn\u00fdm distrib\u00fatorom alternat\u00edvnych hydraulick\u00fdch valcov s komplexn\u00fdm sortimentom produktov. Na\u0161a spolo\u010dnos\u0165 sa etablovala ako jeden z popredn\u00fdch v\u00fdrobcov na dom\u00e1com aj medzin\u00e1rodnom trhu. Dodr\u017eiavame pr\u00edsne \u0161tandardy kvality a spoliehame sa na prepracovan\u00fa strat\u00e9giu riadenia v\u00fdroby, ktor\u00e1 vyu\u017e\u00edva pokro\u010dil\u00e9 technol\u00f3gie.<\/p>\n<p>N\u00e1\u0161 z\u00e1v\u00e4zok k excelentnosti je podporen\u00fd kvalifikovanou pracovnou silou, \u0161pi\u010dkov\u00fdm digit\u00e1lnym v\u00fdrobn\u00fdm zariaden\u00edm a profesion\u00e1lnymi testovac\u00edmi syst\u00e9mami. Neust\u00e1le vylep\u0161ujeme na\u0161u v\u00fdrobn\u00fa platformu a zdokona\u013eujeme procesy zabezpe\u010denia kvality na\u0161ich produktov, \u010d\u00edm zabezpe\u010dujeme, \u017ee sp\u013a\u0148ame rozmanit\u00e9 potreby z\u00e1kazn\u00edkov s vysokou efektivitou, presnos\u0165ou a kvalitou.<\/p>\n<p><img decoding=\"async\" src=\"https:\/\/www.hydraulic-cylinders.net\/wp-content\/uploads\/2025\/04\/songte-company-4.webp\" alt=\"Preh\u013ead spolo\u010dnosti\"><br \/>\n<img decoding=\"async\" src=\"https:\/\/www.hydraulic-cylinders.net\/wp-content\/uploads\/2025\/04\/songte-company-3.webp\" alt=\"Zariadenia spolo\u010dnosti\"><\/p>\n<p>Autor: lyl<\/p>","protected":false},"excerpt":{"rendered":"<p>Boom Cylinder For Bonny CTD460-6 Introduction to Boom Cylinders A boom cylinder, often referred to as a bucket cylinder, is a specialized hydraulic cylinder designed mainly for controlling the movement of buckets in various heavy machinery such as excavators, backhoe loaders, and front loaders. These cylinders allow the bucket to lift, lower, and tilt, facilitating [&hellip;]<\/p>","protected":false},"featured_media":17877,"comment_status":"open","ping_status":"closed","template":"","meta":{"_et_pb_use_builder":"","_et_pb_old_content":"","_et_gb_content_width":""},"product_brand":[],"product_cat":[1546],"product_tag":[1547,1496],"class_list":{"0":"post-19659","1":"product","2":"type-product","3":"status-publish","4":"has-post-thumbnail","6":"product_cat-boom-cylinders","7":"product_tag-boom-cylinders","8":"product_tag-hydraulic-cylinders","10":"first","11":"instock","12":"shipping-taxable","13":"product-type-simple"},"amp_enabled":true,"_links":{"self":[{"href":"https:\/\/www.hydraulic-cylinders.net\/sk\/wp-json\/wp\/v2\/product\/19659","targetHints":{"allow":["GET"]}}],"collection":[{"href":"https:\/\/www.hydraulic-cylinders.net\/sk\/wp-json\/wp\/v2\/product"}],"about":[{"href":"https:\/\/www.hydraulic-cylinders.net\/sk\/wp-json\/wp\/v2\/types\/product"}],"replies":[{"embeddable":true,"href":"https:\/\/www.hydraulic-cylinders.net\/sk\/wp-json\/wp\/v2\/comments?post=19659"}],"wp:featuredmedia":[{"embeddable":true,"href":"https:\/\/www.hydraulic-cylinders.net\/sk\/wp-json\/wp\/v2\/media\/17877"}],"wp:attachment":[{"href":"https:\/\/www.hydraulic-cylinders.net\/sk\/wp-json\/wp\/v2\/media?parent=19659"}],"wp:term":[{"taxonomy":"product_brand","embeddable":true,"href":"https:\/\/www.hydraulic-cylinders.net\/sk\/wp-json\/wp\/v2\/product_brand?post=19659"},{"taxonomy":"product_cat","embeddable":true,"href":"https:\/\/www.hydraulic-cylinders.net\/sk\/wp-json\/wp\/v2\/product_cat?post=19659"},{"taxonomy":"product_tag","embeddable":true,"href":"https:\/\/www.hydraulic-cylinders.net\/sk\/wp-json\/wp\/v2\/product_tag?post=19659"}],"curies":[{"name":"pracovn\u00fd list","href":"https:\/\/api.w.org\/{rel}","templated":true}]}}