{"id":1966,"date":"2023-10-23T08:02:25","date_gmt":"2023-10-23T08:02:25","guid":{"rendered":"https:\/\/hydraulic-cylinders.net\/?post_type=product&#038;p=1966"},"modified":"2023-10-23T08:02:35","modified_gmt":"2023-10-23T08:02:35","slug":"v60n-series-axial-piston-variable-displacement-hydraulic-pump","status":"publish","type":"product","link":"https:\/\/www.hydraulic-cylinders.net\/sk\/produkt\/v60n-series-axial-piston-variable-displacement-hydraulic-pump\/","title":{"rendered":"Axi\u00e1lne piestov\u00e9 hydraulick\u00e9 \u010derpadlo s premenliv\u00fdm objemom s\u00e9rie V60N"},"content":{"rendered":"<h1 style=\"text-align: center;\"><strong>Axi\u00e1lne piestov\u00e9 hydraulick\u00e9 \u010derpadlo s premenliv\u00fdm objemom s\u00e9rie V60N<\/strong><\/h1>\n<p><img loading=\"lazy\" decoding=\"async\" class=\"aligncenter wp-image-1981\" src=\"https:\/\/hydraulic-cylinders.net\/wp-content\/uploads\/2023\/10\/v60n-series-axial-piston-variable-displacement-pump-1-300x300.webp\" alt=\"\" width=\"400\" height=\"400\" \/><\/p>\n<p>Axi\u00e1lne piestov\u00e9 hydraulick\u00e9 \u010derpadlo s premenliv\u00fdm objemom s\u00e9rie V60N je pozoruhodnou inov\u00e1ciou navrhnutou na zv\u00fd\u0161enie v\u00fdkonu a \u00fa\u010dinnosti hydraulick\u00fdch syst\u00e9mov. V\u010faka svojim \u0161pi\u010dkov\u00fdm funkci\u00e1m, presn\u00e9mu ovl\u00e1daniu a robustnej kon\u0161trukcii toto hydraulick\u00e9 \u010derpadlo stanovuje nov\u00e9 \u0161tandardy v tomto odvetv\u00ed.<\/p>\n<p>Axi\u00e1lne piestov\u00e9 hydraulick\u00e9 \u010derpadlo s premenliv\u00fdm objemom s\u00e9rie V60N predstavuje prelomov\u00fa zmenu v hydraulick\u00fdch syst\u00e9moch. Jeho schopnos\u0165 premenliv\u00e9ho objemu, vysok\u00fd v\u00fdkon a v\u0161estrann\u00e1 kon\u0161trukcia pon\u00fakaj\u00fa presn\u00e9 ovl\u00e1danie, zv\u00fd\u0161en\u00fa \u00fa\u010dinnos\u0165 a v\u00fdnimo\u010dn\u00fd prenos v\u00fdkonu. Dodr\u017eiavan\u00edm odpor\u00fa\u010dan\u00fdch met\u00f3d pou\u017e\u00edvania a pravideln\u00fdch postupov \u00fadr\u017eby bude \u010derpadlo s\u00e9rie V60n na\u010falej poskytova\u0165 vynikaj\u00faci v\u00fdkon, \u00fa\u010dinnos\u0165 a spo\u013eahlivos\u0165. Vyu\u017eite silu a \u00fa\u010dinnos\u0165 axi\u00e1lneho piestov\u00e9ho hydraulick\u00e9ho \u010derpadla s premenliv\u00fdm objemom s\u00e9rie V60N a odomknite pln\u00fd potenci\u00e1l v\u00e1\u0161ho hydraulick\u00e9ho syst\u00e9mu.<\/p>\n<p>K\u013e\u00fa\u010dov\u00e9 vlastnosti hydraulick\u00e9ho \u010derpadla s axi\u00e1lnym piestom a premenliv\u00fdm objemom s\u00e9rie V60N:<\/p>\n<ol>\n<li>Mo\u017enos\u0165 variabiln\u00e9ho v\u00fdtlaku: \u010cerpadlo s\u00e9rie V60N sa m\u00f4\u017ee pochv\u00e1li\u0165 pokro\u010dilou technol\u00f3giou variabiln\u00e9ho v\u00fdtlaku, ktor\u00e1 mu umo\u017e\u0148uje upravova\u0165 v\u00fdkon pod\u013ea po\u017eiadaviek syst\u00e9mu. T\u00e1to funkcia zais\u0165uje optim\u00e1lne vyu\u017eitie energie, zvy\u0161uje \u00fa\u010dinnos\u0165 a zni\u017euje spotrebu energie.<\/li>\n<li>Vysok\u00fd v\u00fdkon a sila: V\u010faka v\u00fdnimo\u010dn\u00e9mu dizajnu a kon\u0161trukcii poskytuje \u010derpadlo s\u00e9rie V60N vynikaj\u00faci v\u00fdkon a sila. Pracuje plynule pri r\u00f4znych tlakoch a r\u00fdchlostiach, \u010d\u00edm poskytuje presn\u00e9 ovl\u00e1danie a efekt\u00edvne dod\u00e1vanie energie pre vynikaj\u00faci v\u00fdkon syst\u00e9mu.<\/li>\n<li>V\u0161estrann\u00fd dizajn pre r\u00f4zne aplik\u00e1cie: \u010cerpadlo s\u00e9rie V60N je navrhnut\u00e9 tak, aby sa prisp\u00f4sobilo r\u00f4znym hydraulick\u00fdm syst\u00e9mom a aplik\u00e1ci\u00e1m. Pon\u00faka v\u0161estrann\u00e9 mo\u017enosti mont\u00e1\u017ee, kompatibilitu s kvapalinami a sp\u00f4soby ovl\u00e1dania, v\u010faka \u010domu je vhodn\u00e9 pre r\u00f4zne odvetvia a stroje.<\/li>\n<li>Zv\u00fd\u0161en\u00e1 \u00fa\u010dinnos\u0165 pri akomko\u013evek za\u0165a\u017een\u00ed: Funkcia variabiln\u00e9ho v\u00fdtlaku \u010derpadla s\u00e9rie V60N zais\u0165uje \u00fa\u010dinnos\u0165 v \u0161irokom rozsahu za\u0165a\u017een\u00ed. Minimalizuje energetick\u00e9 straty a produktivitu, a to aj za r\u00f4znych prev\u00e1dzkov\u00fdch podmienok, automatick\u00fdm prisp\u00f4sobovan\u00edm v\u00fdkonu po\u017eiadavk\u00e1m syst\u00e9mu.<\/li>\n<\/ol>\n<h2><strong>Parameter hydraulick\u00e9ho \u010derpadla s axi\u00e1lnym piestom a premenliv\u00fdm objemom s\u00e9rie V60N:<\/strong><\/h2>\n<table class=\"table table-bordered table-hover table-colored\">\n<tbody>\n<tr class=\"firstRow\">\n<td colspan=\"1\" rowspan=\"2\" align=\"center\" valign=\"middle\">Ve\u013ekos\u0165<\/td>\n<td rowspan=\"2\" align=\"center\" valign=\"middle\">Zdvihov\u00fd objem cm\u00b3\/ot.<\/td>\n<td colspan=\"2\" rowspan=\"1\" align=\"center\" valign=\"middle\">Tlakov\u00e1 ty\u010d<\/td>\n<td colspan=\"2\" rowspan=\"1\" align=\"center\" valign=\"middle\">R\u00fdchlos\u0165 ot\u00e1\u010dania ot\/min<\/td>\n<\/tr>\n<tr>\n<td align=\"center\" valign=\"middle\">Hodnoten\u00e9<\/td>\n<td align=\"center\" valign=\"middle\">Vrchol<\/td>\n<td align=\"center\" valign=\"middle\">Max. pre samonas\u00e1vanie<sup>*1<\/sup><\/td>\n<td align=\"center\" valign=\"middle\">Max<sup>*2<\/sup><\/td>\n<\/tr>\n<tr>\n<td align=\"center\" valign=\"middle\">\u00a0V60N60<\/td>\n<td align=\"center\" valign=\"middle\">60<\/td>\n<td align=\"center\" valign=\"middle\">350<\/td>\n<td align=\"center\" valign=\"middle\">400<\/td>\n<td align=\"center\" valign=\"middle\">2500<\/td>\n<td align=\"center\" valign=\"middle\">2500<\/td>\n<\/tr>\n<tr>\n<td align=\"center\" valign=\"middle\">\u00a0V60N90<\/td>\n<td align=\"center\" valign=\"middle\">90<\/td>\n<td align=\"center\" valign=\"middle\">350<\/td>\n<td align=\"center\" valign=\"middle\">400<\/td>\n<td align=\"center\" valign=\"middle\">2300<\/td>\n<td align=\"center\" valign=\"middle\">2300<\/td>\n<\/tr>\n<tr>\n<td align=\"center\" valign=\"middle\">\u00a0V60N110<\/td>\n<td align=\"center\" valign=\"middle\">110<\/td>\n<td align=\"center\" valign=\"middle\">350<\/td>\n<td align=\"center\" valign=\"middle\">400<\/td>\n<td align=\"center\" valign=\"middle\">2200<\/td>\n<td align=\"center\" valign=\"middle\">2200<\/td>\n<\/tr>\n<tr>\n<td align=\"center\" valign=\"middle\">\u00a0V60N130<\/td>\n<td align=\"center\" valign=\"middle\">130<\/td>\n<td align=\"center\" valign=\"middle\">400<\/td>\n<td align=\"center\" valign=\"middle\">450<\/td>\n<td align=\"center\" valign=\"middle\">2100<\/td>\n<td align=\"center\" valign=\"middle\">2100<\/td>\n<\/tr>\n<\/tbody>\n<\/table>\n<h2><strong>V\u00fdhody hydraulick\u00e9ho \u010derpadla s axi\u00e1lnym piestom a premenliv\u00fdm objemom s\u00e9rie V60N:<\/strong><\/h2>\n<p>\u2022 Pou\u017e\u00edva sa v hydraulick\u00fdch syst\u00e9moch s otvoren\u00fdm okruhom<br \/>\n\u2022 Sacie potrubie oleja je k dispoz\u00edcii s re\u017eimom posilnenia<br \/>\n\u2022 Vysok\u00e1 r\u00fdchlos\u0165 ot\u00e1\u010dania<br \/>\n\u2022 Vysok\u00fd nomin\u00e1lny tlak<br \/>\n\u2022 Kompaktn\u00e1 kon\u0161trukcia, jednoduch\u00e1 in\u0161tal\u00e1cia<br \/>\n\u2022 Zabezpe\u010dte dostato\u010dn\u00fd kr\u00fatiaci moment pre zadn\u00e9 \u010derpadlo, ke\u010f je potrebn\u00e9 pou\u017ei\u0165 tandemov\u00e9 \u010derpadlo<\/p>\n<h2><strong>Axi\u00e1lne piestov\u00e9 hydraulick\u00e9 \u010derpadlo s premenliv\u00fdm objemom s\u00e9rie V60N <\/strong><strong>Aplik\u00e1cia:<\/strong><\/h2>\n<p><img loading=\"lazy\" decoding=\"async\" class=\"alignnone wp-image-1983 size-full\" src=\"https:\/\/hydraulic-cylinders.net\/wp-content\/uploads\/2023\/10\/v60n-series-axial-piston-variable-displacement-pump-2.jpg\" alt=\"\" width=\"1146\" height=\"216\" srcset=\"https:\/\/hydraulic-cylinders.net\/wp-content\/uploads\/2023\/10\/v60n-series-axial-piston-variable-displacement-pump-2.jpg 1146w, https:\/\/hydraulic-cylinders.net\/wp-content\/uploads\/2023\/10\/v60n-series-axial-piston-variable-displacement-pump-2-980x185.jpg 980w, https:\/\/hydraulic-cylinders.net\/wp-content\/uploads\/2023\/10\/v60n-series-axial-piston-variable-displacement-pump-2-480x90.jpg 480w\" sizes=\"(min-width: 0px) and (max-width: 480px) 480px, (min-width: 481px) and (max-width: 980px) 980px, (min-width: 981px) 1146px, 100vw\" \/><\/p>\n<h2><strong>Met\u00f3da pou\u017eitia hydraulick\u00e9ho \u010derpadla s axi\u00e1lnym piestom a premenliv\u00fdm objemom s\u00e9rie V60N<\/strong><strong>:<\/strong><\/h2>\n<ul>\n<li><strong>In\u0161tal\u00e1cia a integr\u00e1cia:<\/strong> Vyberte v hydraulickom syst\u00e9me vhodn\u00e9 miesto na in\u0161tal\u00e1ciu axi\u00e1lneho piestov\u00e9ho hydraulick\u00e9ho \u010derpadla s premenliv\u00fdm objemom s\u00e9rie V60N. Zabezpe\u010dte spr\u00e1vne zarovnanie a bezpe\u010dne namontujte \u010derpadlo pomocou vhodn\u00fdch konzol alebo pr\u00edslu\u0161enstva. Pripojte \u010derpadlo k hydraulick\u00e9mu syst\u00e9mu pomocou kompatibiln\u00fdch spojok a had\u00edc a zabezpe\u010dte bez\u00fate\u0161n\u00e9 spojenia.<\/li>\n<li><strong>Kompatibilita kvapal\u00edn:<\/strong> Overte, \u010di je hydraulick\u00e1 kvapalina pou\u017eit\u00e1 v syst\u00e9me kompatibiln\u00e1 s \u010derpadlom s\u00e9rie V60N. Pozrite si odpor\u00fa\u010dania v\u00fdrobcu t\u00fdkaj\u00face sa odpor\u00fa\u010dan\u00e9ho typu kvapaliny, viskozity a teplotn\u00e9ho rozsahu. Pravidelne monitorujte a udr\u017eiavajte hydraulick\u00fa kvapalinu, aby ste zabezpe\u010dili optim\u00e1lnu prev\u00e1dzku a dlh\u00fa \u017eivotnos\u0165 \u010derpadla.<\/li>\n<li><strong>Ovl\u00e1danie a nastavenie:<\/strong> Obozn\u00e1mte sa s mo\u017enos\u0165ami ovl\u00e1dania, ktor\u00e9 poskytuje \u010derpadlo s\u00e9rie V60N. V z\u00e1vislosti od konkr\u00e9tneho modelu m\u00f4\u017ee pon\u00faka\u0165 r\u00f4zne sp\u00f4soby ovl\u00e1dania, ako napr\u00edklad manu\u00e1lne, proporcion\u00e1lne alebo elektronick\u00e9 ovl\u00e1danie. Pochopte odpor\u00fa\u010dan\u00e9 nastavenia ovl\u00e1dania a upravte ich pod\u013ea toho, aby ste optimalizovali v\u00fdkon \u010derpadla.<\/li>\n<li><strong>Optimaliz\u00e1cia syst\u00e9mu:<\/strong> \u010cerpadlo s\u00e9rie V60N umo\u017e\u0148uje optimaliz\u00e1ciu syst\u00e9mu nastaven\u00edm v\u00fdtlaku \u010derpadla tak, aby zodpovedal po\u017eiadavk\u00e1m na za\u0165a\u017eenie. Vyu\u017eite t\u00fato funkciu na maximaliz\u00e1ciu energetickej \u00fa\u010dinnosti a celkov\u00e9ho v\u00fdkonu syst\u00e9mu.<\/li>\n<\/ul>\n<h2><strong>Ako vymeni\u0165 tesnenia hydraulick\u00e9ho valca?<\/strong><\/h2>\n<p>V\u00fdmena tesnen\u00ed hydraulick\u00fdch valcov je d\u00f4le\u017eit\u00e1 \u00faloha \u00fadr\u017eby, ktor\u00e1 zabezpe\u010duje spr\u00e1vne fungovanie hydraulick\u00fdch syst\u00e9mov. Tu je podrobn\u00fd n\u00e1vod, ako vymeni\u0165 tesnenia hydraulick\u00fdch valcov:<\/p>\n<ol>\n<li><strong>Pr\u00edprava:<\/strong>\n<ul>\n<li>Pripravte si potrebn\u00e9 n\u00e1stroje a vybavenie vr\u00e1tane s\u00fapravy tesnen\u00ed, hydraulick\u00e9ho oleja, ochrann\u00fdch okuliarov, rukav\u00edc a \u010dist\u00e9ho pracovn\u00e9ho priestoru.<\/li>\n<li>Uistite sa, \u017ee hydraulick\u00fd syst\u00e9m je bez tlaku. Dodr\u017eujte pokyny v\u00fdrobcu t\u00fdkaj\u00face sa spr\u00e1vneho postupu odtlakovania a zablokovania\/ozna\u010denia.<\/li>\n<\/ul>\n<\/li>\n<li><strong>Odstr\u00e1\u0148te valec:<\/strong>\n<ul>\n<li>Odpojte v\u0161etky hydraulick\u00e9 hadice alebo armat\u00fary pripojen\u00e9 k valcu.<\/li>\n<li>Odstr\u00e1\u0148te mont\u00e1\u017ene skrutky alebo \u010dapy, ktor\u00e9 dr\u017eia valec na mieste.<\/li>\n<li>Opatrne vyberte valec z jeho puzdra alebo miesta mont\u00e1\u017ee.<\/li>\n<\/ul>\n<\/li>\n<li><strong>Demont\u00e1\u017e valca:<\/strong>\n<ul>\n<li>Umiestnite valec na \u010dist\u00fd pracovn\u00fd povrch a odstr\u00e1\u0148te v\u0161etky vonkaj\u0161ie komponenty, ako s\u00fa ochrann\u00e9 kryty ty\u010de alebo stiera\u010de.<\/li>\n<li>Opatrne rozoberte valec odstr\u00e1nen\u00edm koncov\u00e9ho uz\u00e1veru alebo upch\u00e1vky z valca alebo trubice. Na uvo\u013enenie a odstr\u00e1nenie upev\u0148ovac\u00edch skrutiek alebo mat\u00edc pou\u017eite vhodn\u00e9 n\u00e1stroje, ako s\u00fa k\u013e\u00fa\u010de alebo k\u013e\u00fa\u010de na matice.<\/li>\n<li>Po odstr\u00e1nen\u00ed koncov\u00e9ho uz\u00e1veru alebo upch\u00e1vky bude piest, ty\u010d a tesnenia pr\u00edstupn\u00e9.<\/li>\n<\/ul>\n<\/li>\n<li><strong>Odstr\u00e1\u0148te star\u00e9 tesnenia:<\/strong>\n<ul>\n<li>Skontrolujte piest, ojnicu a valec valca, \u010di nevykazuj\u00fa zn\u00e1mky po\u0161kodenia alebo opotrebenia.<\/li>\n<li>Opatrne odstr\u00e1\u0148te star\u00e9 tesnenia pomocou n\u00e1strojov na odstr\u00e1nenie tesnen\u00ed alebo \u0161tipcov. Pre spr\u00e1vnu in\u0161tal\u00e1ciu nov\u00fdch tesnen\u00ed si v\u0161imnite ich usporiadanie a orient\u00e1ciu.<\/li>\n<\/ul>\n<\/li>\n<li><strong>Vy\u010distite a pripravte:<\/strong>\n<ul>\n<li>D\u00f4kladne vy\u010distite komponenty valca vhodn\u00fdm rozp\u00fa\u0161\u0165adlom, aby ste odstr\u00e1nili ne\u010distoty, \u00falomky a zvy\u0161ky star\u00e9ho tesnenia. Pred pokra\u010dovan\u00edm sa uistite, \u017ee v\u0161etky povrchy s\u00fa \u010dist\u00e9 a such\u00e9.<\/li>\n<\/ul>\n<\/li>\n<li><strong>Nain\u0161talujte nov\u00e9 tesnenia:<\/strong>\n<ul>\n<li>Pre spr\u00e1vnu in\u0161tal\u00e1ciu tesnenia si pozrite pokyny v\u00fdrobcu a s\u00fapravu tesnen\u00ed. Nov\u00e9 tesnenia nama\u017ete hydraulick\u00fdm olejom alebo odpor\u00fa\u010dan\u00fdm mazivom na tesnenia.<\/li>\n<li>Opatrne nain\u0161talujte nov\u00e9 tesnenia na piest, ty\u010d a valec valca a uistite sa, \u017ee s\u00fa spr\u00e1vne usaden\u00e9 a zarovnan\u00e9 pod\u013ea usporiadania a orient\u00e1cie tesnenia.<\/li>\n<\/ul>\n<\/li>\n<li><strong>Znovu zmontujte valec:<\/strong>\n<ul>\n<li>Zmontujte valec v opa\u010dnom porad\u00ed ako pri demont\u00e1\u017ei. Za\u010dnite pripevnen\u00edm koncov\u00e9ho uz\u00e1veru alebo upch\u00e1vky k valcu alebo r\u00farke valca a utiahnut\u00edm upev\u0148ovac\u00edch skrutiek alebo mat\u00edc na predp\u00edsan\u00fd kr\u00fatiaci moment.<\/li>\n<li>Uistite sa, \u017ee v\u0161etky komponenty vr\u00e1tane tesnen\u00ed s\u00fa spr\u00e1vne zarovnan\u00e9 a dokonale umiestnen\u00e9.<\/li>\n<li>Znovu namontujte v\u0161etky vonkaj\u0161ie komponenty, ako napr\u00edklad ochrann\u00e9 ty\u010de alebo stiera\u010de.<\/li>\n<\/ul>\n<\/li>\n<li><strong>Nain\u0161talujte valec:<\/strong>\n<ul>\n<li>Zmontovan\u00fd valec opatrne vr\u00e1\u0165te do jeho puzdra alebo na miesto mont\u00e1\u017ee.<\/li>\n<li>Valec zaistite op\u00e4tovnou in\u0161tal\u00e1ciou mont\u00e1\u017enych skrutiek alebo \u010dapov a ich utiahnut\u00edm na predp\u00edsan\u00fd kr\u00fatiaci moment.<\/li>\n<li>Znovu pripojte v\u0161etky hydraulick\u00e9 hadice alebo armat\u00fary k valcu a dbajte na ich spr\u00e1vne utiahnutie a zarovnanie.<\/li>\n<\/ul>\n<\/li>\n<li><strong>Test a kontrola tesnosti:<\/strong>\n<ul>\n<li>Dopl\u0148te hydraulick\u00fd syst\u00e9m odpor\u00fa\u010dan\u00fdm hydraulick\u00fdm olejom na pr\u00edslu\u0161n\u00fa \u00farove\u0148.<\/li>\n<li>Pomaly natlakujte syst\u00e9m a skontrolujte, \u010di okolo novo vymenen\u00fdch tesnen\u00ed nedoch\u00e1dza k \u00fanikom.<\/li>\n<li>Pre zaistenie spr\u00e1vnej funkcie tesnenia a v\u00fdkonu syst\u00e9mu prev\u00e1dzkujte hydraulick\u00fd syst\u00e9m v celom jeho rozsahu pohybu.<\/li>\n<\/ul>\n<\/li>\n<\/ol>\n<h2><strong>Schopnos\u0165 a kapacita tov\u00e1rne:<\/strong><\/h2>\n<h3>(1) Mont\u00e1\u017e<\/h3>\n<p>Disponujeme prvotriednou nez\u00e1vislou v\u00fdskumnou a v\u00fdvojovou mont\u00e1\u017enou platformou. Diel\u0148a na v\u00fdrobu hydraulick\u00fdch valcov m\u00e1 \u0161tyri poloautomatick\u00e9 mont\u00e1\u017ene linky zdv\u00edhac\u00edch valcov a jednu automatick\u00fa mont\u00e1\u017enu linku nakl\u00e1pac\u00edch valcov s projektovanou ro\u010dnou v\u00fdrobnou kapacitou 1 mili\u00f3n kusov. Diel\u0148a na v\u00fdrobu \u0161peci\u00e1lnych valcov je vybaven\u00e1 r\u00f4znymi \u0161pecifik\u00e1ciami poloautomatick\u00e9ho syst\u00e9mu \u010distenia a mont\u00e1\u017ee s projektovanou ro\u010dnou v\u00fdrobnou kapacitou 200 000 kusov a je vybaven\u00e1 zn\u00e1mym CNC obr\u00e1bac\u00edm zariaden\u00edm, obr\u00e1bac\u00edm centrom, \u0161peci\u00e1lnym zariaden\u00edm na vysoko presn\u00e9 spracovanie valcov, robotick\u00fdm zv\u00e1rac\u00edm strojom, automatick\u00fdm \u010distiacim strojom, automatick\u00fdm mont\u00e1\u017enym strojom valcov a automatickou lakovacou v\u00fdrobnou linkou. Existuj\u00face kritick\u00e9 zariadenia maj\u00fa viac ako 300 s\u00faprav (s\u00e1d). Optim\u00e1lne alokovanie a efekt\u00edvne vyu\u017e\u00edvanie zdrojov zariaden\u00ed zabezpe\u010duje po\u017eiadavky na presnos\u0165 v\u00fdrobkov a sp\u013a\u0148a po\u017eiadavky na vysok\u00fa kvalitu v\u00fdrobkov.<\/p>\n<p><img loading=\"lazy\" decoding=\"async\" class=\"alignnone wp-image-626\" src=\"https:\/\/hydraulic-cylinders.net\/wp-content\/uploads\/2023\/08\/hydraulic-cylinder-product-1-300x158.webp\" alt=\"\" width=\"495\" height=\"260\" srcset=\"https:\/\/hydraulic-cylinders.net\/wp-content\/uploads\/2023\/08\/hydraulic-cylinder-product-1-300x158.webp 495w, https:\/\/hydraulic-cylinders.net\/wp-content\/uploads\/2023\/08\/hydraulic-cylinder-product-1-480x252.webp 480w\" sizes=\"(min-width: 0px) and (max-width: 480px) 480px, (min-width: 481px) 495px, 100vw\" \/> <img loading=\"lazy\" decoding=\"async\" class=\"alignnone wp-image-627\" src=\"https:\/\/hydraulic-cylinders.net\/wp-content\/uploads\/2023\/08\/hydraulic-cylinder-product-2-300x189.webp\" alt=\"\" width=\"413\" height=\"260\" \/><\/p>\n<h3>(2) Obr\u00e1banie<\/h3>\n<p>Obr\u00e1bacia diel\u0148a je vybaven\u00e1 prisp\u00f4soben\u00fdm s\u00fastru\u017en\u00edckym centrom na \u0161ikm\u00e9 ko\u013eajnice, obr\u00e1bac\u00edm centrom, vysokor\u00fdchlostn\u00fdm honovac\u00edm strojom, zv\u00e1rac\u00edm robotom a \u010fal\u0161\u00edm s\u00favisiacim zariaden\u00edm, ktor\u00e9 dok\u00e1\u017ee spracova\u0165 valcov\u00e9 r\u00fary s maxim\u00e1lnym vn\u00fatorn\u00fdm priemerom 400 mm a maxim\u00e1lnou d\u013a\u017ekou 6 metrov.<\/p>\n<p><img loading=\"lazy\" decoding=\"async\" class=\"alignnone wp-image-628 size-large\" src=\"https:\/\/hydraulic-cylinders.net\/wp-content\/uploads\/2023\/08\/hydraulic-cylinder-product-3-1024x391.webp\" alt=\"\" width=\"1024\" height=\"391\" srcset=\"https:\/\/hydraulic-cylinders.net\/wp-content\/uploads\/2023\/08\/hydraulic-cylinder-product-3-980x374.webp 980w, https:\/\/hydraulic-cylinders.net\/wp-content\/uploads\/2023\/08\/hydraulic-cylinder-product-3-480x183.webp 480w\" sizes=\"(min-width: 0px) and (max-width: 480px) 480px, (min-width: 481px) and (max-width: 980px) 980px, (min-width: 981px) 1024px, 100vw\" \/><\/p>\n<h3>(3) Zv\u00e1ranie<\/h3>\n<p><img loading=\"lazy\" decoding=\"async\" class=\"alignnone wp-image-629 size-large\" src=\"https:\/\/hydraulic-cylinders.net\/wp-content\/uploads\/2023\/08\/hydraulic-cylinder-product-4-1024x510.webp\" alt=\"\" width=\"1024\" height=\"510\" srcset=\"https:\/\/hydraulic-cylinders.net\/wp-content\/uploads\/2023\/08\/hydraulic-cylinder-product-4-980x488.webp 980w, https:\/\/hydraulic-cylinders.net\/wp-content\/uploads\/2023\/08\/hydraulic-cylinder-product-4-480x239.webp 480w\" sizes=\"(min-width: 0px) and (max-width: 480px) 480px, (min-width: 481px) and (max-width: 980px) 980px, (min-width: 981px) 1024px, 100vw\" \/><\/p>\n<h3>(4) Ma\u013eovanie a natieranie<\/h3>\n<p>S mal\u00fdmi a stredne ve\u013ek\u00fdmi valcov\u00fdmi automatick\u00fdmi linkami na nan\u00e1\u0161anie farieb na vodnej b\u00e1ze, na dosiahnutie automatick\u00e9ho nakladania a vykladania robotmi a automatick\u00e9ho striekania, je projektovan\u00e1 kapacita 4000 kusov za smenu;<br \/>\nM\u00e1me tie\u017e poloautomatick\u00fa linku na v\u00fdrobu farieb pre ve\u013ek\u00e9 valce poh\u00e1\u0148an\u00e9 re\u0165azou s projektovanou kapacitou 60 kusov za smenu.<\/p>\n<p><img loading=\"lazy\" decoding=\"async\" class=\"alignnone wp-image-630\" src=\"https:\/\/hydraulic-cylinders.net\/wp-content\/uploads\/2023\/08\/hydraulic-cylinder-product-5-300x213.webp\" alt=\"\" width=\"366\" height=\"260\" \/> <img loading=\"lazy\" decoding=\"async\" class=\"alignnone wp-image-631\" src=\"https:\/\/hydraulic-cylinders.net\/wp-content\/uploads\/2023\/08\/hydraulic-cylinder-product-6-300x225.webp\" alt=\"\" width=\"347\" height=\"260\" \/><\/p>\n<h3>(5) Testovanie<\/h3>\n<p>Disponujeme prvotriednymi kontroln\u00fdmi zariadeniami a sk\u00fa\u0161obn\u00fdmi zariadeniami, ktor\u00e9 zabezpe\u010duj\u00fa, \u017ee v\u00fdkonnos\u0165 valca sp\u013a\u0148a po\u017eiadavky.<\/p>\n<p><img loading=\"lazy\" decoding=\"async\" class=\"alignnone wp-image-632\" src=\"https:\/\/hydraulic-cylinders.net\/wp-content\/uploads\/2023\/08\/hydraulic-cylinder-product-8-300x200.webp\" alt=\"\" width=\"389\" height=\"260\" \/><\/p>\n<p>&nbsp;<\/p>\n<p>&nbsp;<\/p>\n<p>Sme jedn\u00fdm z najlep\u0161\u00edch v\u00fdrobcov hydraulick\u00fdch valcov. Pon\u00fakame komplexn\u00e9 hydraulick\u00e9 valce. Poskytujeme aj zodpovedaj\u00face <a href=\"https:\/\/hzpt.com\/agricultural-pto-gearbox\/\" target=\"_blank\" rel=\"noopener\">po\u013enohospod\u00e1rske prevodovky<\/a>Na\u0161e produkty sme vyv\u00e1\u017eali klientom po celom svete a v\u010faka vynikaj\u00facej kvalite produktov a popredajn\u00e9mu servisu sme si z\u00edskali dobr\u00fa reput\u00e1ciu. V\u00edtame z\u00e1kazn\u00edkov doma aj v zahrani\u010d\u00ed, ktor\u00ed n\u00e1s kontaktuj\u00fa za \u00fa\u010delom rokovania o obchodn\u00fdch z\u00e1le\u017eitostiach, v\u00fdmeny inform\u00e1ci\u00ed a <a href=\"https:\/\/www.hydraulic-cylinders.net\/sk\/contact-us\/\">spolupracova\u0165 s nami<\/a>!<\/p>\n<p>&nbsp;<\/p>","protected":false},"excerpt":{"rendered":"<p>V60N Series Axial Piston Variable Displacement Hydraulic Pump The V60N series axial piston variable displacement hydraulic pump is a remarkable innovation designed to elevate the performance and efficiency of hydraulic systems. With its cutting-edge features, precise control, and robust construction, this hydraulic pump sets new benchmarks in the industry. The V60N series axial piston variable [&hellip;]<\/p>","protected":false},"featured_media":1982,"comment_status":"open","ping_status":"closed","template":"","meta":{"_et_pb_use_builder":"","_et_pb_old_content":"","_et_gb_content_width":""},"product_brand":[],"product_cat":[1425],"product_tag":[1426],"class_list":{"0":"post-1966","1":"product","2":"type-product","3":"status-publish","4":"has-post-thumbnail","6":"product_cat-piston-pump","7":"product_tag-hydraulic-pump","9":"first","10":"instock","11":"shipping-taxable","12":"product-type-simple"},"amp_enabled":true,"_links":{"self":[{"href":"https:\/\/www.hydraulic-cylinders.net\/sk\/wp-json\/wp\/v2\/product\/1966","targetHints":{"allow":["GET"]}}],"collection":[{"href":"https:\/\/www.hydraulic-cylinders.net\/sk\/wp-json\/wp\/v2\/product"}],"about":[{"href":"https:\/\/www.hydraulic-cylinders.net\/sk\/wp-json\/wp\/v2\/types\/product"}],"replies":[{"embeddable":true,"href":"https:\/\/www.hydraulic-cylinders.net\/sk\/wp-json\/wp\/v2\/comments?post=1966"}],"wp:featuredmedia":[{"embeddable":true,"href":"https:\/\/www.hydraulic-cylinders.net\/sk\/wp-json\/wp\/v2\/media\/1982"}],"wp:attachment":[{"href":"https:\/\/www.hydraulic-cylinders.net\/sk\/wp-json\/wp\/v2\/media?parent=1966"}],"wp:term":[{"taxonomy":"product_brand","embeddable":true,"href":"https:\/\/www.hydraulic-cylinders.net\/sk\/wp-json\/wp\/v2\/product_brand?post=1966"},{"taxonomy":"product_cat","embeddable":true,"href":"https:\/\/www.hydraulic-cylinders.net\/sk\/wp-json\/wp\/v2\/product_cat?post=1966"},{"taxonomy":"product_tag","embeddable":true,"href":"https:\/\/www.hydraulic-cylinders.net\/sk\/wp-json\/wp\/v2\/product_tag?post=1966"}],"curies":[{"name":"pracovn\u00fd list","href":"https:\/\/api.w.org\/{rel}","templated":true}]}}