{"id":19664,"date":"2025-04-07T07:00:28","date_gmt":"2025-04-07T07:00:28","guid":{"rendered":"https:\/\/www.hydraulic-cylinders.net\/product\/boom-cylinder-for-nhig-3306lc\/"},"modified":"2025-04-07T07:00:30","modified_gmt":"2025-04-07T07:00:30","slug":"boom-cylinder-for-nhig-3306lc","status":"publish","type":"product","link":"https:\/\/www.hydraulic-cylinders.net\/sk\/produkt\/boom-cylinder-for-nhig-3306lc\/","title":{"rendered":"Valec v\u00fdlo\u017en\u00edka pre NHIG 3306LC"},"content":{"rendered":"<h1>Valec v\u00fdlo\u017en\u00edka pre NHIG 3306LC<\/h1>\n<h2>\u00davod do valca v\u00fdlo\u017en\u00edka<\/h2>\n<p>Hydraulick\u00fd valec v\u00fdlo\u017en\u00edka, \u0161peci\u00e1lne navrhnut\u00fd pre NHIG 3306LC, je d\u00f4le\u017eit\u00fdm hydraulick\u00fdm komponentom pou\u017e\u00edvan\u00fdm v \u0165a\u017ek\u00fdch strojoch, ako s\u00fa r\u00fdpadl\u00e1, r\u00fdpadlo-naklada\u010de a \u010deln\u00e9 naklada\u010de. Tento hydraulick\u00fd valec umo\u017e\u0148uje riaden\u00fd pohyb v\u00fdlo\u017en\u00edka, \u010do umo\u017e\u0148uje presn\u00e9 zdv\u00edhanie, sp\u00fa\u0161\u0165anie a nakl\u00e1\u0148anie ly\u017eice. Jeho funk\u010dnos\u0165 je nevyhnutn\u00e1 pre efekt\u00edvnu manipul\u00e1ciu s materi\u00e1lom a poskytuje potrebn\u00fd v\u00fdkon a flexibilitu v r\u00f4znych prev\u00e1dzkov\u00fdch prostrediach.<\/p>\n<p><img decoding=\"async\" src=\"https:\/\/www.hydraulic-cylinders.net\/wp-content\/uploads\/2025\/04\/songte-company-1.webp\" alt=\"Obr\u00e1zok valca v\u00fdlo\u017en\u00edka\" \/><\/p>\n<h3>Defin\u00edcia a preh\u013ead<\/h3>\n<p>Hydraulick\u00fd valec v\u00fdlo\u017en\u00edka je typ hydraulick\u00e9ho valca, ktor\u00fd sa \u0161peci\u00e1lne pou\u017e\u00edva na ovl\u00e1danie pohybu vedier v \u0165a\u017ek\u00fdch strojoch. Jeho hlavnou funkciou je umo\u017eni\u0165 oper\u00e1torom efekt\u00edvne vykon\u00e1va\u0165 \u00falohy, ako je kopanie, zdv\u00edhanie a preprava materi\u00e1lov. Tieto valce, navrhnut\u00e9 tak, aby odol\u00e1vali vysok\u00e9mu tlaku a \u0165a\u017ek\u00fdm za\u0165a\u017eeniam, s\u00fa k\u013e\u00fa\u010dov\u00e9 v hydraulick\u00fdch syst\u00e9moch, umo\u017e\u0148uj\u00fa plynul\u00e9 prechody a zvy\u0161uj\u00fa celkov\u00fa produktivitu stavebn\u00fdch a po\u013enohospod\u00e1rskych strojov.<\/p>\n<h2>K\u013e\u00fa\u010dov\u00e9 vlastnosti valca v\u00fdlo\u017en\u00edka<\/h2>\n<ul>\n<li><strong>Vysok\u00e1 pevnos\u0165 a odolnos\u0165:<\/strong> Tieto valce, ktor\u00e9 s\u00fa zvy\u010dajne vyroben\u00e9 z vysokopevnostnej ocele alebo hlin\u00edka, odol\u00e1vaj\u00fa vysok\u00e9mu tlaku a ve\u013ek\u00e9mu za\u0165a\u017eeniu, v\u010faka \u010domu s\u00fa vhodn\u00e9 do n\u00e1ro\u010dn\u00fdch pracovn\u00fdch podmienok. S\u00fa navrhnut\u00e9 s oh\u013eadom na odolnos\u0165 vo\u010di opotrebovaniu a kor\u00f3zii, aby sa pred\u013a\u017eila ich \u017eivotnos\u0165.<\/li>\n<li><strong>Efekt\u00edvna hydraulick\u00e1 prev\u00e1dzka:<\/strong> Vyu\u017eitie tlaku hydraulick\u00e9ho oleja umo\u017e\u0148uje plynul\u00e9 vys\u00favanie a zas\u00favanie, \u010do poskytuje r\u00fdchlu odozvu na povely oper\u00e1tora a v\u00fdkonn\u00e9 mo\u017enosti tla\u010denia a \u0165ahania, ide\u00e1lne na manipul\u00e1ciu s \u0165a\u017ek\u00fdmi predmetmi a zlo\u017eit\u00fdmi \u00falohami.<\/li>\n<li><strong>R\u00f4zne typy:<\/strong> V z\u00e1vislosti od prev\u00e1dzkov\u00fdch potrieb si pou\u017e\u00edvatelia m\u00f4\u017eu vybra\u0165 medzi jedno\u010dinn\u00fdmi (vyu\u017e\u00edvaj\u00facimi hydraulick\u00fd tlak v jednom smere) alebo dvoj\u010dinn\u00fdmi (vyu\u017e\u00edvaj\u00facimi hydraulick\u00fd tlak v oboch smeroch) valcami. Niektor\u00e9 modely s\u00fa teleskopick\u00e9, \u010do umo\u017e\u0148uje v\u00e4\u010d\u0161ie vysunutie bez zv\u00e4\u010d\u0161enia vonkaj\u0161\u00edch rozmerov, vhodn\u00e9 pre aplik\u00e1cie s obmedzen\u00fdm priestorom.<\/li>\n<li><strong>Z\u00e1kazkov\u00e1 v\u00fdroba:<\/strong> Na\u0161a spolo\u010dnos\u0165 sa \u0161pecializuje na v\u00fdrobu vysoko kvalitn\u00fdch hydraulick\u00fdch valcov v\u00fdlo\u017en\u00edka, ktor\u00e9 dok\u00e1\u017eu dokonale nahradi\u0165 existuj\u00face hydraulick\u00e9 valce, \u010d\u00edm zabezpe\u010duj\u00fa kompatibilitu a spo\u013eahlivos\u0165.<\/li>\n<li><strong>Robustn\u00fd dizajn:<\/strong> Na\u0161e valce s\u00fa navrhnut\u00e9 tak, aby poskytovali vysok\u00fd v\u00fdkon a \u00fa\u010dinnos\u0165 v r\u00f4znych aplik\u00e1ci\u00e1ch a prech\u00e1dzaj\u00fa pr\u00edsnymi kontrolami kvality, aby sp\u013a\u0148ali priemyseln\u00e9 \u0161tandardy.<\/li>\n<\/ul>\n<p><img decoding=\"async\" src=\"https:\/\/www.hydraulic-cylinders.net\/wp-content\/uploads\/2025\/04\/songte-cylinder-head-with-all-kinds-excavator-models.webp\" alt=\"Hlava valcov s bagermi\" \/><\/p>\n<h2>Aplik\u00e1cie valca v\u00fdlo\u017en\u00edka<\/h2>\n<h3>Stavebn\u00e9 stroje<\/h3>\n<p>V stavebn\u00fdch strojoch, ako s\u00fa bagre, zohr\u00e1vaj\u00fa valce v\u00fdlo\u017en\u00edka k\u013e\u00fa\u010dov\u00fa \u00falohu pri kopan\u00ed, nakladan\u00ed a premiest\u0148ovan\u00ed zeminy alebo sutiny. Umo\u017e\u0148uj\u00fa presn\u00e9 ovl\u00e1danie potrebn\u00e9 pri v\u00fdkopov\u00fdch a v\u00fdkopov\u00fdch \u010dinnostiach, \u010d\u00edm zabezpe\u010duj\u00fa efekt\u00edvnu manipul\u00e1ciu s materi\u00e1lom s minim\u00e1lnym \u00fasil\u00edm. Prisp\u00f4sobivos\u0165 valcov v\u00fdlo\u017en\u00edka umo\u017e\u0148uje pou\u017eitie r\u00f4znych pr\u00eddavn\u00fdch zariaden\u00ed, \u010d\u00edm sa zvy\u0161uje v\u0161estrannos\u0165 stroja.<\/p>\n<h3>Po\u013enohospod\u00e1rske stroje<\/h3>\n<p>\u010celn\u00e9 naklada\u010de vybaven\u00e9 valcami v\u00fdlo\u017en\u00edka vynikaj\u00fa v \u00faloh\u00e1ch zah\u0155\u0148aj\u00facich naberanie, zdv\u00edhanie a prepravu p\u00f4dy, sena a in\u00fdch materi\u00e1lov. Tieto valce zvy\u0161uj\u00fa efektivitu po\u013enohospod\u00e1rskych oper\u00e1ci\u00ed t\u00fdm, \u017ee umo\u017e\u0148uj\u00fa po\u013enohospod\u00e1rom r\u00fdchlo pres\u00fava\u0165 materi\u00e1ly, \u010d\u00edm sa zvy\u0161uje produktivita a zni\u017euj\u00fa n\u00e1klady na pracovn\u00fa silu. Hydraulick\u00fd charakter valca v\u00fdlo\u017en\u00edka poskytuje potrebn\u00fa zdv\u00edhaciu silu, v\u010faka \u010domu s\u00fa tieto \u00falohy jednoduch\u0161ie a efekt\u00edvnej\u0161ie.<\/p>\n<h3>R\u00fdpadl\u00e1<\/h3>\n<p>V r\u00fdpadl\u00e1ch umo\u017e\u0148uj\u00fa valce v\u00fdlo\u017en\u00edka efekt\u00edvne prenika\u0165 do p\u00f4dy, \u010do u\u013eah\u010duje kopanie. Hydraulick\u00fd mechanizmus umo\u017e\u0148uje plynul\u00fd pohyb, \u010d\u00edm sa zabezpe\u010duje, \u017ee r\u00fdpadlo m\u00f4\u017ee presne vykon\u00e1va\u0165 \u00falohy, ako je h\u013abenie v\u00fdkopov a pl\u00e1novanie ter\u00e9nu. Ovl\u00e1danie, ktor\u00e9 pon\u00fakaj\u00fa valce v\u00fdlo\u017en\u00edka, je nevyhnutn\u00e9 pre obsluhu pri pohybe v n\u00e1ro\u010dnom ter\u00e9ne a vykon\u00e1van\u00ed zlo\u017eit\u00fdch oper\u00e1ci\u00ed.<\/p>\n<h3>Naklada\u010de<\/h3>\n<p>V \u010deln\u00fdch naklada\u010doch pom\u00e1haj\u00fa valce v\u00fdlo\u017en\u00edka efekt\u00edvne zdv\u00edha\u0165 a vyklada\u0165 bremen\u00e1. Ich schopnos\u0165 poskytn\u00fa\u0165 zna\u010dn\u00fa zdv\u00edhaciu silu umo\u017e\u0148uje \u013eahk\u00fa manipul\u00e1ciu s \u0165a\u017ek\u00fdmi materi\u00e1lmi, ako je \u0161trk a zemina. Efekt\u00edvna kon\u0161trukcia t\u00fdchto hydraulick\u00fdch valcov zabezpe\u010duje, \u017ee oper\u00e1tori m\u00f4\u017eu vykon\u00e1va\u0165 \u00falohy r\u00fdchlo, \u010do vedie k zlep\u0161eniu pracovn\u00e9ho postupu a produktivity na pracovisk\u00e1ch.<\/p>\n<h2>\u00davahy o dizajne a krit\u00e9ri\u00e1 v\u00fdberu<\/h2>\n<h3>Nosnos\u0165<\/h3>\n<p>Nosnos\u0165 valca ramena je jedn\u00fdm z najd\u00f4le\u017eitej\u0161\u00edch faktorov, ktor\u00e9 treba zv\u00e1\u017ei\u0165 po\u010das f\u00e1zy n\u00e1vrhu. Mus\u00ed sa vyhodnoti\u0165 na z\u00e1klade konkr\u00e9tnych aplik\u00e1ci\u00ed, pre ktor\u00e9 je valec ur\u010den\u00fd. Spr\u00e1vne dimenzovan\u00e1 nosnos\u0165 zabezpe\u010duje, \u017ee valec dok\u00e1\u017ee bezpe\u010dne zvl\u00e1dnu\u0165 maxim\u00e1lne za\u0165a\u017eenie, s ktor\u00fdm sa stretne po\u010das prev\u00e1dzky. V\u00fdrobcovia \u010dasto pou\u017e\u00edvaj\u00fa pokro\u010dil\u00e9 materi\u00e1ly a kon\u0161truk\u010dn\u00e9 techniky, aby zabezpe\u010dili, \u017ee ich valce sp\u013a\u0148aj\u00fa alebo prekra\u010duj\u00fa po\u017eadovan\u00e9 menovit\u00e9 za\u0165a\u017eenie.<\/p>\n<h3>Tesniaci v\u00fdkon<\/h3>\n<p>Tesniaci v\u00fdkon je nevyhnutn\u00fd pre udr\u017eanie hydraulick\u00e9ho tlaku a zabr\u00e1nenie \u00faniku kvapaliny. V\u00fdber vhodn\u00fdch tesnen\u00ed, ako s\u00fa piestne tesnenia a ty\u010dov\u00e9 tesnenia, vyroben\u00e9 z odoln\u00fdch materi\u00e1lov, ako je polyuret\u00e1n alebo nitrilov\u00e1 guma, m\u00f4\u017ee v\u00fdrazne zv\u00fd\u0161i\u0165 spo\u013eahlivos\u0165 a \u017eivotnos\u0165 valcov v\u00fdlo\u017en\u00edka. Spr\u00e1vna technol\u00f3gia tesnenia je nevyhnutn\u00e1 pre zabezpe\u010denie efekt\u00edvnej prev\u00e1dzky a minimaliz\u00e1ciu potrieb \u00fadr\u017eby.<\/p>\n<h3>Trvanlivos\u0165<\/h3>\n<p>Trvanlivos\u0165 je pre hydraulick\u00e9 valce v\u00fdlo\u017en\u00edka prvorad\u00e1, preto\u017ee \u010dasto pracuj\u00fa v n\u00e1ro\u010dn\u00fdch podmienkach. Faktory, ako s\u00fa teplotn\u00e9 v\u00fdkyvy, vystavenie drsn\u00fdm environment\u00e1lnym prvkom a povaha manipulovan\u00fdch materi\u00e1lov, m\u00f4\u017eu ovplyvni\u0165 \u017eivotnos\u0165 hydraulick\u00fdch valcov. Preto je starostliv\u00fd v\u00fdber materi\u00e1lu a kon\u0161truk\u010dn\u00fd n\u00e1vrh k\u013e\u00fa\u010dov\u00fd, aby sa zabezpe\u010dilo, \u017ee valce odolaj\u00fa t\u00fdmto v\u00fdzvam bez pred\u010dasn\u00e9ho zlyhania.<\/p>\n<h3>Bezpe\u010dnostn\u00e9 prvky<\/h3>\n<p>Bezpe\u010dnostn\u00e9 prvky s\u00fa neoddelite\u013enou s\u00fa\u010das\u0165ou kon\u0161trukcie valcov v\u00fdlo\u017en\u00edka. Tieto prvky pom\u00e1haj\u00fa predch\u00e1dza\u0165 nehod\u00e1m a zabezpe\u010duj\u00fa bezpe\u010dn\u00fa prev\u00e1dzku \u0165a\u017ek\u00fdch strojov. Implement\u00e1cia bezpe\u010dnostn\u00fdch opatren\u00ed, ako s\u00fa pretlakov\u00e9 ventily, ochrana proti pre\u0165a\u017eeniu a spr\u00e1vne mont\u00e1\u017ene techniky, m\u00f4\u017ee v\u00fdrazne zn\u00ed\u017ei\u0165 riziko zranen\u00ed a po\u0161kodenia zariadenia po\u010das prev\u00e1dzky. V\u00fdrobcovia by mali uprednostni\u0165 bezpe\u010dnos\u0165 vo svojich kon\u0161truk\u010dn\u00fdch procesoch, aby chr\u00e1nili obsluhu aj zariadenia.<\/p>\n<h3>\u00dadr\u017eba a opravite\u013enos\u0165<\/h3>\n<p>Navrhovanie s oh\u013eadom na \u00fadr\u017ebu a opravite\u013enos\u0165 je nevyhnutn\u00e9 na pred\u013a\u017eenie \u017eivotnosti valcov v\u00fdlo\u017en\u00edka. Pr\u00edstup ku k\u013e\u00fa\u010dov\u00fdm komponentom na kontrolu a servis m\u00f4\u017ee v\u00fdrazne zn\u00ed\u017ei\u0165 prestoje a n\u00e1klady spojen\u00e9 s \u00fadr\u017ebou. Vo f\u00e1ze n\u00e1vrhu by sa mali zv\u00e1\u017ei\u0165 prvky, ako s\u00fa vymenite\u013en\u00e9 tesnenia, jednoduch\u00fd pr\u00edstup k hydraulick\u00fdm portom a preh\u013eadn\u00e9 servisn\u00e9 body, aby sa u\u013eah\u010dili efekt\u00edvne opravy a be\u017en\u00e1 \u00fadr\u017eba.<\/p>\n<p><img decoding=\"async\" src=\"https:\/\/www.hydraulic-cylinders.net\/wp-content\/uploads\/2025\/04\/songte-oil-pipes-and-spare-parts.webp\" alt=\"Olejov\u00e9 potrubia a n\u00e1hradn\u00e9 diely\" \/><\/p>\n<h2>Tesnenie a mazanie valca<\/h2>\n<p>Pou\u017eitie r\u00f4znych tesniacich komponentov, ako s\u00fa piestne tesnenia a tesnenia ty\u010d\u00ed, je k\u013e\u00fa\u010dov\u00e9 pre efekt\u00edvnu prev\u00e1dzku valcov v\u00fdlo\u017en\u00edka. Tieto tesnenia s\u00fa zvy\u010dajne vyroben\u00e9 z materi\u00e1lov odoln\u00fdch vo\u010di oderu, ako je polyuret\u00e1n a nitrilov\u00fd kau\u010duk, \u010do zvy\u0161uje ich odolnos\u0165 a v\u00fdkon. Okrem toho musia by\u0165 teleso valca a z\u00e1vitov\u00e9 konce preveden\u00e9 presn\u00fdm obr\u00e1ban\u00edm, aby sa zlep\u0161ila odolnos\u0165 proti opotrebovaniu a zabezpe\u010dilo spr\u00e1vne utesnenie. Pravideln\u00e9 mazanie hydraulick\u00fdm olejom je nevyhnutn\u00e9, preto\u017ee nielen zni\u017euje trenie, ale tie\u017e zabra\u0148uje kor\u00f3zii a pom\u00e1ha udr\u017eiava\u0165 optim\u00e1lne prev\u00e1dzkov\u00e9 teploty. Zabezpe\u010denie spr\u00e1vnej \u00fadr\u017eby tesnen\u00ed a mazac\u00edch syst\u00e9mov je nevyhnutn\u00e9 pre spo\u013eahliv\u00fa prev\u00e1dzku hydraulick\u00fdch valcov.<\/p>\n<h2>Opatrenia prevent\u00edvnej \u00fadr\u017eby<\/h2>\n<ul>\n<li><strong>Pravideln\u00e9 kontroly:<\/strong> Vykon\u00e1vanie pravideln\u00fdch kontrol je nevyhnutn\u00e9 na identifik\u00e1ciu potenci\u00e1lneho opotrebenia alebo po\u0161kodenia valca ramena. Skontrolujte netesnosti, nezvy\u010dajn\u00e9 zvuky a ak\u00e9ko\u013evek zn\u00e1mky kor\u00f3zie. V\u010dasn\u00e9 odhalenie m\u00f4\u017ee pred\u00eds\u0165 v\u00e1\u017enej\u0161\u00edm probl\u00e9mom v bud\u00facnosti.<\/li>\n<li><strong>Vhodn\u00e9 mazanie:<\/strong> Uistite sa, \u017ee hladina hydraulick\u00e9ho oleja je dostato\u010dn\u00e1 a \u017ee olej sa vymie\u0148a pod\u013ea odpor\u00fa\u010dan\u00ed v\u00fdrobcu. Spr\u00e1vne mazanie minimalizuje trenie a opotrebovanie, \u010d\u00edm predl\u017euje \u017eivotnos\u0165 valca.<\/li>\n<li><strong>V\u00fdmena tesnen\u00ed:<\/strong> Pravidelne kontrolujte a pod\u013ea potreby vymie\u0148ajte tesnenia, aby ste predi\u0161li \u00fanikom a udr\u017eali hydraulick\u00fd tlak. Opotrebovan\u00e9 tesnenia m\u00f4\u017eu vies\u0165 k zn\u00ed\u017eeniu \u00fa\u010dinnosti a mo\u017en\u00e9mu po\u0161kodeniu valca.<\/li>\n<\/ul>\n<h2>Pokyny na in\u0161tal\u00e1ciu<\/h2>\n<p>Pre zabezpe\u010denie spr\u00e1vnej in\u0161tal\u00e1cie valca ramena postupujte pod\u013ea t\u00fdchto krokov:<\/p>\n<ol>\n<li><strong>Pr\u00edprava:<\/strong> Pripravte si v\u0161etky potrebn\u00e9 n\u00e1stroje a materi\u00e1ly. Uistite sa, \u017ee pracovn\u00fd priestor je \u010dist\u00fd a bez ne\u010dist\u00f4t.<\/li>\n<li><strong>Zarovnanie:<\/strong> Valec spr\u00e1vne zarovnajte s mont\u00e1\u017enymi konzolami. Nespr\u00e1vne zarovnanie m\u00f4\u017ee sp\u00f4sobi\u0165 nadmern\u00e9 nam\u00e1hanie a vies\u0165 k pred\u010dasn\u00e9mu po\u0161kodeniu.<\/li>\n<li><strong>Mont\u00e1\u017e:<\/strong> Na upevnenie valca pou\u017eite vhodn\u00e9 mont\u00e1\u017ene konzoly. Uistite sa, \u017ee v\u0161etky skrutky a upev\u0148ovacie prvky s\u00fa utiahnut\u00e9 pod\u013ea \u0161pecifik\u00e1ci\u00ed v\u00fdrobcu.<\/li>\n<li><strong>Hydraulick\u00e9 pripojenia:<\/strong> Pripojte hydraulick\u00e9 hadice a uistite sa, \u017ee v syst\u00e9me nie s\u00fa \u017eiadne netesnosti. Pred pokra\u010dovan\u00edm skontrolujte v\u0161etky spoje a spoje.<\/li>\n<li><strong>Testovanie:<\/strong> Po in\u0161tal\u00e1cii vykonajte funk\u010dn\u00fa sk\u00fa\u0161ku, aby ste sa uistili, \u017ee valec funguje hladko a bez probl\u00e9mov. Po\u010das prev\u00e1dzky sledujte ak\u00e9ko\u013evek abnormality.<\/li>\n<\/ol>\n<h2>Be\u017en\u00e9 \u00falohy \u00fadr\u017eby<\/h2>\n<h3>Pravideln\u00e9 kontroly<\/h3>\n<p>Pravideln\u00e9 kontroly valca ramena s\u00fa k\u013e\u00fa\u010dov\u00e9 pre identifik\u00e1ciu potenci\u00e1lnych probl\u00e9mov sk\u00f4r, ako sa vyhrotia. Patria sem kontroly zn\u00e1mok opotrebovania, netesnost\u00ed a ak\u00fdchko\u013evek zvl\u00e1\u0161tnych zvukov po\u010das prev\u00e1dzky. Stanovenie pravideln\u00e9ho harmonogramu kontrol pom\u00e1ha udr\u017eiava\u0165 optim\u00e1lny v\u00fdkon a predl\u017euje \u017eivotnos\u0165 valca.<\/p>\n<h3>Vhodn\u00e9 mazanie<\/h3>\n<p>Zabezpe\u010denie dostato\u010dn\u00e9ho mazania valca v\u00fdlo\u017en\u00edka je nevyhnutn\u00e9 pre jeho prev\u00e1dzku. Pravidelne kontrolujte hladinu hydraulickej kvapaliny a v pr\u00edpade potreby ju vyme\u0148te. Spr\u00e1vne mazanie zni\u017euje trenie, zabra\u0148uje prehrievaniu a minimalizuje opotrebovanie vn\u00fatorn\u00fdch komponentov, \u010d\u00edm sa predl\u017euje \u017eivotnos\u0165 valca.<\/p>\n<h3>V\u00fdmena tesnenia a kontroly kalibr\u00e1cie<\/h3>\n<p>Opotrebovan\u00e9 tesnenia m\u00f4\u017eu vies\u0165 k \u00faniku hydraulickej kvapaliny a zn\u00ed\u017eeniu v\u00fdkonu. Pravidelne monitorujte stav tesnen\u00ed a pod\u013ea potreby ich vymie\u0148ajte. Okrem toho vykon\u00e1vajte pravideln\u00e9 kalibra\u010dn\u00e9 kontroly, aby ste zabezpe\u010dili presn\u00fa a efekt\u00edvnu prev\u00e1dzku valca, \u010do u\u013eah\u010duje plynul\u00fd v\u00fdkon pri r\u00f4znych \u00faloh\u00e1ch.<\/p>\n<p><img decoding=\"async\" src=\"https:\/\/www.hydraulic-cylinders.net\/wp-content\/uploads\/2025\/04\/songte-chushion-collar.webp\" alt=\"Vank\u00fa\u0161ov\u00fd golier\" \/><\/p>\n<h2>Bezpe\u010dnostn\u00e9 aspekty a faktory prostredia<\/h2>\n<p>Pri pr\u00e1ci s hydraulick\u00fdmi valcami s\u00fa bezpe\u010dnostn\u00e9 opatrenia prvorad\u00e9. Obsluha by mala by\u0165 vy\u0161kolen\u00e1 v spr\u00e1vnom pou\u017e\u00edvan\u00ed zariaden\u00ed a d\u00f4le\u017eitosti nosenia osobn\u00fdch ochrann\u00fdch prostriedkov (OOP) s cie\u013eom minimalizova\u0165 riziko. Pravideln\u00e9 \u0161kolenia a dodr\u017eiavanie bezpe\u010dnostn\u00fdch protokolov m\u00f4\u017eu pom\u00f4c\u0165 zn\u00ed\u017ei\u0165 po\u010det pracovn\u00fdch \u00farazov a z\u00e1rove\u0148 zabezpe\u010di\u0165 dlh\u00fa \u017eivotnos\u0165 pou\u017e\u00edvan\u00fdch hydraulick\u00fdch syst\u00e9mov. Pri n\u00e1vrhu a prev\u00e1dzke hydraulick\u00fdch valcov zohr\u00e1vaj\u00fa k\u013e\u00fa\u010dov\u00fa \u00falohu aj environment\u00e1lne aspekty. Pou\u017e\u00edvanie ekologick\u00fdch hydraulick\u00fdch kvapal\u00edn a implement\u00e1cia spr\u00e1vnych met\u00f3d likvid\u00e1cie star\u00fdch kvapal\u00edn m\u00f4\u017ee v\u00fdrazne zn\u00ed\u017ei\u0165 ekologick\u00fa stopu hydraulick\u00fdch strojov.<\/p>\n<h2>Rie\u0161enie be\u017en\u00fdch probl\u00e9mov<\/h2>\n<h3>Identifik\u00e1cia be\u017en\u00fdch probl\u00e9mov<\/h3>\n<ul>\n<li><strong>\u00daniky tekut\u00edn:<\/strong> Jedn\u00fdm z naj\u010dastej\u0161\u00edch probl\u00e9mov s\u00fa \u00faniky hydraulickej kvapaliny. Skontrolujte tesnenia a spoje, aby ste zistili zdroj \u00faniku.<\/li>\n<li><strong>Pomal\u00e1 odozva:<\/strong> Ak valec reaguje pomaly, m\u00f4\u017ee by\u0165 probl\u00e9m s hladinou hydraulickej kvapaliny alebo s upchat\u00edm potrub\u00ed.<\/li>\n<li><strong>Nezvy\u010dajn\u00e9 zvuky:<\/strong> \u0160krabkav\u00e9 alebo klepav\u00e9 zvuky m\u00f4\u017eu nazna\u010dova\u0165 vn\u00fatorn\u00e9 opotrebovanie alebo po\u0161kodenie, \u010do si vy\u017eaduje okam\u017eit\u00fa kontrolu.<\/li>\n<\/ul>\n<h3>Tipy na rie\u0161enie probl\u00e9mov<\/h3>\n<p>Pre ka\u017ed\u00fd identifikovan\u00fd probl\u00e9m si pozrite pokyny v\u00fdrobcu a postupujte pod\u013ea t\u00fdchto v\u0161eobecn\u00fdch krokov na rie\u0161enie probl\u00e9mov:<\/p>\n<ol>\n<li>Skontrolujte hladinu hydraulickej kvapaliny a v pr\u00edpade potreby ju dopl\u0148te.<\/li>\n<li>Skontrolujte tesnenia a spoje, \u010di nie s\u00fa opotrebovan\u00e9 alebo po\u0161koden\u00e9, a v pr\u00edpade potreby ich vyme\u0148te.<\/li>\n<li>Uistite sa, \u017ee v\u0161etky spoje s\u00fa tesn\u00e9 a bezpe\u010dn\u00e9, aby ste predi\u0161li \u00fanikom.<\/li>\n<li>V pr\u00edpade vn\u00fatorn\u00fdch probl\u00e9mov alebo zlo\u017eit\u00fdch opr\u00e1v sa pora\u010fte s profesion\u00e1lnym technikom.<\/li>\n<\/ol>\n<h3>Prevent\u00edvne opatrenia<\/h3>\n<p>Aby ste minimalizovali potenci\u00e1lne probl\u00e9my, dodr\u017eiavajte pravideln\u00fd pl\u00e1n \u00fadr\u017eby, ktor\u00fd zah\u0155\u0148a kontroly, mazanie a v\u010dasn\u00fa v\u00fdmenu tesnen\u00ed. Udr\u017eiavanie spr\u00e1vnych prev\u00e1dzkov\u00fdch podmienok a zabezpe\u010denie spr\u00e1vneho pou\u017e\u00edvania zariadenia m\u00f4\u017ee v\u00fdrazne zn\u00ed\u017ei\u0165 pravdepodobnos\u0165 vzniku probl\u00e9mov v bud\u00facnosti.<\/p>\n<p><img decoding=\"async\" src=\"https:\/\/www.hydraulic-cylinders.net\/wp-content\/uploads\/2025\/04\/songte-bushings-with-all-kinds-of-excavator-models.webp\" alt=\"Puzdr\u00e1 s bagrami\" \/><\/p>\n<h2>O na\u0161ej spolo\u010dnosti<\/h2>\n<p>Sme popredn\u00fdm v\u00fdrobcom a ve\u013ekoobchodn\u00fdm distrib\u00fatorom hydraulick\u00fdch valcov so \u0161pecializ\u00e1ciou na n\u00e1hradn\u00e9 diely. N\u00e1\u0161 rozmanit\u00fd sortiment produktov n\u00e1s stavia medzi k\u013e\u00fa\u010dov\u00fdch hr\u00e1\u010dov na dom\u00e1com aj medzin\u00e1rodnom trhu. Dodr\u017eiavame d\u00f4raz na vynikaj\u00facu kvalitu, vyu\u017e\u00edvame prepracovan\u00fa v\u00fdrobn\u00fa strat\u00e9giu spolu s pokro\u010dil\u00fdmi postupmi riadenia v\u00fdroby. Na\u0161i zamestnanci tvoria kvalifikovan\u00ed technick\u00fd person\u00e1l a vyu\u017e\u00edvame \u0161pi\u010dkov\u00e9 v\u00fdrobn\u00e9 zariadenia a profesion\u00e1lne testovacie syst\u00e9my na neust\u00e1le zlep\u0161ovanie na\u0161ich v\u00fdrobn\u00fdch procesov. N\u00e1\u0161 z\u00e1v\u00e4zok k vysokej efektivite, presnosti a kvalite n\u00e1m umo\u017e\u0148uje efekt\u00edvne uspokojova\u0165 rozmanit\u00e9 potreby na\u0161ich z\u00e1kazn\u00edkov.<\/p>\n<h3>Odborn\u00e1 expert\u00edza<\/h3>\n<p>N\u00e1\u0161 t\u00edm m\u00e1 rozsiahle odborn\u00e9 znalosti vo v\u00fdrobe hydraulick\u00fdch valcov, \u010do zabezpe\u010duje, \u017ee na\u0161e produkty sp\u013a\u0148aj\u00fa medzin\u00e1rodn\u00e9 \u0161tandardy. Pon\u00fakame rie\u0161enia na mieru prisp\u00f4soben\u00e9 \u0161pecifick\u00fdm potreb\u00e1m klientov, \u010d\u00edm zvy\u0161ujeme v\u00fdkon a prisp\u00f4sobivos\u0165 hydraulick\u00fdch syst\u00e9mov.<\/p>\n<h3>Medzin\u00e1rodn\u00e9 certifik\u00e1cie<\/h3>\n<p>V\u0161etky na\u0161e produkty s\u00fa certifikovan\u00e9 pod\u013ea medzin\u00e1rodn\u00fdch noriem kvality, \u010do zaru\u010duje, \u017ee na\u0161i klienti dostan\u00fa spo\u013eahliv\u00e9 a odoln\u00e9 hydraulick\u00e9 valce. Uprednost\u0148ujeme dodr\u017eiavanie bezpe\u010dnostn\u00fdch a efekt\u00edvnych predpisov na celom svete.<\/p>\n<h3>Z\u00e1kazn\u00edcke slu\u017eby<\/h3>\n<p>Ch\u00e1peme, \u017ee ka\u017ed\u00fd klient m\u00f4\u017ee ma\u0165 jedine\u010dn\u00e9 po\u017eiadavky, preto pon\u00fakame v\u00fdrobn\u00e9 slu\u017eby na mieru. \u010ci u\u017e ide o konkr\u00e9tnu ve\u013ekos\u0165, dizajn alebo funk\u010dnos\u0165, n\u00e1\u0161 t\u00edm je vybaven\u00fd na poskytovanie rie\u0161en\u00ed na mieru.<\/p>\n<h3>V\u00fdrobn\u00e9 zariadenia<\/h3>\n<p>Na\u0161e najmodernej\u0161ie v\u00fdrobn\u00e9 zariadenia n\u00e1m umo\u017e\u0148uj\u00fa udr\u017eiava\u0165 vysok\u00e9 \u0161tandardy kvality a presnosti vo v\u00fdrobe. Zaviazali sme sa k neust\u00e1lym invest\u00edci\u00e1m do technol\u00f3gi\u00ed s cie\u013eom zlep\u0161i\u0165 na\u0161e v\u00fdrobn\u00e9 kapacity.<\/p>\n<h3>Popredajn\u00e1 podpora<\/h3>\n<p>Ver\u00edme v budovanie dlhodob\u00fdch vz\u0165ahov s na\u0161imi z\u00e1kazn\u00edkmi a na\u0161a popredajn\u00e1 podpora je toho d\u00f4kazom. N\u00e1\u0161 t\u00edm je v\u00e1m k dispoz\u00edcii pre pomoc, poradenstvo a servis, aby sme zabezpe\u010dili, \u017ee na\u0161i klienti vy\u0165a\u017eia zo svojich hydraulick\u00fdch valcov maximum.<\/p>\n<p><img decoding=\"async\" src=\"https:\/\/www.hydraulic-cylinders.net\/wp-content\/uploads\/2025\/04\/songte-company-4.webp\" alt=\"Preh\u013ead spolo\u010dnosti\" \/><br \/>\n<img decoding=\"async\" src=\"https:\/\/www.hydraulic-cylinders.net\/wp-content\/uploads\/2025\/04\/songte-company-3.webp\" alt=\"Zdroje spolo\u010dnosti\" \/><\/p>\n<p>Autor: lyl<\/p>","protected":false},"excerpt":{"rendered":"<p>Boom Cylinder For NHIG 3306LC Introduction to Boom Cylinder The boom cylinder, specifically designed for the NHIG 3306LC, is a vital hydraulic component used in heavy machinery such as excavators, backhoe loaders, and front loaders. This hydraulic cylinder enables the controlled movement of the boom, allowing for precise lifting, lowering, and tilting of the bucket. [&hellip;]<\/p>","protected":false},"featured_media":17867,"comment_status":"open","ping_status":"closed","template":"","meta":{"_et_pb_use_builder":"","_et_pb_old_content":"","_et_gb_content_width":""},"product_brand":[],"product_cat":[1546],"product_tag":[1547,1496],"class_list":{"0":"post-19664","1":"product","2":"type-product","3":"status-publish","4":"has-post-thumbnail","6":"product_cat-boom-cylinders","7":"product_tag-boom-cylinders","8":"product_tag-hydraulic-cylinders","10":"first","11":"instock","12":"shipping-taxable","13":"product-type-simple"},"amp_enabled":true,"_links":{"self":[{"href":"https:\/\/www.hydraulic-cylinders.net\/sk\/wp-json\/wp\/v2\/product\/19664","targetHints":{"allow":["GET"]}}],"collection":[{"href":"https:\/\/www.hydraulic-cylinders.net\/sk\/wp-json\/wp\/v2\/product"}],"about":[{"href":"https:\/\/www.hydraulic-cylinders.net\/sk\/wp-json\/wp\/v2\/types\/product"}],"replies":[{"embeddable":true,"href":"https:\/\/www.hydraulic-cylinders.net\/sk\/wp-json\/wp\/v2\/comments?post=19664"}],"wp:featuredmedia":[{"embeddable":true,"href":"https:\/\/www.hydraulic-cylinders.net\/sk\/wp-json\/wp\/v2\/media\/17867"}],"wp:attachment":[{"href":"https:\/\/www.hydraulic-cylinders.net\/sk\/wp-json\/wp\/v2\/media?parent=19664"}],"wp:term":[{"taxonomy":"product_brand","embeddable":true,"href":"https:\/\/www.hydraulic-cylinders.net\/sk\/wp-json\/wp\/v2\/product_brand?post=19664"},{"taxonomy":"product_cat","embeddable":true,"href":"https:\/\/www.hydraulic-cylinders.net\/sk\/wp-json\/wp\/v2\/product_cat?post=19664"},{"taxonomy":"product_tag","embeddable":true,"href":"https:\/\/www.hydraulic-cylinders.net\/sk\/wp-json\/wp\/v2\/product_tag?post=19664"}],"curies":[{"name":"pracovn\u00fd list","href":"https:\/\/api.w.org\/{rel}","templated":true}]}}