{"id":19667,"date":"2025-04-07T07:00:36","date_gmt":"2025-04-07T07:00:36","guid":{"rendered":"https:\/\/www.hydraulic-cylinders.net\/product\/boom-cylinder-for-nhig-2306lc\/"},"modified":"2025-04-07T07:00:38","modified_gmt":"2025-04-07T07:00:38","slug":"boom-cylinder-for-nhig-2306lc","status":"publish","type":"product","link":"https:\/\/www.hydraulic-cylinders.net\/sk\/produkt\/boom-cylinder-for-nhig-2306lc\/","title":{"rendered":"Valec v\u00fdlo\u017en\u00edka pre NHIG 2306LC"},"content":{"rendered":"<h1>Valec v\u00fdlo\u017en\u00edka pre NHIG 2306LC<\/h1>\n<h2>Preh\u013ead produktu<\/h2>\n<p>Hydraulick\u00fd valec v\u00fdlo\u017en\u00edka pre NHIG 2306LC je \u0161pecializovan\u00fd hydraulick\u00fd valec ur\u010den\u00fd pre \u0165a\u017ek\u00e9 stroje, najm\u00e4 pre r\u00fdpadl\u00e1, r\u00fdpadlo-naklada\u010de a \u010deln\u00e9 naklada\u010de. Tento typ hydraulick\u00e9ho valca riadi pohyb ly\u017eice, \u010do umo\u017e\u0148uje jej efekt\u00edvne zdv\u00edhanie, sp\u00fa\u0161\u0165anie a nakl\u00e1\u0148anie. Valec v\u00fdlo\u017en\u00edka zohr\u00e1va k\u013e\u00fa\u010dov\u00fa \u00falohu v hydraulick\u00fdch syst\u00e9moch a poskytuje potrebn\u00fa silu na zvl\u00e1dnutie r\u00f4znych \u00faloh manipul\u00e1cie s materi\u00e1lom. V\u010faka tlaku hydraulickej kvapaliny dok\u00e1\u017eu tieto valce vykon\u00e1va\u0165 presn\u00e9 pohyby potrebn\u00e9 na kopanie, zdv\u00edhanie a prepravu \u0165a\u017ek\u00fdch bremien. Tento hydraulick\u00fd valec je nevyhnutn\u00fd pre optimaliz\u00e1ciu v\u00fdkonu stavebn\u00fdch a po\u013enohospod\u00e1rskych strojov.<\/p>\n<p><img decoding=\"async\" src=\"https:\/\/www.hydraulic-cylinders.net\/wp-content\/uploads\/2025\/04\/songte-company-1.webp\" alt=\"Obr\u00e1zok valca v\u00fdlo\u017en\u00edka\"><\/p>\n<h2>Vlastnosti valca ramena<\/h2>\n<ul>\n<li><strong>Vysok\u00e1 pevnos\u0165 a odolnos\u0165:<\/strong> Tento valec je vyroben\u00fd z vysokopevnostnej ocele alebo hlin\u00edka a je navrhnut\u00fd tak, aby odolal vysok\u00e9mu tlaku a \u0165a\u017ek\u00fdm za\u0165a\u017eeniam, v\u010faka \u010domu je vhodn\u00fd do n\u00e1ro\u010dn\u00fdch pracovn\u00fdch prostred\u00ed.<\/li>\n<li><strong>Efekt\u00edvna hydraulick\u00e1 prev\u00e1dzka:<\/strong> Vyu\u017e\u00edva hydraulick\u00fd tlak oleja pre plynul\u00e9 a citliv\u00e9 vys\u00favanie a zas\u00favanie, \u010d\u00edm poskytuje siln\u00fa tla\u010dn\u00fa a \u0165ahov\u00fa silu, ide\u00e1lnu na zvl\u00e1dnutie \u0165a\u017ek\u00fdch a zlo\u017eit\u00fdch \u00faloh.<\/li>\n<li><strong>R\u00f4zne typy:<\/strong> K dispoz\u00edcii s\u00fa v jedno\u010dinnom (prev\u00e1dzkovom v jednom smere) alebo dvoj\u010dinnom (prev\u00e1dzkovom v oboch smeroch) pre splnenie r\u00f4znych prev\u00e1dzkov\u00fdch potrieb. Niektor\u00e9 modely maj\u00fa teleskopick\u00fa kon\u0161trukciu, ktor\u00e1 umo\u017e\u0148uje v\u00e4\u010d\u0161ie vysunutie bez zv\u00e4\u010d\u0161enia vonkaj\u0161\u00edch rozmerov, \u010do je vhodn\u00e9 pre aplik\u00e1cie s obmedzen\u00fdm priestorom.<\/li>\n<\/ul>\n<h2>Na\u0161a v\u00fdrobn\u00e1 kapacita<\/h2>\n<p>S hrdos\u0165ou vyr\u00e1bame tento produkt, \u010d\u00edm zabezpe\u010dujeme, \u017ee na\u0161e valce dok\u00e1\u017eu dokonale nahradi\u0165 existuj\u00face hydraulick\u00e9 valce na trhu.<\/p>\n<p><img decoding=\"async\" src=\"https:\/\/www.hydraulic-cylinders.net\/wp-content\/uploads\/2025\/04\/songte-cylinder-head-with-all-kinds-excavator-models.webp\" alt=\"Obr\u00e1zok v\u00fdroby valcov\"><\/p>\n<h2>Scen\u00e1re aplik\u00e1ci\u00ed<\/h2>\n<h3>Stavebn\u00e9 stroje<\/h3>\n<p>V r\u00fdpadl\u00e1ch je valec v\u00fdlo\u017en\u00edka nevyhnutn\u00fd pre kopanie, nakladanie a premiest\u0148ovanie zeminy alebo sutiny. Tieto valce poskytuj\u00fa potrebn\u00fa silu na preniknutie do zeme, \u010do u\u013eah\u010duje efekt\u00edvne v\u00fdkopov\u00e9 pr\u00e1ce. V r\u00fdpadlo-naklada\u010doch pom\u00e1ha valec ly\u017eice pri kopan\u00ed aj zdv\u00edhan\u00ed, \u010d\u00edm sa zvy\u0161uje v\u0161estrannos\u0165 stroja pri r\u00f4znych stavebn\u00fdch \u00faloh\u00e1ch.<\/p>\n<h3>Po\u013enohospod\u00e1rske stroje<\/h3>\n<p>V \u010deln\u00fdch naklada\u010doch je valec v\u00fdlo\u017en\u00edka k\u013e\u00fa\u010dov\u00fd pre naberanie, zdv\u00edhanie a prepravu p\u00f4dy, sena a in\u00fdch materi\u00e1lov. Jeho spo\u013eahlivos\u0165 a pevnos\u0165 z neho robia nevyhnutn\u00fa s\u00fa\u010das\u0165 v po\u013enohospod\u00e1rskych prev\u00e1dzkach, kde sa vy\u017eaduje efekt\u00edvna manipul\u00e1cia s materi\u00e1lom.<\/p>\n<h3>R\u00fdpadl\u00e1<\/h3>\n<p>R\u00fdpadl\u00e1 vyu\u017e\u00edvaj\u00fa valce v\u00fdlo\u017en\u00edka, ktor\u00e9 umo\u017e\u0148uj\u00fa efekt\u00edvne prenikanie ly\u017eice do zeme, \u010do umo\u017e\u0148uje vykon\u00e1va\u0165 hlbok\u00e9 kopanie. Presnos\u0165 a ovl\u00e1danie, ktor\u00e9 poskytuj\u00fa tieto hydraulick\u00e9 valce, s\u00fa k\u013e\u00fa\u010dom k \u00faspe\u0161n\u00fdm v\u00fdkopov\u00fdm \u00faloh\u00e1m.<\/p>\n<h3>Naklada\u010de<\/h3>\n<p>V \u010deln\u00fdch naklada\u010doch pom\u00e1haj\u00fa valce v\u00fdlo\u017en\u00edka efekt\u00edvne zdv\u00edha\u0165 a vyklada\u0165 bremen\u00e1. Ich schopnos\u0165 poskytova\u0165 vysok\u00fa zdv\u00edhaciu silu zabezpe\u010duje, \u017ee materi\u00e1ly sa daj\u00fa efekt\u00edvne premiest\u0148ova\u0165 a uklada\u0165 tam, kde je to potrebn\u00e9.<\/p>\n<h2>\u00davahy o dizajne a krit\u00e9ri\u00e1 v\u00fdberu<\/h2>\n<h3>Nosnos\u0165<\/h3>\n<p>Pri v\u00fdbere valca v\u00fdlo\u017en\u00edka je nosnos\u0165 k\u013e\u00fa\u010dov\u00e1. Ur\u010duje maxim\u00e1lnu hmotnos\u0165, ktor\u00fa valec dok\u00e1\u017ee bezpe\u010dne zvl\u00e1dnu\u0165 bez poruchy. T\u00fa ovplyv\u0148uje materi\u00e1l pou\u017eit\u00fd na jeho kon\u0161trukciu, priemer valca a hydraulick\u00fd tlak, pod ktor\u00fdm pracuje. Dobre navrhnut\u00fd valec by mal ma\u0165 nosnos\u0165, ktor\u00e1 presahuje maxim\u00e1lne o\u010dak\u00e1van\u00e9 za\u0165a\u017eenie po\u010das prev\u00e1dzky, aby sa zabezpe\u010dila bezpe\u010dnos\u0165 a spo\u013eahlivos\u0165.<\/p>\n<h3>Tesniaci v\u00fdkon<\/h3>\n<p>\u00da\u010dinn\u00e9 tesnenie je nevyhnutn\u00e9 na zabr\u00e1nenie \u00faniku hydraulickej kvapaliny a zabezpe\u010denie efekt\u00edvnej prev\u00e1dzky valca. V\u00fdber vysokokvalitn\u00fdch tesnen\u00ed, ako s\u00fa tesnenia piestov a ty\u010d\u00ed, vyroben\u00fdch z odoln\u00fdch materi\u00e1lov, ako je polyuret\u00e1n alebo nitrilov\u00e1 guma, je k\u013e\u00fa\u010dov\u00fd. Spr\u00e1vne tesnenie predl\u017euje \u017eivotnos\u0165 valca a udr\u017eiava prev\u00e1dzkov\u00fa \u00fa\u010dinnos\u0165 minimaliz\u00e1ciou str\u00e1t kvapaliny.<\/p>\n<h3>Trvanlivos\u0165<\/h3>\n<p>Trvanlivos\u0165 valca ramena je ovplyvnen\u00e1 jeho kon\u0161truk\u010dn\u00fdmi materi\u00e1lmi a kvalitou v\u00fdroby. Vysokopevnostn\u00e9 materi\u00e1ly, ktor\u00e9 odol\u00e1vaj\u00fa opotrebovaniu, s\u00fa nevyhnutn\u00e9 pre dlhodob\u00fd v\u00fdkon. Okrem toho povrchov\u00e9 \u00fapravy a n\u00e1tery m\u00f4\u017eu zv\u00fd\u0161i\u0165 odolnos\u0165 vo\u010di kor\u00f3zii a oderu, \u010d\u00edm sa \u010falej predl\u017euje \u017eivotnos\u0165 valca.<\/p>\n<h3>Bezpe\u010dnostn\u00e9 prvky<\/h3>\n<p>Pri navrhovan\u00ed hydraulick\u00fdch valcov je bezpe\u010dnos\u0165 prvorad\u00e1. Funkcie, ako s\u00fa pretlakov\u00e9 ventily a bezpe\u010dnostn\u00e9 zastavovacie mechanizmy, m\u00f4\u017eu zabr\u00e1ni\u0165 pre\u0165a\u017eeniu a zabezpe\u010di\u0165, aby zariadenie fungovalo v bezpe\u010dn\u00fdch medziach. Tieto bezpe\u010dnostn\u00e9 opatrenia chr\u00e1nia strojn\u00e9 zariadenie aj obsluhu pred potenci\u00e1lnymi nebezpe\u010denstvami spojen\u00fdmi s hydraulick\u00fdmi poruchami.<\/p>\n<h3>Pr\u00edstupnos\u0165 \u00fadr\u017eby<\/h3>\n<p>Navrhovanie valca v\u00fdlo\u017en\u00edka s oh\u013eadom na \u00fadr\u017ebu je nevyhnutn\u00e9 pre zabezpe\u010denie dlhej \u017eivotnosti a v\u00fdkonu. Funkcie, ktor\u00e9 umo\u017e\u0148uj\u00fa jednoduch\u00fd pr\u00edstup k tesneniam a in\u00fdm komponentom, zjednodu\u0161uj\u00fa be\u017en\u00fa \u00fadr\u017ebu, \u010d\u00edm sa zni\u017euj\u00fa prestoje a n\u00e1klady na opravy. Mo\u017enos\u0165 vykon\u00e1va\u0165 pravideln\u00e9 kontroly a \u00fadr\u017ebu \u010dasom v\u00fdrazne zv\u00fd\u0161i v\u00fdkon a spo\u013eahlivos\u0165 valca.<\/p>\n<p><img decoding=\"async\" src=\"https:\/\/www.hydraulic-cylinders.net\/wp-content\/uploads\/2025\/04\/songte-oil-pipes-and-spare-parts.webp\" alt=\"Obr\u00e1zok hydraulick\u00fdch dielov\"><\/p>\n<h2>Tesnenie a mazanie<\/h2>\n<p>\u00da\u010dinnos\u0165 hydraulick\u00fdch valcov vo ve\u013ekej miere z\u00e1vis\u00ed od ich tesniacich a mazac\u00edch syst\u00e9mov. Na udr\u017eanie hydraulick\u00e9ho tlaku a zabr\u00e1nenie \u00fanikom sa pou\u017e\u00edvaj\u00fa r\u00f4zne tesniace komponenty, ako s\u00fa piestne tesnenia a ty\u010dov\u00e9 tesnenia. Pre optim\u00e1lny v\u00fdkon je nevyhnutn\u00fd v\u00fdber tesnen\u00ed vyroben\u00fdch z materi\u00e1lov odoln\u00fdch vo\u010di opotrebovaniu, ako je polyuret\u00e1n a nitrilov\u00fd kau\u010duk. Okrem toho sa teleso valca a z\u00e1vitov\u00e9 konce prech\u00e1dzaj\u00fa presn\u00fdm obr\u00e1ban\u00edm, aby sa zv\u00fd\u0161ila odolnos\u0165 vo\u010di opotrebovaniu.<\/p>\n<p>Pravideln\u00e9 mazanie je tie\u017e k\u013e\u00fa\u010dov\u00e9 pre udr\u017eanie v\u00fdkonu valca. To zah\u0155\u0148a pravideln\u00e9 prid\u00e1vanie vhodn\u00e9ho typu hydraulick\u00e9ho oleja, aby sa zabezpe\u010dila hladk\u00e1 prev\u00e1dzka a zn\u00ed\u017eilo trenie medzi pohybliv\u00fdmi \u010das\u0165ami. Spr\u00e1vne mazanie predl\u017euje \u017eivotnos\u0165 tesnen\u00ed a zabra\u0148uje pred\u010dasn\u00e9mu opotrebovaniu, \u010d\u00edm prispieva k celkovej spo\u013eahlivosti hydraulick\u00e9ho syst\u00e9mu.<\/p>\n<h2>Pravideln\u00e1 kontrola a prevent\u00edvna \u00fadr\u017eba<\/h2>\n<ul>\n<li><strong>Vizu\u00e1lne kontroly:<\/strong> Pravideln\u00e9 vizu\u00e1lne kontroly pom\u00e1haj\u00fa identifikova\u0165 ak\u00e9ko\u013evek zn\u00e1mky opotrebovania, netesnost\u00ed alebo po\u0161kodenia. Obsluha by mala by\u0165 vy\u0161kolen\u00e1, aby v\u010das rozpoznala potenci\u00e1lne probl\u00e9my, ako s\u00fa rozstrapkan\u00e9 tesnenia alebo \u00faniky kvapal\u00edn, a aby ich mohla promptne rie\u0161i\u0165.<\/li>\n<li><strong>Pl\u00e1n mazania:<\/strong> Stanovenie pravideln\u00e9ho harmonogramu mazania je nevyhnutn\u00e9 pre udr\u017eanie v\u00fdkonu valca. Obsluha by mala dodr\u017eiava\u0165 odpor\u00fa\u010dania v\u00fdrobcu t\u00fdkaj\u00face sa intervalov a mno\u017estiev mazania a zabezpe\u010di\u0165, aby v\u0161etky pohybliv\u00e9 \u010dasti boli dostato\u010dne namazan\u00e9, aby sa zn\u00ed\u017eilo trenie a opotrebovanie.<\/li>\n<li><strong>V\u00fdmena tesnenia:<\/strong> Pravideln\u00e1 kontrola a v\u00fdmena tesnen\u00ed pod\u013ea potreby je nevyhnutn\u00e1 na udr\u017eanie hydraulick\u00e9ho tlaku a predch\u00e1dzanie \u00fanikom. Obsluha by mala by\u0165 obozn\u00e1men\u00e1 so zna\u010dkami, ktor\u00e9 indikuj\u00fa potrebu v\u00fdmeny tesnen\u00ed, aby sa zabezpe\u010dila efekt\u00edvna prev\u00e1dzka valca.<\/li>\n<\/ul>\n<h2>Pokyny na in\u0161tal\u00e1ciu<\/h2>\n<p>Spr\u00e1vna in\u0161tal\u00e1cia valcov ramena je nevyhnutn\u00e1 pre bezpe\u010dn\u00fa a efekt\u00edvnu prev\u00e1dzku. Uistite sa, \u017ee valec je spr\u00e1vne zarovnan\u00fd s mont\u00e1\u017enymi bodmi, aby ste predi\u0161li nadmern\u00e9mu nam\u00e1haniu a mo\u017en\u00e9mu zlyhaniu. Na pevn\u00e9 upevnenie valca pou\u017eite vhodn\u00e9 mont\u00e1\u017ene konzoly. Po\u010das in\u0161tal\u00e1cie sa uistite, \u017ee v\u0161etky hydraulick\u00e9 vedenia s\u00fa spr\u00e1vne pripojen\u00e9 bez zalomen\u00ed alebo prek\u00e1\u017eok, ktor\u00e9 by mohli br\u00e1ni\u0165 toku kvapaliny.<\/p>\n<p>Je tie\u017e d\u00f4le\u017eit\u00e9 odvzdu\u0161ni\u0165 hydraulick\u00fd syst\u00e9m od ak\u00fdchko\u013evek vzduchov\u00fdch bubl\u00edn, ktor\u00e9 sa m\u00f4\u017eu vytvori\u0165 po\u010das in\u0161tal\u00e1cie, preto\u017ee zachyten\u00fd vzduch m\u00f4\u017ee ovplyvni\u0165 v\u00fdkon valca. Po in\u0161tal\u00e1cii vykonajte sk\u00fa\u0161obn\u00fa prev\u00e1dzku, aby ste sa uistili, \u017ee valec funguje hladko a presne reaguje na ovl\u00e1dacie povely. Po in\u0161tal\u00e1cii pravidelne kontrolujte netesnosti okolo armat\u00far a tesnen\u00ed, aby ste zabezpe\u010dili integritu hydraulick\u00e9ho syst\u00e9mu.<\/p>\n<h2>Be\u017en\u00e9 \u00falohy \u00fadr\u017eby<\/h2>\n<ul>\n<li><strong>Pravideln\u00e9 kontroly:<\/strong> Vykon\u00e1vanie pravideln\u00fdch kontrol valca ramena pom\u00e1ha identifikova\u0165 probl\u00e9my sk\u00f4r, ako sa vyhrotia. Skontrolujte, \u010di netesnosti, opotrebovanie alebo zn\u00e1mky po\u0161kodenia nevykazuj\u00fa, aby sa zachovala prev\u00e1dzkov\u00e1 \u00fa\u010dinnos\u0165.<\/li>\n<li><strong>Spr\u00e1vne mazanie:<\/strong> Dobre namazan\u00fd valec je nevyhnutn\u00fd pre hladk\u00fd chod. Dodr\u017eiavajte pokyny v\u00fdrobcu t\u00fdkaj\u00face sa typu a frekvencie mazania, aby ste predi\u0161li treniu a opotrebovaniu.<\/li>\n<li><strong>V\u00fdmena tesnenia:<\/strong> Pravidelne kontrolujte stav tesnen\u00ed. Ak s\u00fa zjavn\u00e9 zn\u00e1mky opotrebovania alebo degrad\u00e1cie, tesnenia ihne\u010f vyme\u0148te, aby ste predi\u0161li \u00faniku hydraulickej kvapaliny a zachovali v\u00fdkon.<\/li>\n<\/ul>\n<h2>Bezpe\u010dnostn\u00e9 aspekty a faktory prostredia<\/h2>\n<p>Pri obsluhe hydraulick\u00fdch zariaden\u00ed s\u00fa bezpe\u010dnostn\u00e9 opatrenia prvorad\u00e9. Obsluha by mala nosi\u0165 vhodn\u00e9 osobn\u00e9 ochrann\u00e9 prostriedky (OOP) a zabezpe\u010di\u0165, aby bezpe\u010dnostn\u00e9 prvky na strojoch spr\u00e1vne fungovali. Je tie\u017e d\u00f4le\u017eit\u00e9 dodr\u017eiava\u0165 pokyny v\u00fdrobcu t\u00fdkaj\u00face sa prev\u00e1dzky a \u00fadr\u017eby hydraulick\u00fdch valcov, aby sa minimalizovalo riziko neh\u00f4d.<\/p>\n<p>Mali by sa zv\u00e1\u017ei\u0165 aj environment\u00e1lne faktory. Spr\u00e1vna likvid\u00e1cia hydraulick\u00fdch kvapal\u00edn a \u00fadr\u017ebov\u00fdch materi\u00e1lov je nevyhnutn\u00e1 na predch\u00e1dzanie ekologick\u00fdm \u0161kod\u00e1m. Pou\u017e\u00edvanie ekologick\u00fdch hydraulick\u00fdch olejov m\u00f4\u017ee \u010falej zn\u00ed\u017ei\u0165 vplyv hydraulick\u00fdch oper\u00e1ci\u00ed na \u017eivotn\u00e9 prostredie.<\/p>\n<h2>Diagnostika por\u00fach a be\u017en\u00e9 probl\u00e9my<\/h2>\n<ul>\n<li><strong>Netesn\u00e9 tesnenia:<\/strong> Jedn\u00fdm z naj\u010dastej\u0161\u00edch probl\u00e9mov s\u00fa netesn\u00e9 tesnenia, ktor\u00e9 m\u00f4\u017eu vies\u0165 k poklesu hydraulick\u00e9ho tlaku. Tento probl\u00e9m m\u00f4\u017ee vy\u017eadova\u0165 okam\u017eit\u00fa kontrolu a v\u00fdmenu tesnenia.<\/li>\n<li><strong>Pomal\u00e1 prev\u00e1dzka:<\/strong> Ak sa valec ramena ot\u00e1\u010da pomaly, m\u00f4\u017ee to znamena\u0165 n\u00edzku hladinu hydraulickej kvapaliny alebo vzduch zachyten\u00fd v syst\u00e9me. Kontrola hladiny kvapal\u00edn a odvzdu\u0161nenie syst\u00e9mu by mali by\u0165 prv\u00fdmi krokmi pri rie\u0161en\u00ed probl\u00e9mov.<\/li>\n<li><strong>Nereaguj\u00face ovl\u00e1dacie prvky:<\/strong> Nereaguj\u00faci valec ramena m\u00f4\u017ee nazna\u010dova\u0165 hydraulick\u00e9 blok\u00e1dy alebo poruchy v ovl\u00e1dacom syst\u00e9me. Je potrebn\u00e9 skontrolova\u0165 hydraulick\u00e9 potrubia a ovl\u00e1dacie ventily, \u010di nie s\u00fa upchat\u00e9.<\/li>\n<\/ul>\n<h2>Tipy na rie\u0161enie probl\u00e9mov<\/h2>\n<p>Aby oper\u00e1tori mohli efekt\u00edvne diagnostikova\u0165 a vyrie\u0161i\u0165 probl\u00e9my s valcom v\u00fdlo\u017en\u00edka, mali by najprv identifikova\u0165 ak\u00e9ko\u013evek abnorm\u00e1lne pr\u00edznaky po\u010das prev\u00e1dzky. Pravideln\u00e9 z\u00e1znamy o \u00fadr\u017ebe m\u00f4\u017eu pom\u00f4c\u0165 sledova\u0165 zmeny v\u00fdkonu v priebehu \u010dasu. V pr\u00edpade netesn\u00fdch tesnen\u00ed je nevyhnutn\u00e1 okam\u017eit\u00e1 kontrola a v\u00fdmena, aby sa predi\u0161lo strate hydraulickej kvapaliny. Pri pomalej prev\u00e1dzke m\u00f4\u017ee kontrola hladiny kvapaliny a zabezpe\u010denie toho, aby sa v syst\u00e9me nenach\u00e1dzal vzduch, obnovi\u0165 v\u00fdkon. V pr\u00edpade nereaguj\u00facich ovl\u00e1dac\u00edch prvkov m\u00f4\u017ee probl\u00e9m odhali\u0165 kontrola had\u00edc a ventilov, \u010di nie s\u00fa upchat\u00e9.<\/p>\n<p>Zav\u00e1dzanie prevent\u00edvnych opatren\u00ed, ako s\u00fa pravideln\u00e9 kontroly a v\u010dasn\u00e1 \u00fadr\u017eba, m\u00f4\u017ee minimalizova\u0165 riziko v\u00fdskytu t\u00fdchto be\u017en\u00fdch probl\u00e9mov. Obsluha by mala by\u0165 vy\u0161kolen\u00e1 v rozpozn\u00e1van\u00ed v\u010dasn\u00fdch varovn\u00fdch sign\u00e1lov, aby umo\u017enila r\u00fdchle n\u00e1pravn\u00e9 opatrenia a zabezpe\u010dila funk\u010dnos\u0165 a \u00fa\u010dinnos\u0165 hydraulick\u00e9ho syst\u00e9mu.<\/p>\n<p><img decoding=\"async\" src=\"https:\/\/www.hydraulic-cylinders.net\/wp-content\/uploads\/2025\/04\/songte-bushings-with-all-kinds-of-excavator-models.webp\" alt=\"Obr\u00e1zok puzdier\"><\/p>\n<h2>Preh\u013ead spolo\u010dnosti<\/h2>\n<p>Sme v\u00fdrobcom n\u00e1hradn\u00fdch hydraulick\u00fdch valcov a pon\u00fakame komplexn\u00fd sortiment produktov. Ako jeden z popredn\u00fdch v\u00fdrobcov a ve\u013ekoobchodn\u00edkov s hydraulick\u00fdmi valcami na dom\u00e1com aj medzin\u00e1rodnom trhu sa dr\u017e\u00edme excelentnosti v oblasti kvality a efekt\u00edvnych strat\u00e9gi\u00ed riadenia v\u00fdroby. Na\u0161a spolo\u010dnos\u0165 neust\u00e1le zvy\u0161uje v\u00fdrobn\u00e9 kapacity vyu\u017e\u00edvan\u00edm kvalifikovan\u00fdch odborn\u00edkov, pokro\u010dil\u00fdch digit\u00e1lnych v\u00fdrobn\u00fdch zariaden\u00ed a komplexn\u00fdch testovac\u00edch syst\u00e9mov.<\/p>\n<p>Zaviazali sme sa uspokojova\u0165 rozmanit\u00e9 potreby z\u00e1kazn\u00edkov s vysokou efektivitou, presnos\u0165ou a kvalitou. Na\u0161e produkty s\u00fa navrhnut\u00e9 s d\u00f4razom na prisp\u00f4sobenie, aby sme zabezpe\u010dili, \u017ee sp\u013a\u0148ame \u0161pecifick\u00e9 po\u017eiadavky klientov a z\u00e1rove\u0148 si zachov\u00e1vame medzin\u00e1rodn\u00e9 certifik\u00e1cie. N\u00e1\u0161 robustn\u00fd popredajn\u00fd servis n\u00e1s \u010falej odli\u0161uje ako spo\u013eahliv\u00e9ho partnera v odvetv\u00ed hydraulick\u00fdch valcov.<\/p>\n<p><img decoding=\"async\" src=\"https:\/\/www.hydraulic-cylinders.net\/wp-content\/uploads\/2025\/04\/songte-company-4.webp\" alt=\"Obr\u00e1zok spolo\u010dnosti\"><br \/>\n<img decoding=\"async\" src=\"https:\/\/www.hydraulic-cylinders.net\/wp-content\/uploads\/2025\/04\/songte-company-3.webp\" alt=\"Obr\u00e1zok spolo\u010dnosti\"><\/p>\n<p>Autor: lyl<\/p>","protected":false},"excerpt":{"rendered":"<p>Boom Cylinder For NHIG 2306LC Product Overview The Boom Cylinder for NHIG 2306LC is a specialized hydraulic cylinder designed for heavy machinery, particularly excavators, backhoe loaders, and front loaders. This type of hydraulic cylinder controls the movement of the bucket, enabling it to lift, lower, and tilt efficiently. The boom cylinder plays a crucial role [&hellip;]<\/p>","protected":false},"featured_media":17870,"comment_status":"open","ping_status":"closed","template":"","meta":{"_et_pb_use_builder":"","_et_pb_old_content":"","_et_gb_content_width":""},"product_brand":[],"product_cat":[1546],"product_tag":[1547,1496],"class_list":{"0":"post-19667","1":"product","2":"type-product","3":"status-publish","4":"has-post-thumbnail","6":"product_cat-boom-cylinders","7":"product_tag-boom-cylinders","8":"product_tag-hydraulic-cylinders","10":"first","11":"instock","12":"shipping-taxable","13":"product-type-simple"},"amp_enabled":true,"_links":{"self":[{"href":"https:\/\/www.hydraulic-cylinders.net\/sk\/wp-json\/wp\/v2\/product\/19667","targetHints":{"allow":["GET"]}}],"collection":[{"href":"https:\/\/www.hydraulic-cylinders.net\/sk\/wp-json\/wp\/v2\/product"}],"about":[{"href":"https:\/\/www.hydraulic-cylinders.net\/sk\/wp-json\/wp\/v2\/types\/product"}],"replies":[{"embeddable":true,"href":"https:\/\/www.hydraulic-cylinders.net\/sk\/wp-json\/wp\/v2\/comments?post=19667"}],"wp:featuredmedia":[{"embeddable":true,"href":"https:\/\/www.hydraulic-cylinders.net\/sk\/wp-json\/wp\/v2\/media\/17870"}],"wp:attachment":[{"href":"https:\/\/www.hydraulic-cylinders.net\/sk\/wp-json\/wp\/v2\/media?parent=19667"}],"wp:term":[{"taxonomy":"product_brand","embeddable":true,"href":"https:\/\/www.hydraulic-cylinders.net\/sk\/wp-json\/wp\/v2\/product_brand?post=19667"},{"taxonomy":"product_cat","embeddable":true,"href":"https:\/\/www.hydraulic-cylinders.net\/sk\/wp-json\/wp\/v2\/product_cat?post=19667"},{"taxonomy":"product_tag","embeddable":true,"href":"https:\/\/www.hydraulic-cylinders.net\/sk\/wp-json\/wp\/v2\/product_tag?post=19667"}],"curies":[{"name":"pracovn\u00fd list","href":"https:\/\/api.w.org\/{rel}","templated":true}]}}