{"id":19670,"date":"2025-04-07T07:00:52","date_gmt":"2025-04-07T07:00:52","guid":{"rendered":"https:\/\/www.hydraulic-cylinders.net\/product\/boom-cylinder-for-bada-wysbd500c-s\/"},"modified":"2025-04-07T07:00:56","modified_gmt":"2025-04-07T07:00:56","slug":"boom-cylinder-for-bada-wysbd500c-s","status":"publish","type":"product","link":"https:\/\/www.hydraulic-cylinders.net\/sk\/produkt\/boom-cylinder-for-bada-wysbd500c-s\/","title":{"rendered":"Valec v\u00fdlo\u017en\u00edka pre Bada WYSBD500C-S"},"content":{"rendered":"<h1>Valec v\u00fdlo\u017en\u00edka pre Bada WYSBD500C-S<\/h1>\n<h2>Pochopenie valca v\u00fdlo\u017en\u00edka<\/h2>\n<p>Hydraulick\u00fd valec v\u00fdlo\u017en\u00edka, \u0161peci\u00e1lne navrhnut\u00fd pre Bada WYSBD500C-S, je z\u00e1kladnou s\u00fa\u010das\u0165ou hydraulick\u00fdch syst\u00e9mov pou\u017e\u00edvan\u00fdch v r\u00f4znych \u0165a\u017ek\u00fdch strojoch. Tento typ hydraulick\u00e9ho valca sa pou\u017e\u00edva predov\u0161etk\u00fdm na ovl\u00e1danie pohybu ly\u017e\u00edc v bagroch, r\u00fdpadl\u00e1ch a \u010deln\u00fdch naklada\u010doch. Umo\u017enen\u00edm zdv\u00edhania, sp\u00fa\u0161\u0165ania a nakl\u00e1\u0148ania ly\u017eice v\u00fdrazne u\u013eah\u010duje \u00falohy manipul\u00e1cie s materi\u00e1lom. Valec ly\u017eice funguje na princ\u00edpe vyu\u017e\u00edvania tlaku hydraulick\u00e9ho oleja na vytv\u00e1ranie pohybu, \u010do z neho rob\u00ed k\u013e\u00fa\u010dov\u00fd prvok pri zabezpe\u010dovan\u00ed \u00fa\u010dinnosti a efekt\u00edvnosti prev\u00e1dzky \u0165a\u017ek\u00fdch strojov.<\/p>\n<p><img decoding=\"async\" src=\"https:\/\/www.hydraulic-cylinders.net\/wp-content\/uploads\/2025\/04\/songte-company-1.webp\" alt=\"Valec v\u00fdlo\u017en\u00edka\" \/><\/p>\n<h2>Vlastnosti valca v\u00fdlo\u017en\u00edka<\/h2>\n<h3>Vysok\u00e1 pevnos\u0165 a odolnos\u0165<\/h3>\n<ul>\n<li>Vyroben\u00e9 z vysokopevnostnej ocele alebo hlin\u00edka, \u010do umo\u017e\u0148uje odol\u00e1va\u0165 vysok\u00e9mu tlaku a \u0165a\u017ek\u00fdm za\u0165a\u017eeniam.<\/li>\n<li>Navrhnut\u00e9 pre prev\u00e1dzku v n\u00e1ro\u010dn\u00fdch pracovn\u00fdch prostrediach s oh\u013eadom na odolnos\u0165 vo\u010di opotrebovaniu a ochranu pred kor\u00f3ziou.<\/li>\n<li>Pred\u013a\u017een\u00e1 \u017eivotnos\u0165 v\u010faka pr\u00edsnym v\u00fdrobn\u00fdm \u0161tandardom.<\/li>\n<\/ul>\n<h3>Efekt\u00edvna hydraulick\u00e1 prev\u00e1dzka<\/h3>\n<ul>\n<li>Vyu\u017e\u00edva hydraulick\u00fd tlak oleja pre plynul\u00e9 vys\u00favanie a zas\u00favanie.<\/li>\n<li>R\u00fdchlo reaguje na povely oper\u00e1tora a poskytuje v\u00fdkonn\u00e9 funkcie tla\u010denia a \u0165ahania.<\/li>\n<li>Ide\u00e1lne na manipul\u00e1ciu s \u0165a\u017ek\u00fdmi predmetmi a vykon\u00e1vanie zlo\u017eit\u00fdch \u00faloh s presnos\u0165ou.<\/li>\n<\/ul>\n<h3>R\u00f4zne typy<\/h3>\n<ul>\n<li>Mo\u017enosti medzi jedno\u010dinn\u00fdmi (pracuj\u00facimi v jednom smere) a dvoj\u010dinn\u00fdmi (pracuj\u00facimi v oboch smeroch) valcami pre r\u00f4zne prev\u00e1dzkov\u00e9 po\u017eiadavky.<\/li>\n<li>Niektor\u00e9 modely s\u00fa teleskopick\u00e9, \u010do umo\u017e\u0148uje v\u00e4\u010d\u0161ie vysunutie bez zv\u00e4\u010d\u0161enia vonkaj\u0161\u00edch rozmerov, vhodn\u00e9 pre aplik\u00e1cie s obmedzen\u00fdm priestorom.<\/li>\n<\/ul>\n<p>Na\u0161a spolo\u010dnos\u0165 sa \u0161pecializuje na v\u00fdrobu t\u00fdchto valcov, \u010d\u00edm zabezpe\u010duje, \u017ee dokonale nahradia existuj\u00face hydraulick\u00e9 valce.<\/p>\n<p><img decoding=\"async\" src=\"https:\/\/www.hydraulic-cylinders.net\/wp-content\/uploads\/2025\/04\/songte-cylinder-head-with-all-kinds-excavator-models.webp\" alt=\"Modely bagrov\" \/><\/p>\n<h2>Aplik\u00e1cie valca v\u00fdlo\u017en\u00edka<\/h2>\n<h3>Stavebn\u00e9 stroje<\/h3>\n<p>V stavebn\u00fdch strojoch, ako s\u00fa bagre, hr\u00e1 valec v\u00fdlo\u017en\u00edka k\u013e\u00fa\u010dov\u00fa \u00falohu pri v\u00fdkopov\u00fdch pr\u00e1cach, nakladan\u00ed a premiest\u0148ovan\u00ed zeminy alebo sutiny. Jeho hydraulick\u00fd v\u00fdkon umo\u017e\u0148uje hlbok\u00e9 kopanie do zeme, zatia\u013e \u010do jeho efekt\u00edvny zdv\u00edhac\u00ed pohyb umo\u017e\u0148uje prepravu materi\u00e1lov na po\u017eadovan\u00e9 miesta. Ke\u010f je integrovan\u00fd do r\u00fdpadlo-naklada\u010dov, pom\u00e1ha nielen pri v\u00fdkopov\u00fdch, ale aj pri zdv\u00edhac\u00edch oper\u00e1ci\u00e1ch, v\u010faka \u010domu je v\u0161estrann\u00fdm n\u00e1strojom pre stavebn\u00e9 \u00falohy.<\/p>\n<h3>Po\u013enohospod\u00e1rske stroje<\/h3>\n<p>V po\u013enohospod\u00e1rskych aplik\u00e1ci\u00e1ch je valec v\u00fdlo\u017en\u00edka k\u013e\u00fa\u010dov\u00fd pre \u010deln\u00e9 naklada\u010de, preto\u017ee u\u013eah\u010duje naberanie, zdv\u00edhanie a prepravu p\u00f4dy, sena a in\u00fdch materi\u00e1lov. Jeho hydraulick\u00e1 sila podporuje r\u00f4zne po\u013enohospod\u00e1rske \u00falohy, \u010do umo\u017e\u0148uje farm\u00e1rom efekt\u00edvne riadi\u0165 svoje oper\u00e1cie a zvy\u0161ova\u0165 produktivitu.<\/p>\n<h3>R\u00fdpadl\u00e1<\/h3>\n<p>Pre r\u00fdpadl\u00e1 je valec v\u00fdlo\u017en\u00edka nevyhnutn\u00fd na to, aby umo\u017enil ly\u017eici prenikn\u00fa\u0165 do zeme po\u010das kopania. T\u00e1to schopnos\u0165 zais\u0165uje efekt\u00edvne v\u00fdkopov\u00e9 pr\u00e1ce z r\u00f4znych materi\u00e1lov, v\u010faka \u010domu je nevyhnutnou s\u00fa\u010das\u0165ou pri zemn\u00fdch pr\u00e1cach.<\/p>\n<h3>Naklada\u010de<\/h3>\n<p>V \u010deln\u00fdch naklada\u010doch valce v\u00fdlo\u017en\u00edka efekt\u00edvne pom\u00e1haj\u00fa pri zdv\u00edhan\u00ed a vykladan\u00ed materi\u00e1lov. Ich kon\u0161trukcia umo\u017e\u0148uje plynul\u00fd chod, \u010do u\u013eah\u010duje manipul\u00e1ciu so sypk\u00fdmi materi\u00e1lmi a zvy\u0161uje r\u00fdchlos\u0165 a efektivitu pr\u00e1ce na mieste.<\/p>\n<h2>\u00davahy o dizajne a krit\u00e9ri\u00e1 v\u00fdberu<\/h2>\n<h3>Nosnos\u0165<\/h3>\n<p>Pri v\u00fdbere valca ramena je prvorad\u00e9 pochopenie jeho nosnosti. Valec mus\u00ed bezchybne odol\u00e1va\u0165 prev\u00e1dzkov\u00e9mu za\u0165a\u017eeniu, \u010d\u00edm sa zabezpe\u010d\u00ed bezpe\u010dnos\u0165 a \u00fa\u010dinnos\u0165. V\u00fdrobcovia zvy\u010dajne uv\u00e1dzaj\u00fa menovit\u00e9 za\u0165a\u017eenie na z\u00e1klade rozsiahleho testovania, preto je nevyhnutn\u00e9 vybra\u0165 si valec, ktor\u00fd sp\u013a\u0148a alebo prekra\u010duje po\u017eiadavky na jeho zam\u00fd\u0161\u013ean\u00e9 pou\u017eitie.<\/p>\n<h3>Tesnenie<\/h3>\n<p>\u00da\u010dinn\u00e9 tesnenie je k\u013e\u00fa\u010dov\u00e9 pre udr\u017eanie hydraulick\u00e9ho tlaku. Vysokokvalitn\u00e9 tesnenia zabra\u0148uj\u00fa \u00fanikom a zabezpe\u010duj\u00fa optim\u00e1lny v\u00fdkon valca. V\u00fdrobcovia \u010dasto pou\u017e\u00edvaj\u00fa tesnenia vyroben\u00e9 z odoln\u00fdch materi\u00e1lov, ako je polyuret\u00e1n alebo nitrilov\u00fd kau\u010duk, ktor\u00e9 s\u00fa navrhnut\u00e9 tak, aby odolali opotrebovaniu a drsn\u00fdm podmienkam. Pravideln\u00e9 kontroly a v\u010dasn\u00e9 v\u00fdmeny predl\u017euj\u00fa \u017eivotnos\u0165 valca.<\/p>\n<h3>Trvanlivos\u0165<\/h3>\n<p>Trvanlivos\u0165 je k\u013e\u00fa\u010dov\u00fdm faktorom pri kon\u0161trukcii valcov ramena. Komponenty s\u00fa \u010dasto vystaven\u00e9 extr\u00e9mnym podmienkam vr\u00e1tane zmien tlaku a vplyvov prostredia. Preto v\u00fdber valca vyroben\u00e9ho z vysokopevnostn\u00fdch materi\u00e1lov s ochrann\u00fdmi povlakmi m\u00f4\u017ee v\u00fdrazne pred\u013a\u017ei\u0165 jeho \u017eivotnos\u0165 a zn\u00ed\u017ei\u0165 potrebu \u00fadr\u017eby.<\/p>\n<h3>Bezpe\u010dnostn\u00e9 prvky<\/h3>\n<p>Pri navrhovan\u00ed hydraulick\u00fdch valcov s\u00fa bezpe\u010dnostn\u00e9 aspekty k\u013e\u00fa\u010dov\u00e9. Funkcie, ako s\u00fa pretlakov\u00e9 ventily a mechanizmy bezpe\u010dn\u00e9ho upevnenia, zais\u0165uj\u00fa bezpe\u010dn\u00fa prev\u00e1dzku. V\u00fdber valcov so zabudovan\u00fdmi bezpe\u010dnostn\u00fdmi prvkami pom\u00e1ha predch\u00e1dza\u0165 nehod\u00e1m a po\u0161kodeniu zariaden\u00ed, \u010d\u00edm prispieva k bezpe\u010dnej\u0161iemu pracovn\u00e9mu prostrediu.<\/p>\n<h3>Pr\u00edstupnos\u0165 \u00fadr\u017eby<\/h3>\n<p>Kon\u0161trukcia valca v\u00fdlo\u017en\u00edka by mala zoh\u013ead\u0148ova\u0165 aj jednoduch\u00fa \u00fadr\u017ebu. Pr\u00edstupn\u00e9 servisn\u00e9 body umo\u017e\u0148uj\u00fa r\u00fdchle kontroly a opravy, \u010d\u00edm sa minimalizuj\u00fa prestoje. Pravideln\u00e1 \u00fadr\u017eba je nevyhnutn\u00e1 pre zabezpe\u010denie efekt\u00edvnej a bezpe\u010dnej prev\u00e1dzky valca a pred\u013a\u017eenie jeho \u017eivotnosti.<\/p>\n<p><img decoding=\"async\" src=\"https:\/\/www.hydraulic-cylinders.net\/wp-content\/uploads\/2025\/04\/songte-oil-pipes-and-spare-parts.webp\" alt=\"Olejov\u00e9 potrubia a n\u00e1hradn\u00e9 diely\" \/><\/p>\n<h2>Tesnenie a mazanie hydraulick\u00e9ho valca<\/h2>\n<p>Na udr\u017eanie optim\u00e1lneho v\u00fdkonu sa pou\u017e\u00edvaj\u00fa r\u00f4zne tesniace komponenty vr\u00e1tane tesnen\u00ed piestov a tesnen\u00ed ty\u010d\u00ed. Tesnenia vyroben\u00e9 z materi\u00e1lov odoln\u00fdch vo\u010di opotrebovaniu, ako je polyuret\u00e1n a nitrilov\u00fd kau\u010duk, s\u00fa nevyhnutn\u00e9 na zabr\u00e1nenie \u00faniku hydraulickej kvapaliny a udr\u017eanie tlaku. Okrem toho sa teleso valca a z\u00e1vitov\u00e9 konce prech\u00e1dzaj\u00fa presn\u00fdm obr\u00e1ban\u00edm, aby sa zv\u00fd\u0161ila odolnos\u0165 vo\u010di opotrebovaniu. Pravideln\u00e9 mazanie hydraulick\u00fdm olejom je nevyhnutn\u00e9 na zabezpe\u010denie hladkej prev\u00e1dzky a zabr\u00e1nenie vn\u00fatorn\u00e9mu po\u0161kodeniu, ktor\u00e9 si vy\u017eaduje pravideln\u00e9 kontroly a dop\u013a\u0148anie.<\/p>\n<h2>Pravideln\u00e9 kontroly a opatrenia prevent\u00edvnej \u00fadr\u017eby<\/h2>\n<ul>\n<li><strong>Rutinn\u00e1 kontrola:<\/strong> Pravideln\u00e9 kontroly valca ramena s\u00fa nevyhnutn\u00e9 na identifik\u00e1ciu zn\u00e1mok opotrebovania, netesnost\u00ed a po\u0161kodenia. Pl\u00e1novan\u00e9 kontroly umo\u017e\u0148uj\u00fa v\u010dasn\u00e9 z\u00e1sahy, ktor\u00e9 m\u00f4\u017eu v bud\u00facnosti pred\u00eds\u0165 z\u00e1va\u017enej\u0161\u00edm probl\u00e9mom.<\/li>\n<li><strong>Prevent\u00edvna \u00fadr\u017eba:<\/strong> Zavedenie prevent\u00edvneho pl\u00e1nu \u00fadr\u017eby m\u00f4\u017ee v\u00fdrazne zlep\u0161i\u0165 v\u00fdkon a \u017eivotnos\u0165 valca. Pravideln\u00e9 \u00fadr\u017eb\u00e1rske \u00falohy by mali zah\u0155\u0148a\u0165 kontrolu tesnen\u00ed, mazanie pohybliv\u00fdch \u010dast\u00ed a zabezpe\u010denie spr\u00e1vnej hladiny hydraulickej kvapaliny.<\/li>\n<li><strong>V\u00fdmena komponentov:<\/strong> Sledovanie opotrebovania komponentov a ich v\u00fdmena v pr\u00edpade potreby je k\u013e\u00fa\u010dov\u00e1 pre udr\u017eanie prev\u00e1dzkovej efekt\u00edvnosti. Pravideln\u00e1 v\u00fdmena tesnen\u00ed, had\u00edc a in\u00fdch kritick\u00fdch \u010dast\u00ed m\u00f4\u017ee predch\u00e1dza\u0165 poruch\u00e1m a pred\u013a\u017ei\u0165 \u017eivotnos\u0165 zariadenia.<\/li>\n<\/ul>\n<h2>Pokyny na in\u0161tal\u00e1ciu<\/h2>\n<p>Pre zabezpe\u010denie spr\u00e1vnej in\u0161tal\u00e1cie valca ramena postupujte pod\u013ea t\u00fdchto pokynov:<\/p>\n<ol>\n<li>Zabezpe\u010dte spr\u00e1vne zarovnanie valca s mont\u00e1\u017enymi bodmi na stroji.<\/li>\n<li>Na upevnenie valca na mieste pou\u017eite vhodn\u00e9 mont\u00e1\u017ene konzoly, ktor\u00e9 zabr\u00e1nia jeho pohybu po\u010das prev\u00e1dzky.<\/li>\n<li>Dodr\u017eiavajte pokyny v\u00fdrobcu t\u00fdkaj\u00face sa nastavenia kr\u00fatiaceho momentu na skrutk\u00e1ch a spojoch, aby ste zabezpe\u010dili bezpe\u010dn\u00e9 upevnenie.<\/li>\n<li>Po in\u0161tal\u00e1cii skontrolujte tesnos\u0165 v\u0161etk\u00fdch hydraulick\u00fdch spojov a uistite sa, \u017ee hladina hydraulickej kvapaliny je dostato\u010dn\u00e1.<\/li>\n<li>Vykonajte sk\u00fa\u0161obn\u00fa prev\u00e1dzku, aby ste overili, \u010di valec funguje spr\u00e1vne a \u010di nie s\u00fa \u017eiadne prek\u00e1\u017eky alebo nespr\u00e1vne zarovnanie.<\/li>\n<\/ol>\n<h2>Be\u017en\u00e9 \u00falohy \u00fadr\u017eby<\/h2>\n<ul>\n<li><strong>Pravideln\u00e9 kontroly:<\/strong> \u010cast\u00e9 kontroly valca ramena, \u010di nevykazuje zn\u00e1mky opotrebovania alebo po\u0161kodenia, s\u00fa nevyhnutn\u00e9. V\u010dasn\u00e1 identifik\u00e1cia potenci\u00e1lnych probl\u00e9mov m\u00f4\u017ee u\u0161etri\u0165 \u010das a n\u00e1klady spojen\u00e9 s poruchou zariadenia.<\/li>\n<li><strong>Spr\u00e1vne mazanie:<\/strong> Zabezpe\u010denie dostato\u010dn\u00e9ho mazania hydraulick\u00e9ho valca zabra\u0148uje vn\u00fatorn\u00e9mu opotrebovaniu a umo\u017e\u0148uje plynul\u00fd chod. Pravidelne kontrolujte a pod\u013ea potreby dop\u013a\u0148ajte hydraulick\u00fd olej.<\/li>\n<li><strong>V\u00fdmena tesnenia:<\/strong> Tesnenia sa \u010dasom m\u00f4\u017eu opotrebova\u0165, \u010do vedie k netesnostiam a zn\u00ed\u017eeniu v\u00fdkonu. Pravideln\u00e1 kontrola a v\u00fdmena tesnen\u00ed je nevyhnutn\u00e1 pre zachovanie integrity hydraulick\u00e9ho valca.<\/li>\n<\/ul>\n<h2>Bezpe\u010dnostn\u00e9 aspekty a faktory prostredia<\/h2>\n<p>Pri pou\u017e\u00edvan\u00ed hydraulick\u00fdch valcov je nevyhnutn\u00e9 integrova\u0165 bezpe\u010dnostn\u00e9 opatrenia na ochranu obsluhy a okolit\u00e9ho person\u00e1lu. Implement\u00e1cia vhodn\u00fdch \u0161koliacich programov o bezpe\u010dnej prev\u00e1dzke a \u00fadr\u017ebe hydraulick\u00fdch syst\u00e9mov m\u00f4\u017ee v\u00fdrazne zn\u00ed\u017ei\u0165 po\u010det neh\u00f4d. Okrem toho zv\u00e1\u017ete environment\u00e1lne faktory, ako je likvid\u00e1cia kvapal\u00edn a \u010distenie zariaden\u00ed, aby ste minimalizovali ekologick\u00fd dopad, zabezpe\u010dili s\u00falad s priemyseln\u00fdmi predpismi a podporili udr\u017eate\u013en\u00e9 postupy.<\/p>\n<h2>Diagnostika por\u00fach a be\u017en\u00e9 probl\u00e9my<\/h2>\n<ul>\n<li><strong>\u00danik:<\/strong> Jedn\u00fdm z naj\u010dastej\u0161\u00edch probl\u00e9mov s hydraulick\u00fdmi valcami je \u00fanik kvapaliny, ktor\u00fd m\u00f4\u017ee by\u0165 sp\u00f4soben\u00fd opotrebovan\u00fdmi tesneniami alebo po\u0161koden\u00fdmi komponentmi. Pravideln\u00e9 kontroly \u00fanikov m\u00f4\u017eu pom\u00f4c\u0165 pri v\u010dasnej identifik\u00e1cii a oprave.<\/li>\n<li><strong>Strata energie:<\/strong> Zn\u00ed\u017eenie v\u00fdkonu alebo odozvy m\u00f4\u017ee nazna\u010dova\u0165 n\u00edzku hladinu hydraulickej kvapaliny alebo vn\u00fatorn\u00e9 po\u0161kodenie. Monitorovanie hlad\u00edn hydraulickej kvapaliny a vykon\u00e1vanie pravidelnej \u00fadr\u017eby m\u00f4\u017eu tomuto probl\u00e9mu pred\u00eds\u0165.<\/li>\n<li><strong>Prehriatie:<\/strong> Nadmern\u00e9 teplo m\u00f4\u017ee ovplyvni\u0165 hydraulick\u00fd v\u00fdkon, \u010dasto v d\u00f4sledku pre\u0165a\u017eenia alebo nedostato\u010dn\u00e9ho mazania. Zabezpe\u010denie nepre\u0165a\u017eenia hydraulick\u00e9ho syst\u00e9mu a pravideln\u00e1 kontrola mazania m\u00f4\u017eu zmierni\u0165 riziko prehriatia.<\/li>\n<\/ul>\n<h2>Tipy a rie\u0161enia probl\u00e9mov<\/h2>\n<p>Pre efekt\u00edvnu diagnostiku a rie\u0161enie probl\u00e9mov s hydraulick\u00fdmi valcami zv\u00e1\u017ete nasleduj\u00face tipy:<\/p>\n<ul>\n<li>Vykonajte d\u00f4kladn\u00e9 kontroly, aby ste identifikovali zdroj \u00faniku, \u010di u\u017e ide o tesnenie alebo hadicu. Opotrebovan\u00e9 komponenty okam\u017eite vyme\u0148te, aby ste predi\u0161li \u010fal\u0161iemu po\u0161kodeniu.<\/li>\n<li>Ak d\u00f4jde k strate v\u00fdkonu, skontrolujte hladinu hydraulickej kvapaliny a pod\u013ea potreby ju dopl\u0148te. Ak probl\u00e9m pretrv\u00e1va, skontrolujte, \u010di nedo\u0161lo k vn\u00fatorn\u00e9mu po\u0161kodeniu alebo upchatiu.<\/li>\n<li>V pr\u00edpade probl\u00e9mov s prehriat\u00edm sa uistite, \u017ee syst\u00e9m nie je pre\u0165a\u017een\u00fd a udr\u017eiavajte vhodn\u00fa hladinu mazania. Pravideln\u00e9 monitorovanie m\u00f4\u017ee zabr\u00e1ni\u0165 prehriatiu a s\u00favisiacim \u0161kod\u00e1m.<\/li>\n<\/ul>\n<p><img decoding=\"async\" src=\"https:\/\/www.hydraulic-cylinders.net\/wp-content\/uploads\/2025\/04\/songte-bushings-with-all-kinds-of-excavator-models.webp\" alt=\"Puzdr\u00e1 pre modely r\u00fdpadiel\" \/><\/p>\n<h2>O na\u0161ej spolo\u010dnosti<\/h2>\n<p>Sme popredn\u00fdm v\u00fdrobcom a ve\u013ekoobchodn\u00edkom hydraulick\u00fdch valcov a sme odhodlan\u00ed poskytova\u0165 komplexn\u00fd sortiment produktov prisp\u00f4soben\u00fd rozmanit\u00fdm potreb\u00e1m trhu. Na\u0161e odhodlanie k dokonalosti je zrejm\u00e9 z na\u0161ich prec\u00edznych v\u00fdrobn\u00fdch postupov, ktor\u00e9 s\u00fa poh\u00e1\u0148an\u00e9 pokro\u010dil\u00fdmi technol\u00f3giami a kvalifikovan\u00fdm person\u00e1lom. Vyu\u017e\u00edvan\u00edm \u0161pi\u010dkov\u00fdch digit\u00e1lnych v\u00fdrobn\u00fdch zariaden\u00ed a robustn\u00fdch syst\u00e9mov zabezpe\u010denia kvality neust\u00e1le zlep\u0161ujeme na\u0161e v\u00fdrobn\u00e9 kapacity. N\u00e1\u0161 z\u00e1v\u00e4zok k vysokej efektivite, presnosti a kvalite n\u00e1m umo\u017e\u0148uje efekt\u00edvne plni\u0165 r\u00f4zne po\u017eiadavky na\u0161ich z\u00e1kazn\u00edkov.<\/p>\n<p>Sme hrd\u00ed na na\u0161e odborn\u00e9 znalosti, medzin\u00e1rodn\u00e9 certifik\u00e1cie, prisp\u00f4soben\u00e9 slu\u017eby a v\u00fdnimo\u010dn\u00fa popredajn\u00fa podporu. Na\u0161e v\u00fdrobn\u00e9 zariadenia s\u00fa vybaven\u00e9 najmodernej\u0161ou technol\u00f3giou, ktor\u00e1 zabezpe\u010duje, \u017ee na\u0161e produkty sp\u013a\u0148aj\u00fa najvy\u0161\u0161ie \u0161tandardy kvality a v\u00fdkonu.<\/p>\n<p><img decoding=\"async\" src=\"https:\/\/www.hydraulic-cylinders.net\/wp-content\/uploads\/2025\/04\/songte-company-4.webp\" alt=\"Zariadenia spolo\u010dnosti\" \/><br \/>\n<img decoding=\"async\" src=\"https:\/\/www.hydraulic-cylinders.net\/wp-content\/uploads\/2025\/04\/songte-company-3.webp\" alt=\"Preh\u013ead spolo\u010dnosti\" \/><\/p>\n<p>Autor: lyl<\/p>","protected":false},"excerpt":{"rendered":"<p>Boom Cylinder For Bada WYSBD500C-S Understanding the Boom Cylinder The Boom Cylinder, specifically designed for the Bada WYSBD500C-S, is an essential component of hydraulic systems used in various heavy machinery. This type of hydraulic cylinder is primarily employed to control the movement of buckets in excavators, backhoes, and front loaders. By enabling the lifting, lowering, [&hellip;]<\/p>","protected":false},"featured_media":17873,"comment_status":"open","ping_status":"closed","template":"","meta":{"_et_pb_use_builder":"","_et_pb_old_content":"","_et_gb_content_width":""},"product_brand":[],"product_cat":[1546],"product_tag":[1547,1496],"class_list":{"0":"post-19670","1":"product","2":"type-product","3":"status-publish","4":"has-post-thumbnail","6":"product_cat-boom-cylinders","7":"product_tag-boom-cylinders","8":"product_tag-hydraulic-cylinders","10":"first","11":"instock","12":"shipping-taxable","13":"product-type-simple"},"amp_enabled":true,"_links":{"self":[{"href":"https:\/\/www.hydraulic-cylinders.net\/sk\/wp-json\/wp\/v2\/product\/19670","targetHints":{"allow":["GET"]}}],"collection":[{"href":"https:\/\/www.hydraulic-cylinders.net\/sk\/wp-json\/wp\/v2\/product"}],"about":[{"href":"https:\/\/www.hydraulic-cylinders.net\/sk\/wp-json\/wp\/v2\/types\/product"}],"replies":[{"embeddable":true,"href":"https:\/\/www.hydraulic-cylinders.net\/sk\/wp-json\/wp\/v2\/comments?post=19670"}],"wp:featuredmedia":[{"embeddable":true,"href":"https:\/\/www.hydraulic-cylinders.net\/sk\/wp-json\/wp\/v2\/media\/17873"}],"wp:attachment":[{"href":"https:\/\/www.hydraulic-cylinders.net\/sk\/wp-json\/wp\/v2\/media?parent=19670"}],"wp:term":[{"taxonomy":"product_brand","embeddable":true,"href":"https:\/\/www.hydraulic-cylinders.net\/sk\/wp-json\/wp\/v2\/product_brand?post=19670"},{"taxonomy":"product_cat","embeddable":true,"href":"https:\/\/www.hydraulic-cylinders.net\/sk\/wp-json\/wp\/v2\/product_cat?post=19670"},{"taxonomy":"product_tag","embeddable":true,"href":"https:\/\/www.hydraulic-cylinders.net\/sk\/wp-json\/wp\/v2\/product_tag?post=19670"}],"curies":[{"name":"pracovn\u00fd list","href":"https:\/\/api.w.org\/{rel}","templated":true}]}}