{"id":19677,"date":"2025-04-07T07:01:14","date_gmt":"2025-04-07T07:01:14","guid":{"rendered":"https:\/\/www.hydraulic-cylinders.net\/product\/boom-cylinder-for-baoding-wy80-6\/"},"modified":"2025-04-07T07:01:17","modified_gmt":"2025-04-07T07:01:17","slug":"boom-cylinder-for-baoding-wy80-6","status":"publish","type":"product","link":"https:\/\/www.hydraulic-cylinders.net\/sk\/produkt\/boom-cylinder-for-baoding-wy80-6\/","title":{"rendered":"Valec v\u00fdlo\u017en\u00edka pre Baoding WY80-6"},"content":{"rendered":"<h1>Valec v\u00fdlo\u017en\u00edka pre Baoding WY80-6<\/h1>\n<h2>\u00davod do valca v\u00fdlo\u017en\u00edka<\/h2>\n<p>Valec v\u00fdlo\u017en\u00edka, \u0161peci\u00e1lne navrhnut\u00fd pre Baoding WY80-6, je d\u00f4le\u017eit\u00fdm komponentom pou\u017e\u00edvan\u00fdm v r\u00f4znych \u0165a\u017ek\u00fdch strojoch. Zohr\u00e1va k\u013e\u00fa\u010dov\u00fa \u00falohu v hydraulick\u00fdch syst\u00e9moch, ktor\u00e9 u\u013eah\u010duj\u00fa pohyb vedier zariaden\u00ed v bagroch, r\u00fdpadlo-naklada\u010doch a \u010deln\u00fdch naklada\u010doch. Tieto valce umo\u017e\u0148uj\u00fa zdv\u00edhanie, sp\u00fa\u0161\u0165anie a nakl\u00e1\u0148anie vedier, \u010d\u00edm pom\u00e1haj\u00fa pri \u00faloh\u00e1ch manipul\u00e1cie s materi\u00e1lom, ktor\u00e9 s\u00fa nevyhnutn\u00e9 v stavebn\u00edctve a po\u013enohospod\u00e1rstve.<\/p>\n<p><img decoding=\"async\" src=\"https:\/\/www.hydraulic-cylinders.net\/wp-content\/uploads\/2025\/04\/songte-company-1.webp\" alt=\"Valec v\u00fdlo\u017en\u00edka pre Baoding WY80-6\"><\/p>\n<h2>Vlastnosti valca v\u00fdlo\u017en\u00edka<\/h2>\n<ul>\n<li><strong>Vysok\u00e1 pevnos\u0165 a odolnos\u0165:<\/strong> T\u00e1to f\u013ea\u0161a je vyroben\u00e1 z vysokopevnostnej ocele alebo hlin\u00edka, tak\u017ee odol\u00e1 vysok\u00e9mu tlaku a \u0165a\u017ek\u00fdm za\u0165a\u017eeniam. Je navrhnut\u00e1 pre pr\u00e1cu v n\u00e1ro\u010dn\u00fdch pracovn\u00fdch prostrediach s oh\u013eadom na odolnos\u0165 vo\u010di opotrebovaniu a kor\u00f3zii, \u010d\u00edm sa predl\u017euje jej \u017eivotnos\u0165.<\/li>\n<li><strong>Efekt\u00edvna hydraulick\u00e1 prev\u00e1dzka:<\/strong> Vyu\u017eitie tlaku hydraulick\u00e9ho oleja umo\u017e\u0148uje plynul\u00e9 vys\u00favanie a zas\u00favanie, \u010do poskytuje r\u00fdchlu reakciu na ovl\u00e1dacie povely a dosahuje siln\u00e9 tlakov\u00e9 a \u0165ahov\u00e9 sily, ide\u00e1lne na manipul\u00e1ciu s \u0165a\u017ek\u00fdmi predmetmi a zlo\u017eit\u00e9 \u00falohy.<\/li>\n<li><strong>R\u00f4zne typy:<\/strong> K dispoz\u00edcii s\u00fa v jedno\u010dinnom (funguje v jednom smere) alebo dvoj\u010dinnom (funguje v oboch smeroch) prevedeniach, aby sp\u013a\u0148ali r\u00f4zne prev\u00e1dzkov\u00e9 po\u017eiadavky. Niektor\u00e9 modely maj\u00fa teleskopick\u00e9 kon\u0161trukcie, ktor\u00e9 umo\u017e\u0148uj\u00fa v\u00e4\u010d\u0161ie vysunutie bez zv\u00e4\u010d\u0161enia vonkaj\u0161\u00edch rozmerov, vhodn\u00e9 pre aplik\u00e1cie s obmedzen\u00fdm priestorom.<\/li>\n<\/ul>\n<p>Tento produkt vieme vyrobi\u0165 a na\u0161a ponuka dok\u00e1\u017ee dokonale nahradi\u0165 tieto hydraulick\u00e9 valce.<\/p>\n<p><img decoding=\"async\" src=\"https:\/\/www.hydraulic-cylinders.net\/wp-content\/uploads\/2025\/04\/songte-cylinder-head-with-all-kinds-excavator-models.webp\" alt=\"Modely bagrov\"><\/p>\n<h2>Aplik\u00e1cie valca v\u00fdlo\u017en\u00edka<\/h2>\n<h3>Stavebn\u00e9 stroje<\/h3>\n<p>V r\u00fdpadl\u00e1ch s\u00fa valce v\u00fdlo\u017en\u00edka k\u013e\u00fa\u010dov\u00e9 pre v\u00fdkopov\u00e9 pr\u00e1ce, nakladanie a premiest\u0148ovanie zeminy alebo sutiny. Zohr\u00e1vaj\u00fa v\u00fdznamn\u00fa \u00falohu pri v\u00fdkopov\u00fdch aj zdv\u00edhac\u00edch oper\u00e1ci\u00e1ch, v\u010faka \u010domu s\u00fa nevyhnutn\u00e9 na stavenisk\u00e1ch, kde je potrebn\u00e9 zdv\u00edhanie \u0165a\u017ek\u00fdch bremien. Efekt\u00edvny hydraulick\u00fd chod t\u00fdchto valcov prispieva k celkovej produktivite a efekt\u00edvnosti stavebn\u00fdch strojov.<\/p>\n<h3>Po\u013enohospod\u00e1rske stroje<\/h3>\n<p>Valce v\u00fdlo\u017en\u00edka, ktor\u00e9 sa pou\u017e\u00edvaj\u00fa v \u010deln\u00fdch naklada\u010doch, u\u013eah\u010duj\u00fa naberanie, zdv\u00edhanie a prepravu p\u00f4dy, sena a in\u00fdch materi\u00e1lov. V po\u013enohospod\u00e1rskych aplik\u00e1ci\u00e1ch presn\u00e9 ovl\u00e1danie, ktor\u00e9 tieto valce poskytuj\u00fa, zvy\u0161uje efektivitu pri \u00faloh\u00e1ch, ako je nakladanie a vykladanie, a zabezpe\u010duje, \u017ee po\u013enohospod\u00e1ri m\u00f4\u017eu riadi\u0165 svoje oper\u00e1cie hladko a efekt\u00edvne.<\/p>\n<h3>R\u00fdpadl\u00e1<\/h3>\n<p>V r\u00fdpadl\u00e1ch umo\u017e\u0148uje valec v\u00fdlo\u017en\u00edka prenikn\u00fa\u0165 ly\u017eici do p\u00f4dy, \u010do umo\u017e\u0148uje efekt\u00edvne kopanie. T\u00e1to schopnos\u0165 je k\u013e\u00fa\u010dov\u00e1 v r\u00f4znych aplik\u00e1ci\u00e1ch vr\u00e1tane h\u013abenia v\u00fdkopov a ter\u00e9nnych \u00faprav, kde je na dosiahnutie optim\u00e1lnych v\u00fdsledkov pri v\u00fdkopov\u00fdch \u00faloh\u00e1ch potrebn\u00e9 presn\u00e9 umiestnenie a ovl\u00e1danie ly\u017eice.<\/p>\n<h3>Naklada\u010de<\/h3>\n<p>V \u010deln\u00fdch naklada\u010doch pom\u00e1haj\u00fa valce v\u00fdlo\u017en\u00edka efekt\u00edvne zdv\u00edha\u0165 a vyklada\u0165 bremena. V\u010faka svojej schopnosti poskytova\u0165 vysok\u00e9 zdv\u00edhacie kapacity zabezpe\u010duj\u00fa, \u017ee materi\u00e1ly je mo\u017en\u00e9 naklada\u0165 a premiest\u0148ova\u0165 bez nadmernej manu\u00e1lnej pr\u00e1ce alebo \u010dasovej n\u00e1ro\u010dnosti, \u010do prispieva k celkovej efektivite nakladac\u00edch oper\u00e1ci\u00ed.<\/p>\n<h2>\u00davahy o dizajne a krit\u00e9ri\u00e1 v\u00fdberu<\/h2>\n<h3>Nosnos\u0165<\/h3>\n<p>Pri v\u00fdbere valca ramena je nosnos\u0165 kritick\u00fdm faktorom. Ur\u010duje, ak\u00fa hmotnos\u0165 dok\u00e1\u017ee valec po\u010das prev\u00e1dzky unies\u0165. V\u00fdber valca s nosnos\u0165ou, ktor\u00e1 sp\u013a\u0148a alebo prevy\u0161uje po\u017eiadavky stroja, zais\u0165uje bezpe\u010dnos\u0165 a spo\u013eahlivos\u0165 pri zdv\u00edhan\u00ed \u0165a\u017ek\u00fdch bremien. In\u017einieri musia zv\u00e1\u017ei\u0165 maxim\u00e1lnu hmotnos\u0165, ktorej bude valec vystaven\u00fd v re\u00e1lnych aplik\u00e1ci\u00e1ch, aby predi\u0161li poruch\u00e1m.<\/p>\n<h3>Tesnenie<\/h3>\n<p>Tesnenie valca v\u00fdlo\u017en\u00edka je nevyhnutn\u00e9 na zabr\u00e1nenie \u00faniku hydraulickej kvapaliny a zabezpe\u010denie efekt\u00edvnej prev\u00e1dzky. Vysokokvalitn\u00e9 tesnenia vyroben\u00e9 z odoln\u00fdch materi\u00e1lov, ako je polyuret\u00e1n alebo nitrilov\u00e1 guma, s\u00fa nevyhnutn\u00e9 na odolnos\u0165 vo\u010di opotrebovaniu a udr\u017eanie hydraulick\u00e9ho tlaku. Spr\u00e1vna kon\u0161trukcia tesnenia tie\u017e zni\u017euje riziko kontamin\u00e1cie v hydraulickom syst\u00e9me, \u010do m\u00f4\u017ee sp\u00f4sobi\u0165 po\u0161kodenie komponentov.<\/p>\n<h3>Trvanlivos\u0165<\/h3>\n<p>Trvanlivos\u0165 je k\u013e\u00fa\u010dov\u00e1 pre hydraulick\u00e9 valce, najm\u00e4 v n\u00e1ro\u010dn\u00fdch prostrediach. Materi\u00e1ly pou\u017eit\u00e9 pri v\u00fdrobe musia by\u0165 odoln\u00e9 vo\u010di opotrebovaniu, kor\u00f3zii a \u00fanave. T\u00e1to \u00favaha zabezpe\u010duje, \u017ee valec m\u00f4\u017ee dlhodobo efekt\u00edvne fungova\u0165, \u010d\u00edm sa minimalizuj\u00fa prestoje sp\u00f4soben\u00e9 opravami alebo v\u00fdmenami. V\u00fdrobcovia \u010dasto pou\u017e\u00edvaj\u00fa povrchov\u00e9 \u00fapravy alebo n\u00e1tery na zv\u00fd\u0161enie odolnosti hydraulick\u00fdch komponentov.<\/p>\n<h3>Bezpe\u010dnos\u0165<\/h3>\n<p>Pri navrhovan\u00ed hydraulick\u00fdch valcov je bezpe\u010dnos\u0165 prvorad\u00e1. Funkcie, ako s\u00fa pretlakov\u00e9 ventily a robustn\u00e1 kon\u0161trukcia, pom\u00e1haj\u00fa predch\u00e1dza\u0165 katastrofick\u00fdm poruch\u00e1m. Kon\u0161trukt\u00e9ri musia dodr\u017eiava\u0165 bezpe\u010dnostn\u00e9 normy v odvetv\u00ed, aby zabezpe\u010dili, \u017ee valce odol\u00e1vaj\u00fa neo\u010dak\u00e1van\u00e9mu za\u0165a\u017eeniu a tlaku a poskytuj\u00fa tak bezpe\u010dn\u00e9 prev\u00e1dzkov\u00e9 prostredie pre pou\u017e\u00edvate\u013eov.<\/p>\n<h3>\u00dadr\u017eba<\/h3>\n<p>Jednoduch\u00e1 \u00fadr\u017eba je \u010fal\u0161\u00edm d\u00f4le\u017eit\u00fdm kon\u0161truk\u010dn\u00fdm krit\u00e9riom. Hydraulick\u00e9 valce by mali by\u0165 navrhnut\u00e9 tak, aby umo\u017e\u0148ovali \u013eahk\u00fd pr\u00edstup k tesneniam a in\u00fdm komponentom na kontrolu a v\u00fdmenu. Dobre navrhnut\u00fd valec umo\u017e\u0148uje efekt\u00edvne vykon\u00e1vanie be\u017en\u00fdch \u00fadr\u017eb\u00e1rskych \u00faloh, \u010d\u00edm sa predl\u017euje \u017eivotnos\u0165 zariadenia a zabezpe\u010duje optim\u00e1lny v\u00fdkon.<\/p>\n<p><img decoding=\"async\" src=\"https:\/\/www.hydraulic-cylinders.net\/wp-content\/uploads\/2025\/04\/songte-oil-pipes-and-spare-parts.webp\" alt=\"N\u00e1hradn\u00e9 diely\"><\/p>\n<h2>Utesnenie a mazanie valca v\u00fdlo\u017en\u00edka<\/h2>\n<p>\u00da\u010dinnos\u0165 valca v\u00fdlo\u017en\u00edka do zna\u010dnej miery z\u00e1vis\u00ed od jeho tesnenia a mazania. R\u00f4zne tesnenia, vr\u00e1tane tesnen\u00ed piestov a tesnen\u00ed ty\u010d\u00ed, s\u00fa nevyhnutn\u00e9 na udr\u017eanie integrity hydraulick\u00e9ho tlaku vo valci. Tesnenia vyroben\u00e9 z polyuret\u00e1nu alebo nitrilov\u00e9ho kau\u010duku s\u00fa uprednost\u0148ovan\u00e9 pre svoju odolnos\u0165 vo\u010di opotrebovaniu a dlh\u00fa \u017eivotnos\u0165. Jemn\u00e9 opracovanie tela valca a z\u00e1vitov\u00fdch koncov zvy\u0161uje odolnos\u0165 vo\u010di opotrebovaniu, \u010do prispieva k dlh\u0161ej \u017eivotnosti. Pravideln\u00e9 mazanie vhodn\u00fdm hydraulick\u00fdm olejom je nevyhnutn\u00e9 na zabezpe\u010denie hladk\u00e9ho chodu a zabr\u00e1nenie opotrebovaniu vn\u00fatorn\u00fdch komponentov.<\/p>\n<h2>Pravideln\u00e9 kontroly a prevent\u00edvna \u00fadr\u017eba<\/h2>\n<ul>\n<li><strong>Pravideln\u00e9 kontroly:<\/strong> Vykon\u00e1vanie pravideln\u00fdch kontrol valca ramena pom\u00e1ha identifikova\u0165 potenci\u00e1lne probl\u00e9my sk\u00f4r, ako sa premenia na v\u00e1\u017ene probl\u00e9my. Patria sem kontrola netesnost\u00ed, opotrebovania tesnen\u00ed a zabezpe\u010denie bezpe\u010dnosti v\u0161etk\u00fdch pripojen\u00ed.<\/li>\n<li><strong>Spr\u00e1vne mazanie:<\/strong> Zabezpe\u010denie pravideln\u00e9ho mazania valca spr\u00e1vnym typom a mno\u017estvom hydraulick\u00e9ho oleja je k\u013e\u00fa\u010dov\u00e9 pre udr\u017eanie optim\u00e1lneho v\u00fdkonu. Nedostato\u010dn\u00e9 mazanie m\u00f4\u017ee vies\u0165 k zv\u00fd\u0161en\u00e9mu opotrebovaniu a potenci\u00e1lnej poruche valca.<\/li>\n<li><strong>V\u00fdmena tesnenia:<\/strong> Tesnenia sa \u010dasom opotrebuj\u00fa a je potrebn\u00e9 ich vymeni\u0165. Pravideln\u00e1 kontrola stavu tesnen\u00ed a ich v\u00fdmena pod\u013ea potreby m\u00f4\u017ee zabr\u00e1ni\u0165 \u00faniku hydraulickej kvapaliny a udr\u017ea\u0165 \u00fa\u010dinnos\u0165 valca.<\/li>\n<\/ul>\n<h2>Pokyny na in\u0161tal\u00e1ciu valca ramena<\/h2>\n<p>In\u0161tal\u00e1cia valca v\u00fdlo\u017en\u00edka je rozhoduj\u00faca pre jeho v\u00fdkon a \u017eivotnos\u0165. Za\u010dnite t\u00fdm, \u017ee sa uist\u00edte, \u017ee v\u0161etky mont\u00e1\u017ene povrchy s\u00fa \u010dist\u00e9 a bez ne\u010dist\u00f4t. Valec spr\u00e1vne zarovnajte, aby ste predi\u0161li nespr\u00e1vnemu zarovnaniu po\u010das prev\u00e1dzky, \u010do m\u00f4\u017ee vies\u0165 k pred\u010dasn\u00e9mu opotrebovaniu alebo poruche. Na upevnenie valca na mieste pou\u017eite vhodn\u00e9 mont\u00e1\u017ene konzoly a zabezpe\u010dte jeho pevn\u00e9 pripevnenie k stroju. Je nevyhnutn\u00e9 dodr\u017eiava\u0165 \u0161pecifik\u00e1cie v\u00fdrobcu t\u00fdkaj\u00face sa nastavenia kr\u00fatiaceho momentu a postupov in\u0161tal\u00e1cie. Po in\u0161tal\u00e1cii vykonajte d\u00f4kladn\u00fa kontrolu v\u0161etk\u00fdch pripojen\u00ed a sk\u00fa\u0161obn\u00fa prev\u00e1dzku, aby ste sa uistili o funk\u010dnosti.<\/p>\n<h2>\u00dadr\u017eb\u00e1rske \u00falohy pre valec v\u00fdlo\u017en\u00edka<\/h2>\n<ul>\n<li><strong>Pravideln\u00e9 kontroly:<\/strong> \u010cast\u00e9 kontroly pom\u00e1haj\u00fa v\u010das odhali\u0165 potenci\u00e1lne probl\u00e9my. Skontrolujte zn\u00e1mky opotrebovania, netesnost\u00ed a uistite sa, \u017ee v\u0161etky komponenty funguj\u00fa spr\u00e1vne. Zdokumentujte v\u0161etky zistenia a ihne\u010f ich rie\u0161te, aby ste predi\u0161li \u010fal\u0161\u00edm komplik\u00e1ci\u00e1m.<\/li>\n<li><strong>Spr\u00e1vne mazanie:<\/strong> Pravideln\u00e9 pou\u017e\u00edvanie spr\u00e1vneho hydraulick\u00e9ho oleja zais\u0165uje plynul\u00fd chod a zabra\u0148uje opotrebovaniu. Pre optim\u00e1lny v\u00fdkon pou\u017e\u00edvajte iba oleje odpor\u00fa\u010dan\u00e9 v\u00fdrobcom a dodr\u017eiavajte pl\u00e1n mazania.<\/li>\n<li><strong>V\u00fdmena a kalibr\u00e1cia tesnenia:<\/strong> Sledujte opotrebovanie tesnen\u00ed a v pr\u00edpade potreby ich vyme\u0148te. Pravideln\u00e1 kalibr\u00e1cia valca v\u00fdlo\u017en\u00edka zabezpe\u010duje jeho prev\u00e1dzku v r\u00e1mci po\u017eadovan\u00fdch parametrov a zabra\u0148uje zbyto\u010dn\u00e9mu za\u0165a\u017eovaniu hydraulick\u00e9ho syst\u00e9mu.<\/li>\n<\/ul>\n<h2>Bezpe\u010dnostn\u00e9 aspekty a faktory prostredia<\/h2>\n<p>Pri pr\u00e1ci s hydraulick\u00fdmi valcami je implement\u00e1cia bezpe\u010dnostn\u00fdch opatren\u00ed k\u013e\u00fa\u010dov\u00e1. Obsluha by mala by\u0165 vy\u0161kolen\u00e1 v spr\u00e1vnom pou\u017e\u00edvan\u00ed strojov a mala by rozumie\u0165 potenci\u00e1lnym rizik\u00e1m spojen\u00fdm s hydraulick\u00fdmi syst\u00e9mami. Pravideln\u00e1 kontrola bezpe\u010dnostn\u00fdch protokolov a zabezpe\u010denie dobrej \u00fadr\u017eby zariaden\u00ed m\u00f4\u017ee minimalizova\u0165 rizik\u00e1. Okrem toho, ekologick\u00e9 postupy, ako je spr\u00e1vna likvid\u00e1cia hydraulick\u00fdch kvapal\u00edn, pom\u00e1haj\u00fa chr\u00e1ni\u0165 ekosyst\u00e9m a dodr\u017eiava\u0165 predpisy.<\/p>\n<h2>Diagnostika por\u00fach a be\u017en\u00e9 probl\u00e9my<\/h2>\n<ul>\n<li><strong>\u00danik:<\/strong> \u00daniky hydraulickej kvapaliny m\u00f4\u017eu nazna\u010dova\u0165 opotrebovan\u00e9 tesnenia alebo po\u0161koden\u00e9 komponenty. Skontrolujte valec a tesnenia, \u010di nevykazuj\u00fa zn\u00e1mky opotrebovania, a v pr\u00edpade potreby ich vyme\u0148te.<\/li>\n<li><strong>Slab\u00fd v\u00fdkon:<\/strong> Ak valec nefunguje hladko, skontrolujte spr\u00e1vne mazanie, pr\u00edtomnos\u0165 vzduchu v hydraulick\u00fdch potrubiach alebo upchatie syst\u00e9mu.<\/li>\n<li><strong>Nezvy\u010dajn\u00e9 zvuky:<\/strong> \u0160kr\u00edpav\u00e9 alebo hrkotav\u00e9 zvuky m\u00f4\u017eu nazna\u010dova\u0165 vn\u00fatorn\u00e9 po\u0161kodenie alebo nedostato\u010dn\u00e9 mazanie. Presk\u00famajte zdroj hluku a okam\u017eite odstr\u00e1\u0148te v\u0161etky mechanick\u00e9 probl\u00e9my.<\/li>\n<\/ul>\n<h2>Tipy na rie\u0161enie probl\u00e9mov<\/h2>\n<p>Aby sa efekt\u00edvne diagnostikovali a vyrie\u0161ili probl\u00e9my s valcom v\u00fdlo\u017en\u00edka, oper\u00e1tori by mali postupova\u0165 systematicky. Za\u010dnite kontrolou hydraulick\u00e9ho syst\u00e9mu, \u010di v \u0148om nie s\u00fa netesnosti alebo nespr\u00e1vne pripojenia. Uistite sa, \u017ee valec je dostato\u010dne namazan\u00fd a \u017ee sa pou\u017e\u00edva spr\u00e1vna hydraulick\u00e1 kvapalina. Pravideln\u00e1 \u00fadr\u017eba vr\u00e1tane kontrol a v\u00fdmeny tesnen\u00ed m\u00f4\u017ee pred\u00eds\u0165 mnoh\u00fdm be\u017en\u00fdm probl\u00e9mom. Oper\u00e1tori by sa tie\u017e mali obozn\u00e1mi\u0165 s prev\u00e1dzkov\u00fdmi pokynmi stroja, aby minimalizovali riziko po\u0161kodenia v d\u00f4sledku nespr\u00e1vneho pou\u017eitia.<\/p>\n<p><img decoding=\"async\" src=\"https:\/\/www.hydraulic-cylinders.net\/wp-content\/uploads\/2025\/04\/songte-bushings-with-all-kinds-of-excavator-models.webp\" alt=\"Modely bagrov\"><\/p>\n<h2>Preh\u013ead spolo\u010dnosti<\/h2>\n<p>Sme popredn\u00fdm v\u00fdrobcom hydraulick\u00fdch valcov a poskytujeme komplexn\u00fd sortiment produktov pre dom\u00e1ci aj medzin\u00e1rodn\u00fd trh. N\u00e1\u0161 z\u00e1v\u00e4zok k excelentnosti sa odr\u00e1\u017ea v na\u0161ich prec\u00edznych v\u00fdrobn\u00fdch diel\u0148ach a strat\u00e9gi\u00e1ch riadenia priemyselnej v\u00fdroby. So zameran\u00edm na technologick\u00e9 talenty, \u0161pi\u010dkov\u00e9 digit\u00e1lne v\u00fdrobn\u00e9 zariadenia a profesion\u00e1lne testovacie syst\u00e9my neust\u00e1le vylep\u0161ujeme na\u0161u v\u00fdrobn\u00fa platformu. Na\u0161e siln\u00e9 kreat\u00edvne schopnosti zabezpe\u010duj\u00fa, \u017ee sp\u013a\u0148ame rozmanit\u00e9 potreby z\u00e1kazn\u00edkov s vysokou efektivitou, presnos\u0165ou a kvalitou.<\/p>\n<p><img decoding=\"async\" src=\"https:\/\/www.hydraulic-cylinders.net\/wp-content\/uploads\/2025\/04\/songte-company-4.webp\" alt=\"Obr\u00e1zok spolo\u010dnosti\"><br \/>\n<img decoding=\"async\" src=\"https:\/\/www.hydraulic-cylinders.net\/wp-content\/uploads\/2025\/04\/songte-company-3.webp\" alt=\"Obr\u00e1zok spolo\u010dnosti\"><\/p>\n<p>Na\u0161e odborn\u00e9 znalosti sa roz\u0161iruj\u00fa do r\u00f4znych oblast\u00ed vr\u00e1tane \u0161pecializ\u00e1cie, medzin\u00e1rodn\u00fdch certifik\u00e1ci\u00ed, slu\u017eieb na mieru, modern\u00fdch v\u00fdrobn\u00fdch zariaden\u00ed a komplexnej popredajnej podpory.<\/p>\n<p>Autor: lyl<\/p>","protected":false},"excerpt":{"rendered":"<p>Boom Cylinder For Baoding WY80-6 Introduction to Boom Cylinder The Boom Cylinder, specifically designed for the Baoding WY80-6, is a vital component used in various heavy machinery. It plays a crucial role in hydraulic systems, facilitating the movement of equipment buckets in excavators, backhoe loaders, and front-end loaders. These cylinders enable the bucket to lift, [&hellip;]<\/p>","protected":false},"featured_media":17880,"comment_status":"open","ping_status":"closed","template":"","meta":{"_et_pb_use_builder":"","_et_pb_old_content":"","_et_gb_content_width":""},"product_brand":[],"product_cat":[1546],"product_tag":[1547,1496],"class_list":{"0":"post-19677","1":"product","2":"type-product","3":"status-publish","4":"has-post-thumbnail","6":"product_cat-boom-cylinders","7":"product_tag-boom-cylinders","8":"product_tag-hydraulic-cylinders","10":"first","11":"instock","12":"shipping-taxable","13":"product-type-simple"},"amp_enabled":true,"_links":{"self":[{"href":"https:\/\/www.hydraulic-cylinders.net\/sk\/wp-json\/wp\/v2\/product\/19677","targetHints":{"allow":["GET"]}}],"collection":[{"href":"https:\/\/www.hydraulic-cylinders.net\/sk\/wp-json\/wp\/v2\/product"}],"about":[{"href":"https:\/\/www.hydraulic-cylinders.net\/sk\/wp-json\/wp\/v2\/types\/product"}],"replies":[{"embeddable":true,"href":"https:\/\/www.hydraulic-cylinders.net\/sk\/wp-json\/wp\/v2\/comments?post=19677"}],"wp:featuredmedia":[{"embeddable":true,"href":"https:\/\/www.hydraulic-cylinders.net\/sk\/wp-json\/wp\/v2\/media\/17880"}],"wp:attachment":[{"href":"https:\/\/www.hydraulic-cylinders.net\/sk\/wp-json\/wp\/v2\/media?parent=19677"}],"wp:term":[{"taxonomy":"product_brand","embeddable":true,"href":"https:\/\/www.hydraulic-cylinders.net\/sk\/wp-json\/wp\/v2\/product_brand?post=19677"},{"taxonomy":"product_cat","embeddable":true,"href":"https:\/\/www.hydraulic-cylinders.net\/sk\/wp-json\/wp\/v2\/product_cat?post=19677"},{"taxonomy":"product_tag","embeddable":true,"href":"https:\/\/www.hydraulic-cylinders.net\/sk\/wp-json\/wp\/v2\/product_tag?post=19677"}],"curies":[{"name":"pracovn\u00fd list","href":"https:\/\/api.w.org\/{rel}","templated":true}]}}