{"id":19680,"date":"2025-04-07T07:01:22","date_gmt":"2025-04-07T07:01:22","guid":{"rendered":"https:\/\/www.hydraulic-cylinders.net\/product\/boom-cylinder-for-baoding-sc85-8\/"},"modified":"2025-04-07T07:01:25","modified_gmt":"2025-04-07T07:01:25","slug":"boom-cylinder-for-baoding-sc85-8","status":"publish","type":"product","link":"https:\/\/www.hydraulic-cylinders.net\/sk\/produkt\/boom-cylinder-for-baoding-sc85-8\/","title":{"rendered":"Valec v\u00fdlo\u017en\u00edka pre Baoding SC85.8"},"content":{"rendered":"<h1>Valec v\u00fdlo\u017en\u00edka pre Baoding SC85.8<\/h1>\n<h2>\u00davod do valca v\u00fdlo\u017en\u00edka<\/h2>\n<p>Hydraulick\u00fd valec v\u00fdlo\u017en\u00edka, \u0161peci\u00e1lne navrhnut\u00fd pre Baoding SC85.8, je k\u013e\u00fa\u010dovou s\u00fa\u010das\u0165ou hydraulick\u00fdch syst\u00e9mov pou\u017e\u00edvan\u00fdch v \u0165a\u017ek\u00fdch strojoch. Tento typ hydraulick\u00e9ho valca je ur\u010den\u00fd na ovl\u00e1danie pohybu ly\u017eice v r\u00f4znych zariadeniach, ako s\u00fa r\u00fdpadl\u00e1, r\u00fdpadlo-naklada\u010de a \u010deln\u00e9 naklada\u010de. Umo\u017e\u0148uje ly\u017eici zdv\u00edha\u0165, sp\u00fa\u0161\u0165a\u0165 a nakl\u00e1\u0148a\u0165, \u010do efekt\u00edvne u\u013eah\u010duje manipul\u00e1ciu s materi\u00e1lom.<\/p>\n<p>Hydraulick\u00e9 valce funguj\u00fa tak, \u017ee premie\u0148aj\u00fa hydraulick\u00fa energiu na mechanick\u00fa energiu a poskytuj\u00fa potrebn\u00fa silu na vykon\u00e1vanie n\u00e1ro\u010dn\u00fdch oper\u00e1ci\u00ed. Kon\u0161trukcia valca v\u00fdlo\u017en\u00edka mu umo\u017e\u0148uje odol\u00e1va\u0165 podmienkam vysok\u00e9ho tlaku a z\u00e1rove\u0148 zabezpe\u010duje plynul\u00fd a efekt\u00edvny chod, v\u010faka \u010domu je nevyhnutnou s\u00fa\u010das\u0165ou ka\u017ed\u00e9ho hydraulick\u00e9ho syst\u00e9mu.<\/p>\n<p><img decoding=\"async\" src=\"https:\/\/www.hydraulic-cylinders.net\/wp-content\/uploads\/2025\/04\/songte-company-1.webp\" alt=\"Obr\u00e1zok valca v\u00fdlo\u017en\u00edka\"><\/p>\n<h2>Vlastnosti valca ramena<\/h2>\n<ul>\n<li><strong>Vysok\u00e1 pevnos\u0165 a odolnos\u0165:<\/strong> Tieto valce, vyroben\u00e9 z vysokopevnostnej ocele alebo hlin\u00edka, znes\u00fa zna\u010dn\u00fd tlak a \u0165a\u017ek\u00e9 za\u0165a\u017eenie, v\u010faka \u010domu s\u00fa vhodn\u00e9 do n\u00e1ro\u010dn\u00fdch pracovn\u00fdch podmienok.<\/li>\n<li><strong>Efekt\u00edvna hydraulick\u00e1 prev\u00e1dzka:<\/strong> Valec v\u00fdlo\u017en\u00edka vyu\u017e\u00edva hydraulick\u00fd tlak oleja na dosiahnutie plynul\u00e9ho vys\u00favania a zas\u00favania, r\u00fdchlo reaguje na ovl\u00e1dacie povely a poskytuje siln\u00e9 tla\u010dn\u00e9 a \u0165a\u017en\u00e9 sily.<\/li>\n<li><strong>R\u00f4zne typy:<\/strong> Tento valec, ktor\u00fd je k dispoz\u00edcii v jedno\u010dinnom a dvoj\u010dinnom preveden\u00ed, dok\u00e1\u017ee splni\u0165 r\u00f4zne prev\u00e1dzkov\u00e9 potreby. Niektor\u00e9 modely s\u00fa teleskopick\u00e9, \u010do umo\u017e\u0148uje v\u00e4\u010d\u0161ie vysunutie bez zv\u00e4\u010d\u0161enia vonkaj\u0161\u00edch rozmerov, \u010do je ide\u00e1lne pre aplik\u00e1cie s obmedzen\u00fdm priestorom.<\/li>\n<li><strong>Dizajn s jednoduchou \u00fadr\u017ebou:<\/strong> Navrhnut\u00e9 pre jednoduch\u00fd pr\u00edstup ku komponentom, \u010do umo\u017e\u0148uje r\u00fdchlej\u0161ie kontroly a opravy, a t\u00fdm minimalizuje prestoje.<\/li>\n<li><strong>Odolnos\u0165 proti kor\u00f3zii a opotrebovaniu:<\/strong> Pou\u017eit\u00e9 materi\u00e1ly a povrchov\u00e9 \u00fapravy s\u00fa vybran\u00e9 tak, aby zv\u00fd\u0161ili odolnos\u0165 vo\u010di kor\u00f3zii a opotrebovaniu, a t\u00fdm pred\u013a\u017eili \u017eivotnos\u0165 valca.<\/li>\n<\/ul>\n<p>Na\u0161a spolo\u010dnos\u0165 sa \u0161pecializuje na v\u00fdrobu tohto produktu a dok\u00e1\u017ee tieto hydraulick\u00e9 valce dokonale nahradi\u0165.<\/p>\n<p><img decoding=\"async\" src=\"https:\/\/www.hydraulic-cylinders.net\/wp-content\/uploads\/2025\/04\/songte-cylinder-head-with-all-kinds-excavator-models.webp\" alt=\"V\u00fdmena valca v\u00fdlo\u017en\u00edka\"><\/p>\n<h2>Scen\u00e1re aplik\u00e1ci\u00ed<\/h2>\n<h3>Stavebn\u00e9 stroje<\/h3>\n<p>V r\u00fdpadl\u00e1ch zohr\u00e1vaj\u00fa valce v\u00fdlo\u017en\u00edka d\u00f4le\u017eit\u00fa \u00falohu pri kopan\u00ed, nakladan\u00ed a premiest\u0148ovan\u00ed zeminy alebo sutiny. Umo\u017e\u0148uj\u00fa ly\u017eici prenikn\u00fa\u0165 do zeme a poskytuj\u00fa potrebn\u00fa silu na efekt\u00edvne v\u00fdkopov\u00e9 pr\u00e1ce. Valce umo\u017e\u0148uj\u00fa presn\u00e9 ovl\u00e1danie, v\u010faka \u010domu s\u00fa k\u013e\u00fa\u010dov\u00e9 pre \u00falohy, ktor\u00e9 vy\u017eaduj\u00fa presnos\u0165 a v\u00fdkon.<\/p>\n<h3>Po\u013enohospod\u00e1rske stroje<\/h3>\n<p>Pre \u010deln\u00e9 naklada\u010de s\u00fa valce v\u00fdlo\u017en\u00edka nevyhnutn\u00e9 na naberanie, zdv\u00edhanie a prepravu p\u00f4dy, sena a in\u00fdch materi\u00e1lov. Zvy\u0161uj\u00fa schopnos\u0165 naklada\u010da man\u00e9vrova\u0165 s \u0165a\u017ek\u00fdmi bremenami, \u010d\u00edm zvy\u0161uj\u00fa produktivitu v po\u013enohospod\u00e1rskych oper\u00e1ci\u00e1ch. V\u010faka schopnosti pracova\u0165 v n\u00e1ro\u010dnom ter\u00e9ne tieto valce v\u00fdznamne prispievaj\u00fa k efektivite po\u013enohospod\u00e1rstva.<\/p>\n<h3>R\u00fdpadl\u00e1<\/h3>\n<p>V r\u00fdpadl\u00e1ch umo\u017e\u0148uje valec v\u00fdlo\u017en\u00edka ly\u017eici hlboko prenikn\u00fa\u0165 do zeme a efekt\u00edvne vykon\u00e1va\u0165 v\u00fdkopov\u00e9 pr\u00e1ce. Jeho hydraulick\u00fd v\u00fdkon zais\u0165uje, \u017ee aj s t\u00fdmi najtvrd\u0161\u00edmi materi\u00e1lmi sa d\u00e1 \u013eahko manipulova\u0165, v\u010faka \u010domu je nepostr\u00e1date\u013en\u00fdm n\u00e1strojom pre stavebn\u00e9 a ter\u00e9nne pr\u00e1ce.<\/p>\n<h3>Naklada\u010de<\/h3>\n<p>V \u010deln\u00fdch naklada\u010doch je valec v\u00fdlo\u017en\u00edka zodpovedn\u00fd za efekt\u00edvne zdv\u00edhanie a vykl\u00e1panie bremien. Umo\u017e\u0148uje plynul\u00fd chod pri zdv\u00edhan\u00ed materi\u00e1lov do v\u00fd\u0161ky alebo nakl\u00e1\u0148an\u00ed ly\u017eice pre presn\u00e9 vykl\u00e1panie, \u010do je k\u013e\u00fa\u010dov\u00e9 pre efekt\u00edvnu manipul\u00e1ciu s materi\u00e1lom v stavebn\u00edctve a pri nakladan\u00ed s odpadom.<\/p>\n<h2>\u00davahy o dizajne a krit\u00e9ri\u00e1 v\u00fdberu<\/h2>\n<h3>Nosnos\u0165<\/h3>\n<p>Nosnos\u0165 valca ramena je prvorad\u00e1, preto\u017ee ur\u010duje, ko\u013eko hmotnosti dok\u00e1\u017ee valec zdvihn\u00fa\u0165 alebo presun\u00fa\u0165. Je nevyhnutn\u00e9 vybra\u0165 valec, ktor\u00fd prekra\u010duje maxim\u00e1lne o\u010dak\u00e1van\u00e9 za\u0165a\u017eenie v prev\u00e1dzkov\u00fdch situ\u00e1ci\u00e1ch, aby sa zabezpe\u010dila bezpe\u010dnos\u0165 a zabr\u00e1nilo sa poruche valca. Materi\u00e1ly pou\u017eit\u00e9 pri kon\u0161trukcii, ako napr\u00edklad vysokopevnostn\u00e1 oce\u013e, v\u00fdznamne prispievaj\u00fa k nosnosti, \u010do umo\u017e\u0148uje valcu fungova\u0165 pri vysokom nam\u00e1han\u00ed.<\/p>\n<h3>Tesniaci v\u00fdkon<\/h3>\n<p>Tesniace vlastnosti s\u00fa v hydraulick\u00fdch valcoch k\u013e\u00fa\u010dov\u00e9, preto\u017ee zabra\u0148uj\u00fa \u00faniku kvapaliny a zabezpe\u010duj\u00fa efekt\u00edvnu prev\u00e1dzku. V\u00fdber tesnen\u00ed, ako s\u00fa tesnenia piestov a tesnenia ty\u010d\u00ed, ovplyv\u0148uje celkov\u00fd v\u00fdkon. Tesnenia vyroben\u00e9 z odoln\u00fdch materi\u00e1lov, ako je polyuret\u00e1n alebo nitrilov\u00fd kau\u010duk, s\u00fa uprednost\u0148ovan\u00e9 pre svoju odolnos\u0165 vo\u010di opotrebovaniu a schopnos\u0165 udr\u017eiava\u0165 tlak. Pravideln\u00e1 kontrola tesnen\u00ed je nevyhnutn\u00e1 na predch\u00e1dzanie \u00fanikom, preto\u017ee aj mal\u00e9 \u00faniky m\u00f4\u017eu vies\u0165 k v\u00fdznamn\u00fdm probl\u00e9mom s v\u00fdkonom.<\/p>\n<h3>Trvanlivos\u0165<\/h3>\n<p>Trvanlivos\u0165 je k\u013e\u00fa\u010dov\u00fdm faktorom pri v\u00fdbere valca v\u00fdlo\u017en\u00edka. Kon\u0161trukcia by mala zoh\u013ead\u0148ova\u0165 n\u00e1ro\u010dn\u00e9 pracovn\u00e9 podmienky, ktor\u00fdm hydraulick\u00e9 valce \u010dasto \u010delia, vr\u00e1tane vystavenia ne\u010distot\u00e1m, vlhkosti a extr\u00e9mnym teplot\u00e1m. Vysokokvalitn\u00e9 materi\u00e1ly a ochrann\u00e9 n\u00e1tery m\u00f4\u017eu zv\u00fd\u0161i\u0165 odolnos\u0165 a zabezpe\u010di\u0165, aby valec odolal n\u00e1ro\u010dn\u00fdm ka\u017edodenn\u00fdm podmienkam pou\u017e\u00edvania. Postupy \u00fadr\u017eby tie\u017e zohr\u00e1vaj\u00fa d\u00f4le\u017eit\u00fa \u00falohu pri pred\u013a\u017een\u00ed \u017eivotnosti valca zn\u00ed\u017een\u00edm opotrebenia.<\/p>\n<h3>Bezpe\u010dnostn\u00e9 prvky<\/h3>\n<p>Pri n\u00e1vrhu valcov v\u00fdlo\u017en\u00edka s\u00fa bezpe\u010dnostn\u00e9 aspekty nevyhnutn\u00e9. Za\u010dlenenie poistn\u00fdch ventilov a mechanizmov na zn\u00ed\u017eenie tlaku m\u00f4\u017ee zabr\u00e1ni\u0165 pretlaku, ktor\u00fd m\u00f4\u017ee vies\u0165 ku katastrof\u00e1lnym poruch\u00e1m. Okrem toho je spr\u00e1vna in\u0161tal\u00e1cia a pravideln\u00e9 kontroly \u00fadr\u017eby nevyhnutn\u00e9 na zabezpe\u010denie spr\u00e1vneho fungovania bezpe\u010dnostn\u00fdch prvkov a poskytnutie pokoja po\u010das prev\u00e1dzky.<\/p>\n<h3>Pr\u00edstupnos\u0165 \u00fadr\u017eby<\/h3>\n<p>Navrhnutie valca pre jednoduch\u00fa \u00fadr\u017ebu je k\u013e\u00fa\u010dov\u00e9. Pr\u00edstup ku kritick\u00fdm komponentom umo\u017e\u0148uje r\u00fdchlej\u0161ie kontroly, opravy a v\u00fdmeny, \u010d\u00edm sa minimalizuj\u00fa prestoje. Funkcie, ako s\u00fa odn\u00edmate\u013en\u00e9 koncov\u00e9 kryty alebo pr\u00edstupn\u00e9 mazacie body, zvy\u0161uj\u00fa prev\u00e1dzkyschopnos\u0165 valca a zabezpe\u010duj\u00fa jednoduch\u00fa a efekt\u00edvnu \u00fadr\u017ebu.<\/p>\n<p><img decoding=\"async\" src=\"https:\/\/www.hydraulic-cylinders.net\/wp-content\/uploads\/2025\/04\/songte-oil-pipes-and-spare-parts.webp\" alt=\"\u010casti hydraulick\u00e9ho valca\"><\/p>\n<h2>Tesnenie a mazanie<\/h2>\n<p>\u00da\u010dinn\u00e9 tesnenie a mazanie s\u00fa nevyhnutn\u00e9 pre dlh\u00fa \u017eivotnos\u0165 a v\u00fdkon valcov v\u00fdlo\u017en\u00edka. Na udr\u017eanie hydraulick\u00e9ho tlaku a zabr\u00e1nenie \u00faniku kvapaliny sa pou\u017e\u00edvaj\u00fa r\u00f4zne tesnenia vr\u00e1tane tesnen\u00ed piestov a tesnen\u00ed ty\u010d\u00ed. V\u00fdber vysokokvalitn\u00fdch tesniacich materi\u00e1lov, ako je polyuret\u00e1n a nitrilov\u00e1 guma, zais\u0165uje odolnos\u0165 vo\u010di opotrebovaniu.<\/p>\n<p>Teleso valca a z\u00e1vitov\u00e9 konce prech\u00e1dzaj\u00fa d\u00f4kladnou povrchovou \u00fapravou, aby sa zv\u00fd\u0161ila odolnos\u0165 proti opotrebovaniu, \u010do je k\u013e\u00fa\u010dov\u00e9 pre udr\u017eanie v\u00fdkonu v n\u00e1ro\u010dn\u00fdch prostrediach. Pravideln\u00e9 mazanie hydraulick\u00fdm olejom je nevyhnutn\u00e9, preto\u017ee zni\u017euje trenie a opotrebovanie medzi pohybliv\u00fdmi komponentmi. Odpor\u00fa\u010da sa pravidelne kontrolova\u0165 a dop\u013a\u0148a\u0165 hladinu hydraulick\u00e9ho oleja, aby sa zabezpe\u010dil optim\u00e1lny v\u00fdkon a dlh\u00e1 \u017eivotnos\u0165 valca.<\/p>\n<h2>Pravideln\u00e1 kontrola a opatrenia prevent\u00edvnej \u00fadr\u017eby<\/h2>\n<ul>\n<li><strong>Pravideln\u00e9 kontroly:<\/strong> Pl\u00e1novan\u00e9 kontroly s\u00fa k\u013e\u00fa\u010dov\u00e9 pre v\u010dasn\u00fa identifik\u00e1ciu zn\u00e1mok opotrebovania alebo po\u0161kodenia. Skontrolujte tesnenia, hadice a spoje, \u010di netesnia alebo nie s\u00fa po\u0161koden\u00e9.<\/li>\n<li><strong>Vhodn\u00e9 mazanie:<\/strong> Zabezpe\u010dte, aby bola hladina hydraulick\u00e9ho oleja udr\u017eiavan\u00e1 na spr\u00e1vnej \u00farovni a aby boli mazacie body pravidelne servisovan\u00e9, aby sa zn\u00ed\u017eilo trenie a opotrebovanie.<\/li>\n<li><strong>V\u00fdmena tesnenia:<\/strong> Pravidelne kontrolujte opotrebovanie tesnen\u00ed a v pr\u00edpade potreby ich vyme\u0148te, aby ste predi\u0161li \u00fanikom a udr\u017eali hydraulick\u00fd tlak.<\/li>\n<\/ul>\n<h2>Pokyny na in\u0161tal\u00e1ciu<\/h2>\n<p>Spr\u00e1vna in\u0161tal\u00e1cia valca ramena je rozhoduj\u00faca pre jeho v\u00fdkon a dlh\u00fa \u017eivotnos\u0165. Za\u010dnite t\u00fdm, \u017ee sa uist\u00edte, \u017ee miesto in\u0161tal\u00e1cie je \u010dist\u00e9 a bez ne\u010dist\u00f4t. Valec spr\u00e1vne zarovnajte s mont\u00e1\u017enymi bodmi pomocou vhodn\u00fdch mont\u00e1\u017enych konzol na jeho upevnenie. Udr\u017eujte spr\u00e1vne zarovnanie, aby ste predi\u0161li nam\u00e1haniu valca, ktor\u00e9 m\u00f4\u017ee vies\u0165 k pred\u010dasn\u00e9mu zlyhaniu.<\/p>\n<p>Potom pripojte hydraulick\u00e9 potrubia a uistite sa, \u017ee v\u0161etky spoje s\u00fa pevn\u00e9 a bezpe\u010dn\u00e9, aby sa predi\u0161lo \u00fanikom. Po in\u0161tal\u00e1cii vykonajte d\u00f4kladn\u00fa kontrolu, aby ste sa uistili, \u017ee valec funguje hladko a bez ak\u00fdchko\u013evek prek\u00e1\u017eok. Pravidelne monitorujte in\u0161tal\u00e1ciu, \u010di funguje spr\u00e1vne, a po\u010das be\u017en\u00fdch kontrol \u00fadr\u017eby kontrolujte, \u010di nevykazuje zn\u00e1mky opotrebovania alebo po\u0161kodenia.<\/p>\n<h2>Be\u017en\u00e9 \u00falohy \u00fadr\u017eby<\/h2>\n<h3>Pravideln\u00e9 kontroly<\/h3>\n<p>Pravidelne kontrolujte valec v\u00fdlo\u017en\u00edka, aby ste sa uistili, \u017ee jeho komponenty spr\u00e1vne funguj\u00fa. Patria sem kontrola tesnen\u00ed, opotrebovania hydraulick\u00fdch potrub\u00ed a zabezpe\u010denie bezpe\u010dnosti v\u0161etk\u00fdch pripojen\u00ed. Ak\u00e9ko\u013evek probl\u00e9my okam\u017eite rie\u0161te, aby ste predi\u0161li \u010fal\u0161iemu po\u0161kodeniu.<\/p>\n<h3>Vhodn\u00e9 mazanie<\/h3>\n<p>Mazanie je nevyhnutn\u00e9 pre plynul\u00fd chod hydraulick\u00fdch valcov. Pravidelne kontrolujte hladinu hydraulick\u00e9ho oleja a pod\u013ea potreby ho dopl\u0148te. Zabezpe\u010dte, aby boli v\u0161etky pohybliv\u00e9 \u010dasti dostato\u010dne namazan\u00e9, aby sa zn\u00ed\u017eilo trenie a pred\u013a\u017eila \u017eivotnos\u0165 valca.<\/p>\n<h3>V\u00fdmena tesnenia a kontroly kalibr\u00e1cie<\/h3>\n<p>Pod\u013ea potreby vyme\u0148te tesnenia, aby ste udr\u017eali hydraulick\u00fd tlak a zabr\u00e1nili \u00fanikom. Kalibrujte valec, aby ste zabezpe\u010dili jeho prev\u00e1dzku v r\u00e1mci \u0161pecifikovan\u00fdch parametrov, \u010do je nevyhnutn\u00e9 pre udr\u017eanie \u00fa\u010dinnosti prev\u00e1dzky. Skontrolujte zarovnanie a pod\u013ea potreby ho upravte, aby ste predi\u0161li nadmern\u00e9mu nam\u00e1haniu valca.<\/p>\n<h2>Bezpe\u010dnostn\u00e9 aspekty a faktory prostredia<\/h2>\n<p>Bezpe\u010dnostn\u00e9 opatrenia s\u00fa pri pr\u00e1ci s hydraulick\u00fdmi syst\u00e9mami k\u013e\u00fa\u010dov\u00e9. Zabezpe\u010dte, aby bol v\u0161etok person\u00e1l vy\u0161kolen\u00fd v spr\u00e1vnych technik\u00e1ch manipul\u00e1cie a rozumel rizik\u00e1m spojen\u00fdm s hydraulick\u00fdmi zariadeniami. Ochrann\u00e9 prostriedky by sa mali nosi\u0165 v\u017edy a musia sa dodr\u017eiava\u0165 bezpe\u010dnostn\u00e9 protokoly, aby sa predi\u0161lo nehod\u00e1m. Okrem toho zv\u00e1\u017ete vplyv hydraulick\u00fdch kvapal\u00edn na \u017eivotn\u00e9 prostredie a zabezpe\u010dte ich spr\u00e1vnu likvid\u00e1ciu a nakladanie s nimi, aby sa minimalizovali ekologick\u00e9 \u0161kody.<\/p>\n<h2>Diagnostika por\u00fach a be\u017en\u00e9 probl\u00e9my<\/h2>\n<ul>\n<li><strong>Hydraulick\u00e9 \u00faniky:<\/strong> \u010casto sp\u00f4soben\u00e9 opotrebovan\u00fdmi tesneniami alebo po\u0161koden\u00fdmi hadicami. Pravideln\u00e9 kontroly m\u00f4\u017eu pom\u00f4c\u0165 v\u010das odhali\u0165 tieto probl\u00e9my.<\/li>\n<li><strong>Slab\u00fd v\u00fdkon:<\/strong> \u010casto je to d\u00f4sledok nedostato\u010dn\u00e9ho mazania alebo hladiny hydraulickej kvapaliny. Pravidelne kontrolujte a udr\u017eiavajte spr\u00e1vnu hladinu oleja.<\/li>\n<li><strong>Hluk po\u010das prev\u00e1dzky:<\/strong> M\u00f4\u017ee to nazna\u010dova\u0165 pr\u00edtomnos\u0165 vzduchu v hydraulickom syst\u00e9me alebo nedostato\u010dn\u00e9 mazanie. Na vyrie\u0161enie probl\u00e9mu odvzdu\u0161nite syst\u00e9m a zabezpe\u010dte spr\u00e1vne mazanie.<\/li>\n<\/ul>\n<h2>Tipy na rie\u0161enie probl\u00e9mov<\/h2>\n<p>Pre efekt\u00edvnu diagnostiku a rie\u0161enie probl\u00e9mov si ve\u010fte podrobn\u00e9 z\u00e1znamy o v\u00fdkone valcov a v\u0161etk\u00fdch pozorovan\u00fdch anom\u00e1li\u00e1ch. Tieto z\u00e1znamy pou\u017eite na identifik\u00e1ciu vzorcov, ktor\u00e9 m\u00f4\u017eu nazna\u010dova\u0165 z\u00e1kladn\u00e9 probl\u00e9my. Prevent\u00edvne opatrenia, ako je pravideln\u00e1 \u00fadr\u017eba a v\u010dasn\u00e9 kontroly, m\u00f4\u017eu minimalizova\u0165 potenci\u00e1lne probl\u00e9my a pred\u013a\u017ei\u0165 \u017eivotnos\u0165 valca ramena.<\/p>\n<p><img decoding=\"async\" src=\"https:\/\/www.hydraulic-cylinders.net\/wp-content\/uploads\/2025\/04\/songte-bushings-with-all-kinds-of-excavator-models.webp\" alt=\"Modely bagrov\"><\/p>\n<h2>O na\u0161ej spolo\u010dnosti<\/h2>\n<p>Sme popredn\u00fdm v\u00fdrobcom n\u00e1hradn\u00fdch hydraulick\u00fdch valcov a etablovali sme sa ako jeden z popredn\u00fdch v\u00fdrobcov a ve\u013ekoobchodn\u00edkov na dom\u00e1com aj medzin\u00e1rodnom trhu. N\u00e1\u0161 z\u00e1v\u00e4zok ku kvalite je neochvejn\u00fd a na zlep\u0161enie na\u0161ich v\u00fdrobn\u00fdch procesov pou\u017e\u00edvame pokro\u010dil\u00e9 v\u00fdrobn\u00e9 strat\u00e9gie. N\u00e1\u0161 technick\u00fd person\u00e1l v spojen\u00ed s najmodernej\u0161\u00edm digit\u00e1lnym v\u00fdrobn\u00fdm zariaden\u00edm a profesion\u00e1lnymi testovac\u00edmi syst\u00e9mami neust\u00e1le zlep\u0161uje na\u0161u v\u00fdrobn\u00fa platformu.<\/p>\n<p>Na\u0161e robustn\u00e9 kon\u0161truk\u010dn\u00e9 schopnosti n\u00e1m umo\u017e\u0148uj\u00fa uspokojova\u0165 rozmanit\u00e9 potreby z\u00e1kazn\u00edkov s efekt\u00edvnos\u0165ou, presnos\u0165ou a kvalitou. Pon\u00fakame slu\u017eby na mieru prisp\u00f4soben\u00e9 \u0161pecifick\u00fdm po\u017eiadavk\u00e1m, ktor\u00e9 s\u00fa podlo\u017een\u00e9 medzin\u00e1rodn\u00fdmi certifik\u00e1ciami, ktor\u00e9 potvrdzuj\u00fa n\u00e1\u0161 z\u00e1v\u00e4zok k excelentnosti. N\u00e1\u0161 popredajn\u00fd servis zabezpe\u010duje, \u017ee z\u00e1kazn\u00edci maj\u00fa potrebn\u00fa podporu dlho po zak\u00fapen\u00ed.<\/p>\n<p><img decoding=\"async\" src=\"https:\/\/www.hydraulic-cylinders.net\/wp-content\/uploads\/2025\/04\/songte-company-4.webp\" alt=\"Zariadenie spolo\u010dnosti\"><br \/>\n<img decoding=\"async\" src=\"https:\/\/www.hydraulic-cylinders.net\/wp-content\/uploads\/2025\/04\/songte-company-3.webp\" alt=\"Produkty spolo\u010dnosti\"><\/p>\n<p>Autor: lyl<\/p>","protected":false},"excerpt":{"rendered":"<p>Boom Cylinder For Baoding SC85.8 Introduction to Boom Cylinder The boom cylinder, specifically designed for the Baoding SC85.8, is a critical component in hydraulic systems used in heavy machinery. This type of hydraulic cylinder is dedicated to controlling the movement of the bucket in various equipment, such as excavators, backhoe loaders, and front-end loaders. It [&hellip;]<\/p>","protected":false},"featured_media":17868,"comment_status":"open","ping_status":"closed","template":"","meta":{"_et_pb_use_builder":"","_et_pb_old_content":"","_et_gb_content_width":""},"product_brand":[],"product_cat":[1546],"product_tag":[1547,1496],"class_list":{"0":"post-19680","1":"product","2":"type-product","3":"status-publish","4":"has-post-thumbnail","6":"product_cat-boom-cylinders","7":"product_tag-boom-cylinders","8":"product_tag-hydraulic-cylinders","10":"first","11":"instock","12":"shipping-taxable","13":"product-type-simple"},"amp_enabled":true,"_links":{"self":[{"href":"https:\/\/www.hydraulic-cylinders.net\/sk\/wp-json\/wp\/v2\/product\/19680","targetHints":{"allow":["GET"]}}],"collection":[{"href":"https:\/\/www.hydraulic-cylinders.net\/sk\/wp-json\/wp\/v2\/product"}],"about":[{"href":"https:\/\/www.hydraulic-cylinders.net\/sk\/wp-json\/wp\/v2\/types\/product"}],"replies":[{"embeddable":true,"href":"https:\/\/www.hydraulic-cylinders.net\/sk\/wp-json\/wp\/v2\/comments?post=19680"}],"wp:featuredmedia":[{"embeddable":true,"href":"https:\/\/www.hydraulic-cylinders.net\/sk\/wp-json\/wp\/v2\/media\/17868"}],"wp:attachment":[{"href":"https:\/\/www.hydraulic-cylinders.net\/sk\/wp-json\/wp\/v2\/media?parent=19680"}],"wp:term":[{"taxonomy":"product_brand","embeddable":true,"href":"https:\/\/www.hydraulic-cylinders.net\/sk\/wp-json\/wp\/v2\/product_brand?post=19680"},{"taxonomy":"product_cat","embeddable":true,"href":"https:\/\/www.hydraulic-cylinders.net\/sk\/wp-json\/wp\/v2\/product_cat?post=19680"},{"taxonomy":"product_tag","embeddable":true,"href":"https:\/\/www.hydraulic-cylinders.net\/sk\/wp-json\/wp\/v2\/product_tag?post=19680"}],"curies":[{"name":"pracovn\u00fd list","href":"https:\/\/api.w.org\/{rel}","templated":true}]}}