{"id":19682,"date":"2025-04-07T07:01:29","date_gmt":"2025-04-07T07:01:29","guid":{"rendered":"https:\/\/www.hydraulic-cylinders.net\/product\/boom-cylinder-for-baoding-wy75-7\/"},"modified":"2025-04-07T07:01:32","modified_gmt":"2025-04-07T07:01:32","slug":"boom-cylinder-for-baoding-wy75-7","status":"publish","type":"product","link":"https:\/\/www.hydraulic-cylinders.net\/sk\/produkt\/boom-cylinder-for-baoding-wy75-7\/","title":{"rendered":"Valec v\u00fdlo\u017en\u00edka pre Baoding WY75-7"},"content":{"rendered":"<h1>Valec v\u00fdlo\u017en\u00edka pre Baoding WY75-7<\/h1>\n<h2>Preh\u013ead produktu<\/h2>\n<p>Hydraulick\u00fd valec v\u00fdlo\u017en\u00edka pre Baoding WY75-7 je \u0161pecializovan\u00fd hydraulick\u00fd valec ur\u010den\u00fd na ovl\u00e1danie pohybu ly\u017e\u00edc na r\u00f4znych \u0165a\u017ek\u00fdch strojoch, ako s\u00fa bagre, r\u00fdpadl\u00e1 a \u010deln\u00e9 naklada\u010de. Tento hydraulick\u00fd valec u\u013eah\u010duje zdv\u00edhanie, sp\u00fa\u0161\u0165anie a nakl\u00e1\u0148anie ly\u017eice, \u010do umo\u017e\u0148uje efekt\u00edvnu manipul\u00e1ciu s materi\u00e1lom.<\/p>\n<p><img decoding=\"async\" src=\"https:\/\/www.hydraulic-cylinders.net\/wp-content\/uploads\/2025\/04\/songte-company-1.webp\" alt=\"Valec v\u00fdlo\u017en\u00edka\"><\/p>\n<h3>Pochopenie valcov vedra<\/h3>\n<p>Hydraulick\u00e9 valce s\u00fa neoddelite\u013enou s\u00fa\u010das\u0165ou hydraulick\u00fdch syst\u00e9mov a poskytuj\u00fa potrebn\u00fa silu na vykon\u00e1vanie kritick\u00fdch \u00faloh v stavebn\u00fdch a po\u013enohospod\u00e1rskych strojoch. Tieto valce vyu\u017e\u00edvaj\u00fa hydraulick\u00fa kvapalinu na vytv\u00e1ranie pohybu, \u010do umo\u017e\u0148uje obsluhe efekt\u00edvne vykon\u00e1va\u0165 \u0161irok\u00fa \u0161k\u00e1lu \u00faloh. Kon\u0161trukcia t\u00fdchto valcov je k\u013e\u00fa\u010dov\u00e1 pre ich v\u00fdkon, v\u010faka \u010domu s\u00fa spo\u013eahliv\u00e9 v n\u00e1ro\u010dn\u00fdch aplik\u00e1ci\u00e1ch.<\/p>\n<h2>K\u013e\u00fa\u010dov\u00e9 vlastnosti valca v\u00fdlo\u017en\u00edka<\/h2>\n<ul>\n<li><strong>Vysok\u00e1 pevnos\u0165 a odolnos\u0165:<\/strong> Tieto valce s\u00fa vyroben\u00e9 z vysokopevnostnej ocele alebo hlin\u00edka a odol\u00e1vaj\u00fa vysok\u00e9mu tlaku a \u0165a\u017ek\u00fdm za\u0165a\u017eeniam, v\u010faka \u010domu s\u00fa vhodn\u00e9 do n\u00e1ro\u010dn\u00fdch pracovn\u00fdch prostred\u00ed.<\/li>\n<li><strong>Efekt\u00edvna hydraulick\u00e1 prev\u00e1dzka:<\/strong> V\u010faka hydraulick\u00e9mu tlaku oleja pre plynul\u00e9 vys\u00favanie a zas\u00favanie r\u00fdchlo reaguj\u00fa na ovl\u00e1dacie povely a poskytuj\u00fa siln\u00e9 tla\u010dn\u00e9 a \u0165ahov\u00e9 sily, ide\u00e1lne na manipul\u00e1ciu s \u0165a\u017ek\u00fdmi predmetmi.<\/li>\n<li><strong>R\u00f4zne typy:<\/strong> S\u00fa dostupn\u00e9 v jedno\u010dinnom (funguj\u00fa v jednom smere) alebo dvoj\u010dinnom (funguj\u00fa v oboch smeroch) preveden\u00ed a dok\u00e1\u017eu splni\u0165 r\u00f4zne prev\u00e1dzkov\u00e9 po\u017eiadavky, pri\u010dom niektor\u00e9 modely maj\u00fa teleskopick\u00fa kon\u0161trukciu pre dlh\u0161\u00ed dosah v stiesnen\u00fdch priestoroch.<\/li>\n<li><strong>Optimalizovan\u00fd syst\u00e9m tesnenia:<\/strong> Navrhnut\u00e9 s pokro\u010dil\u00fdmi technol\u00f3giami tesnenia, ktor\u00e9 zabra\u0148uj\u00fa \u00fanikom a zabezpe\u010duj\u00fa optim\u00e1lny v\u00fdkon v priebehu \u010dasu.<\/li>\n<li><strong>Mo\u017enosti prisp\u00f4sobenia:<\/strong> Na\u0161e produkty dok\u00e1\u017eu dokonale nahradi\u0165 existuj\u00face hydraulick\u00e9 valce a pon\u00fakaj\u00fa rie\u0161enia \u0161it\u00e9 na mieru pre \u0161pecifick\u00e9 potreby strojov.<\/li>\n<\/ul>\n<p><img decoding=\"async\" src=\"https:\/\/www.hydraulic-cylinders.net\/wp-content\/uploads\/2025\/04\/songte-cylinder-head-with-all-kinds-excavator-models.webp\" alt=\"Modely valcov v\u00fdlo\u017en\u00edka\"><\/p>\n<h2>Aplik\u00e1cie valca v\u00fdlo\u017en\u00edka<\/h2>\n<h3>Stavebn\u00e9 stroje<\/h3>\n<p>V r\u00fdpadl\u00e1ch hraj\u00fa valce v\u00fdlo\u017en\u00edka k\u013e\u00fa\u010dov\u00fa \u00falohu pri kopan\u00ed, nakladan\u00ed a premiest\u0148ovan\u00ed zeminy alebo sutiny. Poskytuj\u00fa potrebn\u00fd v\u00fdkon na zdvihnutie ly\u017eice pre optim\u00e1lnu h\u013abku kopania a u\u013eah\u010duj\u00fa efekt\u00edvnu prepravu materi\u00e1lu. V r\u00fdpadlo-naklada\u010doch pom\u00e1ha valec ly\u017eice pri v\u00fdkopov\u00fdch aj zdv\u00edhac\u00edch \u00faloh\u00e1ch, \u010d\u00edm zvy\u0161uje celkov\u00fa produktivitu na stavenisk\u00e1ch.<\/p>\n<h3>Po\u013enohospod\u00e1rske stroje<\/h3>\n<p>Pre \u010deln\u00e9 naklada\u010de je valec v\u00fdlo\u017en\u00edka nevyhnutn\u00fd pri naberan\u00ed, zdv\u00edhan\u00ed a preprave p\u00f4dy, sena a r\u00f4znych materi\u00e1lov. Hydraulick\u00fd syst\u00e9m umo\u017e\u0148uje presn\u00e9 ovl\u00e1danie, \u010do u\u013eah\u010duje manipul\u00e1ciu s \u0165a\u017ek\u00fdmi bremenami a presn\u00e9 vykon\u00e1vanie \u00faloh, \u010d\u00edm sa zni\u017euje prev\u00e1dzkov\u00fd \u010das a n\u00e1klady na pracovn\u00fa silu.<\/p>\n<h3>V\u00fdkopov\u00e9 procesy<\/h3>\n<p>Valec v\u00fdlo\u017en\u00edka umo\u017e\u0148uje r\u00fdpadl\u00e1m efekt\u00edvne prenika\u0165 do zeme. Umo\u017enen\u00edm zarytia ly\u017eice do p\u00f4dy maximalizuje schopnos\u0165 stroja r\u00fdchlo odstra\u0148ova\u0165 zeminu a sutiny, \u010d\u00edm sa st\u00e1va z\u00e1kladn\u00fdm komponentom pre v\u00fdkopov\u00e9 pr\u00e1ce.<\/p>\n<h3>Funkcie naklada\u010da<\/h3>\n<p>V \u010deln\u00fdch naklada\u010doch valce v\u00fdlo\u017en\u00edka pom\u00e1haj\u00fa pri efekt\u00edvnom zdv\u00edhan\u00ed a vykladan\u00ed bremien. Ich hydraulick\u00fd syst\u00e9m umo\u017e\u0148uje obsluhe vykon\u00e1va\u0165 \u00falohy, ako je premiest\u0148ovanie materi\u00e1lov, odprat\u00e1vanie sut\u00edn a nakladanie n\u00e1kladn\u00fdch vozidiel, s minim\u00e1lnym \u00fasil\u00edm, \u010d\u00edm sa zvy\u0161uje efektivita na pracovisku.<\/p>\n<h2>\u00davahy o dizajne a krit\u00e9ri\u00e1 v\u00fdberu<\/h2>\n<h3>Nosnos\u0165<\/h3>\n<p>Pri v\u00fdbere valca ramena je jedn\u00fdm z najd\u00f4le\u017eitej\u0161\u00edch faktorov, ktor\u00e9 treba zv\u00e1\u017ei\u0165, jeho nosnos\u0165. Valec mus\u00ed by\u0165 schopn\u00fd zvl\u00e1dnu\u0165 o\u010dak\u00e1van\u00e9 za\u0165a\u017eenie bez rizika poruchy. In\u017einieri \u010dasto posudzuj\u00fa maxim\u00e1lnu silu, ktor\u00fa mus\u00ed valec vyvin\u00fa\u0165, pri\u010dom zoh\u013ead\u0148uj\u00fa hmotnos\u0165 u\u017eito\u010dn\u00e9ho za\u0165a\u017eenia a nepriazniv\u00e9 prev\u00e1dzkov\u00e9 podmienky, aby zabezpe\u010dili spo\u013eahlivos\u0165 a v\u00fdkon.<\/p>\n<h3>Tesniaci v\u00fdkon<\/h3>\n<p>Tesniaci syst\u00e9m hydraulick\u00e9ho valca je nevyhnutn\u00fd pre jeho prev\u00e1dzku. Tesnenia musia \u00fa\u010dinne zabra\u0148uj\u00fa \u00faniku kvapaliny a z\u00e1rove\u0148 odol\u00e1va\u0165 vysok\u00e9mu tlaku a meniacim sa teplot\u00e1m. V\u00fdber spr\u00e1vnych materi\u00e1lov, ako je polyuret\u00e1n alebo nitrilov\u00e1 guma, zais\u0165uje odolnos\u0165 a optim\u00e1lny tesniaci v\u00fdkon, \u010d\u00edm sa predl\u017euje celkov\u00e1 \u017eivotnos\u0165 valca.<\/p>\n<h3>Trvanlivos\u0165 a \u00fadr\u017eba<\/h3>\n<p>Trvanlivos\u0165 je pre hydraulick\u00e9 valce nevyhnutn\u00e1, preto\u017ee pracuj\u00fa v n\u00e1ro\u010dn\u00fdch prostrediach. V\u00fdrobcovia tieto produkty navrhuj\u00fa z materi\u00e1lov, ktor\u00e9 odol\u00e1vaj\u00fa opotrebovaniu a kor\u00f3zii. Navy\u0161e, jednoduch\u00e1 \u00fadr\u017eba pom\u00e1ha pred\u013a\u017ei\u0165 \u017eivotnos\u0165 valcov. Pravideln\u00e9 kontroly a \u00fadr\u017eb\u00e1rske postupy s\u00fa k\u013e\u00fa\u010dov\u00e9 pre predch\u00e1dzanie n\u00e1kladn\u00fdm oprav\u00e1m a zabezpe\u010denie konzistentn\u00e9ho v\u00fdkonu.<\/p>\n<h3>Bezpe\u010dnostn\u00e9 prvky<\/h3>\n<p>Bezpe\u010dnos\u0165 by mala by\u0165 v\u017edy najvy\u0161\u0161ou prioritou pri kon\u0161trukcii hydraulick\u00fdch valcov. Za\u010dlenenie prvkov, ako s\u00fa pretlakov\u00e9 ventily, pom\u00e1ha predch\u00e1dza\u0165 pre\u0165a\u017eeniu, zatia\u013e \u010do robustn\u00e1 kon\u0161trukcia minimalizuje riziko katastrofick\u00e9ho zlyhania. Primeran\u00e9 bezpe\u010dnostn\u00e9 opatrenia zabezpe\u010duj\u00fa, \u017ee oper\u00e1tori m\u00f4\u017eu pracova\u0165 s istotou s vedom\u00edm, \u017ee ich vybavenie je spo\u013eahliv\u00e9.<\/p>\n<p><img decoding=\"async\" src=\"https:\/\/www.hydraulic-cylinders.net\/wp-content\/uploads\/2025\/04\/songte-oil-pipes-and-spare-parts.webp\" alt=\"\u010casti hydraulick\u00e9ho valca\"><\/p>\n<h2>Tesnenie a mazanie<\/h2>\n<p>\u00da\u010dinn\u00e9 tesnenie a mazanie zohr\u00e1vaj\u00fa k\u013e\u00fa\u010dov\u00fa \u00falohu pri zabezpe\u010dovan\u00ed dlhej \u017eivotnosti a v\u00fdkonu hydraulick\u00fdch valcov. Na udr\u017eanie tlaku a zabr\u00e1nenie \u00fanikom sa pou\u017e\u00edvaj\u00fa r\u00f4zne tesnenia vr\u00e1tane tesnen\u00ed piestov a tesnen\u00ed ty\u010d\u00ed. Vysokokvalitn\u00e9 materi\u00e1ly ako polyuret\u00e1n a nitrilov\u00e1 guma poskytuj\u00fa v\u00fdnimo\u010dn\u00fa odolnos\u0165 proti opotrebovaniu.<\/p>\n<p>Teleso valca a z\u00e1vitov\u00e9 koncov\u00e9 plochy s\u00fa presne opracovan\u00e9, aby sa zv\u00fd\u0161ila odolnos\u0165 vo\u010di opotrebovaniu. Pravideln\u00e9 mazanie hydraulick\u00fdm olejom je nevyhnutn\u00e9 pre hladk\u00fd chod komponentov a zabr\u00e1nenie pred\u010dasn\u00e9mu opotrebovaniu.<\/p>\n<h2>Opatrenia prevent\u00edvnej \u00fadr\u017eby<\/h2>\n<ul>\n<li><strong>Rutinn\u00e1 kontrola:<\/strong> Pravideln\u00e9 kontroly \u00fanikov, opotrebovania a hladiny hydraulickej kvapaliny m\u00f4\u017eu odhali\u0165 potenci\u00e1lne probl\u00e9my sk\u00f4r, ako sa stan\u00fa kritick\u00fdmi.<\/li>\n<li><strong>Postupy mazania:<\/strong> Dostato\u010dn\u00e9 mazanie je nevyhnutn\u00e9 pre plynul\u00fd chod hydraulick\u00fdch valcov. Pou\u017eitie spr\u00e1vneho typu a mno\u017estva hydraulick\u00e9ho oleja zlep\u0161\u00ed v\u00fdkon a zn\u00ed\u017ei opotrebenie.<\/li>\n<li><strong>V\u00fdmena tesnenia:<\/strong> Tesnenia by sa mali kontrolova\u0165 a pod\u013ea potreby vymie\u0148a\u0165, aby sa predi\u0161lo \u00fanikom a zabezpe\u010dil optim\u00e1lny v\u00fdkon.<\/li>\n<\/ul>\n<h2>Pokyny na in\u0161tal\u00e1ciu<\/h2>\n<p>In\u0161tal\u00e1cia valca ramena si vy\u017eaduje d\u00f4kladn\u00fa pozornos\u0165 k detailom, aby sa zabezpe\u010dila spr\u00e1vna funkcia a bezpe\u010dnos\u0165. Tu s\u00fa z\u00e1kladn\u00e9 kroky pre spr\u00e1vnu in\u0161tal\u00e1ciu:<\/p>\n<ol>\n<li>Za\u010dnite t\u00fdm, \u017ee sa uist\u00edte, \u017ee mont\u00e1\u017ene povrchy na stroji aj valci s\u00fa \u010dist\u00e9 a bez ne\u010dist\u00f4t.<\/li>\n<li>Valec spr\u00e1vne zarovnajte s mont\u00e1\u017enymi bodmi. Pou\u017eitie zarovn\u00e1vac\u00edch pr\u00edpravkov alebo up\u00ednac\u00edch pr\u00edpravkov m\u00f4\u017ee pom\u00f4c\u0165 udr\u017ea\u0165 spr\u00e1vnu polohu.<\/li>\n<li>F\u013ea\u0161u zaistite pomocou odpor\u00fa\u010dan\u00fdch mont\u00e1\u017enych konzol alebo upev\u0148ovac\u00edch prvkov a uistite sa, \u017ee s\u00fa utiahnut\u00e9 pod\u013ea \u0161pecifik\u00e1ci\u00ed v\u00fdrobcu.<\/li>\n<li>Pripojte hydraulick\u00e9 potrubia, pri\u010dom dbajte na pou\u017eitie spr\u00e1vnych spojovac\u00edch prvkov a vyhnite sa kr\u00ed\u017eov\u00e9mu z\u00e1vitu.<\/li>\n<li>Pred testovan\u00edm prev\u00e1dzky napl\u0148te hydraulick\u00fd syst\u00e9m kvapalinou a odvzdu\u0161nite ho, aby ste odstr\u00e1nili v\u0161etky vzduchov\u00e9 bubliny.<\/li>\n<\/ol>\n<h2>Be\u017en\u00e9 \u00falohy \u00fadr\u017eby<\/h2>\n<h3>Pravideln\u00e9 kontroly<\/h3>\n<p>\u010cast\u00e9 kontroly hydraulick\u00e9ho syst\u00e9mu s\u00fa nevyhnutn\u00e9 na v\u010dasn\u00e9 odhalenie ak\u00fdchko\u013evek zn\u00e1mok opotrebovania alebo po\u0161kodenia. Kontrola netesnost\u00ed, pos\u00fadenie stavu tesnen\u00ed a monitorovanie hladiny hydraulickej kvapaliny m\u00f4\u017eu pom\u00f4c\u0165 udr\u017ea\u0165 optim\u00e1lny v\u00fdkon.<\/p>\n<h3>Spr\u00e1vne mazanie<\/h3>\n<p>Mazanie je k\u013e\u00fa\u010dov\u00e9 pre zn\u00ed\u017eenie trenia medzi pohybliv\u00fdmi \u010das\u0165ami. Pou\u017eitie spr\u00e1vneho typu hydraulick\u00e9ho oleja a jeho aplik\u00e1cia v spr\u00e1vnom mno\u017estve zv\u00fd\u0161i \u00fa\u010dinnos\u0165 hydraulick\u00e9ho syst\u00e9mu a pred\u013a\u017ei jeho \u017eivotnos\u0165.<\/p>\n<h3>V\u00fdmena tesnenia a kontroly kalibr\u00e1cie<\/h3>\n<p>Pravideln\u00e1 v\u00fdmena tesnen\u00ed a kalibra\u010dn\u00e9 kontroly s\u00fa nevyhnutn\u00e9 na zabezpe\u010denie prev\u00e1dzky hydraulick\u00e9ho valca v r\u00e1mci jeho navrhnut\u00fdch parametrov. Vedenie podrobn\u00e9ho denn\u00edka \u00fadr\u017eby u\u013eah\u010d\u00ed v\u010dasn\u00e9 z\u00e1sahy a pred\u00edde neo\u010dak\u00e1van\u00fdm poruch\u00e1m.<\/p>\n<p><img decoding=\"async\" src=\"https:\/\/www.hydraulic-cylinders.net\/wp-content\/uploads\/2025\/04\/songte-chushion-collar.webp\" alt=\"Tlmiaci golier valca\"><\/p>\n<h2>Bezpe\u010dnostn\u00e9 aspekty a faktory prostredia<\/h2>\n<p>Zaistenie bezpe\u010dnosti pri obsluhe hydraulick\u00fdch valcov je prvorad\u00e9. Zavedenie vhodn\u00fdch bezpe\u010dnostn\u00fdch opatren\u00ed, ako je pou\u017e\u00edvanie ochrann\u00fdch prostriedkov a dodr\u017eiavanie prev\u00e1dzkov\u00fdch protokolov, minimalizuje rizik\u00e1. Okrem toho je pre udr\u017eanie bezpe\u010dn\u00e9ho a zodpovedn\u00e9ho pracovn\u00e9ho prostredia k\u013e\u00fa\u010dov\u00e9 zoh\u013eadni\u0165 faktory prostredia, ako je napr\u00edklad zachyt\u00e1vanie rozliatych kvapal\u00edn.<\/p>\n<h2>Rie\u0161enie probl\u00e9mov a be\u017en\u00e9 probl\u00e9my<\/h2>\n<ul>\n<li><strong>\u00danik:<\/strong> Identifikujte zdroj \u00fanikov, \u010dasto v d\u00f4sledku opotrebovan\u00fdch tesnen\u00ed alebo po\u0161koden\u00fdch komponentov. Vyme\u0148te tesnenia a skontrolujte, \u010di nie s\u00fa po\u0161koden\u00e9.<\/li>\n<li><strong>Nekonzistentn\u00fd pohyb:<\/strong> M\u00f4\u017ee to by\u0165 sp\u00f4soben\u00e9 vzduchom v syst\u00e9me alebo nedostato\u010dn\u00fdm mno\u017estvom hydraulickej kvapaliny. Odvzdu\u0161nite syst\u00e9m a skontrolujte hladiny kvapal\u00edn.<\/li>\n<li><strong>Prehriatie:<\/strong> Prehriatie m\u00f4\u017ee by\u0165 sp\u00f4soben\u00e9 nadmern\u00fdm za\u0165a\u017een\u00edm alebo nedostato\u010dnou cirkul\u00e1ciou kvapaliny. Vyhodno\u0165te za\u0165a\u017eenie a zabezpe\u010dte spr\u00e1vnu hladinu kvapaliny.<\/li>\n<\/ul>\n<h2>Tipy na efekt\u00edvne rie\u0161enie probl\u00e9mov<\/h2>\n<p>Pre efekt\u00edvnu diagnostiku a rie\u0161enie probl\u00e9mov postupujte pod\u013ea t\u00fdchto pokynov:<\/p>\n<ul>\n<li>Vykon\u00e1vajte pravideln\u00e9 kontroly \u00fadr\u017eby, aby ste odhalili v\u010dasn\u00e9 zn\u00e1mky opotrebovania.<\/li>\n<li>Na rie\u0161enie \u0161pecifick\u00fdch probl\u00e9mov pou\u017e\u00edvajte pokyny v\u00fdrobcu a zabezpe\u010dte dodr\u017eiavanie odpor\u00fa\u010dan\u00fdch postupov.<\/li>\n<li>Investujte do \u0161kolenia oper\u00e1torov, aby mohli proakt\u00edvne rozpozna\u0165 a rie\u0161i\u0165 potenci\u00e1lne probl\u00e9my.<\/li>\n<\/ul>\n<p><img decoding=\"async\" src=\"https:\/\/www.hydraulic-cylinders.net\/wp-content\/uploads\/2025\/04\/songte-bushings-with-all-kinds-of-excavator-models.webp\" alt=\"Puzdr\u00e1 bagerov\"><\/p>\n<h2>Predstavenie spolo\u010dnosti<\/h2>\n<p>Na\u0161a spolo\u010dnos\u0165 je popredn\u00fdm v\u00fdrobcom a ve\u013ekoobchodn\u00edkom n\u00e1hradn\u00fdch hydraulick\u00fdch valcov, uzn\u00e1van\u00fdm na dom\u00e1com aj medzin\u00e1rodnom trhu. Dodr\u017eiavame najvy\u0161\u0161ie \u0161tandardy kvality, ktor\u00e9 podporujeme prepracovanou v\u00fdrobnou strat\u00e9giou, ktor\u00e1 zah\u0155\u0148a pokro\u010dil\u00e9 technol\u00f3gie a kvalifikovan\u00fd person\u00e1l. N\u00e1\u0161 z\u00e1v\u00e4zok k dokonalosti zaru\u010duje, \u017ee sp\u013a\u0148ame rozmanit\u00e9 potreby z\u00e1kazn\u00edkov s vysokou efektivitou a presnos\u0165ou.<\/p>\n<p>Na\u0161a odbornos\u0165 sa rozprestiera v r\u00f4znych aspektoch:<\/p>\n<ul>\n<li><strong>Profesionalita:<\/strong> S na\u0161im \u0161pecializovan\u00fdm t\u00edmom odborn\u00edkov kladieme d\u00f4raz na kvalitu produktov a spokojnos\u0165 z\u00e1kazn\u00edkov.<\/li>\n<li><strong>Medzin\u00e1rodn\u00e1 certifik\u00e1cia:<\/strong> Na\u0161e produkty sp\u013a\u0148aj\u00fa priemyseln\u00e9 normy, \u010do zaru\u010duje spo\u013eahlivos\u0165 a bezpe\u010dnos\u0165.<\/li>\n<li><strong>Z\u00e1kazn\u00edcke slu\u017eby:<\/strong> Pon\u00fakame rie\u0161enia \u0161it\u00e9 na mieru, ktor\u00e9 sp\u013a\u0148aj\u00fa \u0161pecifick\u00e9 po\u017eiadavky klienta, a zabezpe\u010dujeme personalizovan\u00fd pr\u00edstup.<\/li>\n<li><strong>Pokro\u010dil\u00e9 v\u00fdrobn\u00e9 zariadenia:<\/strong> Pou\u017e\u00edvanie najmodernej\u0161\u00edch strojov zvy\u0161uje na\u0161e v\u00fdrobn\u00e9 kapacity a zlep\u0161uje kvalitu v\u00fdrobkov.<\/li>\n<li><strong>Popredajn\u00e1 podpora:<\/strong> N\u00e1\u0161 t\u00edm z\u00e1kazn\u00edckej podpory je v\u00e1m v\u017edy k dispoz\u00edcii, aby v\u00e1m pomohol s ak\u00fdmiko\u013evek ot\u00e1zkami alebo potrebnou podporou po zak\u00fapen\u00ed.<\/li>\n<\/ul>\n<p><img decoding=\"async\" src=\"https:\/\/www.hydraulic-cylinders.net\/wp-content\/uploads\/2025\/04\/songte-company-4.webp\" alt=\"Preh\u013ead spolo\u010dnosti\"><br \/>\n<img decoding=\"async\" src=\"https:\/\/www.hydraulic-cylinders.net\/wp-content\/uploads\/2025\/04\/songte-company-3.webp\" alt=\"V\u00fdrobn\u00e9 zariadenie\"><\/p>\n<p>Autor: lyl<\/p>","protected":false},"excerpt":{"rendered":"<p>Boom Cylinder For Baoding WY75-7 Product Overview The Boom Cylinder for Baoding WY75-7 is a specialized hydraulic cylinder designed to control the movement of buckets on various heavy machinery such as excavators, backhoes, and front loaders. This hydraulic cylinder facilitates the lifting, lowering, and tilting of the bucket, enabling efficient material handling tasks. Understanding Bucket [&hellip;]<\/p>","protected":false},"featured_media":17870,"comment_status":"open","ping_status":"closed","template":"","meta":{"_et_pb_use_builder":"","_et_pb_old_content":"","_et_gb_content_width":""},"product_brand":[],"product_cat":[1546],"product_tag":[1547,1496],"class_list":{"0":"post-19682","1":"product","2":"type-product","3":"status-publish","4":"has-post-thumbnail","6":"product_cat-boom-cylinders","7":"product_tag-boom-cylinders","8":"product_tag-hydraulic-cylinders","10":"first","11":"instock","12":"shipping-taxable","13":"product-type-simple"},"amp_enabled":true,"_links":{"self":[{"href":"https:\/\/www.hydraulic-cylinders.net\/sk\/wp-json\/wp\/v2\/product\/19682","targetHints":{"allow":["GET"]}}],"collection":[{"href":"https:\/\/www.hydraulic-cylinders.net\/sk\/wp-json\/wp\/v2\/product"}],"about":[{"href":"https:\/\/www.hydraulic-cylinders.net\/sk\/wp-json\/wp\/v2\/types\/product"}],"replies":[{"embeddable":true,"href":"https:\/\/www.hydraulic-cylinders.net\/sk\/wp-json\/wp\/v2\/comments?post=19682"}],"wp:featuredmedia":[{"embeddable":true,"href":"https:\/\/www.hydraulic-cylinders.net\/sk\/wp-json\/wp\/v2\/media\/17870"}],"wp:attachment":[{"href":"https:\/\/www.hydraulic-cylinders.net\/sk\/wp-json\/wp\/v2\/media?parent=19682"}],"wp:term":[{"taxonomy":"product_brand","embeddable":true,"href":"https:\/\/www.hydraulic-cylinders.net\/sk\/wp-json\/wp\/v2\/product_brand?post=19682"},{"taxonomy":"product_cat","embeddable":true,"href":"https:\/\/www.hydraulic-cylinders.net\/sk\/wp-json\/wp\/v2\/product_cat?post=19682"},{"taxonomy":"product_tag","embeddable":true,"href":"https:\/\/www.hydraulic-cylinders.net\/sk\/wp-json\/wp\/v2\/product_tag?post=19682"}],"curies":[{"name":"pracovn\u00fd list","href":"https:\/\/api.w.org\/{rel}","templated":true}]}}