{"id":19687,"date":"2025-04-07T07:01:43","date_gmt":"2025-04-07T07:01:43","guid":{"rendered":"https:\/\/www.hydraulic-cylinders.net\/product\/boom-cylinder-for-tiangong-zg3235-9c\/"},"modified":"2025-04-07T07:01:53","modified_gmt":"2025-04-07T07:01:53","slug":"boom-cylinder-for-tiangong-zg3235-9c","status":"publish","type":"product","link":"https:\/\/www.hydraulic-cylinders.net\/sk\/produkt\/boom-cylinder-for-tiangong-zg3235-9c\/","title":{"rendered":"Valec v\u00fdlo\u017en\u00edka pre Tiangong ZG3235-9C"},"content":{"rendered":"<h1>Valec v\u00fdlo\u017en\u00edka pre Tiangong ZG3235-9C<\/h1>\n<h2>Pochopenie valca v\u00fdlo\u017en\u00edka<\/h2>\n<p>Hydraulick\u00fd valec v\u00fdlo\u017en\u00edka, \u0161peci\u00e1lne navrhnut\u00fd pre Tiangong ZG3235-9C, je z\u00e1kladnou s\u00fa\u010das\u0165ou hydraulick\u00fdch syst\u00e9mov pou\u017e\u00edvan\u00fdch v \u0165a\u017ek\u00fdch strojoch. Tento \u0161pecializovan\u00fd hydraulick\u00fd valec je prim\u00e1rne zodpovedn\u00fd za ovl\u00e1danie pohybu ly\u017e\u00edc v r\u00f4znych zariadeniach, ako s\u00fa r\u00fdpadl\u00e1, r\u00fdpadlo-naklada\u010de a \u010deln\u00e9 naklada\u010de. Valec v\u00fdlo\u017en\u00edka umo\u017e\u0148uje zdv\u00edhanie, sp\u00fa\u0161\u0165anie a nakl\u00e1\u0148anie ly\u017eice, \u010do u\u013eah\u010duje efekt\u00edvnu manipul\u00e1ciu s materi\u00e1lom vo viacer\u00fdch odvetviach.<\/p>\n<p><img decoding=\"async\" src=\"https:\/\/www.hydraulic-cylinders.net\/wp-content\/uploads\/2025\/04\/songte-company-1.webp\" alt=\"Obr\u00e1zok valca v\u00fdlo\u017en\u00edka\"><\/p>\n<p>Ako typ hydraulick\u00e9ho valca funguje valec v\u00fdlo\u017en\u00edka tak, \u017ee premie\u0148a hydraulick\u00fd tlak na mechanick\u00fa silu, \u010d\u00edm dod\u00e1va energiu potrebn\u00fa na man\u00e9vrovanie s ve\u013ek\u00fdmi vedr\u00e1mi a pr\u00eddavn\u00fdmi zariadeniami. T\u00e1to funkcia je k\u013e\u00fa\u010dov\u00e1 pre maximaliz\u00e1ciu produktivity pri \u00faloh\u00e1ch, ako je kopanie, zdv\u00edhanie a preprava materi\u00e1lov. Kon\u0161trukcia a v\u00fdkon valca v\u00fdlo\u017en\u00edka priamo ovplyv\u0148uj\u00fa celkov\u00fa \u00fa\u010dinnos\u0165 a efekt\u00edvnos\u0165 prev\u00e1dzky \u0165a\u017ek\u00fdch strojov.<\/p>\n<h2>K\u013e\u00fa\u010dov\u00e9 vlastnosti valca v\u00fdlo\u017en\u00edka<\/h2>\n<ul>\n<li><strong>Vysok\u00e1 pevnos\u0165 a odolnos\u0165:<\/strong> Tieto valce s\u00fa vyroben\u00e9 z vysokopevnostnej ocele alebo hlin\u00edka, odol\u00e1vaj\u00fa vysok\u00e9mu tlaku a ve\u013ek\u00e9mu za\u0165a\u017eeniu, v\u010faka \u010domu s\u00fa vhodn\u00e9 do n\u00e1ro\u010dn\u00fdch pracovn\u00fdch prostred\u00ed. Kon\u0161trukcia sa zameriava na odolnos\u0165 proti opotrebovaniu a kor\u00f3zii, \u010do v\u00fdrazne predl\u017euje ich \u017eivotnos\u0165.<\/li>\n<li><strong>Efekt\u00edvna hydraulick\u00e1 prev\u00e1dzka:<\/strong> V\u010faka tlaku hydraulick\u00e9ho oleja zais\u0165uje valec v\u00fdlo\u017en\u00edka plynul\u00e9 teleskopick\u00e9 pohyby, ktor\u00e9 s\u00fa schopn\u00e9 r\u00fdchlo reagova\u0165 na povely obsluhy a z\u00e1rove\u0148 poskytova\u0165 zna\u010dn\u00fa tla\u010dn\u00fa a \u0165a\u017en\u00fa silu, ide\u00e1lnu pre \u0165a\u017ek\u00e9 a zlo\u017eit\u00e9 \u00falohy.<\/li>\n<li><strong>R\u00f4zne typy:<\/strong> V z\u00e1vislosti od prev\u00e1dzkov\u00fdch po\u017eiadaviek je mo\u017en\u00e9 zvoli\u0165 bu\u010f jedno\u010dinn\u00fd (vyu\u017e\u00edvaj\u00faci hydraulick\u00fd tlak v jednom smere), alebo dvoj\u010dinn\u00fd (vyu\u017e\u00edvaj\u00faci hydraulick\u00fd tlak v oboch smeroch). Niektor\u00e9 modely maj\u00fa dokonca teleskopick\u00fa kon\u0161trukciu pre v\u00e4\u010d\u0161ie vysunutie bez zv\u00e4\u010d\u0161enia vonkaj\u0161\u00edch rozmerov, v\u010faka \u010domu s\u00fa vhodn\u00e9 pre aplik\u00e1cie s obmedzen\u00fdm priestorom.<\/li>\n<li><strong>Kompatibilita:<\/strong> Tieto produkty vyr\u00e1bame tak, aby dokonale nahradili existuj\u00face hydraulick\u00e9 valce, \u010d\u00edm zabezpe\u010dujeme bezprobl\u00e9mov\u00fa integr\u00e1ciu a zv\u00fd\u0161enie v\u00fdkonu.<\/li>\n<\/ul>\n<p><img decoding=\"async\" src=\"https:\/\/www.hydraulic-cylinders.net\/wp-content\/uploads\/2025\/04\/songte-cylinder-head-with-all-kinds-excavator-models.webp\" alt=\"Kompatibiln\u00e9 hydraulick\u00e9 valce\"><\/p>\n<h2>Aplik\u00e1cie valca v\u00fdlo\u017en\u00edka<\/h2>\n<h3>Stavebn\u00e9 stroje<\/h3>\n<p>V r\u00fdpadl\u00e1ch s\u00fa valce v\u00fdlo\u017en\u00edka z\u00e1kladom pre v\u00fdkopov\u00e9 pr\u00e1ce, nakladanie a premiest\u0148ovanie zeminy alebo sut\u00edn. S\u00fa neoddelite\u013enou s\u00fa\u010das\u0165ou procesu v\u00fdkopov\u00fdch pr\u00e1c a umo\u017e\u0148uj\u00fa obsluhe kopa\u0165 hlboko do zeme a efekt\u00edvne zdv\u00edha\u0165 materi\u00e1ly.<\/p>\n<h3>R\u00fdpadlo-naklada\u010de<\/h3>\n<p>V r\u00fdpadlo-naklada\u010doch pom\u00e1ha valec ly\u017eice pri v\u00fdkopov\u00fdch pr\u00e1cach aj zdv\u00edhan\u00ed, \u010d\u00edm poskytuje v\u0161estrannos\u0165 potrebn\u00fa pre \u00falohy, ktor\u00e9 vy\u017eaduj\u00fa kopanie a prepravu materi\u00e1lov. Schopnos\u0165 efekt\u00edvne prep\u00edna\u0165 medzi oper\u00e1ciami zvy\u0161uje produktivitu na pracovisku.<\/p>\n<h3>Po\u013enohospod\u00e1rske stroje<\/h3>\n<p>Pri \u010deln\u00fdch naklada\u010doch u\u013eah\u010duj\u00fa valce v\u00fdlo\u017en\u00edka nakladanie, zdv\u00edhanie a prepravu p\u00f4dy, sena a in\u00fdch materi\u00e1lov. Ich \u00fa\u010dinnos\u0165 zabezpe\u010duje r\u00fdchle vykon\u00e1vanie po\u013enohospod\u00e1rskych \u00faloh, \u010d\u00edm sa skracuj\u00fa prev\u00e1dzkov\u00e9 prestoje.<\/p>\n<h3>R\u00fdpadl\u00e1<\/h3>\n<p>V r\u00fdpadl\u00e1ch umo\u017e\u0148uje valec v\u00fdlo\u017en\u00edka prenikn\u00fa\u0165 do p\u00f4dy, \u010do umo\u017e\u0148uje efekt\u00edvne kopanie. T\u00e1to funkcia je k\u013e\u00fa\u010dov\u00e1 pre stavebn\u00e9 aj ter\u00e9nne projekty, kde je potrebn\u00e1 presnos\u0165 a v\u00fdkon.<\/p>\n<h3>Naklada\u010de<\/h3>\n<p>V \u010deln\u00fdch naklada\u010doch zohr\u00e1vaj\u00fa valce v\u00fdlo\u017en\u00edka d\u00f4le\u017eit\u00fa \u00falohu pri efekt\u00edvnom zdv\u00edhan\u00ed a vykladan\u00ed bremien. Ich robustn\u00e1 kon\u0161trukcia umo\u017e\u0148uje zdv\u00edhanie \u0165a\u017ek\u00fdch bremien, v\u010faka \u010domu s\u00fa nevyhnutn\u00e9 pre manipul\u00e1ciu s materi\u00e1lmi v r\u00f4znych odvetviach.<\/p>\n<h2>\u00davahy o dizajne a krit\u00e9ri\u00e1 v\u00fdberu<\/h2>\n<h3>Nosnos\u0165<\/h3>\n<p>Jedn\u00fdm z hlavn\u00fdch faktorov pri navrhovan\u00ed valca ramena je jeho nosnos\u0165. T\u00e1 je ur\u010den\u00e1 pou\u017eit\u00fdmi materi\u00e1lmi, kon\u0161truk\u010dn\u00fdm rie\u0161en\u00edm a limitmi hydraulick\u00e9ho tlaku. Dobre navrhnut\u00fd valec ramena mus\u00ed bezpe\u010dne zvl\u00e1dnu\u0165 maxim\u00e1lne za\u0165a\u017eenie typick\u00e9 pre jeho zam\u00fd\u0161\u013ean\u00e9 aplik\u00e1cie a zabezpe\u010di\u0165, aby po\u010das prev\u00e1dzky nedo\u0161lo k poruche.<\/p>\n<h3>Tesnenie<\/h3>\n<p>\u00da\u010dinn\u00e9 utesnenie je k\u013e\u00fa\u010dov\u00e9 pre dlh\u00fa \u017eivotnos\u0165 a v\u00fdkon hydraulick\u00fdch valcov. Pou\u017eitie vysokokvalitn\u00fdch tesnen\u00ed zabra\u0148uje \u00faniku hydraulickej kvapaliny, udr\u017eiava optim\u00e1lnu \u00farove\u0148 tlaku a zvy\u0161uje \u00fa\u010dinnos\u0165. Dobre utesnen\u00fd valec tie\u017e zabra\u0148uje kontamin\u00e1cii, ktor\u00e1 m\u00f4\u017ee vies\u0165 k pred\u010dasn\u00e9mu opotrebovaniu a poruche.<\/p>\n<h3>Trvanlivos\u0165<\/h3>\n<p>Trvanlivos\u0165 je kritick\u00fdm aspektom kon\u0161trukcie hydraulick\u00e9ho valca. Pou\u017eit\u00e9 materi\u00e1ly a v\u00fdrobn\u00e9 procesy by mali zabezpe\u010di\u0165, aby valec odolal n\u00e1ro\u010dn\u00fdm podmienkam prostredia vr\u00e1tane teplotn\u00fdch extr\u00e9mov a vystavenia chemik\u00e1li\u00e1m. T\u00e1to odolnos\u0165 je nevyhnutn\u00e1 pre udr\u017eanie prev\u00e1dzkovej \u00fa\u010dinnosti v priebehu \u010dasu.<\/p>\n<h3>Bezpe\u010dnos\u0165<\/h3>\n<p>Bezpe\u010dnostn\u00e9 prvky v kon\u0161trukcii hydraulick\u00fdch valcov, ako s\u00fa ochrana proti prasknutiu a pretlakov\u00e9 ventily, s\u00fa nevyhnutn\u00e9 na predch\u00e1dzanie nehod\u00e1m a zaistenie bezpe\u010dnosti obsluhy. Za\u010dlenenie t\u00fdchto prvkov pom\u00e1ha zmierni\u0165 rizik\u00e1 spojen\u00e9 s hydraulick\u00fdmi poruchami.<\/p>\n<h3>Udr\u017eiavate\u013enos\u0165<\/h3>\n<p>Jednoduch\u00e1 \u00fadr\u017eba je \u010fal\u0161\u00edm k\u013e\u00fa\u010dov\u00fdm kon\u0161truk\u010dn\u00fdm krit\u00e9riom. Hydraulick\u00e9 valce by mali by\u0165 navrhnut\u00e9 pre jednoduch\u00fd servis, ktor\u00fd umo\u017e\u0148uje r\u00fdchlu v\u00fdmenu tesnen\u00ed a kontrolu kvapal\u00edn. To minimalizuje prestoje a udr\u017eiava zariadenie v efekt\u00edvnej prev\u00e1dzke, \u010do v kone\u010dnom d\u00f4sledku zni\u017euje prev\u00e1dzkov\u00e9 n\u00e1klady.<\/p>\n<p><img decoding=\"async\" src=\"https:\/\/www.hydraulic-cylinders.net\/wp-content\/uploads\/2025\/04\/songte-oil-pipes-and-spare-parts.webp\" alt=\"Olejov\u00e9 potrubia a n\u00e1hradn\u00e9 diely\"><\/p>\n<h2>Tesnenie a mazanie<\/h2>\n<p>Tesniaci syst\u00e9m vo valci v\u00fdlo\u017en\u00edka zohr\u00e1va k\u013e\u00fa\u010dov\u00fa \u00falohu v jeho prev\u00e1dzke. Na zabezpe\u010denie optim\u00e1lneho v\u00fdkonu sa be\u017ene pou\u017e\u00edvaj\u00fa r\u00f4zne tesnenia vr\u00e1tane tesnen\u00ed piestov a tesnen\u00ed ty\u010d\u00ed. Tesnenia vyroben\u00e9 z materi\u00e1lov odoln\u00fdch vo\u010di opotrebovaniu, ako je polyuret\u00e1n a nitrilov\u00e1 guma, s\u00fa obzvl\u00e1\u0161\u0165 \u00fa\u010dinn\u00e9 pri zabezpe\u010dovan\u00ed odolnosti vo\u010di hydraulick\u00fdm kvapalin\u00e1m.<\/p>\n<p>Okrem toho, teleso valca a z\u00e1vitov\u00e9 konce prech\u00e1dzaj\u00fa presn\u00fdm obr\u00e1ban\u00edm, aby sa zv\u00fd\u0161ila odolnos\u0165 proti opotrebovaniu a minimalizovalo sa riziko po\u0161kodenia v priebehu \u010dasu. Pravideln\u00e9 mazanie hydraulick\u00fdm olejom je nevyhnutn\u00e9 pre udr\u017eanie hladk\u00e9ho chodu. Dostato\u010dn\u00e9 mazanie zni\u017euje trenie, ktor\u00e9 m\u00f4\u017ee vies\u0165 k prehriatiu a pred\u010dasn\u00e9mu opotrebovaniu komponentov.<\/p>\n<h2>Pravideln\u00e1 kontrola a prevent\u00edvna \u00fadr\u017eba<\/h2>\n<ul>\n<li><strong>Pravideln\u00e9 kontroly:<\/strong> Vykon\u00e1vajte pravideln\u00e9 kontroly na pos\u00fadenie stavu valca ramena. H\u013eadajte zn\u00e1mky opotrebovania, netesnost\u00ed alebo po\u0161kodenia, ktor\u00e9 by mohli nazna\u010dova\u0165 potrebu \u00fadr\u017eby alebo v\u00fdmeny.<\/li>\n<li><strong>Vhodn\u00e9 mazanie:<\/strong> Uistite sa, \u017ee valec je dostato\u010dne mazan\u00fd odpor\u00fa\u010dan\u00fdmi hydraulick\u00fdmi olejmi. To nielen zlep\u0161uje v\u00fdkon, ale aj predl\u017euje \u017eivotnos\u0165 valca.<\/li>\n<li><strong>V\u00fdmena tesnenia:<\/strong> Pravidelne kontrolujte opotrebovanie tesnen\u00ed a v pr\u00edpade potreby ich vyme\u0148te. Pom\u00f4\u017ee to udr\u017eiava\u0165 tlak a zabr\u00e1ni\u0165 \u00faniku kvapaliny.<\/li>\n<\/ul>\n<h2>Pokyny na in\u0161tal\u00e1ciu<\/h2>\n<p>Spr\u00e1vna in\u0161tal\u00e1cia valca ramena je rozhoduj\u00faca pre funk\u010dnos\u0165 a bezpe\u010dnos\u0165. Uistite sa, \u017ee valec je spr\u00e1vne zarovnan\u00fd s mont\u00e1\u017enymi bodmi, aby ste predi\u0161li nadmern\u00e9mu nam\u00e1haniu komponentov. Na upevnenie valca pou\u017eite vhodn\u00e9 mont\u00e1\u017ene konzoly, ktor\u00e9 zabr\u00e1nia jeho pohybu po\u010das prev\u00e1dzky.<\/p>\n<p>Pred in\u0161tal\u00e1ciou skontrolujte \u010distotu v\u0161etk\u00fdch hydraulick\u00fdch pripojen\u00ed, aby ste predi\u0161li kontamin\u00e1cii. Po in\u0161tal\u00e1cii napl\u0148te hydraulick\u00fd syst\u00e9m odpor\u00fa\u010dan\u00fdm olejom a odvzdu\u0161nite syst\u00e9m, aby ste zabezpe\u010dili jeho plynul\u00fd chod. Po in\u0161tal\u00e1cii vykonajte sk\u00fa\u0161obn\u00fa prev\u00e1dzku, aby ste overili, \u010di valec funguje spr\u00e1vne a efekt\u00edvne.<\/p>\n<h2>Be\u017en\u00e9 \u00falohy \u00fadr\u017eby<\/h2>\n<ul>\n<li><strong>Pravideln\u00e9 kontroly:<\/strong> Pravidelne kontrolujte, \u010di v\u0161etky komponenty spr\u00e1vne funguj\u00fa. Patria sem kontrola hladiny hydraulickej kvapaliny a kontrola had\u00edc a spojov, \u010di nevykazuj\u00fa zn\u00e1mky opotrebovania.<\/li>\n<li><strong>Spr\u00e1vne mazanie:<\/strong> Uistite sa, \u017ee tesnenia a oto\u010dn\u00e9 body s\u00fa namazan\u00e9 pod\u013ea pokynov v\u00fdrobcu, aby sa predi\u0161lo opotrebovaniu.<\/li>\n<li><strong>V\u00fdmena tesnenia:<\/strong> Sledujte stav tesnen\u00ed a v\u010das ich vyme\u0148te, aby ste zachovali ich \u00fa\u010dinnos\u0165 a predi\u0161li \u00fanikom.<\/li>\n<\/ul>\n<p>Zabezpe\u010denie spr\u00e1vneho zarovnania po\u010das in\u0161tal\u00e1cie je mimoriadne d\u00f4le\u017eit\u00e9. Nespr\u00e1vne zarovnanie m\u00f4\u017ee vies\u0165 k zv\u00fd\u0161en\u00e9mu opotrebovaniu a potenci\u00e1lnemu zlyhaniu. Na \u00fa\u010dinn\u00e9 upevnenie valca na mieste pou\u017eite vhodn\u00e9 mont\u00e1\u017ene konzoly. Pravideln\u00e9 kontroly, opravy a v\u00fdmeny s\u00fa nevyhnutn\u00e9 na udr\u017eanie dlhej \u017eivotnosti a \u00fa\u010dinnosti zariadenia, zv\u00fd\u0161enie produktivity a skr\u00e1tenie prestojov.<\/p>\n<p><img decoding=\"async\" src=\"https:\/\/www.hydraulic-cylinders.net\/wp-content\/uploads\/2025\/04\/songte-chushion-collar.webp\" alt=\"Vank\u00fa\u0161ov\u00fd golier\"><\/p>\n<h2>Bezpe\u010dnostn\u00e9 aspekty a faktory prostredia<\/h2>\n<p>Pri pr\u00e1ci s hydraulick\u00fdmi valcami s\u00fa bezpe\u010dnostn\u00e9 opatrenia prvorad\u00e9. Obsluha by mala by\u0165 vy\u0161kolen\u00e1 v bezpe\u010dn\u00fdch prev\u00e1dzkov\u00fdch postupoch a mala by zabezpe\u010di\u0165 funk\u010dnos\u0165 v\u0161etk\u00fdch bezpe\u010dnostn\u00fdch prvkov. Pravideln\u00e9 kontroly \u00fadr\u017eby \u010falej zvy\u0161uj\u00fa bezpe\u010dnos\u0165 identifik\u00e1ciou potenci\u00e1lnych riz\u00edk sk\u00f4r, ako poved\u00fa k nehod\u00e1m.<\/p>\n<h2>Diagnostika por\u00fach a be\u017en\u00e9 probl\u00e9my<\/h2>\n<ul>\n<li><strong>\u00danik:<\/strong> K \u00fanikom m\u00f4\u017ee d\u00f4js\u0165 v d\u00f4sledku opotrebovan\u00fdch tesnen\u00ed alebo po\u0161koden\u00fdch had\u00edc. Pravideln\u00e1 kontrola a v\u010dasn\u00e1 v\u00fdmena tesnen\u00ed m\u00f4\u017ee tomuto probl\u00e9mu pred\u00eds\u0165.<\/li>\n<li><strong>Strata energie:<\/strong> Ak valec nereaguje \u00fa\u010dinne, m\u00f4\u017ee to signalizova\u0165 n\u00edzku hladinu hydraulickej kvapaliny alebo vzduch v syst\u00e9me. Odvzdu\u0161nenie syst\u00e9mu a kontrola hladiny kvapal\u00edn je nevyhnutn\u00e9.<\/li>\n<li><strong>Prehriatie:<\/strong> Prehriatie m\u00f4\u017ee by\u0165 sp\u00f4soben\u00e9 nedostato\u010dn\u00fdm mazan\u00edm alebo nadmern\u00fdm za\u0165a\u017een\u00edm. Aby ste sa tomuto probl\u00e9mu vyhli, zabezpe\u010dte spr\u00e1vne mazanie a dodr\u017eiavajte odpor\u00fa\u010dan\u00e9 limity za\u0165a\u017eenia.<\/li>\n<\/ul>\n<h2>Tipy na rie\u0161enie probl\u00e9mov<\/h2>\n<p>Pre efekt\u00edvnu diagnostiku a rie\u0161enie probl\u00e9mov s valcom ramena za\u010dnite d\u00f4kladnou kontrolou zjavn\u00fdch probl\u00e9mov, ako s\u00fa netesnosti alebo opotrebovanie. Pravideln\u00e9 prevent\u00edvne opatrenia, ako je udr\u017eiavanie spr\u00e1vnej hladiny kvapal\u00edn a zabezpe\u010denie dobr\u00e9ho stavu tesnen\u00ed, m\u00f4\u017eu minimalizova\u0165 potenci\u00e1lne komplik\u00e1cie. Ak sa vyskytn\u00fa probl\u00e9my, r\u00fdchly z\u00e1sah m\u00f4\u017ee zabr\u00e1ni\u0165 zbyto\u010dn\u00fdm prestojom a n\u00e1kladn\u00fdm oprav\u00e1m.<\/p>\n<p><img decoding=\"async\" src=\"https:\/\/www.hydraulic-cylinders.net\/wp-content\/uploads\/2025\/04\/songte-bushings-with-all-kinds-of-excavator-models.webp\" alt=\"Puzdr\u00e1 pre bagre\"><\/p>\n<h2>O na\u0161ej spolo\u010dnosti<\/h2>\n<p>Sme popredn\u00fdm v\u00fdrobcom n\u00e1hradn\u00fdch hydraulick\u00fdch valcov a pon\u00fakame komplexn\u00fd sortiment produktov pre dom\u00e1ci aj medzin\u00e1rodn\u00fd trh. N\u00e1\u0161 z\u00e1v\u00e4zok k excelentnosti je zrejm\u00fd z na\u0161ich prec\u00edzne vyladen\u00fdch v\u00fdrobn\u00fdch postupov a pr\u00edsnych opatren\u00ed kontroly kvality. Vyu\u017e\u00edvame pokro\u010dil\u00e9 technol\u00f3gie a kvalifikovan\u00fd person\u00e1l na zlep\u0161enie na\u0161ich v\u00fdrobn\u00fdch kapac\u00edt a zabezpe\u010denie vysokokvalitnej produkcie.<\/p>\n<p>\u0160pecializujeme sa na slu\u017eby na mieru a uspokojujeme rozmanit\u00e9 potreby klientov. Na\u0161e v\u00fdrobn\u00e9 zariadenia s\u00fa vybaven\u00e9 najmodernej\u0161\u00edmi strojmi, ktor\u00e9 n\u00e1m umo\u017e\u0148uj\u00fa dod\u00e1va\u0165 presn\u00e9 a efekt\u00edvne v\u00fdrobn\u00e9 procesy. N\u00e1\u0161 popredajn\u00fd servis je rovnako robustn\u00fd a pon\u00faka podporu a rie\u0161enia na zabezpe\u010denie spokojnosti z\u00e1kazn\u00edkov.<\/p>\n<p><img decoding=\"async\" src=\"https:\/\/www.hydraulic-cylinders.net\/wp-content\/uploads\/2025\/04\/songte-company-4.webp\" alt=\"Obr\u00e1zok spolo\u010dnosti 1\"><br \/>\n<img decoding=\"async\" src=\"https:\/\/www.hydraulic-cylinders.net\/wp-content\/uploads\/2025\/04\/songte-company-3.webp\" alt=\"Obr\u00e1zok spolo\u010dnosti 2\"><\/p>\n<p>Autor: lyl<\/p>","protected":false},"excerpt":{"rendered":"<p>Boom Cylinder For Tiangong ZG3235-9C Understanding the Boom Cylinder The Boom Cylinder, specifically designed for the Tiangong ZG3235-9C, is an essential component in hydraulic systems used in heavy machinery. This specialized hydraulic cylinder is primarily responsible for controlling the movement of buckets in various equipment such as excavators, backhoe loaders, and front loaders. The boom [&hellip;]<\/p>","protected":false},"featured_media":17875,"comment_status":"open","ping_status":"closed","template":"","meta":{"_et_pb_use_builder":"","_et_pb_old_content":"","_et_gb_content_width":""},"product_brand":[],"product_cat":[1546],"product_tag":[1547,1496],"class_list":{"0":"post-19687","1":"product","2":"type-product","3":"status-publish","4":"has-post-thumbnail","6":"product_cat-boom-cylinders","7":"product_tag-boom-cylinders","8":"product_tag-hydraulic-cylinders","10":"first","11":"instock","12":"shipping-taxable","13":"product-type-simple"},"amp_enabled":true,"_links":{"self":[{"href":"https:\/\/www.hydraulic-cylinders.net\/sk\/wp-json\/wp\/v2\/product\/19687","targetHints":{"allow":["GET"]}}],"collection":[{"href":"https:\/\/www.hydraulic-cylinders.net\/sk\/wp-json\/wp\/v2\/product"}],"about":[{"href":"https:\/\/www.hydraulic-cylinders.net\/sk\/wp-json\/wp\/v2\/types\/product"}],"replies":[{"embeddable":true,"href":"https:\/\/www.hydraulic-cylinders.net\/sk\/wp-json\/wp\/v2\/comments?post=19687"}],"wp:featuredmedia":[{"embeddable":true,"href":"https:\/\/www.hydraulic-cylinders.net\/sk\/wp-json\/wp\/v2\/media\/17875"}],"wp:attachment":[{"href":"https:\/\/www.hydraulic-cylinders.net\/sk\/wp-json\/wp\/v2\/media?parent=19687"}],"wp:term":[{"taxonomy":"product_brand","embeddable":true,"href":"https:\/\/www.hydraulic-cylinders.net\/sk\/wp-json\/wp\/v2\/product_brand?post=19687"},{"taxonomy":"product_cat","embeddable":true,"href":"https:\/\/www.hydraulic-cylinders.net\/sk\/wp-json\/wp\/v2\/product_cat?post=19687"},{"taxonomy":"product_tag","embeddable":true,"href":"https:\/\/www.hydraulic-cylinders.net\/sk\/wp-json\/wp\/v2\/product_tag?post=19687"}],"curies":[{"name":"pracovn\u00fd list","href":"https:\/\/api.w.org\/{rel}","templated":true}]}}