{"id":19688,"date":"2025-04-07T07:01:54","date_gmt":"2025-04-07T07:01:54","guid":{"rendered":"https:\/\/www.hydraulic-cylinders.net\/product\/boom-cylinder-for-tiangong-zg3255lc-9\/"},"modified":"2025-04-07T07:01:59","modified_gmt":"2025-04-07T07:01:59","slug":"boom-cylinder-for-tiangong-zg3255lc-9","status":"publish","type":"product","link":"https:\/\/www.hydraulic-cylinders.net\/sk\/produkt\/boom-cylinder-for-tiangong-zg3255lc-9\/","title":{"rendered":"Valec v\u00fdlo\u017en\u00edka pre Tiangong ZG3255LC-9"},"content":{"rendered":"<h1>Valec v\u00fdlo\u017en\u00edka pre Tiangong ZG3255LC-9<\/h1>\n<h2>Pochopenie valca v\u00fdlo\u017en\u00edka<\/h2>\n<p>Hydraulick\u00fd valec v\u00fdlo\u017en\u00edka je \u0161pecializovan\u00fd hydraulick\u00fd valec ur\u010den\u00fd na ovl\u00e1danie pohybu ly\u017eice v r\u00f4znych \u0165a\u017ek\u00fdch strojoch, ako s\u00fa bagre, r\u00fdpadlo-naklada\u010de a \u010deln\u00e9 naklada\u010de. Jeho hlavnou funkciou je umo\u017eni\u0165 zdv\u00edhanie, sp\u00fa\u0161\u0165anie a nakl\u00e1\u0148anie ly\u017eice, \u010do u\u013eah\u010duje efekt\u00edvnu manipul\u00e1ciu s materi\u00e1lom. \u010cinnos\u0165 valcov v\u00fdlo\u017en\u00edka je v hydraulick\u00fdch syst\u00e9moch k\u013e\u00fa\u010dov\u00e1, preto\u017ee poskytuj\u00fa presnos\u0165 a v\u00fdkon potrebn\u00fd pre \u0165a\u017ek\u00e9 zdv\u00edhacie a kopacie oper\u00e1cie.<\/p>\n<p><img decoding=\"async\" src=\"https:\/\/www.hydraulic-cylinders.net\/wp-content\/uploads\/2025\/04\/songte-company-1.webp\" alt=\"Valec v\u00fdlo\u017en\u00edka\"><\/p>\n<h2>K\u013e\u00fa\u010dov\u00e9 vlastnosti valca v\u00fdlo\u017en\u00edka<\/h2>\n<ul>\n<li><strong>Vysok\u00e1 pevnos\u0165 a odolnos\u0165:<\/strong> Valce v\u00fdlo\u017en\u00edka, ktor\u00e9 s\u00fa zvy\u010dajne vyroben\u00e9 z vysokopevnostnej ocele alebo hlin\u00edka, odol\u00e1vaj\u00fa vysok\u00e9mu tlaku a \u0165a\u017ek\u00fdm za\u0165a\u017eeniam, v\u010faka \u010domu s\u00fa ide\u00e1lne do n\u00e1ro\u010dn\u00fdch pracovn\u00fdch prostred\u00ed. Ich kon\u0161trukcia zah\u0155\u0148a odolnos\u0165 vo\u010di opotrebovaniu a ochranu proti kor\u00f3zii, \u010d\u00edm sa predl\u017euje ich \u017eivotnos\u0165.<\/li>\n<li><strong>Efekt\u00edvna hydraulick\u00e1 prev\u00e1dzka:<\/strong> Valec pracuje s vyu\u017eit\u00edm hydraulick\u00e9ho tlaku oleja, \u010do umo\u017e\u0148uje plynul\u00e9 vys\u00favanie a zas\u00favanie. R\u00fdchlo reaguje na ovl\u00e1dacie povely a poskytuje siln\u00fa tla\u010dn\u00fa a \u0165a\u017en\u00fa silu vhodn\u00fa na manipul\u00e1ciu s \u0165a\u017ek\u00fdmi predmetmi a zlo\u017eit\u00e9 \u00falohy.<\/li>\n<li><strong>R\u00f4zne typy:<\/strong> Valce v\u00fdlo\u017en\u00edka je mo\u017en\u00e9 zvoli\u0165 ako jedno\u010dinn\u00e9 (vyu\u017e\u00edvaj\u00face hydraulick\u00fd tlak v jednom smere) alebo dvoj\u010dinn\u00e9 (vyu\u017e\u00edvaj\u00face hydraulick\u00fd tlak v oboch smeroch), ktor\u00e9 vyhovuj\u00fa r\u00f4znym prev\u00e1dzkov\u00fdm potreb\u00e1m. Niektor\u00e9 modely s\u00fa teleskopick\u00e9, \u010do umo\u017e\u0148uje v\u00e4\u010d\u0161ie vysunutie bez zv\u00e4\u010d\u0161enia vonkaj\u0161\u00edch rozmerov, a s\u00fa vhodn\u00e9 pre aplik\u00e1cie s obmedzen\u00fdm priestorom.<\/li>\n<li><strong>Prisp\u00f4sobite\u013en\u00e9 n\u00e1vrhy:<\/strong> Tento produkt vieme vyrobi\u0165 a poskytn\u00fa\u0165 tak perfektn\u00fa n\u00e1hradu za hydraulick\u00e9 valce pou\u017e\u00edvan\u00e9 v r\u00f4znych strojoch.<\/li>\n<li><strong>Pokro\u010dil\u00e1 technol\u00f3gia:<\/strong> N\u00e1\u0161 v\u00fdrobn\u00fd proces integruje najmodernej\u0161ie technol\u00f3gie, \u010do zabezpe\u010duje vysoko kvalitn\u00fd v\u00fdstup, ktor\u00fd sp\u013a\u0148a priemyseln\u00e9 \u0161tandardy.<\/li>\n<\/ul>\n<p><img decoding=\"async\" src=\"https:\/\/www.hydraulic-cylinders.net\/wp-content\/uploads\/2025\/04\/songte-cylinder-head-with-all-kinds-excavator-models.webp\" alt=\"Modely bagrov\"><\/p>\n<h2>Aplik\u00e1cie valca v\u00fdlo\u017en\u00edka<\/h2>\n<h3>Stavebn\u00e9 stroje<\/h3>\n<p>V r\u00fdpadl\u00e1ch s\u00fa valce v\u00fdlo\u017en\u00edka k\u013e\u00fa\u010dov\u00e9 pre kopanie, nakladanie a premiest\u0148ovanie zeminy alebo sutiny. Ich schopnos\u0165 zdv\u00edha\u0165 a sp\u00fa\u0161\u0165a\u0165 ly\u017eicu zvy\u0161uje funk\u010dnos\u0165 r\u00fdpadla a umo\u017e\u0148uje efekt\u00edvnu prev\u00e1dzku pri r\u00f4znych stavebn\u00fdch \u00faloh\u00e1ch. V r\u00fdpadlo-naklada\u010doch tieto valce pom\u00e1haj\u00fa pri kopan\u00ed aj zdv\u00edhan\u00ed, v\u010faka \u010domu s\u00fa nevyhnutn\u00e9 pri projektoch zemn\u00fdch pr\u00e1c.<\/p>\n<h3>Po\u013enohospod\u00e1rske stroje<\/h3>\n<p>V \u010deln\u00fdch naklada\u010doch s\u00fa valce v\u00fdlo\u017en\u00edka nevyhnutn\u00e9 na naberanie, zdv\u00edhanie a prepravu p\u00f4dy, sena a in\u00fdch materi\u00e1lov. Umo\u017e\u0148uj\u00fa r\u00fdchle a efekt\u00edvne vykon\u00e1vanie po\u013enohospod\u00e1rskych \u00faloh, \u010d\u00edm zvy\u0161uj\u00fa produktivitu na farm\u00e1ch a v po\u013enohospod\u00e1rskych prev\u00e1dzkach.<\/p>\n<h3>R\u00fdpadl\u00e1<\/h3>\n<p>V r\u00fdpadl\u00e1ch umo\u017e\u0148uje valec v\u00fdlo\u017en\u00edka prenikn\u00fa\u0165 ly\u017eici do p\u00f4dy, \u010do u\u013eah\u010duje kopanie. T\u00e1to schopnos\u0165 je nevyhnutn\u00e1 pre h\u013abenie v\u00fdkopov, z\u00e1kladov\u00e9 pr\u00e1ce a pr\u00edpravu staveniska, \u010d\u00edm sa zabezpe\u010duje efekt\u00edvne a \u00fa\u010dinn\u00e9 vykon\u00e1vanie \u00faloh.<\/p>\n<h3>Naklada\u010de<\/h3>\n<p>V \u010deln\u00fdch naklada\u010doch s\u00fa valce v\u00fdlo\u017en\u00edka zodpovedn\u00e9 za efekt\u00edvne zdv\u00edhanie a vykladanie materi\u00e1lov. Ich siln\u00fd chod umo\u017e\u0148uje r\u00fdchly prenos \u0165a\u017ek\u00fdch bremien, \u010d\u00edm optimalizuje celkov\u00fd v\u00fdkon v stavebn\u00edctve a manipul\u00e1cii s materi\u00e1lom.<\/p>\n<h2>\u00davahy o dizajne a krit\u00e9ri\u00e1 v\u00fdberu<\/h2>\n<h3>Nosnos\u0165<\/h3>\n<p>Pri v\u00fdbere valca v\u00fdlo\u017en\u00edka je potrebn\u00e9 starostlivo zv\u00e1\u017ei\u0165 nosnos\u0165. Tento parameter ur\u010duje, ak\u00fa hmotnos\u0165 dok\u00e1\u017ee valec zvl\u00e1dnu\u0165 bez poruchy. Vy\u0161\u0161ia nosnos\u0165 znamen\u00e1, \u017ee valec dok\u00e1\u017ee efekt\u00edvne vykon\u00e1va\u0165 \u0165a\u017e\u0161ie \u00falohy, ale \u010dasto je to za cenu zv\u00fd\u0161enej ve\u013ekosti a hmotnosti. Preto je nevyhnutn\u00e9 vyv\u00e1\u017ei\u0165 nosnos\u0165 s celkovou kon\u0161trukciou a prev\u00e1dzkov\u00fdmi po\u017eiadavkami stroja.<\/p>\n<h3>Tesnenie a trvanlivos\u0165<\/h3>\n<p>Tesnenie je v hydraulick\u00fdch valcoch k\u013e\u00fa\u010dov\u00e9, aby sa zabr\u00e1nilo \u00fanikom a zabezpe\u010dila sa efekt\u00edvna prev\u00e1dzka. Vysokokvalitn\u00e9 tesnenia sa musia vybera\u0165 na z\u00e1klade typu pou\u017eitej kvapaliny a prev\u00e1dzkov\u00e9ho prostredia. Spr\u00e1vne tesnenie udr\u017eiava hydraulick\u00fd tlak a zais\u0165uje dlh\u00fa \u017eivotnos\u0165 valca. Okrem toho sa musia pou\u017eit\u00e9 materi\u00e1ly vybera\u0165 s oh\u013eadom na ich schopnos\u0165 odol\u00e1va\u0165 opotrebovaniu, kor\u00f3zii a vysok\u00e9mu tlaku, preto\u017ee tieto faktory v\u00fdznamne ovplyv\u0148uj\u00fa \u017eivotnos\u0165 valca.<\/p>\n<h3>Bezpe\u010dnostn\u00e9 prvky<\/h3>\n<p>Bezpe\u010dnos\u0165 je v hydraulick\u00fdch syst\u00e9moch prvorad\u00e1. Valce v\u00fdlo\u017en\u00edka by mali obsahova\u0165 bezpe\u010dnostn\u00e9 prvky, ako s\u00fa pretlakov\u00e9 ventily a bezpe\u010dnostn\u00e9 z\u00e1mky, aby sa predi\u0161lo nehod\u00e1m po\u010das prev\u00e1dzky. Implement\u00e1cia t\u00fdchto bezpe\u010dnostn\u00fdch opatren\u00ed minimalizuje rizik\u00e1 spojen\u00e9 s poruchou hydraulick\u00e9ho syst\u00e9mu a zais\u0165uje bezpe\u010dnos\u0165 obsluhy aj zariadenia v n\u00e1ro\u010dn\u00fdch prostrediach.<\/p>\n<p><img decoding=\"async\" src=\"https:\/\/www.hydraulic-cylinders.net\/wp-content\/uploads\/2025\/04\/songte-oil-pipes-and-spare-parts.webp\" alt=\"Olejov\u00e9 potrubia a n\u00e1hradn\u00e9 diely\"><\/p>\n<h2>Tesnenie a mazanie<\/h2>\n<p>Spr\u00e1vne tesnenie a mazanie s\u00fa nevyhnutn\u00e9 pre efekt\u00edvne fungovanie valcov v\u00fdlo\u017en\u00edka. Na zabezpe\u010denie tesn\u00e9ho uzavretia sa pou\u017e\u00edvaj\u00fa r\u00f4zne tesniace komponenty, ako s\u00fa tesnenia piestov a tesnenia ty\u010d\u00ed. Na tieto tesnenia sa be\u017ene pou\u017e\u00edvaj\u00fa odoln\u00e9 materi\u00e1ly, ako je polyuret\u00e1n a nitrilov\u00e1 guma, v\u010faka ich vynikaj\u00facej odolnosti vo\u010di opotrebovaniu. Okrem toho sa valec hydraulick\u00e9ho valca a z\u00e1vitov\u00e9 koncov\u00e9 povrchy jemne oprac\u00favaj\u00fa, aby sa zv\u00fd\u0161ila odolnos\u0165 vo\u010di opotrebovaniu. Pravideln\u00e9 mazanie hydraulick\u00fdm olejom je nevyhnutn\u00e9 pre zabezpe\u010denie hladk\u00e9ho chodu a prevenciu opotrebovania.<\/p>\n<h2>Prevent\u00edvne \u00fadr\u017eb\u00e1rske opatrenia<\/h2>\n<ul>\n<li><strong>Pravideln\u00e9 kontroly:<\/strong> Skontrolujte valce, \u010di nevykazuj\u00fa zn\u00e1mky opotrebovania, netesnost\u00ed alebo po\u0161kodenia. V\u010dasn\u00e9 odhalenie potenci\u00e1lnych probl\u00e9mov m\u00f4\u017ee zabr\u00e1ni\u0165 n\u00e1kladn\u00fdm oprav\u00e1m a pred\u013a\u017ei\u0165 \u017eivotnos\u0165 valca.<\/li>\n<li><strong>Spr\u00e1vne mazanie:<\/strong> Uistite sa, \u017ee valec je dostato\u010dne mazan\u00fd vhodn\u00fdm hydraulick\u00fdm olejom. Tento postup zni\u017euje trenie a opotrebovanie, \u010do prispieva k efekt\u00edvnej prev\u00e1dzke hydraulick\u00e9ho syst\u00e9mu.<\/li>\n<li><strong>V\u00fdmena tesnenia:<\/strong> Pravidelne kontrolujte tesnenia, \u010di nie s\u00fa po\u0161koden\u00e9, a v pr\u00edpade potreby ich vyme\u0148te. Opotrebovan\u00e9 tesnenia m\u00f4\u017eu vies\u0165 k \u00faniku hydraulickej kvapaliny, \u010do ohrozuje v\u00fdkon a bezpe\u010dnos\u0165 syst\u00e9mu.<\/li>\n<\/ul>\n<h2>Pokyny na in\u0161tal\u00e1ciu<\/h2>\n<p>Spr\u00e1vna in\u0161tal\u00e1cia valca v\u00fdlo\u017en\u00edka je k\u013e\u00fa\u010dov\u00e1 pre optim\u00e1lny v\u00fdkon. Pri in\u0161tal\u00e1cii sa uistite, \u017ee je valec spr\u00e1vne zarovnan\u00fd so strojom, aby ste predi\u0161li nadmern\u00e9mu nam\u00e1haniu komponentov. Na pevn\u00e9 upevnenie valca sa odpor\u00fa\u010da pou\u017ei\u0165 vhodn\u00e9 mont\u00e1\u017ene konzoly. Dodr\u017eiavajte \u0161pecifik\u00e1cie v\u00fdrobcu t\u00fdkaj\u00face sa odpor\u00fa\u010dan\u00fdch nastaven\u00ed kr\u00fatiaceho momentu a postupov in\u0161tal\u00e1cie. Pravidelne kontrolujte in\u0161tal\u00e1ciu, \u010di nevykazuje zn\u00e1mky nespr\u00e1vneho zarovnania alebo opotrebovania, a vykonajte potrebn\u00e9 \u00fapravy, aby ste zachovali efekt\u00edvnu prev\u00e1dzku.<\/p>\n<h2>Be\u017en\u00e9 \u00falohy \u00fadr\u017eby<\/h2>\n<h3>Pravideln\u00e9 kontroly<\/h3>\n<p>Vykon\u00e1vajte pravideln\u00e9 kontroly hydraulick\u00fdch syst\u00e9mov, aby ste sa uistili, \u017ee v\u0161etko funguje spr\u00e1vne. Patria sem h\u013eadanie netesnost\u00ed, pos\u00fadenie v\u00fdkonu valcov a overenie, \u010di v\u0161etky komponenty funguj\u00fa pod\u013ea o\u010dak\u00e1vania. V\u010dasn\u00e9 odhalenie probl\u00e9mov, ako s\u00fa nezvy\u010dajn\u00e9 zvuky alebo zn\u00ed\u017een\u00e1 \u00fa\u010dinnos\u0165, m\u00f4\u017ee v\u00fdrazne zn\u00ed\u017ei\u0165 n\u00e1klady na opravu.<\/p>\n<h3>Spr\u00e1vne mazanie<\/h3>\n<p>Mazanie je nevyhnutn\u00e9 pre dlh\u00fa \u017eivotnos\u0165 hydraulick\u00e9ho valca. Pou\u017e\u00edvanie spr\u00e1vneho typu hydraulick\u00e9ho oleja a zabezpe\u010denie jeho odpor\u00fa\u010danej hladiny je nevyhnutn\u00e9. Pravideln\u00e9 kontroly a v\u00fdmeny maziva m\u00f4\u017eu predch\u00e1dza\u0165 mechanick\u00fdm probl\u00e9mom sp\u00f4soben\u00fdm nedostato\u010dn\u00fdm mazan\u00edm, a t\u00fdm udr\u017eiava\u0165 prev\u00e1dzkov\u00fa \u00fa\u010dinnos\u0165.<\/p>\n<h3>V\u00fdmena tesnenia a kontroly kalibr\u00e1cie<\/h3>\n<p>Tesnenia s\u00fa n\u00e1chyln\u00e9 na opotrebovanie v d\u00f4sledku vysok\u00e9ho tlaku a trenia, ktor\u00e9mu s\u00fa vystaven\u00e9 po\u010das prev\u00e1dzky. Pravidelne kontrolujte a vymie\u0148ajte tesnenia, aby ste predi\u0161li \u00fanikom. Mali by sa vykon\u00e1va\u0165 aj kalibra\u010dn\u00e9 kontroly, aby sa zabezpe\u010dilo, \u017ee hydraulick\u00fd syst\u00e9m pracuje v r\u00e1mci stanoven\u00fdch limitov, \u010d\u00edm sa zv\u00fd\u0161i celkov\u00fd v\u00fdkon a bezpe\u010dnos\u0165.<\/p>\n<p><img decoding=\"async\" src=\"https:\/\/www.hydraulic-cylinders.net\/wp-content\/uploads\/2025\/04\/songte-chushion-collar.webp\" alt=\"Vank\u00fa\u0161ov\u00fd golier\"><\/p>\n<h2>Bezpe\u010dnostn\u00e9 a environment\u00e1lne aspekty<\/h2>\n<p>Pri pr\u00e1ci s hydraulick\u00fdmi valcami s\u00fa bezpe\u010dnostn\u00e9 opatrenia prvorad\u00e9. Spr\u00e1vne \u0161kolenie obsluhy je nevyhnutn\u00e9 na zabezpe\u010denie bezpe\u010dnej manipul\u00e1cie s hydromechanick\u00fdmi zariadeniami. Okrem toho by sa mali dodr\u017eiava\u0165 ekologick\u00e9 postupy, ako je spr\u00e1vna likvid\u00e1cia hydraulick\u00fdch kvapal\u00edn a materi\u00e1lov. Uvedomenie si potenci\u00e1lnych nebezpe\u010denstiev spojen\u00fdch s hydraulick\u00fdmi syst\u00e9mami pom\u00f4\u017ee udr\u017eiava\u0165 bezpe\u010dn\u00e9 pracovn\u00e9 prostredie.<\/p>\n<h2>Rie\u0161enie probl\u00e9mov a be\u017en\u00e9 probl\u00e9my<\/h2>\n<ul>\n<li><strong>\u00daniky hydraulickej kvapaliny:<\/strong> Skontrolujte vidite\u013en\u00e9 netesnosti okolo tesnen\u00ed a spojov. Vyme\u0148te po\u0161koden\u00e9 tesnenia a uistite sa, \u017ee v\u0161etky spoje s\u00fa pevne upevnen\u00e9, aby sa zabr\u00e1nilo \u00faniku kvapaliny.<\/li>\n<li><strong>Slab\u00fd v\u00fdkon valca:<\/strong> Ak valec pracuje pomaly, skontrolujte, \u010di nie je n\u00edzka hladina kvapaliny alebo \u010di nie je hydraulick\u00e1 kvapalina zne\u010disten\u00e1. Zabezpe\u010dte spr\u00e1vne mazanie a skontrolujte, \u010di sa v syst\u00e9me nenach\u00e1dza vzduch.<\/li>\n<li><strong>Nezvy\u010dajn\u00e9 zvuky:<\/strong> Hluky m\u00f4\u017eu nazna\u010dova\u0165 mechanick\u00e9 probl\u00e9my v hydraulickom syst\u00e9me. Skontrolujte, \u010di nie s\u00fa uvo\u013enen\u00e9 komponenty alebo vn\u00fatorn\u00e9 po\u0161kodenia, a ihne\u010f ich odstr\u00e1\u0148te, aby ste predi\u0161li \u010fal\u0161\u00edm komplik\u00e1ci\u00e1m.<\/li>\n<\/ul>\n<h2>Tipy na rie\u0161enie probl\u00e9mov a prevent\u00edvne opatrenia<\/h2>\n<p>Pre efekt\u00edvnu diagnostiku a rie\u0161enie probl\u00e9mov s hydraulick\u00fdm syst\u00e9mom dodr\u017eiavajte pravideln\u00fd pl\u00e1n \u00fadr\u017eby, aby ste v\u010das odhalili potenci\u00e1lne probl\u00e9my. Obsluha by mala by\u0165 vy\u0161kolen\u00e1 v rozpozn\u00e1van\u00ed varovn\u00fdch sign\u00e1lov, ako s\u00fa nepravideln\u00e9 zvuky alebo v\u00fdkon, aby mohla r\u00fdchlo kona\u0165. Pravideln\u00e1 kontrola hladiny hydraulickej kvapaliny a stavu tesnen\u00ed m\u00f4\u017ee v\u00fdrazne zn\u00ed\u017ei\u0165 pravdepodobnos\u0165 z\u00e1va\u017en\u00fdch por\u00fach.<\/p>\n<p><img decoding=\"async\" src=\"https:\/\/www.hydraulic-cylinders.net\/wp-content\/uploads\/2025\/04\/songte-bushings-with-all-kinds-of-excavator-models.webp\" alt=\"Puzdr\u00e1 s modelmi bagrov\"><\/p>\n<h2>Preh\u013ead spolo\u010dnosti<\/h2>\n<p>Sme popredn\u00fdm v\u00fdrobcom n\u00e1hradn\u00fdch hydraulick\u00fdch valcov s komplexn\u00fdm sortimentom produktov, ktor\u00fd n\u00e1s rad\u00ed medzi popredn\u00fdch v\u00fdrobcov a ve\u013ekoobchodn\u00edkov na dom\u00e1com aj medzin\u00e1rodnom trhu. Dodr\u017eiavame pr\u00edsne normy kvality a vyu\u017e\u00edvame prepracovan\u00fa v\u00fdrobn\u00fa strat\u00e9giu na zlep\u0161enie na\u0161ich v\u00fdrobn\u00fdch kapac\u00edt. Na\u0161e technologick\u00e9 znalosti, modern\u00e9 v\u00fdrobn\u00e9 zariadenia a profesion\u00e1lne testovacie syst\u00e9my n\u00e1m umo\u017e\u0148uj\u00fa neust\u00e1le zvy\u0161ova\u0165 na\u0161u v\u00fdrobn\u00fa platformu a zabezpe\u010dova\u0165 produkty najvy\u0161\u0161ej kvality. Sme hrd\u00ed na na\u0161u schopnos\u0165 uspokojova\u0165 rozmanit\u00e9 potreby z\u00e1kazn\u00edkov s efekt\u00edvnos\u0165ou, presnos\u0165ou a excelentnos\u0165ou.<\/p>\n<p><img decoding=\"async\" src=\"https:\/\/www.hydraulic-cylinders.net\/wp-content\/uploads\/2025\/04\/songte-company-4.webp\" alt=\"Preh\u013ead spolo\u010dnosti\"><br \/>\n<img decoding=\"async\" src=\"https:\/\/www.hydraulic-cylinders.net\/wp-content\/uploads\/2025\/04\/songte-company-3.webp\" alt=\"V\u00fdroba spolo\u010dnosti\"><\/p>\n<p>Okrem na\u0161ej profesionality a medzin\u00e1rodn\u00fdch certifik\u00e1ci\u00ed pon\u00fakame aj slu\u017eby na mieru, ktor\u00e9 sp\u013a\u0148aj\u00fa \u0161pecifick\u00e9 po\u017eiadavky klientov. Na\u0161e v\u00fdrobn\u00e9 zariadenia s\u00fa vybaven\u00e9 najmodernej\u0161\u00edmi strojmi, ktor\u00e9 umo\u017e\u0148uj\u00fa efekt\u00edvnu v\u00fdrobu vysokokvalitn\u00fdch produktov. Okrem toho sa zav\u00e4zujeme poskytova\u0165 v\u00fdnimo\u010dn\u00fd popredajn\u00fd servis, aby sme na\u0161im z\u00e1kazn\u00edkom pomohli aj dlho po dokon\u010den\u00ed predaja.<\/p>\n<p>Autor: lyl<\/p>","protected":false},"excerpt":{"rendered":"<p>Boom Cylinder For Tiangong ZG3255LC-9 Understanding the Boom Cylinder The Boom Cylinder is a specialized hydraulic cylinder designed to control the movement of the bucket in various heavy machinery, such as excavators, backhoe loaders, and front-end loaders. Its primary function is to enable the bucket to lift, lower, and tilt, which facilitates effective material handling [&hellip;]<\/p>","protected":false},"featured_media":17876,"comment_status":"open","ping_status":"closed","template":"","meta":{"_et_pb_use_builder":"","_et_pb_old_content":"","_et_gb_content_width":""},"product_brand":[],"product_cat":[1546],"product_tag":[1547,1496],"class_list":{"0":"post-19688","1":"product","2":"type-product","3":"status-publish","4":"has-post-thumbnail","6":"product_cat-boom-cylinders","7":"product_tag-boom-cylinders","8":"product_tag-hydraulic-cylinders","10":"first","11":"instock","12":"shipping-taxable","13":"product-type-simple"},"amp_enabled":true,"_links":{"self":[{"href":"https:\/\/www.hydraulic-cylinders.net\/sk\/wp-json\/wp\/v2\/product\/19688","targetHints":{"allow":["GET"]}}],"collection":[{"href":"https:\/\/www.hydraulic-cylinders.net\/sk\/wp-json\/wp\/v2\/product"}],"about":[{"href":"https:\/\/www.hydraulic-cylinders.net\/sk\/wp-json\/wp\/v2\/types\/product"}],"replies":[{"embeddable":true,"href":"https:\/\/www.hydraulic-cylinders.net\/sk\/wp-json\/wp\/v2\/comments?post=19688"}],"wp:featuredmedia":[{"embeddable":true,"href":"https:\/\/www.hydraulic-cylinders.net\/sk\/wp-json\/wp\/v2\/media\/17876"}],"wp:attachment":[{"href":"https:\/\/www.hydraulic-cylinders.net\/sk\/wp-json\/wp\/v2\/media?parent=19688"}],"wp:term":[{"taxonomy":"product_brand","embeddable":true,"href":"https:\/\/www.hydraulic-cylinders.net\/sk\/wp-json\/wp\/v2\/product_brand?post=19688"},{"taxonomy":"product_cat","embeddable":true,"href":"https:\/\/www.hydraulic-cylinders.net\/sk\/wp-json\/wp\/v2\/product_cat?post=19688"},{"taxonomy":"product_tag","embeddable":true,"href":"https:\/\/www.hydraulic-cylinders.net\/sk\/wp-json\/wp\/v2\/product_tag?post=19688"}],"curies":[{"name":"pracovn\u00fd list","href":"https:\/\/api.w.org\/{rel}","templated":true}]}}