{"id":19689,"date":"2025-04-07T07:01:59","date_gmt":"2025-04-07T07:01:59","guid":{"rendered":"https:\/\/www.hydraulic-cylinders.net\/product\/boom-cylinder-for-tiangong-zg3225lc-9c\/"},"modified":"2025-04-07T07:02:02","modified_gmt":"2025-04-07T07:02:02","slug":"boom-cylinder-for-tiangong-zg3225lc-9c","status":"publish","type":"product","link":"https:\/\/www.hydraulic-cylinders.net\/sk\/produkt\/boom-cylinder-for-tiangong-zg3225lc-9c\/","title":{"rendered":"Valec v\u00fdlo\u017en\u00edka pre Tiangong ZG3225LC-9C"},"content":{"rendered":"<h1>Valec v\u00fdlo\u017en\u00edka pre Tiangong ZG3225LC-9C<\/h1>\n<h2>\u00davod do valca v\u00fdlo\u017en\u00edka<\/h2>\n<p>Hydraulick\u00fd valec v\u00fdlo\u017en\u00edka je d\u00f4le\u017eitou s\u00fa\u010das\u0165ou hydraulick\u00fdch syst\u00e9mov, \u0161peci\u00e1lne navrhnut\u00fd na ovl\u00e1danie pohybu ly\u017e\u00edc v \u0165a\u017ek\u00fdch strojoch, ako s\u00fa r\u00fdpadl\u00e1, r\u00fdpadlo-naklada\u010de a \u010deln\u00e9 naklada\u010de. Tento hydraulick\u00fd valec umo\u017e\u0148uje zdv\u00edhanie, sp\u00fa\u0161\u0165anie a nakl\u00e1\u0148anie ly\u017eice, \u010do u\u013eah\u010duje r\u00f4zne \u00falohy manipul\u00e1cie s materi\u00e1lom. Zohr\u00e1va k\u013e\u00fa\u010dov\u00fa \u00falohu pri zvy\u0161ovan\u00ed prev\u00e1dzkovej efekt\u00edvnosti a presnosti v stavebn\u00fdch a v\u00fdkopov\u00fdch procesoch.<\/p>\n<p><img decoding=\"async\" src=\"https:\/\/www.hydraulic-cylinders.net\/wp-content\/uploads\/2025\/04\/songte-company-1.webp\" alt=\"Valec v\u00fdlo\u017en\u00edka\"><\/p>\n<h3>Defin\u00edcia a preh\u013ead<\/h3>\n<p>Hydraulick\u00fd valec lopaty alebo valec v\u00fdlo\u017en\u00edka je typ hydraulick\u00e9ho valca, ktor\u00fd poskytuje potrebn\u00fa silu na manipul\u00e1ciu s polohou lopaty. Tieto valce s\u00fa skon\u0161truovan\u00e9 tak, aby odolali vysok\u00e9mu tlaku a za\u0165a\u017eeniu, v\u010faka \u010domu s\u00fa nevyhnutn\u00e9 v n\u00e1ro\u010dn\u00fdch aplik\u00e1ci\u00e1ch. Ich schopnos\u0165 vykon\u00e1va\u0165 kontrolovan\u00e9 pohyby umo\u017e\u0148uje obsluhe \u013eahko vykon\u00e1va\u0165 \u00falohy, ako je kopanie, zdv\u00edhanie a nakladanie.<\/p>\n<h2>Vlastnosti valca v\u00fdlo\u017en\u00edka<\/h2>\n<ul>\n<li><strong>Vysok\u00e1 pevnos\u0165 a odolnos\u0165:<\/strong> Valec v\u00fdlo\u017en\u00edka je vyroben\u00fd z vysokopevnostnej ocele alebo hlin\u00edka a je schopn\u00fd odol\u00e1va\u0165 vysok\u00e9mu tlaku a \u0165a\u017ek\u00fdm za\u0165a\u017eeniam. Jeho kon\u0161trukcia zoh\u013ead\u0148uje odolnos\u0165 proti opotrebovaniu a kor\u00f3zii, \u010d\u00edm zais\u0165uje dlh\u0161iu \u017eivotnos\u0165 aj v n\u00e1ro\u010dn\u00fdch pracovn\u00fdch podmienkach.<\/li>\n<li><strong>Efekt\u00edvna hydraulick\u00e1 prev\u00e1dzka:<\/strong> Valec pracuje s vyu\u017eit\u00edm hydraulick\u00e9ho tlaku oleja, \u010do umo\u017e\u0148uje plynul\u00e9 vys\u00favanie a zas\u00favanie. R\u00fdchlo reaguje na povely oper\u00e1tora a poskytuje siln\u00e9 tlakov\u00e9 a \u0165ahov\u00e9 sily vhodn\u00e9 na zvl\u00e1dnutie \u0165a\u017ek\u00fdch a zlo\u017eit\u00fdch \u00faloh.<\/li>\n<li><strong>R\u00f4zne typy:<\/strong> Valec v\u00fdlo\u017en\u00edka je mo\u017en\u00e9 prisp\u00f4sobi\u0165 ako jedno\u010dinn\u00fd (funguje v jednom smere) alebo dvoj\u010dinn\u00fd (funguje v oboch smeroch), aby sp\u013a\u0148al r\u00f4zne prev\u00e1dzkov\u00e9 potreby. Niektor\u00e9 modely s\u00fa teleskopick\u00e9, \u010do umo\u017e\u0148uje v\u00e4\u010d\u0161ie vysunutie bez zv\u00e4\u010d\u0161enia vonkaj\u0161\u00edch rozmerov, ide\u00e1lne pre aplik\u00e1cie s obmedzen\u00fdm priestorom.<\/li>\n<li><strong>Presn\u00e9 in\u017einierstvo:<\/strong> Ka\u017ed\u00fd valec je starostlivo navrhnut\u00fd tak, aby zabezpe\u010dil optim\u00e1lny v\u00fdkon a spo\u013eahlivos\u0165. T\u00e1to presnos\u0165 sa premieta do zv\u00fd\u0161enej prev\u00e1dzkovej bezpe\u010dnosti a \u00fa\u010dinnosti.<\/li>\n<li><strong>Z\u00e1kazkov\u00e1 v\u00fdroba:<\/strong> M\u00e1me kapacitu na v\u00fdrobu tohto produktu, ktor\u00fd poskytuje perfektn\u00fa n\u00e1hradu za existuj\u00face hydraulick\u00e9 valce.<\/li>\n<\/ul>\n<p><img decoding=\"async\" src=\"https:\/\/www.hydraulic-cylinders.net\/wp-content\/uploads\/2025\/04\/songte-cylinder-head-with-all-kinds-excavator-models.webp\" alt=\"Modely bagrov\"><\/p>\n<h2>Aplik\u00e1cie valca v\u00fdlo\u017en\u00edka<\/h2>\n<h3>Stavebn\u00e9 stroje<\/h3>\n<p>V r\u00fdpadl\u00e1ch s\u00fa valce v\u00fdlo\u017en\u00edka neoddelite\u013enou s\u00fa\u010das\u0165ou procesov kopania, nakladania a premiest\u0148ovania zeminy alebo sutiny. Ich funkcia umo\u017e\u0148uje presn\u00e9 polohovanie a zdv\u00edhanie, \u010do je k\u013e\u00fa\u010dov\u00e9 pri stavebn\u00fdch \u00faloh\u00e1ch. V r\u00fdpadlo-naklada\u010doch pom\u00e1haj\u00fa pri v\u00fdkopov\u00fdch aj zdv\u00edhac\u00edch pr\u00e1cach, v\u010faka \u010domu s\u00fa v\u0161estrann\u00fdmi n\u00e1strojmi na stavenisk\u00e1ch.<\/p>\n<h3>Po\u013enohospod\u00e1rske stroje<\/h3>\n<p>V \u010deln\u00fdch naklada\u010doch u\u013eah\u010duj\u00fa valce v\u00fdlo\u017en\u00edka naberanie, zdv\u00edhanie a prepravu p\u00f4dy, sena a in\u00fdch materi\u00e1lov. Ich pevnos\u0165 a spo\u013eahlivos\u0165 zabezpe\u010duj\u00fa efekt\u00edvne vykon\u00e1vanie po\u013enohospod\u00e1rskych \u00faloh, \u010d\u00edm sa zvy\u0161uje produktivita a minimalizuj\u00fa n\u00e1klady na pracovn\u00fa silu.<\/p>\n<h3>R\u00fdpadl\u00e1<\/h3>\n<p>V r\u00fdpadl\u00e1ch umo\u017e\u0148uje valec ly\u017eice efekt\u00edvne kopanie t\u00fdm, \u017ee umo\u017e\u0148uje ly\u017eici efekt\u00edvne prenika\u0165 do p\u00f4dy. T\u00e1to schopnos\u0165 je nevyhnutn\u00e1 pre r\u00f4zne \u00falohy, od stavebn\u00edctva a\u017e po ter\u00e9nne \u00fapravy, a zabezpe\u010duje, \u017ee oper\u00e1tori m\u00f4\u017eu vykon\u00e1va\u0165 svoje pr\u00e1ce s minim\u00e1lnym \u00fasil\u00edm.<\/p>\n<h3>Naklada\u010de<\/h3>\n<p>V \u010deln\u00fdch naklada\u010doch zohr\u00e1vaj\u00fa valce v\u00fdlo\u017en\u00edka k\u013e\u00fa\u010dov\u00fa \u00falohu pri efekt\u00edvnom zdv\u00edhan\u00ed a vykladan\u00ed bremien. Ich kon\u0161trukcia umo\u017e\u0148uje plynul\u00fa prev\u00e1dzku a skracuje \u010das potrebn\u00fd na dokon\u010denie nakladac\u00edch \u00faloh, \u010do je nevyhnutn\u00e9 pre udr\u017eanie produktivity na mieste.<\/p>\n<h2>\u00davahy o dizajne a \u0161tandardy v\u00fdberu<\/h2>\n<h3>Nosnos\u0165<\/h3>\n<p>Pri v\u00fdbere valca v\u00fdlo\u017en\u00edka je prvorad\u00e9 pochopenie jeho nosnosti. Valec mus\u00ed by\u0165 schopn\u00fd zvl\u00e1dnu\u0165 maxim\u00e1lnu hmotnos\u0165, ktorej bude vystaven\u00fd po\u010das prev\u00e1dzky. In\u017einieri zoh\u013ead\u0148uj\u00fa r\u00f4zne faktory vr\u00e1tane hmotnosti materi\u00e1lov a celkovej kon\u0161trukcie zariadenia. Pre\u0165a\u017eenie valca m\u00f4\u017ee vies\u0165 ku katastrof\u00e1lnym poruch\u00e1m, preto je nevyhnutn\u00e9 vybra\u0165 komponent, ktor\u00fd presahuje o\u010dak\u00e1van\u00e9 za\u0165a\u017eenie.<\/p>\n<h3>Tesnenie<\/h3>\n<p>\u010eal\u0161\u00edm d\u00f4le\u017eit\u00fdm faktorom je tesnenie. Valec mus\u00ed by\u0165 vybaven\u00fd vysoko kvalitn\u00fdmi tesneniami, aby sa zabr\u00e1nilo \u00faniku hydraulickej kvapaliny, \u010do m\u00f4\u017ee ovplyvni\u0165 v\u00fdkon. Tesnenia vyroben\u00e9 z materi\u00e1lov ako polyuret\u00e1n alebo nitrilov\u00fd kau\u010duk sa \u010dasto pou\u017e\u00edvaj\u00fa kv\u00f4li ich odolnosti a opotrebovaniu. Zabezpe\u010denie spr\u00e1vneho tesnenia nielen zvy\u0161uje \u00fa\u010dinnos\u0165, ale aj predl\u017euje \u017eivotnos\u0165 valca.<\/p>\n<h3>Trvanlivos\u0165<\/h3>\n<p>Trvanlivos\u0165 je pre valce v\u00fdlo\u017en\u00edka nevyhnutn\u00e1, preto\u017ee s\u00fa vystaven\u00e9 n\u00e1ro\u010dn\u00fdm prev\u00e1dzkov\u00fdm podmienkam. V\u00fdrobcovia sa zameriavaj\u00fa na pou\u017e\u00edvanie odoln\u00fdch materi\u00e1lov a povrchov\u00fdch \u00faprav, ktor\u00e9 odol\u00e1vaj\u00fa opotrebovaniu a kor\u00f3zii. Odoln\u00fd valec minimalizuje potrebu \u00fadr\u017eby a zvy\u0161uje spo\u013eahlivos\u0165, \u010d\u00edm zabezpe\u010duje, \u017ee zariadenie zostane v prev\u00e1dzke dlh\u0161iu dobu.<\/p>\n<h3>Bezpe\u010dnos\u0165<\/h3>\n<p>Bezpe\u010dnostn\u00e9 prvky by mali by\u0165 tie\u017e prvorad\u00fdm z\u00e1ujmom. Hydraulick\u00e9 valce musia obsahova\u0165 zabudovan\u00e9 bezpe\u010dnostn\u00e9 mechanizmy, ktor\u00e9 zabra\u0148uj\u00fa neo\u010dak\u00e1van\u00fdm poruch\u00e1m po\u010das prev\u00e1dzky. M\u00f4\u017ee \u00eds\u0165 o pretlakov\u00e9 ventily a bezpe\u010dnostn\u00e9 z\u00e1mky, ktor\u00e9 zabezpe\u010duj\u00fa, \u017ee valec nepracuje mimo svojich bezpe\u010dn\u00fdch limitov. Spr\u00e1vne bezpe\u010dnostn\u00e9 opatrenia chr\u00e1nia zariadenie aj obsluhu.<\/p>\n<h3>Udr\u017eiavate\u013enos\u0165<\/h3>\n<p>V neposlednom rade zohr\u00e1va v procese v\u00fdberu v\u00fdznamn\u00fa \u00falohu aj \u00fadr\u017eba. V\u00fdber kon\u0161trukcie, ktor\u00e1 umo\u017e\u0148uje jednoduch\u00fa \u00fadr\u017ebu a kontrolu, m\u00f4\u017ee u\u0161etri\u0165 \u010das a skr\u00e1ti\u0165 prestoje. Funkcie, ako s\u00fa pr\u00edstupn\u00e9 maznice a jednoduch\u00e9 procesy demont\u00e1\u017ee, m\u00f4\u017eu v\u00fdrazne zlep\u0161i\u0165 \u00fadr\u017ebu a zabezpe\u010di\u0165, aby sa valec mohol v pr\u00edpade potreby efekt\u00edvne servisova\u0165.<\/p>\n<p><img decoding=\"async\" src=\"https:\/\/www.hydraulic-cylinders.net\/wp-content\/uploads\/2025\/04\/songte-oil-pipes-and-spare-parts.webp\" alt=\"Olejov\u00e9 potrubia a n\u00e1hradn\u00e9 diely\"><\/p>\n<h2>Tesnenie a mazanie<\/h2>\n<p>\u00da\u010dinnos\u0165 valca v\u00fdlo\u017en\u00edka vo ve\u013ekej miere z\u00e1vis\u00ed od jeho tesniacich a mazac\u00edch syst\u00e9mov. Na zabezpe\u010denie tesn\u00e9ho utesnenia medzi pohybliv\u00fdmi \u010das\u0165ami sa pou\u017e\u00edvaj\u00fa r\u00f4zne tesnenia vr\u00e1tane piestov\u00fdch a ty\u010dov\u00fdch tesnen\u00ed. Tieto tesnenia s\u00fa zvy\u010dajne vyroben\u00e9 z vysoko odoln\u00fdch materi\u00e1lov vhodn\u00fdch do n\u00e1ro\u010dn\u00fdch podmienok, ako je polyuret\u00e1n a nitrilov\u00e1 guma. Okrem toho sa teleso valca a z\u00e1vitov\u00e9 konce jemne opracuj\u00fa, aby sa zv\u00fd\u0161ila odolnos\u0165 proti opotrebovaniu.<\/p>\n<p>Pravideln\u00e9 mazanie je tie\u017e d\u00f4le\u017eit\u00e9; na zn\u00ed\u017eenie trenia a opotrebenia je potrebn\u00e9 pravidelne dop\u013a\u0148a\u0165 vhodn\u00e9 hydraulick\u00e9 oleje. Udr\u017eiavanie spr\u00e1vnej hladiny mazania nielen predl\u017euje \u017eivotnos\u0165 valca, ale tie\u017e zais\u0165uje optim\u00e1lny v\u00fdkon po\u010das prev\u00e1dzky. Zanedbanie mazania m\u00f4\u017ee vies\u0165 k pred\u010dasn\u00e9mu opotrebovaniu a potenci\u00e1lnemu zlyhaniu, \u010do z neho rob\u00ed nevyhnutn\u00fd aspekt \u00fadr\u017eby.<\/p>\n<h2>Opatrenia prevent\u00edvnej \u00fadr\u017eby<\/h2>\n<ul>\n<li><strong>Pravideln\u00e9 kontroly:<\/strong> Vykon\u00e1vanie pravideln\u00fdch kontrol m\u00f4\u017ee pom\u00f4c\u0165 identifikova\u0165 potenci\u00e1lne probl\u00e9my sk\u00f4r, ako sa stan\u00fa z\u00e1va\u017en\u00fdmi. Po\u010das prev\u00e1dzky h\u013eadajte zn\u00e1mky opotrebovania, netesnosti a ak\u00e9ko\u013evek nezvy\u010dajn\u00e9 zvuky.<\/li>\n<li><strong>Vhodn\u00e9 mazanie:<\/strong> Uistite sa, \u017ee hydraulick\u00fd olej je na spr\u00e1vnej hladine a \u017ee olej je vysokej kvality. Pravidelne kontrolujte a pod\u013ea potreby dop\u013a\u0148ajte, aby ste udr\u017eali optim\u00e1lny v\u00fdkon.<\/li>\n<li><strong>V\u00fdmena tesnenia:<\/strong> Tesnenia sa \u010dasom m\u00f4\u017eu opotrebova\u0165 a m\u00f4\u017eu vy\u017eadova\u0165 v\u00fdmenu. Tesnenia pravidelne kontrolujte a vyme\u0148te ich pri prv\u00fdch pr\u00edznakoch po\u0161kodenia, aby ste predi\u0161li \u00fanikom a zachovali ich \u00fa\u010dinnos\u0165.<\/li>\n<\/ul>\n<h2>Pokyny na in\u0161tal\u00e1ciu<\/h2>\n<p>Spr\u00e1vna in\u0161tal\u00e1cia valca v\u00fdlo\u017en\u00edka je nevyhnutn\u00e1 pre optim\u00e1lny v\u00fdkon. Za\u010dnite t\u00fdm, \u017ee sa uist\u00edte, \u017ee mont\u00e1\u017ene povrchy s\u00fa \u010dist\u00e9 a bez ne\u010dist\u00f4t. Valec spr\u00e1vne zarovnajte pomocou vhodn\u00fdch mont\u00e1\u017enych konzol na jeho upevnenie. Nespr\u00e1vne zarovnanie m\u00f4\u017ee sp\u00f4sobi\u0165 nadmern\u00e9 nam\u00e1hanie tesnen\u00ed a vies\u0165 k pred\u010dasn\u00e9mu zlyhaniu.<\/p>\n<p>Po upevnen\u00ed valca pripojte hydraulick\u00e9 potrubia a uistite sa, \u017ee v\u0161etky spoje s\u00fa tesn\u00e9 a bez \u00fanikov. Je nevyhnutn\u00e9 dodr\u017eiava\u0165 \u0161pecifik\u00e1cie v\u00fdrobcu t\u00fdkaj\u00face sa nastavenia kr\u00fatiaceho momentu, aby ste predi\u0161li po\u0161kodeniu komponentov. Po in\u0161tal\u00e1cii skontrolujte pr\u00edpadn\u00e9 \u00faniky testovan\u00edm hydraulick\u00e9ho syst\u00e9mu pri n\u00edzkom tlaku a potom ho prepnite do prev\u00e1dzky na pln\u00fd v\u00fdkon.<\/p>\n<p>Pravidelne kontrolujte pokyny na in\u0161tal\u00e1ciu a \u00fadr\u017ebu od v\u00fdrobcu, aby ste zabezpe\u010dili dlhodob\u00fa funk\u010dnos\u0165 a bezpe\u010dnos\u0165.<\/p>\n<h2>Be\u017en\u00e9 \u00falohy \u00fadr\u017eby<\/h2>\n<h3>Pravideln\u00e9 kontroly<\/h3>\n<p>Pravideln\u00e9 kontroly valca ramena s\u00fa k\u013e\u00fa\u010dov\u00e9 pre v\u010dasn\u00fa identifik\u00e1ciu potenci\u00e1lnych probl\u00e9mov. Skontrolujte, \u010di nevykazuje zn\u00e1mky opotrebovania, po\u0161kodenia alebo netesnost\u00ed, a okam\u017eite rie\u0161te v\u0161etky probl\u00e9my, aby ste predi\u0161li \u010fal\u0161iemu po\u0161kodeniu. Proakt\u00edvny pr\u00edstup k \u00fadr\u017ebe m\u00f4\u017ee u\u0161etri\u0165 \u010das a n\u00e1klady na opravy.<\/p>\n<h3>Spr\u00e1vne mazanie<\/h3>\n<p>Spr\u00e1vne mazanie je nevyhnutn\u00e9 pre dlh\u00fa \u017eivotnos\u0165 valca ramena. Uistite sa, \u017ee hydraulick\u00fd olej je na spr\u00e1vnej \u00farovni a \u017ee pou\u017eit\u00fd olej je odpor\u00fa\u010dan\u00e9ho typu. Pravidelne ma\u017ete v\u0161etky pohybliv\u00e9 \u010dasti, aby ste zn\u00ed\u017eili trenie a opotrebovanie, \u010do m\u00f4\u017ee pred\u013a\u017ei\u0165 \u017eivotnos\u0165 valca.<\/p>\n<h3>V\u00fdmena tesnenia a kontroly kalibr\u00e1cie<\/h3>\n<p>Tesnenia si vy\u017eaduj\u00fa pravideln\u00fa v\u00fdmenu, aby sa zachoval ich v\u00fdkon. Pravidelne kontrolujte opotrebovanie tesnen\u00ed a pod\u013ea potreby ich vyme\u0148te. Kalibra\u010dn\u00e9 kontroly s\u00fa tie\u017e d\u00f4le\u017eit\u00e9 na zabezpe\u010denie toho, aby valec fungoval v r\u00e1mci stanoven\u00fdch parametrov. Tieto kontroly pom\u00e1haj\u00fa udr\u017eiava\u0165 \u00fa\u010dinnos\u0165 a bezpe\u010dnos\u0165 po\u010das prev\u00e1dzky.<\/p>\n<p><img decoding=\"async\" src=\"https:\/\/www.hydraulic-cylinders.net\/wp-content\/uploads\/2025\/04\/songte-chushion-collar.webp\" alt=\"Vank\u00fa\u0161ov\u00fd golier\"><\/p>\n<h2>Bezpe\u010dnostn\u00e9 aspekty a faktory prostredia<\/h2>\n<p>Pri pr\u00e1ci s hydraulick\u00fdmi syst\u00e9mami s\u00fa bezpe\u010dnostn\u00e9 opatrenia prvorad\u00e9. Obsluha by si mala by\u0165 v\u017edy vedom\u00e1 potenci\u00e1lnych nebezpe\u010denstiev spojen\u00fdch s hydraulick\u00fdmi syst\u00e9mami vr\u00e1tane \u00fanikov pod vysok\u00fdm tlakom a n\u00e1hlych pohybov. Na predch\u00e1dzanie nehod\u00e1m je nevyhnutn\u00e9 riadne \u0161kolenie a dodr\u017eiavanie bezpe\u010dnostn\u00fdch protokolov. Okrem toho je potrebn\u00e9 zv\u00e1\u017ei\u0165 environment\u00e1lne faktory, ako je likvid\u00e1cia hydraulick\u00fdch kvapal\u00edn, aby sa minimalizoval ekologick\u00fd dopad.<\/p>\n<h2>Diagnostika por\u00fach a be\u017en\u00e9 probl\u00e9my<\/h2>\n<ul>\n<li><strong>Strata v\u00fdkonu:<\/strong> Pokles v\u00fdkonu m\u00f4\u017ee nazna\u010dova\u0165 \u00faniky hydraulickej kvapaliny alebo probl\u00e9my s tlakom. Skontrolujte \u00faniky a uistite sa, \u017ee hydraulick\u00fd syst\u00e9m funguje spr\u00e1vne.<\/li>\n<li><strong>Nezvy\u010dajn\u00e9 zvuky:<\/strong> \u0160k\u0155t\u013eav\u00e9 alebo b\u00fachav\u00e9 zvuky po\u010das prev\u00e1dzky m\u00f4\u017eu signalizova\u0165 mechanick\u00e9 probl\u00e9my. Skontrolujte valec, \u010di nedo\u0161lo k poruche jeho komponentov.<\/li>\n<li><strong>Prehriatie:<\/strong> Ak sa hydraulick\u00fd syst\u00e9m prehrieva, m\u00f4\u017ee to by\u0165 sp\u00f4soben\u00e9 nedostato\u010dn\u00fdm mazan\u00edm alebo pre\u0165a\u017een\u00edm. Skontrolujte hladinu oleja a skontrolujte, \u010di v syst\u00e9me nie s\u00fa nejak\u00e9 upchatia.<\/li>\n<\/ul>\n<h2>Tipy a rie\u0161enia probl\u00e9mov<\/h2>\n<p>Pre efekt\u00edvnu diagnostiku a rie\u0161enie probl\u00e9mov s valcom ramena za\u010dnite d\u00f4kladnou vizu\u00e1lnou kontrolou netesnost\u00ed alebo po\u0161kodenia. Uistite sa, \u017ee v\u0161etky spoje s\u00fa tesn\u00e9 a \u017ee hydraulick\u00e1 kvapalina je na spr\u00e1vnej hladine. Ak zist\u00edte netesnosti, v pr\u00edpade potreby vyme\u0148te tesnenia a armat\u00fary.<\/p>\n<p>V pr\u00edpade probl\u00e9mov s v\u00fdkonom skontrolujte hydraulick\u00fd syst\u00e9m, \u010di nie je zablokovan\u00fd alebo \u010di nedo\u0161lo k poklesu tlaku. Pred op\u00e4tovn\u00fdm uveden\u00edm zariadenia do prev\u00e1dzky odstr\u00e1\u0148te v\u0161etky zisten\u00e9 probl\u00e9my. Pravideln\u00e1 \u00fadr\u017eba a dodr\u017eiavanie prev\u00e1dzkov\u00fdch pokynov m\u00f4\u017eu pom\u00f4c\u0165 predch\u00e1dza\u0165 mnoh\u00fdm be\u017en\u00fdm probl\u00e9mom a zabezpe\u010di\u0165, aby valec v\u00fdlo\u017en\u00edka zostal funk\u010dn\u00fd a efekt\u00edvny.<\/p>\n<p><img decoding=\"async\" src=\"https:\/\/www.hydraulic-cylinders.net\/wp-content\/uploads\/2025\/04\/songte-bushings-with-all-kinds-of-excavator-models.webp\" alt=\"Puzdr\u00e1 s modelmi bagrov\"><\/p>\n<h2>Preh\u013ead spolo\u010dnosti<\/h2>\n<p>Sme popredn\u00fdm v\u00fdrobcom a distrib\u00fatorom alternat\u00edvnych hydraulick\u00fdch valcov s komplexn\u00fdm sortimentom produktov navrhnut\u00fdch tak, aby sp\u013a\u0148ali potreby dom\u00e1ceho aj medzin\u00e1rodn\u00e9ho trhu. N\u00e1\u0161 z\u00e1v\u00e4zok ku kvalite sa odr\u00e1\u017ea v na\u0161ich presn\u00fdch v\u00fdrobn\u00fdch strat\u00e9gi\u00e1ch, ktor\u00e9 vyu\u017e\u00edvaj\u00fa pokro\u010dil\u00e9 technol\u00f3gie a kvalifikovan\u00fd person\u00e1l na zabezpe\u010denie vysok\u00e9ho v\u00fdkonu a spo\u013eahlivosti.<\/p>\n<p>N\u00e1\u0161 v\u00fdrobn\u00fd proces je podporen\u00fd najmodernej\u0161\u00edm v\u00fdrobn\u00fdm zariaden\u00edm a d\u00f4kladn\u00fdm testovac\u00edm syst\u00e9mom, \u010do n\u00e1m umo\u017e\u0148uje neust\u00e1le zlep\u0161ova\u0165 kvalitu v\u00fdrobkov. So zameran\u00edm na efekt\u00edvnos\u0165, presnos\u0165 a vysok\u00e9 \u0161tandardy sa sna\u017e\u00edme splni\u0165 rozmanit\u00e9 po\u017eiadavky z\u00e1kazn\u00edkov prostredn\u00edctvom personalizovan\u00fdch slu\u017eieb a podpory.<\/p>\n<p><img decoding=\"async\" src=\"https:\/\/www.hydraulic-cylinders.net\/wp-content\/uploads\/2025\/04\/songte-company-4.webp\" alt=\"Preh\u013ead spolo\u010dnosti\"><br \/>\n<img decoding=\"async\" src=\"https:\/\/www.hydraulic-cylinders.net\/wp-content\/uploads\/2025\/04\/songte-company-3.webp\" alt=\"Preh\u013ead spolo\u010dnosti\"><\/p>\n<p>Autor lyl<\/p>","protected":false},"excerpt":{"rendered":"<p>Boom Cylinder For Tiangong ZG3225LC-9C Introduction to Boom Cylinder The Boom Cylinder is a vital component in hydraulic systems, specifically designed for controlling the movement of buckets in heavy machinery such as excavators, backhoe loaders, and front-end loaders. This hydraulic cylinder enables the bucket to lift, lower, and tilt, facilitating various material handling tasks. It [&hellip;]<\/p>","protected":false},"featured_media":17877,"comment_status":"open","ping_status":"closed","template":"","meta":{"_et_pb_use_builder":"","_et_pb_old_content":"","_et_gb_content_width":""},"product_brand":[],"product_cat":[1546],"product_tag":[1547,1496],"class_list":{"0":"post-19689","1":"product","2":"type-product","3":"status-publish","4":"has-post-thumbnail","6":"product_cat-boom-cylinders","7":"product_tag-boom-cylinders","8":"product_tag-hydraulic-cylinders","10":"first","11":"instock","12":"shipping-taxable","13":"product-type-simple"},"amp_enabled":true,"_links":{"self":[{"href":"https:\/\/www.hydraulic-cylinders.net\/sk\/wp-json\/wp\/v2\/product\/19689","targetHints":{"allow":["GET"]}}],"collection":[{"href":"https:\/\/www.hydraulic-cylinders.net\/sk\/wp-json\/wp\/v2\/product"}],"about":[{"href":"https:\/\/www.hydraulic-cylinders.net\/sk\/wp-json\/wp\/v2\/types\/product"}],"replies":[{"embeddable":true,"href":"https:\/\/www.hydraulic-cylinders.net\/sk\/wp-json\/wp\/v2\/comments?post=19689"}],"wp:featuredmedia":[{"embeddable":true,"href":"https:\/\/www.hydraulic-cylinders.net\/sk\/wp-json\/wp\/v2\/media\/17877"}],"wp:attachment":[{"href":"https:\/\/www.hydraulic-cylinders.net\/sk\/wp-json\/wp\/v2\/media?parent=19689"}],"wp:term":[{"taxonomy":"product_brand","embeddable":true,"href":"https:\/\/www.hydraulic-cylinders.net\/sk\/wp-json\/wp\/v2\/product_brand?post=19689"},{"taxonomy":"product_cat","embeddable":true,"href":"https:\/\/www.hydraulic-cylinders.net\/sk\/wp-json\/wp\/v2\/product_cat?post=19689"},{"taxonomy":"product_tag","embeddable":true,"href":"https:\/\/www.hydraulic-cylinders.net\/sk\/wp-json\/wp\/v2\/product_tag?post=19689"}],"curies":[{"name":"pracovn\u00fd list","href":"https:\/\/api.w.org\/{rel}","templated":true}]}}