{"id":19690,"date":"2025-04-07T07:02:02","date_gmt":"2025-04-07T07:02:02","guid":{"rendered":"https:\/\/www.hydraulic-cylinders.net\/product\/boom-cylinder-for-tiangong-zg3225lc-9\/"},"modified":"2025-04-07T07:02:05","modified_gmt":"2025-04-07T07:02:05","slug":"boom-cylinder-for-tiangong-zg3225lc-9","status":"publish","type":"product","link":"https:\/\/www.hydraulic-cylinders.net\/sk\/produkt\/boom-cylinder-for-tiangong-zg3225lc-9\/","title":{"rendered":"Valec v\u00fdlo\u017en\u00edka pre Tiangong ZG3225LC-9"},"content":{"rendered":"<h1>Valec v\u00fdlo\u017en\u00edka pre Tiangong ZG3225LC-9<\/h1>\n<h2>Pochopenie valca v\u00fdlo\u017en\u00edka<\/h2>\n<p>Hydraulick\u00fd valec v\u00fdlo\u017en\u00edka je \u0161pecializovan\u00fd hydraulick\u00fd valec ur\u010den\u00fd na ovl\u00e1danie pohybu v\u00fdlo\u017en\u00edka v r\u00f4znych \u0165a\u017ek\u00fdch strojoch, ako s\u00fa bagre, r\u00fdpadlo-naklada\u010de a \u010deln\u00e9 naklada\u010de. Tieto valce zohr\u00e1vaj\u00fa k\u013e\u00fa\u010dov\u00fa \u00falohu pri zdv\u00edhan\u00ed, sp\u00fa\u0161\u0165an\u00ed a nakl\u00e1\u0148an\u00ed v\u00fdlo\u017en\u00edka, \u010do u\u013eah\u010duje efekt\u00edvnu manipul\u00e1ciu s materi\u00e1lom. Funk\u010dnos\u0165 valca v\u00fdlo\u017en\u00edka je nevyhnutn\u00e1 v hydraulick\u00fdch syst\u00e9moch, kde premie\u0148a tlak hydraulickej kvapaliny na mechanick\u00fa energiu, \u010do umo\u017e\u0148uje obsluhe \u0165a\u017ek\u00fdch strojov vykon\u00e1va\u0165 zlo\u017eit\u00e9 oper\u00e1cie s presnos\u0165ou a \u013eahkos\u0165ou.<\/p>\n<p>Tieto hydraulick\u00e9 valce s\u00fa neoddelite\u013enou s\u00fa\u010das\u0165ou, ktor\u00e1 zabezpe\u010duje efekt\u00edvny v\u00fdkon \u0165a\u017ek\u00fdch strojov. S\u00fa nevyhnutn\u00e9 pre \u00falohy, ako je kopanie, nakladanie a premiest\u0148ovanie materi\u00e1lov, v\u010faka \u010domu s\u00fa nenahradite\u013en\u00e9 v stavebn\u00edctve, po\u013enohospod\u00e1rstve a priemyseln\u00fdch aplik\u00e1ci\u00e1ch.<\/p>\n<p><img decoding=\"async\" src=\"https:\/\/www.hydraulic-cylinders.net\/wp-content\/uploads\/2025\/04\/songte-company-1.webp\" alt=\"Valec v\u00fdlo\u017en\u00edka\"><\/p>\n<h3>Vlastnosti valca v\u00fdlo\u017en\u00edka<\/h3>\n<ul>\n<li><strong>Vysok\u00e1 pevnos\u0165 a odolnos\u0165:<\/strong> Valec v\u00fdlo\u017en\u00edka je vyroben\u00fd z vysokopevnostnej ocele alebo hlin\u00edka a odol\u00e1 vysok\u00e9mu tlaku a \u0165a\u017ek\u00fdm za\u0165a\u017eeniam, v\u010faka \u010domu je vhodn\u00fd do n\u00e1ro\u010dn\u00fdch pracovn\u00fdch prostred\u00ed. Jeho kon\u0161trukcia zoh\u013ead\u0148uje odolnos\u0165 proti opotrebovaniu a kor\u00f3zii, \u010d\u00edm sa predl\u017euje jeho \u017eivotnos\u0165.<\/li>\n<li><strong>Efekt\u00edvna hydraulick\u00e1 prev\u00e1dzka:<\/strong> Valec vyu\u017e\u00edva tlak hydraulickej kvapaliny pre plynul\u00e9 vys\u00favanie a zas\u00favanie, \u010do umo\u017e\u0148uje r\u00fdchlu reakciu na povely oper\u00e1tora a poskytuje zna\u010dn\u00fa silu pri tla\u010den\u00ed a \u0165ahu, ide\u00e1lnu na manipul\u00e1ciu s \u0165a\u017ek\u00fdmi predmetmi.<\/li>\n<li><strong>R\u00f4zne typy:<\/strong> V z\u00e1vislosti od prev\u00e1dzkov\u00fdch potrieb m\u00f4\u017ee by\u0165 valec v\u00fdlo\u017en\u00edka jedno\u010dinn\u00fd (pracuj\u00faci v jednom smere) alebo dvoj\u010dinn\u00fd (pracuj\u00faci v oboch smeroch). Niektor\u00e9 modely s\u00fa teleskopick\u00e9, \u010do umo\u017e\u0148uje v\u00e4\u010d\u0161ie vysunutie bez zv\u00e4\u010d\u0161enia vonkaj\u0161\u00edch rozmerov, \u010do je v\u00fdhodn\u00e9 pre aplik\u00e1cie s obmedzen\u00fdm priestorom.<\/li>\n<\/ul>\n<p>Na\u0161a spolo\u010dnos\u0165 sa \u0161pecializuje na v\u00fdrobu t\u00fdchto hydraulick\u00fdch valcov, ktor\u00e9 poskytuj\u00fa perfektn\u00fa n\u00e1hradu za existuj\u00face valce v\u00fdlo\u017en\u00edkov pou\u017e\u00edvan\u00e9 v r\u00f4znych strojoch.<\/p>\n<p><img decoding=\"async\" src=\"https:\/\/www.hydraulic-cylinders.net\/wp-content\/uploads\/2025\/04\/songte-cylinder-head-with-all-kinds-excavator-models.webp\" alt=\"Modely bagrov\"><\/p>\n<h2>Aplik\u00e1cie valca v\u00fdlo\u017en\u00edka<\/h2>\n<h3>Stavebn\u00e9 stroje<\/h3>\n<p>V r\u00fdpadl\u00e1ch s\u00fa valce v\u00fdlo\u017en\u00edka k\u013e\u00fa\u010dov\u00e9 pre kopanie, nakladanie a premiest\u0148ovanie zeminy alebo sutiny. Umo\u017e\u0148uj\u00fa ot\u00e1\u010danie a vys\u00favanie v\u00fdlo\u017en\u00edka, \u010do umo\u017e\u0148uje obsluhe efekt\u00edvne vykon\u00e1va\u0165 \u00falohy v r\u00f4znych uhloch a h\u013abkach. Schopnos\u0165 presne ovl\u00e1da\u0165 v\u00fdlo\u017en\u00edk zais\u0165uje bezpe\u010dn\u00e9 a efekt\u00edvne vykon\u00e1vanie oper\u00e1ci\u00ed, \u010d\u00edm sa minimalizuje riziko neh\u00f4d.<\/p>\n<h3>Po\u013enohospod\u00e1rske stroje<\/h3>\n<p>V \u010deln\u00fdch naklada\u010doch sa valce v\u00fdlo\u017en\u00edka pou\u017e\u00edvaj\u00fa na naberanie, zdv\u00edhanie a prepravu p\u00f4dy, sena a in\u00fdch materi\u00e1lov. Tieto valce poskytuj\u00fa potrebn\u00fa silu na manipul\u00e1ciu s \u0165a\u017ek\u00fdmi bremenami, v\u010faka \u010domu s\u00fa nevyhnutn\u00e9 pre produktivitu na farm\u00e1ch. Ich schopnos\u0165 pracova\u0165 za r\u00f4znych podmienok zvy\u0161uje ich vyu\u017eite\u013enos\u0165 v po\u013enohospod\u00e1rskom prostred\u00ed.<\/p>\n<h3>R\u00fdpadl\u00e1<\/h3>\n<p>V r\u00fdpadl\u00e1ch valec v\u00fdlo\u017en\u00edka u\u013eah\u010duje kopac\u00ed pohyb t\u00fdm, \u017ee umo\u017e\u0148uje ly\u017eici prenikn\u00fa\u0165 do zeme. Hydraulick\u00e1 sila generovan\u00e1 valcom zabezpe\u010duje, \u017ee r\u00fdpadlo dok\u00e1\u017ee prerazi\u0165 tvrd\u00e9 vrstvy p\u00f4dy, \u010d\u00edm sa v\u00fdkopov\u00e9 pr\u00e1ce zr\u00fdch\u013euj\u00fa a zefekt\u00edv\u0148uj\u00fa.<\/p>\n<h3>Naklada\u010de<\/h3>\n<p>V \u010deln\u00fdch naklada\u010doch pom\u00e1haj\u00fa valce v\u00fdlo\u017en\u00edka efekt\u00edvne zdv\u00edha\u0165 a vyklada\u0165 materi\u00e1ly. Umo\u017e\u0148uj\u00fa obsluhe riadi\u0165 rozlo\u017eenie n\u00e1kladu a v\u00fd\u0161ku, \u010do je nevyhnutn\u00e9 pre nakladanie n\u00e1kladn\u00fdch vozidiel alebo premiest\u0148ovanie materi\u00e1lov na konkr\u00e9tne miesta. Spo\u013eahlivos\u0165 t\u00fdchto valcov zais\u0165uje, \u017ee naklada\u010de m\u00f4\u017eu pracova\u0165 aj v n\u00e1ro\u010dn\u00fdch podmienkach.<\/p>\n<h2>\u00davahy o dizajne a krit\u00e9ri\u00e1 v\u00fdberu<\/h2>\n<h3>Nosnos\u0165<\/h3>\n<p>Nosnos\u0165 valca v\u00fdlo\u017en\u00edka je k\u013e\u00fa\u010dov\u00fdm faktorom pri jeho kon\u0161trukcii. Mus\u00ed by\u0165 navrhnut\u00fd tak, aby zvl\u00e1dol maxim\u00e1lnu hmotnos\u0165, ktor\u00e1 bude p\u00f4sobi\u0165 po\u010das prev\u00e1dzky, bez rizika poruchy. To zah\u0155\u0148a pr\u00edsne testovanie a dodr\u017eiavanie priemyseln\u00fdch noriem na zaistenie bezpe\u010dnosti a spo\u013eahlivosti.<\/p>\n<h3>Tesniace mechanizmy<\/h3>\n<p>\u00da\u010dinn\u00e9 tesnenie je nevyhnutn\u00e9 na zabr\u00e1nenie \u00faniku hydraulickej kvapaliny, \u010do m\u00f4\u017ee vies\u0165 k zn\u00ed\u017eeniu \u00fa\u010dinnosti a potenci\u00e1lnemu zlyhaniu syst\u00e9mu. Na zv\u00fd\u0161enie odolnosti a udr\u017eanie tlaku v syst\u00e9me sa \u010dasto pou\u017e\u00edvaj\u00fa vysokokvalitn\u00e9 tesnenia vyroben\u00e9 z materi\u00e1lov, ako je polyuret\u00e1n a nitrilov\u00fd kau\u010duk.<\/p>\n<h3>Trvanlivos\u0165<\/h3>\n<p>\u010eal\u0161\u00edm k\u013e\u00fa\u010dov\u00fdm kon\u0161truk\u010dn\u00fdm krit\u00e9riom je odolnos\u0165. Materi\u00e1ly pou\u017eit\u00e9 pri v\u00fdrobe valcov ramena musia odol\u00e1va\u0165 opotrebovaniu a po\u0161kodeniu sp\u00f4soben\u00e9mu neust\u00e1lej prev\u00e1dzkou v r\u00f4znych environment\u00e1lnych podmienkach. To \u010dasto zah\u0155\u0148a povrchov\u00e9 \u00fapravy odoln\u00e9 vo\u010di kor\u00f3zii a robustn\u00e9 kon\u0161truk\u010dn\u00e9 techniky na pred\u013a\u017eenie \u017eivotnosti valca.<\/p>\n<h3>Bezpe\u010dnostn\u00e9 prvky<\/h3>\n<p>Pri kon\u0161trukcii valcov v\u00fdlo\u017en\u00edka s\u00fa bezpe\u010dnostn\u00e9 aspekty prvorad\u00e9. Na zabr\u00e1nenie nehod\u00e1m po\u010das prev\u00e1dzky s\u00fa integrovan\u00e9 prvky, ako s\u00fa pretlakov\u00e9 ventily a bezpe\u010dnostn\u00e9 z\u00e1mky. Tieto mechanizmy pom\u00e1haj\u00fa chr\u00e1ni\u0165 obsluhu aj zariadenie pred neo\u010dak\u00e1van\u00fdmi poruchami.<\/p>\n<h3>\u00dadr\u017eba a prev\u00e1dzkyschopnos\u0165<\/h3>\n<p>Navrhovanie pre jednoduch\u00fa \u00fadr\u017ebu je nevyhnutn\u00e9 pre zabezpe\u010denie dlhodobej funk\u010dnosti valca v\u00fdlo\u017en\u00edka. Funkcie, ktor\u00e9 umo\u017e\u0148uj\u00fa jednoduch\u00fa kontrolu, mazanie a v\u00fdmenu tesnen\u00ed, prispievaj\u00fa k skr\u00e1teniu prestojov a ni\u017e\u0161\u00edm n\u00e1kladom na \u00fadr\u017ebu, \u010do v kone\u010dnom d\u00f4sledku zvy\u0161uje produktivitu.<\/p>\n<p><img decoding=\"async\" src=\"https:\/\/www.hydraulic-cylinders.net\/wp-content\/uploads\/2025\/04\/songte-oil-pipes-and-spare-parts.webp\" alt=\"Olejov\u00e9 potrubia a n\u00e1hradn\u00e9 diely\"><\/p>\n<h2>Utesnenie a mazanie valca v\u00fdlo\u017en\u00edka<\/h2>\n<p>Spr\u00e1vne tesnenie a mazanie s\u00fa nevyhnutn\u00e9 pre efekt\u00edvnu prev\u00e1dzku valcov v\u00fdlo\u017en\u00edka. R\u00f4zne tesniace prvky, ako s\u00fa tesnenia piestov a tesnenia ty\u010d\u00ed, s\u00fa nevyhnutn\u00e9 na udr\u017eanie hydraulick\u00e9ho tlaku v syst\u00e9me. V\u00fdber tesnen\u00ed vyroben\u00fdch z materi\u00e1lov odoln\u00fdch vo\u010di opotrebovaniu, ako je polyuret\u00e1n a nitrilov\u00e1 guma, zais\u0165uje dlh\u00fa \u017eivotnos\u0165 a spo\u013eahlivos\u0165.<\/p>\n<p>Teleso valca a z\u00e1vitov\u00e9 koncov\u00e9 plochy prech\u00e1dzaj\u00fa d\u00f4kladn\u00fdm obr\u00e1ban\u00edm, aby sa zlep\u0161ila odolnos\u0165 vo\u010di opotrebovaniu a zlep\u0161il sa tesniaci v\u00fdkon. Pravideln\u00e9 mazanie hydraulick\u00fdm olejom je potrebn\u00e9 na zn\u00ed\u017eenie trenia a zabr\u00e1nenie prehriatia, \u010d\u00edm sa zabezpe\u010d\u00ed plynul\u00e1 prev\u00e1dzka a pred\u013a\u017ei \u017eivotnos\u0165 valca.<\/p>\n<h2>Pravideln\u00e1 kontrola a prevent\u00edvna \u00fadr\u017eba<\/h2>\n<ul>\n<li><strong>Pravideln\u00e9 kontroly:<\/strong> Vykon\u00e1vanie pravideln\u00fdch kontrol valca ramena m\u00f4\u017ee pom\u00f4c\u0165 identifikova\u0165 potenci\u00e1lne probl\u00e9my sk\u00f4r, ako sa stan\u00fa z\u00e1va\u017en\u00fdmi. Po\u010das prev\u00e1dzky h\u013eadajte zn\u00e1mky opotrebovania, netesnost\u00ed alebo ak\u00e9ko\u013evek nezvy\u010dajn\u00e9 zvuky.<\/li>\n<li><strong>Spr\u00e1vne mazanie:<\/strong> Zabezpe\u010denie dostato\u010dn\u00e9ho mazania valca je k\u013e\u00fa\u010dov\u00e9 pre optim\u00e1lny v\u00fdkon. Pou\u017e\u00edvajte odpor\u00fa\u010dan\u00fd hydraulick\u00fd olej a pravidelne kontrolujte hladinu oleja, aby ste predi\u0161li po\u0161kodeniu v d\u00f4sledku nedostato\u010dn\u00e9ho mazania.<\/li>\n<li><strong>V\u00fdmena tesnenia:<\/strong> Tesnenia sa \u010dasom m\u00f4\u017eu opotrebova\u0165 a je potrebn\u00e9 ich vymeni\u0165. Pravidelne kontrolujte tesnenia, \u010di nie s\u00fa po\u0161koden\u00e9, a pod\u013ea potreby ich vyme\u0148te, aby ste zachovali hydraulick\u00fa \u00fa\u010dinnos\u0165 a predi\u0161li \u00fanikom.<\/li>\n<\/ul>\n<h2>Pokyny na in\u0161tal\u00e1ciu valca ramena<\/h2>\n<p>Spr\u00e1vna in\u0161tal\u00e1cia valca ramena je nevyhnutn\u00e1 pre zabezpe\u010denie optim\u00e1lneho v\u00fdkonu a bezpe\u010dnosti. Za\u010dnite t\u00fdm, \u017ee sa uist\u00edte, \u017ee je valec spr\u00e1vne zarovnan\u00fd s mont\u00e1\u017enymi bodmi zariadenia. Na upevnenie valca na mieste pou\u017eite vhodn\u00e9 mont\u00e1\u017ene konzoly.<\/p>\n<p>Venujte pozornos\u0165 hydraulick\u00fdm pripojeniam a uistite sa, \u017ee s\u00fa tesn\u00e9 a bez \u00fanikov. Po\u010das in\u0161tal\u00e1cie je nevyhnutn\u00e9 dodr\u017eiava\u0165 odpor\u00fa\u010dania v\u00fdrobcu t\u00fdkaj\u00face sa \u0161pecifik\u00e1ci\u00ed kr\u00fatiaceho momentu. Po in\u0161tal\u00e1cii skontrolujte zarovnanie valca, aby ste predi\u0161li nadmern\u00e9mu nam\u00e1haniu a mo\u017en\u00e9mu zlyhaniu po\u010das prev\u00e1dzky.<\/p>\n<h2>\u00dadr\u017eb\u00e1rske \u00falohy pre valec v\u00fdlo\u017en\u00edka<\/h2>\n<ul>\n<li><strong>Pravideln\u00e9 kontroly:<\/strong> Mali by sa vykon\u00e1va\u0165 pravideln\u00e9 kontroly na identifik\u00e1ciu a odstr\u00e1nenie ak\u00e9hoko\u013evek opotrebenia alebo po\u0161kodenia. Obsluha by mala by\u0165 vy\u0161kolen\u00e1 na to, aby si v\u0161imla ak\u00e9ko\u013evek prev\u00e1dzkov\u00e9 anom\u00e1lie, ktor\u00e9 m\u00f4\u017eu nazna\u010dova\u0165 opotrebovanie.<\/li>\n<li><strong>Vhodn\u00e9 mazanie:<\/strong> Udr\u017eiavanie spr\u00e1vneho mazania je nevyhnutn\u00e9. Uistite sa, \u017ee hydraulick\u00fd olej je na spr\u00e1vnej hladine a v r\u00e1mci odpor\u00fa\u010dan\u00fdch \u0161pecifik\u00e1ci\u00ed pre valec v\u00fdlo\u017en\u00edka.<\/li>\n<li><strong>V\u00fdmena tesnenia a kontroly kalibr\u00e1cie:<\/strong> Pravidelne kontrolujte opotrebovanie tesnen\u00ed a v pr\u00edpade potreby ich vyme\u0148te. Mali by sa vykon\u00e1va\u0165 aj kalibra\u010dn\u00e9 kontroly, aby sa zabezpe\u010dilo, \u017ee valec pracuje v r\u00e1mci svojich kon\u0161truk\u010dn\u00fdch parametrov.<\/li>\n<\/ul>\n<h2>Bezpe\u010dnostn\u00e9 aspekty a faktory prostredia<\/h2>\n<p>Pri pou\u017e\u00edvan\u00ed hydraulick\u00fdch valcov v\u00fdlo\u017en\u00edka je mimoriadne d\u00f4le\u017eit\u00e9 uprednostni\u0165 bezpe\u010dnostn\u00e9 opatrenia. Obsluha by mala by\u0165 vy\u0161kolen\u00e1 v bezpe\u010dn\u00fdch prev\u00e1dzkov\u00fdch postupoch a mala by si by\u0165 vedom\u00e1 potenci\u00e1lnych nebezpe\u010denstiev spojen\u00fdch s hydraulick\u00fdmi syst\u00e9mami. Po\u010das prev\u00e1dzky a \u00fadr\u017eby by sa mali pou\u017e\u00edva\u0165 vhodn\u00e9 osobn\u00e9 ochrann\u00e9 prostriedky (OOP), aby sa minimalizovali rizik\u00e1. Okrem toho je pre udr\u017eate\u013enos\u0165 k\u013e\u00fa\u010dov\u00e9 zabezpe\u010di\u0165 spr\u00e1vne zaobch\u00e1dzanie s hydraulick\u00fdmi kvapalinami a ich likvid\u00e1ciu sp\u00f4sobom \u0161etrn\u00fdm k \u017eivotn\u00e9mu prostrediu.<\/p>\n<h2>Rie\u0161enie be\u017en\u00fdch probl\u00e9mov<\/h2>\n<ul>\n<li><strong>\u00danik oleja:<\/strong> Ak d\u00f4jde k \u00faniku oleja, skontrolujte tesnenia a spoje, \u010di nie s\u00fa po\u0161koden\u00e9. V pr\u00edpade potreby dotiahnite spoje alebo vyme\u0148te tesnenia.<\/li>\n<li><strong>Nekonzistentn\u00fd pohyb valca:<\/strong> M\u00f4\u017ee to nazna\u010dova\u0165 n\u00edzku hladinu hydraulickej kvapaliny alebo vzduch v syst\u00e9me. Skontrolujte hladiny kvapal\u00edn a odvzdu\u0161nite syst\u00e9m, aby ste odstr\u00e1nili vzduch.<\/li>\n<li><strong>Nezvy\u010dajn\u00e9 zvuky po\u010das prev\u00e1dzky:<\/strong> Zvuky ako \u0161kr\u00edpanie alebo hrkotanie m\u00f4\u017eu signalizova\u0165 vn\u00fatorn\u00e9 po\u0161kodenie alebo nedostato\u010dn\u00e9 mazanie. Skontrolujte valec a v pr\u00edpade potreby ho nama\u017ete.<\/li>\n<\/ul>\n<h2>Rie\u0161enie probl\u00e9mov a prevent\u00edvne opatrenia<\/h2>\n<p>Aby mohli oper\u00e1tori efekt\u00edvne rie\u0161i\u0165 probl\u00e9my s valcom ramena, mali by sa obozn\u00e1mi\u0165 s be\u017en\u00fdmi probl\u00e9mami a ich rie\u0161eniami. Pravideln\u00e1 \u00fadr\u017eba m\u00f4\u017ee zabr\u00e1ni\u0165 vzniku mnoh\u00fdch probl\u00e9mov, \u010d\u00edm sa minimalizuj\u00fa prestoje a n\u00e1klady na opravy. Implement\u00e1cia prevent\u00edvneho pl\u00e1nu \u00fadr\u017eby m\u00f4\u017ee pom\u00f4c\u0165 identifikova\u0165 opotrebovanie a potenci\u00e1lne poruchy sk\u00f4r, ako naru\u0161ia prev\u00e1dzku.<\/p>\n<p><img decoding=\"async\" src=\"https:\/\/www.hydraulic-cylinders.net\/wp-content\/uploads\/2025\/04\/songte-bushings-with-all-kinds-of-excavator-models.webp\" alt=\"Puzdr\u00e1 s modelmi bagrov\"><\/p>\n<h2>O na\u0161ej spolo\u010dnosti<\/h2>\n<p>Sme popredn\u00fdm v\u00fdrobcom a ve\u013ekoobchodn\u00fdm distrib\u00fatorom hydraulick\u00fdch valcov, \u0161pecializuj\u00facim sa na poskytovanie perfektn\u00fdch n\u00e1hrad za valce v\u00fdlo\u017en\u00edkov. N\u00e1\u0161 komplexn\u00fd sortiment produktov n\u00e1s etabloval ako k\u013e\u00fa\u010dov\u00e9ho hr\u00e1\u010da na dom\u00e1com aj medzin\u00e1rodnom trhu. Dodr\u017eiavame pr\u00edsne normy kvality a pou\u017e\u00edvame pokro\u010dil\u00e9 strat\u00e9gie riadenia v\u00fdroby na zv\u00fd\u0161enie efektivity na\u0161ej v\u00fdroby.<\/p>\n<p>N\u00e1\u0161 z\u00e1v\u00e4zok k excelentnosti je podporen\u00fd kvalifikovanou pracovnou silou, high-tech v\u00fdrobn\u00fdm zariaden\u00edm a robustn\u00fdm syst\u00e9mom kontroly kvality, ktor\u00e9 zabezpe\u010duj\u00fa, \u017ee na\u0161e produkty sp\u013a\u0148aj\u00fa rozmanit\u00e9 potreby na\u0161ich z\u00e1kazn\u00edkov.<\/p>\n<p><img decoding=\"async\" src=\"https:\/\/www.hydraulic-cylinders.net\/wp-content\/uploads\/2025\/04\/songte-company-4.webp\" alt=\"Obr\u00e1zok spolo\u010dnosti 1\"><br \/>\n<img decoding=\"async\" src=\"https:\/\/www.hydraulic-cylinders.net\/wp-content\/uploads\/2025\/04\/songte-company-3.webp\" alt=\"Obr\u00e1zok spolo\u010dnosti 2\"><\/p>\n<p>Pon\u00fakame slu\u017eby na mieru prisp\u00f4soben\u00e9 \u0161pecifick\u00fdm po\u017eiadavk\u00e1m klienta, podlo\u017een\u00e9 medzin\u00e1rodn\u00fdmi certifik\u00e1ciami, profesion\u00e1lnym v\u00fdrobn\u00fdm vybaven\u00edm a spo\u013eahlivou popredajnou podporou.<\/p>\n<p>Autor: lyl<\/p>","protected":false},"excerpt":{"rendered":"<p>Boom Cylinder For Tiangong ZG3225LC-9 Understanding the Boom Cylinder The Boom Cylinder is a specialized hydraulic cylinder designed for controlling the movement of the boom in various heavy machinery, such as excavators, backhoe loaders, and front-end loaders. These cylinders play a crucial role in lifting, lowering, and tilting the boom, facilitating efficient material handling tasks. [&hellip;]<\/p>","protected":false},"featured_media":17878,"comment_status":"open","ping_status":"closed","template":"","meta":{"_et_pb_use_builder":"","_et_pb_old_content":"","_et_gb_content_width":""},"product_brand":[],"product_cat":[1546],"product_tag":[1547,1496],"class_list":{"0":"post-19690","1":"product","2":"type-product","3":"status-publish","4":"has-post-thumbnail","6":"product_cat-boom-cylinders","7":"product_tag-boom-cylinders","8":"product_tag-hydraulic-cylinders","10":"first","11":"instock","12":"shipping-taxable","13":"product-type-simple"},"amp_enabled":true,"_links":{"self":[{"href":"https:\/\/www.hydraulic-cylinders.net\/sk\/wp-json\/wp\/v2\/product\/19690","targetHints":{"allow":["GET"]}}],"collection":[{"href":"https:\/\/www.hydraulic-cylinders.net\/sk\/wp-json\/wp\/v2\/product"}],"about":[{"href":"https:\/\/www.hydraulic-cylinders.net\/sk\/wp-json\/wp\/v2\/types\/product"}],"replies":[{"embeddable":true,"href":"https:\/\/www.hydraulic-cylinders.net\/sk\/wp-json\/wp\/v2\/comments?post=19690"}],"wp:featuredmedia":[{"embeddable":true,"href":"https:\/\/www.hydraulic-cylinders.net\/sk\/wp-json\/wp\/v2\/media\/17878"}],"wp:attachment":[{"href":"https:\/\/www.hydraulic-cylinders.net\/sk\/wp-json\/wp\/v2\/media?parent=19690"}],"wp:term":[{"taxonomy":"product_brand","embeddable":true,"href":"https:\/\/www.hydraulic-cylinders.net\/sk\/wp-json\/wp\/v2\/product_brand?post=19690"},{"taxonomy":"product_cat","embeddable":true,"href":"https:\/\/www.hydraulic-cylinders.net\/sk\/wp-json\/wp\/v2\/product_cat?post=19690"},{"taxonomy":"product_tag","embeddable":true,"href":"https:\/\/www.hydraulic-cylinders.net\/sk\/wp-json\/wp\/v2\/product_tag?post=19690"}],"curies":[{"name":"pracovn\u00fd list","href":"https:\/\/api.w.org\/{rel}","templated":true}]}}