{"id":19691,"date":"2025-04-07T07:02:05","date_gmt":"2025-04-07T07:02:05","guid":{"rendered":"https:\/\/www.hydraulic-cylinders.net\/product\/boom-cylinder-for-dasin-ds18\/"},"modified":"2025-04-07T07:02:07","modified_gmt":"2025-04-07T07:02:07","slug":"boom-cylinder-for-dasin-ds18","status":"publish","type":"product","link":"https:\/\/www.hydraulic-cylinders.net\/sk\/produkt\/boom-cylinder-for-dasin-ds18\/","title":{"rendered":"Valec v\u00fdlo\u017en\u00edka pre Dasin DS18"},"content":{"rendered":"<h1>Valec v\u00fdlo\u017en\u00edka pre Dasin DS18<\/h1>\n<h2>\u00davod do valca v\u00fdlo\u017en\u00edka<\/h2>\n<p>Hydraulick\u00fd valec v\u00fdlo\u017en\u00edka je k\u013e\u00fa\u010dovou s\u00fa\u010das\u0165ou hydraulick\u00fdch syst\u00e9mov, \u0161peci\u00e1lne navrhnut\u00fdch na ovl\u00e1danie pohybu ly\u017e\u00edc \u0165a\u017ek\u00fdch strojov, ako s\u00fa tie, ktor\u00e9 sa nach\u00e1dzaj\u00fa v bagroch, r\u00fdpadlo-naklada\u010doch a \u010deln\u00fdch naklada\u010doch. Tieto hydraulick\u00e9 valce umo\u017e\u0148uj\u00fa zdv\u00edhanie, sp\u00fa\u0161\u0165anie a nakl\u00e1\u0148anie ly\u017eice, \u010do u\u013eah\u010duje efekt\u00edvnu manipul\u00e1ciu s materi\u00e1lom. V podstate je valec ly\u017eice typom hydraulick\u00e9ho valca, ktor\u00fd zohr\u00e1va d\u00f4le\u017eit\u00fa \u00falohu pri prev\u00e1dzke r\u00f4znych zemn\u00fdch strojov.<\/p>\n<p><img decoding=\"async\" src=\"https:\/\/www.hydraulic-cylinders.net\/wp-content\/uploads\/2025\/04\/songte-company-1.webp\" alt=\"Obr\u00e1zok valca v\u00fdlo\u017en\u00edka\" \/><\/p>\n<h3>Funkcia a pou\u017eitie valcov s vedro<\/h3>\n<p>Hydraulick\u00e9 valce s\u00fa nevyhnutn\u00e9 pre prev\u00e1dzku \u0165a\u017ek\u00fdch strojov. Poskytuj\u00fa potrebn\u00fd v\u00fdkon na zdv\u00edhanie a manipul\u00e1ciu s \u0165a\u017ek\u00fdmi bremenami, \u010d\u00edm zabezpe\u010duj\u00fa efekt\u00edvne vykon\u00e1vanie stavebn\u00fdch a po\u013enohospod\u00e1rskych \u00faloh. Premenou hydraulick\u00e9ho tlaku na mechanick\u00fa silu umo\u017e\u0148uj\u00fa tieto valce obsluhe vykon\u00e1va\u0165 zlo\u017eit\u00e9 man\u00e9vre s presnos\u0165ou a kontrolou.<\/p>\n<h2>K\u013e\u00fa\u010dov\u00e9 vlastnosti valca ramena<\/h2>\n<ul>\n<li><strong>Vysok\u00e1 pevnos\u0165 a odolnos\u0165:<\/strong> Tieto valce, vyroben\u00e9 z vysokopevnostnej ocele alebo hlin\u00edka, odol\u00e1vaj\u00fa vysok\u00e9mu tlaku a \u0165a\u017ek\u00fdm za\u0165a\u017eeniam, v\u010faka \u010domu s\u00fa vhodn\u00e9 do n\u00e1ro\u010dn\u00fdch pracovn\u00fdch prostred\u00ed.<\/li>\n<li><strong>Efekt\u00edvna hydraulick\u00e1 prev\u00e1dzka:<\/strong> Vyu\u017e\u00edvaj\u00fa hydraulick\u00fd tlak oleja pre plynul\u00e9 vys\u00favanie a zas\u00favanie, \u010d\u00edm poskytuj\u00fa r\u00fdchlu odozvu na ovl\u00e1dacie povely a dod\u00e1vaj\u00fa siln\u00fa tla\u010dn\u00fa a \u0165a\u017en\u00fa silu.<\/li>\n<li><strong>R\u00f4zne typy:<\/strong> K dispoz\u00edcii s\u00fa jedno\u010dinn\u00e9 (funguje v jednom smere) alebo dvoj\u010dinn\u00e9 (funguje v oboch smeroch) prevedenia, niektor\u00e9 modely s\u00fa teleskopick\u00e9, \u010do umo\u017e\u0148uje v\u00e4\u010d\u0161ie vysunutie bez zv\u00e4\u010d\u0161enia vonkaj\u0161\u00edch rozmerov.<\/li>\n<li><strong>Zlep\u0161en\u00fd v\u00fdkon:<\/strong> S\u00fa navrhnut\u00e9 s ochranou proti opotrebovaniu a kor\u00f3zii, \u010do zaru\u010duje dlh\u00fa \u017eivotnos\u0165 a spo\u013eahlivos\u0165 v r\u00f4znych aplik\u00e1ci\u00e1ch.<\/li>\n<li><strong>Z\u00e1kazkov\u00e1 v\u00fdroba:<\/strong> Tento produkt vieme vyrobi\u0165 a na\u0161e valce dok\u00e1\u017eu dokonale nahradi\u0165 existuj\u00face hydraulick\u00e9 valce.<\/li>\n<\/ul>\n<p><img decoding=\"async\" src=\"https:\/\/www.hydraulic-cylinders.net\/wp-content\/uploads\/2025\/04\/songte-cylinder-head-with-all-kinds-excavator-models.webp\" alt=\"Mo\u017enosti v\u00fdmeny valca\" \/><\/p>\n<h2>Aplik\u00e1cie valca ramena<\/h2>\n<h3>Stavebn\u00e9 stroje<\/h3>\n<p>V stavebn\u00fdch strojoch sa valce v\u00fdlo\u017en\u00edka nach\u00e1dzaj\u00fa v r\u00fdpadl\u00e1ch, kde s\u00fa nevyhnutn\u00e9 na kopanie, nakladanie a premiest\u0148ovanie zeminy alebo sutiny. Valec ly\u017eice u\u013eah\u010duje kopanie aj zdv\u00edhanie, \u010d\u00edm zvy\u0161uje v\u0161estrannos\u0165 a produktivitu stroja.<\/p>\n<h3>Po\u013enohospod\u00e1rske stroje<\/h3>\n<p>\u010celn\u00e9 naklada\u010de vyu\u017e\u00edvaj\u00fa valce v\u00fdlo\u017en\u00edka na naberanie, zdv\u00edhanie a prepravu p\u00f4dy, sena a in\u00fdch materi\u00e1lov. Tieto valce s\u00fa nevyhnutn\u00e9 pre oper\u00e1cie, ktor\u00e9 vy\u017eaduj\u00fa r\u00fdchlu a efekt\u00edvnu manipul\u00e1ciu s \u0165a\u017ek\u00fdmi po\u013enohospod\u00e1rskymi bremenami.<\/p>\n<h3>R\u00fdpadl\u00e1<\/h3>\n<p>V r\u00fdpadl\u00e1ch umo\u017e\u0148uje valec ly\u017eice prenikn\u00fa\u0165 do zeme, \u010do umo\u017e\u0148uje efekt\u00edvne kopanie. T\u00e1to schopnos\u0165 je k\u013e\u00fa\u010dov\u00e1 pre r\u00f4zne v\u00fdkopov\u00e9 \u00falohy, \u010di u\u017e v stavebn\u00edctve alebo ter\u00e9nnych \u00faprav\u00e1ch.<\/p>\n<h3>Naklada\u010de<\/h3>\n<p>V \u010deln\u00fdch naklada\u010doch valce v\u00fdlo\u017en\u00edka \u00fa\u010dinne pom\u00e1haj\u00fa pri zdv\u00edhan\u00ed a vykladan\u00ed materi\u00e1lov. Ich kon\u0161trukcia zais\u0165uje \u013eahk\u00fa manipul\u00e1ciu s \u0165a\u017ek\u00fdmi bremenami, \u010d\u00edm sa zvy\u0161uje prev\u00e1dzkov\u00e1 efektivita.<\/p>\n<h2>\u00davahy o dizajne a krit\u00e9ri\u00e1 v\u00fdberu<\/h2>\n<h3>Nosnos\u0165<\/h3>\n<p>Nosnos\u0165 valca ramena je kritick\u00fdm faktorom ovplyv\u0148uj\u00facim jeho kon\u0161trukciu. Ur\u010duje, ak\u00fa hmotnos\u0165 dok\u00e1\u017ee valec bezpe\u010dne zvl\u00e1dnu\u0165 bez rizika \u0161truktur\u00e1lneho zlyhania alebo zn\u00ed\u017eenia v\u00fdkonu. In\u017einieri musia starostlivo vypo\u010d\u00edta\u0165 nosnosti na z\u00e1klade zam\u00fd\u0161\u013ean\u00e9ho pou\u017eitia a zabezpe\u010di\u0165, aby valec uniesol \u0165a\u017ek\u00e9 hmotnosti, s ktor\u00fdmi sa be\u017ene stret\u00e1vame v stavebn\u00edctve a po\u013enohospod\u00e1rstve.<\/p>\n<h3>Tesnenie a trvanlivos\u0165<\/h3>\n<p>Tesnenie je v hydraulick\u00fdch valcoch prvorad\u00e9, aby sa zabr\u00e1nilo \u00faniku kvapaliny a udr\u017eal tlak. Nevyhnutn\u00e9 s\u00fa vysoko kvalitn\u00e9 tesnenia vyroben\u00e9 z odoln\u00fdch materi\u00e1lov, ako je polyuret\u00e1n alebo nitrilov\u00e1 guma. Tieto tesnenia musia odol\u00e1va\u0165 n\u00e1ro\u010dn\u00fdm podmienkam a dlhodobo si zachov\u00e1va\u0165 svoju integritu, \u010d\u00edm sa zni\u017euje riziko poruchy syst\u00e9mu a zabezpe\u010duje sa spo\u013eahliv\u00e1 prev\u00e1dzka.<\/p>\n<h3>Bezpe\u010dnostn\u00e9 prvky<\/h3>\n<p>Za\u010dlenenie bezpe\u010dnostn\u00fdch prvkov do kon\u0161trukcie valcov v\u00fdlo\u017en\u00edka je nevyhnutn\u00e9 pre ochranu obsluhy a strojov. Poistn\u00e9 ventily, tlakomery a robustn\u00e9 mont\u00e1\u017ene syst\u00e9my prispievaj\u00fa k bezpe\u010dnej\u0161iemu prev\u00e1dzkov\u00e9mu prostrediu, \u010d\u00edm predch\u00e1dzaj\u00fa nehod\u00e1m a po\u0161kodeniu zariaden\u00ed po\u010das prev\u00e1dzky.<\/p>\n<h3>\u00dadr\u017eba a opravite\u013enos\u0165<\/h3>\n<p>Navrhovanie pre jednoduch\u00fa \u00fadr\u017ebu zabezpe\u010duje, \u017ee n\u00e1hradn\u00e9 diely, ako s\u00fa tesnenia a armat\u00fary, s\u00fa \u013eahko dostupn\u00e9 a vymenite\u013en\u00e9. To zni\u017euje prestoje a n\u00e1klady na \u00fadr\u017ebu a z\u00e1rove\u0148 predl\u017euje \u017eivotnos\u0165 hydraulick\u00e9ho valca. V\u00fdrobky musia by\u0165 navrhnut\u00e9 s oh\u013eadom na prev\u00e1dzkyschopnos\u0165, aby sa u\u013eah\u010dili be\u017en\u00e9 kontroly a opravy.<\/p>\n<p><img decoding=\"async\" src=\"https:\/\/www.hydraulic-cylinders.net\/wp-content\/uploads\/2025\/04\/songte-oil-pipes-and-spare-parts.webp\" alt=\"Olejov\u00e9 potrubia a n\u00e1hradn\u00e9 diely\" \/><\/p>\n<h2>Tesnenie a mazanie valca v\u00fdlo\u017en\u00edka<\/h2>\n<p>\u00da\u010dinn\u00e9 tesnenie a mazanie s\u00fa nevyhnutn\u00e9 pre v\u00fdkon a dlh\u00fa \u017eivotnos\u0165 valcov v\u00fdlo\u017en\u00edka. Na zabr\u00e1nenie \u00faniku hydraulickej kvapaliny sa pou\u017e\u00edvaj\u00fa r\u00f4zne tesniace komponenty, ako s\u00fa tesnenia piestov a tesnenia ty\u010d\u00ed. Tesnenia sa zvy\u010dajne vyr\u00e1baj\u00fa z materi\u00e1lov odoln\u00fdch vo\u010di opotrebovaniu, ako je polyuret\u00e1n a nitrilov\u00e1 guma, ktor\u00e9 s\u00fa schopn\u00e9 odola\u0165 n\u00e1ro\u010dn\u00fdm podmienkam v hydraulick\u00fdch aplik\u00e1ci\u00e1ch. Teleso valca a z\u00e1vitov\u00e9 konce sa prec\u00edzne obr\u00e1baj\u00fa, aby sa zv\u00fd\u0161ila odolnos\u0165 vo\u010di opotrebovaniu a celkov\u00e1 \u017eivotnos\u0165.<\/p>\n<p>Pravideln\u00e9 mazanie hydraulick\u00fdm olejom je nevyhnutn\u00e9 na zn\u00ed\u017eenie trenia medzi pohybliv\u00fdmi \u010das\u0165ami a udr\u017eanie plynul\u00e9ho chodu. Obsluha mus\u00ed zabezpe\u010di\u0165 dostato\u010dn\u00e9 mno\u017estvo hydraulick\u00e9ho oleja, aby sa predi\u0161lo prehriatiu a opotrebovaniu, \u010d\u00edm sa pred\u013a\u017ei \u017eivotnos\u0165 hydraulick\u00e9ho valca.<\/p>\n<h2>Opatrenia prevent\u00edvnej \u00fadr\u017eby<\/h2>\n<ul>\n<li><strong>Pravideln\u00e9 kontroly:<\/strong> Vykon\u00e1vajte pravideln\u00e9 kontroly, aby ste identifikovali potenci\u00e1lne probl\u00e9my sk\u00f4r, ako sa premenia na z\u00e1va\u017en\u00e9. Skontrolujte netesnosti, opotrebovanie a spr\u00e1vnu funkciu tesnen\u00ed a spojov.<\/li>\n<li><strong>Vhodn\u00e9 mazanie:<\/strong> Uistite sa, \u017ee hydraulick\u00fd valec je dostato\u010dne mazan\u00fd spr\u00e1vnym typom a mno\u017estvom hydraulick\u00e9ho oleja, aby sa predi\u0161lo po\u0161kodeniu vn\u00fatorn\u00fdch komponentov a aby sa zachovala jeho \u00fa\u010dinnos\u0165.<\/li>\n<li><strong>V\u00fdmena tesnenia:<\/strong> Pravidelne kontrolujte tesnenia, \u010di nie s\u00fa opotrebovan\u00e9, a pod\u013ea potreby ich vyme\u0148te, aby ste predi\u0161li \u00faniku kvapaliny, \u010do m\u00f4\u017ee vies\u0165 k neefekt\u00edvnosti a poruch\u00e1m syst\u00e9mu.<\/li>\n<\/ul>\n<h2>Pokyny na in\u0161tal\u00e1ciu<\/h2>\n<p>Spr\u00e1vna in\u0161tal\u00e1cia valcov ramena je k\u013e\u00fa\u010dov\u00e1 pre optim\u00e1lny v\u00fdkon. Za\u010dnite t\u00fdm, \u017ee sa uist\u00edte, \u017ee v\u0161etky komponenty s\u00fa \u010dist\u00e9 a bez ne\u010dist\u00f4t. Valec presne zarovnajte s mont\u00e1\u017enymi bodmi, aby ste predi\u0161li nespr\u00e1vnemu zarovnaniu, ktor\u00e9 m\u00f4\u017ee sp\u00f4sobi\u0165 nadmern\u00e9 nam\u00e1hanie valca a vies\u0165 k pred\u010dasn\u00e9mu zlyhaniu. Na bezpe\u010dn\u00e9 upevnenie valca a zabr\u00e1nenie jeho pohybu po\u010das prev\u00e1dzky pou\u017eite vhodn\u00e9 mont\u00e1\u017ene konzoly. Je nevyhnutn\u00e9 dodr\u017eiava\u0165 \u0161pecifik\u00e1cie v\u00fdrobcu t\u00fdkaj\u00face sa nastavenia kr\u00fatiaceho momentu, aby ste zabezpe\u010dili spr\u00e1vne utiahnutie a bezpe\u010dn\u00e9 upevnenie v\u0161etk\u00fdch upev\u0148ovac\u00edch prvkov.<\/p>\n<p>Po in\u0161tal\u00e1cii vykonajte komplexn\u00fa kontrolu syst\u00e9mu, aby ste sa uistili, \u017ee nedoch\u00e1dza k \u017eiadnym \u00fanikom a \u017ee syst\u00e9m funguje pod\u013ea o\u010dak\u00e1vania. Monitorujte hladiny hydraulickej kvapaliny a kontrolujte spr\u00e1vny prietok hydraulickej kvapaliny do valca. Pravidelne kontrolujte in\u0161tal\u00e1ciu, aby ste sa uistili, \u017ee zost\u00e1va bezpe\u010dn\u00e1 a funk\u010dn\u00e1.<\/p>\n<p><img decoding=\"async\" src=\"https:\/\/www.hydraulic-cylinders.net\/wp-content\/uploads\/2025\/04\/songte-chushion-collar.webp\" alt=\"Vank\u00fa\u0161ov\u00fd golier\" \/><\/p>\n<h2>Be\u017en\u00e9 \u00falohy \u00fadr\u017eby<\/h2>\n<h3>Pravideln\u00e9 kontroly<\/h3>\n<p>Pravideln\u00e9 kontroly s\u00fa k\u013e\u00fa\u010dov\u00e9 pre v\u010dasn\u00fa identifik\u00e1ciu potenci\u00e1lnych probl\u00e9mov. H\u013eadajte zn\u00e1mky opotrebovania, po\u0161kodenia alebo netesnost\u00ed v hydraulickom valci. V\u010dasn\u00e9 rie\u0161enie t\u00fdchto probl\u00e9mov m\u00f4\u017ee v bud\u00facnosti pred\u00eds\u0165 z\u00e1va\u017enej\u0161\u00edm probl\u00e9mom a n\u00e1kladn\u00fdm oprav\u00e1m. Je nevyhnutn\u00e9 zaradi\u0165 tieto kontroly do be\u017en\u00e9ho pl\u00e1nu \u00fadr\u017eby, aby sa zabezpe\u010dila efekt\u00edvna prev\u00e1dzka hydraulick\u00e9ho syst\u00e9mu.<\/p>\n<h3>Vhodn\u00e9 mazanie<\/h3>\n<p>Udr\u017eiavanie spr\u00e1vneho mazania hydraulick\u00fdch valcov je nevyhnutn\u00e9 pre plynul\u00fd chod. Pou\u017e\u00edvajte odpor\u00fa\u010dan\u00fa hydraulick\u00fa kvapalinu a uistite sa, \u017ee je naplnen\u00e1 na spr\u00e1vnu hladinu. Mazanie pom\u00e1ha zni\u017eova\u0165 trenie medzi pohybliv\u00fdmi \u010das\u0165ami, \u010d\u00edm sa predch\u00e1dza opotrebovaniu. Obsluha by mala tie\u017e sledova\u0165 stav hydraulickej kvapaliny a pod\u013ea potreby ju vymie\u0148a\u0165, aby sa udr\u017eal optim\u00e1lny v\u00fdkon.<\/p>\n<h3>V\u00fdmena tesnenia a kontroly kalibr\u00e1cie<\/h3>\n<p>Tesnenia sa \u010dasom m\u00f4\u017eu opotrebova\u0165 a je potrebn\u00e9 ich vymeni\u0165. Pravidelne kontrolujte tesnenia, \u010di nevykazuj\u00fa zn\u00e1mky netesnost\u00ed alebo po\u0161kodenia, a v\u010das ich vyme\u0148te, aby sa zachovala integrita syst\u00e9mu. Kalibra\u010dn\u00e9 kontroly s\u00fa tie\u017e nevyhnutn\u00e9 na zabezpe\u010denie toho, aby hydraulick\u00fd valec fungoval v r\u00e1mci \u0161pecifikovan\u00fdch parametrov a aby sa po\u010das prev\u00e1dzky zachovala jeho \u00fa\u010dinnos\u0165 a efekt\u00edvnos\u0165.<\/p>\n<h2>Bezpe\u010dnostn\u00e9 aspekty a faktory prostredia<\/h2>\n<p>Pri pr\u00e1ci s hydraulick\u00fdmi syst\u00e9mami s\u00fa bezpe\u010dnostn\u00e9 opatrenia prvorad\u00e9. Obsluha by mala v\u017edy nosi\u0165 vhodn\u00e9 osobn\u00e9 ochrann\u00e9 prostriedky (OOP) a dodr\u017eiava\u0165 bezpe\u010dnostn\u00e9 protokoly, aby predi\u0161la nehod\u00e1m. Hydraulick\u00e9 kvapaliny m\u00f4\u017eu navy\u0161e predstavova\u0165 environment\u00e1lne riziko, preto je nevyhnutn\u00e9 s nimi spr\u00e1vne manipulova\u0165 a likvidova\u0165 ich, aby sa minimalizoval vplyv na \u017eivotn\u00e9 prostredie.<\/p>\n<h2>Rie\u0161enie probl\u00e9mov a be\u017en\u00e9 probl\u00e9my<\/h2>\n<ul>\n<li><strong>Zn\u00ed\u017een\u00fd v\u00fdkon valca:<\/strong> Ak valec vykazuje zn\u00ed\u017een\u00fd v\u00fdkon, skontrolujte, \u010di v hydraulickej kvapaline nie je vzduch, \u010di nie s\u00fa v nej \u00faniky alebo n\u00edzka hladina kvapaliny. Okam\u017eit\u00e9 rie\u0161enie t\u00fdchto probl\u00e9mov m\u00f4\u017ee obnovi\u0165 funk\u010dnos\u0165.<\/li>\n<li><strong>Netesn\u00e9 tesnenia:<\/strong> Netesnosti na tesneniach m\u00f4\u017eu nazna\u010dova\u0165 opotrebovanie alebo po\u0161kodenie. V\u017edy skontrolujte tesnenia a v pr\u00edpade potreby ich vyme\u0148te, aby ste predi\u0161li \u00faniku kvapaliny.<\/li>\n<li><strong>Neo\u010dak\u00e1van\u00fd pohyb valca:<\/strong> Ak sa valec neo\u010dak\u00e1vane pohybuje, skontrolujte riadiaci syst\u00e9m, \u010di nie je poru\u0161en\u00fd, a uistite sa, \u017ee v\u0161etky komponenty funguj\u00fa spr\u00e1vne.<\/li>\n<\/ul>\n<h3>Tipy na rie\u0161enie probl\u00e9mov<\/h3>\n<p>Aby mohli oper\u00e1tori efekt\u00edvne diagnostikova\u0165 a rie\u0161i\u0165 probl\u00e9my, mali by si vies\u0165 podrobn\u00fd z\u00e1znam o v\u0161etk\u00fdch nezrovnalostiach pozorovan\u00fdch po\u010das prev\u00e1dzky. Tento z\u00e1znam m\u00f4\u017ee pom\u00f4c\u0165 identifikova\u0165 vzorce a potenci\u00e1lne z\u00e1kladn\u00e9 probl\u00e9my. Pravideln\u00e1 \u00fadr\u017eba a proakt\u00edvne kontroly s\u00fa nevyhnutn\u00e9 na minimaliz\u00e1ciu rizika por\u00fach a zabezpe\u010denie bezprobl\u00e9mov\u00e9ho fungovania hydraulick\u00e9ho syst\u00e9mu.<\/p>\n<p><img decoding=\"async\" src=\"https:\/\/www.hydraulic-cylinders.net\/wp-content\/uploads\/2025\/04\/songte-bushings-with-all-kinds-of-excavator-models.webp\" alt=\"Puzdr\u00e1 pre bagre\" \/><\/p>\n<h2>O na\u0161ej spolo\u010dnosti<\/h2>\n<p>Sme popredn\u00fdm v\u00fdrobcom n\u00e1hradn\u00fdch hydraulick\u00fdch valcov a pon\u00fakame komplexn\u00fd sortiment vysokokvalitn\u00fdch produktov prisp\u00f4soben\u00fdch tak, aby sp\u013a\u0148ali rozmanit\u00e9 potreby dom\u00e1ceho aj medzin\u00e1rodn\u00e9ho trhu. N\u00e1\u0161 z\u00e1v\u00e4zok k dokonalosti n\u00e1s vedie k dodr\u017eiavaniu \u0161pi\u010dkov\u00fdch v\u00fdrobn\u00fdch postupov, za\u010dle\u0148ovaniu pokro\u010dil\u00fdch technol\u00f3gi\u00ed a kvalifikovan\u00e9ho person\u00e1lu do na\u0161ich v\u00fdrobn\u00fdch procesov.<\/p>\n<p>Sme hrd\u00ed na n\u00e1\u0161 rozsiahly sortiment produktov a na\u0161u schopnos\u0165 prisp\u00f4sobi\u0165 rie\u0161enia \u0161pecifick\u00fdm po\u017eiadavk\u00e1m z\u00e1kazn\u00edkov. S d\u00f4razom na zabezpe\u010denie kvality vyu\u017e\u00edvame najmodernej\u0161ie v\u00fdrobn\u00e9 zariadenia a pr\u00edsne testovacie syst\u00e9my, aby sme zabezpe\u010dili, \u017ee na\u0161e hydraulick\u00e9 valce sp\u013a\u0148aj\u00fa najvy\u0161\u0161ie priemyseln\u00e9 \u0161tandardy. Na\u0161e odhodlanie pre efekt\u00edvnos\u0165, presnos\u0165 a kvalitu n\u00e1s stavia medzi d\u00f4veryhodn\u00fdch partnerov pre hydraulick\u00e9 rie\u0161enia.<\/p>\n<p><img decoding=\"async\" src=\"https:\/\/www.hydraulic-cylinders.net\/wp-content\/uploads\/2025\/04\/songte-company-4.webp\" alt=\"Preh\u013ead spolo\u010dnosti\" \/><br \/>\n<img decoding=\"async\" src=\"https:\/\/www.hydraulic-cylinders.net\/wp-content\/uploads\/2025\/04\/songte-company-3.webp\" alt=\"V\u00fdroba spolo\u010dnosti\" \/><\/p>\n<p>Autorom je lyl.<\/p>","protected":false},"excerpt":{"rendered":"<p>Boom Cylinder For Dasin DS18 Introduction to Boom Cylinder The Boom Cylinder is a crucial component in hydraulic systems, specifically designed to control the movement of heavy machinery buckets, such as those found in excavators, backhoe loaders, and front loaders. These hydraulic cylinders enable the bucket to lift, lower, and tilt, facilitating efficient material handling [&hellip;]<\/p>","protected":false},"featured_media":17879,"comment_status":"open","ping_status":"closed","template":"","meta":{"_et_pb_use_builder":"","_et_pb_old_content":"","_et_gb_content_width":""},"product_brand":[],"product_cat":[1546],"product_tag":[1547,1496],"class_list":{"0":"post-19691","1":"product","2":"type-product","3":"status-publish","4":"has-post-thumbnail","6":"product_cat-boom-cylinders","7":"product_tag-boom-cylinders","8":"product_tag-hydraulic-cylinders","10":"first","11":"instock","12":"shipping-taxable","13":"product-type-simple"},"amp_enabled":true,"_links":{"self":[{"href":"https:\/\/www.hydraulic-cylinders.net\/sk\/wp-json\/wp\/v2\/product\/19691","targetHints":{"allow":["GET"]}}],"collection":[{"href":"https:\/\/www.hydraulic-cylinders.net\/sk\/wp-json\/wp\/v2\/product"}],"about":[{"href":"https:\/\/www.hydraulic-cylinders.net\/sk\/wp-json\/wp\/v2\/types\/product"}],"replies":[{"embeddable":true,"href":"https:\/\/www.hydraulic-cylinders.net\/sk\/wp-json\/wp\/v2\/comments?post=19691"}],"wp:featuredmedia":[{"embeddable":true,"href":"https:\/\/www.hydraulic-cylinders.net\/sk\/wp-json\/wp\/v2\/media\/17879"}],"wp:attachment":[{"href":"https:\/\/www.hydraulic-cylinders.net\/sk\/wp-json\/wp\/v2\/media?parent=19691"}],"wp:term":[{"taxonomy":"product_brand","embeddable":true,"href":"https:\/\/www.hydraulic-cylinders.net\/sk\/wp-json\/wp\/v2\/product_brand?post=19691"},{"taxonomy":"product_cat","embeddable":true,"href":"https:\/\/www.hydraulic-cylinders.net\/sk\/wp-json\/wp\/v2\/product_cat?post=19691"},{"taxonomy":"product_tag","embeddable":true,"href":"https:\/\/www.hydraulic-cylinders.net\/sk\/wp-json\/wp\/v2\/product_tag?post=19691"}],"curies":[{"name":"pracovn\u00fd list","href":"https:\/\/api.w.org\/{rel}","templated":true}]}}