{"id":19700,"date":"2025-04-07T07:02:31","date_gmt":"2025-04-07T07:02:31","guid":{"rendered":"https:\/\/www.hydraulic-cylinders.net\/product\/boom-cylinder-for-sinomach-zg3365lc-9c\/"},"modified":"2025-04-07T07:02:33","modified_gmt":"2025-04-07T07:02:33","slug":"boom-cylinder-for-sinomach-zg3365lc-9c","status":"publish","type":"product","link":"https:\/\/www.hydraulic-cylinders.net\/sk\/produkt\/boom-cylinder-for-sinomach-zg3365lc-9c\/","title":{"rendered":"Valec v\u00fdlo\u017en\u00edka pre Sinomach ZG3365LC-9C"},"content":{"rendered":"<h1>Valec v\u00fdlo\u017en\u00edka pre Sinomach ZG3365LC-9C<\/h1>\n<h2>Preh\u013ead produktu<\/h2>\n<p>Hydraulick\u00fd valec v\u00fdlo\u017en\u00edka pre Sinomach ZG3365LC-9C je z\u00e1kladn\u00fd hydraulick\u00fd komponent ur\u010den\u00fd na ovl\u00e1danie pohybu v\u00fdlo\u017en\u00edka v \u0165a\u017ek\u00fdch strojoch, ako s\u00fa r\u00fdpadl\u00e1, r\u00fdpadlo-naklada\u010de a \u010deln\u00e9 naklada\u010de. Tento hydraulick\u00fd valec umo\u017e\u0148uje zdv\u00edhanie, sp\u00fa\u0161\u0165anie a nakl\u00e1\u0148anie v\u00fdlo\u017en\u00edka, \u010do u\u013eah\u010duje efekt\u00edvnu manipul\u00e1ciu s materi\u00e1lom. Valec v\u00fdlo\u017en\u00edka zohr\u00e1va k\u013e\u00fa\u010dov\u00fa \u00falohu v hydraulickom syst\u00e9me, premie\u0148a hydraulick\u00fd tlak na mechanick\u00fa silu, \u010do umo\u017e\u0148uje obsluhe vykon\u00e1va\u0165 r\u00f4zne funkcie s presnos\u0165ou a \u013eahkos\u0165ou.<\/p>\n<p><img decoding=\"async\" src=\"https:\/\/www.hydraulic-cylinders.net\/wp-content\/uploads\/2025\/04\/songte-company-1.webp\" alt=\"Valec v\u00fdlo\u017en\u00edka\" \/><\/p>\n<h2>K\u013e\u00fa\u010dov\u00e9 vlastnosti<\/h2>\n<ul>\n<li><strong>Vysok\u00e1 pevnos\u0165 a odolnos\u0165:<\/strong> Valec v\u00fdlo\u017en\u00edka je vyroben\u00fd z vysokopevnostnej ocele alebo hlin\u00edka a odol\u00e1 vysok\u00e9mu tlaku a \u0165a\u017ek\u00fdm za\u0165a\u017eeniam, v\u010faka \u010domu je vhodn\u00fd do n\u00e1ro\u010dn\u00fdch pracovn\u00fdch prostred\u00ed. Jeho kon\u0161trukcia zah\u0155\u0148a odolnos\u0165 vo\u010di opotrebovaniu a antikor\u00f3zne vlastnosti, \u010do zais\u0165uje dlh\u0161iu \u017eivotnos\u0165.<\/li>\n<li><strong>Efekt\u00edvna hydraulick\u00e1 prev\u00e1dzka:<\/strong> V\u010faka tlaku hydraulick\u00e9ho oleja pre plynul\u00e9 vys\u00favanie a zas\u00favanie reaguje valec v\u00fdlo\u017en\u00edka r\u00fdchlo na povely obsluhy a poskytuje siln\u00fa tla\u010dn\u00fa a \u0165a\u017en\u00fa silu, ide\u00e1lnu na manipul\u00e1ciu s \u0165a\u017ek\u00fdmi materi\u00e1lmi a zlo\u017eit\u00e9 \u00falohy.<\/li>\n<li><strong>R\u00f4zne typy:<\/strong> Mo\u017enosti zah\u0155\u0148aj\u00fa jedno\u010dinn\u00e9 (prev\u00e1dzkov\u00fd hydraulick\u00fd tlak v jednom smere) alebo dvoj\u010dinn\u00e9 valce (prev\u00e1dzkov\u00fd hydraulick\u00fd tlak v oboch smeroch) pre splnenie r\u00f4znych prev\u00e1dzkov\u00fdch potrieb. Niektor\u00e9 modely s\u00fa teleskopick\u00e9, \u010do umo\u017e\u0148uje v\u00e4\u010d\u0161ie vysunutie bez zv\u00e4\u010d\u0161enia vonkaj\u0161\u00edch rozmerov, vhodn\u00e9 pre aplik\u00e1cie s obmedzen\u00fdm priestorom.<\/li>\n<li><strong>Kompatibilita:<\/strong> Na\u0161e produkty dok\u00e1\u017eu dokonale nahradi\u0165 existuj\u00face hydraulick\u00e9 valce a zabezpe\u010duj\u00fa tak bezprobl\u00e9mov\u00fa integr\u00e1ciu do existuj\u00facich strojov.<\/li>\n<\/ul>\n<p><img decoding=\"async\" src=\"https:\/\/www.hydraulic-cylinders.net\/wp-content\/uploads\/2025\/04\/songte-cylinder-head-with-all-kinds-excavator-models.webp\" alt=\"Kompatibilita hydraulick\u00fdch valcov\" \/><\/p>\n<h2>Scen\u00e1re aplik\u00e1ci\u00ed<\/h2>\n<h3>Stavebn\u00e9 stroje<\/h3>\n<p>V r\u00fdpadl\u00e1ch s\u00fa valce v\u00fdlo\u017en\u00edka k\u013e\u00fa\u010dov\u00e9 pre kopanie, nakladanie a premiest\u0148ovanie zeminy alebo sutiny. Umo\u017e\u0148uj\u00fa obsluhe ovl\u00e1da\u0165 uhol a v\u00fd\u0161ku v\u00fdlo\u017en\u00edka, \u010do u\u013eah\u010duje vykon\u00e1vanie presn\u00fdch v\u00fdkopov\u00fdch \u00faloh. V r\u00fdpadlo-naklada\u010doch valec v\u00fdlo\u017en\u00edka pom\u00e1ha nielen pri kopan\u00ed, ale aj pri zdv\u00edhan\u00ed, \u010d\u00edm zvy\u0161uje v\u0161estrannos\u0165 stroja.<\/p>\n<h3>Po\u013enohospod\u00e1rske stroje<\/h3>\n<p>V \u010deln\u00fdch naklada\u010doch sa valce v\u00fdlo\u017en\u00edka pou\u017e\u00edvaj\u00fa na naberanie, zdv\u00edhanie a prepravu p\u00f4dy, sena a in\u00fdch materi\u00e1lov. Hydraulick\u00fd v\u00fdkon umo\u017e\u0148uje efekt\u00edvnu prev\u00e1dzku a v\u00fdrazne zvy\u0161uje produktivitu na farm\u00e1ch a stavenisk\u00e1ch.<\/p>\n<h3>R\u00fdpadl\u00e1<\/h3>\n<p>Valec v\u00fdlo\u017en\u00edka v r\u00fdpadl\u00e1ch umo\u017e\u0148uje ly\u017eici prenikn\u00fa\u0165 do p\u00f4dy, \u010do umo\u017e\u0148uje efekt\u00edvne kopanie. T\u00e1to schopnos\u0165 je nevyhnutn\u00e1 pre r\u00f4zne stavebn\u00e9 a ter\u00e9nne pr\u00e1ce, v\u010faka \u010domu je r\u00fdpadlo v tomto odvetv\u00ed nepostr\u00e1date\u013en\u00fdm n\u00e1strojom.<\/p>\n<h3>Naklada\u010de<\/h3>\n<p>V \u010deln\u00fdch naklada\u010doch s\u00fa valce v\u00fdlo\u017en\u00edka zodpovedn\u00e9 za efekt\u00edvne zdv\u00edhanie a vykladanie bremien. Ich kon\u0161trukcia umo\u017e\u0148uje plynul\u00e9 a kontrolovan\u00e9 pohyby, \u010d\u00edm sa zabezpe\u010duje efekt\u00edvna manipul\u00e1cia s materi\u00e1lom a jeho preprava v r\u00f4znych aplik\u00e1ci\u00e1ch.<\/p>\n<h2>\u00davahy o dizajne a krit\u00e9ri\u00e1 v\u00fdberu<\/h2>\n<h3>Nosnos\u0165<\/h3>\n<p>Nosnos\u0165 valca v\u00fdlo\u017en\u00edka mus\u00ed zodpoveda\u0165 po\u017eiadavk\u00e1m stroja, ktor\u00e9mu sl\u00fa\u017ei. T\u00e1to nosnos\u0165 ur\u010duje maxim\u00e1lnu hmotnos\u0165, ktor\u00fa m\u00f4\u017ee valec zdvihn\u00fa\u0165, \u010do ovplyv\u0148uje v\u00fdber ve\u013ekosti a pevnosti valca. In\u017einieri musia presne pos\u00fadi\u0165 prev\u00e1dzkov\u00e9 po\u017eiadavky, aby zabezpe\u010dili bezpe\u010dn\u00fd a efekt\u00edvny v\u00fdkon valca.<\/p>\n<h3>Tesnenie<\/h3>\n<p>Spr\u00e1vne tesnenie je nevyhnutn\u00e9 na zabr\u00e1nenie \u00faniku hydraulickej kvapaliny a udr\u017eanie tlaku v syst\u00e9me. Vysokokvalitn\u00e9 tesnenia sa musia vybera\u0165 na z\u00e1klade prev\u00e1dzkov\u00e9ho prostredia, aby sa zabezpe\u010dilo, \u017ee odol\u00e1vaj\u00fa tlakom a podmienkam bez r\u00fdchlej degrad\u00e1cie. Medzi mo\u017enosti patr\u00ed polyuret\u00e1n a nitrilov\u00fd kau\u010duk, ktor\u00e9 poskytuj\u00fa vynikaj\u00facu odolnos\u0165 proti opotrebovaniu.<\/p>\n<h3>Trvanlivos\u0165<\/h3>\n<p>Trvanlivos\u0165 je k\u013e\u00fa\u010dov\u00fdm faktorom pri kon\u0161trukcii valcov ramena. Komponenty musia by\u0165 skon\u0161truovan\u00e9 tak, aby odolali n\u00e1ro\u010dn\u00fdm aplik\u00e1ci\u00e1m s vysokou z\u00e1\u0165a\u017eou vr\u00e1tane vystavenia drsn\u00fdm poveternostn\u00fdm podmienkam, prachu a vibr\u00e1ci\u00e1m. Tento aspekt je nevyhnutn\u00fd pre zachovanie funk\u010dnosti valca v priebehu \u010dasu bez \u010dastej v\u00fdmeny.<\/p>\n<h3>Bezpe\u010dnos\u0165<\/h3>\n<p>Bezpe\u010dnostn\u00e9 prvky s\u00fa pri kon\u0161trukcii hydraulick\u00fdch valcov nevyhnutn\u00e9. Patria sem pretlakov\u00e9 ventily, ktor\u00e9 zabra\u0148uj\u00fa pre\u0165a\u017eeniu, a mechanick\u00e9 dorazy, ktor\u00e9 zabra\u0148uj\u00fa nadmern\u00e9mu pohybu. Zabudovanie t\u00fdchto prvkov m\u00f4\u017ee v\u00fdrazne zn\u00ed\u017ei\u0165 riziko neh\u00f4d po\u010das prev\u00e1dzky.<\/p>\n<h3>\u00dadr\u017eba<\/h3>\n<p>\u010eal\u0161\u00edm d\u00f4le\u017eit\u00fdm aspektom, ktor\u00fd treba zv\u00e1\u017ei\u0165, je jednoduchos\u0165 \u00fadr\u017eby. Valce by mali by\u0165 navrhnut\u00e9 tak, aby umo\u017e\u0148ovali jednoduch\u00fa kontrolu a servis vr\u00e1tane \u013eahk\u00e9ho pr\u00edstupu k tesneniam a mazac\u00edm bodom. Pravideln\u00e1 \u00fadr\u017eba je k\u013e\u00fa\u010dov\u00e1 pre pred\u013a\u017eenie \u017eivotnosti hydraulick\u00e9ho syst\u00e9mu a zabezpe\u010denie spo\u013eahlivej prev\u00e1dzky.<\/p>\n<p><img decoding=\"async\" src=\"https:\/\/www.hydraulic-cylinders.net\/wp-content\/uploads\/2025\/04\/songte-oil-pipes-and-spare-parts.webp\" alt=\"\u00dadr\u017eba hydraulick\u00e9ho valca\" \/><\/p>\n<h2>Tesnenie a mazanie<\/h2>\n<p>Pou\u017eitie r\u00f4znych tesniacich komponentov, ako s\u00fa tesnenia piestov a tesnenia ty\u010d\u00ed, je nevyhnutn\u00e9 pre zabezpe\u010denie dlhej \u017eivotnosti a \u00fa\u010dinnosti hydraulick\u00fdch valcov. Tesnenia vyroben\u00e9 z odoln\u00fdch materi\u00e1lov, ako je polyuret\u00e1n a nitrilov\u00fd kau\u010duk, pon\u00fakaj\u00fa vynikaj\u00facu odolnos\u0165 proti opotrebovaniu. Teleso valca a z\u00e1vitov\u00e9 koncov\u00e9 plochy prech\u00e1dzaj\u00fa jemn\u00fdm opracovan\u00edm, aby sa zv\u00fd\u0161ila odolnos\u0165 proti opotrebovaniu. Pravideln\u00e9 mazanie hydraulick\u00fdm olejom je nevyhnutn\u00e9 na zn\u00ed\u017eenie trenia a opotrebenia, \u010do umo\u017e\u0148uje plynul\u00fd chod a zabra\u0148uje pred\u010dasn\u00e9mu zlyhaniu.<\/p>\n<h2>Opatrenia prevent\u00edvnej \u00fadr\u017eby<\/h2>\n<ul>\n<li><strong>Pravideln\u00e9 kontroly:<\/strong> Vykon\u00e1vajte pravideln\u00e9 kontroly \u00fanikov, opotrebovania a celkov\u00e9ho stavu, aby ste identifikovali potenci\u00e1lne probl\u00e9my sk\u00f4r, ako sa zhor\u0161ia.<\/li>\n<li><strong>Mazanie:<\/strong> Zabezpe\u010dte dostato\u010dn\u00e9 mazanie v primeran\u00fdch intervaloch, aby sa zachoval v\u00fdkon valca a zabr\u00e1nilo sa opotrebovaniu.<\/li>\n<li><strong>V\u00fdmena tesnen\u00ed:<\/strong> Sledujte stav tesnen\u00ed a pod\u013ea potreby ich vyme\u0148te, aby ste predi\u0161li \u00faniku hydraulickej kvapaliny a zachovali integritu syst\u00e9mu.<\/li>\n<\/ul>\n<h2>Pokyny na in\u0161tal\u00e1ciu<\/h2>\n<p>Spr\u00e1vna in\u0161tal\u00e1cia valca ramena je k\u013e\u00fa\u010dov\u00e1 pre optim\u00e1lny v\u00fdkon. Za\u010dnite t\u00fdm, \u017ee sa uist\u00edte, \u017ee v\u0161etky komponenty s\u00fa \u010dist\u00e9 a bez ne\u010dist\u00f4t. Valec spr\u00e1vne zarovnajte s mont\u00e1\u017enymi bodmi pomocou vhodn\u00fdch mont\u00e1\u017enych konzol na jeho upevnenie. Po zarovnan\u00ed utiahnite mont\u00e1\u017ene skrutky pod\u013ea \u0161pecifik\u00e1ci\u00ed v\u00fdrobcu. Po in\u0161tal\u00e1cii skontrolujte tesnos\u0165 hydraulick\u00fdch pripojen\u00ed a uistite sa, \u017ee valec funguje plynulo v celom rozsahu pohybu. Pravidelne kontrolujte in\u0161tal\u00e1ciu, \u010di nevykazuje zn\u00e1mky opotrebovania alebo po\u0161kodenia, a v\u0161etky probl\u00e9my ihne\u010f rie\u0161te, aby ste zachovali bezpe\u010dnos\u0165 a v\u00fdkon.<\/p>\n<h2>Be\u017en\u00e9 \u00falohy \u00fadr\u017eby<\/h2>\n<ul>\n<li><strong>Pravideln\u00e9 kontroly:<\/strong> \u010cast\u00e9 kontroly opotrebovania a potenci\u00e1lnych por\u00fach s\u00fa nevyhnutn\u00e9 na zabezpe\u010denie nepretr\u017eitej funk\u010dnosti a bezpe\u010dnosti. V\u010dasn\u00e1 identifik\u00e1cia probl\u00e9mov m\u00f4\u017ee zabr\u00e1ni\u0165 n\u00e1kladn\u00fdm oprav\u00e1m a prestojom.<\/li>\n<li><strong>Spr\u00e1vne mazanie:<\/strong> Udr\u017eiavanie spr\u00e1vnej hladiny mazania je k\u013e\u00fa\u010dov\u00e9 pre prevenciu trenia a opotrebenia. Zabezpe\u010dte pou\u017e\u00edvanie spr\u00e1vneho hydraulick\u00e9ho oleja a pravidelne monitorujte jeho hladiny.<\/li>\n<li><strong>V\u00fdmena tesnenia a kontroly kalibr\u00e1cie:<\/strong> Pravidelne vymie\u0148ajte opotrebovan\u00e9 tesnenia, aby ste predi\u0161li \u00fanikom a zabezpe\u010dili efekt\u00edvne fungovanie hydraulick\u00e9ho syst\u00e9mu. Kalibra\u010dn\u00e9 kontroly s\u00fa potrebn\u00e9 na udr\u017eanie optim\u00e1lneho v\u00fdkonu a bezpe\u010dnosti.<\/li>\n<\/ul>\n<h2>Bezpe\u010dnostn\u00e9 aspekty a faktory prostredia<\/h2>\n<p>Pri pr\u00e1ci s hydraulick\u00fdmi syst\u00e9mami s\u00fa bezpe\u010dnostn\u00e9 opatrenia prvorad\u00e9. Pou\u017e\u00edvatelia si musia by\u0165 vedom\u00ed potenci\u00e1lnych nebezpe\u010denstiev spojen\u00fdch s hydraulick\u00fdm tlakom vr\u00e1tane n\u00e1hleho uvo\u013enenia tlaku, ktor\u00e9 m\u00f4\u017ee sp\u00f4sobi\u0165 zranenia. Spr\u00e1vne \u0161kolenie v oblasti manipul\u00e1cie a obsluhy hydraulick\u00fdch strojov je nevyhnutn\u00e9, rovnako ako dodr\u017eiavanie bezpe\u010dnostn\u00fdch noriem na pracovisku. Okrem toho zv\u00e1\u017ete vplyv hydraulick\u00fdch kvapal\u00edn na \u017eivotn\u00e9 prostredie a zabezpe\u010dte dodr\u017eiavanie spr\u00e1vnych met\u00f3d likvid\u00e1cie, aby sa predi\u0161lo kontamin\u00e1cii.<\/p>\n<h2>Diagnostika a be\u017en\u00e9 probl\u00e9my<\/h2>\n<ul>\n<li><strong>Netesn\u00fd valec:<\/strong> Be\u017en\u00fdm probl\u00e9mom je \u00fanik hydraulickej kvapaliny z tesnen\u00ed. M\u00f4\u017ee to nazna\u010dova\u0165 opotrebovan\u00e9 tesnenia alebo nespr\u00e1vnu in\u0161tal\u00e1ciu. Skontrolujte tesnenia a v pr\u00edpade potreby ich vyme\u0148te, aby ste odstr\u00e1nili netesnosti.<\/li>\n<li><strong>Slab\u00fd v\u00fdkon:<\/strong> Ak valec nereaguje pod\u013ea o\u010dak\u00e1vania, skontrolujte hladinu hydraulickej kvapaliny, pr\u00edpadn\u00e9 upchatia v potrubiach alebo probl\u00e9my s \u010derpadlom. Rie\u0161enie t\u00fdchto faktorov m\u00f4\u017ee obnovi\u0165 optim\u00e1lny v\u00fdkon.<\/li>\n<li><strong>Nezvy\u010dajn\u00e9 zvuky:<\/strong> Hluk po\u010das prev\u00e1dzky m\u00f4\u017ee nazna\u010dova\u0165 vn\u00fatorn\u00e9 po\u0161kodenie alebo n\u00edzku hladinu hydraulickej kvapaliny. Presk\u00famajte zdroj hluku a vykonajte vhodn\u00e9 n\u00e1pravn\u00e9 opatrenia.<\/li>\n<\/ul>\n<h2>Tipy na rie\u0161enie probl\u00e9mov<\/h2>\n<p>Pre efekt\u00edvnu diagnostiku a rie\u0161enie probl\u00e9mov s hydraulick\u00fdmi valcami za\u010dnite kontrolou hladiny kvapal\u00edn a kontrolou netesnost\u00ed. Uistite sa, \u017ee v\u0161etky spoje s\u00fa bezpe\u010dn\u00e9 a bez ne\u010dist\u00f4t. Pravidelne udr\u017eiavajte komponenty, aby ste predi\u0161li opotrebovaniu a po\u0161kodeniu, so zameran\u00edm na tesnenia, mazanie a zarovnanie. Ak probl\u00e9my pretrv\u00e1vaj\u00fa, pora\u010fte sa s odborn\u00edkom, ktor\u00fd v\u00e1m poskytne podrobn\u00fa diagnostiku a strat\u00e9gie opravy.<\/p>\n<p><img decoding=\"async\" src=\"https:\/\/www.hydraulic-cylinders.net\/wp-content\/uploads\/2025\/04\/songte-bushings-with-all-kinds-of-excavator-models.webp\" alt=\"Komponenty hydraulick\u00e9ho valca\" \/><\/p>\n<h2>Preh\u013ead spolo\u010dnosti<\/h2>\n<p>Sme popredn\u00fdm v\u00fdrobcom a ve\u013ekoobchodn\u00edkom n\u00e1hradn\u00fdch hydraulick\u00fdch valcov, zaviazan\u00fdm k excelentnosti v kvalite a inovat\u00edvnych v\u00fdrobn\u00fdch strat\u00e9gi\u00e1ch. V\u010faka \u0161irokej \u0161k\u00e1le produktov sme sa etablovali ako jeden z popredn\u00fdch v\u00fdrobcov a dod\u00e1vate\u013eov na dom\u00e1com aj medzin\u00e1rodnom trhu. N\u00e1\u0161 pr\u00edstup kladie d\u00f4raz na prec\u00edzne riadenie v\u00fdroby a integr\u00e1ciu pokro\u010dil\u00fdch technol\u00f3gi\u00ed, \u010d\u00edm zabezpe\u010dujeme, \u017ee sp\u013a\u0148ame rozmanit\u00e9 potreby na\u0161ich z\u00e1kazn\u00edkov s vysokou efektivitou a kvalitou. Na\u0161e v\u00fdrobn\u00e9 zariadenia s\u00fa vybaven\u00e9 najmodernej\u0161\u00edm vybaven\u00edm a \u0161pecializovan\u00fdm t\u00edmom kvalifikovan\u00fdch odborn\u00edkov, \u010do n\u00e1m umo\u017e\u0148uje neust\u00e1le zlep\u0161ova\u0165 na\u0161e v\u00fdrobn\u00e9 kapacity.<\/p>\n<p><img decoding=\"async\" src=\"https:\/\/www.hydraulic-cylinders.net\/wp-content\/uploads\/2025\/04\/songte-company-4.webp\" alt=\"Preh\u013ead spolo\u010dnosti\" \/><br \/>\n<img decoding=\"async\" src=\"https:\/\/www.hydraulic-cylinders.net\/wp-content\/uploads\/2025\/04\/songte-company-3.webp\" alt=\"Excelentnos\u0165 vo v\u00fdrobe\" \/><\/p>\n<p>Autor: lyl<\/p>","protected":false},"excerpt":{"rendered":"<p>Boom Cylinder For Sinomach ZG3365LC-9C Product Overview The Boom Cylinder for Sinomach ZG3365LC-9C is an essential hydraulic component designed to control the movement of the boom in heavy machinery such as excavators, backhoe loaders, and front-end loaders. This hydraulic cylinder allows the boom to lift, lower, and tilt, facilitating efficient material handling tasks. The boom [&hellip;]<\/p>","protected":false},"featured_media":17873,"comment_status":"open","ping_status":"closed","template":"","meta":{"_et_pb_use_builder":"","_et_pb_old_content":"","_et_gb_content_width":""},"product_brand":[],"product_cat":[1546],"product_tag":[1547,1496],"class_list":{"0":"post-19700","1":"product","2":"type-product","3":"status-publish","4":"has-post-thumbnail","6":"product_cat-boom-cylinders","7":"product_tag-boom-cylinders","8":"product_tag-hydraulic-cylinders","10":"first","11":"instock","12":"shipping-taxable","13":"product-type-simple"},"amp_enabled":true,"_links":{"self":[{"href":"https:\/\/www.hydraulic-cylinders.net\/sk\/wp-json\/wp\/v2\/product\/19700","targetHints":{"allow":["GET"]}}],"collection":[{"href":"https:\/\/www.hydraulic-cylinders.net\/sk\/wp-json\/wp\/v2\/product"}],"about":[{"href":"https:\/\/www.hydraulic-cylinders.net\/sk\/wp-json\/wp\/v2\/types\/product"}],"replies":[{"embeddable":true,"href":"https:\/\/www.hydraulic-cylinders.net\/sk\/wp-json\/wp\/v2\/comments?post=19700"}],"wp:featuredmedia":[{"embeddable":true,"href":"https:\/\/www.hydraulic-cylinders.net\/sk\/wp-json\/wp\/v2\/media\/17873"}],"wp:attachment":[{"href":"https:\/\/www.hydraulic-cylinders.net\/sk\/wp-json\/wp\/v2\/media?parent=19700"}],"wp:term":[{"taxonomy":"product_brand","embeddable":true,"href":"https:\/\/www.hydraulic-cylinders.net\/sk\/wp-json\/wp\/v2\/product_brand?post=19700"},{"taxonomy":"product_cat","embeddable":true,"href":"https:\/\/www.hydraulic-cylinders.net\/sk\/wp-json\/wp\/v2\/product_cat?post=19700"},{"taxonomy":"product_tag","embeddable":true,"href":"https:\/\/www.hydraulic-cylinders.net\/sk\/wp-json\/wp\/v2\/product_tag?post=19700"}],"curies":[{"name":"pracovn\u00fd list","href":"https:\/\/api.w.org\/{rel}","templated":true}]}}