{"id":19701,"date":"2025-04-07T07:02:33","date_gmt":"2025-04-07T07:02:33","guid":{"rendered":"https:\/\/www.hydraulic-cylinders.net\/product\/boom-cylinder-for-sinomach-zg3335lc-9c\/"},"modified":"2025-04-07T07:02:36","modified_gmt":"2025-04-07T07:02:36","slug":"boom-cylinder-for-sinomach-zg3335lc-9c","status":"publish","type":"product","link":"https:\/\/www.hydraulic-cylinders.net\/sk\/produkt\/boom-cylinder-for-sinomach-zg3335lc-9c\/","title":{"rendered":"Valec v\u00fdlo\u017en\u00edka pre Sinomach ZG3335LC-9C"},"content":{"rendered":"<h1>Valec v\u00fdlo\u017en\u00edka pre Sinomach ZG3335LC-9C<\/h1>\n<h2>Preh\u013ead produktu<\/h2>\n<p>Hydraulick\u00fd valec v\u00fdlo\u017en\u00edka pre Sinomach ZG3335LC-9C je k\u013e\u00fa\u010dovou s\u00fa\u010das\u0165ou hydraulick\u00fdch syst\u00e9mov, \u0161peci\u00e1lne navrhnut\u00fdch na ovl\u00e1danie pohybu ly\u017e\u00edc v \u0165a\u017ek\u00fdch strojoch, ako s\u00fa bagre, r\u00fdpadlo-naklada\u010de a \u010deln\u00e9 naklada\u010de. Tento hydraulick\u00fd valec umo\u017e\u0148uje zdv\u00edhanie, sp\u00fa\u0161\u0165anie a nakl\u00e1\u0148anie ly\u017eice, \u010do u\u013eah\u010duje efekt\u00edvnu manipul\u00e1ciu s materi\u00e1lom. Valec ly\u017eice je typ hydraulick\u00e9ho valca, ktor\u00fd pracuje na princ\u00edpe hydraulickej kvapaliny na generovanie sily, \u010do umo\u017e\u0148uje presn\u00e9 ovl\u00e1danie pohybov potrebn\u00fdch v r\u00f4znych aplik\u00e1ci\u00e1ch. Tieto valce s\u00fa nevyhnutn\u00e9 pre oper\u00e1cie v stavebn\u00edctve, po\u013enohospod\u00e1rstve a in\u00fdch odvetviach, kde je potrebn\u00e9 zdv\u00edhanie a pohyb \u0165a\u017ek\u00fdch bremien.<\/p>\n<p><img decoding=\"async\" src=\"https:\/\/www.hydraulic-cylinders.net\/wp-content\/uploads\/2025\/04\/songte-company-1.webp\" alt=\"Obr\u00e1zok valca v\u00fdlo\u017en\u00edka\"><\/p>\n<h2>Vlastnosti valca v\u00fdlo\u017en\u00edka<\/h2>\n<ul>\n<li><strong>Vysok\u00e1 pevnos\u0165 a odolnos\u0165:<\/strong> Tieto valce, ktor\u00e9 s\u00fa typicky vyroben\u00e9 z vysokopevnostnej ocele alebo hlin\u00edka, odol\u00e1vaj\u00fa vysok\u00e9mu tlaku a \u0165a\u017ek\u00e9mu za\u0165a\u017eeniu, v\u010faka \u010domu s\u00fa vhodn\u00e9 do n\u00e1ro\u010dn\u00fdch pracovn\u00fdch prostred\u00ed.<\/li>\n<li><strong>Efekt\u00edvna hydraulick\u00e1 prev\u00e1dzka:<\/strong> Pou\u017eitie hydraulick\u00e9ho olejov\u00e9ho tlaku umo\u017e\u0148uje plynul\u00e9 a r\u00fdchle vys\u00favanie a zas\u00favanie, \u010d\u00edm poskytuje siln\u00e9 tla\u010dn\u00e9 a \u0165ahov\u00e9 sily ide\u00e1lne na manipul\u00e1ciu s \u0165a\u017ek\u00fdmi predmetmi a zlo\u017eit\u00e9 \u00falohy.<\/li>\n<li><strong>R\u00f4zne typy:<\/strong> K dispoz\u00edcii v jedno\u010dinnej (hydraulick\u00fd \u00fa\u010dinok v jednom smere) alebo dvoj\u010dinnej (hydraulick\u00fd \u00fa\u010dinok v oboch smeroch) konfigur\u00e1cii, \u010do umo\u017e\u0148uje prisp\u00f4sobenie na z\u00e1klade prev\u00e1dzkov\u00fdch potrieb.<\/li>\n<li><strong>Kompaktn\u00fd dizajn:<\/strong> Niektor\u00e9 modely maj\u00fa teleskopick\u00e9 kon\u0161trukcie, ktor\u00e9 umo\u017e\u0148uj\u00fa v\u00e4\u010d\u0161ie vysunutie bez zv\u00e4\u010d\u0161enia vonkaj\u0161\u00edch rozmerov, v\u010faka \u010domu s\u00fa vhodn\u00e9 pre aplik\u00e1cie s obmedzen\u00fdm priestorom.<\/li>\n<li><strong>Robustn\u00e9 tesniace mechanizmy:<\/strong> Pokro\u010dil\u00e9 tesniace rie\u0161enia zais\u0165uj\u00fa spo\u013eahlivos\u0165 a dlh\u00fa \u017eivotnos\u0165, zni\u017euj\u00fa riziko \u00faniku hydraulickej kvapaliny a udr\u017eiavaj\u00fa optim\u00e1lny v\u00fdkon.<\/li>\n<\/ul>\n<p>Tento produkt vyr\u00e1bame my a na\u0161a ponuka dok\u00e1\u017ee dokonale nahradi\u0165 existuj\u00face hydraulick\u00e9 valce.<\/p>\n<p><img decoding=\"async\" src=\"https:\/\/www.hydraulic-cylinders.net\/wp-content\/uploads\/2025\/04\/songte-cylinder-head-with-all-kinds-excavator-models.webp\" alt=\"Obr\u00e1zok hlavy valcov\"><\/p>\n<h2>Aplik\u00e1cie valca v\u00fdlo\u017en\u00edka<\/h2>\n<h3>Stavebn\u00e9 stroje<\/h3>\n<p>V r\u00fdpadl\u00e1ch s\u00fa valce v\u00fdlo\u017en\u00edka nevyhnutn\u00e9 na kopanie, nakladanie a premiest\u0148ovanie zeminy alebo sutiny. Poskytuj\u00fa potrebn\u00fa silu, aby umo\u017enili ly\u017eici prenikn\u00fa\u0165 do zeme, v\u010faka \u010domu s\u00fa nevyhnutn\u00e9 pre v\u00fdkopov\u00e9 pr\u00e1ce. Ich schopnos\u0165 zdv\u00edha\u0165 a nakl\u00e1\u0148a\u0165 umo\u017e\u0148uje efekt\u00edvne nakladanie materi\u00e1lov na n\u00e1kladn\u00e9 aut\u00e1 alebo in\u00e9 stroje, \u010d\u00edm sa zvy\u0161uje produktivita na stavenisk\u00e1ch.<\/p>\n<h3>Po\u013enohospod\u00e1rske stroje<\/h3>\n<p>\u010celn\u00e9 naklada\u010de vyu\u017e\u00edvaj\u00fa valce v\u00fdlo\u017en\u00edka na naberanie, zdv\u00edhanie a prepravu p\u00f4dy, sena a in\u00fdch materi\u00e1lov. Zohr\u00e1vaj\u00fa k\u013e\u00fa\u010dov\u00fa \u00falohu pri \u00faloh\u00e1ch, ako je nakladanie po\u013enohospod\u00e1rskych produktov, premiest\u0148ovanie odpadu a manipul\u00e1cia s materi\u00e1lmi po\u010das po\u013enohospod\u00e1rskych oper\u00e1ci\u00ed, \u010d\u00edm prispievaj\u00fa k celkovej efekt\u00edvnosti po\u013enohospod\u00e1rskych procesov.<\/p>\n<h3>R\u00fdpadl\u00e1<\/h3>\n<p>V r\u00fdpadl\u00e1ch umo\u017e\u0148uje valec v\u00fdlo\u017en\u00edka prenikn\u00fa\u0165 do p\u00f4dy, \u010do u\u013eah\u010duje efekt\u00edvne kopanie. Presn\u00e9 ovl\u00e1danie, ktor\u00e9 tieto valce pon\u00fakaj\u00fa, je nevyhnutn\u00e9 pre riadenie h\u013abky a zabezpe\u010denie minim\u00e1lneho naru\u0161enia okolit\u00e9ho priestoru, v\u010faka \u010domu s\u00fa nevyhnutn\u00e9 pri v\u00fdkopov\u00fdch projektoch.<\/p>\n<h3>Naklada\u010de<\/h3>\n<p>V \u010deln\u00fdch naklada\u010doch pom\u00e1haj\u00fa valce v\u00fdlo\u017en\u00edka efekt\u00edvne zdv\u00edha\u0165 a vyklada\u0165 bremena. Poskytuj\u00fa potrebn\u00fa silu na zdv\u00edhanie \u0165a\u017ek\u00fdch materi\u00e1lov, \u010d\u00edm zabezpe\u010duj\u00fa plynul\u00e9 a bezpe\u010dn\u00e9 vykon\u00e1vanie oper\u00e1ci\u00ed, \u010do je k\u013e\u00fa\u010dov\u00e9 v stavebn\u00edctve aj po\u013enohospod\u00e1rstve.<\/p>\n<h2>\u00davahy o dizajne a krit\u00e9ri\u00e1 v\u00fdberu<\/h2>\n<h3>Nosnos\u0165<\/h3>\n<p>Nosnos\u0165 valca v\u00fdlo\u017en\u00edka je jedn\u00fdm z hlavn\u00fdch faktorov, ktor\u00e9 treba zv\u00e1\u017ei\u0165 po\u010das f\u00e1zy jeho n\u00e1vrhu. Mus\u00ed by\u0165 schopn\u00fd zvl\u00e1dnu\u0165 predpokladan\u00e9 hmotnosti bez ohrozenia \u0161truktur\u00e1lnej integrity. In\u017einieri pou\u017e\u00edvaj\u00fa podrobn\u00e9 v\u00fdpo\u010dty, aby zabezpe\u010dili, \u017ee valec dok\u00e1\u017ee bezpe\u010dne zdv\u00edha\u0165 a sp\u00fa\u0161\u0165a\u0165 bremen\u00e1, pri\u010dom zoh\u013ead\u0148uj\u00fa faktory, ako je pevnos\u0165 materi\u00e1lu a limity hydraulick\u00e9ho tlaku.<\/p>\n<h3>Integrita tesnenia<\/h3>\n<p>Tesnenie je k\u013e\u00fa\u010dov\u00e9 pre udr\u017eanie v\u00fdkonu hydraulick\u00e9ho valca. Vysokokvalitn\u00e9 tesnenia zabra\u0148uj\u00fa \u00faniku hydraulickej kvapaliny, \u010do m\u00f4\u017ee vies\u0165 k strate tlaku a poruche syst\u00e9mu. Kon\u0161trukcie \u010dasto zah\u0155\u0148aj\u00fa viacero tesniacich syst\u00e9mov s vyu\u017eit\u00edm materi\u00e1lov ako polyuret\u00e1n a nitrilov\u00fd kau\u010duk, ktor\u00e9 s\u00fa odoln\u00e9 vo\u010di opotrebovaniu a podmienkam prostredia. Tesniace povrchy musia by\u0165 jemne opracovan\u00e9, aby sa zv\u00fd\u0161ila odolnos\u0165 a zachovala funk\u010dnos\u0165 pri r\u00f4znych tlakoch.<\/p>\n<h3>Trvanlivos\u0165 a dlh\u00e1 \u017eivotnos\u0165<\/h3>\n<p>Trvanlivos\u0165 je k\u013e\u00fa\u010dov\u00fdm faktorom pri kon\u0161trukcii valcov ramena, preto\u017ee s\u00fa vystaven\u00e9 extr\u00e9mnym podmienkam. V\u00fdber materi\u00e1lov a v\u00fdrobn\u00fdch procesov priamo ovplyv\u0148uje \u017eivotnos\u0165 valca. Povrchov\u00e9 \u00fapravy a n\u00e1tery je mo\u017en\u00e9 pou\u017ei\u0165 aj na zv\u00fd\u0161enie odolnosti vo\u010di opotrebovaniu, kor\u00f3zii a n\u00e1razom, \u010d\u00edm sa zabezpe\u010d\u00ed, \u017ee produkt zostane funk\u010dn\u00fd po dlh\u00fa dobu.<\/p>\n<h3>Bezpe\u010dnostn\u00e9 prvky<\/h3>\n<p>Bezpe\u010dnos\u0165 je v hydraulick\u00fdch syst\u00e9moch prvorad\u00e1. Valce v\u00fdlo\u017en\u00edka musia by\u0165 navrhnut\u00e9 s bezpe\u010dnostn\u00fdmi zariadeniami, aby sa predi\u0161lo nehod\u00e1m, ako s\u00fa napr\u00edklad mechanizmy ochrany proti pre\u0165a\u017eeniu, ktor\u00e9 obmedzuj\u00fa zdv\u00edhacie kapacity na bezpe\u010dn\u00fa \u00farove\u0148. Pravideln\u00e9 testovanie a dodr\u017eiavanie bezpe\u010dnostn\u00fdch predpisov po\u010das v\u00fdroby zabezpe\u010duj\u00fa, \u017ee v\u00fdrobok sp\u013a\u0148a priemyseln\u00e9 normy pre bezpe\u010dn\u00fa prev\u00e1dzku.<\/p>\n<h3>Pr\u00edstup k \u00fadr\u017ebe<\/h3>\n<p>Kon\u0161trukcie by mali umo\u017e\u0148ova\u0165 jednoduch\u00fa \u00fadr\u017ebu, preto\u017ee pravideln\u00fd servis je nevyhnutn\u00fd na zabezpe\u010denie optim\u00e1lneho v\u00fdkonu. Funkcie, ako s\u00fa pr\u00edstupn\u00e9 maznice a kontroln\u00e9 otvory, umo\u017e\u0148uj\u00fa pravideln\u00e9 kontroly a mazanie, \u010do m\u00f4\u017ee v\u00fdrazne pred\u013a\u017ei\u0165 \u017eivotnos\u0165 hydraulick\u00e9ho valca a zabr\u00e1ni\u0165 n\u00e1kladn\u00fdm oprav\u00e1m.<\/p>\n<p><img decoding=\"async\" src=\"https:\/\/www.hydraulic-cylinders.net\/wp-content\/uploads\/2025\/04\/songte-oil-pipes-and-spare-parts.webp\" alt=\"Obr\u00e1zok olejov\u00fdch potrub\u00ed a n\u00e1hradn\u00fdch dielov\"><\/p>\n<h2>Tesnenie a mazanie<\/h2>\n<p>\u00da\u010dinn\u00e9 tesnenie a mazanie s\u00fa k\u013e\u00fa\u010dov\u00e9 pre v\u00fdkon a dlh\u00fa \u017eivotnos\u0165 valca v\u00fdlo\u017en\u00edka. Na zabr\u00e1nenie \u00faniku hydraulickej kvapaliny a udr\u017eanie tlaku sa pou\u017e\u00edvaj\u00fa r\u00f4zne tesnenia vr\u00e1tane tesnen\u00ed piestov a tesnen\u00ed ty\u010d\u00ed. V\u00fdber odoln\u00fdch materi\u00e1lov, ako je polyuret\u00e1n a nitrilov\u00e1 guma, zais\u0165uje odolnos\u0165 vo\u010di opotrebovaniu a zhor\u0161ovaniu kvality \u017eivotn\u00e9ho prostredia.<\/p>\n<p>Teleso valca a z\u00e1vitov\u00e9 konce vy\u017eaduj\u00fa jemn\u00e9 opracovanie, aby sa zv\u00fd\u0161ila odolnos\u0165 proti opotrebovaniu, \u010do umo\u017e\u0148uje valcu zvl\u00e1da\u0165 vysok\u00e9 tlaky a n\u00e1ro\u010dn\u00e9 podmienky. Pravideln\u00e9 mazanie hydraulick\u00fdm olejom je nevyhnutn\u00e9, preto\u017ee zni\u017euje trenie medzi pohybliv\u00fdmi \u010das\u0165ami a minimalizuje opotrebenie, \u010d\u00edm sa predl\u017euje \u017eivotnos\u0165 valca.<\/p>\n<h2>Opatrenia prevent\u00edvnej \u00fadr\u017eby<\/h2>\n<ul>\n<li><strong>Pravideln\u00e9 kontroly:<\/strong> Napl\u00e1nujte si systematick\u00e9 kontroly, aby ste identifikovali opotrebenie sk\u00f4r, ako povedie k poruch\u00e1m. Skontrolujte tesnenia a spoje, \u010di netesnia a nejavia zn\u00e1mky po\u0161kodenia.<\/li>\n<li><strong>Spr\u00e1vne mazanie:<\/strong> Udr\u017eiavajte primeran\u00fa hladinu hydraulick\u00e9ho oleja a zabezpe\u010dte pravideln\u00fa \u00fadr\u017ebu mazac\u00edch miest, aby ste predi\u0161li chodu nasucho.<\/li>\n<li><strong>V\u00fdmena tesnenia:<\/strong> Monitorujte stav tesnen\u00ed a pod\u013ea potreby ich vyme\u0148te, aby sa zachovalo \u00fa\u010dinn\u00e9 tesnenie a zabr\u00e1nilo sa \u00faniku kvapaliny.<\/li>\n<\/ul>\n<h2>Pokyny na in\u0161tal\u00e1ciu<\/h2>\n<p>Spr\u00e1vna in\u0161tal\u00e1cia valca v\u00fdlo\u017en\u00edka je k\u013e\u00fa\u010dov\u00e1 pre jeho funk\u010dnos\u0165. Za\u010dnite t\u00fdm, \u017ee sa uist\u00edte, \u017ee pracovn\u00fd priestor je \u010dist\u00fd a bez ne\u010dist\u00f4t. Valec starostlivo zarovnajte s mont\u00e1\u017enymi bodmi na stroji a upevnite ho pomocou vhodn\u00fdch mont\u00e1\u017enych konzol. Uistite sa, \u017ee hydraulick\u00e9 potrubia s\u00fa spr\u00e1vne pripojen\u00e9, aby sa predi\u0161lo \u00fanikom a strate tlaku.<\/p>\n<p>Pred dokon\u010den\u00edm in\u0161tal\u00e1cie skontrolujte zarovnanie valca, aby ste predi\u0161li nadmern\u00e9mu nam\u00e1haniu komponentov. Po in\u0161tal\u00e1cii d\u00f4kladne skontrolujte pr\u00edpadn\u00e9 netesnosti a otestujte hydraulick\u00fd syst\u00e9m, aby ste zabezpe\u010dili jeho plynul\u00fd chod. Pre zaistenie bezpe\u010dn\u00fdch spojen\u00ed dodr\u017eiavajte pokyny v\u00fdrobcu t\u00fdkaj\u00face sa nastavenia kr\u00fatiaceho momentu na skrutk\u00e1ch a spojovac\u00edch prvkoch.<\/p>\n<h2>Be\u017en\u00e9 \u00falohy \u00fadr\u017eby<\/h2>\n<h3>Pravideln\u00e9 prehliadky<\/h3>\n<p>Pravideln\u00e9 kontroly s\u00fa nevyhnutn\u00e9 na v\u010dasn\u00e9 odhalenie potenci\u00e1lnych probl\u00e9mov. Po\u010das prev\u00e1dzky h\u013eadajte zn\u00e1mky opotrebovania, netesnosti a ak\u00e9ko\u013evek nezvy\u010dajn\u00e9 zvuky. Pravideln\u00e9 kontroly zabezpe\u010duj\u00fa, \u017ee valec funguje efekt\u00edvne a m\u00f4\u017eu predch\u00e1dza\u0165 neo\u010dak\u00e1van\u00fdm poruch\u00e1m.<\/p>\n<h3>Vhodn\u00e9 mazanie<\/h3>\n<p>Udr\u017eiavanie spr\u00e1vnej hladiny mazania je nevyhnutn\u00e9 pre minimaliz\u00e1ciu trenia a opotrebenia. Zabezpe\u010dte dop\u013a\u0148anie hydraulick\u00e9ho oleja a \u00fadr\u017ebu mazac\u00edch bodov pod\u013ea odpor\u00fa\u010dan\u00ed v\u00fdrobcu. To nielen zvy\u0161uje v\u00fdkon, ale aj predl\u017euje \u017eivotnos\u0165 valca.<\/p>\n<h3>V\u00fdmena tesnenia a kontroly kalibr\u00e1cie<\/h3>\n<p>Tesnenia by sa mali vymie\u0148a\u0165 v intervaloch pod\u013ea prev\u00e1dzkov\u00fdch podmienok, aby sa predi\u0161lo \u00fanikom. Kalibra\u010dn\u00e9 kontroly hydraulick\u00e9ho syst\u00e9mu s\u00fa nevyhnutn\u00e9 na zabezpe\u010denie toho, aby valec fungoval v r\u00e1mci stanoven\u00fdch limitov. Ak sa tieto aspekty nerie\u0161ia, m\u00f4\u017ee to vies\u0165 k zn\u00ed\u017eeniu \u00fa\u010dinnosti a zv\u00fd\u0161en\u00e9mu riziku poruchy.<\/p>\n<p><img decoding=\"async\" src=\"https:\/\/www.hydraulic-cylinders.net\/wp-content\/uploads\/2025\/04\/songte-chushion-collar.webp\" alt=\"Obr\u00e1zok vank\u00fa\u0161ov\u00e9ho goliera\"><\/p>\n<h2>Bezpe\u010dnostn\u00e9 aspekty a faktory prostredia<\/h2>\n<p>Zavedenie bezpe\u010dnostn\u00fdch opatren\u00ed pri pou\u017e\u00edvan\u00ed hydraulick\u00fdch valcov je nevyhnutn\u00e9 na predch\u00e1dzanie nehod\u00e1m. Obsluha by mala by\u0165 vy\u0161kolen\u00e1 v rozpoznan\u00ed potenci\u00e1lnych nebezpe\u010denstiev spojen\u00fdch s hydraulick\u00fdmi syst\u00e9mami, ako s\u00fa n\u00e1hle v\u00fdkyvy tlaku alebo poruchy komponentov. Pou\u017e\u00edvanie vhodn\u00fdch ochrann\u00fdch prostriedkov a dodr\u017eiavanie bezpe\u010dnostn\u00fdch pokynov m\u00f4\u017ee v\u00fdrazne zn\u00ed\u017ei\u0165 rizik\u00e1.<\/p>\n<h2>Rie\u0161enie probl\u00e9mov a be\u017en\u00e9 probl\u00e9my<\/h2>\n<ul>\n<li><strong>\u00danik:<\/strong> Sledujte \u00faniky hydraulickej kvapaliny, ktor\u00e9 m\u00f4\u017eu nazna\u010dova\u0165 opotrebovan\u00e9 tesnenia alebo po\u0161koden\u00e9 komponenty. Na udr\u017eanie tlaku v syst\u00e9me je nevyhnutn\u00e9 v\u010dasn\u00e9 odstr\u00e1nenie \u00fanikov.<\/li>\n<li><strong>Strata energie:<\/strong> Nedostato\u010dn\u00e1 zdv\u00edhacia sila m\u00f4\u017ee nazna\u010dova\u0165 probl\u00e9my s hladinou hydraulickej kvapaliny alebo po\u0161koden\u00edm vn\u00fatorn\u00e9ho valca. Skontrolujte hladiny kvapal\u00edn a skontrolujte pr\u00edpadn\u00e9 vn\u00fatorn\u00e9 netesnosti.<\/li>\n<li><strong>Nerovnomern\u00fd pohyb:<\/strong> Ak valec pracuje nerovnomerne, m\u00f4\u017ee to by\u0165 znakom vzduchu v hydraulickej kvapaline alebo nespr\u00e1vneho zarovnania. Odvzdu\u0161nite syst\u00e9m a zabezpe\u010dte spr\u00e1vne zarovnanie.<\/li>\n<\/ul>\n<h2>Tipy na rie\u0161enie probl\u00e9mov a prevent\u00edvne opatrenia<\/h2>\n<p>Aby mohli oper\u00e1tori efekt\u00edvne diagnostikova\u0165 a rie\u0161i\u0165 probl\u00e9my, mali by vies\u0165 komplexn\u00e9 z\u00e1znamy o v\u00fdkone valcov. Pravideln\u00e9 kontroly \u00fadr\u017eby vr\u00e1tane hladiny kvapal\u00edn a integrity tesnen\u00ed m\u00f4\u017eu pom\u00f4c\u0165 predch\u00e1dza\u0165 probl\u00e9mom sk\u00f4r, ako sa vyhrotia. Vyu\u017e\u00edvanie be\u017en\u00fdch prevent\u00edvnych opatren\u00ed, ako je udr\u017eiavanie \u010distoty hydraulick\u00e9ho syst\u00e9mu a predch\u00e1dzanie pre\u0165a\u017eeniu, minimalizuje riziko poruchy.<\/p>\n<p><img decoding=\"async\" src=\"https:\/\/www.hydraulic-cylinders.net\/wp-content\/uploads\/2025\/04\/songte-bushings-with-all-kinds-of-excavator-models.webp\" alt=\"Obr\u00e1zok puzdier\"><\/p>\n<h2>Preh\u013ead spolo\u010dnosti<\/h2>\n<p>Sme popredn\u00fdm v\u00fdrobcom a ve\u013ekoobchodn\u00fdm distrib\u00fatorom n\u00e1hradn\u00fdch hydraulick\u00fdch valcov s komplexn\u00fdm sortimentom produktov, v\u010faka ktor\u00e9mu sme k\u013e\u00fa\u010dov\u00fdm hr\u00e1\u010dom na dom\u00e1com aj medzin\u00e1rodnom trhu. N\u00e1\u0161 z\u00e1v\u00e4zok k excelentnosti v kvalite je podporen\u00fd prepracovanou strat\u00e9giou riadenia v\u00fdroby, ktor\u00e1 kladie d\u00f4raz na presn\u00fa v\u00fdrobu.<\/p>\n<p>N\u00e1\u0161 t\u00edm kvalifikovan\u00fdch odborn\u00edkov vyu\u017e\u00edva \u0161pi\u010dkov\u00e9 digit\u00e1lne v\u00fdrobn\u00e9 zariadenia a \u0161pecializovan\u00e9 testovacie syst\u00e9my na zlep\u0161enie na\u0161ich v\u00fdrobn\u00fdch kapac\u00edt a zabezpe\u010denie efekt\u00edvneho plnenia rozmanit\u00fdch po\u017eiadaviek z\u00e1kazn\u00edkov. So zameran\u00edm na vysok\u00fa efektivitu, presnos\u0165 a kvalitu sa neust\u00e1le sna\u017e\u00edme zlep\u0161ova\u0165 na\u0161e v\u00fdrobn\u00e9 procesy a ponuku produktov.<\/p>\n<p>Poskytujeme tie\u017e slu\u017eby a rie\u0161enia na mieru, \u010d\u00edm zabezpe\u010dujeme, \u017ee dok\u00e1\u017eeme uspokoji\u0165 \u0161pecifick\u00e9 potreby klientov. Na\u0161e medzin\u00e1rodn\u00e9 certifik\u00e1cie potvrdzuj\u00fa n\u00e1\u0161 z\u00e1v\u00e4zok dodr\u017eiava\u0165 vysok\u00e9 \u0161tandardy v oblasti bezpe\u010dnosti a kvality, v\u010faka \u010domu sme d\u00f4veryhodn\u00fdm partnerom pre podniky v r\u00f4znych odvetviach.<\/p>\n<p><img decoding=\"async\" src=\"https:\/\/www.hydraulic-cylinders.net\/wp-content\/uploads\/2025\/04\/songte-company-4.webp\" alt=\"Obr\u00e1zok spolo\u010dnosti\" \/><br \/>\n<img decoding=\"async\" src=\"https:\/\/www.hydraulic-cylinders.net\/wp-content\/uploads\/2025\/04\/songte-company-3.webp\" alt=\"Obr\u00e1zok spolo\u010dnosti\" \/><\/p>\n<p>Autor: lyl<\/p>","protected":false},"excerpt":{"rendered":"<p>Boom Cylinder For Sinomach ZG3335LC-9C Product Overview The Boom Cylinder for Sinomach ZG3335LC-9C is a crucial component in hydraulic systems, specifically designed to control the movement of buckets in heavy machinery such as excavators, backhoe loaders, and front-end loaders. This hydraulic cylinder enables the bucket to lift, lower, and tilt, facilitating efficient material handling tasks. [&hellip;]<\/p>","protected":false},"featured_media":17874,"comment_status":"open","ping_status":"closed","template":"","meta":{"_et_pb_use_builder":"","_et_pb_old_content":"","_et_gb_content_width":""},"product_brand":[],"product_cat":[1546],"product_tag":[1547,1496],"class_list":{"0":"post-19701","1":"product","2":"type-product","3":"status-publish","4":"has-post-thumbnail","6":"product_cat-boom-cylinders","7":"product_tag-boom-cylinders","8":"product_tag-hydraulic-cylinders","10":"first","11":"instock","12":"shipping-taxable","13":"product-type-simple"},"amp_enabled":true,"_links":{"self":[{"href":"https:\/\/www.hydraulic-cylinders.net\/sk\/wp-json\/wp\/v2\/product\/19701","targetHints":{"allow":["GET"]}}],"collection":[{"href":"https:\/\/www.hydraulic-cylinders.net\/sk\/wp-json\/wp\/v2\/product"}],"about":[{"href":"https:\/\/www.hydraulic-cylinders.net\/sk\/wp-json\/wp\/v2\/types\/product"}],"replies":[{"embeddable":true,"href":"https:\/\/www.hydraulic-cylinders.net\/sk\/wp-json\/wp\/v2\/comments?post=19701"}],"wp:featuredmedia":[{"embeddable":true,"href":"https:\/\/www.hydraulic-cylinders.net\/sk\/wp-json\/wp\/v2\/media\/17874"}],"wp:attachment":[{"href":"https:\/\/www.hydraulic-cylinders.net\/sk\/wp-json\/wp\/v2\/media?parent=19701"}],"wp:term":[{"taxonomy":"product_brand","embeddable":true,"href":"https:\/\/www.hydraulic-cylinders.net\/sk\/wp-json\/wp\/v2\/product_brand?post=19701"},{"taxonomy":"product_cat","embeddable":true,"href":"https:\/\/www.hydraulic-cylinders.net\/sk\/wp-json\/wp\/v2\/product_cat?post=19701"},{"taxonomy":"product_tag","embeddable":true,"href":"https:\/\/www.hydraulic-cylinders.net\/sk\/wp-json\/wp\/v2\/product_tag?post=19701"}],"curies":[{"name":"pracovn\u00fd list","href":"https:\/\/api.w.org\/{rel}","templated":true}]}}