{"id":19702,"date":"2025-04-07T07:02:36","date_gmt":"2025-04-07T07:02:36","guid":{"rendered":"https:\/\/www.hydraulic-cylinders.net\/product\/boom-cylinder-for-sinomach-zg3225c-9c\/"},"modified":"2025-04-07T07:02:39","modified_gmt":"2025-04-07T07:02:39","slug":"boom-cylinder-for-sinomach-zg3225c-9c","status":"publish","type":"product","link":"https:\/\/www.hydraulic-cylinders.net\/sk\/produkt\/boom-cylinder-for-sinomach-zg3225c-9c\/","title":{"rendered":"Valec v\u00fdlo\u017en\u00edka pre Sinomach ZG3225C-9C"},"content":{"rendered":"<h1>Valec v\u00fdlo\u017en\u00edka pre Sinomach ZG3225C-9C<\/h1>\n<h2>Preh\u013ead valca ramena<\/h2>\n<p>Hydraulick\u00fd valec v\u00fdlo\u017en\u00edka je k\u013e\u00fa\u010dovou s\u00fa\u010das\u0165ou hydraulick\u00fdch syst\u00e9mov, \u0161peci\u00e1lne navrhnut\u00fdch na ovl\u00e1danie pohybu ly\u017e\u00edc v \u0165a\u017ek\u00fdch strojoch, ako s\u00fa bagre, r\u00fdpadlo-naklada\u010de a \u010deln\u00e9 naklada\u010de. Tento hydraulick\u00fd valec umo\u017e\u0148uje zdv\u00edhanie, sp\u00fa\u0161\u0165anie a nakl\u00e1\u0148anie ly\u017eice, \u010do u\u013eah\u010duje efekt\u00edvnu manipul\u00e1ciu s materi\u00e1lom. Valec ly\u017eice funguje pomocou hydraulickej kvapaliny na vytvorenie sily, ktor\u00e1 pohybuje piestom vo valci, \u010do umo\u017e\u0148uje presn\u00e9 ovl\u00e1danie a prev\u00e1dzku pripojen\u00e9ho zariadenia.<\/p>\n<p><img decoding=\"async\" src=\"https:\/\/www.hydraulic-cylinders.net\/wp-content\/uploads\/2025\/04\/songte-company-1.webp\" alt=\"Obr\u00e1zok valca v\u00fdlo\u017en\u00edka\" \/><\/p>\n<h3>Defin\u00edcia a funkcia<\/h3>\n<p>Hydraulick\u00fd valec lopaty je typ hydraulick\u00e9ho valca ur\u010den\u00e9ho na riadenie pohybov ly\u017e\u00edc v r\u00f4znych stavebn\u00fdch a po\u013enohospod\u00e1rskych strojoch. Zohr\u00e1va d\u00f4le\u017eit\u00fa \u00falohu pri efekt\u00edvnej manipul\u00e1cii s polohou ly\u017eice, \u010do je nevyhnutn\u00e9 pre \u00falohy, ako je kopanie, nakladanie a preprava materi\u00e1lov. Umo\u017enen\u00edm plynul\u00fdch a kontrolovan\u00fdch pohybov zvy\u0161uje valec v\u00fdlo\u017en\u00edka celkov\u00fa produktivitu a efektivitu \u0165a\u017ek\u00fdch oper\u00e1ci\u00ed.<\/p>\n<h2>K\u013e\u00fa\u010dov\u00e9 vlastnosti valca ramena<\/h2>\n<ul>\n<li><strong>Vysok\u00e1 pevnos\u0165 a odolnos\u0165:<\/strong> Tieto valce s\u00fa vyroben\u00e9 z vysokopevnostnej ocele alebo hlin\u00edka, tak\u017ee odol\u00e1vaj\u00fa vysok\u00e9mu tlaku a \u0165a\u017ek\u00e9mu za\u0165a\u017eeniu, v\u010faka \u010domu s\u00fa vhodn\u00e9 do n\u00e1ro\u010dn\u00fdch pracovn\u00fdch prostred\u00ed.<\/li>\n<li><strong>Efekt\u00edvna hydraulick\u00e1 prev\u00e1dzka:<\/strong> Valec vyu\u017e\u00edva tlak hydraulickej kvapaliny pre plynul\u00e9 vys\u00favanie a zas\u00favanie, \u010do umo\u017e\u0148uje r\u00fdchlu reakciu na povely oper\u00e1tora.<\/li>\n<li><strong>R\u00f4zne typy:<\/strong> Valec v\u00fdlo\u017en\u00edka, ktor\u00fd je k dispoz\u00edcii v jedno\u010dinnom a dvoj\u010dinnom variante, je mo\u017en\u00e9 prisp\u00f4sobi\u0165 \u0161pecifick\u00fdm prev\u00e1dzkov\u00fdm po\u017eiadavk\u00e1m.<\/li>\n<li><strong>Priestorovo efekt\u00edvny dizajn:<\/strong> Niektor\u00e9 modely maj\u00fa teleskopick\u00fa kon\u0161trukciu, ktor\u00e1 umo\u017e\u0148uje v\u00e4\u010d\u0161ie vysunutie bez zv\u00e4\u010d\u0161enia vonkaj\u0161\u00edch rozmerov, \u010do je ide\u00e1lne do stiesnen\u00fdch priestorov.<\/li>\n<li><strong>Odolnos\u0165 proti kor\u00f3zii:<\/strong> Navrhnut\u00e9 s d\u00f4razom na odolnos\u0165 vo\u010di opotrebovaniu a ochranu pred kor\u00f3ziou, \u010do zais\u0165uje dlh\u00fa \u017eivotnos\u0165 a spo\u013eahlivos\u0165.<\/li>\n<\/ul>\n<p>Tento produkt dok\u00e1\u017eeme vyrobi\u0165 tak, aby dokonale nahradil existuj\u00face hydraulick\u00e9 valce a z\u00e1rove\u0148 zachoval vysok\u00e9 \u0161tandardy kvality.<\/p>\n<p><img decoding=\"async\" src=\"https:\/\/www.hydraulic-cylinders.net\/wp-content\/uploads\/2025\/04\/songte-cylinder-head-with-all-kinds-excavator-models.webp\" alt=\"Modely bagrov\" \/><\/p>\n<h2>Aplik\u00e1cie valca ramena<\/h2>\n<h3>Stavebn\u00e9 stroje<\/h3>\n<p>V r\u00fdpadl\u00e1ch s\u00fa valce v\u00fdlo\u017en\u00edka nevyhnutn\u00e9 na kopanie, nakladanie a premiest\u0148ovanie zeminy alebo sutiny. Poskytuj\u00fa potrebn\u00fa silu na preniknutie do zeme, v\u010faka \u010domu s\u00fa k\u013e\u00fa\u010dov\u00e9 pre stavebn\u00e9 projekty.<\/p>\n<h3>Po\u013enohospod\u00e1rske stroje<\/h3>\n<p>V \u010deln\u00fdch naklada\u010doch u\u013eah\u010duj\u00fa valce v\u00fdlo\u017en\u00edka zdv\u00edhanie a prepravu p\u00f4dy, sena a in\u00fdch materi\u00e1lov. Ich schopnos\u0165 manipulova\u0165 s r\u00f4znymi n\u00e1kladmi ich rob\u00ed neocenite\u013en\u00fdmi v po\u013enohospod\u00e1rskych oper\u00e1ci\u00e1ch.<\/p>\n<h3>R\u00fdpadl\u00e1<\/h3>\n<p>Tieto valce umo\u017e\u0148uj\u00fa ly\u017eici r\u00fdpadla efekt\u00edvne prenika\u0165 do p\u00f4dy, \u010do umo\u017e\u0148uje efekt\u00edvne kopanie. Ich kon\u0161trukcia podporuje n\u00e1ro\u010dn\u00e9 po\u017eiadavky v\u00fdkopov\u00fdch \u00faloh.<\/p>\n<h3>Naklada\u010de<\/h3>\n<p>V \u010deln\u00fdch naklada\u010doch pom\u00e1haj\u00fa valce v\u00fdlo\u017en\u00edka efekt\u00edvne zdv\u00edha\u0165 a vyklada\u0165 bremena, \u010d\u00edm zvy\u0161uj\u00fa produktivitu a v\u0161estrannos\u0165 stroja pri manipul\u00e1cii s materi\u00e1lom.<\/p>\n<h2>\u00davahy o dizajne a krit\u00e9ri\u00e1 v\u00fdberu<\/h2>\n<h3>Nosnos\u0165<\/h3>\n<p>V\u00fdber valca v\u00fdlo\u017en\u00edka zah\u0155\u0148a pos\u00fadenie jeho nosnosti, aby sa zabezpe\u010dilo, \u017ee sp\u013a\u0148a prev\u00e1dzkov\u00e9 po\u017eiadavky. Valec mus\u00ed odola\u0165 kombinovanej hmotnosti ly\u017eice a prepravovan\u00fdch materi\u00e1lov a z\u00e1rove\u0148 si zachova\u0165 \u0161truktur\u00e1lnu integritu.<\/p>\n<h3>Tesnenie a trvanlivos\u0165<\/h3>\n<p>\u00da\u010dinn\u00e9 tesnenie je nevyhnutn\u00e9 na zabr\u00e1nenie \u00faniku hydraulickej kvapaliny, \u010do m\u00f4\u017ee ovplyvni\u0165 v\u00fdkon. Na zaistenie dlhej \u017eivotnosti a spo\u013eahlivosti, najm\u00e4 vo vysokotlakov\u00fdch aplik\u00e1ci\u00e1ch, je potrebn\u00e9 pou\u017ei\u0165 vysokokvalitn\u00e9 tesnenia.<\/p>\n<h3>Bezpe\u010dnostn\u00e9 prvky<\/h3>\n<p>Bezpe\u010dnos\u0165 je pri obsluhe hydraulick\u00fdch valcov prvorad\u00e1. Funkcie, ako s\u00fa pretlakov\u00e9 ventily a bezpe\u010dnostn\u00e9 z\u00e1mky, pom\u00e1haj\u00fa predch\u00e1dza\u0165 nehod\u00e1m a zabezpe\u010duj\u00fa bezpe\u010dn\u00fa prev\u00e1dzku za r\u00f4znych podmienok.<\/p>\n<h3>\u00dadr\u017eba a pr\u00edstupnos\u0165<\/h3>\n<p>Navrhovanie valca ramena s oh\u013eadom na jednoduch\u00fa \u00fadr\u017ebu zabezpe\u010duje, \u017ee oper\u00e1tori m\u00f4\u017eu vykon\u00e1va\u0165 pravideln\u00e9 kontroly a servis, \u010d\u00edm sa predl\u017euje celkov\u00e1 \u017eivotnos\u0165 valca a zvy\u0161uje jeho spo\u013eahlivos\u0165.<\/p>\n<p><img decoding=\"async\" src=\"https:\/\/www.hydraulic-cylinders.net\/wp-content\/uploads\/2025\/04\/songte-oil-pipes-and-spare-parts.webp\" alt=\"Hydraulick\u00e9 diely\" \/><\/p>\n<h2>Tesnenie a mazanie<\/h2>\n<p>R\u00f4zne tesnenia, ako s\u00fa tesnenia piestov a tesnenia ty\u010d\u00ed, s\u00fa k\u013e\u00fa\u010dov\u00e9 pre udr\u017eanie hydraulickej integrity. Pou\u017eitie materi\u00e1lov odoln\u00fdch vo\u010di opotrebovaniu, ako je polyuret\u00e1n a nitrilov\u00e1 guma, zvy\u0161uje odolnos\u0165 valca. Okrem toho, teleso valca a z\u00e1vitov\u00e9 konce vy\u017eaduj\u00fa jemn\u00fa povrchov\u00fa \u00fapravu na zlep\u0161enie odolnosti vo\u010di opotrebovaniu. Pravideln\u00e9 mazanie hydraulick\u00fdm olejom je nevyhnutn\u00e9 pre optim\u00e1lny v\u00fdkon a dlh\u00fa \u017eivotnos\u0165.<\/p>\n<h2>Pravideln\u00e1 kontrola a prevent\u00edvna \u00fadr\u017eba<\/h2>\n<ul>\n<li><strong>Vizu\u00e1lne kontroly:<\/strong> Pravidelne vizu\u00e1lne kontrolujte tesnenia, \u010di nie s\u00fa netesn\u00e9, prasknut\u00e9 a opotrebovan\u00e9, aby ste v\u010das odhalili potenci\u00e1lne probl\u00e9my.<\/li>\n<li><strong>Kontroly mazania:<\/strong> Zabezpe\u010dte spr\u00e1vne mazanie pohybliv\u00fdch \u010dast\u00ed, aby ste predi\u0161li nadmern\u00e9mu opotrebovaniu.<\/li>\n<li><strong>V\u00fdmena tesnenia:<\/strong> Pravidelne vymie\u0148ajte tesnenia pod\u013ea potreby, aby ste udr\u017eali hydraulick\u00fd tlak a zabr\u00e1nili \u00fanikom.<\/li>\n<\/ul>\n<h2>Pokyny na in\u0161tal\u00e1ciu<\/h2>\n<p>Spr\u00e1vna in\u0161tal\u00e1cia valca v\u00fdlo\u017en\u00edka je nevyhnutn\u00e1 pre optim\u00e1lny v\u00fdkon. Uistite sa, \u017ee valec je spr\u00e1vne zarovnan\u00fd s mont\u00e1\u017enymi konzolami, aby ste predi\u0161li nadmern\u00e9mu nam\u00e1haniu hydraulick\u00e9ho syst\u00e9mu. Na upevnenie valca na mieste pou\u017eite vhodn\u00e9 mont\u00e1\u017ene podpery. Pre bezpe\u010dn\u00fa a efekt\u00edvnu in\u0161tal\u00e1ciu dodr\u017eiavajte pokyny v\u00fdrobcu t\u00fdkaj\u00face sa \u0161pecifik\u00e1ci\u00ed kr\u00fatiaceho momentu a postupov pripojenia.<\/p>\n<h2>Be\u017en\u00e9 \u00falohy \u00fadr\u017eby<\/h2>\n<ul>\n<li><strong>Pravideln\u00e9 kontroly:<\/strong> Vykon\u00e1vanie pravideln\u00fdch kontrol pom\u00e1ha identifikova\u0165 potenci\u00e1lne probl\u00e9my sk\u00f4r, ako sa zhor\u0161ia, \u010d\u00edm sa zabezpe\u010d\u00ed dlh\u00e1 \u017eivotnos\u0165 valca.<\/li>\n<li><strong>Spr\u00e1vne mazanie:<\/strong> Dostato\u010dn\u00e9 mazanie je k\u013e\u00fa\u010dov\u00e9 pre udr\u017eiavanie pohybliv\u00fdch \u010dast\u00ed a prevenciu opotrebovania, \u010d\u00edm sa zlep\u0161uje v\u00fdkon valca.<\/li>\n<li><strong>V\u00fdmena tesnenia:<\/strong> V\u010dasn\u00e1 v\u00fdmena tesnen\u00ed je nevyhnutn\u00e1 na udr\u017eanie hydraulick\u00e9ho tlaku a zabr\u00e1nenie \u00fanikom, \u010d\u00edm sa podporuje efekt\u00edvna prev\u00e1dzka.<\/li>\n<\/ul>\n<h2>Bezpe\u010dnostn\u00e9 aspekty a faktory prostredia<\/h2>\n<p>Zav\u00e1dzanie bezpe\u010dnostn\u00fdch opatren\u00ed po\u010das pou\u017e\u00edvania hydraulick\u00fdch valcov je nevyhnutn\u00e9. Obsluha by mala by\u0165 vy\u0161kolen\u00e1 v rozpozn\u00e1van\u00ed riz\u00edk spojen\u00fdch s hydraulick\u00fdmi syst\u00e9mami a pou\u017e\u00edvan\u00ed vhodn\u00fdch osobn\u00fdch ochrann\u00fdch prostriedkov (OOP). Okrem toho s\u00fa pre udr\u017eanie bezpe\u010dn\u00e9ho pracovn\u00e9ho prostredia nevyhnutn\u00e9 environment\u00e1lne aspekty, ako je spr\u00e1vna likvid\u00e1cia kvapal\u00edn a minimaliz\u00e1cia \u00fanikov.<\/p>\n<h2>Rie\u0161enie probl\u00e9mov a be\u017en\u00e9 probl\u00e9my<\/h2>\n<ul>\n<li><strong>\u00danik:<\/strong> Skontrolujte tesnenia a spoje, \u010di nie s\u00fa opotrebovan\u00e9, a v pr\u00edpade potreby ich vyme\u0148te. Uistite sa, \u017ee spoje s\u00fa utiahnut\u00e9, aby sa predi\u0161lo \u00faniku kvapaliny.<\/li>\n<li><strong>Pomal\u00e1 prev\u00e1dzka:<\/strong> Skontrolujte hladinu a kvalitu hydraulickej kvapaliny. Zne\u010disten\u00e1 alebo n\u00edzka hladina kvapaliny m\u00f4\u017ee sp\u00f4sobi\u0165 pomal\u00fd v\u00fdkon. Pravideln\u00e1 \u00fadr\u017eba hydraulick\u00fdch filtrov je nevyhnutn\u00e1.<\/li>\n<li><strong>Nezvy\u010dajn\u00e9 zvuky:<\/strong> Hluky po\u010das prev\u00e1dzky m\u00f4\u017eu nazna\u010dova\u0165 opotrebovanie alebo po\u0161kodenie. Na identifik\u00e1ciu zdroja je potrebn\u00e1 kontrola valca a okolit\u00fdch komponentov.<\/li>\n<\/ul>\n<p>V\u010dasn\u00e9 rie\u0161enie t\u00fdchto probl\u00e9mov m\u00f4\u017ee zabr\u00e1ni\u0165 \u010fal\u0161\u00edm \u0161kod\u00e1m a udr\u017ea\u0165 prev\u00e1dzkov\u00fa efekt\u00edvnos\u0165.<\/p>\n<p>Pre pred\u013a\u017eenie \u017eivotnosti valca ramena je nevyhnutn\u00e9 prija\u0165 prevent\u00edvne opatrenia, ako s\u00fa pravideln\u00e9 kontroly \u00fadr\u017eby, v\u010dasn\u00e9 opravy a riadenie kvapal\u00edn. Proakt\u00edvny pr\u00edstup minimalizuje potenci\u00e1lne probl\u00e9my a zais\u0165uje spo\u013eahliv\u00fd v\u00fdkon.<\/p>\n<p><img decoding=\"async\" src=\"https:\/\/www.hydraulic-cylinders.net\/wp-content\/uploads\/2025\/04\/songte-bushings-with-all-kinds-of-excavator-models.webp\" alt=\"Puzdr\u00e1 s modelmi bagrov\" \/><\/p>\n<h2>Preh\u013ead spolo\u010dnosti<\/h2>\n<p>Sme popredn\u00fdm v\u00fdrobcom n\u00e1hradn\u00fdch hydraulick\u00fdch valcov a dod\u00e1vame \u0161irok\u00fa \u0161k\u00e1lu produktov na dom\u00e1ci aj medzin\u00e1rodn\u00fd trh. N\u00e1\u0161 z\u00e1v\u00e4zok k vynikaj\u00facej kvalite je podlo\u017een\u00fd prepracovanou v\u00fdrobnou strat\u00e9giou, ktor\u00e1 vyu\u017e\u00edva pokro\u010dil\u00e9 technol\u00f3gie a kvalifikovan\u00fdch odborn\u00edkov. Na\u0161e v\u00fdrobn\u00e9 kapacity s\u00fa vylep\u0161en\u00e9 digit\u00e1lnym \u0161pi\u010dkov\u00fdm v\u00fdrobn\u00fdm zariaden\u00edm a \u0161pecializovan\u00fdmi testovac\u00edmi syst\u00e9mami, ktor\u00e9 zabezpe\u010duj\u00fa, \u017ee ka\u017ed\u00fd produkt sp\u013a\u0148a pr\u00edsne \u0161tandardy kvality.<\/p>\n<p><img decoding=\"async\" src=\"https:\/\/www.hydraulic-cylinders.net\/wp-content\/uploads\/2025\/04\/songte-company-4.webp\" alt=\"Obr\u00e1zok spolo\u010dnosti 1\" \/><br \/>\n<img decoding=\"async\" src=\"https:\/\/www.hydraulic-cylinders.net\/wp-content\/uploads\/2025\/04\/songte-company-3.webp\" alt=\"Obr\u00e1zok spolo\u010dnosti 2\" \/><\/p>\n<p>Kladieme d\u00f4raz na profesionalitu, medzin\u00e1rodn\u00e9 certifik\u00e1cie a prisp\u00f4soben\u00e9 slu\u017eby, aby sme splnili jedine\u010dn\u00e9 potreby klientov. Na\u0161e modern\u00e9 v\u00fdrobn\u00e9 vybavenie zabezpe\u010duje, \u017ee zost\u00e1vame konkurencieschopn\u00ed v odvetv\u00ed v\u00fdroby hydraulick\u00fdch valcov a poskytujeme v\u00fdnimo\u010dn\u00fd popredajn\u00fd servis na podporu dlhodob\u00fdch vz\u0165ahov s klientmi.<\/p>\n<p>Autor: lyl<\/p>","protected":false},"excerpt":{"rendered":"<p>Boom Cylinder For Sinomach ZG3225C-9C Overview of Boom Cylinder The Boom Cylinder is a crucial component in hydraulic systems, specifically designed to control the movement of buckets in heavy machinery such as excavators, backhoe loaders, and front loaders. This hydraulic cylinder enables the bucket to lift, lower, and tilt, facilitating efficient material handling tasks. The [&hellip;]<\/p>","protected":false},"featured_media":17875,"comment_status":"open","ping_status":"closed","template":"","meta":{"_et_pb_use_builder":"","_et_pb_old_content":"","_et_gb_content_width":""},"product_brand":[],"product_cat":[1546],"product_tag":[1547,1496],"class_list":{"0":"post-19702","1":"product","2":"type-product","3":"status-publish","4":"has-post-thumbnail","6":"product_cat-boom-cylinders","7":"product_tag-boom-cylinders","8":"product_tag-hydraulic-cylinders","10":"first","11":"instock","12":"shipping-taxable","13":"product-type-simple"},"amp_enabled":true,"_links":{"self":[{"href":"https:\/\/www.hydraulic-cylinders.net\/sk\/wp-json\/wp\/v2\/product\/19702","targetHints":{"allow":["GET"]}}],"collection":[{"href":"https:\/\/www.hydraulic-cylinders.net\/sk\/wp-json\/wp\/v2\/product"}],"about":[{"href":"https:\/\/www.hydraulic-cylinders.net\/sk\/wp-json\/wp\/v2\/types\/product"}],"replies":[{"embeddable":true,"href":"https:\/\/www.hydraulic-cylinders.net\/sk\/wp-json\/wp\/v2\/comments?post=19702"}],"wp:featuredmedia":[{"embeddable":true,"href":"https:\/\/www.hydraulic-cylinders.net\/sk\/wp-json\/wp\/v2\/media\/17875"}],"wp:attachment":[{"href":"https:\/\/www.hydraulic-cylinders.net\/sk\/wp-json\/wp\/v2\/media?parent=19702"}],"wp:term":[{"taxonomy":"product_brand","embeddable":true,"href":"https:\/\/www.hydraulic-cylinders.net\/sk\/wp-json\/wp\/v2\/product_brand?post=19702"},{"taxonomy":"product_cat","embeddable":true,"href":"https:\/\/www.hydraulic-cylinders.net\/sk\/wp-json\/wp\/v2\/product_cat?post=19702"},{"taxonomy":"product_tag","embeddable":true,"href":"https:\/\/www.hydraulic-cylinders.net\/sk\/wp-json\/wp\/v2\/product_tag?post=19702"}],"curies":[{"name":"pracovn\u00fd list","href":"https:\/\/api.w.org\/{rel}","templated":true}]}}