{"id":19712,"date":"2025-04-07T07:03:16","date_gmt":"2025-04-07T07:03:16","guid":{"rendered":"https:\/\/www.hydraulic-cylinders.net\/product\/boom-cylinder-for-hengte-wheel-excavator-htl90\/"},"modified":"2025-04-07T07:03:19","modified_gmt":"2025-04-07T07:03:19","slug":"boom-cylinder-for-hengte-wheel-excavator-htl90","status":"publish","type":"product","link":"https:\/\/www.hydraulic-cylinders.net\/sk\/produkt\/boom-cylinder-for-hengte-wheel-excavator-htl90\/","title":{"rendered":"Valec v\u00fdlo\u017en\u00edka pre kolesov\u00e9 r\u00fdpadlo Hengte HTL90"},"content":{"rendered":"<h1>Valec v\u00fdlo\u017en\u00edka pre kolesov\u00e9 r\u00fdpadlo Hengte HTL90<\/h1>\n<h2>Preh\u013ead valca v\u00fdlo\u017en\u00edka<\/h2>\n<p>Hydraulick\u00fd valec v\u00fdlo\u017en\u00edka je k\u013e\u00fa\u010dov\u00fd hydraulick\u00fd komponent \u0161peci\u00e1lne navrhnut\u00fd pre kolesov\u00e9 r\u00fdpadlo Hengte HTL90. Tento typ hydraulick\u00e9ho valca zohr\u00e1va d\u00f4le\u017eit\u00fa \u00falohu pri riaden\u00ed pohybu v\u00fdlo\u017en\u00edka r\u00fdpadla. U\u013eah\u010den\u00edm zdv\u00edhania, sp\u00fa\u0161\u0165ania a nakl\u00e1\u0148ania v\u00fdlo\u017en\u00edka v\u00fdrazne zvy\u0161uje efektivitu manipul\u00e1cie s materi\u00e1lom. Valec v\u00fdlo\u017en\u00edka pracuje pomocou hydraulick\u00e9ho tlaku, \u010do umo\u017e\u0148uje plynul\u00e9 a citliv\u00e9 pohyby, ktor\u00e9 s\u00fa nevyhnutn\u00e9 v r\u00f4znych aplik\u00e1ci\u00e1ch \u0165a\u017ek\u00fdch strojov.<\/p>\n<p><img decoding=\"async\" src=\"https:\/\/www.hydraulic-cylinders.net\/wp-content\/uploads\/2025\/04\/songte-company-1.webp\" alt=\"Obr\u00e1zok valca v\u00fdlo\u017en\u00edka\" \/><\/p>\n<h2>K\u013e\u00fa\u010dov\u00e9 vlastnosti valca v\u00fdlo\u017en\u00edka<\/h2>\n<ul>\n<li>\n<h3>Vysok\u00e1 pevnos\u0165 a odolnos\u0165<\/h3>\n<p>Tieto valce s\u00fa vyroben\u00e9 z vysokopevnostnej ocele alebo hlin\u00edka a s\u00fa skon\u0161truovan\u00e9 tak, aby odolali vysok\u00e9mu tlaku a \u0165a\u017ek\u00e9mu za\u0165a\u017eeniu. S\u00fa navrhnut\u00e9 tak, aby optim\u00e1lne fungovali v n\u00e1ro\u010dn\u00fdch pracovn\u00fdch prostrediach a vyzna\u010duj\u00fa sa odolnos\u0165ou proti opotrebovaniu a ochranou proti kor\u00f3zii, \u010do pred\u013a\u017euje ich \u017eivotnos\u0165.<\/p>\n<\/li>\n<li>\n<h3>Efekt\u00edvna hydraulick\u00e1 prev\u00e1dzka<\/h3>\n<p>Valec v\u00fdlo\u017en\u00edka vyu\u017e\u00edva tlak hydraulick\u00e9ho oleja na dosiahnutie plynul\u00e9ho vys\u00favania a zas\u00favania. T\u00e1to r\u00fdchla reakcia na ovl\u00e1dacie povely poskytuje robustn\u00fa silu pri tla\u010den\u00ed a \u0165ahan\u00ed, v\u010faka \u010domu je ide\u00e1lny na zvl\u00e1dnutie \u0165a\u017ek\u00fdch a zlo\u017eit\u00fdch \u00faloh.<\/p>\n<\/li>\n<li>\n<h3>R\u00f4zne dostupn\u00e9 typy<\/h3>\n<p>Z\u00e1kazn\u00edci si m\u00f4\u017eu vybra\u0165 medzi jedno\u010dinn\u00fdmi valcami, ktor\u00e9 funguj\u00fa v jednom smere, alebo dvoj\u010dinn\u00fdmi valcami, ktor\u00e9 funguj\u00fa v oboch smeroch. Niektor\u00e9 modely s\u00fa teleskopick\u00e9, \u010do umo\u017e\u0148uje dlh\u0161\u00ed dosah bez zv\u00e4\u010d\u0161enia vonkaj\u0161\u00edch rozmerov, a s\u00fa vhodn\u00e9 pre aplik\u00e1cie s obmedzen\u00fdm priestorom.<\/p>\n<\/li>\n<\/ul>\n<h2>V\u00fdrobn\u00e9 kapacity<\/h2>\n<p>S hrdos\u0165ou vyr\u00e1bame tento produkt a pon\u00fakame hydraulick\u00e9 valce, ktor\u00e9 dokonale nahr\u00e1dzaj\u00fa existuj\u00face modely. N\u00e1\u0161 z\u00e1v\u00e4zok ku kvalite a v\u00fdkonu zaru\u010duje, \u017ee na\u0161e valce sp\u013a\u0148aj\u00fa najvy\u0161\u0161ie \u0161tandardy excelentnosti.<\/p>\n<p><img decoding=\"async\" src=\"https:\/\/www.hydraulic-cylinders.net\/wp-content\/uploads\/2025\/04\/songte-cylinder-head-with-all-kinds-excavator-models.webp\" alt=\"Modely bagrov\" \/><\/p>\n<h2>Aplik\u00e1cie valca v\u00fdlo\u017en\u00edka<\/h2>\n<ul>\n<li>\n<h3>Stavebn\u00e9 stroje<\/h3>\n<p>V r\u00fdpadl\u00e1ch je valec v\u00fdlo\u017en\u00edka nevyhnutn\u00fd na kopanie, nakladanie a premiest\u0148ovanie zeminy alebo sutiny. V r\u00fdpadlov\u00fdch bagroch pom\u00e1ha pri v\u00fdkopov\u00fdch aj zdv\u00edhac\u00edch \u00faloh\u00e1ch, v\u010faka \u010domu je v\u0161estrann\u00fdm komponentom v stavebn\u00fdch pr\u00e1cach.<\/p>\n<\/li>\n<li>\n<h3>Po\u013enohospod\u00e1rske stroje<\/h3>\n<p>V \u010deln\u00fdch naklada\u010doch sa valec v\u00fdlo\u017en\u00edka pou\u017e\u00edva na naberanie, zdv\u00edhanie a prepravu p\u00f4dy, sena a in\u00fdch materi\u00e1lov. Zvy\u0161uje funk\u010dnos\u0165 po\u013enohospod\u00e1rskych strojov a prispieva k efekt\u00edvnej\u0161ej po\u013enohospod\u00e1rskej \u010dinnosti.<\/p>\n<\/li>\n<li>\n<h3>R\u00fdpadl\u00e1<\/h3>\n<p>Valec v\u00fdlo\u017en\u00edka umo\u017e\u0148uje ly\u017eici efekt\u00edvne prenika\u0165 do p\u00f4dy, \u010do u\u013eah\u010duje kopanie, ktor\u00e9 je nevyhnutn\u00e9 pre v\u00fdkopov\u00e9 projekty. Jeho robustn\u00e1 kon\u0161trukcia zais\u0165uje spo\u013eahliv\u00fd v\u00fdkon v n\u00e1ro\u010dn\u00fdch prostrediach.<\/p>\n<\/li>\n<li>\n<h3>Naklada\u010de<\/h3>\n<p>V \u010deln\u00fdch naklada\u010doch pom\u00e1ha valec v\u00fdlo\u017en\u00edka efekt\u00edvne zdv\u00edha\u0165 a vyklada\u0165 bremena. T\u00e1to schopnos\u0165 je nevyhnutn\u00e1 pre \u00falohy manipul\u00e1cie s materi\u00e1lom v r\u00f4znych odvetviach, \u010d\u00edm sa zvy\u0161uje produktivita a efekt\u00edvnos\u0165.<\/p>\n<\/li>\n<\/ul>\n<h2>\u00davahy o dizajne a krit\u00e9ri\u00e1 v\u00fdberu<\/h2>\n<ul>\n<li>\n<h3>Nosnos\u0165<\/h3>\n<p>Jedn\u00fdm z hlavn\u00fdch faktorov pri v\u00fdbere valca ramena je jeho nosnos\u0165. Valec mus\u00ed by\u0165 schopn\u00fd zvl\u00e1dnu\u0165 maxim\u00e1lne za\u0165a\u017eenie o\u010dak\u00e1van\u00e9 po\u010das prev\u00e1dzky. Spr\u00e1vne dimenzovan\u00fd valec zais\u0165uje bezpe\u010dnos\u0165 a zabra\u0148uje pred\u010dasn\u00e9mu zlyhaniu v d\u00f4sledku pre\u0165a\u017eenia.<\/p>\n<\/li>\n<li>\n<h3>Tesniaci v\u00fdkon<\/h3>\n<p>\u00da\u010dinn\u00e9 tesnenie je k\u013e\u00fa\u010dov\u00e9 pre zabr\u00e1nenie \u00faniku hydraulickej kvapaliny a zabezpe\u010denie efekt\u00edvnej prev\u00e1dzky valca. Vysokokvalitn\u00e9 tesnenia vyroben\u00e9 z materi\u00e1lov, ako je polyuret\u00e1n a nitrilov\u00e1 guma, s\u00fa nevyhnutn\u00e9 pre udr\u017eanie hydraulick\u00e9ho tlaku a dlh\u00fa \u017eivotnos\u0165.<\/p>\n<\/li>\n<li>\n<h3>Trvanlivos\u0165<\/h3>\n<p>Komponenty valca v\u00fdlo\u017en\u00edka musia by\u0165 vystaven\u00e9 neust\u00e1lemu nam\u00e1haniu a drsn\u00fdm podmienkam. Preto je potrebn\u00e9 starostlivo vybera\u0165 materi\u00e1ly, aby sa zabezpe\u010dila vysok\u00e1 odolnos\u0165 proti opotrebovaniu a kor\u00f3zii, \u010do prispieva k celkovej \u017eivotnosti valca.<\/p>\n<\/li>\n<li>\n<h3>Bezpe\u010dnostn\u00e9 prvky<\/h3>\n<p>Za\u010dlenenie bezpe\u010dnostn\u00fdch prvkov, ako s\u00fa pretlakov\u00e9 ventily a ochrana proti pre\u0165a\u017eeniu, je nevyhnutn\u00e9 na predch\u00e1dzanie nehod\u00e1m a zabezpe\u010denie bezpe\u010dnej prev\u00e1dzky. Pochopenie bezpe\u010dnostn\u00fdch noriem t\u00fdkaj\u00facich sa hydraulick\u00fdch syst\u00e9mov je nevyhnutn\u00e9 pre v\u00fdber vhodn\u00fdch valcov.<\/p>\n<\/li>\n<li>\n<h3>Pr\u00edstupnos\u0165 \u00fadr\u017eby<\/h3>\n<p>Navrhnutie valca pre jednoduch\u00fa \u00fadr\u017ebu je k\u013e\u00fa\u010dov\u00e9 pre zabezpe\u010denie dlhodob\u00e9ho v\u00fdkonu. Komponenty by mali by\u0165 pr\u00edstupn\u00e9 na kontrolu, mazanie a v\u00fdmenu, \u010d\u00edm sa minimalizuj\u00fa prestoje a zabezpe\u010d\u00ed efekt\u00edvna prev\u00e1dzka.<\/p>\n<\/li>\n<\/ul>\n<p><img decoding=\"async\" src=\"https:\/\/www.hydraulic-cylinders.net\/wp-content\/uploads\/2025\/04\/songte-oil-pipes-and-spare-parts.webp\" alt=\"Hydraulick\u00e9 diely\" \/><\/p>\n<h2>Tesnenie a mazanie hydraulick\u00e9ho valca<\/h2>\n<p>Na zabezpe\u010denie optim\u00e1lneho v\u00fdkonu sa pou\u017e\u00edvaj\u00fa r\u00f4zne tesniace komponenty vr\u00e1tane tesnen\u00ed piestov a tesnen\u00ed ty\u010d\u00ed. Tesnenia s\u00fa zvy\u010dajne vyroben\u00e9 z odoln\u00fdch materi\u00e1lov, ako je polyuret\u00e1n a nitrilov\u00fd kau\u010duk, ktor\u00e9 odol\u00e1vaj\u00fa opotrebovaniu. Teleso valca a z\u00e1vitov\u00e9 koncov\u00e9 plochy prech\u00e1dzaj\u00fa presn\u00fdm obr\u00e1ban\u00edm, aby sa zv\u00fd\u0161ila odolnos\u0165 vo\u010di opotrebovaniu. Pravideln\u00e9 mazanie dostato\u010dn\u00fdm mno\u017estvom hydraulick\u00e9ho oleja je nevyhnutn\u00e9 na minimaliz\u00e1ciu trenia a zabr\u00e1nenie pred\u010dasn\u00e9mu opotrebovaniu, \u010d\u00edm sa zabezpe\u010d\u00ed plynul\u00fd chod valca v priebehu \u010dasu.<\/p>\n<h2>Opatrenia prevent\u00edvnej \u00fadr\u017eby<\/h2>\n<ul>\n<li>\n<h3>Pravideln\u00e9 kontroly<\/h3>\n<p>Pravideln\u00e9 kontroly valca v\u00fdlo\u017en\u00edka pom\u00e1haj\u00fa v\u010das identifikova\u0165 zn\u00e1mky opotrebovania, netesnost\u00ed alebo in\u00fdch probl\u00e9mov. Vizu\u00e1lne kontroly \u00fanikov hydraulickej kvapaliny, opotrebovania tesnen\u00ed a celkov\u00e9ho stavu valca s\u00fa nevyhnutn\u00fdmi prevent\u00edvnymi opatreniami.<\/p>\n<\/li>\n<li>\n<h3>Spr\u00e1vne mazanie<\/h3>\n<p>Udr\u017eiavanie spr\u00e1vnej hladiny mazania je k\u013e\u00fa\u010dov\u00e9 pre dlh\u00fa \u017eivotnos\u0165 valca. Pravidelne kontrolujte a dop\u013a\u0148ajte hydraulick\u00fd olej, aby ste zabezpe\u010dili dostato\u010dn\u00e9 mazanie tesnen\u00ed a pohybliv\u00fdch \u010dast\u00ed, \u010d\u00edm sa zni\u017euje opotrebovanie a zvy\u0161uje sa v\u00fdkon.<\/p>\n<\/li>\n<li>\n<h3>V\u00fdmena tesnenia<\/h3>\n<p>Tesnenia by sa mali vymie\u0148a\u0165 pod\u013ea odpor\u00fa\u010dan\u00ed v\u00fdrobcu alebo pri zisten\u00ed opotrebenia. Spr\u00e1vne funguj\u00face tesnenia s\u00fa nevyhnutn\u00e9 na udr\u017eanie hydraulick\u00e9ho tlaku a zabr\u00e1nenie \u00faniku kvapaliny.<\/p>\n<\/li>\n<\/ul>\n<h2>Pokyny na in\u0161tal\u00e1ciu<\/h2>\n<p>Spr\u00e1vna in\u0161tal\u00e1cia valca v\u00fdlo\u017en\u00edka je nevyhnutn\u00e1 pre optim\u00e1lny v\u00fdkon. Za\u010dnite t\u00fdm, \u017ee sa uist\u00edte, \u017ee mont\u00e1\u017ene povrchy s\u00fa \u010dist\u00e9 a bez ne\u010dist\u00f4t. Valec starostlivo zarovnajte s mont\u00e1\u017enymi bodmi a upevnite ho pomocou vhodn\u00fdch konzol. Po\u010das cel\u00e9ho procesu in\u0161tal\u00e1cie je nevyhnutn\u00e9 udr\u017eiava\u0165 spr\u00e1vne zarovnanie, aby sa predi\u0161lo nadmern\u00e9mu nam\u00e1haniu valca. Po in\u0161tal\u00e1cii skontrolujte tesnos\u0165 hydraulick\u00fdch spojov a pred testovan\u00edm \u010dinnosti valca v\u00fdlo\u017en\u00edka sa uistite, \u017ee syst\u00e9m je naplnen\u00fd spr\u00e1vnym typom a mno\u017estvom hydraulickej kvapaliny.<\/p>\n<h2>Be\u017en\u00e9 \u00falohy \u00fadr\u017eby<\/h2>\n<ul>\n<li>\n<h3>Pravidelne kontrolujte hladinu hydraulickej kvapaliny<\/h3>\n<p>Pre optim\u00e1lnu funkciu valca je nevyhnutn\u00e9 monitorova\u0165 a udr\u017eiava\u0165 spr\u00e1vnu hladinu hydraulickej kvapaliny. N\u00edzka hladina kvapaliny m\u00f4\u017ee vies\u0165 k zn\u00ed\u017eeniu prev\u00e1dzkovej \u00fa\u010dinnosti a mo\u017en\u00e9mu po\u0161kodeniu. V\u017edy dop\u013a\u0148ajte odpor\u00fa\u010dan\u00fd typ kvapaliny a dodr\u017eiavajte pl\u00e1ny \u00fadr\u017eby.<\/p>\n<\/li>\n<li>\n<h3>Vhodn\u00e9 mazanie<\/h3>\n<p>Mazanie zais\u0165uje plynul\u00fd chod a predl\u017euje \u017eivotnos\u0165 valca v\u00fdlo\u017en\u00edka. Pou\u017e\u00edvajte ur\u010den\u00fd hydraulick\u00fd olej a dodr\u017eiavajte pokyny v\u00fdrobcu t\u00fdkaj\u00face sa intervalov mazania. Spr\u00e1vne mazanie zni\u017euje trenie a opotrebenie, \u010d\u00edm zvy\u0161uje v\u00fdkon.<\/p>\n<\/li>\n<li>\n<h3>V\u00fdmena tesnenia a kontroly kalibr\u00e1cie<\/h3>\n<p>Pravidelne kontrolujte tesnenia, \u010di nie s\u00fa opotrebovan\u00e9, a v pr\u00edpade potreby ich vyme\u0148te, aby ste predi\u0161li \u00faniku hydraulickej kvapaliny. Kalibra\u010dn\u00e9 kontroly zabezpe\u010duj\u00fa, \u017ee valec funguje spr\u00e1vne a sp\u013a\u0148a prev\u00e1dzkov\u00e9 \u0161pecifik\u00e1cie. V\u010dasn\u00e9 rie\u0161enie t\u00fdchto \u00faloh m\u00f4\u017ee pred\u00eds\u0165 v\u00e4\u010d\u0161\u00edm probl\u00e9mom v bud\u00facnosti.<\/p>\n<\/li>\n<\/ul>\n<p><img decoding=\"async\" src=\"https:\/\/www.hydraulic-cylinders.net\/wp-content\/uploads\/2025\/04\/songte-chushion-collar.webp\" alt=\"Vank\u00fa\u0161ov\u00fd golier\" \/><\/p>\n<h2>Bezpe\u010dnostn\u00e9 aspekty a faktory prostredia<\/h2>\n<p>Pri pou\u017e\u00edvan\u00ed hydraulick\u00fdch komponentov, ako s\u00fa napr\u00edklad valce v\u00fdlo\u017en\u00edka, s\u00fa bezpe\u010dnostn\u00e9 opatrenia prvorad\u00e9. Obsluha by mala by\u0165 vy\u0161kolen\u00e1 v bezpe\u010dn\u00fdch postupoch manipul\u00e1cie, aby sa minimalizovalo riziko neh\u00f4d. Pravideln\u00e1 \u00fadr\u017eba a kontroly pom\u00e1haj\u00fa predch\u00e1dza\u0165 poruch\u00e1m, ktor\u00e9 by mohli vies\u0165 k nebezpe\u010dn\u00fdm situ\u00e1ci\u00e1m. Okrem toho, environment\u00e1lne faktory, ako s\u00fa extr\u00e9mne teploty a vystavenie koroz\u00edvnym materi\u00e1lom, m\u00f4\u017eu ovplyvni\u0165 v\u00fdkon valcov, \u010do si vy\u017eaduje spr\u00e1vny v\u00fdber materi\u00e1lu a ochrann\u00fdch n\u00e1terov na zv\u00fd\u0161enie odolnosti.<\/p>\n<h2>Rie\u0161enie probl\u00e9mov a be\u017en\u00e9 probl\u00e9my<\/h2>\n<ul>\n<li>\n<h3>Probl\u00e9my s \u00fanikom<\/h3>\n<p>\u00danik je be\u017en\u00fd probl\u00e9m, ktor\u00fd sa m\u00f4\u017ee vyskytn\u00fa\u0165 v d\u00f4sledku opotrebovan\u00fdch tesnen\u00ed alebo uvo\u013enen\u00fdch spojov. Pravideln\u00e1 kontrola a v\u010dasn\u00e1 v\u00fdmena tesnen\u00ed m\u00f4\u017eu tento probl\u00e9m zmierni\u0165. Ak sa vyskytn\u00fa \u00faniky, identifikujte ich zdroj a ihne\u010f ich odstr\u00e1\u0148te, aby ste predi\u0161li \u00faniku hydraulickej kvapaliny.<\/p>\n<\/li>\n<li>\n<h3>Pomal\u00e1 prev\u00e1dzka<\/h3>\n<p>Ak sa valec v\u00fdlo\u017en\u00edka ot\u00e1\u010da pomaly, m\u00f4\u017ee to signalizova\u0165 n\u00edzku hladinu hydraulickej kvapaliny alebo vzduch v syst\u00e9me. Skontrolujte hladiny kvapal\u00edn a odvzdu\u0161nite syst\u00e9m, aby ste odstr\u00e1nili vzduchov\u00e9 bubliny a zabezpe\u010dili tak efekt\u00edvnu prev\u00e1dzku.<\/p>\n<\/li>\n<li>\n<h3>Strata energie<\/h3>\n<p>Strata v\u00fdkonu vo valci v\u00fdlo\u017en\u00edka m\u00f4\u017ee by\u0165 sp\u00f4soben\u00e1 r\u00f4znymi faktormi vr\u00e1tane upchatia hydraulick\u00fdch potrub\u00ed alebo poruchov\u00fdch ventilov. Skontrolujte hydraulick\u00fd syst\u00e9m, \u010di nie je upchat\u00fd, a uistite sa, \u017ee v\u0161etky komponenty funguj\u00fa spr\u00e1vne.<\/p>\n<\/li>\n<\/ul>\n<p><img decoding=\"async\" src=\"https:\/\/www.hydraulic-cylinders.net\/wp-content\/uploads\/2025\/04\/songte-bushings-with-all-kinds-of-excavator-models.webp\" alt=\"Puzdr\u00e1 pre bagre\" \/><\/p>\n<h2>Tipy na rie\u0161enie probl\u00e9mov<\/h2>\n<p>Aby sa pou\u017e\u00edvate\u013eom pomohlo efekt\u00edvne diagnostikova\u0165 a rie\u0161i\u0165 probl\u00e9my s valcom v\u00fdlo\u017en\u00edka, je nevyhnutn\u00e9 zavies\u0165 pravideln\u00fd re\u017eim \u00fadr\u017eby. Pravideln\u00e9 kontroly m\u00f4\u017eu pom\u00f4c\u0165 v\u010das identifikova\u0165 potenci\u00e1lne probl\u00e9my. Vedenie z\u00e1znamov o \u00fadr\u017eb\u00e1rskych \u010dinnostiach a ak\u00fdchko\u013evek nezrovnalostiach vo v\u00fdkone m\u00f4\u017ee pom\u00f4c\u0165 pri diagnostikovan\u00ed probl\u00e9mov. Okrem toho, dostupnos\u0165 n\u00e1hradn\u00fdch dielov m\u00f4\u017ee ur\u00fdchli\u0165 opravy a minimalizova\u0165 prestoje. Prevent\u00edvne opatrenia, ako je spr\u00e1vne mazanie a pravideln\u00e9 kontroly, m\u00f4\u017eu v\u00fdrazne zn\u00ed\u017ei\u0165 pravdepodobnos\u0165 v\u00fdskytu z\u00e1va\u017en\u00fdch probl\u00e9mov v bud\u00facnosti.<\/p>\n<h2>O na\u0161ej spolo\u010dnosti<\/h2>\n<p>Sme popredn\u00fdm v\u00fdrobcom n\u00e1hradn\u00fdch hydraulick\u00fdch valcov a poskytujeme komplexn\u00fd sortiment produktov, ktor\u00e9 sp\u013a\u0148aj\u00fa po\u017eiadavky dom\u00e1ceho aj medzin\u00e1rodn\u00e9ho trhu. N\u00e1\u0161 z\u00e1v\u00e4zok k excelentnosti sa odr\u00e1\u017ea v na\u0161ich sofistikovan\u00fdch v\u00fdrobn\u00fdch procesoch, pri\u010dom vyu\u017e\u00edvame najmodernej\u0161ie technol\u00f3gie a kvalifikovan\u00fd person\u00e1l na zlep\u0161enie kvality v\u00fdrobkov. Neust\u00e1le zdokona\u013eujeme na\u0161e v\u00fdrobn\u00e9 strat\u00e9gie, aby sme zabezpe\u010dili vysok\u00fa efektivitu a presnos\u0165 a uspokojili rozmanit\u00e9 potreby na\u0161ich klientov.<\/p>\n<p><img decoding=\"async\" src=\"https:\/\/www.hydraulic-cylinders.net\/wp-content\/uploads\/2025\/04\/songte-company-4.webp\" alt=\"Obr\u00e1zok spolo\u010dnosti 1\" \/><br \/>\n<img decoding=\"async\" src=\"https:\/\/www.hydraulic-cylinders.net\/wp-content\/uploads\/2025\/04\/songte-company-3.webp\" alt=\"Obr\u00e1zok spolo\u010dnosti 2\" \/><\/p>\n<p>N\u00e1\u0161 profesion\u00e1lny t\u00edm sa venuje poskytovaniu medzin\u00e1rodn\u00fdch certifik\u00e1ci\u00ed, slu\u017eieb na mieru a robustnej popredajnej podpory. Disponujeme \u0161irok\u00fdm sortimentom v\u00fdrobn\u00fdch zariaden\u00ed, aby sme zabezpe\u010dili efekt\u00edvne splnenie ak\u00fdchko\u013evek \u0161pecifick\u00fdch v\u00fdrobn\u00fdch po\u017eiadaviek.<\/p>\n<p>Autor: lyl<\/p>","protected":false},"excerpt":{"rendered":"<p>Boom Cylinder For Hengte Wheel Excavator HTL90 Overview of the Boom Cylinder The Boom Cylinder is a crucial hydraulic component specifically designed for the Hengte Wheel Excavator HTL90. This type of hydraulic cylinder plays a vital role in controlling the movement of the excavator&#8217;s boom. By facilitating the boom&#8217;s lifting, lowering, and tilting actions, it [&hellip;]<\/p>","protected":false},"featured_media":17870,"comment_status":"open","ping_status":"closed","template":"","meta":{"_et_pb_use_builder":"","_et_pb_old_content":"","_et_gb_content_width":""},"product_brand":[],"product_cat":[1546],"product_tag":[1547,1496],"class_list":{"0":"post-19712","1":"product","2":"type-product","3":"status-publish","4":"has-post-thumbnail","6":"product_cat-boom-cylinders","7":"product_tag-boom-cylinders","8":"product_tag-hydraulic-cylinders","10":"first","11":"instock","12":"shipping-taxable","13":"product-type-simple"},"amp_enabled":true,"_links":{"self":[{"href":"https:\/\/www.hydraulic-cylinders.net\/sk\/wp-json\/wp\/v2\/product\/19712","targetHints":{"allow":["GET"]}}],"collection":[{"href":"https:\/\/www.hydraulic-cylinders.net\/sk\/wp-json\/wp\/v2\/product"}],"about":[{"href":"https:\/\/www.hydraulic-cylinders.net\/sk\/wp-json\/wp\/v2\/types\/product"}],"replies":[{"embeddable":true,"href":"https:\/\/www.hydraulic-cylinders.net\/sk\/wp-json\/wp\/v2\/comments?post=19712"}],"wp:featuredmedia":[{"embeddable":true,"href":"https:\/\/www.hydraulic-cylinders.net\/sk\/wp-json\/wp\/v2\/media\/17870"}],"wp:attachment":[{"href":"https:\/\/www.hydraulic-cylinders.net\/sk\/wp-json\/wp\/v2\/media?parent=19712"}],"wp:term":[{"taxonomy":"product_brand","embeddable":true,"href":"https:\/\/www.hydraulic-cylinders.net\/sk\/wp-json\/wp\/v2\/product_brand?post=19712"},{"taxonomy":"product_cat","embeddable":true,"href":"https:\/\/www.hydraulic-cylinders.net\/sk\/wp-json\/wp\/v2\/product_cat?post=19712"},{"taxonomy":"product_tag","embeddable":true,"href":"https:\/\/www.hydraulic-cylinders.net\/sk\/wp-json\/wp\/v2\/product_tag?post=19712"}],"curies":[{"name":"pracovn\u00fd list","href":"https:\/\/api.w.org\/{rel}","templated":true}]}}