{"id":19717,"date":"2025-04-07T07:03:33","date_gmt":"2025-04-07T07:03:33","guid":{"rendered":"https:\/\/www.hydraulic-cylinders.net\/product\/boom-cylinder-for-yigong-cy8150\/"},"modified":"2025-04-07T07:03:35","modified_gmt":"2025-04-07T07:03:35","slug":"boom-cylinder-for-yigong-cy8150","status":"publish","type":"product","link":"https:\/\/www.hydraulic-cylinders.net\/sk\/produkt\/boom-cylinder-for-yigong-cy8150\/","title":{"rendered":"Valec v\u00fdlo\u017en\u00edka pre Yigong CY8150"},"content":{"rendered":"<h1>Valec v\u00fdlo\u017en\u00edka pre Yigong CY8150<\/h1>\n<h2>\u00davod do valca v\u00fdlo\u017en\u00edka<\/h2>\n<p>Hydraulick\u00fd valec v\u00fdlo\u017en\u00edka je k\u013e\u00fa\u010dovou s\u00fa\u010das\u0165ou hydraulick\u00fdch syst\u00e9mov, \u0161peci\u00e1lne navrhnut\u00fd na ovl\u00e1danie pohybu ly\u017e\u00edc v r\u00f4znych \u0165a\u017ek\u00fdch strojoch, ako s\u00fa r\u00fdpadl\u00e1, r\u00fdpadlo-naklada\u010de a \u010deln\u00e9 naklada\u010de. Tento hydraulick\u00fd valec umo\u017e\u0148uje zdv\u00edhanie, sp\u00fa\u0161\u0165anie a nakl\u00e1\u0148anie ly\u017eice, \u010do u\u013eah\u010duje efekt\u00edvnu manipul\u00e1ciu s materi\u00e1lom. Zohr\u00e1va d\u00f4le\u017eit\u00fa \u00falohu pri zabezpe\u010dovan\u00ed plynul\u00e9ho a efekt\u00edvneho chodu zariadenia, \u010d\u00edm sa zvy\u0161uje produktivita na stavenisk\u00e1ch a v in\u00fdch priemyseln\u00fdch aplik\u00e1ci\u00e1ch.<\/p>\n<p><img decoding=\"async\" src=\"https:\/\/www.hydraulic-cylinders.net\/wp-content\/uploads\/2025\/04\/songte-company-1.webp\" alt=\"Valec v\u00fdlo\u017en\u00edka\" \/><\/p>\n<h3>Defin\u00edcia a preh\u013ead<\/h3>\n<p>Hydraulick\u00fd valec v\u00fdlo\u017en\u00edka, tie\u017e zn\u00e1my ako valec vedra, je typ hydraulick\u00e9ho valca \u0161peci\u00e1lne navrhnut\u00e9ho na ovl\u00e1danie pohybu vedra na \u0165a\u017ek\u00fdch strojoch. Je skon\u0161truovan\u00fd tak, aby zvl\u00e1dal obrovsk\u00fd tlak generovan\u00fd po\u010das prev\u00e1dzky, \u010do umo\u017e\u0148uje presn\u00e9 pohyby potrebn\u00e9 na zdv\u00edhanie a nakl\u00e1\u0148anie. Kon\u0161trukcia a funk\u010dnos\u0165 valca v\u00fdlo\u017en\u00edka s\u00fa prvorad\u00e9, preto\u017ee priamo ovplyv\u0148uj\u00fa \u00fa\u010dinnos\u0165 a efekt\u00edvnos\u0165 strojov pou\u017e\u00edvan\u00fdch v n\u00e1ro\u010dn\u00fdch prostrediach.<\/p>\n<h2>Vlastnosti valca ramena pre Yigong CY8150<\/h2>\n<ul>\n<li><strong>Vysok\u00e1 pevnos\u0165 a odolnos\u0165:<\/strong> Valec v\u00fdlo\u017en\u00edka je vyroben\u00fd z vysokopevnostnej ocele alebo hlin\u00edka a odol\u00e1 vysok\u00e9mu tlaku a \u0165a\u017ek\u00fdm za\u0165a\u017eeniam, v\u010faka \u010domu je vhodn\u00fd do n\u00e1ro\u010dn\u00fdch pracovn\u00fdch podmienok. Je navrhnut\u00fd s oh\u013eadom na odolnos\u0165 vo\u010di opotrebovaniu a kor\u00f3zii, \u010d\u00edm sa predl\u017euje jeho \u017eivotnos\u0165.<\/li>\n<li><strong>Efekt\u00edvna hydraulick\u00e1 prev\u00e1dzka:<\/strong> V\u010faka hydraulick\u00e9mu tlaku oleja zais\u0165uje valec plynul\u00e9 a citliv\u00e9 vys\u00favanie a zas\u00favanie, \u010d\u00edm vytv\u00e1ra siln\u00e9 tla\u010dn\u00e9 a \u0165ahov\u00e9 sily ide\u00e1lne na manipul\u00e1ciu s \u0165a\u017ek\u00fdmi predmetmi a zlo\u017eit\u00e9 \u00falohy.<\/li>\n<li><strong>R\u00f4zne typy:<\/strong> Valec v\u00fdlo\u017en\u00edka je k dispoz\u00edcii v jedno\u010dinnom (prev\u00e1dzkovom v jednom smere) alebo dvoj\u010dinnom (prev\u00e1dzkovom v dvoch smeroch) preveden\u00ed a je mo\u017en\u00e9 ho prisp\u00f4sobi\u0165 \u0161pecifick\u00fdm prev\u00e1dzkov\u00fdm potreb\u00e1m. Niektor\u00e9 modely s\u00fa teleskopick\u00e9, \u010do umo\u017e\u0148uje v\u00e4\u010d\u0161ie vysunutie bez zv\u00e4\u010d\u0161enia vonkaj\u0161\u00edch rozmerov, a je ide\u00e1lne pre aplik\u00e1cie s obmedzen\u00fdm priestorom.<\/li>\n<li><strong>Kompatibilita:<\/strong> Na\u0161e ramen\u00e1 s\u00fa skon\u0161truovan\u00e9 tak, aby dokonale nahradili existuj\u00face hydraulick\u00e9 valce a zabezpe\u010dili bezprobl\u00e9mov\u00fa integr\u00e1ciu do ak\u00e9hoko\u013evek hydraulick\u00e9ho syst\u00e9mu.<\/li>\n<li><strong>Presn\u00e9 in\u017einierstvo:<\/strong> Ka\u017ed\u00fd valec je vyroben\u00fd pomocou pokro\u010dil\u00fdch v\u00fdrobn\u00fdch techn\u00edk, ktor\u00e9 zais\u0165uj\u00fa vysok\u00fd v\u00fdkon a spo\u013eahlivos\u0165 aj v najn\u00e1ro\u010dnej\u0161\u00edch podmienkach.<\/li>\n<\/ul>\n<p><img decoding=\"async\" src=\"https:\/\/www.hydraulic-cylinders.net\/wp-content\/uploads\/2025\/04\/songte-cylinder-head-with-all-kinds-excavator-models.webp\" alt=\"Kompatibiln\u00e9 modely\" \/><\/p>\n<h2>Aplik\u00e1cie valca ramena<\/h2>\n<h3>Stavebn\u00e9 stroje<\/h3>\n<p>V r\u00fdpadl\u00e1ch s\u00fa valce v\u00fdlo\u017en\u00edka nevyhnutn\u00e9 na kopanie, nakladanie a premiest\u0148ovanie zeminy alebo sutiny. Ich kon\u0161trukcia umo\u017e\u0148uje zna\u010dn\u00fa zdv\u00edhaciu silu, \u010do umo\u017e\u0148uje obsluhe efekt\u00edvne zvl\u00e1da\u0165 \u0165a\u017ek\u00e9 bremen\u00e1 a vykon\u00e1va\u0165 \u00falohy s presnos\u0165ou. V r\u00fdpadlo-naklada\u010doch pom\u00e1haj\u00fa valce ko\u0161\u00edkov pri kopan\u00ed aj zdv\u00edhan\u00ed, \u010d\u00edm zvy\u0161uj\u00fa v\u0161estrannos\u0165 a produktivitu stroja.<\/p>\n<h3>Po\u013enohospod\u00e1rske stroje<\/h3>\n<p>V \u010deln\u00fdch naklada\u010doch hraj\u00fa valce v\u00fdlo\u017en\u00edka d\u00f4le\u017eit\u00fa \u00falohu pri naberan\u00ed, zdv\u00edhan\u00ed a preprave p\u00f4dy, sena a in\u00fdch materi\u00e1lov. Mo\u017enos\u0165 nakl\u00e1\u0148ania a zdv\u00edhania ly\u017eice umo\u017e\u0148uje jednoduch\u00e9 nakladanie a vykladanie, v\u010faka \u010domu s\u00fa tieto \u00falohy efekt\u00edvnej\u0161ie a fyzicky menej n\u00e1ro\u010dn\u00e9 pre obsluhu.<\/p>\n<h3>R\u00fdpadl\u00e1<\/h3>\n<p>Pri r\u00fdpadl\u00e1ch umo\u017e\u0148uje valec v\u00fdlo\u017en\u00edka prenikn\u00fa\u0165 ly\u017eici do p\u00f4dy, \u010do u\u013eah\u010duje efekt\u00edvne kopanie. Hydraulick\u00e9 ovl\u00e1danie zais\u0165uje presn\u00e9 umiestnenie ly\u017eice, \u010do umo\u017e\u0148uje obsluhe vykon\u00e1va\u0165 zlo\u017eit\u00e9 \u00falohy v r\u00f4znych p\u00f4dnych podmienkach.<\/p>\n<h3>Naklada\u010de<\/h3>\n<p>V \u010deln\u00fdch naklada\u010doch valce v\u00fdlo\u017en\u00edka v\u00fdznamne prispievaj\u00fa k efekt\u00edvnemu zdv\u00edhaniu a vykladaniu bremien. Poskytuj\u00fa potrebn\u00fa pevnos\u0165 a stabilitu potrebn\u00fa na premiest\u0148ovanie \u0165a\u017ek\u00fdch materi\u00e1lov, \u010d\u00edm zabezpe\u010duj\u00fa r\u00fdchle a bezpe\u010dn\u00e9 vykon\u00e1vanie oper\u00e1ci\u00ed.<\/p>\n<h2>\u00davahy o dizajne a krit\u00e9ri\u00e1 v\u00fdberu<\/h2>\n<h3>Nosnos\u0165<\/h3>\n<p>Pri v\u00fdbere valca v\u00fdlo\u017en\u00edka je nosnos\u0165 k\u013e\u00fa\u010dov\u00fdm faktorom, ktor\u00fd treba zv\u00e1\u017ei\u0165. Valec mus\u00ed by\u0165 schopn\u00fd zvl\u00e1dnu\u0165 maxim\u00e1lnu hmotnos\u0165 bremien, s ktor\u00fdmi sa stretne, bez kompromisov v oblasti bezpe\u010dnosti alebo v\u00fdkonu. To si vy\u017eaduje d\u00f4kladn\u00e9 pochopenie po\u017eiadaviek stroja a prev\u00e1dzkov\u00e9ho prostredia.<\/p>\n<h3>Integrita tesnenia<\/h3>\n<p>Tesnenie je k\u013e\u00fa\u010dov\u00e9 pre efekt\u00edvnu prev\u00e1dzku hydraulick\u00fdch valcov. Vysokokvalitn\u00e9 tesnenia zabra\u0148uj\u00fa \u00faniku hydraulickej kvapaliny, \u010do m\u00f4\u017ee vies\u0165 k zn\u00ed\u017eeniu v\u00fdkonu a mo\u017en\u00e9mu po\u0161kodeniu hydraulick\u00e9ho syst\u00e9mu. V\u00fdber tesniacich materi\u00e1lov, ako je polyuret\u00e1n a nitrilov\u00e1 guma, ovplyv\u0148uje \u017eivotnos\u0165 a spo\u013eahlivos\u0165 valca.<\/p>\n<h3>Trvanlivos\u0165<\/h3>\n<p>Pre valce v\u00fdlo\u017en\u00edka, ktor\u00e9 pracuj\u00fa v n\u00e1ro\u010dn\u00fdch podmienkach, je nevyhnutn\u00e1 odolnos\u0165. Pou\u017eit\u00e9 materi\u00e1ly musia by\u0165 odoln\u00e9 vo\u010di opotrebovaniu a kor\u00f3zii, aby sa zabezpe\u010dila dlh\u00e1 \u017eivotnos\u0165. Je nevyhnutn\u00e9 vybra\u0165 valce, ktor\u00e9 s\u00fa vyroben\u00e9 tak, aby odolali extr\u00e9mnym podmienkam vr\u00e1tane teplotn\u00fdch v\u00fdkyvov a vystavenia sa kontaminantom.<\/p>\n<h3>Bezpe\u010dnostn\u00e9 prvky<\/h3>\n<p>Bezpe\u010dnos\u0165 je v hydraulick\u00fdch syst\u00e9moch mimoriadne d\u00f4le\u017eit\u00e1. Valce v\u00fdlo\u017en\u00edka by mali by\u0165 navrhnut\u00e9 s bezpe\u010dnostn\u00fdmi prvkami, ktor\u00e9 chr\u00e1nia strojn\u00e9 zariadenie aj obsluhu. Patria sem pretlakov\u00e9 ventily a robustn\u00e1 kon\u0161trukcia, ktor\u00e1 dok\u00e1\u017ee zvl\u00e1dnu\u0165 neo\u010dak\u00e1van\u00e9 nam\u00e1hanie po\u010das prev\u00e1dzky.<\/p>\n<h3>\u00dadr\u017eba a opravite\u013enos\u0165<\/h3>\n<p>Jednoduch\u00e1 \u00fadr\u017eba je \u010fal\u0161\u00edm kritick\u00fdm kon\u0161truk\u010dn\u00fdm krit\u00e9riom. Valce v\u00fdlo\u017en\u00edka by mali umo\u017e\u0148ova\u0165 jednoduch\u00fa kontrolu, mazanie a v\u00fdmenu tesnen\u00ed. Kon\u0161trukcia, ktor\u00e1 umo\u017e\u0148uje r\u00fdchle opravy, zvy\u0161uje celkov\u00fa prev\u00e1dzkyschopnos\u0165 a efektivitu stroja, \u010do u\u013eah\u010duje obsluhe \u00fadr\u017ebu ich zariaden\u00ed.<\/p>\n<p><img decoding=\"async\" src=\"https:\/\/www.hydraulic-cylinders.net\/wp-content\/uploads\/2025\/04\/songte-oil-pipes-and-spare-parts.webp\" alt=\"Hydraulick\u00e9 diely\" \/><\/p>\n<h2>Tesnenie a mazanie<\/h2>\n<p>\u00da\u010dinn\u00e9 tesnenie a mazanie s\u00fa nevyhnutn\u00e9 pre zabezpe\u010denie hladk\u00e9ho a efekt\u00edvneho chodu hydraulick\u00e9ho valca. R\u00f4zne tesnenia, ako s\u00fa tesnenia piestov a tesnenia ty\u010d\u00ed, s\u00fa nevyhnutn\u00e9 na zabr\u00e1nenie \u00faniku kvapaliny a udr\u017eanie tlaku. Tesnenia vyroben\u00e9 z odoln\u00fdch materi\u00e1lov, ako je polyuret\u00e1n a nitrilov\u00fd kau\u010duk, s\u00fa uprednost\u0148ovan\u00e9 pre svoju odolnos\u0165 vo\u010di opotrebovaniu a environment\u00e1lnym faktorom. Okrem toho musia by\u0165 teleso valca a z\u00e1vitov\u00e9 koncov\u00e9 povrchy jemne opracovan\u00e9, aby sa zv\u00fd\u0161ila ich odolnos\u0165 vo\u010di opotrebovaniu.<\/p>\n<p>Pravideln\u00e9 mazanie je tie\u017e d\u00f4le\u017eit\u00e9; oper\u00e1tori by mali zabezpe\u010di\u0165 vstrekovanie dostato\u010dn\u00e9ho mno\u017estva hydraulick\u00e9ho oleja, aby sa u\u013eah\u010dil plynul\u00fd pohyb a zn\u00ed\u017eilo trenie. Spr\u00e1vne mazanie nielen predl\u017euje \u017eivotnos\u0165 tesnen\u00ed, ale tie\u017e zvy\u0161uje celkov\u00fa \u00fa\u010dinnos\u0165 hydraulick\u00e9ho syst\u00e9mu.<\/p>\n<h2>Opatrenia prevent\u00edvnej \u00fadr\u017eby<\/h2>\n<ul>\n<li><strong>Pravideln\u00e9 kontroly:<\/strong> Je nevyhnutn\u00e9 vykon\u00e1va\u0165 pravideln\u00e9 kontroly valca ramena, \u010di nevykazuje zn\u00e1mky opotrebovania, \u00faniku alebo po\u0161kodenia. Pravideln\u00e9 kontroly pom\u00e1haj\u00fa v\u010das identifikova\u0165 probl\u00e9my a predch\u00e1dza\u0165 tak z\u00e1va\u017enej\u0161\u00edm probl\u00e9mom v bud\u00facnosti.<\/li>\n<li><strong>Pl\u00e1n mazania:<\/strong> Stanovenie pl\u00e1nu mazania zabezpe\u010duje, \u017ee hydraulick\u00fd valec zostane spr\u00e1vne namazan\u00fd, \u010d\u00edm sa zni\u017euje opotrebovanie. Obsluha by mala by\u0165 vy\u0161kolen\u00e1 na pravideln\u00e9 prid\u00e1vanie spr\u00e1vneho typu a mno\u017estva hydraulick\u00e9ho oleja.<\/li>\n<li><strong>V\u00fdmena tesnenia:<\/strong> Tesnenia by sa mali pravidelne kontrolova\u0165 a pod\u013ea potreby vymie\u0148a\u0165, aby sa predi\u0161lo \u00fanikom a udr\u017eal hydraulick\u00fd tlak. Obsluha by si mala by\u0165 vedom\u00e1 pr\u00edznakov opotrebovania tesnen\u00ed, ako je \u00fanik kvapaliny alebo zn\u00ed\u017een\u00fd v\u00fdkon.<\/li>\n<\/ul>\n<h2>Pokyny na in\u0161tal\u00e1ciu<\/h2>\n<p>Spr\u00e1vna in\u0161tal\u00e1cia valca v\u00fdlo\u017en\u00edka je k\u013e\u00fa\u010dov\u00e1 pre optim\u00e1lny v\u00fdkon. Pred in\u0161tal\u00e1ciou sa uistite, \u017ee v\u0161etky komponenty s\u00fa \u010dist\u00e9 a bez ne\u010dist\u00f4t. Valec by mal by\u0165 spr\u00e1vne zarovnan\u00fd s mont\u00e1\u017enymi bodmi stroja, aby sa predi\u0161lo nadmern\u00e9mu nam\u00e1haniu valca a s\u00favisiacich \u010dast\u00ed.<\/p>\n<p>Na pevn\u00e9 upevnenie valca sa odpor\u00fa\u010da pou\u017ei\u0165 vhodn\u00e9 mont\u00e1\u017ene konzoly. T\u00fdm sa zabr\u00e1ni pohybu po\u010das prev\u00e1dzky, \u010do m\u00f4\u017ee vies\u0165 k po\u0161kodeniu alebo poruche. Po in\u0161tal\u00e1cii pred za\u010dat\u00edm prev\u00e1dzky dvakr\u00e1t skontrolujte tesnos\u0165 a netesnosti v\u0161etk\u00fdch spojov. Dodr\u017eiavanie t\u00fdchto pokynov pred\u013a\u017ei \u017eivotnos\u0165 a spo\u013eahlivos\u0165 v\u00e1\u0161ho hydraulick\u00e9ho syst\u00e9mu.<\/p>\n<h2>\u00dalohy \u00fadr\u017eby<\/h2>\n<ul>\n<li><strong>Pravideln\u00e9 kontroly:<\/strong> Pravidelne kontrolujte tesnos\u0165, opotrebovanie a celkov\u00fd stav. V\u010dasn\u00e1 identifik\u00e1cia probl\u00e9mov m\u00f4\u017ee zabr\u00e1ni\u0165 n\u00e1kladn\u00fdm oprav\u00e1m a prestojom.<\/li>\n<li><strong>Spr\u00e1vne mazanie:<\/strong> Uistite sa, \u017ee hydraulick\u00fd valec je mazan\u00fd pod\u013ea odpor\u00fa\u010dan\u00ed v\u00fdrobcu. Dostato\u010dn\u00e9 mazanie zabra\u0148uje nadmern\u00e9mu opotrebovaniu a udr\u017eiava v\u00fdkon.<\/li>\n<li><strong>V\u00fdmena tesnenia a kontroly kalibr\u00e1cie:<\/strong> Pravidelne kontrolujte a vymie\u0148ajte tesnenia, aby sa zachovala hydraulick\u00e1 integrita. Kalibra\u010dn\u00e9 kontroly zabezpe\u010duj\u00fa, \u017ee valec pracuje v r\u00e1mci navrhnut\u00fdch parametrov, \u010d\u00edm sa zvy\u0161uje bezpe\u010dnos\u0165 a \u00fa\u010dinnos\u0165.<\/li>\n<\/ul>\n<h2>Bezpe\u010dnostn\u00e9 aspekty a faktory prostredia<\/h2>\n<p>Pri pou\u017e\u00edvan\u00ed hydraulick\u00fdch valcov s\u00fa bezpe\u010dnostn\u00e9 opatrenia nevyhnutn\u00e9 na predch\u00e1dzanie nehod\u00e1m a zraneniam. Obsluha by mala by\u0165 vy\u0161kolen\u00e1 v spr\u00e1vnom pou\u017e\u00edvan\u00ed strojov a d\u00f4le\u017eitosti dodr\u017eiavania bezpe\u010dnostn\u00fdch protokolov. Pravideln\u00e9 bezpe\u010dnostn\u00e9 audity m\u00f4\u017eu identifikova\u0165 potenci\u00e1lne rizik\u00e1 a umo\u017eni\u0165 prijatie n\u00e1pravn\u00fdch opatren\u00ed.<\/p>\n<p>Environment\u00e1lne faktory tie\u017e zohr\u00e1vaj\u00fa v\u00fdznamn\u00fa \u00falohu v \u017eivotnosti a v\u00fdkonnosti hydraulick\u00fdch valcov. Vystavenie extr\u00e9mnym teplot\u00e1m, vlhkosti a ne\u010distot\u00e1m m\u00f4\u017ee ovplyvni\u0165 integritu tesnen\u00ed a celkov\u00fa funk\u010dnos\u0165 valca. Je nevyhnutn\u00e9 zavies\u0165 opatrenia na ochranu hydraulick\u00fdch syst\u00e9mov pred nepriazniv\u00fdmi podmienkami prostredia.<\/p>\n<h2>Diagnostika por\u00fach a be\u017en\u00e9 probl\u00e9my<\/h2>\n<ul>\n<li><strong>\u00danik:<\/strong> Ak z valca unik\u00e1 kvapalina, m\u00f4\u017ee to znamena\u0165 opotrebovan\u00e9 tesnenia. Skontrolujte vidite\u013en\u00e9 po\u0161kodenia a v pr\u00edpade potreby tesnenia vyme\u0148te.<\/li>\n<li><strong>Zn\u00ed\u017een\u00fd v\u00fdkon:<\/strong> Ak sa valec nevys\u00fava alebo nezas\u00fava plynulo, m\u00f4\u017ee to by\u0165 sp\u00f4soben\u00e9 nedostato\u010dn\u00fdm mazan\u00edm alebo vn\u00fatorn\u00fdm po\u0161koden\u00edm. Skontrolujte a pod\u013ea potreby nama\u017ete.<\/li>\n<li><strong>Nerovnomern\u00fd pohyb:<\/strong> Ak sa ly\u017eica alebo pr\u00eddavn\u00e9 zariadenie pohybuje nerovnomerne, m\u00f4\u017ee to nazna\u010dova\u0165 probl\u00e9my s vyrovnan\u00edm alebo nerovnov\u00e1hu hydraulick\u00e9ho tlaku. Uistite sa, \u017ee valec je spr\u00e1vne vyrovnan\u00fd a skontrolujte konzistentnos\u0165 tlaku v hydraulickom syst\u00e9me.<\/li>\n<\/ul>\n<p>Aby oper\u00e1tori \u00faspe\u0161ne rie\u0161ili probl\u00e9my, mali by si vies\u0165 z\u00e1znamy o v\u0161etk\u00fdch zisten\u00fdch probl\u00e9moch a zaznamen\u00e1va\u0165 konkr\u00e9tne pr\u00edznaky a stavy. Tieto inform\u00e1cie m\u00f4\u017eu by\u0165 neocenite\u013en\u00e9 pri diagnostikovan\u00ed por\u00fach a implement\u00e1cii prevent\u00edvnych opatren\u00ed na zmiernenie potenci\u00e1lnych probl\u00e9mov.<\/p>\n<p><img decoding=\"async\" src=\"https:\/\/www.hydraulic-cylinders.net\/wp-content\/uploads\/2025\/04\/songte-bushings-with-all-kinds-of-excavator-models.webp\" alt=\"Puzdr\u00e1\" \/><\/p>\n<h2>O na\u0161ej spolo\u010dnosti<\/h2>\n<p>Sme popredn\u00fdm v\u00fdrobcom n\u00e1hradn\u00fdch hydraulick\u00fdch valcov a pon\u00fakame komplexn\u00fd sortiment produktov pre dom\u00e1ci aj medzin\u00e1rodn\u00fd trh. Na\u0161e odhodlanie dosahova\u0165 dokonalos\u0165 je zrejm\u00e9 v na\u0161ich prec\u00edznych v\u00fdrobn\u00fdch diel\u0148ach, kde uplat\u0148ujeme strat\u00e9giu d\u00f4kladn\u00e9ho riadenia v\u00fdroby.<\/p>\n<p>Neust\u00e1le zdokona\u013eujeme na\u0161e v\u00fdrobn\u00e9 kapacity invest\u00edciami do kvalifikovan\u00e9ho technick\u00e9ho person\u00e1lu, pokro\u010dil\u00fdch digit\u00e1lnych v\u00fdrobn\u00fdch zariaden\u00ed a profesion\u00e1lnych testovac\u00edch syst\u00e9mov. Tento z\u00e1v\u00e4zok n\u00e1m umo\u017e\u0148uje poskytova\u0165 vysoko efekt\u00edvne, presn\u00e9 a kvalitn\u00e9 produkty prisp\u00f4soben\u00e9 tak, aby sp\u013a\u0148ali rozmanit\u00e9 potreby z\u00e1kazn\u00edkov.<\/p>\n<p><img decoding=\"async\" src=\"https:\/\/www.hydraulic-cylinders.net\/wp-content\/uploads\/2025\/04\/songte-company-4.webp\" alt=\"Preh\u013ead spolo\u010dnosti\" \/><br \/>\n<img decoding=\"async\" src=\"https:\/\/www.hydraulic-cylinders.net\/wp-content\/uploads\/2025\/04\/songte-company-3.webp\" alt=\"Pokro\u010dil\u00e9 vybavenie\" \/><\/p>\n<h2>Z\u00e1ver<\/h2>\n<p>Stru\u010dne povedan\u00e9, valec v\u00fdlo\u017en\u00edka pre Yigong CY8150 je z\u00e1kladn\u00fdm komponentom pre \u0165a\u017ek\u00e9 stroje, ktor\u00fd umo\u017e\u0148uje efekt\u00edvnu prev\u00e1dzku v r\u00f4znych aplik\u00e1ci\u00e1ch. Na\u0161a spolo\u010dnos\u0165 sa p\u00fd\u0161i dod\u00e1van\u00edm vysoko kvalitn\u00fdch hydraulick\u00fdch valcov, podporovan\u00fdch profesion\u00e1lnymi slu\u017ebami a rie\u0161eniami, ktor\u00e9 sp\u013a\u0148aj\u00fa neust\u00e1le sa meniace po\u017eiadavky na\u0161ich z\u00e1kazn\u00edkov.<\/p>\n<p>Autor: lyl<\/p>","protected":false},"excerpt":{"rendered":"<p>Boom Cylinder For Yigong CY8150 Introduction to Boom Cylinder The Boom Cylinder is a crucial component in hydraulic systems, specifically designed to control the movement of buckets in various heavy machinery, such as excavators, backhoe loaders, and front loaders. This hydraulic cylinder allows the bucket to lift, lower, and tilt, facilitating efficient material handling tasks. [&hellip;]<\/p>","protected":false},"featured_media":17875,"comment_status":"open","ping_status":"closed","template":"","meta":{"_et_pb_use_builder":"","_et_pb_old_content":"","_et_gb_content_width":""},"product_brand":[],"product_cat":[1546],"product_tag":[1547,1496],"class_list":{"0":"post-19717","1":"product","2":"type-product","3":"status-publish","4":"has-post-thumbnail","6":"product_cat-boom-cylinders","7":"product_tag-boom-cylinders","8":"product_tag-hydraulic-cylinders","10":"first","11":"instock","12":"shipping-taxable","13":"product-type-simple"},"amp_enabled":true,"_links":{"self":[{"href":"https:\/\/www.hydraulic-cylinders.net\/sk\/wp-json\/wp\/v2\/product\/19717","targetHints":{"allow":["GET"]}}],"collection":[{"href":"https:\/\/www.hydraulic-cylinders.net\/sk\/wp-json\/wp\/v2\/product"}],"about":[{"href":"https:\/\/www.hydraulic-cylinders.net\/sk\/wp-json\/wp\/v2\/types\/product"}],"replies":[{"embeddable":true,"href":"https:\/\/www.hydraulic-cylinders.net\/sk\/wp-json\/wp\/v2\/comments?post=19717"}],"wp:featuredmedia":[{"embeddable":true,"href":"https:\/\/www.hydraulic-cylinders.net\/sk\/wp-json\/wp\/v2\/media\/17875"}],"wp:attachment":[{"href":"https:\/\/www.hydraulic-cylinders.net\/sk\/wp-json\/wp\/v2\/media?parent=19717"}],"wp:term":[{"taxonomy":"product_brand","embeddable":true,"href":"https:\/\/www.hydraulic-cylinders.net\/sk\/wp-json\/wp\/v2\/product_brand?post=19717"},{"taxonomy":"product_cat","embeddable":true,"href":"https:\/\/www.hydraulic-cylinders.net\/sk\/wp-json\/wp\/v2\/product_cat?post=19717"},{"taxonomy":"product_tag","embeddable":true,"href":"https:\/\/www.hydraulic-cylinders.net\/sk\/wp-json\/wp\/v2\/product_tag?post=19717"}],"curies":[{"name":"pracovn\u00fd list","href":"https:\/\/api.w.org\/{rel}","templated":true}]}}