{"id":19720,"date":"2025-04-07T07:03:41","date_gmt":"2025-04-07T07:03:41","guid":{"rendered":"https:\/\/www.hydraulic-cylinders.net\/product\/boom-cylinder-for-yigong-cy210\/"},"modified":"2025-04-07T07:03:43","modified_gmt":"2025-04-07T07:03:43","slug":"boom-cylinder-for-yigong-cy210","status":"publish","type":"product","link":"https:\/\/www.hydraulic-cylinders.net\/sk\/produkt\/boom-cylinder-for-yigong-cy210\/","title":{"rendered":"Valec v\u00fdlo\u017en\u00edka pre Yigong CY210"},"content":{"rendered":"<h1>Valec v\u00fdlo\u017en\u00edka pre Yigong CY210<\/h1>\n<h2>\u00davod do valca v\u00fdlo\u017en\u00edka<\/h2>\n<p>Hydraulick\u00fd valec v\u00fdlo\u017en\u00edka je k\u013e\u00fa\u010dovou s\u00fa\u010das\u0165ou hydraulick\u00fdch syst\u00e9mov, \u0161peci\u00e1lne navrhnut\u00fd na ovl\u00e1danie pohybu ly\u017e\u00edc v r\u00f4znych \u0165a\u017ek\u00fdch strojoch, ako s\u00fa r\u00fdpadl\u00e1, r\u00fdpadlo-naklada\u010de a \u010deln\u00e9 naklada\u010de. Tento hydraulick\u00fd valec umo\u017e\u0148uje zdv\u00edhanie, sp\u00fa\u0161\u0165anie a nakl\u00e1\u0148anie ly\u017eice, \u010do u\u013eah\u010duje efekt\u00edvnu manipul\u00e1ciu s materi\u00e1lom. Valec v\u00fdlo\u017en\u00edka je skon\u0161truovan\u00fd tak, aby odolal vysok\u00e9mu tlaku a \u0165a\u017ek\u00fdm n\u00e1kladom, a poskytuje potrebn\u00fa pevnos\u0165 a odolnos\u0165 potrebn\u00fa pre n\u00e1ro\u010dn\u00e9 aplik\u00e1cie. Jeho \u00faloha v hydraulick\u00fdch syst\u00e9moch je nevyhnutn\u00e1, preto\u017ee premie\u0148a hydraulick\u00fd tlak na mechanick\u00fd pohyb, \u010do umo\u017e\u0148uje obsluhe vykon\u00e1va\u0165 \u00falohy s presnos\u0165ou a \u013eahkos\u0165ou.<\/p>\n<p><img decoding=\"async\" src=\"https:\/\/www.hydraulic-cylinders.net\/wp-content\/uploads\/2025\/04\/songte-company-1.webp\" alt=\"Valec v\u00fdlo\u017en\u00edka pre Yigong CY210\"><\/p>\n<h2>Vlastnosti valca ramena<\/h2>\n<ul>\n<li><strong>Vysok\u00e1 pevnos\u0165 a odolnos\u0165:<\/strong> Valec v\u00fdlo\u017en\u00edka, zvy\u010dajne vyroben\u00fd z vysokopevnostnej ocele alebo hlin\u00edka, je navrhnut\u00fd tak, aby odolal vysok\u00e9mu tlaku a \u0165a\u017ek\u00fdm za\u0165a\u017eeniam a z\u00e1rove\u0148 bol vhodn\u00fd pre n\u00e1ro\u010dn\u00e9 pracovn\u00e9 podmienky. Jeho kon\u0161trukcia zoh\u013ead\u0148uje odolnos\u0165 vo\u010di opotrebovaniu a kor\u00f3zii, \u010d\u00edm sa predl\u017euje jeho \u017eivotnos\u0165.<\/li>\n<li><strong>Efekt\u00edvna hydraulick\u00e1 prev\u00e1dzka:<\/strong> Valec vyu\u017e\u00edva hydraulick\u00fd tlak oleja na dosiahnutie plynul\u00e9ho vys\u00favania a zas\u00favania, \u010do umo\u017e\u0148uje r\u00fdchlu reakciu na riadiace sign\u00e1ly a poskytuje v\u00fdkonn\u00e9 tla\u010dn\u00e9 a \u0165ahov\u00e9 schopnosti, vhodn\u00e9 na manipul\u00e1ciu s \u0165a\u017ek\u00fdmi predmetmi a zlo\u017eit\u00e9 \u00falohy.<\/li>\n<li><strong>R\u00f4zne typy:<\/strong> Hydraulick\u00e9 valce v\u00fdlo\u017en\u00edka je mo\u017en\u00e9 vybra\u0165 pod\u013ea potreby, vr\u00e1tane jedno\u010dinn\u00fdch (vyu\u017e\u00edvaj\u00facich hydraulick\u00fa silu v jednom smere) alebo dvoj\u010dinn\u00fdch (vyu\u017e\u00edvaj\u00facich hydraulick\u00fa silu v oboch smeroch), \u010do im umo\u017e\u0148uje splni\u0165 r\u00f4zne prev\u00e1dzkov\u00e9 po\u017eiadavky. Niektor\u00e9 modely s\u00fa teleskopick\u00e9, \u010do umo\u017e\u0148uje v\u00e4\u010d\u0161ie vysunutie bez zv\u00e4\u010d\u0161enia vonkaj\u0161\u00edch rozmerov, ide\u00e1lne pre aplik\u00e1cie s obmedzen\u00fdm priestorom.<\/li>\n<li><strong>Prisp\u00f4sobite\u013en\u00e9 n\u00e1vrhy:<\/strong> Na\u0161a spolo\u010dnos\u0165 dok\u00e1\u017ee vyrobi\u0165 tento produkt so \u0161pecifik\u00e1ciami prisp\u00f4soben\u00fdmi va\u0161im po\u017eiadavk\u00e1m. Na\u0161e produkty sl\u00fa\u017eia ako perfektn\u00e1 n\u00e1hrada za existuj\u00face hydraulick\u00e9 valce.<\/li>\n<li><strong>Robustn\u00e1 kon\u0161trukcia:<\/strong> Ka\u017ed\u00fd valec v\u00fdlo\u017en\u00edka je vyroben\u00fd pomocou pokro\u010dil\u00fdch v\u00fdrobn\u00fdch techn\u00edk, \u010do zais\u0165uje vysok\u00fa spo\u013eahlivos\u0165 a v\u00fdkon v n\u00e1ro\u010dn\u00fdch podmienkach.<\/li>\n<\/ul>\n<p><img decoding=\"async\" src=\"https:\/\/www.hydraulic-cylinders.net\/wp-content\/uploads\/2025\/04\/songte-cylinder-head-with-all-kinds-excavator-models.webp\" alt=\"Hlava valcov pre modely r\u00fdpadiel\"><\/p>\n<h2>Aplik\u00e1cie valca ramena<\/h2>\n<h3>Stavebn\u00e9 stroje<\/h3>\n<p>V r\u00fdpadl\u00e1ch s\u00fa valce v\u00fdlo\u017en\u00edka k\u013e\u00fa\u010dov\u00e9 pre kopanie, nakladanie a premiest\u0148ovanie zeminy alebo sutiny. Poskytuj\u00fa potrebn\u00fa silu na efekt\u00edvne zdv\u00edhanie a sp\u00fa\u0161\u0165anie ly\u017eice, \u010do umo\u017e\u0148uje obsluhe vykon\u00e1va\u0165 v\u00fdkopov\u00e9 pr\u00e1ce s presnos\u0165ou. V\u00fdkon t\u00fdchto valcov priamo ovplyv\u0148uje produktivitu a efekt\u00edvnos\u0165 stavebn\u00fdch projektov.<\/p>\n<h3>Po\u013enohospod\u00e1rske stroje<\/h3>\n<p>Pou\u017e\u00edvan\u00e9 v \u010deln\u00fdch naklada\u010doch, valce v\u00fdlo\u017en\u00edka pom\u00e1haj\u00fa pri naberan\u00ed, zdv\u00edhan\u00ed a preprave p\u00f4dy, sena a in\u00fdch materi\u00e1lov. Ich schopnos\u0165 zabezpe\u010di\u0165 plynul\u00fd pohyb a zna\u010dn\u00fa zdv\u00edhaciu silu ich rob\u00ed neocenite\u013en\u00fdmi pre po\u013enohospod\u00e1rske \u00falohy, \u010d\u00edm sa zlep\u0161uje efektivita oper\u00e1ci\u00ed, ako je nakladanie a vykladanie materi\u00e1lov.<\/p>\n<h3>R\u00fdpadl\u00e1<\/h3>\n<p>V r\u00fdpadl\u00e1ch umo\u017e\u0148uje valec v\u00fdlo\u017en\u00edka prenikn\u00fa\u0165 ly\u017eici do zeme, \u010do umo\u017e\u0148uje efekt\u00edvne kopanie. Jeho v\u00fdkonn\u00fd hydraulick\u00fd \u00fa\u010dinok zabezpe\u010duje, \u017ee oper\u00e1tori dok\u00e1\u017eu zvl\u00e1dnu\u0165 r\u00f4zne typy p\u00f4dy a podmienky, \u010do prispieva k v\u0161estrannosti a efekt\u00edvnosti r\u00fdpadiel na stavenisk\u00e1ch.<\/p>\n<h3>Naklada\u010de<\/h3>\n<p>V \u010deln\u00fdch naklada\u010doch s\u00fa valce v\u00fdlo\u017en\u00edka nevyhnutn\u00e9 pre efekt\u00edvne zdv\u00edhanie a vykladanie bremien. Pom\u00e1haj\u00fa pri zdv\u00edhan\u00ed materi\u00e1lov a nakl\u00e1\u0148an\u00ed ly\u017eice pre presn\u00e9 uvo\u013enenie obsahu, v\u010faka \u010domu s\u00fa k\u013e\u00fa\u010dov\u00e9 pre efekt\u00edvnu manipul\u00e1ciu s materi\u00e1lom v stavebn\u00edctve a ter\u00e9nnych \u00faprav\u00e1ch.<\/p>\n<h2>\u00davahy o dizajne a krit\u00e9ri\u00e1 v\u00fdberu<\/h2>\n<h3>Nosnos\u0165<\/h3>\n<p>Pri v\u00fdbere valca v\u00fdlo\u017en\u00edka je k\u013e\u00fa\u010dov\u00e9 pochopenie nosnosti. Ur\u010duje, ak\u00fa hmotnos\u0165 dok\u00e1\u017ee valec bezpe\u010dne zdvihn\u00fa\u0165 a manipulova\u0165 s n\u00edm. Nosnos\u0165 mus\u00ed by\u0165 dobre prisp\u00f4soben\u00e1 stroju a \u00faloh\u00e1m, ktor\u00e9 bude vykon\u00e1va\u0165, aby sa predi\u0161lo mechanick\u00e9mu po\u0161kodeniu a zabezpe\u010dila sa bezpe\u010dnos\u0165 prev\u00e1dzky.<\/p>\n<h3>Tesniaci v\u00fdkon<\/h3>\n<p>Tesniaci v\u00fdkon je pre hydraulick\u00e9 valce nevyhnutn\u00fd, aby sa zabr\u00e1nilo \u00fanikom a udr\u017eal tlak. Vysokokvalitn\u00e9 tesnenia s\u00fa nevyhnutn\u00e9 na zabezpe\u010denie dlhej \u017eivotnosti a spo\u013eahlivosti valca. Spr\u00e1vne tesniace mechanizmy udr\u017eiavaj\u00fa hydraulick\u00fa kvapalinu v dostato\u010dnom mno\u017estve, \u010d\u00edm zabra\u0148uj\u00fa strate funkcie a zabezpe\u010duj\u00fa konzistentn\u00fd v\u00fdkon za r\u00f4znych podmienok.<\/p>\n<h3>Trvanlivos\u0165 a dlh\u00e1 \u017eivotnos\u0165<\/h3>\n<p>Trvanlivos\u0165 je k\u013e\u00fa\u010dov\u00fdm faktorom pri v\u00fdbere valcov ramena. Musia odol\u00e1va\u0165 n\u00e1ro\u010dn\u00fdm podmienkam prostredia vr\u00e1tane extr\u00e9mnych tepl\u00f4t, vlhkosti a ne\u010dist\u00f4t. Materi\u00e1ly pou\u017eit\u00e9 pri v\u00fdrobe by mali by\u0165 odoln\u00e9 vo\u010di opotrebovaniu a kor\u00f3zii, aby sa zabezpe\u010dil optim\u00e1lny v\u00fdkon valca po\u010das celej jeho \u017eivotnosti bez \u010dastej v\u00fdmeny.<\/p>\n<h3>Bezpe\u010dnostn\u00e9 prvky<\/h3>\n<p>Bezpe\u010dnostn\u00e9 prvky v hydraulick\u00fdch valcoch s\u00fa k\u013e\u00fa\u010dov\u00e9 pre prevenciu neh\u00f4d a zaistenie bezpe\u010dnosti obsluhy. M\u00f4\u017eu zah\u0155\u0148a\u0165 pretlakov\u00e9 ventily, bezpe\u010dnostn\u00e9 z\u00e1mky a bezpe\u010dnostn\u00e9 mechanizmy, ktor\u00e9 chr\u00e1nia pred n\u00e1hlymi poruchami alebo poruchami, \u010d\u00edm prispievaj\u00fa k bezpe\u010dnej\u0161ej prev\u00e1dzke v n\u00e1ro\u010dn\u00fdch prostrediach.<\/p>\n<h3>Pr\u00edstupnos\u0165 \u00fadr\u017eby<\/h3>\n<p>Pri navrhovan\u00ed valcov ramena s oh\u013eadom na \u00fadr\u017ebu je nevyhnutn\u00e9 zabezpe\u010di\u0165 ich dostupnos\u0165 pre pravideln\u00e9 kontroly, opravy a mazanie. Kon\u0161trukcia, ktor\u00e1 umo\u017e\u0148uje jednoduch\u00fd pr\u00edstup k tesneniam a komponentom, u\u013eah\u010duje prevent\u00edvnu \u00fadr\u017ebu a predl\u017euje \u017eivotnos\u0165 valca.<\/p>\n<p><img decoding=\"async\" src=\"https:\/\/www.hydraulic-cylinders.net\/wp-content\/uploads\/2025\/04\/songte-oil-pipes-and-spare-parts.webp\" alt=\"Olejov\u00e9 potrubia a n\u00e1hradn\u00e9 diely\"><\/p>\n<h2>Tesnenie a mazanie<\/h2>\n<p>Tesniace a mazacie syst\u00e9my valcov v\u00fdlo\u017en\u00edka s\u00fa k\u013e\u00fa\u010dov\u00e9 pre ich efekt\u00edvnu prev\u00e1dzku. R\u00f4zne tesnenia, ako s\u00fa piestne tesnenia a ty\u010dov\u00e9 tesnenia, zohr\u00e1vaj\u00fa k\u013e\u00fa\u010dov\u00fa \u00falohu pri udr\u017eiavan\u00ed hydraulick\u00e9ho tlaku a predch\u00e1dzan\u00ed \u00fanikom. Tesnenia sa \u010dasto vyr\u00e1baj\u00fa z materi\u00e1lov odoln\u00fdch vo\u010di opotrebovaniu, ako je polyuret\u00e1n a nitrilov\u00e1 guma, aby sa zv\u00fd\u0161ila odolnos\u0165 a v\u00fdkon.<\/p>\n<p>Teleso valca a z\u00e1vitov\u00e9 koncov\u00e9 plochy prech\u00e1dzaj\u00fa presnou \u00fapravou, aby sa zlep\u0161ila odolnos\u0165 proti opotrebovaniu, \u010do je nevyhnutn\u00e9 pre dlhodob\u00fa funk\u010dnos\u0165. Pravideln\u00e9 mazanie hydraulick\u00fdm olejom zais\u0165uje hladk\u00fd chod pohybliv\u00fdch \u010dast\u00ed, \u010d\u00edm sa zni\u017euje trenie a opotrebovanie a z\u00e1rove\u0148 sa predl\u017euje celkov\u00e1 \u017eivotnos\u0165 valca.<\/p>\n<h2>Opatrenia prevent\u00edvnej \u00fadr\u017eby<\/h2>\n<ul>\n<li><strong>Pravideln\u00e9 kontroly:<\/strong> Vykonajte d\u00f4kladn\u00e9 kontroly, aby ste identifikovali ak\u00e9ko\u013evek zn\u00e1mky opotrebovania alebo netesnost\u00ed. V\u010dasn\u00e9 odhalenie probl\u00e9mov m\u00f4\u017ee zabr\u00e1ni\u0165 z\u00e1va\u017en\u00fdm poruch\u00e1m a n\u00e1kladn\u00fdm oprav\u00e1m.<\/li>\n<li><strong>Spr\u00e1vne mazanie:<\/strong> Uistite sa, \u017ee hydraulick\u00fd olej je na spr\u00e1vnej \u00farovni a v pr\u00edpade potreby ho vyme\u0148te. T\u00fdm sa zabr\u00e1ni prehriatiu a zn\u00ed\u017ei sa opotrebovanie vn\u00fatorn\u00fdch komponentov.<\/li>\n<li><strong>V\u00fdmena tesnenia:<\/strong> Pravidelne kontrolujte tesnenia, \u010di nevykazuj\u00fa zn\u00e1mky po\u0161kodenia alebo degrad\u00e1cie. V\u010dasn\u00e1 v\u00fdmena tesnen\u00ed m\u00f4\u017ee zabr\u00e1ni\u0165 \u00fanikom a udr\u017ea\u0165 hydraulick\u00fd tlak pre optim\u00e1lny v\u00fdkon.<\/li>\n<\/ul>\n<h2>Pokyny na in\u0161tal\u00e1ciu<\/h2>\n<p>Spr\u00e1vna in\u0161tal\u00e1cia valca v\u00fdlo\u017en\u00edka je rozhoduj\u00faca pre jeho v\u00fdkon a dlh\u00fa \u017eivotnos\u0165. Za\u010dnite t\u00fdm, \u017ee sa uist\u00edte, \u017ee pracovn\u00fd priestor je \u010dist\u00fd a bez ne\u010dist\u00f4t, ktor\u00e9 by mohli ovplyvni\u0165 in\u0161tal\u00e1ciu. Na upevnenie valca pou\u017eite vhodn\u00e9 mont\u00e1\u017ene konzoly a uistite sa, \u017ee je spr\u00e1vne zarovnan\u00fd so strojom.<\/p>\n<p>Pri in\u0161tal\u00e1cii dodr\u017eiavajte \u0161pecifik\u00e1cie v\u00fdrobcu t\u00fdkaj\u00face sa nastavenia kr\u00fatiaceho momentu a zarovnania. T\u00fdm sa zabezpe\u010d\u00ed plynul\u00fd a bezpe\u010dn\u00fd chod valca. Po in\u0161tal\u00e1cii skontrolujte, \u010di nedoch\u00e1dza k hydraulick\u00fdm netesnostiam a \u010di sa valec vo\u013ene pohybuje bez prek\u00e1\u017eok. Pravideln\u00e1 kontrola in\u0161tal\u00e1cie m\u00f4\u017ee pom\u00f4c\u0165 udr\u017ea\u0165 optim\u00e1lny v\u00fdkon a bezpe\u010dnos\u0165.<\/p>\n<h2>Be\u017en\u00e9 \u00falohy \u00fadr\u017eby<\/h2>\n<h3>Pravideln\u00e9 kontroly<\/h3>\n<p>Pravideln\u00e9 kontroly valca ramena pom\u00e1haj\u00fa identifikova\u0165 potenci\u00e1lne probl\u00e9my sk\u00f4r, ako sa stan\u00fa z\u00e1va\u017en\u00fdmi. Patria sem kontroly netesnost\u00ed, nezvy\u010dajn\u00fdch zvukov a zabezpe\u010denie spr\u00e1vnej hladiny hydraulickej kvapaliny. Pravideln\u00e9 monitorovanie m\u00f4\u017ee \u00fa\u010dinne predch\u00e1dza\u0165 katastrof\u00e1lnym poruch\u00e1m.<\/p>\n<h3>Spr\u00e1vne mazanie<\/h3>\n<p>Zabezpe\u010denie spr\u00e1vneho mazania je nevyhnutn\u00e9 pre udr\u017eanie funk\u010dnosti valca ramena. Pou\u017e\u00edvajte odpor\u00fa\u010dan\u00fa hydraulick\u00fa kvapalinu a dodr\u017eiavajte pokyny v\u00fdrobcu t\u00fdkaj\u00face sa intervalov v\u00fdmeny kvapaliny. Spr\u00e1vne mazanie zni\u017euje trenie a opotrebenie, \u010d\u00edm predl\u017euje \u017eivotnos\u0165 valca.<\/p>\n<h3>V\u00fdmena tesnenia a kontroly kalibr\u00e1cie<\/h3>\n<p>V\u00fdmena tesnenia je k\u013e\u00fa\u010dov\u00e1 pre udr\u017eanie hydraulickej integrity. Pravidelne kontrolujte tesnenia a vyme\u0148te ich, ak zistia ak\u00e9ko\u013evek opotrebovanie alebo po\u0161kodenie. Kalibra\u010dn\u00e9 kontroly s\u00fa tie\u017e d\u00f4le\u017eit\u00e9, aby sa zabezpe\u010dilo, \u017ee valec pracuje v r\u00e1mci stanoven\u00fdch parametrov, \u010d\u00edm sa zvy\u0161uje bezpe\u010dnos\u0165 a \u00fa\u010dinnos\u0165.<\/p>\n<p><img decoding=\"async\" src=\"https:\/\/www.hydraulic-cylinders.net\/wp-content\/uploads\/2025\/04\/songte-chushion-collar.webp\" alt=\"Vank\u00fa\u0161ov\u00fd golier\"><\/p>\n<h2>Bezpe\u010dnostn\u00e9 aspekty a faktory prostredia<\/h2>\n<p>Pri obsluhe hydraulick\u00fdch valcov s\u00fa bezpe\u010dnostn\u00e9 opatrenia prvorad\u00e9. Obsluha mus\u00ed by\u0165 vy\u0161kolen\u00e1, aby rozumela potenci\u00e1lnym rizik\u00e1m spojen\u00fdm s hydraulick\u00fdmi syst\u00e9mami. Na minimaliz\u00e1ciu riz\u00edk na pracovisku s\u00fa nevyhnutn\u00e9 spr\u00e1vne bezpe\u010dnostn\u00e9 protokoly vr\u00e1tane pou\u017e\u00edvania osobn\u00fdch ochrann\u00fdch prostriedkov a dodr\u017eiavania prev\u00e1dzkov\u00fdch pokynov.<\/p>\n<h2>Diagnostika por\u00fach a be\u017en\u00e9 probl\u00e9my<\/h2>\n<ul>\n<li><strong>Strata hydraulick\u00e9ho tlaku:<\/strong> M\u00f4\u017ee to by\u0165 sp\u00f4soben\u00e9 netesnos\u0165ami v syst\u00e9me, chybn\u00fdmi tesneniami alebo nedostato\u010dn\u00fdm mno\u017estvom hydraulickej kvapaliny. Skontrolujte vidite\u013en\u00e9 netesnosti a uistite sa, \u017ee hydraulick\u00e1 kvapalina je na spr\u00e1vnej hladine.<\/li>\n<li><strong>Pomal\u00e1 prev\u00e1dzka:<\/strong> Pomaly funguj\u00faci valec ramena m\u00f4\u017ee nazna\u010dova\u0165 n\u00edzku hladinu hydraulickej kvapaliny alebo jej kontamin\u00e1ciu. Pravideln\u00e1 \u00fadr\u017eba a v\u00fdmena kvapal\u00edn m\u00f4\u017eu pom\u00f4c\u0165 predch\u00e1dza\u0165 tomuto probl\u00e9mu.<\/li>\n<li><strong>Neo\u010dak\u00e1van\u00e9 zvuky:<\/strong> Nezvy\u010dajn\u00e9 zvuky po\u010das prev\u00e1dzky m\u00f4\u017eu signalizova\u0165 vn\u00fatorn\u00e9 opotrebenie, uvo\u013enen\u00e9 komponenty alebo nedostatok mazania. Vykonajte d\u00f4kladn\u00e9 kontroly, aby ste identifikovali a odstr\u00e1nili pr\u00ed\u010dinu hluku.<\/li>\n<\/ul>\n<h2>Tipy na rie\u0161enie probl\u00e9mov<\/h2>\n<p>Pre efekt\u00edvne rie\u0161enie probl\u00e9mov s hydraulick\u00fdmi valcami za\u010dnite systematickou kontrolou cel\u00e9ho hydraulick\u00e9ho syst\u00e9mu. Identifikujte v\u0161etky vidite\u013en\u00e9 probl\u00e9my, ako s\u00fa netesnosti, a po\u010das prev\u00e1dzky po\u010d\u00favajte nezvy\u010dajn\u00e9 zvuky. Uistite sa, \u017ee hydraulick\u00e1 kvapalina je \u010dist\u00e1 a na spr\u00e1vnej hladine, v pr\u00edpade potreby ju vyme\u0148te.<\/p>\n<p>Zav\u00e1dzanie prevent\u00edvnych opatren\u00ed, ako je pravideln\u00e1 \u00fadr\u017eba a kontroly, m\u00f4\u017ee v\u00fdrazne zn\u00ed\u017ei\u0165 pravdepodobnos\u0165 vzniku probl\u00e9mov. Vzdel\u00e1vanie oper\u00e1torov o spr\u00e1vnom pou\u017e\u00edvan\u00ed a starostlivosti o hydraulick\u00e9 syst\u00e9my tie\u017e prispieva k minimaliz\u00e1cii potenci\u00e1lnych probl\u00e9mov.<\/p>\n<p><img decoding=\"async\" src=\"https:\/\/www.hydraulic-cylinders.net\/wp-content\/uploads\/2025\/04\/songte-bushings-with-all-kinds-of-excavator-models.webp\" alt=\"Puzdr\u00e1 pre modely r\u00fdpadiel\"><\/p>\n<h2>O na\u0161ej spolo\u010dnosti<\/h2>\n<p>Sme popredn\u00fdm v\u00fdrobcom a ve\u013ekoobchodn\u00fdm distrib\u00fatorom n\u00e1hradn\u00fdch hydraulick\u00fdch valcov a pon\u00fakame komplexn\u00fd sortiment produktov, v\u010faka ktor\u00e9mu sme sa etablovali ako l\u00edder na dom\u00e1com aj medzin\u00e1rodnom trhu. N\u00e1\u0161 z\u00e1v\u00e4zok k excelentnosti v kvalite je podporen\u00fd prepracovanou strat\u00e9giou riadenia v\u00fdroby, ktor\u00e1 vyu\u017e\u00edva modern\u00e9 v\u00fdrobn\u00e9 zariadenia.<\/p>\n<p>So zameran\u00edm na kvalifikovan\u00fd person\u00e1l, \u0161pi\u010dkov\u00e9 digit\u00e1lne v\u00fdrobn\u00e9 zariadenia a profesion\u00e1lne testovacie syst\u00e9my neust\u00e1le vylep\u0161ujeme na\u0161u v\u00fdrobn\u00fa platformu. Na\u0161e siln\u00e9 inova\u010dn\u00e9 schopnosti v kombin\u00e1cii s princ\u00edpmi vysokej efektivity, presnosti a kvality n\u00e1m umo\u017e\u0148uj\u00fa uspokojova\u0165 rozmanit\u00e9 potreby z\u00e1kazn\u00edkov.<\/p>\n<p><img decoding=\"async\" src=\"https:\/\/www.hydraulic-cylinders.net\/wp-content\/uploads\/2025\/04\/songte-company-4.webp\" alt=\"Preh\u013ead spolo\u010dnosti\"><br \/>\n<img decoding=\"async\" src=\"https:\/\/www.hydraulic-cylinders.net\/wp-content\/uploads\/2025\/04\/songte-company-3.webp\" alt=\"Hlavn\u00e9 inform\u00e1cie o spolo\u010dnosti\"><\/p>\n<p>Autor: lyl<\/p>","protected":false},"excerpt":{"rendered":"<p>Boom Cylinder For Yigong CY210 Introduction to Boom Cylinder A boom cylinder is a crucial component in hydraulic systems, specifically designed to control the movement of buckets in various heavy machinery, such as excavators, backhoe loaders, and front-end loaders. This hydraulic cylinder enables the bucket to lift, lower, and tilt, facilitating efficient material handling tasks. [&hellip;]<\/p>","protected":false},"featured_media":17878,"comment_status":"open","ping_status":"closed","template":"","meta":{"_et_pb_use_builder":"","_et_pb_old_content":"","_et_gb_content_width":""},"product_brand":[],"product_cat":[1546],"product_tag":[1547,1496],"class_list":{"0":"post-19720","1":"product","2":"type-product","3":"status-publish","4":"has-post-thumbnail","6":"product_cat-boom-cylinders","7":"product_tag-boom-cylinders","8":"product_tag-hydraulic-cylinders","10":"first","11":"instock","12":"shipping-taxable","13":"product-type-simple"},"amp_enabled":true,"_links":{"self":[{"href":"https:\/\/www.hydraulic-cylinders.net\/sk\/wp-json\/wp\/v2\/product\/19720","targetHints":{"allow":["GET"]}}],"collection":[{"href":"https:\/\/www.hydraulic-cylinders.net\/sk\/wp-json\/wp\/v2\/product"}],"about":[{"href":"https:\/\/www.hydraulic-cylinders.net\/sk\/wp-json\/wp\/v2\/types\/product"}],"replies":[{"embeddable":true,"href":"https:\/\/www.hydraulic-cylinders.net\/sk\/wp-json\/wp\/v2\/comments?post=19720"}],"wp:featuredmedia":[{"embeddable":true,"href":"https:\/\/www.hydraulic-cylinders.net\/sk\/wp-json\/wp\/v2\/media\/17878"}],"wp:attachment":[{"href":"https:\/\/www.hydraulic-cylinders.net\/sk\/wp-json\/wp\/v2\/media?parent=19720"}],"wp:term":[{"taxonomy":"product_brand","embeddable":true,"href":"https:\/\/www.hydraulic-cylinders.net\/sk\/wp-json\/wp\/v2\/product_brand?post=19720"},{"taxonomy":"product_cat","embeddable":true,"href":"https:\/\/www.hydraulic-cylinders.net\/sk\/wp-json\/wp\/v2\/product_cat?post=19720"},{"taxonomy":"product_tag","embeddable":true,"href":"https:\/\/www.hydraulic-cylinders.net\/sk\/wp-json\/wp\/v2\/product_tag?post=19720"}],"curies":[{"name":"pracovn\u00fd list","href":"https:\/\/api.w.org\/{rel}","templated":true}]}}