{"id":19721,"date":"2025-04-07T07:03:45","date_gmt":"2025-04-07T07:03:45","guid":{"rendered":"https:\/\/www.hydraulic-cylinders.net\/product\/boom-cylinder-for-yigong-cy230lc-8\/"},"modified":"2025-04-07T07:03:54","modified_gmt":"2025-04-07T07:03:54","slug":"boom-cylinder-for-yigong-cy230lc-8","status":"publish","type":"product","link":"https:\/\/www.hydraulic-cylinders.net\/sk\/produkt\/boom-cylinder-for-yigong-cy230lc-8\/","title":{"rendered":"Valec v\u00fdlo\u017en\u00edka pre Yigong CY230LC-8"},"content":{"rendered":"<h1>Valec v\u00fdlo\u017en\u00edka pre Yigong CY230LC-8<\/h1>\n<h2>Preh\u013ead produktu<\/h2>\n<p>Hydraulick\u00fd valec v\u00fdlo\u017en\u00edka pre Yigong CY230LC-8 je k\u013e\u00fa\u010dov\u00fd komponent ur\u010den\u00fd na ovl\u00e1danie pohybu ly\u017e\u00edc \u0165a\u017ek\u00fdch strojov. Tento hydraulick\u00fd valec je \u0161peci\u00e1lne navrhnut\u00fd na prev\u00e1dzku v bagroch, r\u00fdpadlo-naklada\u010doch a \u010deln\u00fdch naklada\u010doch, \u010do umo\u017e\u0148uje efekt\u00edvne zdv\u00edhanie, sp\u00fa\u0161\u0165anie a nakl\u00e1\u0148anie ly\u017eice. T\u00e1to funkcia je nevyhnutn\u00e1 pre efekt\u00edvnu manipul\u00e1ciu s materi\u00e1lom v r\u00f4znych priemyseln\u00fdch aplik\u00e1ci\u00e1ch.<\/p>\n<p><img decoding=\"async\" src=\"https:\/\/www.hydraulic-cylinders.net\/wp-content\/uploads\/2025\/04\/songte-company-1.webp\" alt=\"Valec v\u00fdlo\u017en\u00edka\"><\/p>\n<h3>Defin\u00edcia a funk\u010dnos\u0165<\/h3>\n<p>Hydraulick\u00fd valec lopaty, tie\u017e zn\u00e1my ako valec v\u00fdlo\u017en\u00edka, sl\u00fa\u017ei ako hydraulick\u00fd aktu\u00e1tor zodpovedn\u00fd za presn\u00fd pohyb lopaty alebo pr\u00edslu\u0161enstva stroja. V\u010faka vyu\u017eitiu tlaku hydraulickej kvapaliny umo\u017e\u0148uje tento valec siln\u00fd a kontrolovan\u00fd pohyb, ktor\u00fd je nevyhnutn\u00fd pre \u00falohy, ako je kopanie, zdv\u00edhanie a preprava materi\u00e1lov. Kon\u0161trukcia t\u00fdchto valcov zabezpe\u010duje, \u017ee odol\u00e1vaj\u00fa vysok\u00e9mu tlaku a \u0165a\u017ek\u00fdm n\u00e1kladom, v\u010faka \u010domu s\u00fa nevyhnutn\u00e9 v stavebn\u00fdch a po\u013enohospod\u00e1rskych strojoch.<\/p>\n<h2>Vlastnosti valca v\u00fdlo\u017en\u00edka<\/h2>\n<ul>\n<li><strong>Vysok\u00e1 pevnos\u0165 a odolnos\u0165:<\/strong> Tieto valce, vyroben\u00e9 z vysokopevnostnej ocele alebo hlin\u00edka, s\u00fa navrhnut\u00e9 tak, aby odolali vysok\u00e9mu tlaku a \u0165a\u017ek\u00fdm za\u0165a\u017eeniam a z\u00e1rove\u0148 odol\u00e1vali n\u00e1ro\u010dn\u00fdm pracovn\u00fdm podmienkam.<\/li>\n<li><strong>Efekt\u00edvna hydraulick\u00e1 prev\u00e1dzka:<\/strong> Vyu\u017e\u00edvaj\u00fa hydraulick\u00fd tlak oleja pre plynul\u00e9 zas\u00favanie a vys\u00favanie, \u010d\u00edm poskytuj\u00fa r\u00fdchlu reakciu na povely oper\u00e1tora a dosahuj\u00fa zna\u010dn\u00fa tla\u010dn\u00fa a \u0165a\u017en\u00fa silu.<\/li>\n<li><strong>R\u00f4zne typy:<\/strong> Dostupn\u00e9 ako jedno\u010dinn\u00e9 (pracuj\u00face v jednom smere) alebo dvoj\u010dinn\u00e9 (pracuj\u00face v oboch smeroch) valce, pri\u010dom niektor\u00e9 modely s\u00fa teleskopick\u00e9 pre v\u00e4\u010d\u0161\u00ed dosah bez zv\u00e4\u010d\u0161enia vonkaj\u0161\u00edch rozmerov.<\/li>\n<\/ul>\n<h3>V\u00fdrobn\u00e9 kapacity<\/h3>\n<p>M\u00e1me kapacity na v\u00fdrobu tohto produktu, \u010d\u00edm zabezpe\u010dujeme perfektn\u00fa n\u00e1hradu za r\u00f4zne hydraulick\u00e9 valce. Na\u0161e produkty si zachov\u00e1vaj\u00fa vysok\u00e9 \u0161tandardy kvality a spo\u013eahlivosti.<\/p>\n<p><img decoding=\"async\" src=\"https:\/\/www.hydraulic-cylinders.net\/wp-content\/uploads\/2025\/04\/songte-cylinder-head-with-all-kinds-excavator-models.webp\" alt=\"V\u00fdroba hydraulick\u00fdch valcov\"><\/p>\n<h2>Aplik\u00e1cie valca v\u00fdlo\u017en\u00edka<\/h2>\n<h3>Stavebn\u00e9 stroje<\/h3>\n<p>V r\u00fdpadl\u00e1ch hr\u00e1 valec v\u00fdlo\u017en\u00edka d\u00f4le\u017eit\u00fa \u00falohu pri kopan\u00ed, nakladan\u00ed a preprave zeminy alebo sutiny. Umo\u017e\u0148uje obsluhe efekt\u00edvne vykon\u00e1va\u0165 r\u00f4zne \u00falohy, v\u010faka \u010domu je na stavenisk\u00e1ch nevyhnutn\u00fd.<\/p>\n<h3>Po\u013enohospod\u00e1rske stroje<\/h3>\n<p>Pri \u010deln\u00fdch naklada\u010doch u\u013eah\u010duje valec v\u00fdlo\u017en\u00edka naberanie, zdv\u00edhanie a prepravu p\u00f4dy, sena a in\u00fdch materi\u00e1lov, \u010d\u00edm zvy\u0161uje produktivitu v po\u013enohospod\u00e1rskych oper\u00e1ci\u00e1ch.<\/p>\n<h3>R\u00fdpadl\u00e1<\/h3>\n<p>V r\u00fdpadl\u00e1ch pom\u00e1ha valec lopaty pri prenikan\u00ed do zeme, \u010do umo\u017e\u0148uje efekt\u00edvne kopanie, ktor\u00e9 je k\u013e\u00fa\u010dov\u00e9 pre r\u00f4zne zemn\u00e9 pr\u00e1ce.<\/p>\n<h3>Naklada\u010de<\/h3>\n<p>V \u010deln\u00fdch naklada\u010doch pom\u00e1haj\u00fa valce v\u00fdlo\u017en\u00edka efekt\u00edvne zdv\u00edha\u0165 a vyklada\u0165 bremen\u00e1, \u010d\u00edm zabezpe\u010duj\u00fa optimaliz\u00e1ciu procesov manipul\u00e1cie s materi\u00e1lom z h\u013eadiska r\u00fdchlosti a efektivity.<\/p>\n<h2>\u00davahy o dizajne a krit\u00e9ri\u00e1 v\u00fdberu<\/h2>\n<h3>Nosnos\u0165<\/h3>\n<p>Pri navrhovan\u00ed valca v\u00fdlo\u017en\u00edka je nosnos\u0165 prvorad\u00e1. Valec mus\u00ed by\u0165 schopn\u00fd zvl\u00e1dnu\u0165 maxim\u00e1lne za\u0165a\u017eenie kladen\u00e9 po\u010das prev\u00e1dzky a z\u00e1rove\u0148 si zachova\u0165 \u0161truktur\u00e1lnu integritu. To si vy\u017eaduje starostliv\u00fd v\u00fdber materi\u00e1lu a kon\u0161trukciu, aby sa zabezpe\u010dilo, \u017ee valec odol\u00e1 statick\u00e9mu aj dynamick\u00e9mu za\u0165a\u017eeniu bez poruchy. Pou\u017eitie vysokopevnostn\u00fdch materi\u00e1lov je nevyhnutn\u00e9 na dosiahnutie po\u017eadovanej nosnosti a z\u00e1rove\u0148 na zachovanie n\u00edzkej hmotnosti valca.<\/p>\n<h3>Tesniace mechanizmy<\/h3>\n<p>\u00da\u010dinn\u00e9 tesnenie je k\u013e\u00fa\u010dov\u00e9 pre zabezpe\u010denie toho, aby hydraulick\u00e1 kvapalina neunikala a aby valec fungoval hladko. Vysokokvalitn\u00e9 tesnenia vyroben\u00e9 z materi\u00e1lov ako polyuret\u00e1n a nitrilov\u00fd kau\u010duk s\u00fa nevyhnutn\u00e9 pre udr\u017eanie tlaku a prevenciu kontamin\u00e1cie. Spr\u00e1vny v\u00fdber tesnenia prispieva k celkovej \u00fa\u010dinnosti a spo\u013eahlivosti hydraulick\u00e9ho syst\u00e9mu, zni\u017euje frekvenciu \u00fadr\u017eby a predl\u017euje \u017eivotnos\u0165 valca.<\/p>\n<h3>Trvanlivos\u0165<\/h3>\n<p>Trvanlivos\u0165 kon\u0161trukcie je nevyhnutn\u00e1 pre hydraulick\u00e9 valce vystaven\u00e9 n\u00e1ro\u010dn\u00fdm pracovn\u00fdm podmienkam. Funkcie, ako s\u00fa povlaky odoln\u00e9 vo\u010di opotrebovaniu a ochrana proti kor\u00f3zii, zabezpe\u010duj\u00fa, \u017ee valce odol\u00e1vaj\u00fa nepriazniv\u00fdm podmienkam, \u010d\u00edm sa zni\u017euj\u00fa n\u00e1klady na \u00fadr\u017ebu a prestoje. Okrem toho by kon\u0161trukcia mala umo\u017e\u0148ova\u0165 jednoduch\u00fd pr\u00edstup pri kontrol\u00e1ch a oprav\u00e1ch, aby sa pred\u013a\u017eila ich \u017eivotnos\u0165.<\/p>\n<h3>Bezpe\u010dnostn\u00e9 prvky<\/h3>\n<p>Bezpe\u010dnos\u0165 je k\u013e\u00fa\u010dov\u00fdm faktorom pri kon\u0161trukcii valcov v\u00fdlo\u017en\u00edka. Za\u010dlenenie prvkov, ako s\u00fa pretlakov\u00e9 ventily a mechanizmy ochrany proti pre\u0165a\u017eeniu, pom\u00e1ha predch\u00e1dza\u0165 nehod\u00e1m a po\u0161kodeniu zariaden\u00ed. Zabezpe\u010denie splnenia bezpe\u010dnostn\u00fdch noriem nielen chr\u00e1ni obsluhu, ale aj predl\u017euje prev\u00e1dzkov\u00fa \u017eivotnos\u0165 strojov.<\/p>\n<h3>Pr\u00edstupnos\u0165 \u00fadr\u017eby<\/h3>\n<p>Kon\u0161trukcia valca v\u00fdlo\u017en\u00edka by mala uprednost\u0148ova\u0165 aj pr\u00edstupnos\u0165 pri \u00fadr\u017ebe. Komponenty by mali by\u0165 usporiadan\u00e9 tak, aby umo\u017e\u0148ovali jednoduch\u00fa kontrolu a servis. To zah\u0155\u0148a zabezpe\u010denie v\u00fdmeny tesnen\u00ed a had\u00edc bez demont\u00e1\u017ee cel\u00e9ho syst\u00e9mu, \u010do zjednodu\u0161uje be\u017en\u00fa \u00fadr\u017ebu a skracuje prestoje.<\/p>\n<p><img decoding=\"async\" src=\"https:\/\/www.hydraulic-cylinders.net\/wp-content\/uploads\/2025\/04\/songte-oil-pipes-and-spare-parts.webp\" alt=\"\u010casti hydraulick\u00e9ho valca\"><\/p>\n<h2>Tesnenie a mazanie<\/h2>\n<p>Tesnenie a mazanie s\u00fa kritick\u00fdmi aspektmi prev\u00e1dzky hydraulick\u00e9ho valca. R\u00f4zne tesniace komponenty, ako s\u00fa tesnenia piestov a tesnenia ty\u010d\u00ed, zohr\u00e1vaj\u00fa v\u00fdznamn\u00fa \u00falohu pri udr\u017eiavan\u00ed hydraulick\u00e9ho tlaku a predch\u00e1dzan\u00ed \u00faniku kvapaliny. Tesnenia vyroben\u00e9 z odoln\u00fdch materi\u00e1lov, ako je polyuret\u00e1n a nitrilov\u00fd kau\u010duk, sa be\u017ene pou\u017e\u00edvaj\u00fa kv\u00f4li ich odolnosti vo\u010di opotrebovaniu a environment\u00e1lnym faktorom.<\/p>\n<p>Teleso valca a z\u00e1vitov\u00e9 konce prech\u00e1dzaj\u00fa d\u00f4kladn\u00fdmi procesmi kone\u010dnej \u00fapravy, aby sa zv\u00fd\u0161ila ich odolnos\u0165 proti opotrebovaniu. Pravideln\u00e9 mazanie hydraulick\u00fdm olejom je nevyhnutn\u00e9 pre zabezpe\u010denie hladk\u00e9ho chodu a zabr\u00e1nenie nadmern\u00e9mu opotrebovaniu pohybliv\u00fdch \u010dast\u00ed. Je d\u00f4le\u017eit\u00e9 udr\u017eiava\u0165 optim\u00e1lnu hladinu oleja a zabezpe\u010di\u0165, aby olej neobsahoval ne\u010distoty, aby sa pred\u013a\u017eila \u017eivotnos\u0165 valca.<\/p>\n<h2>Opatrenia prevent\u00edvnej \u00fadr\u017eby<\/h2>\n<ul>\n<li><strong>Pravideln\u00e9 kontroly:<\/strong> Pravideln\u00e9 kontroly pom\u00e1haj\u00fa identifikova\u0165 potenci\u00e1lne probl\u00e9my sk\u00f4r, ako sa stan\u00fa v\u00e1\u017enymi. Po\u010das be\u017en\u00fdch kontrol h\u013eadajte zn\u00e1mky opotrebovania, netesnost\u00ed alebo po\u0161kodenia.<\/li>\n<li><strong>Vhodn\u00e9 mazanie:<\/strong> Uistite sa, \u017ee valec je dostato\u010dne namazan\u00fd odpor\u00fa\u010dan\u00fdm hydraulick\u00fdm olejom a \u010dasto kontrolujte hladinu oleja, aby ste predi\u0161li chodu nasucho.<\/li>\n<li><strong>V\u00fdmena tesnenia:<\/strong> Pravidelne kontrolujte stav tesnen\u00ed a v pr\u00edpade potreby ich vyme\u0148te, aby ste zachovali hydraulick\u00fa integritu a predi\u0161li \u00fanikom.<\/li>\n<\/ul>\n<h2>Pokyny na in\u0161tal\u00e1ciu<\/h2>\n<p>Spr\u00e1vna in\u0161tal\u00e1cia valca v\u00fdlo\u017en\u00edka je rozhoduj\u00faca pre jeho v\u00fdkon a dlh\u00fa \u017eivotnos\u0165. Za\u010dnite t\u00fdm, \u017ee sa uist\u00edte, \u017ee mont\u00e1\u017ene povrchy s\u00fa \u010dist\u00e9 a bez ne\u010dist\u00f4t. Na upevnenie valca na mieste pou\u017eite vhodn\u00e9 mont\u00e1\u017ene konzoly a uistite sa, \u017ee je spr\u00e1vne zarovnan\u00fd, aby sa predi\u0161lo nadmern\u00e9mu nam\u00e1haniu komponentov.<\/p>\n<p>Je nevyhnutn\u00e9 dodr\u017eiava\u0165 \u0161pecifik\u00e1cie v\u00fdrobcu t\u00fdkaj\u00face sa nastavenia kr\u00fatiaceho momentu a toleranci\u00ed zarovnania. Po in\u0161tal\u00e1cii d\u00f4kladne skontrolujte hydraulick\u00e9 pripojenia, aby ste sa uistili, \u017ee nedoch\u00e1dza k \u00fanikom. Nakoniec syst\u00e9m otestujte za kontrolovan\u00fdch podmienok, aby ste overili, \u010di valec funguje hladko a efekt\u00edvne.<\/p>\n<h2>Be\u017en\u00e9 \u00falohy \u00fadr\u017eby<\/h2>\n<h3>Pravideln\u00e9 kontroly<\/h3>\n<p>Vykon\u00e1vanie pravideln\u00fdch kontrol je k\u013e\u00fa\u010dov\u00e9 pre v\u010dasn\u00e9 odhalenie ak\u00e9hoko\u013evek opotrebenia alebo po\u0161kodenia. Tento proakt\u00edvny pr\u00edstup pom\u00e1ha predch\u00e1dza\u0165 z\u00e1va\u017en\u00fdm poruch\u00e1m a udr\u017eiava\u0165 prev\u00e1dzkov\u00fa efekt\u00edvnos\u0165 zariadenia.<\/p>\n<h3>Vhodn\u00e9 mazanie<\/h3>\n<p>Spr\u00e1vne mazanie hydraulick\u00e9ho valca je nevyhnutn\u00e9 pre plynul\u00fd chod. Pravidelne kontrolujte a dop\u013a\u0148ajte hladinu hydraulick\u00e9ho oleja, aby ste zabezpe\u010dili efekt\u00edvnu prev\u00e1dzku valca bez nadmern\u00e9ho trenia.<\/p>\n<h3>V\u00fdmena tesnenia<\/h3>\n<p>Tesnenia sa \u010dasom m\u00f4\u017eu opotrebova\u0165 a je potrebn\u00e9 ich vymeni\u0165. Pravideln\u00e1 kontrola stavu tesnen\u00ed a ich v\u00fdmena pod\u013ea potreby zabezpe\u010duje, \u017ee hydraulick\u00fd syst\u00e9m zostane bez \u00fanikov a udr\u017e\u00ed si prev\u00e1dzkov\u00fd tlak.<\/p>\n<p><img decoding=\"async\" src=\"https:\/\/www.hydraulic-cylinders.net\/wp-content\/uploads\/2025\/04\/songte-chushion-collar.webp\" alt=\"Obj\u00edmka vank\u00fa\u0161a hydraulick\u00e9ho valca\"><\/p>\n<h2>Bezpe\u010dnostn\u00e9 aspekty a faktory prostredia<\/h2>\n<p>Pri pr\u00e1ci s hydraulick\u00fdmi valcami s\u00fa bezpe\u010dnostn\u00e9 opatrenia mimoriadne d\u00f4le\u017eit\u00e9. Obsluha by mala v\u017edy nosi\u0165 vhodn\u00e9 osobn\u00e9 ochrann\u00e9 prostriedky (OOP) a dodr\u017eiava\u0165 bezpe\u010dnostn\u00e9 protokoly pri obsluhe alebo \u00fadr\u017ebe strojov. V\u0161etk\u00fdm zamestnancom by malo by\u0165 poskytnut\u00e9 riadne \u0161kolenie, aby sa zabezpe\u010dilo, \u017ee rozumej\u00fa bezpe\u010dnej prev\u00e1dzke hydraulick\u00fdch syst\u00e9mov a minimalizovali riziko neh\u00f4d.<\/p>\n<h2>Diagnostika por\u00fach a be\u017en\u00e9 probl\u00e9my<\/h2>\n<ul>\n<li><strong>\u00danik:<\/strong> \u00daniky hydraulickej kvapaliny m\u00f4\u017eu nazna\u010dova\u0165 zlyhanie tesnenia alebo po\u0161kodenie valca. Pravidelne kontrolujte tesnenia a spoje, aby ste identifikovali a odstr\u00e1nili netesnosti.<\/li>\n<li><strong>Zn\u00ed\u017een\u00fd v\u00fdkon:<\/strong> Ak valec nereaguje pod\u013ea o\u010dak\u00e1vania, skontrolujte, \u010di nie s\u00fa probl\u00e9my, ako je vzduch v hydraulick\u00fdch potrubiach, n\u00edzka hladina kvapaliny alebo po\u0161koden\u00e9 komponenty.<\/li>\n<li><strong>Nezvy\u010dajn\u00e9 zvuky:<\/strong> Nezvy\u010dajn\u00e9 zvuky po\u010das prev\u00e1dzky m\u00f4\u017eu nazna\u010dova\u0165 vn\u00fatorn\u00e9 opotrebovanie alebo po\u0161kodenie. Presk\u00famajte ak\u00e9ko\u013evek abnorm\u00e1lne zvuky, aby ste predi\u0161li \u010fal\u0161iemu po\u0161kodeniu.<\/li>\n<\/ul>\n<h2>Tipy na rie\u0161enie probl\u00e9mov<\/h2>\n<p>Pre efekt\u00edvnu diagnostiku a rie\u0161enie probl\u00e9mov s valcom v\u00fdlo\u017en\u00edka je nevyhnutn\u00e9 d\u00f4kladne sledova\u0165 jeho v\u00fdkon. Ak zist\u00edte \u00fanik alebo zn\u00ed\u017een\u00fd v\u00fdkon, vykonajte d\u00f4kladn\u00fa kontrolu tesnen\u00ed, had\u00edc a armat\u00far. Pravideln\u00e9 \u00fadr\u017eb\u00e1rske postupy m\u00f4\u017eu v\u00fdrazne minimalizova\u0165 v\u00fdskyt be\u017en\u00fdch probl\u00e9mov a zabezpe\u010di\u0165 spo\u013eahliv\u00fd hydraulick\u00fd syst\u00e9m.<\/p>\n<p><img decoding=\"async\" src=\"https:\/\/www.hydraulic-cylinders.net\/wp-content\/uploads\/2025\/04\/songte-bushings-with-all-kinds-of-excavator-models.webp\" alt=\"Puzdro hydraulick\u00e9ho valca\"><\/p>\n<h2>Preh\u013ead spolo\u010dnosti<\/h2>\n<p>Sme v\u00fdrobca \u0161pecializuj\u00faci sa na n\u00e1hradn\u00e9 hydraulick\u00e9 valce a pon\u00fakame \u0161irok\u00fd sortiment produktov, v\u010faka ktor\u00fdm sme sa stali jedn\u00fdm z popredn\u00fdch v\u00fdrobcov a ve\u013ekoobchodn\u00fdch distrib\u00fatorov na dom\u00e1com aj medzin\u00e1rodnom trhu. N\u00e1\u0161 z\u00e1v\u00e4zok k excelentnosti je pod\u010diarknut\u00fd na\u0161imi prepracovan\u00fdmi v\u00fdrobn\u00fdmi procesmi a strat\u00e9giami riadenia priemyselnej v\u00fdroby.<\/p>\n<p>V\u010faka kvalifikovan\u00e9mu technick\u00e9mu person\u00e1lu, pokro\u010dil\u00e9mu digit\u00e1lnemu v\u00fdrobn\u00e9mu zariadeniu a profesion\u00e1lnym testovac\u00edm syst\u00e9mom neust\u00e1le zlep\u0161ujeme na\u0161e v\u00fdrobn\u00e9 kapacity, \u010d\u00edm zabezpe\u010dujeme vysok\u00fa efektivitu, presnos\u0165 a kvalitu, aby sme splnili rozmanit\u00e9 potreby z\u00e1kazn\u00edkov.<\/p>\n<p><img decoding=\"async\" src=\"https:\/\/www.hydraulic-cylinders.net\/wp-content\/uploads\/2025\/04\/songte-company-4.webp\" alt=\"V\u00fdrobn\u00e9 zariadenie spolo\u010dnosti\"><br \/>\n<img decoding=\"async\" src=\"https:\/\/www.hydraulic-cylinders.net\/wp-content\/uploads\/2025\/04\/songte-company-3.webp\" alt=\"V\u00fdrobn\u00e1 linka spolo\u010dnosti\"><\/p>\n<p>Autor: lyl<\/p>","protected":false},"excerpt":{"rendered":"<p>Boom Cylinder For Yigong CY230LC-8 Product Overview The Boom Cylinder for the Yigong CY230LC-8 is a crucial component designed for controlling the movement of heavy machinery buckets. This hydraulic cylinder is specifically tailored to operate in excavators, backhoe loaders, and front-end loaders, enabling the bucket to lift, lower, and tilt efficiently. This functionality is essential [&hellip;]<\/p>","protected":false},"featured_media":17879,"comment_status":"open","ping_status":"closed","template":"","meta":{"_et_pb_use_builder":"","_et_pb_old_content":"","_et_gb_content_width":""},"product_brand":[],"product_cat":[1546],"product_tag":[1547,1496],"class_list":{"0":"post-19721","1":"product","2":"type-product","3":"status-publish","4":"has-post-thumbnail","6":"product_cat-boom-cylinders","7":"product_tag-boom-cylinders","8":"product_tag-hydraulic-cylinders","10":"first","11":"instock","12":"shipping-taxable","13":"product-type-simple"},"amp_enabled":true,"_links":{"self":[{"href":"https:\/\/www.hydraulic-cylinders.net\/sk\/wp-json\/wp\/v2\/product\/19721","targetHints":{"allow":["GET"]}}],"collection":[{"href":"https:\/\/www.hydraulic-cylinders.net\/sk\/wp-json\/wp\/v2\/product"}],"about":[{"href":"https:\/\/www.hydraulic-cylinders.net\/sk\/wp-json\/wp\/v2\/types\/product"}],"replies":[{"embeddable":true,"href":"https:\/\/www.hydraulic-cylinders.net\/sk\/wp-json\/wp\/v2\/comments?post=19721"}],"wp:featuredmedia":[{"embeddable":true,"href":"https:\/\/www.hydraulic-cylinders.net\/sk\/wp-json\/wp\/v2\/media\/17879"}],"wp:attachment":[{"href":"https:\/\/www.hydraulic-cylinders.net\/sk\/wp-json\/wp\/v2\/media?parent=19721"}],"wp:term":[{"taxonomy":"product_brand","embeddable":true,"href":"https:\/\/www.hydraulic-cylinders.net\/sk\/wp-json\/wp\/v2\/product_brand?post=19721"},{"taxonomy":"product_cat","embeddable":true,"href":"https:\/\/www.hydraulic-cylinders.net\/sk\/wp-json\/wp\/v2\/product_cat?post=19721"},{"taxonomy":"product_tag","embeddable":true,"href":"https:\/\/www.hydraulic-cylinders.net\/sk\/wp-json\/wp\/v2\/product_tag?post=19721"}],"curies":[{"name":"pracovn\u00fd list","href":"https:\/\/api.w.org\/{rel}","templated":true}]}}