{"id":19724,"date":"2025-04-07T07:04:02","date_gmt":"2025-04-07T07:04:02","guid":{"rendered":"https:\/\/www.hydraulic-cylinders.net\/product\/boom-cylinder-for-xiniu-xn63180\/"},"modified":"2025-04-07T07:04:05","modified_gmt":"2025-04-07T07:04:05","slug":"boom-cylinder-for-xiniu-xn63180","status":"publish","type":"product","link":"https:\/\/www.hydraulic-cylinders.net\/sk\/produkt\/boom-cylinder-for-xiniu-xn63180\/","title":{"rendered":"Valec v\u00fdlo\u017en\u00edka pre Xiniu XN63180"},"content":{"rendered":"<h1>Valec v\u00fdlo\u017en\u00edka pre Xiniu XN63180<\/h1>\n<h2>Preh\u013ead produktu<\/h2>\n<p>Hydraulick\u00fd valec v\u00fdlo\u017en\u00edka pre Xiniu XN63180 je \u0161pecializovan\u00fd hydraulick\u00fd valec ur\u010den\u00fd na ovl\u00e1danie pohybu r\u00f4znych kypri\u010dov \u0165a\u017ek\u00fdch strojov, ako s\u00fa r\u00fdpadl\u00e1, r\u00fdpadlo-naklada\u010de a \u010deln\u00e9 naklada\u010de. Tento hydraulick\u00fd valec umo\u017e\u0148uje zdv\u00edhanie, sp\u00fa\u0161\u0165anie a nakl\u00e1\u0148anie kypri\u010da, \u010do u\u013eah\u010duje efekt\u00edvnu manipul\u00e1ciu s materi\u00e1lom. Hydraulick\u00fd valec kypri\u010da hr\u00e1 k\u013e\u00fa\u010dov\u00fa \u00falohu v hydraulick\u00fdch syst\u00e9moch, preto\u017ee poskytuje potrebn\u00fa silu a pohyb na vykon\u00e1vanie n\u00e1ro\u010dn\u00fdch pr\u00e1c v stavebn\u00edctve a po\u013enohospod\u00e1rstve. Jeho kon\u0161trukcia zais\u0165uje optim\u00e1lny v\u00fdkon a spo\u013eahlivos\u0165, v\u010faka \u010domu je nevyhnutnou s\u00fa\u010das\u0165ou pre oper\u00e1torov v r\u00f4znych odvetviach.<\/p>\n<p><img decoding=\"async\" src=\"https:\/\/www.hydraulic-cylinders.net\/wp-content\/uploads\/2025\/04\/songte-company-1.webp\" alt=\"Valec v\u00fdlo\u017en\u00edka\" \/><\/p>\n<h2>Vlastnosti valca v\u00fdlo\u017en\u00edka<\/h2>\n<ul>\n<li><strong>Vysok\u00e1 pevnos\u0165 a odolnos\u0165:<\/strong> Tento valec, zvy\u010dajne vyroben\u00fd z vysokopevnostnej ocele alebo hlin\u00edka, odol\u00e1 vysok\u00e9mu tlaku a \u0165a\u017ek\u00e9mu za\u0165a\u017eeniu, je vhodn\u00fd do n\u00e1ro\u010dn\u00fdch pracovn\u00fdch prostred\u00ed. Jeho kon\u0161trukcia zah\u0155\u0148a odolnos\u0165 vo\u010di opotrebovaniu a kor\u00f3zii, \u010d\u00edm sa predl\u017euje jeho \u017eivotnos\u0165.<\/li>\n<li><strong>Efekt\u00edvna hydraulick\u00e1 prev\u00e1dzka:<\/strong> Vyu\u017eitie tlaku hydraulick\u00e9ho oleja umo\u017e\u0148uje plynul\u00e9 vys\u00favanie a zas\u00favanie, r\u00fdchlu reakciu na ovl\u00e1dacie povely a z\u00e1rove\u0148 poskytuje siln\u00e9 tlakov\u00e9 a \u0165ahov\u00e9 sily, ide\u00e1lne na manipul\u00e1ciu s \u0165a\u017ek\u00fdmi predmetmi a zlo\u017eit\u00e9 \u00falohy.<\/li>\n<li><strong>R\u00f4zne typy:<\/strong> Dostupn\u00e9 v konfigur\u00e1ci\u00e1ch ako jedno\u010dinn\u00e9 (vyu\u017e\u00edvaj\u00face hydraulick\u00fa silu v jednom smere) alebo dvoj\u010dinn\u00e9 (vyu\u017e\u00edvaj\u00face hydraulick\u00fa silu v oboch smeroch), pri\u010dom niektor\u00e9 modely s\u00fa teleskopick\u00e9, aby umo\u017enili v\u00e4\u010d\u0161ie vysunutie bez zv\u00e4\u010d\u0161enia vonkaj\u0161\u00edch rozmerov, vhodn\u00e9 do stiesnen\u00fdch priestorov.<\/li>\n<li><strong>Mo\u017enosti z\u00e1kazkovej v\u00fdroby:<\/strong> Na\u0161e zariadenie dok\u00e1\u017ee vyrobi\u0165 tento produkt, ktor\u00fd dokonale nahrad\u00ed existuj\u00face hydraulick\u00e9 valce rie\u0161eniami na mieru, ktor\u00e9 sp\u013a\u0148aj\u00fa \u0161pecifick\u00e9 po\u017eiadavky.<\/li>\n<li><strong>\u0160irok\u00fd rozsah pou\u017eitia:<\/strong> Tieto valce, ur\u010den\u00e9 pre r\u00f4zne odvetvia, je mo\u017en\u00e9 prisp\u00f4sobi\u0165 r\u00f4znym typom strojov a aplik\u00e1ci\u00ed.<\/li>\n<\/ul>\n<p><img decoding=\"async\" src=\"https:\/\/www.hydraulic-cylinders.net\/wp-content\/uploads\/2025\/04\/songte-cylinder-head-with-all-kinds-excavator-models.webp\" alt=\"Model bagra\" \/><\/p>\n<h2>Scen\u00e1re aplik\u00e1ci\u00ed<\/h2>\n<h3>Stavebn\u00e9 stroje<\/h3>\n<p>V r\u00fdpadl\u00e1ch s\u00fa valce v\u00fdlo\u017en\u00edka nevyhnutn\u00e9 na kopanie, nakladanie a premiest\u0148ovanie zeminy alebo sutiny. U\u013eah\u010duj\u00fa kopanie t\u00fdm, \u017ee umo\u017e\u0148uj\u00fa ly\u017eici prenikn\u00fa\u0165 do p\u00f4dy, \u010d\u00edm sa zefekt\u00edv\u0148uj\u00fa v\u00fdkopov\u00e9 pr\u00e1ce. V r\u00fdpadlo-naklada\u010doch valec ly\u017eice nielen pom\u00e1ha pri kopan\u00ed, ale aj pri zdv\u00edhan\u00ed materi\u00e1lov, \u010d\u00edm v\u00fdrazne zvy\u0161uje produktivitu na stavenisk\u00e1ch.<\/p>\n<h3>Po\u013enohospod\u00e1rske stroje<\/h3>\n<p>Pre \u010deln\u00e9 naklada\u010de s\u00fa valce v\u00fdlo\u017en\u00edka nevyhnutn\u00e9 pri naberan\u00ed, zdv\u00edhan\u00ed a preprave p\u00f4dy, sena a in\u00fdch materi\u00e1lov. Ich schopnos\u0165 zvl\u00e1da\u0165 r\u00f4zne za\u0165a\u017eenia umo\u017e\u0148uje po\u013enohospod\u00e1rom zv\u00fd\u0161i\u0165 efektivitu ich prev\u00e1dzky a zabezpe\u010di\u0165 v\u010dasn\u00e9 dokon\u010denie \u00faloh od pr\u00edpravy po\u013ea a\u017e po zber \u00farody.<\/p>\n<h3>R\u00fdpadl\u00e1<\/h3>\n<p>V r\u00fdpadl\u00e1ch umo\u017e\u0148uje valec v\u00fdlo\u017en\u00edka efekt\u00edvne prenikanie ly\u017eice do zeme, \u010do u\u013eah\u010duje kopanie. T\u00e1to schopnos\u0165 je k\u013e\u00fa\u010dov\u00e1 pre r\u00f4zne \u00falohy vr\u00e1tane h\u013abenia v\u00fdkopov a pr\u00edpravy staveniska, kde je na vykonanie zlo\u017eit\u00fdch kopac\u00edch \u00faloh potrebn\u00e1 presnos\u0165 a v\u00fdkon.<\/p>\n<h3>Naklada\u010de<\/h3>\n<p>V \u010deln\u00fdch naklada\u010doch zohr\u00e1vaj\u00fa valce v\u00fdlo\u017en\u00edka k\u013e\u00fa\u010dov\u00fa \u00falohu pri efekt\u00edvnom zdv\u00edhan\u00ed a vykladan\u00ed materi\u00e1lov. Ich hydraulick\u00e9 schopnosti umo\u017e\u0148uj\u00fa obsluhe \u013eahko manipulova\u0165 s \u0165a\u017ek\u00fdmi bremenami, \u010d\u00edm sa zvy\u0161uje celkov\u00fd v\u00fdkon naklada\u010da v r\u00f4znych situ\u00e1ci\u00e1ch manipul\u00e1cie s materi\u00e1lom.<\/p>\n<h2>\u00davahy o dizajne a krit\u00e9ri\u00e1 v\u00fdberu<\/h2>\n<ul>\n<li><strong>Nosnos\u0165:<\/strong> V\u00fdber hydraulick\u00e9ho valca s vhodnou nosnos\u0165ou je nevyhnutn\u00fd na zabezpe\u010denie toho, aby zvl\u00e1dol o\u010dak\u00e1van\u00fa hmotnos\u0165 bez kompromisov v oblasti bezpe\u010dnosti alebo v\u00fdkonu. To zah\u0155\u0148a pochopenie \u0161pecifick\u00fdch po\u017eiadaviek aplik\u00e1cie a v\u00fdber valca, ktor\u00fd ich spo\u013eahlivo unesie.<\/li>\n<li><strong>Tesniace rie\u0161enia:<\/strong> \u00da\u010dinn\u00e9 utesnenie je k\u013e\u00fa\u010dov\u00e9 pre udr\u017eanie hydraulickej integrity. Vysokokvalitn\u00e9 tesnenia zabra\u0148uj\u00fa \u00faniku, ktor\u00fd m\u00f4\u017ee ohrozi\u0165 \u00fa\u010dinnos\u0165 syst\u00e9mu. Je nevyhnutn\u00e9 vybra\u0165 si tesnenia vyroben\u00e9 z materi\u00e1lov ako polyuret\u00e1n alebo nitrilov\u00fd kau\u010duk, ktor\u00e9 poskytuj\u00fa dlhotrvaj\u00faci v\u00fdkon pri r\u00f4znych tlakoch a teplot\u00e1ch.<\/li>\n<li><strong>Trvanlivos\u0165:<\/strong> Materi\u00e1ly a kon\u0161trukcia valca musia odol\u00e1va\u0165 n\u00e1ro\u010dn\u00fdm podmienkam, ktor\u00e9 sa \u010dasto vyskytuj\u00fa v stavebn\u00edctve a po\u013enohospod\u00e1rstve. Patria sem odolnos\u0165 vo\u010di opotrebovaniu a kor\u00f3zii, \u010do zabezpe\u010duje, \u017ee valec zostane funk\u010dn\u00fd po dlh\u00fa dobu.<\/li>\n<li><strong>Bezpe\u010dnostn\u00e9 prvky:<\/strong> Bezpe\u010dnos\u0165 je v hydraulick\u00fdch syst\u00e9moch prvorad\u00e1. Valce by mali by\u0165 navrhnut\u00e9 s prvkami, ktor\u00e9 zabra\u0148uj\u00fa pre\u0165a\u017eeniu a zabezpe\u010duj\u00fa bezpe\u010dn\u00fa prev\u00e1dzku za v\u0161etk\u00fdch podmienok. To zah\u0155\u0148a aj zabudovanie poistn\u00fdch ventilov a mechanizmov ochrany proti prasknutiu na zmiernenie riz\u00edk.<\/li>\n<li><strong>Pr\u00edstupnos\u0165 \u00fadr\u017eby:<\/strong> Pri n\u00e1vrhu by sa mala zoh\u013eadni\u0165 aj jednoduch\u00e1 \u00fadr\u017eba. Funkcie, ktor\u00e9 umo\u017e\u0148uj\u00fa r\u00fdchle kontroly, pravideln\u00e9 mazanie a v\u00fdmenu opotrebovan\u00fdch komponentov, m\u00f4\u017eu v\u00fdrazne skr\u00e1ti\u0165 prestoje a pred\u013a\u017ei\u0165 \u017eivotnos\u0165 valca.<\/li>\n<\/ul>\n<p><img decoding=\"async\" src=\"https:\/\/www.hydraulic-cylinders.net\/wp-content\/uploads\/2025\/04\/songte-oil-pipes-and-spare-parts.webp\" alt=\"Hydraulick\u00e9 komponenty\" \/><\/p>\n<h2>Tesnenie a mazanie<\/h2>\n<p>\u00da\u010dinn\u00e9 tesnenie je v hydraulick\u00fdch valcoch nevyhnutn\u00e9 na zabezpe\u010denie optim\u00e1lneho v\u00fdkonu a spo\u013eahlivosti. Na udr\u017eanie tlaku a zabr\u00e1nenie \u00faniku kvapaliny sa pou\u017e\u00edvaj\u00fa r\u00f4zne tesniace prvky, ako s\u00fa tesnenia piestov a ty\u010d\u00ed. Tesnenia vyroben\u00e9 z odoln\u00fdch materi\u00e1lov, ako je polyuret\u00e1n a nitrilov\u00e1 guma, s\u00fa vybran\u00e9 pre svoju odolnos\u0165 vo\u010di opotrebovaniu, \u010do zais\u0165uje dlh\u00fa \u017eivotnos\u0165 aj pri vysokotlakov\u00fdch podmienkach.<\/p>\n<p>Teleso valca a z\u00e1vitov\u00e9 konce s\u00fa starostlivo opracovan\u00e9 pre zv\u00fd\u0161enie odolnosti a odolnosti vo\u010di opotrebovaniu. Pravideln\u00e9 mazanie hydraulick\u00fdm olejom je nevyhnutn\u00e9 na minimaliz\u00e1ciu trenia a opotrebenia pohybliv\u00fdch \u010dast\u00ed, \u010d\u00edm sa predl\u017euje \u017eivotnos\u0165 valca.<\/p>\n<h2>Pravideln\u00e1 kontrola a prevent\u00edvna \u00fadr\u017eba<\/h2>\n<ul>\n<li><strong>Vizu\u00e1lne kontroly:<\/strong> Pravidelne kontrolujte valec, \u010di nevykazuje zn\u00e1mky opotrebovania, netesnost\u00ed alebo po\u0161kodenia. V\u010dasn\u00e9 odhalenie probl\u00e9mov m\u00f4\u017ee pred\u00eds\u0165 z\u00e1va\u017enej\u0161\u00edm probl\u00e9mom a zabezpe\u010di\u0165 nepretr\u017eit\u00fa prev\u00e1dzku.<\/li>\n<li><strong>Kontroly mazania:<\/strong> Zabezpe\u010dte dostato\u010dn\u00fa hladinu hydraulick\u00e9ho oleja a pravideln\u00fa \u00fadr\u017ebu mazac\u00edch miest. Nedostato\u010dn\u00e9 mazanie m\u00f4\u017ee vies\u0165 k zv\u00fd\u0161en\u00e9mu opotrebovaniu a pr\u00edpadn\u00e9mu zlyhaniu valca.<\/li>\n<li><strong>V\u00fdmena tesnenia:<\/strong> Monitorujte stav tesnen\u00ed a pod\u013ea potreby ich vymie\u0148ajte, aby ste predi\u0161li \u00fanikom a udr\u017eali hydraulick\u00fa \u00fa\u010dinnos\u0165. Pravideln\u00e1 v\u00fdmena m\u00f4\u017ee u\u0161etri\u0165 n\u00e1klady spojen\u00e9 s potenci\u00e1lnymi opravami a prestojmi.<\/li>\n<\/ul>\n<h2>Pokyny pre spr\u00e1vnu in\u0161tal\u00e1ciu<\/h2>\n<p>Spr\u00e1vna in\u0161tal\u00e1cia hydraulick\u00fdch valcov je k\u013e\u00fa\u010dov\u00e1 pre zabezpe\u010denie dlhej \u017eivotnosti a v\u00fdkonu. Za\u010dnite starostliv\u00fdm zarovnan\u00edm valca s mont\u00e1\u017enymi bodmi, aby ste predi\u0161li nespr\u00e1vnemu zarovnaniu, ktor\u00e9 m\u00f4\u017ee vies\u0165 k pred\u010dasn\u00e9mu opotrebovaniu. Na pevn\u00e9 upevnenie valca pou\u017eite vhodn\u00e9 mont\u00e1\u017ene konzoly.<\/p>\n<p>Pred prev\u00e1dzkou stroja skontrolujte, \u010di s\u00fa v\u0161etky hydraulick\u00e9 pripojenia tesn\u00e9 a bez netesnost\u00ed. Dodr\u017eiavanie pokynov v\u00fdrobcu t\u00fdkaj\u00facich sa in\u0161tala\u010dn\u00fdch postupov pom\u00f4\u017ee zachova\u0165 integritu hydraulick\u00e9ho syst\u00e9mu.<\/p>\n<p>Uistite sa, \u017ee valec pracuje v r\u00e1mci \u0161pecifikovan\u00fdch rozsahov tlaku a za\u0165a\u017eenia, aby ste predi\u0161li pre\u0165a\u017eeniu, ktor\u00e9 m\u00f4\u017ee vies\u0165 ku katastrof\u00e1lnym poruch\u00e1m. Po in\u0161tal\u00e1cii vykonajte funk\u010dn\u00fa sk\u00fa\u0161ku, aby ste potvrdili spr\u00e1vnu prev\u00e1dzku.<\/p>\n<h2>Be\u017en\u00e9 \u00falohy \u00fadr\u017eby<\/h2>\n<ul>\n<li><strong>Pravideln\u00e9 kontroly:<\/strong> Vykon\u00e1vajte pravideln\u00e9 kontroly, aby ste v\u010das identifikovali potenci\u00e1lne probl\u00e9my. Patria sem kontrola netesnost\u00ed, praskl\u00edn alebo ak\u00fdchko\u013evek zn\u00e1mok opotrebovania.<\/li>\n<li><strong>Spr\u00e1vne mazanie:<\/strong> Pravidelne nan\u00e1\u0161ajte hydraulick\u00fd olej na pohybliv\u00e9 \u010dasti, aby ste zn\u00ed\u017eili trenie a opotrebovanie. To je k\u013e\u00fa\u010dov\u00e9 pre dlh\u00fa \u017eivotnos\u0165 valca.<\/li>\n<li><strong>V\u00fdmena tesnenia:<\/strong> Pravidelne kontrolujte tesnenia a v\u010das ich vymie\u0148ajte, aby ste predi\u0161li \u00fanikom. Spr\u00e1vna \u00fadr\u017eba tesnen\u00ed je nevyhnutn\u00e1 pre udr\u017eanie hydraulick\u00e9ho tlaku.<\/li>\n<\/ul>\n<p>Spr\u00e1vna in\u0161tal\u00e1cia zah\u0155\u0148a zabezpe\u010denie spr\u00e1vneho zarovnania valca, preto\u017ee nespr\u00e1vne zarovnanie m\u00f4\u017ee vies\u0165 k nadmern\u00e9mu opotrebovaniu a pred\u010dasn\u00e9mu zlyhaniu. Na stabiliz\u00e1ciu valca pou\u017eite vhodn\u00e9 mont\u00e1\u017ene podpery. Pravideln\u00e9 kontroly opotrebenia m\u00f4\u017eu pom\u00f4c\u0165 predch\u00e1dza\u0165 poruch\u00e1m, zatia\u013e \u010do v\u010dasn\u00e9 opravy a v\u00fdmeny po\u0161koden\u00fdch dielov m\u00f4\u017eu zv\u00fd\u0161i\u0165 \u017eivotnos\u0165 a v\u00fdkon hydraulick\u00e9ho syst\u00e9mu.<\/p>\n<p><img decoding=\"async\" src=\"https:\/\/www.hydraulic-cylinders.net\/wp-content\/uploads\/2025\/04\/songte-chushion-collar.webp\" alt=\"Vank\u00fa\u0161ov\u00fd golier\" \/><\/p>\n<h2>Bezpe\u010dnostn\u00e9 aspekty a faktory prostredia<\/h2>\n<p>Pri pou\u017e\u00edvan\u00ed hydraulick\u00fdch valcov je dodr\u017eiavanie bezpe\u010dnostn\u00fdch opatren\u00ed prvorad\u00e9. Obsluha by mala by\u0165 vy\u0161kolen\u00e1 v bezpe\u010dn\u00fdch manipula\u010dn\u00fdch postupoch a mala by rozumie\u0165 potenci\u00e1lnym nebezpe\u010denstv\u00e1m spojen\u00fdm s hydraulick\u00fdmi syst\u00e9mami. Pravideln\u00e9 bezpe\u010dnostn\u00e9 audity m\u00f4\u017eu pom\u00f4c\u0165 identifikova\u0165 rizik\u00e1 a zavies\u0165 potrebn\u00e9 opatrenia na zabezpe\u010denie bezpe\u010dn\u00e9ho pracovn\u00e9ho prostredia.<\/p>\n<h2>Rie\u0161enie probl\u00e9mov a be\u017en\u00e9 probl\u00e9my<\/h2>\n<ul>\n<li><strong>\u00danik:<\/strong> \u00daniky hydraulickej kvapaliny m\u00f4\u017eu nazna\u010dova\u0165 poruchu tesnenia alebo nespr\u00e1vne pripojenia. Pravidelne kontrolujte tesnenia a pripojenia, aby ste predi\u0161li \u00faniku kvapaliny.<\/li>\n<li><strong>Nekonzistentn\u00e1 prev\u00e1dzka:<\/strong> Ak valec pracuje nepravidelne, m\u00f4\u017ee to by\u0165 sp\u00f4soben\u00e9 vzduchom v hydraulickom syst\u00e9me alebo nedostato\u010dn\u00fdm mno\u017estvom hydraulickej kvapaliny. Pravidelne odvzdu\u0161nite syst\u00e9m a kontrolujte hladiny kvapal\u00edn.<\/li>\n<li><strong>Prehriatie:<\/strong> Prehrievanie valca m\u00f4\u017ee znamena\u0165 nadmern\u00e9 za\u0165a\u017eenie alebo nedostato\u010dn\u00e9 mazanie. Monitorujte prev\u00e1dzkov\u00e9 podmienky a zabezpe\u010dte spr\u00e1vne mazanie, aby ste tento probl\u00e9m zmiernili.<\/li>\n<\/ul>\n<h2>Tipy na rie\u0161enie probl\u00e9mov<\/h2>\n<p>Pre efekt\u00edvnu diagnostiku a rie\u0161enie probl\u00e9mov by oper\u00e1tori mali postupova\u0165 systematicky. Za\u010dnite identifik\u00e1ciou pr\u00edznakov, ako s\u00fa netesnosti alebo nepravideln\u00e9 pohyby. Potom skontrolujte mo\u017en\u00e9 pr\u00ed\u010diny vr\u00e1tane opotrebovan\u00fdch tesnen\u00ed, vzduchu v syst\u00e9me alebo nedostato\u010dn\u00e9ho mazania. Zave\u010fte prevent\u00edvne opatrenia, ako je pravideln\u00e1 \u00fadr\u017eba a kontroly, aby ste minimalizovali riziko opakovan\u00fdch probl\u00e9mov.<\/p>\n<p><img decoding=\"async\" src=\"https:\/\/www.hydraulic-cylinders.net\/wp-content\/uploads\/2025\/04\/songte-bushings-with-all-kinds-of-excavator-models.webp\" alt=\"Puzdr\u00e1 pre bagre\" \/><\/p>\n<h2>Preh\u013ead spolo\u010dnosti<\/h2>\n<p>Sme popredn\u00fdm v\u00fdrobcom n\u00e1hradn\u00fdch hydraulick\u00fdch valcov s rozmanit\u00fdm sortimentom produktov, v\u010faka ktor\u00e9mu sme sa etablovali ako jeden z popredn\u00fdch ve\u013ekoobchodn\u00edkov na dom\u00e1com aj medzin\u00e1rodnom trhu. Zaviazali sme sa k vynikaj\u00facej kvalite a vyu\u017e\u00edvame prepracovan\u00fa strat\u00e9giu riadenia v\u00fdroby, pri\u010dom vyu\u017e\u00edvame technick\u00e9 talenty, pokro\u010dil\u00e9 digit\u00e1lne v\u00fdrobn\u00e9 zariadenia a komplexn\u00fd testovac\u00ed syst\u00e9m na zlep\u0161enie na\u0161ich v\u00fdrobn\u00fdch kapac\u00edt. Na\u0161e zameranie na vysok\u00fa efektivitu, presnos\u0165 a kvalitu n\u00e1m umo\u017e\u0148uje uspokoji\u0165 rozmanit\u00e9 potreby na\u0161ich z\u00e1kazn\u00edkov.<\/p>\n<p>Na\u0161a odbornos\u0165 sa roz\u0161iruje aj na \u0161pecializovan\u00e9 slu\u017eby vr\u00e1tane z\u00e1kazkov\u00fdch rie\u0161en\u00ed prisp\u00f4soben\u00fdch \u0161pecifick\u00fdm aplik\u00e1ci\u00e1m, \u010d\u00edm zabezpe\u010dujeme, \u017ee klienti dostan\u00fa optim\u00e1lne hydraulick\u00e9 valce pre svoje po\u017eiadavky. Sme hrd\u00ed na to, \u017ee sme dr\u017eite\u013emi medzin\u00e1rodn\u00fdch certifik\u00e1ci\u00ed, ktor\u00e9 potvrdzuj\u00fa n\u00e1\u0161 z\u00e1v\u00e4zok ku kvalite a bezpe\u010dnosti.<\/p>\n<p><img decoding=\"async\" src=\"https:\/\/www.hydraulic-cylinders.net\/wp-content\/uploads\/2025\/04\/songte-company-4.webp\" alt=\"Infra\u0161trukt\u00fara spolo\u010dnosti\" \/><br \/>\n<img decoding=\"async\" src=\"https:\/\/www.hydraulic-cylinders.net\/wp-content\/uploads\/2025\/04\/songte-company-3.webp\" alt=\"V\u00fdrobn\u00e9 zariadenie\" \/><\/p>\n<p>Autor: lyl<\/p>","protected":false},"excerpt":{"rendered":"<p>Boom Cylinder For Xiniu XN63180 Product Overview The Boom Cylinder for Xiniu XN63180 is a specialized hydraulic cylinder designed to control the movement of various heavy machinery buckets, such as excavators, backhoe loaders, and front loaders. This hydraulic cylinder enables the bucket to lift, lower, and tilt, facilitating efficient material handling tasks. The bucket cylinder [&hellip;]<\/p>","protected":false},"featured_media":17867,"comment_status":"open","ping_status":"closed","template":"","meta":{"_et_pb_use_builder":"","_et_pb_old_content":"","_et_gb_content_width":""},"product_brand":[],"product_cat":[1546],"product_tag":[1547,1496],"class_list":{"0":"post-19724","1":"product","2":"type-product","3":"status-publish","4":"has-post-thumbnail","6":"product_cat-boom-cylinders","7":"product_tag-boom-cylinders","8":"product_tag-hydraulic-cylinders","10":"first","11":"instock","12":"shipping-taxable","13":"product-type-simple"},"amp_enabled":true,"_links":{"self":[{"href":"https:\/\/www.hydraulic-cylinders.net\/sk\/wp-json\/wp\/v2\/product\/19724","targetHints":{"allow":["GET"]}}],"collection":[{"href":"https:\/\/www.hydraulic-cylinders.net\/sk\/wp-json\/wp\/v2\/product"}],"about":[{"href":"https:\/\/www.hydraulic-cylinders.net\/sk\/wp-json\/wp\/v2\/types\/product"}],"replies":[{"embeddable":true,"href":"https:\/\/www.hydraulic-cylinders.net\/sk\/wp-json\/wp\/v2\/comments?post=19724"}],"wp:featuredmedia":[{"embeddable":true,"href":"https:\/\/www.hydraulic-cylinders.net\/sk\/wp-json\/wp\/v2\/media\/17867"}],"wp:attachment":[{"href":"https:\/\/www.hydraulic-cylinders.net\/sk\/wp-json\/wp\/v2\/media?parent=19724"}],"wp:term":[{"taxonomy":"product_brand","embeddable":true,"href":"https:\/\/www.hydraulic-cylinders.net\/sk\/wp-json\/wp\/v2\/product_brand?post=19724"},{"taxonomy":"product_cat","embeddable":true,"href":"https:\/\/www.hydraulic-cylinders.net\/sk\/wp-json\/wp\/v2\/product_cat?post=19724"},{"taxonomy":"product_tag","embeddable":true,"href":"https:\/\/www.hydraulic-cylinders.net\/sk\/wp-json\/wp\/v2\/product_tag?post=19724"}],"curies":[{"name":"pracovn\u00fd list","href":"https:\/\/api.w.org\/{rel}","templated":true}]}}