{"id":19729,"date":"2025-04-07T07:04:25","date_gmt":"2025-04-07T07:04:25","guid":{"rendered":"https:\/\/www.hydraulic-cylinders.net\/product\/boom-cylinder-for-xiniu-xnx8\/"},"modified":"2025-04-07T07:04:27","modified_gmt":"2025-04-07T07:04:27","slug":"boom-cylinder-for-xiniu-xnx8","status":"publish","type":"product","link":"https:\/\/www.hydraulic-cylinders.net\/sk\/produkt\/boom-cylinder-for-xiniu-xnx8\/","title":{"rendered":"Valec v\u00fdlo\u017en\u00edka pre Xiniu XNX8"},"content":{"rendered":"<h1>Valec v\u00fdlo\u017en\u00edka pre Xiniu XNX8<\/h1>\n<h2>Pochopenie valca v\u00fdlo\u017en\u00edka<\/h2>\n<p>Hydraulick\u00fd valec v\u00fdlo\u017en\u00edka, \u0161peci\u00e1lne navrhnut\u00fd pre \u0165a\u017ek\u00e9 stroje, zohr\u00e1va k\u013e\u00fa\u010dov\u00fa \u00falohu pri prev\u00e1dzke r\u00f4znych zariaden\u00ed, ako s\u00fa r\u00fdpadl\u00e1 a naklada\u010de. Tento hydraulick\u00fd valec je zodpovedn\u00fd za ovl\u00e1danie pohybu ly\u017eice, \u010do umo\u017e\u0148uje jej zdv\u00edhanie, sp\u00fa\u0161\u0165anie a nakl\u00e1\u0148anie. Ako k\u013e\u00fa\u010dov\u00e1 s\u00fa\u010das\u0165 hydraulick\u00fdch syst\u00e9mov umo\u017e\u0148uje valec v\u00fdlo\u017en\u00edka efekt\u00edvnu manipul\u00e1ciu s materi\u00e1lom, v\u010faka \u010domu je nevyhnutnou s\u00fa\u010das\u0165ou stavebn\u00fdch a po\u013enohospod\u00e1rskych strojov.<\/p>\n<p><img decoding=\"async\" src=\"https:\/\/www.hydraulic-cylinders.net\/wp-content\/uploads\/2025\/04\/songte-company-1.webp\" alt=\"Obr\u00e1zok valca v\u00fdlo\u017en\u00edka\"><\/p>\n<h3>Defin\u00edcia a preh\u013ead<\/h3>\n<p>Hydraulick\u00fd valec v\u00fdlo\u017en\u00edka je typ hydraulick\u00e9ho valca, ktor\u00fd sa pou\u017e\u00edva najm\u00e4 v \u0165a\u017ek\u00fdch strojoch na riadenie pohybu ly\u017eice. Funguje na princ\u00edpe hydraulickej kvapaliny, ktor\u00e1 vytv\u00e1ra silu, \u010do umo\u017e\u0148uje stroju vykon\u00e1va\u0165 \u00falohy, ako je kopanie, zdv\u00edhanie a nakl\u00e1\u0148anie, s presnos\u0165ou. Tento mechanizmus je neoddelite\u013enou s\u00fa\u010das\u0165ou aplik\u00e1ci\u00ed, kde sa vykon\u00e1va zdv\u00edhanie \u0165a\u017ek\u00fdch bremien a manipul\u00e1cia s materi\u00e1lom, preto\u017ee poskytuje potrebn\u00fd v\u00fdkon a ovl\u00e1danie pre efekt\u00edvnu prev\u00e1dzku.<\/p>\n<h2>Vlastnosti valca v\u00fdlo\u017en\u00edka<\/h2>\n<ul>\n<li><strong>Vysok\u00e1 pevnos\u0165 a odolnos\u0165:<\/strong> Zvy\u010dajne je vyroben\u00fd z vysokopevnostnej ocele alebo hlin\u00edka a je navrhnut\u00fd tak, aby odolal vysok\u00e9mu tlaku a \u0165a\u017ek\u00fdm za\u0165a\u017eeniam. Je skon\u0161truovan\u00fd tak, aby vydr\u017eal n\u00e1ro\u010dn\u00e9 pracovn\u00e9 prostredie a je odoln\u00fd vo\u010di opotrebovaniu a kor\u00f3zii, \u010do pred\u013a\u017euje jeho \u017eivotnos\u0165.<\/li>\n<li><strong>Efekt\u00edvna hydraulick\u00e1 prev\u00e1dzka:<\/strong> Valec vyu\u017e\u00edva tlak hydraulickej kvapaliny na dosiahnutie plynul\u00e9ho vys\u00favania a zas\u00favania, r\u00fdchlo reaguje na povely oper\u00e1tora a poskytuje zna\u010dn\u00fa tla\u010dn\u00fa a \u0165a\u017en\u00fa silu vhodn\u00fa na zvl\u00e1dnutie \u0165a\u017ek\u00fdch a zlo\u017eit\u00fdch \u00faloh.<\/li>\n<li><strong>R\u00f4zne typy:<\/strong> Dostupn\u00e9 v jedno\u010dinn\u00fdch (hydraulicky ovl\u00e1dan\u00e9 v jednom smere) alebo dvoj\u010dinn\u00fdch (hydraulicky ovl\u00e1dan\u00e9 v oboch smeroch) modeloch, pri\u010dom niektor\u00e9 varianty s\u00fa teleskopick\u00e9, \u010do umo\u017e\u0148uje v\u00e4\u010d\u0161ie vysunutie bez zv\u00e4\u010d\u0161enia vonkaj\u0161\u00edch rozmerov, v\u010faka \u010domu s\u00fa ide\u00e1lne pre aplik\u00e1cie s obmedzen\u00fdm priestorom.<\/li>\n<li><strong>Z\u00e1kazkov\u00e1 v\u00fdroba:<\/strong> Na\u0161e produkty dok\u00e1\u017eu dokonale nahradi\u0165 existuj\u00face hydraulick\u00e9 valce, \u010d\u00edm zabezpe\u010duj\u00fa kompatibilitu a v\u00fdkon.<\/li>\n<li><strong>Spo\u013eahliv\u00fd v\u00fdkon:<\/strong> Navrhnut\u00e9 pre konzistentn\u00fa prev\u00e1dzku pri r\u00f4znych za\u0165a\u017eeniach, \u010d\u00edm sa zabezpe\u010d\u00ed spo\u013eahlivos\u0165 po\u010das n\u00e1ro\u010dn\u00fdch \u00faloh.<\/li>\n<\/ul>\n<p><img decoding=\"async\" src=\"https:\/\/www.hydraulic-cylinders.net\/wp-content\/uploads\/2025\/04\/songte-cylinder-head-with-all-kinds-excavator-models.webp\" alt=\"\u0160pecifik\u00e1cie valca v\u00fdlo\u017en\u00edka\"><\/p>\n<h2>Aplik\u00e1cie valca v\u00fdlo\u017en\u00edka<\/h2>\n<h3>Stavebn\u00e9 stroje<\/h3>\n<p>V r\u00fdpadl\u00e1ch s\u00fa valce v\u00fdlo\u017en\u00edka k\u013e\u00fa\u010dov\u00e9 pre kopanie, nakladanie a premiest\u0148ovanie zeminy alebo sutiny. Umo\u017e\u0148uj\u00fa ly\u017eici efekt\u00edvne prenika\u0165 do zeme, \u010do umo\u017e\u0148uje efekt\u00edvne v\u00fdkopov\u00e9 procesy. Podobne aj v r\u00fdpadlo-naklada\u010doch tieto valce pom\u00e1haj\u00fa pri kopan\u00ed aj zdv\u00edhan\u00ed, v\u010faka \u010domu s\u00fa v\u0161estrann\u00e9 pre r\u00f4zne stavebn\u00e9 \u010dinnosti.<\/p>\n<h3>Po\u013enohospod\u00e1rske stroje<\/h3>\n<p>V \u010deln\u00fdch naklada\u010doch u\u013eah\u010duj\u00fa valce v\u00fdlo\u017en\u00edka naberanie, zdv\u00edhanie a prepravu p\u00f4dy, sena a in\u00fdch materi\u00e1lov. Hydraulick\u00fd syst\u00e9m poskytuje potrebn\u00fd v\u00fdkon pre tieto \u00falohy, \u010d\u00edm zvy\u0161uje produktivitu a efekt\u00edvnos\u0165 po\u013enohospod\u00e1rskych oper\u00e1ci\u00ed.<\/p>\n<h3>R\u00fdpadl\u00e1<\/h3>\n<p>R\u00fdpadl\u00e1 sa spoliehaj\u00fa na valce v\u00fdlo\u017en\u00edka pri vykon\u00e1van\u00ed kopac\u00edch \u010dinnost\u00ed, ktor\u00e9 umo\u017e\u0148uj\u00fa ly\u017eici efekt\u00edvne prenika\u0165 do p\u00f4dy. T\u00e1to schopnos\u0165 je nevyhnutn\u00e1 pre \u00falohy, ako s\u00fa ter\u00e9nne \u00fapravy, h\u013abenie v\u00fdkopov a pr\u00edprava staveniska, kde je potrebn\u00e1 presnos\u0165 a v\u00fdkon.<\/p>\n<h3>Naklada\u010de<\/h3>\n<p>V \u010deln\u00fdch naklada\u010doch zohr\u00e1vaj\u00fa valce v\u00fdlo\u017en\u00edka k\u013e\u00fa\u010dov\u00fa \u00falohu pri efekt\u00edvnom zdv\u00edhan\u00ed a vykladan\u00ed bremien. Umo\u017e\u0148uj\u00fa obsluhe r\u00fdchlo a presne manipulova\u0165 s materi\u00e1lmi, \u010d\u00edm v\u00fdrazne zlep\u0161uj\u00fa prev\u00e1dzkov\u00fa efektivitu na stavenisk\u00e1ch.<\/p>\n<h2>\u00davahy o dizajne a krit\u00e9ri\u00e1 v\u00fdberu<\/h2>\n<h3>Nosnos\u0165<\/h3>\n<p>Nosnos\u0165 valca v\u00fdlo\u017en\u00edka je k\u013e\u00fa\u010dov\u00fdm faktorom, ktor\u00fd treba zv\u00e1\u017ei\u0165 pri v\u00fdbere hydraulick\u00e9ho valca. Mus\u00ed by\u0165 schopn\u00fd unies\u0165 maxim\u00e1lnu hmotnos\u0165, ktor\u00fa stroj zdvihne alebo presunie. Spr\u00e1vne pos\u00fadenie nosnosti zais\u0165uje bezpe\u010dn\u00fa a efekt\u00edvnu prev\u00e1dzku a zni\u017euje riziko mechanick\u00fdch por\u00fach.<\/p>\n<h3>Tesnenie<\/h3>\n<p>\u00da\u010dinn\u00e9 tesnenie je nevyhnutn\u00e9 na udr\u017eanie hydraulick\u00e9ho tlaku a zabr\u00e1nenie \u00faniku kvapaliny. Vysokokvalitn\u00e9 tesnenia s\u00fa nevyhnutn\u00e9 na zabezpe\u010denie dlhej \u017eivotnosti valca a na zabr\u00e1nenie kontamin\u00e1cie hydraulickej kvapaliny, ktor\u00e1 by mohla zhor\u0161i\u0165 v\u00fdkon.<\/p>\n<h3>Trvanlivos\u0165<\/h3>\n<p>Trvanlivos\u0165 valca ramena je ur\u010den\u00e1 pou\u017eit\u00fdmi materi\u00e1lmi a kon\u0161truk\u010dn\u00fdmi prvkami. Dobre navrhnut\u00fd valec by mal odol\u00e1va\u0165 opotrebovaniu sp\u00f4soben\u00e9mu neust\u00e1lym pohybom a vystaven\u00edm drsn\u00fdm podmienkam prostredia, \u010do zaru\u010duje dlh\u0161iu \u017eivotnos\u0165.<\/p>\n<h3>Bezpe\u010dnos\u0165<\/h3>\n<p>Pri v\u00fdbere valca ramena by mali by\u0165 bezpe\u010dnostn\u00e9 prvky v\u017edy prvorad\u00fdm h\u013eadiskom. Patria sem pos\u00fadenie schopnosti valca zvl\u00e1da\u0165 pre\u0165a\u017eenie a zabezpe\u010denie in\u0161tal\u00e1cie poistn\u00fdch ventilov, ktor\u00e9 zabr\u00e1nia katastrof\u00e1lnemu zlyhaniu po\u010das prev\u00e1dzky.<\/p>\n<h3>Udr\u017eiavate\u013enos\u0165<\/h3>\n<p>Jednoduch\u00e1 \u00fadr\u017eba je k\u013e\u00fa\u010dov\u00e1 pre minimaliz\u00e1ciu prestojov. V\u00fdber valca v\u00fdlo\u017en\u00edka, ktor\u00fd umo\u017e\u0148uje jednoduch\u00fd pr\u00edstup ku kritick\u00fdm komponentom na kontrolu a \u00fadr\u017ebu, zv\u00fd\u0161i prev\u00e1dzkov\u00fa efektivitu a pred\u013a\u017ei \u017eivotnos\u0165 zariadenia.<\/p>\n<p><img decoding=\"async\" src=\"https:\/\/www.hydraulic-cylinders.net\/wp-content\/uploads\/2025\/04\/songte-oil-pipes-and-spare-parts.webp\" alt=\"Komponenty hydraulick\u00e9ho valca\"><\/p>\n<h2>Tesnenie a mazanie<\/h2>\n<p>Spr\u00e1vne tesnenie a mazanie s\u00fa nevyhnutn\u00e9 pre v\u00fdkon a dlh\u00fa \u017eivotnos\u0165 valcov v\u00fdlo\u017en\u00edka. Na zabr\u00e1nenie \u00faniku kvapal\u00edn a kontamin\u00e1cii sa pou\u017e\u00edvaj\u00fa r\u00f4zne tesniace prvky, ako s\u00fa tesnenia piestov a tesnenia ty\u010d\u00ed. Materi\u00e1ly ako polyuret\u00e1n a nitrilov\u00e1 guma sa be\u017ene pou\u017e\u00edvaj\u00fa pre svoje vlastnosti odoln\u00e9 vo\u010di opotrebovaniu. Okrem toho teleso valca a z\u00e1vitov\u00e9 koncov\u00e9 povrchy vy\u017eaduj\u00fa presn\u00e9 opracovanie na zv\u00fd\u0161enie odolnosti vo\u010di opotrebovaniu. Pravideln\u00e9 mazanie hydraulick\u00fdm olejom je nevyhnutn\u00e9 na udr\u017eanie optim\u00e1lneho v\u00fdkonu a zabr\u00e1nenie opotrebovaniu s\u00favisiacemu s tren\u00edm.<\/p>\n<h2>Pravideln\u00e1 kontrola a prevent\u00edvna \u00fadr\u017eba<\/h2>\n<ul>\n<li><strong>Pravideln\u00e9 kontroly:<\/strong> Vykonajte d\u00f4kladn\u00e9 kontroly, \u010di nejavia zn\u00e1mky opotrebovania, netesnost\u00ed alebo po\u0161kodenia. V\u010dasn\u00e9 odhalenie probl\u00e9mov m\u00f4\u017ee pred\u00eds\u0165 z\u00e1va\u017enej\u0161\u00edm probl\u00e9mom v bud\u00facnosti.<\/li>\n<li><strong>Spr\u00e1vne mazanie:<\/strong> Uistite sa, \u017ee hydraulick\u00fd olej je dostato\u010dne naplnen\u00fd a pravidelne ho vymie\u0148ajte pod\u013ea odpor\u00fa\u010dan\u00ed v\u00fdrobcu, aby ste zaistili bezprobl\u00e9mov\u00fa prev\u00e1dzku.<\/li>\n<li><strong>V\u00fdmena tesnenia:<\/strong> Pravidelne kontrolujte a pod\u013ea potreby vymie\u0148ajte tesnenia, aby ste predi\u0161li \u00fanikom a zachovali \u00fa\u010dinnos\u0165.<\/li>\n<\/ul>\n<h2>Pokyny na in\u0161tal\u00e1ciu<\/h2>\n<p>Pre spr\u00e1vnu in\u0161tal\u00e1ciu valca ramena postupujte pod\u013ea t\u00fdchto krokov:<\/p>\n<ol>\n<li>Pred in\u0161tal\u00e1ciou sa uistite, \u017ee v\u0161etky komponenty s\u00fa \u010dist\u00e9 a bez ne\u010dist\u00f4t.<\/li>\n<li>Valec presne zarovnajte s mont\u00e1\u017enymi bodmi, aby ste predi\u0161li nam\u00e1haniu a nespr\u00e1vnemu zarovnaniu po\u010das prev\u00e1dzky.<\/li>\n<li>Na upevnenie valca na mieste pou\u017eite vhodn\u00e9 mont\u00e1\u017ene konzoly a uistite sa, \u017ee je pevne upevnen\u00fd.<\/li>\n<li>Pred prev\u00e1dzkou stroja skontrolujte tesnos\u0165 v\u0161etk\u00fdch hydraulick\u00fdch spojov.<\/li>\n<li>Pred plnou prev\u00e1dzkou otestujte syst\u00e9m pri n\u00edzkom tlaku, aby ste sa uistili, \u017ee v\u0161etko funguje spr\u00e1vne.<\/li>\n<\/ol>\n<h2>Be\u017en\u00e9 \u00falohy \u00fadr\u017eby<\/h2>\n<ul>\n<li><strong>Pravideln\u00e9 kontroly:<\/strong> Napl\u00e1nujte si pravideln\u00e9 kontroly, aby ste v\u010das odhalili ak\u00e9ko\u013evek opotrebenie alebo po\u0161kodenie.<\/li>\n<li><strong>Vhodn\u00e9 mazanie:<\/strong> Pravidelne nama\u017ete valec pod\u013ea \u0161pecifik\u00e1ci\u00ed, aby ste predi\u0161li opotrebovaniu a udr\u017eali jeho \u00fa\u010dinnos\u0165.<\/li>\n<li><strong>V\u00fdmena tesnenia a kontroly kalibr\u00e1cie:<\/strong> Pravidelne kontrolujte opotrebovanie tesnen\u00ed a pod\u013ea potreby ich vyme\u0148te, aby ste zabezpe\u010dili, \u017ee syst\u00e9m zostane utesnen\u00fd a \u00fa\u010dinn\u00fd.<\/li>\n<\/ul>\n<p>Po\u010das in\u0161tal\u00e1cie je d\u00f4le\u017eit\u00e9 spr\u00e1vne zarovna\u0165 valec a na jeho upevnenie pou\u017ei\u0165 vhodn\u00e9 mont\u00e1\u017ene konzoly. Pravideln\u00e1 \u00fadr\u017eba, ako s\u00fa kontroly a mazanie, je nevyhnutn\u00e1 pre pred\u013a\u017eenie \u017eivotnosti valca ramena a zabezpe\u010denie bezpe\u010dnej prev\u00e1dzky.<\/p>\n<p><img decoding=\"async\" src=\"https:\/\/www.hydraulic-cylinders.net\/wp-content\/uploads\/2025\/04\/songte-chushion-collar.webp\" alt=\"Vank\u00fa\u0161ov\u00fd golier\"><\/p>\n<h2>Bezpe\u010dnostn\u00e9 aspekty a faktory prostredia<\/h2>\n<p>Pri pr\u00e1ci s hydraulick\u00fdmi syst\u00e9mami s\u00fa bezpe\u010dnostn\u00e9 opatrenia prvorad\u00e9. Obsluha by mala nosi\u0165 vhodn\u00e9 osobn\u00e9 ochrann\u00e9 prostriedky (OOP) a zabezpe\u010di\u0165, aby sa po\u010das prev\u00e1dzky a \u00fadr\u017eby dodr\u017eiavali v\u0161etky bezpe\u010dnostn\u00e9 protokoly. Pravideln\u00e9 \u0161kolenia o hydraulickej bezpe\u010dnosti m\u00f4\u017eu predch\u00e1dza\u0165 nehod\u00e1m a zvy\u0161ova\u0165 prev\u00e1dzkov\u00fa efektivitu.<\/p>\n<h2>Rie\u0161enie probl\u00e9mov a be\u017en\u00e9 probl\u00e9my<\/h2>\n<ul>\n<li><strong>\u00daniky hydraulickej kvapaliny:<\/strong> Skontrolujte tesnenia a spoje, \u010di nie s\u00fa opotrebovan\u00e9 alebo po\u0161koden\u00e9. Po\u0161koden\u00e9 tesnenia ihne\u010f vyme\u0148te, aby ste predi\u0161li \u00fanikom.<\/li>\n<li><strong>Nedostato\u010dn\u00fd v\u00fdkon:<\/strong> M\u00f4\u017ee to nazna\u010dova\u0165 n\u00edzku hladinu hydraulickej kvapaliny alebo vn\u00fatorn\u00e9 po\u0161kodenie valca. Skontrolujte syst\u00e9m a v pr\u00edpade potreby ho dopl\u0148te alebo opravte.<\/li>\n<li><strong>Nezvy\u010dajn\u00e9 zvuky:<\/strong> Ak\u00e9ko\u013evek \u0161kr\u00edpav\u00e9 alebo klopav\u00e9 zvuky m\u00f4\u017eu nazna\u010dova\u0165 mechanick\u00e9 opotrebovanie alebo nespr\u00e1vne zarovnanie. Okam\u017eite skontrolujte, aby ste predi\u0161li \u010fal\u0161iemu po\u0161kodeniu.<\/li>\n<\/ul>\n<h2>Tipy a rie\u0161enia probl\u00e9mov<\/h2>\n<p>Pre efekt\u00edvne rie\u0161enie probl\u00e9mov:<\/p>\n<ul>\n<li>Pravidelne kontrolujte v\u0161etky hydraulick\u00e9 komponenty, \u010di nie s\u00fa opotrebovan\u00e9 alebo po\u0161koden\u00e9, a rie\u0161te probl\u00e9my hne\u010f, ako sa vyskytn\u00fa.<\/li>\n<li>Udr\u017eiavajte hydraulick\u00fa kvapalinu na spr\u00e1vnej hladine a vymie\u0148ajte ju pod\u013ea odpor\u00fa\u010dan\u00ed, aby ste predi\u0161li probl\u00e9mom s v\u00fdkonom.<\/li>\n<li>Zav\u00e1dzajte prevent\u00edvne opatrenia, ako je pravideln\u00e1 \u00fadr\u017eba a kontroly, aby ste minimalizovali potenci\u00e1lne probl\u00e9my a pred\u013a\u017eili \u017eivotnos\u0165 valca v\u00fdlo\u017en\u00edka.<\/li>\n<\/ul>\n<p><img decoding=\"async\" src=\"https:\/\/www.hydraulic-cylinders.net\/wp-content\/uploads\/2025\/04\/songte-bushings-with-all-kinds-of-excavator-models.webp\" alt=\"Puzdr\u00e1 hydraulick\u00fdch valcov\"><\/p>\n<h2>Preh\u013ead spolo\u010dnosti<\/h2>\n<p>Sme popredn\u00fdm v\u00fdrobcom n\u00e1hradn\u00fdch hydraulick\u00fdch valcov a pon\u00fakame komplexn\u00fd sortiment produktov pre dom\u00e1ci aj medzin\u00e1rodn\u00fd trh. N\u00e1\u0161 z\u00e1v\u00e4zok k vynikaj\u00facej kvalite je zalo\u017een\u00fd na prepracovanej v\u00fdrobnej strat\u00e9gii, ktor\u00e1 zah\u0155\u0148a pokro\u010dil\u00e9 technol\u00f3gie, kvalifikovan\u00fd person\u00e1l a efekt\u00edvny v\u00fdrobn\u00fd proces. Na\u0161e najmodernej\u0161ie v\u00fdrobn\u00e9 zariadenia s\u00fa vybaven\u00e9 \u0161pi\u010dkov\u00fdm digit\u00e1lnym vybaven\u00edm a pr\u00edsnym testovac\u00edm syst\u00e9mom, aby sme zabezpe\u010dili najvy\u0161\u0161ie \u0161tandardy kvality. Sme hrd\u00ed na na\u0161u schopnos\u0165 uspokoji\u0165 rozmanit\u00e9 potreby z\u00e1kazn\u00edkov s vysokou efektivitou, presnos\u0165ou a kvalitou.<\/p>\n<p>Na\u0161a odbornos\u0165 sa roz\u0161iruje na:<\/p>\n<ul>\n<li><strong>Profesionalita:<\/strong> S t\u00edmom sk\u00fasen\u00fdch odborn\u00edkov zabezpe\u010dujeme, aby na\u0161e produkty sp\u013a\u0148ali najvy\u0161\u0161ie \u0161tandardy v odvetv\u00ed.<\/li>\n<li><strong>Medzin\u00e1rodn\u00e9 certifik\u00e1cie:<\/strong> Na\u0161e v\u00fdrobky s\u00fa certifikovan\u00e9 v s\u00falade s medzin\u00e1rodn\u00fdmi normami kvality, \u010do zvy\u0161uje d\u00f4veru z\u00e1kazn\u00edkov.<\/li>\n<li><strong>Z\u00e1kazn\u00edcke slu\u017eby:<\/strong> Pon\u00fakame rie\u0161enia na mieru, ktor\u00e9 sp\u013a\u0148aj\u00fa \u0161pecifick\u00e9 po\u017eiadavky z\u00e1kazn\u00edkov a zaru\u010duj\u00fa ich spokojnos\u0165.<\/li>\n<li><strong>Pokro\u010dil\u00e9 v\u00fdrobn\u00e9 zariadenia:<\/strong> Na\u0161e v\u00fdrobn\u00e9 procesy vyu\u017e\u00edvaj\u00fa najmodernej\u0161ie technol\u00f3gie na zv\u00fd\u0161enie efektivity a presnosti.<\/li>\n<li><strong>Popredajn\u00fd servis:<\/strong> Poskytujeme rozsiahlu popredajn\u00fa podporu, aby sme z\u00e1kazn\u00edkom pomohli s ak\u00fdmiko\u013evek ot\u00e1zkami alebo probl\u00e9mami, s ktor\u00fdmi sa m\u00f4\u017eu stretn\u00fa\u0165.<\/li>\n<\/ul>\n<p><img decoding=\"async\" src=\"https:\/\/www.hydraulic-cylinders.net\/wp-content\/uploads\/2025\/04\/songte-company-4.webp\" alt=\"Preh\u013ead spolo\u010dnosti 1\"><img decoding=\"async\" src=\"https:\/\/www.hydraulic-cylinders.net\/wp-content\/uploads\/2025\/04\/songte-company-3.webp\" alt=\"Preh\u013ead spolo\u010dnosti 2\"><\/p>\n<p>Autor: lyl<\/p>","protected":false},"excerpt":{"rendered":"<p>Boom Cylinder For Xiniu XNX8 Understanding the Boom Cylinder The boom cylinder, specifically designed for heavy machinery, plays a crucial role in the operation of various equipment such as excavators and loaders. This hydraulic cylinder is responsible for controlling the movement of the bucket, enabling it to lift, lower, and tilt. As a vital component [&hellip;]<\/p>","protected":false},"featured_media":17872,"comment_status":"open","ping_status":"closed","template":"","meta":{"_et_pb_use_builder":"","_et_pb_old_content":"","_et_gb_content_width":""},"product_brand":[],"product_cat":[1546],"product_tag":[1547,1496],"class_list":{"0":"post-19729","1":"product","2":"type-product","3":"status-publish","4":"has-post-thumbnail","6":"product_cat-boom-cylinders","7":"product_tag-boom-cylinders","8":"product_tag-hydraulic-cylinders","10":"first","11":"instock","12":"shipping-taxable","13":"product-type-simple"},"amp_enabled":true,"_links":{"self":[{"href":"https:\/\/www.hydraulic-cylinders.net\/sk\/wp-json\/wp\/v2\/product\/19729","targetHints":{"allow":["GET"]}}],"collection":[{"href":"https:\/\/www.hydraulic-cylinders.net\/sk\/wp-json\/wp\/v2\/product"}],"about":[{"href":"https:\/\/www.hydraulic-cylinders.net\/sk\/wp-json\/wp\/v2\/types\/product"}],"replies":[{"embeddable":true,"href":"https:\/\/www.hydraulic-cylinders.net\/sk\/wp-json\/wp\/v2\/comments?post=19729"}],"wp:featuredmedia":[{"embeddable":true,"href":"https:\/\/www.hydraulic-cylinders.net\/sk\/wp-json\/wp\/v2\/media\/17872"}],"wp:attachment":[{"href":"https:\/\/www.hydraulic-cylinders.net\/sk\/wp-json\/wp\/v2\/media?parent=19729"}],"wp:term":[{"taxonomy":"product_brand","embeddable":true,"href":"https:\/\/www.hydraulic-cylinders.net\/sk\/wp-json\/wp\/v2\/product_brand?post=19729"},{"taxonomy":"product_cat","embeddable":true,"href":"https:\/\/www.hydraulic-cylinders.net\/sk\/wp-json\/wp\/v2\/product_cat?post=19729"},{"taxonomy":"product_tag","embeddable":true,"href":"https:\/\/www.hydraulic-cylinders.net\/sk\/wp-json\/wp\/v2\/product_tag?post=19729"}],"curies":[{"name":"pracovn\u00fd list","href":"https:\/\/api.w.org\/{rel}","templated":true}]}}