{"id":19730,"date":"2025-04-07T07:04:27","date_gmt":"2025-04-07T07:04:27","guid":{"rendered":"https:\/\/www.hydraulic-cylinders.net\/product\/boom-cylinder-for-kato-small-excavator-hd250\/"},"modified":"2025-04-07T07:04:30","modified_gmt":"2025-04-07T07:04:30","slug":"boom-cylinder-for-kato-small-excavator-hd250","status":"publish","type":"product","link":"https:\/\/www.hydraulic-cylinders.net\/sk\/produkt\/boom-cylinder-for-kato-small-excavator-hd250\/","title":{"rendered":"Valec v\u00fdlo\u017en\u00edka pre mal\u00e9 r\u00fdpadlo Kato HD250"},"content":{"rendered":"<h1>Valec v\u00fdlo\u017en\u00edka pre mal\u00e9 r\u00fdpadlo Kato HD250<\/h1>\n<h2>Preh\u013ead produktu<\/h2>\n<p>Hydraulick\u00fd valec v\u00fdlo\u017en\u00edka pre mal\u00e9 r\u00fdpadlo Kato HD250 je k\u013e\u00fa\u010dovou s\u00fa\u010das\u0165ou hydraulick\u00fdch syst\u00e9mov, \u0161peci\u00e1lne navrhnut\u00fd na riadenie pohybu ly\u017eice v \u0165a\u017ek\u00fdch strojoch. Ako typ hydraulick\u00e9ho valca zohr\u00e1va d\u00f4le\u017eit\u00fa \u00falohu pri riaden\u00ed r\u00f4znych funkci\u00ed, ako je zdv\u00edhanie, sp\u00fa\u0161\u0165anie a nakl\u00e1\u0148anie ly\u017eice r\u00fdpadla, \u010d\u00edm u\u013eah\u010duje efekt\u00edvnu manipul\u00e1ciu s materi\u00e1lom.<\/p>\n<p><img decoding=\"async\" src=\"https:\/\/www.hydraulic-cylinders.net\/wp-content\/uploads\/2025\/04\/songte-company-1.webp\" alt=\"Preh\u013ead valcov v\u00fdlo\u017en\u00edka\" \/><\/p>\n<h3>\u010co je to vedrov\u00fd valec?<\/h3>\n<p>Hydraulick\u00fd valec ly\u017eice je \u0161peci\u00e1lne navrhnut\u00fd na ovl\u00e1danie pohybu ly\u017e\u00edc v \u0165a\u017ek\u00fdch zariadeniach, ako s\u00fa bagre, r\u00fdpadl\u00e1-naklada\u010de a \u010deln\u00e9 naklada\u010de. Umo\u017e\u0148uje ly\u017eici zdv\u00edha\u0165, sp\u00fa\u0161\u0165a\u0165 a nakl\u00e1\u0148a\u0165, v\u010faka \u010domu je nevyhnutn\u00fd pre \u00falohy zah\u0155\u0148aj\u00face pohyb zeminy, sutiny alebo in\u00fdch materi\u00e1lov. V hydraulick\u00fdch syst\u00e9moch s\u00fa valce ly\u017eice zodpovedn\u00e9 za premenu hydraulick\u00e9ho tlaku na line\u00e1rny pohyb, \u010do efekt\u00edvne umo\u017e\u0148uje presn\u00fa prev\u00e1dzku. V\u010faka tomu s\u00fa nevyhnutn\u00e9 na stavenisk\u00e1ch a v r\u00f4znych priemyseln\u00fdch aplik\u00e1ci\u00e1ch.<\/p>\n<h2>Vlastnosti valca v\u00fdlo\u017en\u00edka<\/h2>\n<ul>\n<li><strong>Vysok\u00e1 pevnos\u0165 a odolnos\u0165:<\/strong> Tieto valce, ktor\u00e9 s\u00fa zvy\u010dajne vyroben\u00e9 z vysokopevnostnej ocele alebo hlin\u00edka, odol\u00e1vaj\u00fa vysok\u00e9mu tlaku a ve\u013ek\u00e9mu za\u0165a\u017eeniu, v\u010faka \u010domu s\u00fa vhodn\u00e9 do n\u00e1ro\u010dn\u00fdch pracovn\u00fdch prostred\u00ed. Pri kon\u0161trukcii sa zoh\u013ead\u0148uje odolnos\u0165 vo\u010di opotrebovaniu a kor\u00f3zii, \u010d\u00edm sa predl\u017euje ich \u017eivotnos\u0165.<\/li>\n<li><strong>Efekt\u00edvna hydraulick\u00e1 prev\u00e1dzka:<\/strong> V\u010faka hydraulick\u00e9mu tlaku oleja dosahuje valec v\u00fdlo\u017en\u00edka plynul\u00e9 vys\u00favanie a zas\u00favanie, r\u00fdchlo reaguje na ovl\u00e1dacie povely a poskytuje siln\u00fa tla\u010dn\u00fa a \u0165a\u017en\u00fa silu, ide\u00e1lnu na zvl\u00e1dnutie \u0165a\u017ek\u00fdch a zlo\u017eit\u00fdch \u00faloh.<\/li>\n<li><strong>R\u00f4zne typy:<\/strong> Tieto valce s\u00fa dostupn\u00e9 v jedno\u010dinnom (hydraulick\u00fd pohon v jednom smere) alebo dvoj\u010dinnom (hydraulick\u00fd pohon v oboch smeroch) preveden\u00ed a sp\u013a\u0148aj\u00fa r\u00f4zne prev\u00e1dzkov\u00e9 potreby. Niektor\u00e9 modely s\u00fa teleskopick\u00e9, \u010do umo\u017e\u0148uje v\u00e4\u010d\u0161ie vysunutie bez zv\u00e4\u010d\u0161enia vonkaj\u0161\u00edch rozmerov, a s\u00fa vhodn\u00e9 pre aplik\u00e1cie s obmedzen\u00fdm priestorom.<\/li>\n<li><strong>Z\u00e1kazkov\u00e1 v\u00fdroba:<\/strong> Tento produkt vyr\u00e1bame tak, aby dokonale nahradil r\u00f4zne hydraulick\u00e9 valce, \u010d\u00edm zabezpe\u010d\u00edme kompatibilitu a spo\u013eahlivos\u0165 pre r\u00f4zne stroje.<\/li>\n<\/ul>\n<p><img decoding=\"async\" src=\"https:\/\/www.hydraulic-cylinders.net\/wp-content\/uploads\/2025\/04\/songte-cylinder-head-with-all-kinds-excavator-models.webp\" alt=\"Vlastn\u00fd valec v\u00fdlo\u017en\u00edka\" \/><\/p>\n<h2>Aplik\u00e1cie valca v\u00fdlo\u017en\u00edka<\/h2>\n<h3>Stavebn\u00e9 stroje<\/h3>\n<p>V r\u00fdpadl\u00e1ch hraj\u00fa valce v\u00fdlo\u017en\u00edka d\u00f4le\u017eit\u00fa \u00falohu pri kopan\u00ed, nakladan\u00ed a premiest\u0148ovan\u00ed zeminy alebo sutiny. Umo\u017e\u0148uj\u00fa ly\u017eici prenikn\u00fa\u0165 do zeme, \u010do ju rob\u00ed nevyhnutnou pre v\u00fdkopov\u00e9 pr\u00e1ce. Okrem toho v r\u00fdpadlov\u00fdch naklada\u010doch valec v\u00fdlo\u017en\u00edka pom\u00e1ha pri kopan\u00ed aj zdv\u00edhan\u00ed, \u010do poskytuje v\u0161estrannos\u0165 na stavenisk\u00e1ch.<\/p>\n<h3>Po\u013enohospod\u00e1rske stroje<\/h3>\n<p>V \u010deln\u00fdch naklada\u010doch s\u00fa valce v\u00fdlo\u017en\u00edka k\u013e\u00fa\u010dov\u00e9 pre naberanie, zdv\u00edhanie a prepravu p\u00f4dy, sena a in\u00fdch materi\u00e1lov. Umo\u017e\u0148uj\u00fa obsluhe efekt\u00edvne riadi\u0165 po\u013enohospod\u00e1rske \u00falohy, \u010d\u00edm zvy\u0161uj\u00fa produktivitu a zni\u017euj\u00fa pracovn\u00fa n\u00e1ro\u010dnos\u0165.<\/p>\n<h3>R\u00fdpadl\u00e1<\/h3>\n<p>Hydraulick\u00e9 valce v\u00fdlo\u017en\u00edka umo\u017e\u0148uj\u00fa r\u00fdpanie v r\u00fdpadl\u00e1ch t\u00fdm, \u017ee umo\u017e\u0148uj\u00fa ly\u017eici efekt\u00edvne prenikn\u00fa\u0165 do p\u00f4dy, \u010do je nevyhnutn\u00e9 pre r\u00f4zne v\u00fdkopov\u00e9 projekty. Ich hydraulick\u00e1 sila zais\u0165uje r\u00fdchle a efekt\u00edvne vykon\u00e1vanie r\u00fdpac\u00edch \u010dinnost\u00ed.<\/p>\n<h3>Naklada\u010de<\/h3>\n<p>V \u010deln\u00fdch naklada\u010doch pom\u00e1haj\u00fa valce v\u00fdlo\u017en\u00edka pri zdv\u00edhan\u00ed a vykladan\u00ed bremien, \u010d\u00edm zvy\u0161uj\u00fa prev\u00e1dzkov\u00fa efektivitu. Umo\u017e\u0148uj\u00fa plynul\u00e9 a siln\u00e9 pohyby, ktor\u00e9 s\u00fa nevyhnutn\u00e9 na prepravu materi\u00e1lov medzi staveniskami.<\/p>\n<h2>\u00davahy o dizajne<\/h2>\n<h3>Nosnos\u0165<\/h3>\n<p>Nosnos\u0165 valca v\u00fdlo\u017en\u00edka je rozhoduj\u00faca pre zabezpe\u010denie bezpe\u010dnej a efekt\u00edvnej prev\u00e1dzky \u0165a\u017ek\u00fdch strojov. Mus\u00ed by\u0165 navrhnut\u00fd tak, aby zvl\u00e1dol maxim\u00e1lne za\u0165a\u017eenie o\u010dak\u00e1van\u00e9 v prev\u00e1dzkov\u00fdch scen\u00e1roch a poskytoval dostato\u010dn\u00e9 bezpe\u010dnostn\u00e9 rezervy, aby sa predi\u0161lo poruch\u00e1m po\u010das pou\u017e\u00edvania. In\u017einieri musia presne vypo\u010d\u00edta\u0165 o\u010dak\u00e1van\u00e9 za\u0165a\u017eenie s oh\u013eadom na dynamick\u00e9 podmienky, ktor\u00e9 m\u00f4\u017eu po\u010das prev\u00e1dzky vznikn\u00fa\u0165.<\/p>\n<h3>Tesnenie<\/h3>\n<p>\u00da\u010dinn\u00e9 tesnenie je nevyhnutn\u00e9 na zabr\u00e1nenie \u00faniku hydraulickej kvapaliny, \u010do m\u00f4\u017ee ohrozi\u0165 \u00fa\u010dinnos\u0165 hydraulick\u00e9ho syst\u00e9mu. Vysokokvalitn\u00e9 tesnenia vyroben\u00e9 z odoln\u00fdch materi\u00e1lov, ako je polyuret\u00e1n a nitrilov\u00e1 guma, zabezpe\u010duj\u00fa dlhotrvaj\u00faci v\u00fdkon. Pravideln\u00e1 \u00fadr\u017eba a v\u010dasn\u00e1 v\u00fdmena tesnen\u00ed s\u00fa k\u013e\u00fa\u010dov\u00e9 pre udr\u017eanie prev\u00e1dzkovej integrity a skr\u00e1tenie prestojov.<\/p>\n<h3>Trvanlivos\u0165<\/h3>\n<p>Trvanlivos\u0165 valcov v\u00fdlo\u017en\u00edka je ovplyvnen\u00e1 pou\u017eit\u00fdmi materi\u00e1lmi a v\u00fdrobn\u00fdm procesom. Vysokopevnostn\u00e9 materi\u00e1ly v spojen\u00ed s pokro\u010dil\u00fdmi v\u00fdrobn\u00fdmi technikami ved\u00fa k tomu, \u017ee valce s\u00fa schopn\u00e9 odol\u00e1va\u0165 extr\u00e9mnym podmienkam. T\u00e1to odolnos\u0165 predl\u017euje \u017eivotnos\u0165 produktu a zni\u017euje frekvenciu v\u00fdmen, \u010do vedie k \u00faspore n\u00e1kladov pre oper\u00e1torov.<\/p>\n<h3>Bezpe\u010dnos\u0165<\/h3>\n<p>Bezpe\u010dnostn\u00e9 prvky musia by\u0165 integrovan\u00e9 do kon\u0161trukcie valcov v\u00fdlo\u017en\u00edka, aby sa predi\u0161lo nehod\u00e1m a zabezpe\u010dila sa d\u00f4vera obsluhy. Patria sem implement\u00e1cia bezpe\u010dnostn\u00fdch prvkov, pretlakov\u00fdch ventilov a robustnej kon\u0161trukcie, ktor\u00e1 odol\u00e1 neo\u010dak\u00e1van\u00fdm tlakom alebo n\u00e1razom, \u010d\u00edm sa zv\u00fd\u0161i celkov\u00e1 bezpe\u010dnos\u0165 po\u010das prev\u00e1dzky.<\/p>\n<h3>\u00dadr\u017eba<\/h3>\n<p>Jednoduch\u00e1 \u00fadr\u017eba je k\u013e\u00fa\u010dov\u00fdm kon\u0161truk\u010dn\u00fdm krit\u00e9riom. Valce v\u00fdlo\u017en\u00edka by mali by\u0165 navrhnut\u00e9 tak, aby sa dala \u013eahko kontrolova\u0165, maza\u0165 a vymie\u0148a\u0165 diely. V\u00fdrobcovia by mali zv\u00e1\u017ei\u0165 pr\u00edstupnos\u0165 servisu, aby sa skr\u00e1til \u010das a n\u00e1klady na \u00fadr\u017ebu, a t\u00fdm sa zabezpe\u010dila dlh\u0161ia prev\u00e1dzka strojov.<\/p>\n<p><img decoding=\"async\" src=\"https:\/\/www.hydraulic-cylinders.net\/wp-content\/uploads\/2025\/04\/songte-oil-pipes-and-spare-parts.webp\" alt=\"\u010casti hydraulick\u00e9ho valca\" \/><\/p>\n<h2>Tesnenie a mazanie<\/h2>\n<p>\u00da\u010dinn\u00e9 tesnenie a mazanie s\u00fa k\u013e\u00fa\u010dov\u00e9 pre spr\u00e1vne fungovanie valcov v\u00fdlo\u017en\u00edka. Na zabr\u00e1nenie \u00faniku hydraulickej kvapaliny sa pou\u017e\u00edvaj\u00fa r\u00f4zne tesnenia, ako s\u00fa piestne tesnenia a tesnenia ty\u010d\u00ed. Tesnenia vyroben\u00e9 z materi\u00e1lov odoln\u00fdch vo\u010di opotrebovaniu, ako je polyuret\u00e1n a nitrilov\u00fd kau\u010duk, sa be\u017ene pou\u017e\u00edvaj\u00fa kv\u00f4li ich odolnosti. Teleso valca a z\u00e1vitov\u00e9 konce s\u00fa jemne opracovan\u00e9, aby sa zv\u00fd\u0161ila odolnos\u0165 vo\u010di opotrebovaniu. Je nevyhnutn\u00e9 pravidelne dop\u013a\u0148a\u0165 hydraulick\u00fd olej, aby sa udr\u017ealo dostato\u010dn\u00e9 mazanie, \u010d\u00edm sa zabr\u00e1ni treniu a opotrebovaniu pohybliv\u00fdch \u010dast\u00ed.<\/p>\n<h2>Opatrenia prevent\u00edvnej \u00fadr\u017eby<\/h2>\n<ul>\n<li><strong>Pravideln\u00e9 kontroly:<\/strong> Vykon\u00e1vanie pravideln\u00fdch kontrol pom\u00e1ha v\u010das odhali\u0165 opotrebovanie, \u010do umo\u017e\u0148uje v\u010dasn\u00e9 opravy a v\u00fdmeny. Prev\u00e1dzkovatelia by mali skontrolova\u0165 netesnosti, opotrebovanie tesnen\u00ed a celkov\u00fa integritu valcov.<\/li>\n<li><strong>Vhodn\u00e9 mazanie:<\/strong> Uistite sa, \u017ee hydraulick\u00fd syst\u00e9m je dostato\u010dne mazan\u00fd. Pou\u017e\u00edvajte hydraulick\u00fd olej odpor\u00fa\u010dan\u00fd v\u00fdrobcom a dodr\u017eiavajte pl\u00e1n mazania, aby ste udr\u017eali optim\u00e1lny v\u00fdkon a predi\u0161li po\u0161kodeniu v d\u00f4sledku trenia.<\/li>\n<li><strong>V\u00fdmena tesnenia:<\/strong> Pravidelne kontrolujte tesnenia, \u010di nevykazuj\u00fa zn\u00e1mky opotrebovania alebo po\u0161kodenia, a v pr\u00edpade potreby ich vyme\u0148te, aby ste predi\u0161li \u00fanikom a zachovali \u00fa\u010dinnos\u0165 syst\u00e9mu.<\/li>\n<\/ul>\n<h2>Pokyny na in\u0161tal\u00e1ciu<\/h2>\n<p>Spr\u00e1vna in\u0161tal\u00e1cia valca ramena je nevyhnutn\u00e1 pre optim\u00e1lny v\u00fdkon. Za\u010dnite t\u00fdm, \u017ee sa uist\u00edte, \u017ee pracovn\u00fd priestor je \u010dist\u00fd a bez ne\u010dist\u00f4t. Presne zarovnajte valec ramena s mont\u00e1\u017enymi bodmi pomocou vhodn\u00fdch mont\u00e1\u017enych konzol na jeho upevnenie. Pri u\u0165ahovan\u00ed skrutiek je nevyhnutn\u00e9 pou\u017ei\u0165 spr\u00e1vne \u0161pecifik\u00e1cie kr\u00fatiaceho momentu, aby sa predi\u0161lo naru\u0161eniu integrity valca. Po in\u0161tal\u00e1cii skontrolujte zarovnanie a prev\u00e1dzku valca, aby ste sa uistili, \u017ee funguje hladko a bez prek\u00e1\u017eok. Pravidelne kontrolujte postupy in\u0161tal\u00e1cie, aby ste zv\u00fd\u0161ili v\u00fdkon a bezpe\u010dnos\u0165 po\u010das prev\u00e1dzky.<\/p>\n<h2>Be\u017en\u00e9 \u00falohy \u00fadr\u017eby<\/h2>\n<ul>\n<li><strong>Pravideln\u00e9 kontroly:<\/strong> Pravideln\u00e9 kontroly valca ramena, \u010di nevykazuje vidite\u013en\u00e9 po\u0161kodenia alebo opotrebovanie, s\u00fa nevyhnutn\u00e9. Patria sem kontrola tesnen\u00ed, \u010di netesnia, a zabezpe\u010denie toho, aby v\u0161etky spoje boli bezpe\u010dn\u00e9 a neporu\u0161en\u00e9.<\/li>\n<li><strong>Spr\u00e1vne mazanie:<\/strong> Je nevyhnutn\u00e9 spr\u00e1vne maza\u0165 hydraulick\u00fd syst\u00e9m, aby sa zn\u00ed\u017eilo trenie medzi pohybliv\u00fdmi \u010das\u0165ami. Dodr\u017eiavajte pokyny v\u00fdrobcu t\u00fdkaj\u00face sa intervalov a mno\u017estiev mazania.<\/li>\n<li><strong>V\u00fdmena tesnenia a kontroly kalibr\u00e1cie:<\/strong> Pravidelne vymie\u0148ajte opotrebovan\u00e9 tesnenia a vykon\u00e1vajte kalibra\u010dn\u00e9 kontroly, aby ste zabezpe\u010dili, \u017ee hydraulick\u00fd syst\u00e9m pracuje v r\u00e1mci stanoven\u00fdch parametrov. To pom\u00e1ha udr\u017eiava\u0165 \u00fa\u010dinnos\u0165 a predl\u017euje \u017eivotnos\u0165 zariadenia.<\/li>\n<\/ul>\n<p>Po\u010das in\u0161tal\u00e1cie je k\u013e\u00fa\u010dov\u00e9 zabezpe\u010di\u0165 spr\u00e1vne zarovnanie valca. Pou\u017eitie vhodn\u00fdch mont\u00e1\u017enych konzol poskytne stabiliza\u010dn\u00fa oporu pre valec. Pravideln\u00e9 kontroly a v\u00fdmena komponentov zv\u00fd\u0161i odolnos\u0165 a \u00fa\u010dinnos\u0165 hydraulick\u00e9ho syst\u00e9mu.<\/p>\n<p><img decoding=\"async\" src=\"https:\/\/www.hydraulic-cylinders.net\/wp-content\/uploads\/2025\/04\/songte-chushion-collar.webp\" alt=\"Vank\u00fa\u0161ov\u00fd golier\" \/><\/p>\n<h2>Bezpe\u010dnostn\u00e9 aspekty a faktory prostredia<\/h2>\n<p>Pri pou\u017e\u00edvan\u00ed valcov ramena s\u00fa bezpe\u010dnostn\u00e9 opatrenia prvorad\u00e9 na predch\u00e1dzanie nehod\u00e1m. Obsluha by mala by\u0165 vy\u0161kolen\u00e1 v rozpozn\u00e1van\u00ed potenci\u00e1lnych nebezpe\u010denstiev a implement\u00e1cii bezpe\u010dnostn\u00fdch protokolov. Po\u010das prev\u00e1dzky sa musia nosi\u0165 vhodn\u00e9 osobn\u00e9 ochrann\u00e9 prostriedky (OOP). Pri v\u00fdbere materi\u00e1lov pre valce ramena by sa mali zv\u00e1\u017ei\u0165 aj faktory prostredia, ako je vystavenie extr\u00e9mnym teplot\u00e1m alebo koroz\u00edvnym materi\u00e1lom, aby sa zabezpe\u010dila dlh\u00e1 \u017eivotnos\u0165 a spo\u013eahlivos\u0165.<\/p>\n<h2>Diagnostika por\u00fach a be\u017en\u00e9 probl\u00e9my<\/h2>\n<ul>\n<li><strong>\u00danik:<\/strong> Jedn\u00fdm z naj\u010dastej\u0161\u00edch probl\u00e9mov s hydraulick\u00fdmi valcami je \u00fanik, \u010dasto sp\u00f4soben\u00fd opotrebovan\u00fdmi tesneniami. Pravideln\u00e1 kontrola m\u00f4\u017ee pom\u00f4c\u0165 identifikova\u0165 \u00faniky sk\u00f4r, ako poved\u00fa k v\u00e1\u017enym probl\u00e9mom.<\/li>\n<li><strong>Prehriatie:<\/strong> K prehriatiu m\u00f4\u017ee d\u00f4js\u0165 v d\u00f4sledku n\u00edzkej hladiny hydraulickej kvapaliny alebo nadmern\u00e9ho za\u0165a\u017eenia. Monitorovanie hlad\u00edn kvapal\u00edn a udr\u017eiavanie spr\u00e1vneho prev\u00e1dzkov\u00e9ho za\u0165a\u017eenia m\u00f4\u017ee pom\u00f4c\u0165 zmierni\u0165 tento probl\u00e9m.<\/li>\n<li><strong>Nepravideln\u00fd pohyb:<\/strong> Ak valec v\u00fdlo\u017en\u00edka pracuje nerovnomerne alebo nepravidelne, m\u00f4\u017ee to znamena\u0165 probl\u00e9m s hydraulickou kvapalinou alebo vn\u00fatorn\u00e9 po\u0161kodenie. Kontrola kvality a hladiny kvapal\u00edn je k\u013e\u00fa\u010dov\u00e1 pre udr\u017eanie hladkej prev\u00e1dzky.<\/li>\n<\/ul>\n<h2>Tipy a rie\u0161enia probl\u00e9mov<\/h2>\n<p>Pre efekt\u00edvnu diagnostiku a rie\u0161enie probl\u00e9mov s valcami ramena by oper\u00e1tori mali vykon\u00e1va\u0165 pravideln\u00e9 kontroly \u00fadr\u017eby. Skontrolujte tesnenia, \u010di nedoch\u00e1dza k \u00fanikom, a pod\u013ea potreby ich vyme\u0148te. Ak d\u00f4jde k prehriatiu, zhodno\u0165te hladiny hydraulickej kvapaliny a zv\u00e1\u017ete zn\u00ed\u017eenie prev\u00e1dzkov\u00e9ho za\u0165a\u017eenia. V pr\u00edpadoch nepravideln\u00e9ho pohybu zhodno\u0165te kvalitu hydraulickej kvapaliny a skontrolujte vn\u00fatorn\u00e9 upchatia alebo po\u0161kodenia. Prevent\u00edvne opatrenia, ako s\u00fa be\u017en\u00e9 kontroly a spr\u00e1vne mazanie, s\u00fa nevyhnutn\u00e9 na minimaliz\u00e1ciu potenci\u00e1lnych probl\u00e9mov a zabezpe\u010denie hladkej prev\u00e1dzky.<\/p>\n<p><img decoding=\"async\" src=\"https:\/\/www.hydraulic-cylinders.net\/wp-content\/uploads\/2025\/04\/songte-bushings-with-all-kinds-of-excavator-models.webp\" alt=\"Puzdr\u00e1 pre bagre\" \/><\/p>\n<h2>O na\u0161ej spolo\u010dnosti<\/h2>\n<p>Sme popredn\u00fdm v\u00fdrobcom n\u00e1hradn\u00fdch hydraulick\u00fdch valcov a pon\u00fakame komplexn\u00fd sortiment produktov, ktor\u00e9 uspokoja dom\u00e1ci aj medzin\u00e1rodn\u00fd trh. N\u00e1\u0161 z\u00e1v\u00e4zok k vynikaj\u00facej kvalite je podporen\u00fd prepracovanou v\u00fdrobnou strat\u00e9giou, ktor\u00e1 vyu\u017e\u00edva pokro\u010dil\u00e9 technol\u00f3gie a kvalifikovan\u00fdch odborn\u00edkov. Neust\u00e1le zdokona\u013eujeme na\u0161e v\u00fdrobn\u00e9 kapacity, aby sme zabezpe\u010dili, \u017ee na\u0161e produkty sp\u013a\u0148aj\u00fa vysok\u00e9 \u0161tandardy presnosti a odolnosti.<\/p>\n<h3>\u0160pecializovan\u00e9 slu\u017eby<\/h3>\n<ul>\n<li><strong>Odborn\u00e1 odbornos\u0165:<\/strong> N\u00e1\u0161 t\u00edm sa sklad\u00e1 zo sk\u00fasen\u00fdch odborn\u00edkov, ktor\u00ed rozumej\u00fa zlo\u017eitosti hydraulick\u00fdch syst\u00e9mov a s\u00fa odhodlan\u00ed dod\u00e1va\u0165 produkty najvy\u0161\u0161ej kvality.<\/li>\n<li><strong>Medzin\u00e1rodn\u00e9 certifik\u00e1cie:<\/strong> Dodr\u017eiavame medzin\u00e1rodn\u00e9 \u0161tandardy kvality a bezpe\u010dnosti, \u010d\u00edm zabezpe\u010dujeme spo\u013eahlivos\u0165 a d\u00f4veryhodnos\u0165 na\u0161ich produktov.<\/li>\n<li><strong>Rie\u0161enia na mieru:<\/strong> Pon\u00fakame rie\u0161enia na mieru, ktor\u00e9 sp\u013a\u0148aj\u00fa \u0161pecifick\u00e9 po\u017eiadavky z\u00e1kazn\u00edkov a zabezpe\u010duj\u00fa, aby na\u0161e produkty dokonale vyhovovali r\u00f4znym aplik\u00e1ci\u00e1m.<\/li>\n<li><strong>Pokro\u010dil\u00e9 vybavenie:<\/strong> Na\u0161e najmodernej\u0161ie v\u00fdrobn\u00e9 zariadenia n\u00e1m umo\u017e\u0148uj\u00fa vyr\u00e1ba\u0165 vysoko kvalitn\u00e9 hydraulick\u00e9 valce s v\u00fdnimo\u010dnou \u00fa\u010dinnos\u0165ou.<\/li>\n<li><strong>Popredajn\u00e1 podpora:<\/strong> Poskytujeme komplexn\u00e9 popredajn\u00e9 slu\u017eby, \u010d\u00edm zabezpe\u010dujeme spokojnos\u0165 z\u00e1kazn\u00edkov a podporu dlho po zak\u00fapen\u00ed.<\/li>\n<\/ul>\n<p><img decoding=\"async\" src=\"https:\/\/www.hydraulic-cylinders.net\/wp-content\/uploads\/2025\/04\/songte-company-4.webp\" alt=\"Preh\u013ead spolo\u010dnosti\" \/><br \/>\n<img decoding=\"async\" src=\"https:\/\/www.hydraulic-cylinders.net\/wp-content\/uploads\/2025\/04\/songte-company-3.webp\" alt=\"V\u00fdrobn\u00e9 zariadenie\" \/><\/p>\n<p>Autor: lyl<\/p>","protected":false},"excerpt":{"rendered":"<p>Boom Cylinder For Kato Small Excavator HD250 Product Overview The boom cylinder for the Kato small excavator HD250 is a crucial component in hydraulic systems, specifically designed to manage the movement of the bucket in heavy machinery. As a type of hydraulic cylinder, it plays a vital role in controlling various functions such as lifting, [&hellip;]<\/p>","protected":false},"featured_media":17873,"comment_status":"open","ping_status":"closed","template":"","meta":{"_et_pb_use_builder":"","_et_pb_old_content":"","_et_gb_content_width":""},"product_brand":[],"product_cat":[1546],"product_tag":[1547,1496],"class_list":{"0":"post-19730","1":"product","2":"type-product","3":"status-publish","4":"has-post-thumbnail","6":"product_cat-boom-cylinders","7":"product_tag-boom-cylinders","8":"product_tag-hydraulic-cylinders","10":"first","11":"instock","12":"shipping-taxable","13":"product-type-simple"},"amp_enabled":true,"_links":{"self":[{"href":"https:\/\/www.hydraulic-cylinders.net\/sk\/wp-json\/wp\/v2\/product\/19730","targetHints":{"allow":["GET"]}}],"collection":[{"href":"https:\/\/www.hydraulic-cylinders.net\/sk\/wp-json\/wp\/v2\/product"}],"about":[{"href":"https:\/\/www.hydraulic-cylinders.net\/sk\/wp-json\/wp\/v2\/types\/product"}],"replies":[{"embeddable":true,"href":"https:\/\/www.hydraulic-cylinders.net\/sk\/wp-json\/wp\/v2\/comments?post=19730"}],"wp:featuredmedia":[{"embeddable":true,"href":"https:\/\/www.hydraulic-cylinders.net\/sk\/wp-json\/wp\/v2\/media\/17873"}],"wp:attachment":[{"href":"https:\/\/www.hydraulic-cylinders.net\/sk\/wp-json\/wp\/v2\/media?parent=19730"}],"wp:term":[{"taxonomy":"product_brand","embeddable":true,"href":"https:\/\/www.hydraulic-cylinders.net\/sk\/wp-json\/wp\/v2\/product_brand?post=19730"},{"taxonomy":"product_cat","embeddable":true,"href":"https:\/\/www.hydraulic-cylinders.net\/sk\/wp-json\/wp\/v2\/product_cat?post=19730"},{"taxonomy":"product_tag","embeddable":true,"href":"https:\/\/www.hydraulic-cylinders.net\/sk\/wp-json\/wp\/v2\/product_tag?post=19730"}],"curies":[{"name":"pracovn\u00fd list","href":"https:\/\/api.w.org\/{rel}","templated":true}]}}