{"id":19737,"date":"2025-04-07T07:04:46","date_gmt":"2025-04-07T07:04:46","guid":{"rendered":"https:\/\/www.hydraulic-cylinders.net\/product\/boom-cylinder-for-kato-small-excavator-hd450-5-7\/"},"modified":"2025-04-07T07:04:48","modified_gmt":"2025-04-07T07:04:48","slug":"boom-cylinder-for-kato-small-excavator-hd450-5-7","status":"publish","type":"product","link":"https:\/\/www.hydraulic-cylinders.net\/sk\/produkt\/boom-cylinder-for-kato-small-excavator-hd450-5-7\/","title":{"rendered":"Valec v\u00fdlo\u017en\u00edka pre mal\u00e9 r\u00fdpadlo Kato HD450-5-7"},"content":{"rendered":"<h1>Valec v\u00fdlo\u017en\u00edka pre mal\u00e9 r\u00fdpadlo Kato HD450-5-7<\/h1>\n<h2>Preh\u013ead produktu<\/h2>\n<p>Hydraulick\u00fd valec v\u00fdlo\u017en\u00edka pre mal\u00e9 r\u00fdpadl\u00e1 Kato HD450-5-7 je k\u013e\u00fa\u010dovou s\u00fa\u010das\u0165ou hydraulick\u00e9ho syst\u00e9mu r\u00fdpadiel. Je to hydraulick\u00fd valec \u0161peci\u00e1lne navrhnut\u00fd na ovl\u00e1danie pohybu v\u00fdlo\u017en\u00edka v r\u00f4znych \u0165a\u017ek\u00fdch strojoch, ako s\u00fa r\u00fdpadl\u00e1, r\u00fdpadlo-naklada\u010de a \u010deln\u00e9 naklada\u010de. Tento valec umo\u017e\u0148uje zdv\u00edhanie, sp\u00fa\u0161\u0165anie a nakl\u00e1\u0148anie v\u00fdlo\u017en\u00edka, \u010do u\u013eah\u010duje efekt\u00edvnu manipul\u00e1ciu s materi\u00e1lom.<\/p>\n<p>Hydraulick\u00fd valec lopaty je v podstate typ hydraulick\u00e9ho valca, ktor\u00fd pracuje s pou\u017eit\u00edm tlakovej hydraulickej kvapaliny na vytvorenie pohybu. Jeho pou\u017eitie je k\u013e\u00fa\u010dov\u00e9 v stavebn\u00edctve a \u0165a\u017ek\u00fdch strojoch, preto\u017ee umo\u017e\u0148uje presn\u00e9 ovl\u00e1danie, lep\u0161iu \u00fa\u010dinnos\u0165 a vylep\u0161en\u00e9 prev\u00e1dzkov\u00e9 schopnosti. Robustn\u00e1 kon\u0161trukcia a spo\u013eahliv\u00fd v\u00fdkon valca v\u00fdlo\u017en\u00edka z neho robia nevyhnutn\u00fa s\u00fa\u010das\u0165 ka\u017ed\u00e9ho bagrovacieho zariadenia.<\/p>\n<p><img decoding=\"async\" src=\"https:\/\/www.hydraulic-cylinders.net\/wp-content\/uploads\/2025\/04\/songte-company-1.webp\" alt=\"Obr\u00e1zok valca v\u00fdlo\u017en\u00edka\"><\/p>\n<h2>K\u013e\u00fa\u010dov\u00e9 vlastnosti<\/h2>\n<ul>\n<li><strong>Vysok\u00e1 pevnos\u0165 a odolnos\u0165:<\/strong> Tento valec je vyroben\u00fd z vysokopevnostnej ocele alebo hlin\u00edka a odol\u00e1 vysok\u00e9mu tlaku a \u0165a\u017ek\u00fdm za\u0165a\u017eeniam. Jeho kon\u0161trukcia zoh\u013ead\u0148uje odolnos\u0165 vo\u010di opotrebovaniu a kor\u00f3zii, \u010d\u00edm sa predl\u017euje jeho \u017eivotnos\u0165.<\/li>\n<li><strong>Efekt\u00edvna hydraulick\u00e1 prev\u00e1dzka:<\/strong> Valec vyu\u017e\u00edva hydraulick\u00fd tlak oleja na dosiahnutie plynul\u00e9ho vys\u00favania a zas\u00favania, r\u00fdchlo reaguje na povely oper\u00e1tora a poskytuje siln\u00fa tla\u010dn\u00fa a \u0165a\u017en\u00fa silu, ide\u00e1lnu na manipul\u00e1ciu s \u0165a\u017ek\u00fdmi predmetmi a zlo\u017eit\u00e9 \u00falohy.<\/li>\n<li><strong>R\u00f4zne typy:<\/strong> K dispoz\u00edcii s\u00fa v jedno\u010dinnom (vyu\u017e\u00edvaj\u00facom hydraulick\u00fd tlak v jednom smere) aj dvoj\u010dinnom (vyu\u017e\u00edvaj\u00facom hydraulick\u00fd tlak v oboch smeroch) pre splnenie r\u00f4znych prev\u00e1dzkov\u00fdch po\u017eiadaviek. Niektor\u00e9 modely s\u00fa teleskopick\u00e9, \u010do umo\u017e\u0148uje v\u00e4\u010d\u0161ie vysunutie bez zv\u00e4\u010d\u0161enia vonkaj\u0161\u00edch rozmerov, vhodn\u00e9 pre aplik\u00e1cie s obmedzen\u00fdm priestorom.<\/li>\n<li><strong>Kompatibilita:<\/strong> Na\u0161e produkty s\u00fa navrhnut\u00e9 tak, aby dokonale nahradili r\u00f4zne hydraulick\u00e9 valce a zabezpe\u010dili bezprobl\u00e9mov\u00fa integr\u00e1ciu s existuj\u00facimi strojmi.<\/li>\n<li><strong>Zabezpe\u010denie kvality:<\/strong> Ka\u017ed\u00fd valec prech\u00e1dza pr\u00edsnym testovan\u00edm, aby sp\u013a\u0148al medzin\u00e1rodn\u00e9 normy kvality, \u010d\u00edm sa zabezpe\u010duje spo\u013eahlivos\u0165 a v\u00fdkon v praxi.<\/li>\n<\/ul>\n<p><img decoding=\"async\" src=\"https:\/\/www.hydraulic-cylinders.net\/wp-content\/uploads\/2025\/04\/songte-cylinder-head-with-all-kinds-excavator-models.webp\" alt=\"Obr\u00e1zok modelov bagrov\"><\/p>\n<h2>Aplik\u00e1cie valca v\u00fdlo\u017en\u00edka<\/h2>\n<h3>Stavebn\u00e9 stroje<\/h3>\n<p>V r\u00fdpadl\u00e1ch s\u00fa valce v\u00fdlo\u017en\u00edka nevyhnutn\u00e9 na kopanie, nakladanie a premiest\u0148ovanie zeminy alebo sutiny. Poskytuj\u00fa potrebn\u00fa silu na zdvihnutie v\u00fdlo\u017en\u00edka, \u010do umo\u017e\u0148uje obsluhe efekt\u00edvne kopa\u0165. V r\u00fdpadlo-naklada\u010doch valec v\u00fdlo\u017en\u00edka pom\u00e1ha pri kopan\u00ed aj zdv\u00edhan\u00ed, v\u010faka \u010domu je nevyhnutn\u00fdm n\u00e1strojom pre r\u00f4zne stavebn\u00e9 \u00falohy.<\/p>\n<h3>Po\u013enohospod\u00e1rske stroje<\/h3>\n<p>V \u010deln\u00fdch naklada\u010doch sa valce v\u00fdlo\u017en\u00edka pou\u017e\u00edvaj\u00fa na naberanie, zdv\u00edhanie a prepravu p\u00f4dy, sena a in\u00fdch materi\u00e1lov. Umo\u017e\u0148uj\u00fa obsluhe efekt\u00edvne vykon\u00e1va\u0165 po\u013enohospod\u00e1rske \u00falohy a zvy\u0161ova\u0165 produktivitu na farm\u00e1ch a po\u013enohospod\u00e1rskych lokalit\u00e1ch.<\/p>\n<h3>R\u00fdpadl\u00e1<\/h3>\n<p>V r\u00fdpadl\u00e1ch u\u013eah\u010duje valec v\u00fdlo\u017en\u00edka kopanie t\u00fdm, \u017ee umo\u017e\u0148uje ly\u017eici efekt\u00edvne prenikn\u00fa\u0165 do p\u00f4dy. T\u00e1to schopnos\u0165 je k\u013e\u00fa\u010dov\u00e1 pre v\u00fdkopov\u00e9 projekty, kde je na premiest\u0148ovanie ve\u013ek\u00fdch objemov zeminy potrebn\u00e1 presnos\u0165 a v\u00fdkon.<\/p>\n<h3>Naklada\u010de<\/h3>\n<p>V \u010deln\u00fdch naklada\u010doch pom\u00e1haj\u00fa valce v\u00fdlo\u017en\u00edka pri efekt\u00edvnom zdv\u00edhan\u00ed a vykladan\u00ed bremien. Poskytuj\u00fa potrebn\u00fa pevnos\u0165 na zdv\u00edhanie \u0165a\u017ek\u00fdch materi\u00e1lov a zabezpe\u010duj\u00fa, aby oper\u00e1tori mohli vykon\u00e1va\u0165 svoje \u00falohy bezpe\u010dne a efekt\u00edvne.<\/p>\n<h2>\u00davahy o dizajne a krit\u00e9ri\u00e1 v\u00fdberu<\/h2>\n<h3>Nosnos\u0165<\/h3>\n<p>Pri v\u00fdbere valca v\u00fdlo\u017en\u00edka je nosnos\u0165 prvorad\u00fdm faktorom. Ur\u010duje maxim\u00e1lnu hmotnos\u0165, ktor\u00fa valec dok\u00e1\u017ee bezpe\u010dne zvl\u00e1dnu\u0165 a z\u00e1rove\u0148 zabezpe\u010di\u0165 v\u00fdkon bagrovacieho stroja. Dobre navrhnut\u00fd valec by mal vyhovova\u0165 \u0161pecifick\u00fdm po\u017eiadavk\u00e1m na za\u0165a\u017eenie aplik\u00e1ci\u00ed bez rizika poruchy.<\/p>\n<h3>Integrita tesnenia<\/h3>\n<p>Tesniaci syst\u00e9m hydraulick\u00e9ho valca je k\u013e\u00fa\u010dov\u00fd pre jeho \u00fa\u010dinnos\u0165 a dlh\u00fa \u017eivotnos\u0165. Vysokokvalitn\u00e9 tesnenia zabra\u0148uj\u00fa \u00faniku hydraulickej kvapaliny, udr\u017eiavaj\u00fa tlak a v\u00fdkon. Spr\u00e1vne tesnenie tie\u017e zni\u017euje potrebu \u00fadr\u017eby a zvy\u0161uje prev\u00e1dzkov\u00fa spo\u013eahlivos\u0165, tak\u017ee je nevyhnutn\u00e9 u\u017e vo f\u00e1ze n\u00e1vrhu.<\/p>\n<h3>Trvanlivos\u0165<\/h3>\n<p>Odoln\u00e1 kon\u0161trukcia je pre hydraulick\u00e9 valce kritick\u00e1, najm\u00e4 v n\u00e1ro\u010dn\u00fdch pracovn\u00fdch prostrediach. Pou\u017eit\u00e9 materi\u00e1ly musia odol\u00e1va\u0165 opotrebovaniu, kor\u00f3zii a \u00fanave v priebehu \u010dasu, aby sa zabezpe\u010dila funk\u010dnos\u0165 valca aj v extr\u00e9mnych podmienkach. Trvanlivos\u0165 priamo ovplyv\u0148uje frekvenciu \u00fadr\u017eby a celkov\u00e9 n\u00e1klady na \u017eivotn\u00fd cyklus zariadenia.<\/p>\n<h3>Bezpe\u010dnostn\u00e9 prvky<\/h3>\n<p>Za\u010dlenenie bezpe\u010dnostn\u00fdch prvkov do kon\u0161trukcie hydraulick\u00fdch valcov je nevyhnutn\u00e9 na predch\u00e1dzanie nehod\u00e1m a poruch\u00e1m. Bezpe\u010dnostn\u00e9 mechanizmy, ako s\u00fa pretlakov\u00e9 ventily a ochrany proti pre\u0165a\u017eeniu, zais\u0165uj\u00fa bezpe\u010dn\u00fa prev\u00e1dzku, najm\u00e4 pri pr\u00e1ci s \u0165a\u017ek\u00fdmi strojmi, ktor\u00e9 m\u00f4\u017eu predstavova\u0165 rizik\u00e1, ak sa s nimi spr\u00e1vne nezaobch\u00e1dza.<\/p>\n<h3>Udr\u017eiavate\u013enos\u0165<\/h3>\n<p>Navrhovanie s oh\u013eadom na \u00fadr\u017ebu umo\u017e\u0148uje jednoduch\u0161ie opravy a v\u00fdmenu dielov, \u010do je k\u013e\u00fa\u010dov\u00e9 pre minimaliz\u00e1ciu prestojov. Pr\u00edstupn\u00e9 komponenty a u\u017e\u00edvate\u013esky pr\u00edvetiv\u00e9 kon\u0161trukcie m\u00f4\u017eu v\u00fdrazne pred\u013a\u017ei\u0165 \u017eivotnos\u0165 a spo\u013eahlivos\u0165 hydraulick\u00fdch syst\u00e9mov, \u010do u\u013eah\u010duje obsluhe udr\u017eiava\u0165 zariadenia v perfektnom stave.<\/p>\n<p><img decoding=\"async\" src=\"https:\/\/www.hydraulic-cylinders.net\/wp-content\/uploads\/2025\/04\/songte-oil-pipes-and-spare-parts.webp\" alt=\"Obr\u00e1zok olejov\u00fdch potrub\u00ed a n\u00e1hradn\u00fdch dielov\"><\/p>\n<h2>Tesnenie a mazanie<\/h2>\n<p>\u00da\u010dinn\u00e9 tesnenie a mazanie s\u00fa pre hydraulick\u00e9 valce nevyhnutn\u00e9. R\u00f4zne tesniace komponenty, ako s\u00fa tesnenia piestov a tesnenia ty\u010d\u00ed, zohr\u00e1vaj\u00fa d\u00f4le\u017eit\u00fa \u00falohu pri udr\u017eiavan\u00ed integrity hydraulick\u00fdch syst\u00e9mov. Tesnenia vyroben\u00e9 z materi\u00e1lov ako polyuret\u00e1n a nitrilov\u00fd kau\u010duk s\u00fa uprednost\u0148ovan\u00e9 pre svoju odolnos\u0165 vo\u010di oderu a trvanlivos\u0165.<\/p>\n<p>Okrem toho s\u00fa povrchy telesa valca a z\u00e1vitov\u00fdch koncov starostlivo opracovan\u00e9, aby sa zv\u00fd\u0161ila odolnos\u0165 proti opotrebovaniu. Pravideln\u00e9 mazanie vhodn\u00fdm hydraulick\u00fdm olejom je nevyhnutn\u00e9 na zn\u00ed\u017eenie trenia a opotrebenia, \u010d\u00edm sa zabezpe\u010d\u00ed plynul\u00fd chod a pred\u013a\u017ei \u017eivotnos\u0165 valca.<\/p>\n<h2>Opatrenia prevent\u00edvnej \u00fadr\u017eby<\/h2>\n<ul>\n<li><strong>Pravideln\u00e9 kontroly:<\/strong> Vykon\u00e1vajte pravideln\u00e9 kontroly, \u010di f\u013ea\u0161a nete\u010die, nie je opotrebovan\u00e1 alebo po\u0161koden\u00e1, aby ste sa uistili, \u017ee spr\u00e1vne funguje.<\/li>\n<li><strong>Vhodn\u00e9 mazanie:<\/strong> Udr\u017eiavajte spr\u00e1vnu hladinu mazania, aby ste predi\u0161li treniu a prehriatiu, ktor\u00e9 m\u00f4\u017ee vies\u0165 k pred\u010dasn\u00e9mu opotrebovaniu.<\/li>\n<li><strong>V\u00fdmena tesnenia:<\/strong> Pravidelne kontrolujte tesnenia, \u010di nie s\u00fa opotrebovan\u00e9, a v pr\u00edpade potreby ich vyme\u0148te, aby ste predi\u0161li \u00fanikom a zachovali hydraulick\u00fa \u00fa\u010dinnos\u0165.<\/li>\n<\/ul>\n<h2>Pokyny na in\u0161tal\u00e1ciu<\/h2>\n<p>Spr\u00e1vna in\u0161tal\u00e1cia valca v\u00fdlo\u017en\u00edka je k\u013e\u00fa\u010dov\u00e1 pre optim\u00e1lny v\u00fdkon. Za\u010dnite t\u00fdm, \u017ee sa uist\u00edte, \u017ee v\u0161etky mont\u00e1\u017ene konzoly a armat\u00fary s\u00fa \u010dist\u00e9 a bez ne\u010dist\u00f4t. Valec presne zarovnajte s mont\u00e1\u017enymi bodmi, aby ste predi\u0161li nadmern\u00e9mu nam\u00e1haniu valca. Na upevnenie valca sa odpor\u00fa\u010da pou\u017ei\u0165 vhodn\u00e9 mont\u00e1\u017ene konzoly, aby sa minimalizoval pohyb po\u010das prev\u00e1dzky.<\/p>\n<p>Pri in\u0161tal\u00e1cii sa uistite, \u017ee hydraulick\u00e9 potrubia s\u00fa bezpe\u010dne pripojen\u00e9 a bez zalomen\u00ed, ktor\u00e9 by mohli obmedzi\u0165 prietok. Po in\u0161tal\u00e1cii odvzdu\u0161nite hydraulick\u00fd syst\u00e9m, aby ste odstr\u00e1nili v\u0161etky vzduchov\u00e9 bubliny, a uistite sa, \u017ee valec funguje hladko. Nakoniec otestujte valec pod za\u0165a\u017een\u00edm, aby ste overili integritu in\u0161tal\u00e1cie.<\/p>\n<h2>\u00dalohy \u00fadr\u017eby<\/h2>\n<ul>\n<li><strong>Pravideln\u00e9 kontroly:<\/strong> Vykonajte vizu\u00e1lne kontroly, aby ste identifikovali pr\u00edpadn\u00e9 probl\u00e9my sk\u00f4r, ako sa vyhrotia. H\u013eadajte zn\u00e1mky opotrebovania, netesnost\u00ed a uvo\u013enen\u00fdch spojov.<\/li>\n<li><strong>Spr\u00e1vne mazanie:<\/strong> Uistite sa, \u017ee valec je dostato\u010dne namazan\u00fd spr\u00e1vnym hydraulick\u00fdm olejom, pri\u010dom venujte pozornos\u0165 \u0161pecifik\u00e1ci\u00e1m v\u00fdrobcu.<\/li>\n<li><strong>V\u00fdmena tesnenia:<\/strong> Pravidelne kontrolujte opotrebovanie tesnen\u00ed a v pr\u00edpade potreby ich vyme\u0148te, aby ste zachovali ich \u00fa\u010dinnos\u0165 a zabr\u00e1nili \u00faniku hydraulickej kvapaliny.<\/li>\n<\/ul>\n<h2>Bezpe\u010dnostn\u00e9 aspekty<\/h2>\n<p>Dodr\u017eiavanie bezpe\u010dnostn\u00fdch protokolov po\u010das prev\u00e1dzky hydraulick\u00fdch valcov je mimoriadne d\u00f4le\u017eit\u00e9. Obsluha by mala v\u017edy nosi\u0165 vhodn\u00e9 osobn\u00e9 ochrann\u00e9 prostriedky (OOP) a dodr\u017eiava\u0165 bezpe\u010dn\u00e9 prev\u00e1dzkov\u00e9 postupy, aby sa zmiernili rizik\u00e1 spojen\u00e9 s hydraulick\u00fdm zariaden\u00edm. Pravideln\u00e9 \u0161kolenia m\u00f4\u017eu pom\u00f4c\u0165 zabezpe\u010di\u0165, aby v\u0161etci zamestnanci mali vedomosti o \u0161pecifick\u00fdch bezpe\u010dnostn\u00fdch opatreniach potrebn\u00fdch pri pr\u00e1ci s hydraulick\u00fdmi syst\u00e9mami.<\/p>\n<h2>Diagnostika por\u00fach a be\u017en\u00e9 probl\u00e9my<\/h2>\n<ul>\n<li><strong>\u00danik:<\/strong> Be\u017en\u00fd probl\u00e9m, ktor\u00fd m\u00f4\u017ee nazna\u010dova\u0165 opotrebovan\u00e9 tesnenia alebo po\u0161koden\u00e9 komponenty. Prev\u00e1dzkovatelia by mali pravidelne kontrolova\u0165 netesnosti a po\u0161koden\u00e9 tesnenia by mali okam\u017eite vymeni\u0165.<\/li>\n<li><strong>Pomal\u00e1 prev\u00e1dzka:<\/strong> Ak valec pracuje pomal\u0161ie ako zvy\u010dajne, m\u00f4\u017ee to znamena\u0165 probl\u00e9m s hydraulickou kvapalinou alebo upchatie syst\u00e9mu, ktor\u00e9 si vy\u017eaduje okam\u017eit\u00fa pozornos\u0165.<\/li>\n<li><strong>Nezvy\u010dajn\u00e9 zvuky:<\/strong> \u0160krabkav\u00e9 alebo rin\u010dav\u00e9 zvuky m\u00f4\u017eu nazna\u010dova\u0165 mechanick\u00e9 probl\u00e9my vo valci alebo hydraulickom syst\u00e9me, ktor\u00e9 si vy\u017eaduj\u00fa d\u00f4kladn\u00e9 vy\u0161etrenie.<\/li>\n<\/ul>\n<h2>Tipy na rie\u0161enie probl\u00e9mov<\/h2>\n<p>Pre efekt\u00edvnu diagnostiku a rie\u0161enie probl\u00e9mov by oper\u00e1tori mali postupova\u0165 systematicky. Za\u010dnite identifik\u00e1ciou pr\u00edznakov a kontrolou hladiny a stavu hydraulickej kvapaliny. Uistite sa, \u017ee v\u0161etky spoje s\u00fa tesn\u00e9 a bez \u00fanikov. V pr\u00edpade pretrv\u00e1vaj\u00facich probl\u00e9mov m\u00f4\u017ee pom\u00f4c\u0165 konzult\u00e1cia pokynov v\u00fdrobcu alebo vyh\u013eadanie odbornej pomoci, \u010do m\u00f4\u017ee poskytn\u00fa\u0165 inform\u00e1cie o z\u00e1kladn\u00fdch probl\u00e9moch.<\/p>\n<p><img decoding=\"async\" src=\"https:\/\/www.hydraulic-cylinders.net\/wp-content\/uploads\/2025\/04\/songte-bushings-with-all-kinds-of-excavator-models.webp\" alt=\"Puzdr\u00e1 s modelmi bagrov\"><\/p>\n<h2>Profil spolo\u010dnosti<\/h2>\n<p>Sme popredn\u00fdm v\u00fdrobcom n\u00e1hradn\u00fdch hydraulick\u00fdch valcov a pon\u00fakame komplexn\u00fd sortiment produktov prisp\u00f4soben\u00fdch tak, aby sp\u013a\u0148ali rozmanit\u00e9 potreby dom\u00e1ceho aj medzin\u00e1rodn\u00e9ho trhu. N\u00e1\u0161 z\u00e1v\u00e4zok k excelentnosti sa odr\u00e1\u017ea v na\u0161om pr\u00edstupe zameranom na kvalitu a v spoliehan\u00ed sa na sofistikovan\u00e9 v\u00fdrobn\u00e9 strat\u00e9gie.<\/p>\n<p>Vyu\u017e\u00edvan\u00edm modern\u00fdch digit\u00e1lnych v\u00fdrobn\u00fdch zariaden\u00ed a profesion\u00e1lnych testovac\u00edch syst\u00e9mov neust\u00e1le zlep\u0161ujeme na\u0161e v\u00fdrobn\u00e9 kapacity a z\u00e1rove\u0148 zabezpe\u010dujeme vysok\u00e9 \u0161tandardy kontroly kvality. N\u00e1\u0161 t\u00edm tvoria kvalifikovan\u00ed technick\u00fd pracovn\u00edci, ktor\u00ed sa venuj\u00fa plneniu rozmanit\u00fdch po\u017eiadaviek na\u0161ich z\u00e1kazn\u00edkov.<\/p>\n<p>Na\u0161a ponuka zah\u0155\u0148a prisp\u00f4soben\u00e9 slu\u017eby, medzin\u00e1rodn\u00e9 certifik\u00e1cie a robustn\u00fa popredajn\u00fa podporu, to v\u0161etko navrhnut\u00e9 tak, aby z\u00e1kazn\u00edkom poskytovalo spo\u013eahliv\u00e9 rie\u0161enia pre ich hydraulick\u00e9 potreby.<\/p>\n<p><img decoding=\"async\" src=\"https:\/\/www.hydraulic-cylinders.net\/wp-content\/uploads\/2025\/04\/songte-company-4.webp\" alt=\"Obr\u00e1zok spolo\u010dnosti 1\"><br \/>\n<img decoding=\"async\" src=\"https:\/\/www.hydraulic-cylinders.net\/wp-content\/uploads\/2025\/04\/songte-company-3.webp\" alt=\"Obr\u00e1zok spolo\u010dnosti 2\"><\/p>\n<p>Autor: lyl<\/p>","protected":false},"excerpt":{"rendered":"<p>Boom Cylinder For Kato Small Excavator HD450-5-7 Product Overview The Boom Cylinder for Kato Small Excavator HD450-5-7 is a crucial component in the hydraulic system of excavators. It is a hydraulic cylinder specifically designed to control the movement of the boom in various heavy machinery applications, such as excavators, backhoe loaders, and front loaders. This [&hellip;]<\/p>","protected":false},"featured_media":17880,"comment_status":"open","ping_status":"closed","template":"","meta":{"_et_pb_use_builder":"","_et_pb_old_content":"","_et_gb_content_width":""},"product_brand":[],"product_cat":[1546],"product_tag":[1547,1496],"class_list":{"0":"post-19737","1":"product","2":"type-product","3":"status-publish","4":"has-post-thumbnail","6":"product_cat-boom-cylinders","7":"product_tag-boom-cylinders","8":"product_tag-hydraulic-cylinders","10":"first","11":"instock","12":"shipping-taxable","13":"product-type-simple"},"amp_enabled":true,"_links":{"self":[{"href":"https:\/\/www.hydraulic-cylinders.net\/sk\/wp-json\/wp\/v2\/product\/19737","targetHints":{"allow":["GET"]}}],"collection":[{"href":"https:\/\/www.hydraulic-cylinders.net\/sk\/wp-json\/wp\/v2\/product"}],"about":[{"href":"https:\/\/www.hydraulic-cylinders.net\/sk\/wp-json\/wp\/v2\/types\/product"}],"replies":[{"embeddable":true,"href":"https:\/\/www.hydraulic-cylinders.net\/sk\/wp-json\/wp\/v2\/comments?post=19737"}],"wp:featuredmedia":[{"embeddable":true,"href":"https:\/\/www.hydraulic-cylinders.net\/sk\/wp-json\/wp\/v2\/media\/17880"}],"wp:attachment":[{"href":"https:\/\/www.hydraulic-cylinders.net\/sk\/wp-json\/wp\/v2\/media?parent=19737"}],"wp:term":[{"taxonomy":"product_brand","embeddable":true,"href":"https:\/\/www.hydraulic-cylinders.net\/sk\/wp-json\/wp\/v2\/product_brand?post=19737"},{"taxonomy":"product_cat","embeddable":true,"href":"https:\/\/www.hydraulic-cylinders.net\/sk\/wp-json\/wp\/v2\/product_cat?post=19737"},{"taxonomy":"product_tag","embeddable":true,"href":"https:\/\/www.hydraulic-cylinders.net\/sk\/wp-json\/wp\/v2\/product_tag?post=19737"}],"curies":[{"name":"pracovn\u00fd list","href":"https:\/\/api.w.org\/{rel}","templated":true}]}}