{"id":19738,"date":"2025-04-07T07:04:48","date_gmt":"2025-04-07T07:04:48","guid":{"rendered":"https:\/\/www.hydraulic-cylinders.net\/product\/boom-cylinder-for-kato-small-excavator-hd700-2-5-7\/"},"modified":"2025-04-07T07:04:51","modified_gmt":"2025-04-07T07:04:51","slug":"boom-cylinder-for-kato-small-excavator-hd700-2-5-7","status":"publish","type":"product","link":"https:\/\/www.hydraulic-cylinders.net\/sk\/produkt\/boom-cylinder-for-kato-small-excavator-hd700-2-5-7\/","title":{"rendered":"Valec v\u00fdlo\u017en\u00edka pre mal\u00e9 r\u00fdpadlo Kato HD700-2-5-7"},"content":{"rendered":"<h1>Valec v\u00fdlo\u017en\u00edka pre mal\u00e9 r\u00fdpadlo Kato HD700-2-5-7<\/h1>\n<h2>Preh\u013ead produktu<\/h2>\n<p>Hydraulick\u00fd valec v\u00fdlo\u017en\u00edka pre mal\u00e9 r\u00fdpadlo Kato HD700-2-5-7 je \u0161pecializovan\u00fd hydraulick\u00fd valec ur\u010den\u00fd na ovl\u00e1danie pohybu v\u00fdlo\u017en\u00edka v r\u00f4znych \u0165a\u017ek\u00fdch strojoch vr\u00e1tane r\u00fdpadiel, r\u00fdpadiel-naklada\u010dov a \u010deln\u00fdch naklada\u010dov. Tento hydraulick\u00fd valec zohr\u00e1va k\u013e\u00fa\u010dov\u00fa \u00falohu pri zdv\u00edhan\u00ed, sp\u00fa\u0161\u0165an\u00ed a nakl\u00e1\u0148an\u00ed v\u00fdlo\u017en\u00edka, \u010d\u00edm efekt\u00edvne u\u013eah\u010duje manipul\u00e1ciu s materi\u00e1lom. Valec ly\u017eice umo\u017e\u0148uje presn\u00e9 ovl\u00e1danie pr\u00eddavn\u00e9ho zariadenia, \u010do je nevyhnutn\u00e9 pri stavebn\u00fdch a v\u00fdkopov\u00fdch pr\u00e1cach. Je skon\u0161truovan\u00fd tak, aby odolal n\u00e1ro\u010dn\u00fdm prev\u00e1dzkov\u00fdm podmienkam, v\u010faka \u010domu je nevyhnutnou s\u00fa\u010das\u0165ou hydraulick\u00fdch syst\u00e9mov.<\/p>\n<p><img decoding=\"async\" src=\"https:\/\/www.hydraulic-cylinders.net\/wp-content\/uploads\/2025\/04\/songte-company-1.webp\" alt=\"Obr\u00e1zok valca v\u00fdlo\u017en\u00edka\" \/><\/p>\n<h2>K\u013e\u00fa\u010dov\u00e9 vlastnosti<\/h2>\n<ul>\n<li>\n<h3>Vysok\u00e1 pevnos\u0165 a odolnos\u0165<\/h3>\n<p>Tieto valce, vyroben\u00e9 z vysokopevnostnej ocele alebo hlin\u00edka, s\u00fa navrhnut\u00e9 tak, aby odolali vysok\u00e9mu tlaku a \u0165a\u017ek\u00e9mu za\u0165a\u017eeniu. S\u00fa skon\u0161truovan\u00e9 tak, aby odolali n\u00e1ro\u010dn\u00fdm pracovn\u00fdm podmienkam so zameran\u00edm na odolnos\u0165 vo\u010di opotrebovaniu a kor\u00f3zii, aby sa pred\u013a\u017eila ich \u017eivotnos\u0165.<\/p>\n<\/li>\n<li>\n<h3>Efekt\u00edvna hydraulick\u00e1 prev\u00e1dzka<\/h3>\n<p>V\u010faka hydraulick\u00e9mu tlaku oleja dosahuj\u00fa tieto valce plynul\u00e9 vys\u00favanie a zas\u00favanie. R\u00fdchlo reaguj\u00fa na povely oper\u00e1tora a poskytuj\u00fa siln\u00e9 tla\u010dn\u00e9 a \u0165ahov\u00e9 sily, ktor\u00e9 s\u00fa vhodn\u00e9 na zvl\u00e1dnutie \u0165a\u017ek\u00fdch a zlo\u017eit\u00fdch \u00faloh.<\/p>\n<\/li>\n<li>\n<h3>R\u00f4znorodos\u0165 typov<\/h3>\n<p>N\u00e1\u0161 sortiment zah\u0155\u0148a jedno\u010dinn\u00e9 valce (pracuj\u00face v jednom smere) a dvoj\u010dinn\u00e9 valce (pracuj\u00face v oboch smeroch), ktor\u00e9 s\u00fa prisp\u00f4soben\u00e9 r\u00f4znym prev\u00e1dzkov\u00fdm potreb\u00e1m. Niektor\u00e9 modely maj\u00fa teleskopick\u00fa kon\u0161trukciu pre v\u00e4\u010d\u0161ie vysunutie bez zv\u00e4\u010d\u0161enia vonkaj\u0161\u00edch rozmerov, \u010do je ide\u00e1lne pre aplik\u00e1cie s obmedzen\u00fdm priestorom.<\/p>\n<\/li>\n<li>\n<h3>Kompatibilita a n\u00e1hrada<\/h3>\n<p>Tento hydraulick\u00fd valec vyr\u00e1bame ako perfektn\u00fa n\u00e1hradu za existuj\u00face modely, \u010d\u00edm zabezpe\u010dujeme kompatibilitu s r\u00f4znymi typmi strojov a zvy\u0161ujeme prev\u00e1dzkov\u00fa efektivitu.<\/p>\n<\/li>\n<li>\n<h3>Pokro\u010dil\u00e9 v\u00fdrobn\u00e9 techniky<\/h3>\n<p>V\u010faka najmodernej\u0161\u00edm v\u00fdrobn\u00fdm procesom a pr\u00edsnym opatreniam kontroly kvality s\u00fa na\u0161e valce vyroben\u00e9 pod\u013ea najvy\u0161\u0161\u00edch priemyseln\u00fdch \u0161tandardov, \u010do zaru\u010duje spo\u013eahlivos\u0165 a v\u00fdkon v praxi.<\/p>\n<\/li>\n<\/ul>\n<p><img decoding=\"async\" src=\"https:\/\/www.hydraulic-cylinders.net\/wp-content\/uploads\/2025\/04\/songte-cylinder-head-with-all-kinds-excavator-models.webp\" alt=\"Modely bagrov\" \/><\/p>\n<h2>Aplik\u00e1cie<\/h2>\n<ul>\n<li>\n<h3>Stavebn\u00e9 stroje<\/h3>\n<p>Valce v\u00fdlo\u017en\u00edka s\u00fa neoddelite\u013enou s\u00fa\u010das\u0165ou r\u00fdpadiel a pom\u00e1haj\u00fa pri kopan\u00ed, nakladan\u00ed a premiest\u0148ovan\u00ed zeminy alebo sutiny. V r\u00fdpadlo-naklada\u010doch tieto valce pom\u00e1haj\u00fa pri v\u00fdkopov\u00fdch aj zdv\u00edhac\u00edch oper\u00e1ci\u00e1ch, \u010d\u00edm zabezpe\u010duj\u00fa efektivitu na pracovisk\u00e1ch.<\/p>\n<\/li>\n<li>\n<h3>Po\u013enohospod\u00e1rske stroje<\/h3>\n<p>Valce v\u00fdlo\u017en\u00edka, ktor\u00e9 sa pou\u017e\u00edvaj\u00fa v \u010deln\u00fdch naklada\u010doch, u\u013eah\u010duj\u00fa naberanie, zdv\u00edhanie a prepravu p\u00f4dy, sena a in\u00fdch materi\u00e1lov, \u010d\u00edm zvy\u0161uj\u00fa produktivitu pri po\u013enohospod\u00e1rskych pr\u00e1cach.<\/p>\n<\/li>\n<li>\n<h3>R\u00fdpadl\u00e1<\/h3>\n<p>V r\u00fdpadl\u00e1ch umo\u017e\u0148uje valec v\u00fdlo\u017en\u00edka prenikn\u00fa\u0165 do zeme, \u010do umo\u017e\u0148uje efekt\u00edvne kopanie, ktor\u00e9 je k\u013e\u00fa\u010dov\u00e9 pri r\u00f4znych v\u00fdkopov\u00fdch aplik\u00e1ci\u00e1ch.<\/p>\n<\/li>\n<li>\n<h3>Naklada\u010de<\/h3>\n<p>V \u010deln\u00fdch naklada\u010doch zohr\u00e1vaj\u00fa tieto valce d\u00f4le\u017eit\u00fa \u00falohu pri zdv\u00edhan\u00ed a vykladan\u00ed bremien, \u010d\u00edm prispievaj\u00fa k celkovej efektivite manipul\u00e1cie s materi\u00e1lom.<\/p>\n<\/li>\n<\/ul>\n<h2>\u00davahy o dizajne a \u0161tandardy v\u00fdberu<\/h2>\n<ul>\n<li>\n<h3>Nosnos\u0165<\/h3>\n<p>Kon\u0161trukcia mus\u00ed zoh\u013ead\u0148ova\u0165 maxim\u00e1lne za\u0165a\u017eenie, ktor\u00e9 bude musie\u0165 valec zvl\u00e1dnu\u0165. Je nevyhnutn\u00e9 vybra\u0165 valec, ktor\u00fd sp\u013a\u0148a alebo prekra\u010duje prev\u00e1dzkov\u00e9 po\u017eiadavky na za\u0165a\u017eenie, aby sa predi\u0161lo poruche a zabezpe\u010dila sa bezpe\u010dnos\u0165 po\u010das prev\u00e1dzky.<\/p>\n<\/li>\n<li>\n<h3>\u00da\u010dinnos\u0165 tesnenia<\/h3>\n<p>Spo\u013eahliv\u00e9 tesnenie je k\u013e\u00fa\u010dov\u00e9 pre udr\u017eanie hydraulick\u00e9ho tlaku a prevenciu \u00fanikov. V\u00fdber vysokokvalitn\u00fdch tesnen\u00ed minimalizuje potrebu \u00fadr\u017eby a predl\u017euje \u017eivotnos\u0165 valca, \u010d\u00edm zabezpe\u010duje konzistentn\u00fd v\u00fdkon.<\/p>\n<\/li>\n<li>\n<h3>Trvanlivos\u0165<\/h3>\n<p>Valce musia by\u0165 vyroben\u00e9 z materi\u00e1lov, ktor\u00e9 s\u00fa odoln\u00e9 opotrebovaniu. Zoh\u013eadnenie faktorov, ako je \u00fanava materi\u00e1lu, oder a kor\u00f3zia, zabezpe\u010duje, \u017ee valec odol\u00e1 n\u00e1ro\u010dn\u00fdm podmienkam stavebn\u00fdch a po\u013enohospod\u00e1rskych aplik\u00e1ci\u00ed.<\/p>\n<\/li>\n<li>\n<h3>Bezpe\u010dnostn\u00e9 prvky<\/h3>\n<p>Za\u010dlenenie bezpe\u010dnostn\u00fdch prvkov, ako s\u00fa pretlakov\u00e9 ventily a bezpe\u010dnostn\u00e9 kon\u0161trukcie, je k\u013e\u00fa\u010dov\u00e9. To zabezpe\u010duje, \u017ee v pr\u00edpade poruchy syst\u00e9m dok\u00e1\u017ee zabr\u00e1ni\u0165 katastrofick\u00fdm poruch\u00e1m a zv\u00fd\u0161i\u0165 bezpe\u010dnos\u0165 obsluhy.<\/p>\n<\/li>\n<li>\n<h3>Pou\u017eite\u013enos\u0165<\/h3>\n<p>Navrhnutie pre jednoduch\u00fa \u00fadr\u017ebu a pr\u00edstupnos\u0165 zabezpe\u010duje, \u017ee oper\u00e1tori m\u00f4\u017eu vykon\u00e1va\u0165 be\u017en\u00e9 kontroly a opravy s minim\u00e1lnymi prestojmi. To zah\u0155\u0148a jednoduch\u00fa v\u00fdmenu tesnen\u00ed a in\u00fdch opotrebovan\u00fdch dielov, \u010do je nevyhnutn\u00e9 pre udr\u017eanie prev\u00e1dzkovej efekt\u00edvnosti.<\/p>\n<\/li>\n<\/ul>\n<p><img decoding=\"async\" src=\"https:\/\/www.hydraulic-cylinders.net\/wp-content\/uploads\/2025\/04\/songte-oil-pipes-and-spare-parts.webp\" alt=\"Olejov\u00e9 potrubia a n\u00e1hradn\u00e9 diely\" \/><\/p>\n<h2>Tesnenie a mazanie<\/h2>\n<p>\u00da\u010dinnos\u0165 hydraulick\u00fdch valcov vo ve\u013ekej miere z\u00e1vis\u00ed od kvality tesnenia a mazania. R\u00f4zne tesniace komponenty, vr\u00e1tane tesnen\u00ed piestov a tesnen\u00ed ty\u010d\u00ed, zohr\u00e1vaj\u00fa d\u00f4le\u017eit\u00fa \u00falohu pri udr\u017eiavan\u00ed hydraulickej kvapaliny v syst\u00e9me. Pou\u017eitie odoln\u00fdch materi\u00e1lov, ako je polyuret\u00e1n a nitrilov\u00e1 guma, zvy\u0161uje odolnos\u0165 proti opotrebovaniu a \u017eivotnos\u0165.<\/p>\n<p>Teleso valca a z\u00e1vitov\u00e9 koncov\u00e9 plochy prech\u00e1dzaj\u00fa jemn\u00fdmi procesmi \u00fapravy, aby sa zlep\u0161ila odolnos\u0165 proti opotrebovaniu a tesniaci v\u00fdkon. Pravideln\u00e9 prid\u00e1vanie vhodn\u00e9ho mno\u017estva hydraulick\u00e9ho oleja je nevyhnutn\u00e9 pre mazanie, zabr\u00e1nenie treniu a pred\u013a\u017eenie \u017eivotnosti valca.<\/p>\n<h2>Pravideln\u00e1 kontrola a prevent\u00edvna \u00fadr\u017eba<\/h2>\n<ul>\n<li>\n<h3>Pl\u00e1novan\u00e9 kontroly<\/h3>\n<p>Rutinn\u00e1 kontrola pom\u00e1ha identifikova\u0165 opotrebovanie a potenci\u00e1lne poruchy sk\u00f4r, ako sa zhor\u0161ia. Po\u010das t\u00fdchto hodnoten\u00ed skontrolujte zn\u00e1mky \u00faniku, fyzick\u00e9ho po\u0161kodenia a celkov\u00fa prev\u00e1dzkov\u00fa \u00fa\u010dinnos\u0165.<\/p>\n<\/li>\n<li>\n<h3>Spr\u00e1vne mazanie<\/h3>\n<p>Zabezpe\u010dte, aby v\u0161etky pohybliv\u00e9 \u010dasti boli dostato\u010dne mazan\u00e9, aby sa minimalizovalo trenie a opotrebovanie. To zah\u0155\u0148a pravideln\u00fa kontrolu hladiny oleja a doplnenie hydraulickej kvapaliny v pr\u00edpade potreby.<\/p>\n<\/li>\n<li>\n<h3>V\u00fdmena tesnenia<\/h3>\n<p>Sledujte stav tesnen\u00ed a v pr\u00edpade ak\u00fdchko\u013evek zn\u00e1mok opotrebovania alebo po\u0161kodenia ich okam\u017eite vyme\u0148te. T\u00fdm sa zabr\u00e1ni \u00faniku hydraulickej kvapaliny a zachov\u00e1 sa integrita syst\u00e9mu.<\/p>\n<\/li>\n<\/ul>\n<h2>Pokyny na in\u0161tal\u00e1ciu<\/h2>\n<p>Spr\u00e1vna in\u0161tal\u00e1cia valca ramena je nevyhnutn\u00e1 pre zabezpe\u010denie optim\u00e1lneho v\u00fdkonu. Za\u010dnite \u010disten\u00edm mont\u00e1\u017enej oblasti, aby ste odstr\u00e1nili v\u0161etky ne\u010distoty, ktor\u00e9 by mohli prek\u00e1\u017ea\u0165 pri uchyten\u00ed. Valec spr\u00e1vne zarovnajte s mont\u00e1\u017enymi konzolami pomocou vhodn\u00e9ho mont\u00e1\u017eneho n\u00e1radia a uistite sa, \u017ee nedoch\u00e1dza k \u017eiadnemu nespr\u00e1vnemu zarovnaniu, ktor\u00e9 by mohlo vies\u0165 k pred\u010dasn\u00e9mu opotrebovaniu.<\/p>\n<p>Upevnite valec na mieste pomocou odpor\u00fa\u010dan\u00e9ho mont\u00e1\u017eneho materi\u00e1lu a uistite sa, \u017ee v\u0161etky skrutky a upev\u0148ovacie prvky s\u00fa utiahnut\u00e9 pod\u013ea \u0161pecifik\u00e1ci\u00ed v\u00fdrobcu. Po in\u0161tal\u00e1cii skontrolujte pln\u00fd rozsah pohybu valca, aby ste zabezpe\u010dili jeho plynul\u00e9 fungovanie, a skontrolujte, \u010di nevyskytuj\u00fa zn\u00e1mky \u00faniku alebo nezvy\u010dajn\u00e9 zvuky.<\/p>\n<h2>Be\u017en\u00e9 \u00falohy \u00fadr\u017eby<\/h2>\n<ul>\n<li>\n<h3>Pravideln\u00e9 kontroly<\/h3>\n<p>Pravidelne kontrolujte tesnos\u0165, opotrebovanie a prev\u00e1dzkov\u00fa \u00fa\u010dinnos\u0165. Tento proakt\u00edvny pr\u00edstup m\u00f4\u017ee pom\u00f4c\u0165 v\u010das identifikova\u0165 probl\u00e9my a zabr\u00e1ni\u0165 n\u00e1kladn\u00fdm oprav\u00e1m.<\/p>\n<\/li>\n<li>\n<h3>Vhodn\u00e9 mazanie<\/h3>\n<p>Udr\u017eiavajte optim\u00e1lne mazanie pravidelnou kontrolou a dop\u013a\u0148an\u00edm hladiny hydraulickej kvapaliny. Spr\u00e1vne mazanie minimalizuje opotrebenie a predl\u017euje \u017eivotnos\u0165 valcov.<\/p>\n<\/li>\n<li>\n<h3>V\u00fdmena tesnenia a kontroly kalibr\u00e1cie<\/h3>\n<p>Pravidelne vymie\u0148ajte opotrebovan\u00e9 tesnenia, aby ste predi\u0161li \u00fanikom a udr\u017eali hydraulick\u00fd tlak. Kalibr\u00e1cia zabezpe\u010duje, \u017ee valec pracuje v r\u00e1mci stanoven\u00fdch parametrov, \u010d\u00edm sa zvy\u0161uje v\u00fdkon a bezpe\u010dnos\u0165.<\/p>\n<\/li>\n<\/ul>\n<p><img decoding=\"async\" src=\"https:\/\/www.hydraulic-cylinders.net\/wp-content\/uploads\/2025\/04\/songte-chushion-collar.webp\" alt=\"Vank\u00fa\u0161ov\u00fd golier\" \/><\/p>\n<h2>Bezpe\u010dnostn\u00e9 aspekty a faktory prostredia<\/h2>\n<p>Pri pou\u017e\u00edvan\u00ed hydraulick\u00fdch valcov je nevyhnutn\u00e9 dodr\u017eiava\u0165 bezpe\u010dnostn\u00e9 opatrenia na ochranu obsluhy a zariadenia. Spr\u00e1vne \u0161kolenie o pou\u017e\u00edvan\u00ed a \u00fadr\u017ebe hydraulick\u00fdch syst\u00e9mov je k\u013e\u00fa\u010dov\u00e9 pre minimaliz\u00e1ciu riz\u00edk spojen\u00fdch s \u00fanikom hydraulickej kvapaliny a poruchou zariadenia. Zabezpe\u010denie bezpe\u010dnostn\u00fdch protokolov, ako je pou\u017e\u00edvanie ochrann\u00fdch prostriedkov a dodr\u017eiavanie prev\u00e1dzkov\u00fdch pokynov, \u010falej zvy\u0161uje bezpe\u010dnos\u0165 na pracovisku.<\/p>\n<h2>Rie\u0161enie probl\u00e9mov a be\u017en\u00e9 probl\u00e9my<\/h2>\n<ul>\n<li>\n<h3>Hydraulick\u00fd \u00fanik<\/h3>\n<p>K \u00faniku m\u00f4\u017ee d\u00f4js\u0165 v d\u00f4sledku po\u0161koden\u00fdch tesnen\u00ed alebo nespr\u00e1vnej in\u0161tal\u00e1cie. Pravideln\u00e9 kontroly a v\u010dasn\u00e1 v\u00fdmena tesnen\u00ed m\u00f4\u017eu tento probl\u00e9m zmierni\u0165.<\/p>\n<\/li>\n<li>\n<h3>Slab\u00fd v\u00fdkon<\/h3>\n<p>Ak valec nereaguje dostato\u010dne, m\u00f4\u017ee to signalizova\u0165 n\u00edzku hladinu hydraulickej kvapaliny alebo vzduch v syst\u00e9me. Skontrolujte hladiny kvapal\u00edn a v pr\u00edpade potreby syst\u00e9m odvzdu\u0161nite.<\/p>\n<\/li>\n<li>\n<h3>Nezvy\u010dajn\u00e9 zvuky<\/h3>\n<p>Zvl\u00e1\u0161tne zvuky po\u010das prev\u00e1dzky m\u00f4\u017eu nazna\u010dova\u0165 nespr\u00e1vne zarovnanie alebo vn\u00fatorn\u00e9 opotrebenie. Skontrolujte valec, \u010di nie je spr\u00e1vne zarovnan\u00fd a \u010di nejav\u00ed zn\u00e1mky opotrebovania, a ak\u00e9ko\u013evek probl\u00e9my ihne\u010f odstr\u00e1\u0148te.<\/p>\n<\/li>\n<\/ul>\n<p>Na efekt\u00edvne rie\u0161enie t\u00fdchto probl\u00e9mov je vhodn\u00e9 dodr\u017eiava\u0165 systematick\u00fd pr\u00edstup k diagnostike z\u00e1kladnej pr\u00ed\u010diny a implement\u00e1cii n\u00e1pravn\u00fdch opatren\u00ed. Prevent\u00edvne opatrenia, ako je pravideln\u00e1 \u00fadr\u017eba a dodr\u017eiavanie prev\u00e1dzkov\u00fdch pokynov, m\u00f4\u017eu v\u00fdrazne zn\u00ed\u017ei\u0165 pravdepodobnos\u0165 vzniku probl\u00e9mov.<\/p>\n<p><img decoding=\"async\" src=\"https:\/\/www.hydraulic-cylinders.net\/wp-content\/uploads\/2025\/04\/songte-bushings-with-all-kinds-of-excavator-models.webp\" alt=\"Puzdr\u00e1 pre modely r\u00fdpadiel\" \/><\/p>\n<h2>Preh\u013ead spolo\u010dnosti<\/h2>\n<p>Sme popredn\u00fdm v\u00fdrobcom n\u00e1hradn\u00fdch hydraulick\u00fdch valcov a pon\u00fakame komplexn\u00fd sortiment produktov pre dom\u00e1ci aj medzin\u00e1rodn\u00fd trh. N\u00e1\u0161 z\u00e1v\u00e4zok k dokonalosti n\u00e1s vedie k dodr\u017eiavaniu najvy\u0161\u0161\u00edch \u0161tandardov kvality a vyu\u017e\u00edvaniu pokro\u010dil\u00fdch strat\u00e9gi\u00ed riadenia v\u00fdroby.<\/p>\n<p>Na\u0161e zariadenia s\u00fa vybaven\u00e9 \u0161pi\u010dkov\u00fdm digit\u00e1lnym v\u00fdrobn\u00fdm zariaden\u00edm a profesion\u00e1lnym kontroln\u00fdm syst\u00e9mom, \u010do neust\u00e1le zlep\u0161uje na\u0161e v\u00fdrobn\u00e9 kapacity. Sme odhodlan\u00ed uspokojova\u0165 rozmanit\u00e9 potreby z\u00e1kazn\u00edkov s vysokou efektivitou, presnos\u0165ou a kvalitou.<\/p>\n<p><img decoding=\"async\" src=\"https:\/\/www.hydraulic-cylinders.net\/wp-content\/uploads\/2025\/04\/songte-company-4.webp\" alt=\"Preh\u013ead spolo\u010dnosti\" \/><br \/>\n<img decoding=\"async\" src=\"https:\/\/www.hydraulic-cylinders.net\/wp-content\/uploads\/2025\/04\/songte-company-3.webp\" alt=\"V\u00fdrobn\u00e9 zariadenie\" \/><\/p>\n<p>Na\u0161a \u0161pecializ\u00e1cia zah\u0155\u0148a odborn\u00e9 znalosti, medzin\u00e1rodn\u00e9 certifik\u00e1cie, z\u00e1kazkov\u00e9 slu\u017eby, modern\u00e9 v\u00fdrobn\u00e9 zariadenia a komplexn\u00fa popredajn\u00fa podporu, \u010d\u00edm zabezpe\u010dujeme, aby z\u00e1kazn\u00edci dost\u00e1vali tie najlep\u0161ie dostupn\u00e9 produkty a slu\u017eby.<\/p>\n<p>Autor: lyl<\/p>","protected":false},"excerpt":{"rendered":"<p>Boom Cylinder For Kato Small Excavator HD700-2-5-7 Product Overview The Boom Cylinder for Kato Small Excavator HD700-2-5-7 is a specialized hydraulic cylinder designed to control the movement of the boom in various heavy machinery, including excavators, backhoe loaders, and front-end loaders. This hydraulic cylinder plays a crucial role in enabling the boom to lift, lower, [&hellip;]<\/p>","protected":false},"featured_media":17881,"comment_status":"open","ping_status":"closed","template":"","meta":{"_et_pb_use_builder":"","_et_pb_old_content":"","_et_gb_content_width":""},"product_brand":[],"product_cat":[1546],"product_tag":[1547,1496],"class_list":{"0":"post-19738","1":"product","2":"type-product","3":"status-publish","4":"has-post-thumbnail","6":"product_cat-boom-cylinders","7":"product_tag-boom-cylinders","8":"product_tag-hydraulic-cylinders","10":"first","11":"instock","12":"shipping-taxable","13":"product-type-simple"},"amp_enabled":true,"_links":{"self":[{"href":"https:\/\/www.hydraulic-cylinders.net\/sk\/wp-json\/wp\/v2\/product\/19738","targetHints":{"allow":["GET"]}}],"collection":[{"href":"https:\/\/www.hydraulic-cylinders.net\/sk\/wp-json\/wp\/v2\/product"}],"about":[{"href":"https:\/\/www.hydraulic-cylinders.net\/sk\/wp-json\/wp\/v2\/types\/product"}],"replies":[{"embeddable":true,"href":"https:\/\/www.hydraulic-cylinders.net\/sk\/wp-json\/wp\/v2\/comments?post=19738"}],"wp:featuredmedia":[{"embeddable":true,"href":"https:\/\/www.hydraulic-cylinders.net\/sk\/wp-json\/wp\/v2\/media\/17881"}],"wp:attachment":[{"href":"https:\/\/www.hydraulic-cylinders.net\/sk\/wp-json\/wp\/v2\/media?parent=19738"}],"wp:term":[{"taxonomy":"product_brand","embeddable":true,"href":"https:\/\/www.hydraulic-cylinders.net\/sk\/wp-json\/wp\/v2\/product_brand?post=19738"},{"taxonomy":"product_cat","embeddable":true,"href":"https:\/\/www.hydraulic-cylinders.net\/sk\/wp-json\/wp\/v2\/product_cat?post=19738"},{"taxonomy":"product_tag","embeddable":true,"href":"https:\/\/www.hydraulic-cylinders.net\/sk\/wp-json\/wp\/v2\/product_tag?post=19738"}],"curies":[{"name":"pracovn\u00fd list","href":"https:\/\/api.w.org\/{rel}","templated":true}]}}