{"id":19742,"date":"2025-04-07T07:04:59","date_gmt":"2025-04-07T07:04:59","guid":{"rendered":"https:\/\/www.hydraulic-cylinders.net\/product\/boom-cylinder-for-kato-small-excavator-hd307\/"},"modified":"2025-04-07T07:05:01","modified_gmt":"2025-04-07T07:05:01","slug":"boom-cylinder-for-kato-small-excavator-hd307","status":"publish","type":"product","link":"https:\/\/www.hydraulic-cylinders.net\/sk\/produkt\/boom-cylinder-for-kato-small-excavator-hd307\/","title":{"rendered":"Valec v\u00fdlo\u017en\u00edka pre mal\u00e9 r\u00fdpadlo Kato HD307"},"content":{"rendered":"<h1>Valec v\u00fdlo\u017en\u00edka pre mal\u00e9 r\u00fdpadlo Kato HD307<\/h1>\n<h2>Pochopenie valca v\u00fdlo\u017en\u00edka<\/h2>\n<p>Hydraulick\u00fd valec v\u00fdlo\u017en\u00edka je k\u013e\u00fa\u010dovou s\u00fa\u010das\u0165ou hydraulick\u00fdch syst\u00e9mov, \u0161peci\u00e1lne navrhnut\u00fd na ovl\u00e1danie pohybu ly\u017eice v r\u00f4znych \u0165a\u017ek\u00fdch strojoch, ako s\u00fa bagre, r\u00fdpadlo-naklada\u010de a \u010deln\u00e9 naklada\u010de. Tento hydraulick\u00fd valec u\u013eah\u010duje zdv\u00edhanie, sp\u00fa\u0161\u0165anie a nakl\u00e1\u0148anie ly\u017eice, \u010do umo\u017e\u0148uje efekt\u00edvnu manipul\u00e1ciu s materi\u00e1lom. V podstate premie\u0148a hydraulick\u00fa energiu na mechanick\u00fa energiu, aby poskytol potrebn\u00fa silu na vykon\u00e1vanie n\u00e1ro\u010dn\u00fdch oper\u00e1ci\u00ed. Kon\u0161trukcia t\u00fdchto valcov zabezpe\u010duje, \u017ee zvl\u00e1dnu extr\u00e9mne tlaky a za\u0165a\u017eenia, v\u010faka \u010domu s\u00fa ide\u00e1lne pre n\u00e1ro\u010dn\u00e9 pracovn\u00e9 podmienky.<\/p>\n<p><img decoding=\"async\" src=\"https:\/\/www.hydraulic-cylinders.net\/wp-content\/uploads\/2025\/04\/songte-company-1.webp\" alt=\"Obr\u00e1zok valca v\u00fdlo\u017en\u00edka\"><\/p>\n<h2>Vlastnosti valca v\u00fdlo\u017en\u00edka<\/h2>\n<ul>\n<li>\n<h3>Vysok\u00e1 pevnos\u0165 a odolnos\u0165<\/h3>\n<p>Tieto valce, ktor\u00e9 sa zvy\u010dajne vyr\u00e1baj\u00fa z vysokopevnostnej ocele alebo hlin\u00edka, odol\u00e1vaj\u00fa vysok\u00e9mu tlaku a ve\u013ek\u00e9mu za\u0165a\u017eeniu, v\u010faka \u010domu s\u00fa vhodn\u00e9 do n\u00e1ro\u010dn\u00fdch pracovn\u00fdch prostred\u00ed. Kon\u0161trukcia zah\u0155\u0148a odolnos\u0165 vo\u010di opotrebovaniu a kor\u00f3zii, aby sa pred\u013a\u017eila \u017eivotnos\u0165 v\u00fdrobku.<\/p>\n<\/li>\n<li>\n<h3>Efekt\u00edvna hydraulick\u00e1 prev\u00e1dzka<\/h3>\n<p>V\u010faka tlaku hydraulick\u00e9ho oleja dosahuje valec v\u00fdlo\u017en\u00edka plynul\u00e9 vys\u00favanie a zas\u00favanie. R\u00fdchlo reaguje na ovl\u00e1dacie povely a poskytuje siln\u00fa tla\u010dn\u00fa a \u0165ahov\u00fa silu, ktor\u00e1 je nevyhnutn\u00e1 pre manipul\u00e1ciu s \u0165a\u017ek\u00fdmi materi\u00e1lmi a zlo\u017eit\u00e9 \u00falohy.<\/p>\n<\/li>\n<li>\n<h3>R\u00f4zne dostupn\u00e9 typy<\/h3>\n<p>Z\u00e1kazn\u00edci si m\u00f4\u017eu vybra\u0165 z jedno\u010dinn\u00fdch (pracuj\u00facich v jednom smere) alebo dvoj\u010dinn\u00fdch valcov (pracuj\u00facich v oboch smeroch), aby vyhovovali r\u00f4znym prev\u00e1dzkov\u00fdm potreb\u00e1m. Niektor\u00e9 modely s\u00fa teleskopick\u00e9, \u010do umo\u017e\u0148uje v\u00e4\u010d\u0161ie vysunutie bez zv\u00e4\u010d\u0161enia vonkaj\u0161\u00edch rozmerov, ide\u00e1lne pre aplik\u00e1cie s obmedzen\u00fdm priestorom.<\/p>\n<\/li>\n<li>\n<h3>Presn\u00e9 in\u017einierstvo<\/h3>\n<p>V\u00fdrobn\u00fd proces zabezpe\u010duje, \u017ee ka\u017ed\u00fd valec v\u00fdlo\u017en\u00edka sp\u013a\u0148a pr\u00edsne \u0161pecifik\u00e1cie, \u010do vedie k vysok\u00e9mu v\u00fdkonu a spo\u013eahlivosti v n\u00e1ro\u010dn\u00fdch podmienkach.<\/p>\n<\/li>\n<li>\n<h3>Perfektn\u00e9 mo\u017enosti n\u00e1hrady<\/h3>\n<p>Tieto produkty vyr\u00e1bame tak, aby dokonale nahradili existuj\u00face hydraulick\u00e9 valce a zabezpe\u010dili tak bezprobl\u00e9mov\u00fa integr\u00e1ciu a funk\u010dnos\u0165 vo va\u0161ich strojoch.<\/p>\n<\/li>\n<\/ul>\n<p><img decoding=\"async\" src=\"https:\/\/www.hydraulic-cylinders.net\/wp-content\/uploads\/2025\/04\/songte-cylinder-head-with-all-kinds-excavator-models.webp\" alt=\"Modely bagrov\"><\/p>\n<h2>Aplik\u00e1cie valca v\u00fdlo\u017en\u00edka<\/h2>\n<h3>Stavebn\u00e9 stroje<\/h3>\n<p>V r\u00fdpadl\u00e1ch s\u00fa valce v\u00fdlo\u017en\u00edka nevyhnutn\u00e9 na kopanie, nakladanie a premiest\u0148ovanie zeminy alebo sutiny. Poskytuj\u00fa potrebn\u00fa silu na vys\u00favanie a zas\u00favanie v\u00fdlo\u017en\u00edka, \u010do je nevyhnutn\u00e9 pre efekt\u00edvne v\u00fdkopov\u00e9 pr\u00e1ce. V r\u00fdpadlo-naklada\u010doch tieto valce pom\u00e1haj\u00fa pri kopan\u00ed aj pri zdv\u00edhan\u00ed \u0165a\u017ek\u00fdch materi\u00e1lov, \u010do zvy\u0161uje v\u0161estrannos\u0165 a efektivitu stroja na stavenisk\u00e1ch.<\/p>\n<h3>Po\u013enohospod\u00e1rske stroje<\/h3>\n<p>V \u010deln\u00fdch naklada\u010doch sa valce v\u00fdlo\u017en\u00edka pou\u017e\u00edvaj\u00fa na naberanie, zdv\u00edhanie a prepravu p\u00f4dy, sena a in\u00fdch materi\u00e1lov. Schopnos\u0165 manipulova\u0165 s polohou ly\u017eice umo\u017e\u0148uje obsluhe vykon\u00e1va\u0165 \u00falohy r\u00fdchlo a efekt\u00edvne, \u010d\u00edm sa po\u013enohospod\u00e1rske oper\u00e1cie st\u00e1vaj\u00fa produkt\u00edvnej\u0161\u00edmi.<\/p>\n<h3>R\u00fdpadl\u00e1<\/h3>\n<p>Valec v\u00fdlo\u017en\u00edka umo\u017e\u0148uje ly\u017eici prenikn\u00fa\u0165 do p\u00f4dy pri kopan\u00ed. T\u00e1to funkcia je k\u013e\u00fa\u010dov\u00e1 pre v\u00fdkopov\u00e9 \u00falohy, kde je potrebn\u00e1 presnos\u0165 a pevnos\u0165 na preniknutie cez n\u00e1ro\u010dn\u00e9 ter\u00e9nne podmienky.<\/p>\n<h3>Naklada\u010de<\/h3>\n<p>V \u010deln\u00fdch naklada\u010doch zohr\u00e1vaj\u00fa tieto valce k\u013e\u00fa\u010dov\u00fa \u00falohu pri efekt\u00edvnom zdv\u00edhan\u00ed a vykladan\u00ed bremien. Ich kon\u0161trukcia zabezpe\u010duje, \u017ee naklada\u010d dok\u00e1\u017ee zvl\u00e1dnu\u0165 r\u00f4zne hmotnosti, \u010do pom\u00e1ha pri \u00faloh\u00e1ch, ako je manipul\u00e1cia s materi\u00e1lom a pr\u00edprava staveniska.<\/p>\n<h2>\u00davahy o dizajne a krit\u00e9ri\u00e1 v\u00fdberu<\/h2>\n<ul>\n<li>\n<h3>Nosnos\u0165<\/h3>\n<p>Pri v\u00fdbere valca v\u00fdlo\u017en\u00edka je k\u013e\u00fa\u010dov\u00e9 pochopenie jeho nosnosti. Mus\u00ed by\u0165 schopn\u00fd zvl\u00e1dnu\u0165 maxim\u00e1lnu hmotnos\u0165 materi\u00e1lov, ktor\u00e9 stroj zdvihne alebo presunie. Valec s nedostato\u010dnou nosnos\u0165ou m\u00f4\u017ee vies\u0165 k poruch\u00e1m alebo nehod\u00e1m, ktor\u00e9 m\u00f4\u017eu by\u0165 nebezpe\u010dn\u00e9 a n\u00e1kladn\u00e9. Zabezpe\u010denie spr\u00e1vnych \u0161pecifik\u00e1ci\u00ed v s\u00falade s prev\u00e1dzkov\u00fdmi po\u017eiadavkami stroja je k\u013e\u00fa\u010dom k udr\u017eaniu bezpe\u010dnosti a efekt\u00edvnosti.<\/p>\n<\/li>\n<li>\n<h3>Tesniaci v\u00fdkon<\/h3>\n<p>Tesnenie je nevyhnutn\u00e9 pre udr\u017eanie integrity hydraulick\u00fdch syst\u00e9mov. Dobre navrhnut\u00e9 tesnenie zabra\u0148uje \u00faniku hydraulickej kvapaliny a zabezpe\u010duje udr\u017eiavanie tlaku v syst\u00e9me. Vysokokvalitn\u00e9 tesnenia s\u00fa zvy\u010dajne vyroben\u00e9 z odoln\u00fdch materi\u00e1lov, ktor\u00e9 poskytuj\u00fa odolnos\u0165 vo\u010di opotrebovaniu a environment\u00e1lnym faktorom. Pravideln\u00e1 kontrola tesnen\u00ed je nevyhnutn\u00e1, aby sa predi\u0161lo \u00fanikom, ktor\u00e9 m\u00f4\u017eu vies\u0165 k neefekt\u00edvnej prev\u00e1dzke strojov a zv\u00fd\u0161en\u00fdm n\u00e1kladom.<\/p>\n<\/li>\n<li>\n<h3>Trvanlivos\u0165 a dlh\u00e1 \u017eivotnos\u0165<\/h3>\n<p>Trvanlivos\u0165 je k\u013e\u00fa\u010dov\u00fdm faktorom pri kon\u0161trukcii valcov v\u00fdlo\u017en\u00edka. Tieto komponenty musia odol\u00e1va\u0165 n\u00e1ro\u010dn\u00fdm prev\u00e1dzkov\u00fdm podmienkam vr\u00e1tane extr\u00e9mnych tepl\u00f4t, ne\u010dist\u00f4t a \u00falomkov. V\u00fdber valcov vyroben\u00fdch z vysoko kvalitn\u00fdch materi\u00e1lov s ochrann\u00fdmi povlakmi m\u00f4\u017ee pred\u013a\u017ei\u0165 \u017eivotnos\u0165, zn\u00ed\u017ei\u0165 frekvenciu v\u00fdmen a opr\u00e1v, a t\u00fdm z dlhodob\u00e9ho h\u013eadiska zn\u00ed\u017ei\u0165 prev\u00e1dzkov\u00e9 n\u00e1klady.<\/p>\n<\/li>\n<li>\n<h3>Bezpe\u010dnostn\u00e9 prvky<\/h3>\n<p>Bezpe\u010dnos\u0165 je pri kon\u0161trukcii hydraulick\u00fdch valcov prvorad\u00e1. Funkcie, ako s\u00fa pretlakov\u00e9 ventily a bezpe\u010dnostn\u00e9 z\u00e1mky, s\u00fa nevyhnutn\u00e9 na zabr\u00e1nenie n\u00e1hodn\u00e9mu spusteniu a pre\u0165a\u017eeniu. Zabezpe\u010denie toho, aby bol valec ramena vybaven\u00fd t\u00fdmito bezpe\u010dnostn\u00fdmi prvkami, je k\u013e\u00fa\u010dov\u00e9 pre ochranu obsluhy a strojov po\u010das prev\u00e1dzky.<\/p>\n<\/li>\n<li>\n<h3>Udr\u017eiavate\u013enos\u0165<\/h3>\n<p>\u010eal\u0161\u00edm d\u00f4le\u017eit\u00fdm faktorom je jednoduchos\u0165 \u00fadr\u017eby. Dobre navrhnut\u00fd hydraulick\u00fd valec by mal umo\u017e\u0148ova\u0165 jednoduch\u00fa kontrolu, mazanie a v\u00fdmenu dielov. Tento faktor m\u00f4\u017ee u\u0161etri\u0165 \u010das a peniaze a zabezpe\u010di\u0165, aby stroj zostal funk\u010dn\u00fd s minim\u00e1lnymi prestojmi. Pravideln\u00e9 pl\u00e1ny \u00fadr\u017eby by mali by\u0165 stanoven\u00e9, aby sa zabezpe\u010dila dlh\u00e1 \u017eivotnos\u0165 a \u00fa\u010dinnos\u0165 valca v\u00fdlo\u017en\u00edka.<\/p>\n<\/li>\n<\/ul>\n<p><img decoding=\"async\" src=\"https:\/\/www.hydraulic-cylinders.net\/wp-content\/uploads\/2025\/04\/songte-oil-pipes-and-spare-parts.webp\" alt=\"Hydraulick\u00e9 diely\"><\/p>\n<h2>Tesnenie a mazanie<\/h2>\n<p>Tesnenie a mazanie valca v\u00fdlo\u017en\u00edka s\u00fa nevyhnutn\u00e9 pre jeho v\u00fdkon a dlh\u00fa \u017eivotnos\u0165. Na zabezpe\u010denie tesn\u00e9ho ulo\u017eenia a zabr\u00e1nenie \u00faniku hydraulickej kvapaliny sa pou\u017e\u00edvaj\u00fa r\u00f4zne tesniace prvky, ako s\u00fa tesnenia piestov a tesnenia ty\u010d\u00ed. Tesnenia vyroben\u00e9 z materi\u00e1lov ako polyuret\u00e1n a nitrilov\u00fd kau\u010duk poskytuj\u00fa vynikaj\u00facu odolnos\u0165 proti opotrebovaniu a trvanlivos\u0165. Teleso valca a z\u00e1vitov\u00e9 koncov\u00e9 povrchy sa jemne upravuj\u00fa, aby sa zv\u00fd\u0161ila odolnos\u0165 proti opotrebovaniu. Pravideln\u00e9 mazanie vhodn\u00fdm hydraulick\u00fdm olejom je nevyhnutn\u00e9 na udr\u017eanie hladk\u00e9ho chodu a zabr\u00e1nenie opotrebovaniu, \u010d\u00edm sa zabezpe\u010d\u00ed, \u017ee valec bude fungova\u0165 efekt\u00edvne po\u010das celej svojej \u017eivotnosti.<\/p>\n<h2>Opatrenia prevent\u00edvnej \u00fadr\u017eby<\/h2>\n<ul>\n<li>\n<h3>Pravideln\u00e9 kontroly<\/h3>\n<p>Pravideln\u00e9 kontroly valca ramena by sa mali vykon\u00e1va\u0165, aby sa skontrolovali zn\u00e1mky opotrebovania, netesnost\u00ed alebo po\u0161kodenia. V\u010dasn\u00e1 identifik\u00e1cia probl\u00e9mov m\u00f4\u017ee pred\u00eds\u0165 z\u00e1va\u017enej\u0161\u00edm probl\u00e9mom v bud\u00facnosti. Skontrolujte v\u0161etky tesnenia, hadice a armat\u00fary, \u010di nejavia zn\u00e1mky opotrebovania alebo zhor\u0161enia stavu.<\/p>\n<\/li>\n<li>\n<h3>Vhodn\u00e9 mazanie<\/h3>\n<p>Je nevyhnutn\u00e9 udr\u017eiava\u0165 v hydraulickom syst\u00e9me spr\u00e1vnu hladinu mazania. Pravidelne kontrolujte hladiny hydraulickej kvapaliny a pod\u013ea potreby dop\u013a\u0148ajte mazivo, aby ste predi\u0161li chodu nasucho, ktor\u00fd m\u00f4\u017ee vies\u0165 k po\u0161kodeniu valca.<\/p>\n<\/li>\n<li>\n<h3>V\u00fdmena tesnenia<\/h3>\n<p>Tesnenia by sa mali kontrolova\u0165 po\u010das \u00fadr\u017eby a pod\u013ea potreby vymie\u0148a\u0165. Opotrebovan\u00e9 alebo po\u0161koden\u00e9 tesnenia m\u00f4\u017eu vies\u0165 k \u00fanikom hydraulickej kvapaliny, zni\u017eova\u0165 \u00fa\u010dinnos\u0165 syst\u00e9mu a zvy\u0161ova\u0165 prev\u00e1dzkov\u00e9 n\u00e1klady. V\u010dasn\u00e1 v\u00fdmena tesnen\u00ed m\u00f4\u017ee zabr\u00e1ni\u0165 \u010fal\u0161iemu po\u0161kodeniu valca.<\/p>\n<\/li>\n<\/ul>\n<p><img decoding=\"async\" src=\"https:\/\/www.hydraulic-cylinders.net\/wp-content\/uploads\/2025\/04\/songte-chushion-collar.webp\" alt=\"Vank\u00fa\u0161ov\u00fd golier\"><\/p>\n<h2>Pokyny na in\u0161tal\u00e1ciu<\/h2>\n<p>Spr\u00e1vna in\u0161tal\u00e1cia valca v\u00fdlo\u017en\u00edka je k\u013e\u00fa\u010dov\u00e1 pre optim\u00e1lny v\u00fdkon. Za\u010dnite t\u00fdm, \u017ee sa uist\u00edte, \u017ee mont\u00e1\u017ene povrchy s\u00fa \u010dist\u00e9 a bez ne\u010dist\u00f4t. Valec spr\u00e1vne zarovnajte so strojom a uistite sa, \u017ee je vodorovn\u00fd a bezpe\u010dne upevnen\u00fd. Po\u010das in\u0161tal\u00e1cie pou\u017eite vhodn\u00e9 mont\u00e1\u017ene konzoly na upevnenie valca na mieste. Dodr\u017eiavajte \u0161pecifik\u00e1cie v\u00fdrobcu t\u00fdkaj\u00face sa nastavenia kr\u00fatiaceho momentu na skrutk\u00e1ch, aby ste predi\u0161li nadmern\u00e9mu utiahnutiu, ktor\u00e9 m\u00f4\u017ee vies\u0165 k po\u0161kodeniu. Po in\u0161tal\u00e1cii skontrolujte, \u010di nie s\u00fa \u017eiadne nespr\u00e1vne zarovnania a pod\u013ea potreby ich upravte. Uistite sa, \u017ee hydraulick\u00e9 potrubia s\u00fa spr\u00e1vne pripojen\u00e9 a bez zalomen\u00ed, aby sa zabezpe\u010dil plynul\u00fd tok kvapaliny.<\/p>\n<h2>Preh\u013ead \u00faloh \u00fadr\u017eby<\/h2>\n<ul>\n<li>\n<h3>Pravideln\u00e9 kontroly<\/h3>\n<p>Pravidelne kontrolujte valec ramena, aby ste sa uistili, \u017ee funguje spr\u00e1vne. H\u013eadajte ak\u00e9ko\u013evek zn\u00e1mky opotrebovania, ako s\u00fa \u0161krabance alebo prelia\u010diny, a ihne\u010f ich odstr\u00e1\u0148te, aby ste predi\u0161li \u010fal\u0161iemu po\u0161kodeniu.<\/p>\n<\/li>\n<li>\n<h3>Spr\u00e1vne mazanie<\/h3>\n<p>Zabezpe\u010dte dostato\u010dn\u00e9 mazanie hydraulick\u00e9ho syst\u00e9mu a pravidelne kontrolujte hladinu a kvalitu kvapal\u00edn. Pou\u017e\u00edvanie spr\u00e1vneho typu hydraulickej kvapaliny je nevyhnutn\u00e9 pre udr\u017eanie v\u00fdkonu syst\u00e9mu.<\/p>\n<\/li>\n<li>\n<h3>V\u00fdmena a kalibr\u00e1cia tesnenia<\/h3>\n<p>Pravidelne kontrolujte opotrebovanie tesnen\u00ed a v pr\u00edpade potreby ich vyme\u0148te. Okrem toho vykonajte kalibra\u010dn\u00e9 kontroly, aby ste sa uistili, \u017ee hydraulick\u00fd syst\u00e9m funguje v r\u00e1mci po\u017eadovan\u00fdch \u0161pecifik\u00e1ci\u00ed.<\/p>\n<\/li>\n<\/ul>\n<h2>Bezpe\u010dnostn\u00e9 aspekty a faktory prostredia<\/h2>\n<p>Bezpe\u010dnostn\u00e9 opatrenia s\u00fa pri obsluhe hydraulick\u00fdch syst\u00e9mov k\u013e\u00fa\u010dov\u00e9. Obsluha by mala by\u0165 vy\u0161kolen\u00e1, aby rozumela potenci\u00e1lnym rizik\u00e1m spojen\u00fdm s hydraulick\u00fdmi strojmi vr\u00e1tane rizika \u00fanikov, v\u00fdbuchov pod vysok\u00fdm tlakom a mechanick\u00fdch por\u00fach. Na minimaliz\u00e1ciu rizika zranenia by sa mali nosi\u0165 vhodn\u00e9 osobn\u00e9 ochrann\u00e9 prostriedky (OOP). Okrem toho by sa mali riadi\u0165 faktory prostredia, ako s\u00fa rozliatie hydraulickej kvapaliny, aby sa predi\u0161lo kontamin\u00e1cii a dodr\u017eiavali sa regula\u010dn\u00e9 po\u017eiadavky.<\/p>\n<h2>Rie\u0161enie be\u017en\u00fdch probl\u00e9mov<\/h2>\n<ul>\n<li>\n<h3>\u00daniky tekut\u00edn<\/h3>\n<p>\u00daniky kvapal\u00edn s\u00fa be\u017en\u00fdm probl\u00e9mom, ktor\u00fd m\u00f4\u017ee vies\u0165 k zn\u00ed\u017eeniu \u00fa\u010dinnosti. Skontrolujte tesnenia a hadice, \u010di nie s\u00fa po\u0161koden\u00e9, a v pr\u00edpade potreby ich vyme\u0148te. Uistite sa, \u017ee v\u0161etky spoje s\u00fa spr\u00e1vne utiahnut\u00e9, aby ste predi\u0161li \u00fanikom.<\/p>\n<\/li>\n<li>\n<h3>Nerovnomern\u00fd pohyb valca<\/h3>\n<p>Ak sa valec nevys\u00fava alebo nezas\u00fava rovnomerne, m\u00f4\u017ee to znamena\u0165 zablokovanie alebo poruchu hydraulick\u00e9ho syst\u00e9mu. Skontrolujte hadice a spoje, \u010di nie s\u00fa zalomen\u00e9 alebo upchat\u00e9, a uistite sa, \u017ee hydraulick\u00e1 kvapalina je na spr\u00e1vnej hladine.<\/p>\n<\/li>\n<li>\n<h3>Strata energie<\/h3>\n<p>Strata v\u00fdkonu v hydraulickom syst\u00e9me m\u00f4\u017ee by\u0165 sp\u00f4soben\u00e1 n\u00edzkou hladinou kvapaliny alebo jej zne\u010disten\u00edm. Pravidelne kontrolujte kvalitu kvapaliny a vymie\u0148ajte ju pod\u013ea odpor\u00fa\u010dan\u00ed v\u00fdrobcu, aby ste zabezpe\u010dili optim\u00e1lny v\u00fdkon.<\/p>\n<\/li>\n<\/ul>\n<p><img decoding=\"async\" src=\"https:\/\/www.hydraulic-cylinders.net\/wp-content\/uploads\/2025\/04\/songte-bushings-with-all-kinds-of-excavator-models.webp\" alt=\"Puzdr\u00e1 bagerov\"><\/p>\n<h2>Z\u00e1ver<\/h2>\n<p>Sme popredn\u00fdm v\u00fdrobcom n\u00e1hradn\u00fdch hydraulick\u00fdch valcov a poskytujeme \u0161irok\u00fa \u0161k\u00e1lu produktov pre dom\u00e1ci aj medzin\u00e1rodn\u00fd trh. N\u00e1\u0161 z\u00e1v\u00e4zok k excelentnosti je zrejm\u00fd v na\u0161ich sofistikovan\u00fdch v\u00fdrobn\u00fdch procesoch a d\u00f4raze na kontrolu kvality. Vyu\u017e\u00edvan\u00edm pokro\u010dil\u00fdch technol\u00f3gi\u00ed a sk\u00fasen\u00fdch in\u017einierov zabezpe\u010dujeme, aby na\u0161e produkty sp\u013a\u0148ali pr\u00edsne v\u00fdkonnostn\u00e9 \u0161tandardy. Na\u0161e slu\u017eby zah\u0155\u0148aj\u00fa rie\u0161enia na mieru, ktor\u00e9 uspokoja \u0161pecifick\u00e9 potreby klientov, robustn\u00fa popredajn\u00fa podporu a medzin\u00e1rodn\u00e9 certifik\u00e1cie, ktor\u00e9 pod\u010diarkuj\u00fa spo\u013eahlivos\u0165 na\u0161ich produktov. Sme odhodlan\u00ed plni\u0165 rozmanit\u00e9 po\u017eiadavky z\u00e1kazn\u00edkov s presnos\u0165ou, efekt\u00edvnos\u0165ou a kvalitou.<\/p>\n<p><img decoding=\"async\" src=\"https:\/\/www.hydraulic-cylinders.net\/wp-content\/uploads\/2025\/04\/songte-company-4.webp\" alt=\"Obr\u00e1zok spolo\u010dnosti\"><br \/>\n<img decoding=\"async\" src=\"https:\/\/www.hydraulic-cylinders.net\/wp-content\/uploads\/2025\/04\/songte-company-3.webp\" alt=\"Obr\u00e1zok spolo\u010dnosti\"><\/p>\n<p>Autor: lyl<\/p>","protected":false},"excerpt":{"rendered":"<p>Boom Cylinder For Kato Small Excavator HD307 Understanding the Boom Cylinder The Boom Cylinder is a crucial component in hydraulic systems, specifically designed to control the movement of the bucket in various heavy machinery such as excavators, backhoe loaders, and front loaders. This hydraulic cylinder facilitates the lifting, lowering, and tilting of the bucket, enabling [&hellip;]<\/p>","protected":false},"featured_media":17870,"comment_status":"open","ping_status":"closed","template":"","meta":{"_et_pb_use_builder":"","_et_pb_old_content":"","_et_gb_content_width":""},"product_brand":[],"product_cat":[1546],"product_tag":[1547,1496],"class_list":{"0":"post-19742","1":"product","2":"type-product","3":"status-publish","4":"has-post-thumbnail","6":"product_cat-boom-cylinders","7":"product_tag-boom-cylinders","8":"product_tag-hydraulic-cylinders","10":"first","11":"instock","12":"shipping-taxable","13":"product-type-simple"},"amp_enabled":true,"_links":{"self":[{"href":"https:\/\/www.hydraulic-cylinders.net\/sk\/wp-json\/wp\/v2\/product\/19742","targetHints":{"allow":["GET"]}}],"collection":[{"href":"https:\/\/www.hydraulic-cylinders.net\/sk\/wp-json\/wp\/v2\/product"}],"about":[{"href":"https:\/\/www.hydraulic-cylinders.net\/sk\/wp-json\/wp\/v2\/types\/product"}],"replies":[{"embeddable":true,"href":"https:\/\/www.hydraulic-cylinders.net\/sk\/wp-json\/wp\/v2\/comments?post=19742"}],"wp:featuredmedia":[{"embeddable":true,"href":"https:\/\/www.hydraulic-cylinders.net\/sk\/wp-json\/wp\/v2\/media\/17870"}],"wp:attachment":[{"href":"https:\/\/www.hydraulic-cylinders.net\/sk\/wp-json\/wp\/v2\/media?parent=19742"}],"wp:term":[{"taxonomy":"product_brand","embeddable":true,"href":"https:\/\/www.hydraulic-cylinders.net\/sk\/wp-json\/wp\/v2\/product_brand?post=19742"},{"taxonomy":"product_cat","embeddable":true,"href":"https:\/\/www.hydraulic-cylinders.net\/sk\/wp-json\/wp\/v2\/product_cat?post=19742"},{"taxonomy":"product_tag","embeddable":true,"href":"https:\/\/www.hydraulic-cylinders.net\/sk\/wp-json\/wp\/v2\/product_tag?post=19742"}],"curies":[{"name":"pracovn\u00fd list","href":"https:\/\/api.w.org\/{rel}","templated":true}]}}