{"id":19743,"date":"2025-04-07T07:05:01","date_gmt":"2025-04-07T07:05:01","guid":{"rendered":"https:\/\/www.hydraulic-cylinders.net\/product\/boom-cylinder-for-kato-small-excavator-hd512\/"},"modified":"2025-04-07T07:05:04","modified_gmt":"2025-04-07T07:05:04","slug":"boom-cylinder-for-kato-small-excavator-hd512","status":"publish","type":"product","link":"https:\/\/www.hydraulic-cylinders.net\/sk\/produkt\/boom-cylinder-for-kato-small-excavator-hd512\/","title":{"rendered":"Valec v\u00fdlo\u017en\u00edka pre mal\u00e9 r\u00fdpadlo Kato HD512"},"content":{"rendered":"<h1>Valec v\u00fdlo\u017en\u00edka pre mal\u00e9 r\u00fdpadlo Kato HD512<\/h1>\n<h2>Preh\u013ead produktu<\/h2>\n<p>Hydraulick\u00fd valec v\u00fdlo\u017en\u00edka pre mal\u00e9 r\u00fdpadlo Kato HD512 je \u0161pecializovan\u00fd hydraulick\u00fd valec ur\u010den\u00fd na ovl\u00e1danie pohybu ly\u017eice na r\u00f4znych \u0165a\u017ek\u00fdch strojoch vr\u00e1tane r\u00fdpadiel, r\u00fdpadiel-naklada\u010dov a \u010deln\u00fdch naklada\u010dov. Tieto valce umo\u017e\u0148uj\u00fa zdv\u00edhanie, sp\u00fa\u0161\u0165anie a nakl\u00e1\u0148anie ly\u017eice, \u010do u\u013eah\u010duje efekt\u00edvnu manipul\u00e1ciu s materi\u00e1lom. Hydraulick\u00e9 valce zohr\u00e1vaj\u00fa k\u013e\u00fa\u010dov\u00fa \u00falohu v hydraulick\u00fdch syst\u00e9moch \u0165a\u017ek\u00fdch strojov a poskytuj\u00fa potrebn\u00fa silu na vykon\u00e1vanie n\u00e1ro\u010dn\u00fdch \u00faloh v stavebn\u00edctve a po\u013enohospod\u00e1rstve.<\/p>\n<p><img decoding=\"async\" src=\"https:\/\/www.hydraulic-cylinders.net\/wp-content\/uploads\/2025\/04\/songte-company-1.webp\" alt=\"Valec v\u00fdlo\u017en\u00edka pre r\u00fdpadl\u00e1\"><\/p>\n<h2>Vlastnosti valca v\u00fdlo\u017en\u00edka<\/h2>\n<ul>\n<li><strong>Vysok\u00e1 pevnos\u0165 a odolnos\u0165:<\/strong> Vyroben\u00e9 z vysokopevnostnej ocele alebo hlin\u00edka, schopn\u00e9 odol\u00e1va\u0165 vysok\u00e9mu tlaku a \u0165a\u017ek\u00fdm za\u0165a\u017eeniam, ur\u010den\u00e9 do n\u00e1ro\u010dn\u00fdch pracovn\u00fdch prostred\u00ed s vlastnos\u0165ami odoln\u00fdmi vo\u010di opotrebovaniu a kor\u00f3zii.<\/li>\n<li><strong>Efekt\u00edvna hydraulick\u00e1 prev\u00e1dzka:<\/strong> Vyu\u017e\u00edva hydraulick\u00fd tlak oleja pre plynul\u00e9 vys\u00favanie a zas\u00favanie, \u010d\u00edm poskytuje r\u00fdchlu odozvu na ovl\u00e1dacie povely a siln\u00fa tla\u010dno-\u0165ahaciu silu vhodn\u00fa na zvl\u00e1dnutie \u0165a\u017ek\u00fdch a zlo\u017eit\u00fdch \u00faloh.<\/li>\n<li><strong>R\u00f4zne typy:<\/strong> K dispoz\u00edcii s\u00fa jedno\u010dinn\u00e9 (vyu\u017e\u00edva hydraulick\u00fd tlak v jednom smere) alebo dvoj\u010dinn\u00e9 (vyu\u017e\u00edva hydraulick\u00fd tlak v oboch smeroch) valce, ktor\u00e9 sp\u013a\u0148aj\u00fa r\u00f4zne prev\u00e1dzkov\u00e9 potreby, pri\u010dom niektor\u00e9 modely s\u00fa teleskopick\u00e9, \u010do umo\u017e\u0148uje v\u00e4\u010d\u0161ie vysunutie bez zv\u00e4\u010d\u0161enia vonkaj\u0161\u00edch rozmerov, ide\u00e1lne pre aplik\u00e1cie s obmedzen\u00fdm priestorom.<\/li>\n<\/ul>\n<p>N\u00e1\u0161 produkt dok\u00e1\u017ee dokonale nahradi\u0165 tieto hydraulick\u00e9 valce.<\/p>\n<p><img decoding=\"async\" src=\"https:\/\/www.hydraulic-cylinders.net\/wp-content\/uploads\/2025\/04\/songte-cylinder-head-with-all-kinds-excavator-models.webp\" alt=\"Hydraulick\u00fd valec r\u00fdpadla\"><\/p>\n<h2>Scen\u00e1re aplik\u00e1ci\u00ed<\/h2>\n<h3>Stavebn\u00e9 stroje<\/h3>\n<p>V r\u00fdpadl\u00e1ch s\u00fa valce v\u00fdlo\u017en\u00edka nevyhnutn\u00e9 pre efekt\u00edvne kopanie, nakladanie a premiest\u0148ovanie zeminy alebo sutiny. Ich kon\u0161trukcia umo\u017e\u0148uje optim\u00e1lnu kontrolu nad pohybom ly\u017eice, \u010do je nevyhnutn\u00e9 pre \u00falohy vy\u017eaduj\u00face presnos\u0165 a v\u00fdkon. V\u0161estrannos\u0165 t\u00fdchto valcov zvy\u0161uje schopnos\u0165 r\u00fdpadla pracova\u0165 v r\u00f4znych ter\u00e9noch a podmienkach, v\u010faka \u010domu s\u00fa nevyhnutn\u00e9 pre stavebn\u00e9 projekty.<\/p>\n<h3>Po\u013enohospod\u00e1rske stroje<\/h3>\n<p>V \u010deln\u00fdch naklada\u010doch u\u013eah\u010duj\u00fa valce v\u00fdlo\u017en\u00edka zdv\u00edhanie, naberanie a prepravu p\u00f4dy, sena a in\u00fdch materi\u00e1lov. Ich robustn\u00e1 kon\u0161trukcia zabezpe\u010duje, \u017ee zvl\u00e1dnu \u0165a\u017ek\u00e9 bremen\u00e1, s ktor\u00fdmi sa be\u017ene stret\u00e1vame v po\u013enohospod\u00e1rskom prostred\u00ed, \u010d\u00edm sa zvy\u0161uje produktivita a efekt\u00edvnos\u0165. Schopnos\u0165 presne manipulova\u0165 s bremenom umo\u017e\u0148uje obsluhe vykon\u00e1va\u0165 \u00falohy s v\u00e4\u010d\u0161ou presnos\u0165ou a bezpe\u010dnos\u0165ou.<\/p>\n<h3>R\u00fdpadl\u00e1<\/h3>\n<p>Hydraulick\u00fd valec ly\u017eice umo\u017e\u0148uje ly\u017eici prenikn\u00fa\u0165 do p\u00f4dy, \u010do umo\u017e\u0148uje efekt\u00edvne kopanie. T\u00e1to schopnos\u0165 je k\u013e\u00fa\u010dov\u00e1 pre r\u00f4zne v\u00fdkopov\u00e9 \u00falohy vr\u00e1tane h\u013abenia v\u00fdkopov a \u00faprav ter\u00e9nu. Hydraulick\u00fd v\u00fdkon poskytovan\u00fd valcom je nevyhnutn\u00fd na dosiahnutie po\u017eadovan\u00fdch h\u013abok kopania a udr\u017eanie prev\u00e1dzkovej efekt\u00edvnosti.<\/p>\n<h3>Naklada\u010de<\/h3>\n<p>V \u010deln\u00fdch naklada\u010doch tieto valce efekt\u00edvne pom\u00e1haj\u00fa pri zdv\u00edhan\u00ed a vykladan\u00ed materi\u00e1lov. Ich v\u00fdkon a spo\u013eahlivos\u0165 zabezpe\u010duj\u00fa, \u017ee oper\u00e1tori m\u00f4\u017eu \u013eahko vykon\u00e1va\u0165 zdv\u00edhacie \u00falohy, \u010d\u00edm sa zvy\u0161uje celkov\u00e1 produktivita na pracovisk\u00e1ch. Schopnos\u0165 presne ovl\u00e1da\u0165 n\u00e1klad je nevyhnutn\u00e1 pre zabr\u00e1nenie rozsypaniu a zaistenie bezpe\u010dnosti po\u010das prev\u00e1dzky.<\/p>\n<h2>\u00davahy o dizajne a krit\u00e9ri\u00e1 v\u00fdberu<\/h2>\n<h3>Nosnos\u0165<\/h3>\n<p>Nosnos\u0165 hydraulick\u00e9ho valca je kritick\u00fdm faktorom. Ur\u010duje maxim\u00e1lnu hmotnos\u0165, ktor\u00fa m\u00f4\u017ee valec zdvihn\u00fa\u0165 alebo tla\u010di\u0165. V\u00fdber valca s vhodnou nosnos\u0165ou zais\u0165uje bezpe\u010dn\u00fa prev\u00e1dzku a dlh\u00fa \u017eivotnos\u0165. Je nevyhnutn\u00e9 zv\u00e1\u017ei\u0165 o\u010dak\u00e1van\u00e9 za\u0165a\u017eenie po\u010das prev\u00e1dzky zariadenia, aby sa predi\u0161lo poruche valca a potenci\u00e1lnym nehod\u00e1m.<\/p>\n<h3>Tesnenie<\/h3>\n<p>\u00da\u010dinn\u00e9 tesnenie je nevyhnutn\u00e9 na udr\u017eanie hydraulick\u00e9ho tlaku vo valci. Vysokokvalitn\u00e9 tesnenia zabra\u0148uj\u00fa \u00faniku hydraulickej kvapaliny, \u010do m\u00f4\u017ee vies\u0165 k zn\u00ed\u017eeniu v\u00fdkonu a ohrozeniu \u017eivotn\u00e9ho prostredia. V\u00fdber tesniacich materi\u00e1lov, ako je polyuret\u00e1n alebo nitrilov\u00e1 guma, v\u00fdznamne ovplyv\u0148uje \u017eivotnos\u0165 a spo\u013eahlivos\u0165 hydraulick\u00e9ho valca, \u010do z neho rob\u00ed k\u013e\u00fa\u010dov\u00fd kon\u0161truk\u010dn\u00fd faktor.<\/p>\n<h3>Trvanlivos\u0165<\/h3>\n<p>Trvanlivos\u0165 sa vz\u0165ahuje na schopnos\u0165 hydraulick\u00e9ho valca odol\u00e1va\u0165 opotrebovaniu v priebehu \u010dasu. K celkovej trvanlivosti prispievaj\u00fa faktory, ako je v\u00fdber materi\u00e1lu, kon\u0161trukcia a odolnos\u0165 vo\u010di prostrediu. Odoln\u00fd valec minimalizuje n\u00e1klady na \u00fadr\u017ebu a prestoje, \u010d\u00edm zabezpe\u010duje konzistentn\u00fd v\u00fdkon a bezpe\u010dnos\u0165 v n\u00e1ro\u010dn\u00fdch aplik\u00e1ci\u00e1ch.<\/p>\n<h3>Bezpe\u010dnos\u0165<\/h3>\n<p>Bezpe\u010dnostn\u00e9 prvky s\u00fa pri kon\u0161trukcii hydraulick\u00fdch valcov nevyhnutn\u00e9. Patria sem zoh\u013eadnenie ochrany proti pre\u0165a\u017eeniu, mechanizmov na zn\u00ed\u017eenie tlaku a robustnej kon\u0161trukcie, aby sa predi\u0161lo katastrofick\u00fdm poruch\u00e1m. Dodr\u017eiavan\u00edm bezpe\u010dnostn\u00fdch noriem a za\u010dlenen\u00edm bezpe\u010dnostn\u00fdch prvkov m\u00f4\u017eu v\u00fdrobcovia zv\u00fd\u0161i\u0165 prev\u00e1dzkov\u00fa bezpe\u010dnos\u0165 hydraulick\u00fdch valcov v r\u00f4znych aplik\u00e1ci\u00e1ch.<\/p>\n<h3>\u00dadr\u017eba<\/h3>\n<p>Medzi aspekty \u00fadr\u017eby patr\u00ed jednoduch\u00fd pr\u00edstup pri kontrol\u00e1ch, mazacie body a mo\u017enos\u0165 jednoduchej v\u00fdmeny opotrebovan\u00fdch komponentov. Dobre navrhnut\u00fd hydraulick\u00fd valec zjednodu\u0161uje procesy \u00fadr\u017eby, skracuje prestoje a zabezpe\u010duje dlhodob\u00fa prev\u00e1dzkov\u00fa efekt\u00edvnos\u0165. Faktory, ako je modul\u00e1rna kon\u0161trukcia a \u0161tandardizovan\u00e9 komponenty, prispievaj\u00fa k zlep\u0161eniu postupov \u00fadr\u017eby.<\/p>\n<p><img decoding=\"async\" src=\"https:\/\/www.hydraulic-cylinders.net\/wp-content\/uploads\/2025\/04\/songte-oil-pipes-and-spare-parts.webp\" alt=\"\u010casti hydraulick\u00e9ho valca\"><\/p>\n<h2>Tesnenie a mazanie valca<\/h2>\n<p>Pou\u017eitie r\u00f4znych tesniacich komponentov, ako s\u00fa tesnenia piestov a tesnenia ty\u010d\u00ed, je nevyhnutn\u00e9 pre spr\u00e1vnu hydraulick\u00fa prev\u00e1dzku. V\u00fdber tesnen\u00ed vyroben\u00fdch z materi\u00e1lov odoln\u00fdch vo\u010di opotrebovaniu, ako je polyuret\u00e1n a nitrilov\u00fd kau\u010duk, zvy\u0161uje odolnos\u0165 a v\u00fdkon. Teleso valca a z\u00e1vitov\u00e9 koncov\u00e9 plochy prech\u00e1dzaj\u00fa presn\u00fdm obr\u00e1ban\u00edm, aby sa zlep\u0161ila odolnos\u0165 vo\u010di opotrebovaniu, \u010d\u00edm sa zabezpe\u010d\u00ed tesn\u00e9 utesnenie, ktor\u00e9 minimalizuje \u00fanik kvapaliny. Pravideln\u00e9 mazanie vhodn\u00fdm hydraulick\u00fdm olejom je k\u013e\u00fa\u010dov\u00e9 pre udr\u017eanie optim\u00e1lnej prev\u00e1dzky a zabr\u00e1nenie opotrebovaniu pohybliv\u00fdch \u010dast\u00ed.<\/p>\n<h2>Pravideln\u00e1 kontrola a opatrenia prevent\u00edvnej \u00fadr\u017eby<\/h2>\n<ul>\n<li><strong>Vizu\u00e1lna kontrola:<\/strong> Pravidelne kontrolujte zn\u00e1mky opotrebovania, po\u0161kodenia alebo netesnost\u00ed v hydraulickom valci. V\u010dasn\u00e9 odhalenie probl\u00e9mov m\u00f4\u017ee zabr\u00e1ni\u0165 n\u00e1kladn\u00fdm oprav\u00e1m a zabezpe\u010di\u0165 prev\u00e1dzkov\u00fa efekt\u00edvnos\u0165.<\/li>\n<li><strong>Mazanie:<\/strong> Uistite sa, \u017ee v\u0161etky pohybliv\u00e9 \u010dasti s\u00fa dostato\u010dne namazan\u00e9, aby sa zn\u00ed\u017eilo trenie a zabr\u00e1nilo sa pred\u010dasn\u00e9mu opotrebovaniu. Pre optim\u00e1lny v\u00fdkon pou\u017e\u00edvajte hydraulick\u00fd olej odpor\u00fa\u010dan\u00fd v\u00fdrobcom.<\/li>\n<li><strong>V\u00fdmena tesnenia:<\/strong> Monitorujte stav tesnen\u00ed a pod\u013ea potreby ich vymie\u0148ajte, aby ste udr\u017eali hydraulick\u00fd tlak a predi\u0161li \u00fanikom. Pravideln\u00e1 v\u00fdmena tesnen\u00ed je rozhoduj\u00faca pre dlh\u00fa \u017eivotnos\u0165 valca.<\/li>\n<\/ul>\n<h2>Pokyny na in\u0161tal\u00e1ciu<\/h2>\n<p>Spr\u00e1vna in\u0161tal\u00e1cia valca v\u00fdlo\u017en\u00edka je k\u013e\u00fa\u010dov\u00e1 pre optim\u00e1lny v\u00fdkon. Za\u010dnite t\u00fdm, \u017ee sa uist\u00edte, \u017ee mont\u00e1\u017ene konzoly s\u00fa bezpe\u010dne pripevnen\u00e9 a spr\u00e1vne zarovnan\u00e9. Na stabiliz\u00e1ciu valca po\u010das mont\u00e1\u017ee pou\u017eite vhodn\u00e9 mont\u00e1\u017ene podpery. Je nevyhnutn\u00e9 dodr\u017eiava\u0165 \u0161pecifik\u00e1cie v\u00fdrobcu t\u00fdkaj\u00face sa nastavenia kr\u00fatiaceho momentu, aby ste predi\u0161li po\u0161kodeniu valca. Po in\u0161tal\u00e1cii otestujte hydraulick\u00fd syst\u00e9m, aby ste overili, \u010di nedoch\u00e1dza k \u00fanikom a \u010di valec funguje hladko. Pravidelne kontrolujte zarovnanie a tesnos\u0165 mont\u00e1\u017enych prvkov, aby ste zabezpe\u010dili trval\u00fd v\u00fdkon.<\/p>\n<h2>Be\u017en\u00e9 \u00falohy \u00fadr\u017eby<\/h2>\n<ul>\n<li><strong>Pravideln\u00e1 kontrola:<\/strong> Stanovte si pravideln\u00fd pl\u00e1n kontrol, aby ste v\u010das identifikovali ak\u00e9ko\u013evek potenci\u00e1lne probl\u00e9my. H\u013eadajte zn\u00e1mky opotrebovania, netesnost\u00ed a nespr\u00e1vneho zarovnania. Sledovanie t\u00fdchto faktorov m\u00f4\u017ee v\u00fdrazne pred\u013a\u017ei\u0165 \u017eivotnos\u0165 hydraulick\u00e9ho valca.<\/li>\n<li><strong>Spr\u00e1vne mazanie:<\/strong> Pravidelne nama\u017ete v\u0161etky pohybliv\u00e9 \u010dasti vhodnou hydraulickou kvapalinou, aby ste zabezpe\u010dili plynul\u00fd chod. Spr\u00e1vne mazanie zni\u017euje trenie a opotrebovanie, \u010do je rozhoduj\u00face pre udr\u017eanie \u00fa\u010dinnosti hydraulick\u00e9ho syst\u00e9mu.<\/li>\n<li><strong>V\u00fdmena tesnenia:<\/strong> Pravidelne kontrolujte tesnenia a vyme\u0148te ich, ke\u010f sa objavia zn\u00e1mky opotrebovania alebo po\u0161kodenia. Pou\u017e\u00edvanie vysokokvalitn\u00fdch tesnen\u00ed a dodr\u017eiavanie pokynov v\u00fdrobcu m\u00f4\u017ee zabr\u00e1ni\u0165 \u00fanikom a udr\u017ea\u0165 hydraulick\u00fd tlak.<\/li>\n<\/ul>\n<h2>Bezpe\u010dnostn\u00e9 aspekty a faktory prostredia<\/h2>\n<p>Bezpe\u010dnostn\u00e9 opatrenia s\u00fa pri obsluhe hydraulick\u00fdch valcov k\u013e\u00fa\u010dov\u00e9. Obsluha by mala dodr\u017eiava\u0165 bezpe\u010dnostn\u00e9 protokoly, ako je nosenie ochrann\u00fdch pom\u00f4cok a zabezpe\u010denie toho, aby bol hydraulick\u00fd syst\u00e9m pred \u00fadr\u017ebou odtlakovan\u00fd. Okrem toho, zoh\u013eadnenie faktorov prostredia, ako je teplota a vlhkos\u0165, m\u00f4\u017ee pom\u00f4c\u0165 predch\u00e1dza\u0165 probl\u00e9mom s\u00favisiacim s v\u00fdkonom hydraulickej kvapaliny a integritou valca.<\/p>\n<h2>Rie\u0161enie probl\u00e9mov a be\u017en\u00e9 probl\u00e9my<\/h2>\n<ul>\n<li><strong>N\u00edzky v\u00fdkon:<\/strong> M\u00f4\u017ee k tomu d\u00f4js\u0165 v d\u00f4sledku nedostato\u010dnej hladiny hydraulickej kvapaliny alebo netesnost\u00ed v syst\u00e9me. Skontrolujte hladiny kvapal\u00edn a skontrolujte, \u010di nedoch\u00e1dza k netesnostiam, aby ste probl\u00e9m vyrie\u0161ili.<\/li>\n<li><strong>Poruchy tesnenia:<\/strong> Zn\u00e1mky \u00faniku kvapaliny m\u00f4\u017eu nazna\u010dova\u0165 opotrebovanie tesnenia. Pravidelne kontrolujte tesnenia a pod\u013ea potreby ich vymie\u0148ajte, aby sa zachoval v\u00fdkon valca.<\/li>\n<li><strong>Hluk po\u010das prev\u00e1dzky:<\/strong> Nadmern\u00fd hluk m\u00f4\u017ee by\u0165 znakom kavit\u00e1cie alebo vzduchu v hydraulickej kvapaline. Odvzdu\u0161nite syst\u00e9m, aby ste odstr\u00e1nili zachyten\u00fd vzduch a zabezpe\u010dili optim\u00e1lnu prev\u00e1dzku.<\/li>\n<\/ul>\n<h2>Tipy a rie\u0161enia probl\u00e9mov<\/h2>\n<p>Aby bolo mo\u017en\u00e9 efekt\u00edvne diagnostikova\u0165 a rie\u0161i\u0165 probl\u00e9my s hydraulick\u00fdm valcom, oper\u00e1tori by si mali vies\u0165 podrobn\u00fd z\u00e1znam o v\u00fdkone a \u00fadr\u017ebe. Pravideln\u00e1 kontrola hladiny hydraulickej kvapaliny, kontrola netesnost\u00ed a zabezpe\u010denie spr\u00e1vneho nastavenia m\u00f4\u017eu pom\u00f4c\u0165 predch\u00e1dza\u0165 mnoh\u00fdm be\u017en\u00fdm probl\u00e9mom. Odpor\u00fa\u010da sa pre\u0161tudova\u0165 si pokyny v\u00fdrobcu na rie\u0161enie \u0161pecifick\u00fdch probl\u00e9mov a proakt\u00edvne implementova\u0165 prevent\u00edvne opatrenia.<\/p>\n<p><img decoding=\"async\" src=\"https:\/\/www.hydraulic-cylinders.net\/wp-content\/uploads\/2025\/04\/songte-bushings-with-all-kinds-of-excavator-models.webp\" alt=\"Komponenty bagra\"><\/p>\n<h2>Preh\u013ead spolo\u010dnosti<\/h2>\n<p>Sme popredn\u00fdm v\u00fdrobcom a ve\u013ekoobchodn\u00edkom hydraulick\u00fdch valcov, \u0161pecializuj\u00facim sa na v\u00fdrobu vysoko kvalitn\u00fdch alternat\u00edv pre r\u00f4zne aplik\u00e1cie. N\u00e1\u0161 \u0161irok\u00fd sortiment produktov n\u00e1s etabloval ako popredn\u00e9ho hr\u00e1\u010da na dom\u00e1com aj medzin\u00e1rodnom trhu. Dodr\u017eiavame z\u00e1sady excelentnosti v kvalite, vyu\u017e\u00edvame prepracovan\u00e9 v\u00fdrobn\u00e9 strat\u00e9gie a pokro\u010dil\u00e9 technol\u00f3gie. Na\u0161i kvalifikovan\u00ed pracovn\u00edci v kombin\u00e1cii s najmodernej\u0161\u00edm digit\u00e1lnym v\u00fdrobn\u00fdm zariaden\u00edm a profesion\u00e1lnymi testovac\u00edmi syst\u00e9mami neust\u00e1le zlep\u0161uj\u00fa na\u0161e v\u00fdrobn\u00e9 kapacity. So z\u00e1v\u00e4zkom k vysokej efektivite, presnosti a kvalite uspokojujeme rozmanit\u00e9 potreby z\u00e1kazn\u00edkov prostredn\u00edctvom rie\u0161en\u00ed na mieru.<\/p>\n<p><img decoding=\"async\" src=\"https:\/\/www.hydraulic-cylinders.net\/wp-content\/uploads\/2025\/04\/songte-company-4.webp\" alt=\"V\u00fdroba spolo\u010dnosti\"><br \/>\n<img decoding=\"async\" src=\"https:\/\/www.hydraulic-cylinders.net\/wp-content\/uploads\/2025\/04\/songte-company-3.webp\" alt=\"Zariadenia spolo\u010dnosti\"><\/p>\n<p>Autor: lyl<\/p>","protected":false},"excerpt":{"rendered":"<p>Boom Cylinder For Kato Small Excavator HD512 Product Overview The Boom Cylinder for the Kato Small Excavator HD512 is a specialized hydraulic cylinder designed to control the movement of the bucket on various heavy machinery, including excavators, backhoe loaders, and front-end loaders. These cylinders enable the bucket to lift, lower, and tilt, facilitating material handling [&hellip;]<\/p>","protected":false},"featured_media":17871,"comment_status":"open","ping_status":"closed","template":"","meta":{"_et_pb_use_builder":"","_et_pb_old_content":"","_et_gb_content_width":""},"product_brand":[],"product_cat":[1546],"product_tag":[1547,1496],"class_list":{"0":"post-19743","1":"product","2":"type-product","3":"status-publish","4":"has-post-thumbnail","6":"product_cat-boom-cylinders","7":"product_tag-boom-cylinders","8":"product_tag-hydraulic-cylinders","10":"first","11":"instock","12":"shipping-taxable","13":"product-type-simple"},"amp_enabled":true,"_links":{"self":[{"href":"https:\/\/www.hydraulic-cylinders.net\/sk\/wp-json\/wp\/v2\/product\/19743","targetHints":{"allow":["GET"]}}],"collection":[{"href":"https:\/\/www.hydraulic-cylinders.net\/sk\/wp-json\/wp\/v2\/product"}],"about":[{"href":"https:\/\/www.hydraulic-cylinders.net\/sk\/wp-json\/wp\/v2\/types\/product"}],"replies":[{"embeddable":true,"href":"https:\/\/www.hydraulic-cylinders.net\/sk\/wp-json\/wp\/v2\/comments?post=19743"}],"wp:featuredmedia":[{"embeddable":true,"href":"https:\/\/www.hydraulic-cylinders.net\/sk\/wp-json\/wp\/v2\/media\/17871"}],"wp:attachment":[{"href":"https:\/\/www.hydraulic-cylinders.net\/sk\/wp-json\/wp\/v2\/media?parent=19743"}],"wp:term":[{"taxonomy":"product_brand","embeddable":true,"href":"https:\/\/www.hydraulic-cylinders.net\/sk\/wp-json\/wp\/v2\/product_brand?post=19743"},{"taxonomy":"product_cat","embeddable":true,"href":"https:\/\/www.hydraulic-cylinders.net\/sk\/wp-json\/wp\/v2\/product_cat?post=19743"},{"taxonomy":"product_tag","embeddable":true,"href":"https:\/\/www.hydraulic-cylinders.net\/sk\/wp-json\/wp\/v2\/product_tag?post=19743"}],"curies":[{"name":"pracovn\u00fd list","href":"https:\/\/api.w.org\/{rel}","templated":true}]}}