{"id":19748,"date":"2025-04-07T07:05:26","date_gmt":"2025-04-07T07:05:26","guid":{"rendered":"https:\/\/www.hydraulic-cylinders.net\/product\/boom-cylinder-for-kato-small-excavator-hd1638r\/"},"modified":"2025-04-07T07:05:29","modified_gmt":"2025-04-07T07:05:29","slug":"boom-cylinder-for-kato-small-excavator-hd1638r","status":"publish","type":"product","link":"https:\/\/www.hydraulic-cylinders.net\/sk\/produkt\/boom-cylinder-for-kato-small-excavator-hd1638r\/","title":{"rendered":"Valec v\u00fdlo\u017en\u00edka pre mal\u00e9 r\u00fdpadlo Kato HD1638R"},"content":{"rendered":"<h1>Valec v\u00fdlo\u017en\u00edka pre mal\u00e9 r\u00fdpadlo Kato HD1638R<\/h1>\n<h2>Pochopenie valca v\u00fdlo\u017en\u00edka<\/h2>\n<p>Hydraulick\u00fd valec v\u00fdlo\u017en\u00edka je k\u013e\u00fa\u010dovou s\u00fa\u010das\u0165ou \u0165a\u017ek\u00fdch strojov, \u0161peci\u00e1lne navrhnut\u00fd na ovl\u00e1danie pohybu ly\u017eice v r\u00f4znych typoch zariaden\u00ed, ako s\u00fa r\u00fdpadl\u00e1, r\u00fdpadlo-naklada\u010de a \u010deln\u00e9 naklada\u010de. Tento hydraulick\u00fd valec umo\u017e\u0148uje ly\u017eici zdv\u00edha\u0165, sp\u00fa\u0161\u0165a\u0165 a nakl\u00e1\u0148a\u0165, \u010do efekt\u00edvne u\u013eah\u010duje manipul\u00e1ciu s materi\u00e1lom. Vyu\u017eit\u00edm hydraulick\u00e9ho tlaku poskytuje valec v\u00fdlo\u017en\u00edka potrebn\u00fa silu na manipul\u00e1ciu s \u0165a\u017ek\u00fdmi bremenami a z\u00e1rove\u0148 zais\u0165uje presnos\u0165 a efekt\u00edvnos\u0165 prev\u00e1dzky.<\/p>\n<p><img decoding=\"async\" src=\"https:\/\/www.hydraulic-cylinders.net\/wp-content\/uploads\/2025\/04\/songte-company-1.webp\" alt=\"Valec v\u00fdlo\u017en\u00edka\"><\/p>\n<h3>K\u013e\u00fa\u010dov\u00e9 vlastnosti valca v\u00fdlo\u017en\u00edka<\/h3>\n<ul>\n<li><strong>Vysok\u00e1 pevnos\u0165 a odolnos\u0165:<\/strong> Valec v\u00fdlo\u017en\u00edka je vyroben\u00fd z vysokopevnostnej ocele alebo hlin\u00edka a je navrhnut\u00fd tak, aby odolal vysok\u00e9mu tlaku a \u0165a\u017ek\u00fdm za\u0165a\u017eeniam, v\u010faka \u010domu je vhodn\u00fd do n\u00e1ro\u010dn\u00fdch pracovn\u00fdch prostred\u00ed. Jeho kon\u0161trukcia kladie d\u00f4raz na odolnos\u0165 proti opotrebovaniu a kor\u00f3zii, aby sa pred\u013a\u017eila jeho \u017eivotnos\u0165.<\/li>\n<li><strong>Efekt\u00edvna hydraulick\u00e1 prev\u00e1dzka:<\/strong> V\u010faka hydraulick\u00e9mu tlaku oleja zais\u0165uje valec plynul\u00e9 vys\u00favanie a zas\u00favanie, \u010do umo\u017e\u0148uje r\u00fdchlu reakciu na povely obsluhy. T\u00e1to funkcia poskytuje zna\u010dn\u00fa tla\u010dn\u00fa a \u0165a\u017en\u00fa silu, ide\u00e1lnu na manipul\u00e1ciu s \u0165a\u017ek\u00fdmi materi\u00e1lmi a zlo\u017eit\u00e9 \u00falohy.<\/li>\n<li><strong>R\u00f4zne typy:<\/strong> Z\u00e1kazn\u00edci si m\u00f4\u017eu vybra\u0165 medzi jedno\u010dinn\u00fdmi (vyu\u017e\u00edvaj\u00facimi hydraulick\u00fa silu v jednom smere) alebo dvoj\u010dinn\u00fdmi (vyu\u017e\u00edvaj\u00facimi hydraulick\u00fa silu v oboch smeroch) valcami, aby splnili r\u00f4zne prev\u00e1dzkov\u00e9 potreby. Niektor\u00e9 modely s\u00fa teleskopick\u00e9, \u010do umo\u017e\u0148uje v\u00e4\u010d\u0161ie vysunutie bez zv\u00e4\u010d\u0161enia vonkaj\u0161\u00edch rozmerov, \u010do je ide\u00e1lne pre aplik\u00e1cie s priestorov\u00fdmi obmedzeniami.<\/li>\n<li><strong>Prisp\u00f4sobite\u013en\u00e9 mo\u017enosti:<\/strong> Pon\u00fakame v\u00fdrobn\u00e9 kapacity, ktor\u00e9 umo\u017e\u0148uj\u00fa rie\u0161enia na mieru sp\u013a\u0148aj\u00face \u0161pecifick\u00e9 po\u017eiadavky projektu, \u010d\u00edm zabezpe\u010dujeme, \u017ee na\u0161e valce v\u00fdlo\u017en\u00edka dok\u00e1\u017eu bezprobl\u00e9movo nahradi\u0165 r\u00f4zne modely hydraulick\u00fdch valcov.<\/li>\n<li><strong>Kompatibilita:<\/strong> Na\u0161e produkty dok\u00e1\u017eu dokonale nahradi\u0165 tieto hydraulick\u00e9 valce a poskytn\u00fa\u0165 spo\u013eahliv\u00e9 rie\u0161enie pre va\u0161e potreby pri v\u00fdkopov\u00fdch pr\u00e1cach.<\/li>\n<\/ul>\n<p><img decoding=\"async\" src=\"https:\/\/www.hydraulic-cylinders.net\/wp-content\/uploads\/2025\/04\/songte-cylinder-head-with-all-kinds-excavator-models.webp\" alt=\"Kompatibilita modelov r\u00fdpadiel\"><\/p>\n<h2>Aplik\u00e1cie valca v\u00fdlo\u017en\u00edka<\/h2>\n<h3>Stavebn\u00e9 stroje<\/h3>\n<p>Valec v\u00fdlo\u017en\u00edka sa be\u017ene nach\u00e1dza v r\u00fdpadl\u00e1ch, kde hr\u00e1 d\u00f4le\u017eit\u00fa \u00falohu pri kopan\u00ed, nakladan\u00ed a premiest\u0148ovan\u00ed zeminy alebo sutiny. V r\u00fdpadlo-naklada\u010doch pom\u00e1ha valec lopaty pri v\u00fdkopov\u00fdch pr\u00e1cach aj zdv\u00edhan\u00ed, v\u010faka \u010domu je nevyhnutn\u00fd pre r\u00f4zne stavebn\u00e9 \u00falohy. Jeho schopnos\u0165 presne zvl\u00e1da\u0165 \u0165a\u017ek\u00e9 bremen\u00e1 zvy\u0161uje celkov\u00fa efektivitu stavebn\u00fdch pr\u00e1c.<\/p>\n<h3>Po\u013enohospod\u00e1rske stroje<\/h3>\n<p>V \u010deln\u00fdch naklada\u010doch sa valec v\u00fdlo\u017en\u00edka pou\u017e\u00edva na naberanie, zdv\u00edhanie a prepravu p\u00f4dy, sena a in\u00fdch materi\u00e1lov. Jeho spo\u013eahliv\u00e1 prev\u00e1dzka zabezpe\u010duje efekt\u00edvne vykon\u00e1vanie po\u013enohospod\u00e1rskych \u00faloh, ako je nakladanie a vykladanie, \u010do pom\u00e1ha farm\u00e1rom v ich ka\u017edodennej prev\u00e1dzke.<\/p>\n<h3>R\u00fdpadl\u00e1<\/h3>\n<p>R\u00fdpadl\u00e1 sa spoliehaj\u00fa na valec v\u00fdlo\u017en\u00edka, ktor\u00fd umo\u017e\u0148uje ly\u017eici prenikn\u00fa\u0165 do p\u00f4dy, \u010do u\u013eah\u010duje efekt\u00edvne kopanie. Hydraulick\u00fd v\u00fdkon poskytovan\u00fd valcom umo\u017e\u0148uje obsluhe vykon\u00e1va\u0165 \u00falohy r\u00fdchlo a presne, \u010do je nevyhnutn\u00e9 pre r\u00f4zne v\u00fdkopov\u00e9 projekty.<\/p>\n<h3>Naklada\u010de<\/h3>\n<p>V \u010deln\u00fdch naklada\u010doch pom\u00e1ha valec v\u00fdlo\u017en\u00edka efekt\u00edvne zdv\u00edha\u0165 a vysyp\u00e1va\u0165 materi\u00e1ly. Jeho kon\u0161trukcia zabezpe\u010duje, \u017ee oper\u00e1tori m\u00f4\u017eu \u013eahko manipulova\u0165 s objemn\u00fdmi bremenami, \u010d\u00edm optimalizuj\u00fa pracovn\u00fd postup v stavebn\u00edctve a ter\u00e9nnych \u00faprav\u00e1ch.<\/p>\n<h2>\u00davahy o dizajne a krit\u00e9ri\u00e1 v\u00fdberu<\/h2>\n<h3>Nosnos\u0165<\/h3>\n<p>N\u00e1vrh valca v\u00fdlo\u017en\u00edka za\u010d\u00edna pos\u00faden\u00edm jeho nosnosti. T\u00e1to metrika ud\u00e1va, ak\u00fa hmotnos\u0165 dok\u00e1\u017ee valec efekt\u00edvne zvl\u00e1dnu\u0165 bez ohrozenia svojej integrity. In\u017einieri musia vybra\u0165 materi\u00e1ly a kon\u0161truk\u010dn\u00e9 rie\u0161enia, ktor\u00e9 dok\u00e1\u017eu unies\u0165 o\u010dak\u00e1van\u00e9 za\u0165a\u017eenie, \u010d\u00edm sa zabezpe\u010d\u00ed bezpe\u010dnos\u0165 a spo\u013eahlivos\u0165 prev\u00e1dzky. Nosnos\u0165 je k\u013e\u00fa\u010dov\u00e1 pre ur\u010denie vhodnosti valca pre konkr\u00e9tne stroje a \u00falohy, pri\u010dom ovplyv\u0148uje v\u00fdkon aj \u017eivotnos\u0165.<\/p>\n<h3>Tesnenie a trvanlivos\u0165<\/h3>\n<p>Spr\u00e1vne tesniace mechanizmy s\u00fa nevyhnutn\u00e9 pre funk\u010dnos\u0165 valca v\u00fdlo\u017en\u00edka. Vysokokvalitn\u00e9 tesnenia zabra\u0148uj\u00fa \u00faniku hydraulickej kvapaliny, \u010do m\u00f4\u017ee vies\u0165 k zn\u00ed\u017eeniu \u00fa\u010dinnosti a mo\u017en\u00e9mu po\u0161kodeniu. Pre tesnenia sa vyberaj\u00fa odoln\u00e9 materi\u00e1ly, ako je polyuret\u00e1n a nitrilov\u00e1 guma, aby odol\u00e1vali opotrebovaniu. Okrem toho telo valca a z\u00e1vitov\u00e9 povrchy prech\u00e1dzaj\u00fa jemn\u00fdmi povrchov\u00fdmi \u00fapravami, aby sa zv\u00fd\u0161ila odolnos\u0165 proti opotrebovaniu, \u010d\u00edm sa zabezpe\u010d\u00ed, \u017ee valec zostane funk\u010dn\u00fd po dlh\u00fa dobu a zn\u00ed\u017eia sa n\u00e1roky na \u00fadr\u017ebu.<\/p>\n<h3>Bezpe\u010dnos\u0165 a \u00fadr\u017eba<\/h3>\n<p>Bezpe\u010dnos\u0165 je pri n\u00e1vrhu valcov ramena prvorad\u00fdm krit\u00e9riom. In\u017einieri za\u010dle\u0148uj\u00fa prvky, ktor\u00e9 zabra\u0148uj\u00fa n\u00e1hodn\u00fdm poruch\u00e1m, ako s\u00fa pretlakov\u00e9 ventily a bezpe\u010dnostn\u00e9 z\u00e1mky. Pravideln\u00e1 \u00fadr\u017eba je tie\u017e nevyhnutn\u00e1 na zabezpe\u010denie optim\u00e1lneho v\u00fdkonu a bezpe\u010dnosti. Patria sem be\u017en\u00e9 kontroly, v\u010dasn\u00e9 mazanie a v\u00fdmena opotrebovan\u00fdch tesnen\u00ed. Dobre udr\u017eiavan\u00fd valec ramena v\u00fdrazne zni\u017euje riziko neh\u00f4d a mechanick\u00fdch por\u00fach, \u010d\u00edm prispieva k bezpe\u010dnej\u0161iemu prev\u00e1dzkov\u00e9mu prostrediu.<\/p>\n<p><img decoding=\"async\" src=\"https:\/\/www.hydraulic-cylinders.net\/wp-content\/uploads\/2025\/04\/songte-oil-pipes-and-spare-parts.webp\" alt=\"Komponenty hydraulick\u00e9ho valca\"><\/p>\n<h2>Tesnenie a mazanie<\/h2>\n<p>\u00da\u010dinn\u00e9 tesnenie a mazanie s\u00fa nevyhnutn\u00e9 pre optim\u00e1lny v\u00fdkon valcov v\u00fdlo\u017en\u00edka. Na zabr\u00e1nenie \u00faniku hydraulickej kvapaliny a na udr\u017eanie tlaku sa pou\u017e\u00edvaj\u00fa r\u00f4zne tesnenia vr\u00e1tane piestnych a ty\u010dov\u00fdch tesnen\u00ed. Tesnenia vyroben\u00e9 z materi\u00e1lov odoln\u00fdch vo\u010di opotrebovaniu, ako je polyuret\u00e1n a nitrilov\u00fd kau\u010duk, s\u00fa uprednost\u0148ovan\u00e9 pre svoju trvanlivos\u0165. Teleso valca a z\u00e1vitov\u00e9 konce s\u00fa starostlivo upraven\u00e9, aby sa zlep\u0161ila odolnos\u0165 vo\u010di opotrebovaniu. Pravideln\u00e9 mazanie hydraulick\u00fdm olejom je nevyhnutn\u00e9 na zn\u00ed\u017eenie trenia a opotrebenia, zabezpe\u010denie plynul\u00e9ho chodu a pred\u013a\u017eenie \u017eivotnosti valca.<\/p>\n<h2>Opatrenia prevent\u00edvnej \u00fadr\u017eby<\/h2>\n<ul>\n<li><strong>Pravideln\u00e9 kontroly:<\/strong> Vykon\u00e1vajte pravideln\u00e9 kontroly valca ramena, \u010di nevykazuje zn\u00e1mky opotrebovania, netesnost\u00ed alebo po\u0161kodenia. V\u010dasn\u00e9 odhalenie probl\u00e9mov m\u00f4\u017ee zabr\u00e1ni\u0165 \u010fal\u0161\u00edm komplik\u00e1ci\u00e1m a n\u00e1kladn\u00fdm oprav\u00e1m.<\/li>\n<li><strong>Spr\u00e1vne mazanie:<\/strong> Uistite sa, \u017ee valec je dostato\u010dne namazan\u00fd vhodn\u00fdm hydraulick\u00fdm olejom. Tento krok je nevyhnutn\u00fd na udr\u017eanie v\u00fdkonu a pred\u013a\u017eenie \u017eivotnosti valca.<\/li>\n<li><strong>V\u00fdmena tesnenia:<\/strong> Pravidelne kontrolujte tesnenia a pod\u013ea potreby ich vymie\u0148ajte, aby ste predi\u0161li \u00faniku hydraulickej kvapaliny, \u010do m\u00f4\u017ee ohrozi\u0165 v\u00fdkon aj bezpe\u010dnos\u0165.<\/li>\n<\/ul>\n<h2>Pokyny na in\u0161tal\u00e1ciu<\/h2>\n<p>Spr\u00e1vna in\u0161tal\u00e1cia valca v\u00fdlo\u017en\u00edka je k\u013e\u00fa\u010dov\u00e1 pre jeho v\u00fdkon a dlh\u00fa \u017eivotnos\u0165. Za\u010dnite t\u00fdm, \u017ee sa uist\u00edte, \u017ee v\u0161etky komponenty s\u00fa \u010dist\u00e9 a bez ne\u010dist\u00f4t. Valec spr\u00e1vne zarovnajte s mont\u00e1\u017enymi bodmi na stroji pomocou vhodn\u00fdch mont\u00e1\u017enych konzol pre zaistenie stability. Je nevyhnutn\u00e9 pevne utiahnu\u0165 v\u0161etky skrutky a upev\u0148ovacie prvky pod\u013ea \u0161pecifik\u00e1ci\u00ed v\u00fdrobcu v oblasti kr\u00fatiaceho momentu. Po in\u0161tal\u00e1cii skontrolujte zarovnanie a funk\u010dnos\u0165 valca vykonan\u00edm sk\u00fa\u0161obnej prev\u00e1dzky pri n\u00edzkom tlaku pred prev\u00e1dzkou s pln\u00fdm za\u0165a\u017een\u00edm. Tento opatrn\u00fd pr\u00edstup zais\u0165uje, \u017ee v\u0161etky \u010dasti funguj\u00fa pod\u013ea o\u010dak\u00e1vania a minimalizuje riziko probl\u00e9mov po\u010das prev\u00e1dzky.<\/p>\n<h2>Be\u017en\u00e9 \u00falohy \u00fadr\u017eby<\/h2>\n<h3>Pravideln\u00e9 kontroly<\/h3>\n<p>Vykon\u00e1vanie pravideln\u00fdch kontrol je nevyhnutn\u00e9 na identifik\u00e1ciu potenci\u00e1lnych probl\u00e9mov sk\u00f4r, ako sa vyhrotia. Technici by mali skontrolova\u0165 zn\u00e1mky opotrebovania, ako s\u00fa \u0161krabance alebo prelia\u010diny na f\u013ea\u0161i, a skontrolova\u0165 tesnenia, \u010di netesnia. Proakt\u00edvnym konan\u00edm m\u00f4\u017eu oper\u00e1tori zabezpe\u010di\u0165, aby f\u013ea\u0161a zostala v optim\u00e1lnom stave, \u010d\u00edm sa pred\u00edde neo\u010dak\u00e1van\u00fdm poruch\u00e1m a oprav\u00e1m.<\/p>\n<h3>Spr\u00e1vne mazanie<\/h3>\n<p>Pravideln\u00e9 mazanie valca v\u00fdlo\u017en\u00edka je nevyhnutn\u00e9 pre bezprobl\u00e9mov\u00fa prev\u00e1dzku. Technici by mali zabezpe\u010di\u0165, aby bol valec dostato\u010dne namazan\u00fd, a to pou\u017eit\u00edm odpor\u00fa\u010dan\u00e9ho hydraulick\u00e9ho oleja, aby sa zn\u00ed\u017eilo trenie a opotrebovanie pohybliv\u00fdch \u010dast\u00ed. Dodr\u017eiavanie pl\u00e1nu mazania je prospe\u0161n\u00e9 pre udr\u017eanie v\u00fdkonu a pred\u013a\u017eenie prev\u00e1dzkovej \u017eivotnosti valca.<\/p>\n<h3>V\u00fdmena tesnenia<\/h3>\n<p>Tesnenia sa \u010dasom m\u00f4\u017eu opotrebova\u0165, \u010do vedie k \u00fanikom hydraulickej kvapaliny. Technici musia pravidelne kontrolova\u0165 tesnenia a v pr\u00edpade potreby ich vymie\u0148a\u0165, aby sa zachovala integrita syst\u00e9mu. Spr\u00e1vna \u00fadr\u017eba tesnen\u00ed nielen zais\u0165uje optim\u00e1lny v\u00fdkon, ale tie\u017e zvy\u0161uje bezpe\u010dnos\u0165 t\u00fdm, \u017ee zabra\u0148uje \u00faniku kvapaliny, ktor\u00fd by mohol vies\u0165 k nebezpe\u010dn\u00fdm podmienkam.<\/p>\n<p><img decoding=\"async\" src=\"https:\/\/www.hydraulic-cylinders.net\/wp-content\/uploads\/2025\/04\/songte-chushion-collar.webp\" alt=\"Vank\u00fa\u0161ov\u00fd golier\"><\/p>\n<h2>Bezpe\u010dnostn\u00e9 aspekty a faktory prostredia<\/h2>\n<p>Pri pou\u017e\u00edvan\u00ed hydraulick\u00fdch valcov v\u00fdlo\u017en\u00edka je implement\u00e1cia bezpe\u010dnostn\u00fdch opatren\u00ed k\u013e\u00fa\u010dov\u00e1. Obsluha by mala by\u0165 vy\u0161kolen\u00e1 v bezpe\u010dnej prev\u00e1dzke strojov a mala by ch\u00e1pa\u0165 d\u00f4le\u017eitos\u0165 dodr\u017eiavania limitov za\u0165a\u017eenia. Okrem toho, pou\u017e\u00edvanie hydraulick\u00fdch valcov v prostred\u00ed s nebezpe\u010dn\u00fdmi materi\u00e1lmi si vy\u017eaduje mimoriadnu opatrnos\u0165, aby sa predi\u0161lo rozliatiu a \u00fanikom, ktor\u00e9 m\u00f4\u017eu predstavova\u0165 environment\u00e1lne rizik\u00e1. Pravideln\u00e1 \u00fadr\u017eba a kontroly zabezpe\u010duj\u00fa bezpe\u010dn\u00fa a efekt\u00edvnu prev\u00e1dzku zariadenia, \u010d\u00edm sa zni\u017euje pravdepodobnos\u0165 neh\u00f4d.<\/p>\n<h2>Rie\u0161enie probl\u00e9mov a be\u017en\u00e9 probl\u00e9my<\/h2>\n<ul>\n<li><strong>\u00daniky tekut\u00edn:<\/strong> Jedn\u00fdm z naj\u010dastej\u0161\u00edch probl\u00e9mov s valcami ramena s\u00fa \u00faniky hydraulickej kvapaliny. Pravidelne kontrolujte tesnenia a spoje, \u010di nevykazuj\u00fa zn\u00e1mky opotrebovania alebo po\u0161kodenia. Ak zist\u00edte \u00faniky, vyme\u0148te tesnenia alebo pod\u013ea potreby dotiahnite spoje.<\/li>\n<li><strong>Zn\u00ed\u017een\u00fd v\u00fdkon:<\/strong> Ak valec v\u00fdlo\u017en\u00edka nereaguje dostato\u010dne, v hydraulickom syst\u00e9me m\u00f4\u017ee by\u0165 vzduch alebo n\u00edzka hladina kvapal\u00edn. Odvzdu\u0161nite syst\u00e9m, aby ste odstr\u00e1nili vzduch, a skontrolujte hladiny kvapal\u00edn, v pr\u00edpade potreby ich dopl\u0148te.<\/li>\n<li><strong>Nepravideln\u00e9 pohyby:<\/strong> Nepravideln\u00e9 pohyby m\u00f4\u017eu nazna\u010dova\u0165 poruchu ventilu alebo potrebu \u00fadr\u017eby syst\u00e9mu. Skontrolujte ventily a uistite sa, \u017ee funguj\u00fa spr\u00e1vne, a skontrolujte, \u010di v hydraulick\u00fdch potrubiach nie s\u00fa nejak\u00e9 prek\u00e1\u017eky.<\/li>\n<\/ul>\n<h2>Tipy na rie\u0161enie probl\u00e9mov<\/h2>\n<p>Pri diagnostikovan\u00ed probl\u00e9mov s valcom v\u00fdlo\u017en\u00edka je nevyhnutn\u00e9 pristupova\u0165 k probl\u00e9mu metodicky. Za\u010dnite kontrolou netesnost\u00ed alebo po\u0161kodenia tesnen\u00ed, ktor\u00e9 m\u00f4\u017eu v\u00fdrazne ovplyvni\u0165 v\u00fdkon. Ak valec vykazuje zn\u00ed\u017een\u00fd v\u00fdkon, uistite sa, \u017ee hladina hydraulickej kvapaliny je dostato\u010dn\u00e1 a \u017ee do syst\u00e9mu nevnikol vzduch. Pravideln\u00e1 \u00fadr\u017eba vr\u00e1tane v\u010dasn\u00e9ho mazania a v\u00fdmeny tesnen\u00ed m\u00f4\u017ee pred\u00eds\u0165 mnoh\u00fdm be\u017en\u00fdm probl\u00e9mom, a t\u00fdm zv\u00fd\u0161i\u0165 spo\u013eahlivos\u0165 a bezpe\u010dnos\u0165 po\u010das prev\u00e1dzky.<\/p>\n<p><img decoding=\"async\" src=\"https:\/\/www.hydraulic-cylinders.net\/wp-content\/uploads\/2025\/04\/songte-bushings-with-all-kinds-of-excavator-models.webp\" alt=\"Puzdr\u00e1 modelov bagrov\"><\/p>\n<h2>Preh\u013ead spolo\u010dnosti<\/h2>\n<p>Sme popredn\u00fdm v\u00fdrobcom a ve\u013ekoobchodn\u00fdm distrib\u00fatorom hydraulick\u00fdch valcov, \u0161pecializuj\u00facim sa na n\u00e1hradn\u00e9 diely pre r\u00f4zne modely. N\u00e1\u0161 sortiment produktov n\u00e1s rad\u00ed medzi popredn\u00fdch hr\u00e1\u010dov na dom\u00e1com aj medzin\u00e1rodnom trhu. Dodr\u017eiavame pr\u00edsne \u0161tandardy kontroly kvality a vyu\u017e\u00edvame pokro\u010dil\u00e9 strat\u00e9gie riadenia v\u00fdroby, ktor\u00e9 s\u00fa podporovan\u00e9 kvalifikovan\u00fdmi technikmi, \u0161pi\u010dkov\u00fdmi digit\u00e1lnymi v\u00fdrobn\u00fdmi zariadeniami a profesion\u00e1lnymi testovac\u00edmi syst\u00e9mami. N\u00e1\u0161 z\u00e1v\u00e4zok k dokonalosti n\u00e1m umo\u017e\u0148uje neust\u00e1le zdokona\u013eova\u0165 na\u0161e v\u00fdrobn\u00e9 platformy a zabezpe\u010dova\u0165 tak, aby sme sp\u013a\u0148ali rozmanit\u00e9 potreby z\u00e1kazn\u00edkov s vysokou efektivitou, presnos\u0165ou a kvalitou.<\/p>\n<p><img decoding=\"async\" src=\"https:\/\/www.hydraulic-cylinders.net\/wp-content\/uploads\/2025\/04\/songte-company-4.webp\" alt=\"Preh\u013ead spolo\u010dnosti 1\"><br \/>\n<img decoding=\"async\" src=\"https:\/\/www.hydraulic-cylinders.net\/wp-content\/uploads\/2025\/04\/songte-company-3.webp\" alt=\"Preh\u013ead spolo\u010dnosti 2\"><\/p>\n<p>Na\u0161e odhodlanie k profesionalite sa odr\u00e1\u017ea v na\u0161ich medzin\u00e1rodn\u00fdch certifik\u00e1ci\u00e1ch a z\u00e1kazkov\u00fdch slu\u017eb\u00e1ch. Sme hrd\u00ed na na\u0161e najmodernej\u0161ie v\u00fdrobn\u00e9 zariadenia a spo\u013eahliv\u00fa popredajn\u00fa podporu, \u010d\u00edm zabezpe\u010dujeme, \u017ee z\u00e1kazn\u00edci dostan\u00fa nielen vysoko kvalitn\u00e9 produkty, ale aj v\u00fdnimo\u010dn\u00fd servis po\u010das celej doby spolupr\u00e1ce s nami.<\/p>\n<p>Autor: lyl<\/p>","protected":false},"excerpt":{"rendered":"<p>Boom Cylinder For Kato Small Excavator HD1638R Understanding the Boom Cylinder The boom cylinder is a crucial component of heavy machinery, specifically designed to control the movement of the bucket in various types of equipment, such as excavators, backhoe loaders, and front loaders. This hydraulic cylinder enables the bucket to lift, lower, and tilt, facilitating [&hellip;]<\/p>","protected":false},"featured_media":17876,"comment_status":"open","ping_status":"closed","template":"","meta":{"_et_pb_use_builder":"","_et_pb_old_content":"","_et_gb_content_width":""},"product_brand":[],"product_cat":[1546],"product_tag":[1547,1496],"class_list":{"0":"post-19748","1":"product","2":"type-product","3":"status-publish","4":"has-post-thumbnail","6":"product_cat-boom-cylinders","7":"product_tag-boom-cylinders","8":"product_tag-hydraulic-cylinders","10":"first","11":"instock","12":"shipping-taxable","13":"product-type-simple"},"amp_enabled":true,"_links":{"self":[{"href":"https:\/\/www.hydraulic-cylinders.net\/sk\/wp-json\/wp\/v2\/product\/19748","targetHints":{"allow":["GET"]}}],"collection":[{"href":"https:\/\/www.hydraulic-cylinders.net\/sk\/wp-json\/wp\/v2\/product"}],"about":[{"href":"https:\/\/www.hydraulic-cylinders.net\/sk\/wp-json\/wp\/v2\/types\/product"}],"replies":[{"embeddable":true,"href":"https:\/\/www.hydraulic-cylinders.net\/sk\/wp-json\/wp\/v2\/comments?post=19748"}],"wp:featuredmedia":[{"embeddable":true,"href":"https:\/\/www.hydraulic-cylinders.net\/sk\/wp-json\/wp\/v2\/media\/17876"}],"wp:attachment":[{"href":"https:\/\/www.hydraulic-cylinders.net\/sk\/wp-json\/wp\/v2\/media?parent=19748"}],"wp:term":[{"taxonomy":"product_brand","embeddable":true,"href":"https:\/\/www.hydraulic-cylinders.net\/sk\/wp-json\/wp\/v2\/product_brand?post=19748"},{"taxonomy":"product_cat","embeddable":true,"href":"https:\/\/www.hydraulic-cylinders.net\/sk\/wp-json\/wp\/v2\/product_cat?post=19748"},{"taxonomy":"product_tag","embeddable":true,"href":"https:\/\/www.hydraulic-cylinders.net\/sk\/wp-json\/wp\/v2\/product_tag?post=19748"}],"curies":[{"name":"pracovn\u00fd list","href":"https:\/\/api.w.org\/{rel}","templated":true}]}}