{"id":20124,"date":"2025-05-09T08:14:18","date_gmt":"2025-05-09T08:14:18","guid":{"rendered":"https:\/\/www.hydraulic-cylinders.net\/?post_type=product&#038;p=20124"},"modified":"2025-05-12T05:29:49","modified_gmt":"2025-05-12T05:29:49","slug":"pin-shaft-hydraulic-cylinders-for-crawler-crane","status":"publish","type":"product","link":"https:\/\/www.hydraulic-cylinders.net\/sk\/produkt\/pin-shaft-hydraulic-cylinders-for-crawler-crane\/","title":{"rendered":"Hydraulick\u00e9 valce s \u010dapov\u00fdm hriade\u013eom pre p\u00e1sov\u00fd \u017eeriav"},"content":{"rendered":"<h1 style=\"text-align: center;\"><strong>Hydraulick\u00e9 valce s \u010dapov\u00fdm hriade\u013eom pre p\u00e1sov\u00fd \u017eeriav<\/strong><\/h1>\n<p><img loading=\"lazy\" decoding=\"async\" class=\"wp-image-20125 aligncenter\" src=\"https:\/\/www.hydraulic-cylinders.net\/wp-content\/uploads\/2025\/05\/pin-shaft-hydraulic-cylinders-for-crawler-crane-scaled.webp\" alt=\"Hydraulick\u00e9 valce s \u010dapov\u00fdm hriade\u013eom pre p\u00e1sov\u00fd \u017eeriav\" width=\"500\" height=\"500\" \/><\/p>\n<section id=\"introduction\">Hydraulick\u00e9 valce s \u010dapov\u00fdm hriade\u013eom pre p\u00e1sov\u00e9 \u017eeriavy s\u00fa robustn\u00e9 hydraulick\u00e9 valce pre vysok\u00e9 za\u0165a\u017eenie ur\u010den\u00e9 pre p\u00e1sov\u00e9 \u017eeriavy a s\u00fa kompatibiln\u00e9 s popredn\u00fdmi modelmi. Tento valec s \u010dapov\u00fdm hriade\u013eom, navrhnut\u00fd pre odolnos\u0165 a presnos\u0165, vylep\u0161uje pr\u00e1cu \u017eeriavu a zais\u0165uje spo\u013eahliv\u00e9 zdv\u00edhanie a pohyb \u0165a\u017ek\u00fdch bremien v n\u00e1ro\u010dn\u00fdch prostrediach, ako s\u00fa stavenisk\u00e1, bansk\u00e9 prev\u00e1dzky a infra\u0161trukt\u00farne projekty. Tento hydraulick\u00fd valec \u017eeriavu je ide\u00e1lny na zdv\u00edhanie \u0165a\u017ek\u00fdch bremien a pon\u00faka bezkonkuren\u010dn\u00fa pevnos\u0165 a stabilitu pre va\u0161e potreby valca p\u00e1sov\u00e9ho \u017eeriavu.<\/section>\n<section id=\"specifications\">\n<h2><strong>Technick\u00e9 \u0161pecifik\u00e1cie hydraulick\u00fdch valcov s \u010dapov\u00fdm hriade\u013eom pre p\u00e1sov\u00fd \u017eeriav:<\/strong><\/h2>\n<p><img loading=\"lazy\" decoding=\"async\" class=\"aligncenter wp-image-20129 size-full\" src=\"https:\/\/www.hydraulic-cylinders.net\/wp-content\/uploads\/2025\/05\/truss-arm-crawler-crane-hydraulic-cylinders.webp\" alt=\"Hydraulick\u00fd valec p\u00e1sov\u00e9ho \u017eeriavu\" width=\"640\" height=\"358\" srcset=\"https:\/\/www.hydraulic-cylinders.net\/wp-content\/uploads\/2025\/05\/truss-arm-crawler-crane-hydraulic-cylinders.webp 640w, https:\/\/www.hydraulic-cylinders.net\/wp-content\/uploads\/2025\/05\/truss-arm-crawler-crane-hydraulic-cylinders-480x269.webp 480w\" sizes=\"(min-width: 0px) and (max-width: 480px) 480px, (min-width: 481px) 640px, 100vw\" \/><\/p>\n<ul>\n<li>\n<p class=\"ds-markdown-paragraph\"><strong>Funkcia<\/strong>Tlmiv\u00fd \u00fa\u010dinok<\/p>\n<\/li>\n<li>\n<p class=\"ds-markdown-paragraph\"><strong>Priemer valca<\/strong>80 mm<\/p>\n<\/li>\n<li>\n<p class=\"ds-markdown-paragraph\"><strong>Priemer ty\u010de<\/strong>40 mm<\/p>\n<\/li>\n<li>\n<p class=\"ds-markdown-paragraph\"><strong>Cestovanie<\/strong>200 mm \u2013 530 mm<\/p>\n<\/li>\n<li>\n<p class=\"ds-markdown-paragraph\"><strong>Maxim\u00e1lny tlak<\/strong>25 MPa<\/p>\n<\/li>\n<li>\n<p class=\"ds-markdown-paragraph\"><strong>Maxim\u00e1lny \u0165ah<\/strong>125 kN<\/p>\n<\/li>\n<\/ul>\n<\/section>\n<section id=\"features\">\n<h2><strong>K\u013e\u00fa\u010dov\u00e9 vlastnosti hydraulick\u00fdch valcov s \u010dapov\u00fdm hriade\u013eom pre p\u00e1sov\u00fd \u017eeriav:<\/strong><\/h2>\n<ul>\n<li><strong>Vylep\u0161en\u00e9 zdv\u00edhanie s kon\u0161trukciou \u010dapov\u00e9ho hriade\u013ea:<\/strong> Hydraulick\u00e9 valce s \u010dapov\u00fdm hriade\u013eom pre p\u00e1sov\u00e9 \u017eeriavy sa vyzna\u010duj\u00fa robustnou kon\u0161trukciou valca s \u010dapov\u00fdm hriade\u013eom, ktor\u00e1 poskytuje vynikaj\u00facu nosnos\u0165 a presn\u00fd pohyb pri zdv\u00edhan\u00ed \u0165a\u017ek\u00fdch bremien. Tento odoln\u00fd hydraulick\u00fd valec zais\u0165uje stabilitu a bezpe\u010dnos\u0165 po\u010das \u017eeriavov\u00fdch oper\u00e1ci\u00ed v stavebn\u00edctve a bani.<\/li>\n<li><strong>Odoln\u00e1 kon\u0161trukcia pre extr\u00e9mne podmienky:<\/strong>\u00a0Tento hydraulick\u00fd \u017eeriavov\u00fd valec je vyroben\u00fd z vysokopevnostnej legovanej ocele s antikor\u00f3znym povlakom a odol\u00e1va n\u00e1ro\u010dn\u00fdm podmienkam, ako s\u00fa pra\u0161n\u00e9 stavenisk\u00e1, vlhk\u00e9 pobre\u017en\u00e9 oblasti a projekty vo vysok\u00fdch nadmorsk\u00fdch v\u00fd\u0161kach. Zais\u0165uje dlhotrvaj\u00faci v\u00fdkon, v\u010faka \u010domu je spo\u013eahliv\u00fdm hydraulick\u00fdm valcom s \u010dapov\u00fdm hriade\u013eom pre aplik\u00e1cie s valcami p\u00e1sov\u00fdch \u017eeriavov.<\/li>\n<li><strong>Bezprobl\u00e9mov\u00e1 kompatibilita s p\u00e1sov\u00fdmi \u017eeriavmi:<\/strong> Tento valec s \u010dapov\u00fdm hriade\u013eom, ur\u010den\u00fd pre p\u00e1sov\u00e9 \u017eeriavy Liebherr LR 1300, Manitowoc 14000 a Kobelco CKE2500, zais\u0165uje perfektn\u00e9 ulo\u017eenie a optim\u00e1lny v\u00fdkon pri \u017eeriavov\u00fdch oper\u00e1ci\u00e1ch. Tento valec p\u00e1sov\u00e9ho \u017eeriavu s odoln\u00fdm hydraulick\u00fdm valcom zvy\u0161uje \u00fa\u010dinnos\u0165 zdv\u00edhania a spo\u013eahlivos\u0165 v\u00e1\u0161ho \u017eeriavu.<\/li>\n<li><strong>Efekt\u00edvna prev\u00e1dzka s minim\u00e1lnou \u00fadr\u017ebou:<\/strong>\u00a0V\u010faka pokro\u010dilej technol\u00f3gii tesnenia a optimalizovan\u00fdm mazac\u00edm kan\u00e1lom zais\u0165uje tento hydraulick\u00fd valec s \u010dapov\u00fdm hriade\u013eom plynulej\u0161\u00ed chod a zni\u017euje opotrebovanie kritick\u00fdch komponentov. Zni\u017euje n\u00e1klady na \u00fadr\u017ebu a predl\u017euje \u017eivotnos\u0165 v\u00e1\u0161ho p\u00e1sov\u00e9ho \u017eeriavu, \u010d\u00edm pon\u00faka vynikaj\u00facu n\u00e1hradu hydraulick\u00e9ho valca \u017eeriavu pre n\u00e1ro\u010dn\u00e9 aplik\u00e1cie.<\/li>\n<\/ul>\n<\/section>\n<section id=\"applications\">\n<h2><strong>Pou\u017eitie hydraulick\u00fdch valcov s \u010dapov\u00fdm hriade\u013eom pre p\u00e1sov\u00fd \u017eeriav:<\/strong><\/h2>\n<p><img loading=\"lazy\" decoding=\"async\" class=\"alignnone size-full wp-image-20131\" src=\"https:\/\/www.hydraulic-cylinders.net\/wp-content\/uploads\/2025\/05\/hydraulic-cylinder-application.webp\" alt=\"Aplik\u00e1cia hydraulick\u00e9ho valca p\u00e1sov\u00e9ho \u017eeriavu\" width=\"2048\" height=\"1152\" srcset=\"https:\/\/www.hydraulic-cylinders.net\/wp-content\/uploads\/2025\/05\/hydraulic-cylinder-application.webp 2048w, https:\/\/www.hydraulic-cylinders.net\/wp-content\/uploads\/2025\/05\/hydraulic-cylinder-application-1280x720.webp 1280w, https:\/\/www.hydraulic-cylinders.net\/wp-content\/uploads\/2025\/05\/hydraulic-cylinder-application-980x551.webp 980w, https:\/\/www.hydraulic-cylinders.net\/wp-content\/uploads\/2025\/05\/hydraulic-cylinder-application-480x270.webp 480w\" sizes=\"(min-width: 0px) and (max-width: 480px) 480px, (min-width: 481px) and (max-width: 980px) 980px, (min-width: 981px) and (max-width: 1280px) 1280px, (min-width: 1281px) 2048px, 100vw\" \/><\/p>\n<ul>\n<li><strong>Stavebn\u00e9 a infra\u0161trukt\u00farne projekty:<\/strong> Hydraulick\u00e9 valce s \u010dapov\u00fdm hriade\u013eom pre p\u00e1sov\u00e9 \u017eeriavy zais\u0165uj\u00fa spo\u013eahliv\u00fd v\u00fdkon aplik\u00e1ci\u00ed valcov p\u00e1sov\u00fdch \u017eeriavov v stavebn\u00fdch projektoch a umo\u017e\u0148uj\u00fa presn\u00fa manipul\u00e1ciu s \u0165a\u017ek\u00fdmi materi\u00e1lmi, ako s\u00fa oce\u013eov\u00e9 nosn\u00edky a bet\u00f3nov\u00e9 dosky. Ich odoln\u00fd hydraulick\u00fd valec pre p\u00e1sov\u00e9 \u017eeriavy zvy\u0161uje bezpe\u010dnos\u0165 a produktivitu na rozsiahlych infra\u0161trukt\u00farnych stavb\u00e1ch.<\/li>\n<li><strong>\u0164a\u017eba a manipul\u00e1cia s materi\u00e1lom:<\/strong>\u00a0Tento hydraulick\u00fd \u017eeriavov\u00fd valec, ur\u010den\u00fd pre p\u00e1sov\u00e9 \u017eeriavy v bansk\u00fdch prev\u00e1dzkach, podporuje efekt\u00edvne zdv\u00edhanie a premiest\u0148ovanie \u0165a\u017ek\u00fdch bremien, ako s\u00fa rudy a zariadenia. Zais\u0165uje plynul\u00fa prev\u00e1dzku v n\u00e1ro\u010dn\u00fdch prostrediach, v\u010faka \u010domu je vysoko v\u00fdkonn\u00fdm p\u00e1sov\u00fdm \u017eeriavov\u00fdm valcom pre \u017eeriavov\u00e9 oper\u00e1cie.<\/li>\n<li><strong>\u0164a\u017ek\u00fd priemysel a oper\u00e1cie na mori:<\/strong>\u00a0Tento hydraulick\u00fd valec s \u010dapov\u00fdm hriade\u013eom, ide\u00e1lny pre p\u00e1sov\u00e9 \u017eeriavy pou\u017e\u00edvan\u00e9 v \u0165a\u017ekom priemysle a na pobre\u017en\u00fdch projektoch, umo\u017e\u0148uje bezpe\u010dn\u00e9 zdv\u00edhanie nadrozmern\u00fdch bremien v n\u00e1ro\u010dn\u00fdch podmienkach, ako s\u00fa napr\u00edklad pobre\u017en\u00e9 plo\u0161iny. Jeho odolnos\u0165 z neho rob\u00ed spo\u013eahliv\u00fd hydraulick\u00fd valec s \u010dapov\u00fdm hriade\u013eom pre \u017eeriavov\u00e9 oper\u00e1cie v n\u00e1ro\u010dn\u00fdch aplik\u00e1ci\u00e1ch.<\/li>\n<\/ul>\n<h2><strong>Presk\u00famajte \u010fal\u0161ie hydraulick\u00e9 valce \u017eeriavov:<\/strong><\/h2>\n<p>Pon\u00fakame tie\u017e \u0161irok\u00fd sortiment \u010fal\u0161\u00edch hydraulick\u00fdch valcov \u017eeriavov, ktor\u00e9 sp\u013a\u0148aj\u00fa r\u00f4zne potreby zdv\u00edhania. \u010ci u\u017e potrebujete n\u00e1hradu hydraulick\u00e9ho valca \u017eeriavu pre ve\u017eov\u00e9 \u017eeriavy, mobiln\u00e9 \u017eeriavy alebo \u0161pecializovan\u00e9 \u0165a\u017ek\u00e9 zariadenia, Ever-Power Huachang Hydraulic m\u00e1 rie\u0161enie. Pozrite si na\u0161u kompletn\u00fa ponuku. <a href=\"https:\/\/www.hydraulic-cylinders.net\/sk\/mobile-crane-hydraulic-cylinders\/\">hydraulick\u00e9 \u017eeriavov\u00e9 valce<\/a> n\u00e1js\u0165 perfektn\u00e9 rie\u0161enie pre va\u0161e \u017eeriavov\u00e9 oper\u00e1cie.<\/p>\n<h2><strong>Ako zvy\u0161uje kon\u0161trukcia \u010dapov\u00e9ho hriade\u013ea hydraulick\u00fdch valcov s \u010dapov\u00fdm hriade\u013eom v\u00fdkon v n\u00e1ro\u010dn\u00fdch aplik\u00e1ci\u00e1ch?<\/strong><\/h2>\n<p dir=\"auto\">Kon\u0161trukcia \u010dapov\u00e9ho hriade\u013ea hydraulick\u00fdch valcov s \u010dapov\u00fdm hriade\u013eom v\u00fdrazne zvy\u0161uje v\u00fdkon v n\u00e1ro\u010dn\u00fdch aplik\u00e1ci\u00e1ch t\u00fdm, \u017ee poskytuje v\u00fdnimo\u010dn\u00fa nosnos\u0165 a presn\u00e9 riadenie pohybu, ktor\u00e9 s\u00fa k\u013e\u00fa\u010dov\u00e9 pre n\u00e1ro\u010dn\u00e9 prostredia, ako s\u00fa stavenisk\u00e1, bansk\u00e9 prev\u00e1dzky a projekty na mori. Konkr\u00e9tne konfigur\u00e1cia valca s \u010dapov\u00fdm hriade\u013eom zais\u0165uje optim\u00e1lne rozlo\u017eenie sily naprie\u010d hydraulick\u00fdm valcom \u017eeriavu, minimalizuje koncentr\u00e1ciu nap\u00e4tia a zni\u017euje riziko mechanick\u00e9ho zlyhania po\u010das zdv\u00edhania \u0165a\u017ek\u00fdch bremien p\u00e1sov\u00fdmi \u017eeriavmi.<\/p>\n<p dir=\"auto\">T\u00e1to kon\u0161trukcia tie\u017e zlep\u0161uje vyrovnanie a stabilitu, \u010do umo\u017e\u0148uje vysokov\u00fdkonn\u00e9mu hydraulick\u00e9mu valcu udr\u017eiava\u0165 konzistentn\u00fd v\u00fdkon aj pri vysokom tlaku \u2013 a\u017e do 350 barov, ako je uveden\u00e9 v technick\u00fdch detailoch. Hydraulick\u00fd valec s \u010dapov\u00fdm hriade\u013eom navy\u0161e umo\u017e\u0148uje plynulej\u0161\u00ed prechod za\u0165a\u017eenia, \u010d\u00edm sa zni\u017euje opotrebovanie kritick\u00fdch komponentov a predl\u017euje sa \u017eivotnos\u0165 valca p\u00e1sov\u00e9ho \u017eeriavu, a to aj v extr\u00e9mnych podmienkach, ako je pra\u0161n\u00e9 alebo vlhk\u00e9 prostredie.<\/p>\n<p dir=\"auto\">V\u010faka integr\u00e1cii pokro\u010dilej technol\u00f3gie tesnenia a optimalizovan\u00fdch mazac\u00edch kan\u00e1lov zabezpe\u010duj\u00fa hydraulick\u00e9 valce s \u010dapov\u00fdm hriade\u013eom pre p\u00e1sov\u00e9 \u017eeriavy minim\u00e1lne trenie a hromadenie tepla, \u010d\u00edm zvy\u0161uj\u00fa prev\u00e1dzkov\u00fa \u00fa\u010dinnos\u0165 a zni\u017euj\u00fa potrebu \u00fadr\u017eby. V\u010faka tomu je hydraulick\u00fd valec s \u010dapov\u00fdm hriade\u013eom pre \u017eeriavov\u00e9 oper\u00e1cie ide\u00e1lnou vo\u013ebou pre pou\u017e\u00edvate\u013eov, ktor\u00ed h\u013eadaj\u00fa spo\u013eahliv\u00fa n\u00e1hradu hydraulick\u00e9ho valca \u017eeriavu, ktor\u00fd odol\u00e1 n\u00e1ro\u010dn\u00fdm zdv\u00edhac\u00edm bremen\u00e1m a z\u00e1rove\u0148 zachov\u00e1 presnos\u0165 a bezpe\u010dnos\u0165.<\/p>\n<\/section>\n<section id=\"company-introduction\">\n<h2><strong>O spolo\u010dnosti Ever-Power Huachang Hydraulic:<\/strong><\/h2>\n<h2><img loading=\"lazy\" decoding=\"async\" class=\"alignnone size-full wp-image-16972\" src=\"https:\/\/www.hydraulic-cylinders.net\/wp-content\/uploads\/2025\/01\/hydraulic-cylinder-factory-1-scaled.webp\" alt=\"\" width=\"2016\" height=\"2560\" srcset=\"https:\/\/www.hydraulic-cylinders.net\/wp-content\/uploads\/2025\/01\/hydraulic-cylinder-factory-1-scaled.webp 2016w, https:\/\/www.hydraulic-cylinders.net\/wp-content\/uploads\/2025\/01\/hydraulic-cylinder-factory-1-1280x1625.webp 1280w, https:\/\/www.hydraulic-cylinders.net\/wp-content\/uploads\/2025\/01\/hydraulic-cylinder-factory-1-980x1244.webp 980w, https:\/\/www.hydraulic-cylinders.net\/wp-content\/uploads\/2025\/01\/hydraulic-cylinder-factory-1-480x610.webp 480w\" sizes=\"(min-width: 0px) and (max-width: 480px) 480px, (min-width: 481px) and (max-width: 980px) 980px, (min-width: 981px) and (max-width: 1280px) 1280px, (min-width: 1281px) 2016px, 100vw\" \/><\/h2>\n<p>P\u00fd\u0161ime sa najmodernej\u0161ou nez\u00e1vislou platformou v\u00fdskumu a v\u00fdvoja zameranou na mont\u00e1\u017e, ktor\u00e1 zabezpe\u010duje \u0161pi\u010dkov\u00e9 inov\u00e1cie a kvalitu v na\u0161ich v\u00fdrobn\u00fdch procesoch. Na\u0161a diel\u0148a na v\u00fdrobu valcov pre vysokozdvi\u017en\u00e9 voz\u00edky disponuje \u0161tyrmi poloautomatick\u00fdmi mont\u00e1\u017enymi linkami na zdv\u00edhanie valcov a plne automatickou mont\u00e1\u017enou linkou nakl\u00e1pac\u00edch valcov, ktor\u00e9 s\u00fa spolu navrhnut\u00e9 tak, aby ro\u010dne vyrobili a\u017e jeden mili\u00f3n kusov.<\/p>\n<p>Na\u0161a obr\u00e1bacia diel\u0148a m\u00e1 z\u00e1kazkov\u00e9 s\u00fastru\u017en\u00edcke centr\u00e1 s nakl\u00e1pac\u00edmi vodiacimi ko\u013eajnicami, obr\u00e1bacie centr\u00e1, vysokor\u00fdchlostn\u00e9 honovacie stroje, zv\u00e1racie roboty a \u010fal\u0161ie potrebn\u00e9 vybavenie. Toto nastavenie n\u00e1m umo\u017e\u0148uje obr\u00e1ba\u0165 valcov\u00e9 r\u00fary s maxim\u00e1lnym vn\u00fatorn\u00fdm priemerom 400 mm a d\u013a\u017ekou a\u017e 6 metrov, \u010do \u010falej zvy\u0161uje na\u0161e v\u00fdrobn\u00e9 mo\u017enosti.<\/p>\n<p>Prev\u00e1dzkujeme plne automatick\u00fa linku na nan\u00e1\u0161anie farieb na vodnej b\u00e1ze, ktor\u00e1 je \u0161peci\u00e1lne navrhnut\u00e1 pre mal\u00e9 a stredn\u00e9 valce a je vybaven\u00e1 automatizovan\u00fdmi robotmi na nakladanie, vykladanie a striekanie. Tento modern\u00fd syst\u00e9m sa m\u00f4\u017ee pochv\u00e1li\u0165 v\u00fdrobnou kapacitou 4 000 kusov za smenu. Okrem toho m\u00e1me poloautomatick\u00fa lakovaciu linku pre ve\u013ek\u00e9 valce, poh\u00e1\u0148an\u00fa re\u0165azov\u00fdm pohonom, s projektovanou kapacitou 60 prepraviek za smenu.<\/p>\n<h2><img loading=\"lazy\" decoding=\"async\" class=\"alignnone size-full wp-image-16973\" src=\"https:\/\/www.hydraulic-cylinders.net\/wp-content\/uploads\/2025\/01\/hydraulic-cylinder-factory-2-scaled.webp\" alt=\"\" width=\"2011\" height=\"2560\" srcset=\"https:\/\/www.hydraulic-cylinders.net\/wp-content\/uploads\/2025\/01\/hydraulic-cylinder-factory-2-scaled.webp 2011w, https:\/\/www.hydraulic-cylinders.net\/wp-content\/uploads\/2025\/01\/hydraulic-cylinder-factory-2-1280x1629.webp 1280w, https:\/\/www.hydraulic-cylinders.net\/wp-content\/uploads\/2025\/01\/hydraulic-cylinder-factory-2-980x1248.webp 980w, https:\/\/www.hydraulic-cylinders.net\/wp-content\/uploads\/2025\/01\/hydraulic-cylinder-factory-2-480x611.webp 480w\" sizes=\"(min-width: 0px) and (max-width: 480px) 480px, (min-width: 481px) and (max-width: 980px) 980px, (min-width: 981px) and (max-width: 1280px) 1280px, (min-width: 1281px) 2011px, 100vw\" \/><\/h2>\n<p>Aby sme zv\u00fd\u0161ili v\u00fdkonnos\u0165 produktov a upevnili na\u0161e ved\u00face postavenie v odvetv\u00ed hydraulick\u00fdch valcov, spojili sme sa so spolo\u010dnos\u0165ou zjimee s cie\u013eom vybudova\u0165 komplexn\u00e9 v\u00fdkonnostn\u00e9 laborat\u00f3rium zameran\u00e9 na hydraulick\u00e9 valce, ventily a \u010derpadl\u00e1. Toto pokro\u010dil\u00e9 laborat\u00f3rium vyu\u017e\u00edva po\u010d\u00edta\u010dom podporovan\u00e9 testovanie s elektrohydraulickou technol\u00f3giou, \u010do umo\u017e\u0148uje prednastaven\u00e9 testovacie podmienky, ktor\u00e9 zlep\u0161uj\u00fa presnos\u0165 a v\u0161estrannos\u0165 syst\u00e9mu. Automatizovan\u00fd proces zberu \u00fadajov vyu\u017e\u00edva senzory na zhroma\u017e\u010fovanie v\u00fdstupn\u00fdch \u00fadajov, ako s\u00fa vn\u00fatorn\u00e9 netesnosti a \u00fa\u010dinnos\u0165 za\u0165a\u017eenia, ktor\u00e9 potom spracov\u00e1va po\u010d\u00edta\u010d a prev\u00e1dza na \u0161tandardn\u00e9 jednotky (ml\/min%).<\/p>\n<p>Hydraulick\u00e9 valce s \u010dapov\u00fdm hriade\u013eom pre p\u00e1sov\u00e9 \u017eeriavy s\u00fa d\u00f4kazom n\u00e1\u0161ho z\u00e1v\u00e4zku ku kvalite a v\u00fdkonu. S\u00fa navrhnut\u00e9 ako vysokov\u00fdkonn\u00e9 hydraulick\u00e9 valce pre p\u00e1sov\u00e9 \u017eeriavy, najm\u00e4 pre modely od spolo\u010dnost\u00ed Liebherr, Manitowoc a Kobelco. Zais\u0165uj\u00fa optim\u00e1lnu stabilitu pri zdv\u00edhan\u00ed a odolnos\u0165 v n\u00e1ro\u010dn\u00fdch aplik\u00e1ci\u00e1ch, ako je stavebn\u00edctvo, ban\u00edctvo a oper\u00e1cie na mori so \u017eeriavmi. Na\u0161e produkty si z\u00edskali d\u00f4veru v\u00fdznamn\u00fdch v\u00fdrobcov zariaden\u00ed na celom svete a spolo\u010dnos\u0165 Ever-Power Huachang Hydraulic je uzn\u00e1van\u00e1 ako l\u00edder vo v\u00fdrobe hydraulick\u00fdch valcov.<\/p>\n<\/section>","protected":false},"excerpt":{"rendered":"<p>Pin Shaft Hydraulic Cylinders for Crawler Crane The pin shaft hydraulic cylinders for crawler crane are robust heavy-duty hydraulic cylinders designed for crawler cranes, compatible with leading models. Engineered for durability and precision, this pin shaft cylinder enhances crane operations, ensuring reliable lifting and movement of heavy loads in demanding environments like construction sites, mining [&hellip;]<\/p>","protected":false},"featured_media":20126,"comment_status":"open","ping_status":"closed","template":"","meta":{"_et_pb_use_builder":"","_et_pb_old_content":"","_et_gb_content_width":""},"product_brand":[],"product_cat":[1514],"product_tag":[],"class_list":{"0":"post-20124","1":"product","2":"type-product","3":"status-publish","4":"has-post-thumbnail","6":"product_cat-mobile-crane-hydraulic-cylinders","8":"first","9":"instock","10":"shipping-taxable","11":"product-type-simple"},"amp_enabled":true,"_links":{"self":[{"href":"https:\/\/www.hydraulic-cylinders.net\/sk\/wp-json\/wp\/v2\/product\/20124","targetHints":{"allow":["GET"]}}],"collection":[{"href":"https:\/\/www.hydraulic-cylinders.net\/sk\/wp-json\/wp\/v2\/product"}],"about":[{"href":"https:\/\/www.hydraulic-cylinders.net\/sk\/wp-json\/wp\/v2\/types\/product"}],"replies":[{"embeddable":true,"href":"https:\/\/www.hydraulic-cylinders.net\/sk\/wp-json\/wp\/v2\/comments?post=20124"}],"wp:featuredmedia":[{"embeddable":true,"href":"https:\/\/www.hydraulic-cylinders.net\/sk\/wp-json\/wp\/v2\/media\/20126"}],"wp:attachment":[{"href":"https:\/\/www.hydraulic-cylinders.net\/sk\/wp-json\/wp\/v2\/media?parent=20124"}],"wp:term":[{"taxonomy":"product_brand","embeddable":true,"href":"https:\/\/www.hydraulic-cylinders.net\/sk\/wp-json\/wp\/v2\/product_brand?post=20124"},{"taxonomy":"product_cat","embeddable":true,"href":"https:\/\/www.hydraulic-cylinders.net\/sk\/wp-json\/wp\/v2\/product_cat?post=20124"},{"taxonomy":"product_tag","embeddable":true,"href":"https:\/\/www.hydraulic-cylinders.net\/sk\/wp-json\/wp\/v2\/product_tag?post=20124"}],"curies":[{"name":"pracovn\u00fd list","href":"https:\/\/api.w.org\/{rel}","templated":true}]}}