{"id":20144,"date":"2025-05-11T14:42:32","date_gmt":"2025-05-11T14:42:32","guid":{"rendered":"https:\/\/www.hydraulic-cylinders.net\/?post_type=product&#038;p=20144"},"modified":"2025-05-12T05:30:31","modified_gmt":"2025-05-12T05:30:31","slug":"power-pin-hydraulic-cylinders-for-crawler-crane","status":"publish","type":"product","link":"https:\/\/www.hydraulic-cylinders.net\/sk\/produkt\/power-pin-hydraulic-cylinders-for-crawler-crane\/","title":{"rendered":"Hydraulick\u00e9 valce s v\u00fdkonov\u00fdm kol\u00edkom pre p\u00e1sov\u00fd \u017eeriav"},"content":{"rendered":"<h1 style=\"text-align: center;\"><strong>Hydraulick\u00e9 valce s v\u00fdkonov\u00fdm kol\u00edkom pre p\u00e1sov\u00fd \u017eeriav<\/strong><\/h1>\n<p><img loading=\"lazy\" decoding=\"async\" class=\"wp-image-20152 aligncenter\" src=\"https:\/\/www.hydraulic-cylinders.net\/wp-content\/uploads\/2025\/05\/pin-shaft-hydraulic-cylinders-for-crawler-crane-2-scaled.webp\" alt=\"\" width=\"500\" height=\"500\" \/><\/p>\n<p>Hydraulick\u00e9 valce s \u010dapov\u00fdm hriade\u013eom pre p\u00e1sov\u00e9 \u017eeriavy, hrdo vyroben\u00e9 spolo\u010dnos\u0165ou Ever-Power Huachang Hydraulic, predstavuj\u00fa vrchol in\u017einierskej excelentnosti ako robustn\u00fd valec s \u010dapov\u00fdm hriade\u013eom navrhnut\u00fd \u0161peci\u00e1lne pre n\u00e1ro\u010dn\u00e9 po\u017eiadavky zdv\u00edhania \u0165a\u017ek\u00fdch bremien pri prev\u00e1dzke p\u00e1sov\u00fdch \u017eeriavov. Tento hydraulick\u00fd valec s kon\u0161trukciou \u010dapov\u00e9ho hriade\u013ea, kompatibiln\u00fd s popredn\u00fdmi modelmi, poskytuje bezkonkuren\u010dn\u00fa stabilitu a presnos\u0165, v\u010faka \u010domu je ide\u00e1lnym valcom pre p\u00e1sov\u00e9 \u017eeriavy na stavenisk\u00e1ch, v bansk\u00fdch prev\u00e1dzkach a vo ve\u013ek\u00fdch priemyseln\u00fdch projektoch. Vysokopevnostn\u00fd hydraulick\u00fd valec, vyroben\u00fd z vysokopevnostnej legovanej ocele a s pokro\u010dil\u00fdm antikor\u00f3znym n\u00e1terom, zais\u0165uje odolnos\u0165 a spo\u013eahlivos\u0165 aj v najn\u00e1ro\u010dnej\u0161\u00edch prostrediach, ako s\u00fa pra\u0161n\u00e9 ter\u00e9ny, vlhk\u00e9 pobre\u017en\u00e9 oblasti alebo pracovisk\u00e1 vo vysok\u00fdch nadmorsk\u00fdch v\u00fd\u0161kach. Tento hydraulick\u00fd valec s \u010dapov\u00fdm hriade\u013eom pre p\u00e1sov\u00e9 \u017eeriavy integruje jedine\u010dn\u00fd mechanizmus \u010dapov\u00e9ho hriade\u013ea, ktor\u00fd optimalizuje rozlo\u017eenie za\u0165a\u017eenia a zvy\u0161uje bezpe\u010dnos\u0165 po\u010das zdv\u00edhac\u00edch \u00faloh, zatia\u013e \u010do jeho prisp\u00f4sobite\u013en\u00e9 ve\u013ekosti otvorov (180 mm a\u017e 300 mm) a d\u013a\u017eky zdvihu (1 000 mm a\u017e 4 000 mm) umo\u017e\u0148uj\u00fa prisp\u00f4soben\u00fd v\u00fdkon r\u00f4znym prev\u00e1dzkov\u00fdm potreb\u00e1m. Tento vysokov\u00fdkonn\u00fd hydraulick\u00fd valec s \u010dapov\u00fdm hriade\u013eom, podporen\u00fd na\u0161\u00edm najmodernej\u0161\u00edm v\u00fdrobn\u00fdm zariaden\u00edm a pr\u00edsnymi testovac\u00edmi \u0161tandardmi, je d\u00f4kazom n\u00e1\u0161ho z\u00e1v\u00e4zku ku kvalite a pon\u00faka spo\u013eahliv\u00e9 rie\u0161enie pre oper\u00e1torov, ktor\u00ed h\u013eadaj\u00fa valec p\u00e1sov\u00e9ho \u017eeriavu s \u010dapov\u00fdm mechanizmom na maximaliz\u00e1ciu efektivity a minimaliz\u00e1ciu prestojov.<\/p>\n<section id=\"specifications\">\n<h2><strong>Technick\u00e9 \u0161pecifik\u00e1cie:<\/strong><\/h2>\n<p><strong>Funkcia:<\/strong>\u00a0Ovl\u00e1dajte pohyb r\u00e1mu ramena<br \/>\n<strong>Priemer valca:<\/strong>\u00a050 mm \u2013 125 mm<br \/>\n<strong>Priemer ty\u010de:<\/strong>\u00a025 mm \u2013 75 mm<br \/>\n<strong>Cestovanie:<\/strong>\u00a0160 mm \u2013 390 mm<br \/>\n<strong>Maxim\u00e1lny tlak:<\/strong>\u00a025 MPa<br \/>\n<strong>Maxim\u00e1lny \u0165ah:<\/strong>\u00a0307 kN<\/p>\n<\/section>\n<section id=\"features\">\n<h2><strong>K\u013e\u00fa\u010dov\u00e9 vlastnosti hydraulick\u00fdch valcov s \u010dapov\u00fdm hriade\u013eom pre p\u00e1sov\u00fd \u017eeriav:<\/strong><\/h2>\n<ul>\n<li><strong>Zv\u00fd\u0161en\u00e1 stabilita hriade\u013ea \u010dapu:<\/strong>\u00a0Hydraulick\u00e9 valce s \u010dapov\u00fdm hriade\u013eom pre p\u00e1sov\u00e9 \u017eeriavy maj\u00fa kon\u0161trukciu valca s \u010dapov\u00fdm hriade\u013eom, ktor\u00e1 zlep\u0161uje rozlo\u017eenie za\u0165a\u017eenia a zais\u0165uje stabilitu po\u010das zdv\u00edhania \u0165a\u017ek\u00fdch bremien.<\/li>\n<li><strong>Kon\u0161trukcia odoln\u00e1 vo\u010di kor\u00f3zii:<\/strong>\u00a0Tento odoln\u00fd hydraulick\u00fd valec je vyroben\u00fd z vysokopevnostnej legovanej ocele a m\u00e1 antikor\u00f3zny n\u00e1ter, v\u010faka \u010domu odol\u00e1va n\u00e1ro\u010dn\u00fdm podmienkam, ako s\u00fa pra\u0161n\u00e9 stavenisk\u00e1 a vlhk\u00e9 podmienky.<\/li>\n<li><strong>Presn\u00e1 manipul\u00e1cia so z\u00e1\u0165a\u017eou:<\/strong>\u00a0Hydraulick\u00fd valec s kon\u0161trukciou s \u010dapov\u00fdm hriade\u013eom pon\u00faka presn\u00e9 ovl\u00e1danie pohybu, v\u010faka \u010domu je spo\u013eahliv\u00fdm valcom p\u00e1sov\u00e9ho \u017eeriavu pre n\u00e1ro\u010dn\u00e9 priemyseln\u00e9 \u00falohy.<\/li>\n<li><strong>N\u00edzka \u00fadr\u017eba a trvanlivos\u0165:<\/strong>\u00a0V\u010faka pokro\u010dilej technol\u00f3gii tesnenia minimalizuje tento hydraulick\u00fd valec s \u010dapov\u00fdm hriade\u013eom opotrebenie, \u010d\u00edm sa zni\u017euj\u00fa n\u00e1roky na \u00fadr\u017ebu pri aplik\u00e1ci\u00e1ch p\u00e1sov\u00fdch \u017eeriavov.<\/li>\n<\/ul>\n<\/section>\n<section id=\"applications\">\n<h2><strong>Pou\u017eitie hydraulick\u00fdch valcov s \u010dapov\u00fdm hriade\u013eom pre p\u00e1sov\u00fd \u017eeriav:<\/strong><\/h2>\n<p><img loading=\"lazy\" decoding=\"async\" class=\"size-full wp-image-20167 aligncenter\" src=\"https:\/\/www.hydraulic-cylinders.net\/wp-content\/uploads\/2025\/05\/Power-Pin-Hydraulic-Cylinders-for-Crawler-Crane-application.webp\" alt=\"\" width=\"1643\" height=\"945\" srcset=\"https:\/\/www.hydraulic-cylinders.net\/wp-content\/uploads\/2025\/05\/Power-Pin-Hydraulic-Cylinders-for-Crawler-Crane-application.webp 1643w, https:\/\/www.hydraulic-cylinders.net\/wp-content\/uploads\/2025\/05\/Power-Pin-Hydraulic-Cylinders-for-Crawler-Crane-application-1280x736.webp 1280w, https:\/\/www.hydraulic-cylinders.net\/wp-content\/uploads\/2025\/05\/Power-Pin-Hydraulic-Cylinders-for-Crawler-Crane-application-980x564.webp 980w, https:\/\/www.hydraulic-cylinders.net\/wp-content\/uploads\/2025\/05\/Power-Pin-Hydraulic-Cylinders-for-Crawler-Crane-application-480x276.webp 480w\" sizes=\"(min-width: 0px) and (max-width: 480px) 480px, (min-width: 481px) and (max-width: 980px) 980px, (min-width: 981px) and (max-width: 1280px) 1280px, (min-width: 1281px) 1643px, 100vw\" \/><\/p>\n<ul>\n<li><strong>Stavenisk\u00e1:<\/strong>\u00a0Hydraulick\u00fd valec s \u010dapov\u00fdm hriade\u013eom na zdv\u00edhanie \u0165a\u017ek\u00fdch bremien zais\u0165uje bezpe\u010dn\u00e9 a stabiln\u00e9 zdv\u00edhanie oce\u013eov\u00fdch nosn\u00edkov a bet\u00f3nov\u00fdch dosiek v stavebn\u00fdch projektoch pomocou valcov p\u00e1sov\u00fdch \u017eeriavov.<\/li>\n<li><strong>\u0164a\u017eobn\u00e9 oper\u00e1cie:<\/strong>\u00a0Tento hydraulick\u00fd valec s kon\u0161trukciou \u010dapov\u00e9ho hriade\u013ea, ur\u010den\u00fd pre ban\u00edctvo, podporuje efekt\u00edvnu manipul\u00e1ciu s rudou a zariadeniami v n\u00e1ro\u010dnom ter\u00e9ne.<\/li>\n<li><strong>Priemyseln\u00e9 zdv\u00edhanie \u0165a\u017ek\u00fdch bremien:<\/strong>\u00a0Hydraulick\u00fd valec s \u010dapov\u00fdm hriade\u013eom je ide\u00e1lny pre priemyseln\u00e9 prostredie a zvy\u0161uje v\u00fdkon v tov\u00e1r\u0148ach a rozsiahlych projektoch vy\u017eaduj\u00facich presn\u00e9 ovl\u00e1danie \u017eeriavom.<\/li>\n<\/ul>\n<\/section>\n<section id=\"explore-more\">\n<h2><strong>Presk\u00famajte \u010fal\u0161ie valce p\u00e1sov\u00fdch \u017eeriavov:<\/strong><\/h2>\n<p>Pon\u00fakame tie\u017e \u0161irok\u00fa \u0161k\u00e1lu \u010fal\u0161\u00edch valcov pre p\u00e1sov\u00e9 \u017eeriavy, ktor\u00e9 sp\u013a\u0148aj\u00fa r\u00f4zne potreby zdv\u00edhania. \u010ci u\u017e potrebujete valec s \u010dapov\u00fdm hriade\u013eom na \u0165a\u017ek\u00e9 zdv\u00edhanie alebo n\u00e1hradu valca pre p\u00e1sov\u00fd \u017eeriav, Ever-Power Huachang Hydraulic m\u00e1 rie\u0161enie. Pozrite si na\u0161u kompletn\u00fa ponuku. <a href=\"https:\/\/www.hydraulic-cylinders.net\/sk\/mobile-crane-hydraulic-cylinders\/\">valce p\u00e1sov\u00fdch \u017eeriavov<\/a>.<\/p>\n<\/section>\n<h2 dir=\"auto\"><strong>\u010co rob\u00ed hydraulick\u00e9 valce s \u010dapov\u00fdm hriade\u013eom pre p\u00e1sov\u00fd \u017eeriav vhodn\u00fdmi na zdv\u00edhanie \u0165a\u017ek\u00fdch bremien?<\/strong><\/h2>\n<p dir=\"auto\">Hydraulick\u00e9 valce s \u010dapov\u00fdm hriade\u013eom pre p\u00e1sov\u00e9 \u017eeriavy s\u00fa mimoriadne vhodn\u00e9 na zdv\u00edhanie \u0165a\u017ek\u00fdch bremien v\u010faka kombin\u00e1cii pokro\u010dil\u00fdch kon\u0161truk\u010dn\u00fdch prvkov a robustn\u00fdch materi\u00e1lov\u00fdch rie\u0161en\u00ed prisp\u00f4soben\u00fdch n\u00e1ro\u010dn\u00fdm po\u017eiadavk\u00e1m prev\u00e1dzky p\u00e1sov\u00fdch \u017eeriavov. V jadre svojej kon\u0161trukcie konfigur\u00e1cia valca s \u010dapov\u00fdm hriade\u013eom zlep\u0161uje rozlo\u017eenie za\u0165a\u017eenia t\u00fdm, \u017ee poskytuje stabiln\u00fd oto\u010dn\u00fd bod, ktor\u00fd minimalizuje koncentr\u00e1ciu nap\u00e4tia po\u010das zdv\u00edhania, \u010d\u00edm zabezpe\u010duje, \u017ee hydraulick\u00fd valec pre p\u00e1sov\u00e9 \u017eeriavy dok\u00e1\u017ee zvl\u00e1dnu\u0165 zna\u010dn\u00e9 bremen\u00e1 \u2013 \u010dasto nieko\u013eko ton \u2013 bez ohrozenia \u0161truktur\u00e1lnej integrity. Tento hydraulick\u00fd valec s \u010dapov\u00fdm hriade\u013eom s maxim\u00e1lnym pracovn\u00fdm tlakom 350 barov, ako je uveden\u00e9 v technick\u00fdch detailoch, poskytuje potrebn\u00fa silu na zdv\u00edhanie \u0165a\u017ek\u00fdch materi\u00e1lov, ako s\u00fa oce\u013eov\u00e9 nosn\u00edky alebo bet\u00f3nov\u00e9 dosky v stavebn\u00fdch projektoch, ako aj rudy a zariaden\u00ed v bansk\u00fdch prev\u00e1dzkach.<\/p>\n<p dir=\"auto\">Pou\u017eitie vysokopevnostnej legovanej ocele v kombin\u00e1cii s antikor\u00f3znym n\u00e1terom zais\u0165uje, \u017ee tento odoln\u00fd hydraulick\u00fd valec odol\u00e1 n\u00e1ro\u010dn\u00fdm podmienkam prostredia, ako s\u00fa pra\u0161n\u00e9 stavenisk\u00e1, vlhk\u00e9 pobre\u017en\u00e9 oblasti alebo priemyseln\u00e9 projekty vo vysok\u00fdch nadmorsk\u00fdch v\u00fd\u0161kach, \u010d\u00edm si zachov\u00e1va konzistentn\u00fd v\u00fdkon a dlh\u00fa \u017eivotnos\u0165. Hydraulick\u00fd valec s kon\u0161trukciou \u010dapov\u00e9ho hriade\u013ea navy\u0161e pon\u00faka presn\u00e9 ovl\u00e1danie pohybu, \u010d\u00edm sa zni\u017euje riziko k\u00fdvania alebo nespr\u00e1vneho zarovnania bremena po\u010das prev\u00e1dzky \u017eeriavu, \u010do je rozhoduj\u00face pre bezpe\u010dnos\u0165 a efekt\u00edvnos\u0165 pri zdv\u00edhan\u00ed \u0165a\u017ek\u00fdch bremien. Pokro\u010dil\u00e1 technol\u00f3gia tesnenia integrovan\u00e1 do valca p\u00e1sov\u00e9ho \u017eeriavu minimalizuje vn\u00fatorn\u00e9 netesnosti a opotrebenie, \u010d\u00edm zvy\u0161uje odolnos\u0165 a zni\u017euje frekvenciu \u00fadr\u017eby, \u010do je k\u013e\u00fa\u010dov\u00fdm faktorom pre oper\u00e1torov, ktor\u00ed h\u013eadaj\u00fa spo\u013eahliv\u00fd valec p\u00e1sov\u00e9ho \u017eeriavu s \u010dapov\u00fdm mechanizmom.<\/p>\n<p dir=\"auto\">Prisp\u00f4sobite\u013en\u00e9 ve\u013ekosti otvorov (180 mm a\u017e 300 mm) a d\u013a\u017eky zdvihu (1 000 mm a\u017e 4 000 mm) navy\u0161e umo\u017e\u0148uj\u00fa prisp\u00f4sobi\u0165 vysokov\u00fdkonn\u00fd hydraulick\u00fd valec s \u010dapov\u00fdm hriade\u013eom \u0161pecifick\u00fdm po\u017eiadavk\u00e1m na zdv\u00edhanie, \u010d\u00edm sa zabezpe\u010duje optim\u00e1lny v\u00fdkon v r\u00f4znych modeloch p\u00e1sov\u00fdch \u017eeriavov, ako s\u00fa Liebherr LR 1300 a Manitowoc 14000. Tento valec s \u010dapov\u00fdm hriade\u013eom pre \u0165a\u017ek\u00e9 zdv\u00edhanie, ktor\u00fd je podlo\u017een\u00fd najmodernej\u0161\u00edmi v\u00fdrobn\u00fdmi a pr\u00edsnymi testovac\u00edmi \u0161tandardmi spolo\u010dnosti Ever-Power Huachang Hydraulic vr\u00e1tane pos\u00fadenia \u00fa\u010dinnosti za\u0165a\u017eenia a vn\u00fatorn\u00fdch netesnost\u00ed, vynik\u00e1 ako spo\u013eahliv\u00e9 rie\u0161enie pre priemyseln\u00e9 aplik\u00e1cie, ktor\u00e9 pon\u00faka presnos\u0165 aj odolnos\u0165 pre maximaliz\u00e1ciu prev\u00e1dzkovej \u00fa\u010dinnosti a bezpe\u010dnosti.<\/p>\n<section id=\"company-introduction\">\n<h2><strong>O spolo\u010dnosti Ever-Power Huachang Hydraulic:<\/strong><\/h2>\n<h2><img loading=\"lazy\" decoding=\"async\" class=\"alignnone size-full wp-image-16972\" src=\"https:\/\/www.hydraulic-cylinders.net\/wp-content\/uploads\/2025\/01\/hydraulic-cylinder-factory-1-scaled.webp\" alt=\"\" width=\"2016\" height=\"2560\" srcset=\"https:\/\/www.hydraulic-cylinders.net\/wp-content\/uploads\/2025\/01\/hydraulic-cylinder-factory-1-scaled.webp 2016w, https:\/\/www.hydraulic-cylinders.net\/wp-content\/uploads\/2025\/01\/hydraulic-cylinder-factory-1-1280x1625.webp 1280w, https:\/\/www.hydraulic-cylinders.net\/wp-content\/uploads\/2025\/01\/hydraulic-cylinder-factory-1-980x1244.webp 980w, https:\/\/www.hydraulic-cylinders.net\/wp-content\/uploads\/2025\/01\/hydraulic-cylinder-factory-1-480x610.webp 480w\" sizes=\"(min-width: 0px) and (max-width: 480px) 480px, (min-width: 481px) and (max-width: 980px) 980px, (min-width: 981px) and (max-width: 1280px) 1280px, (min-width: 1281px) 2016px, 100vw\" \/><\/h2>\n<p>P\u00fd\u0161ime sa najmodernej\u0161ou nez\u00e1vislou platformou v\u00fdskumu a v\u00fdvoja zameranou na mont\u00e1\u017e, ktor\u00e1 zabezpe\u010duje \u0161pi\u010dkov\u00e9 inov\u00e1cie a kvalitu v na\u0161ich v\u00fdrobn\u00fdch procesoch. Na\u0161a diel\u0148a na v\u00fdrobu valcov pre vysokozdvi\u017en\u00e9 voz\u00edky disponuje \u0161tyrmi poloautomatick\u00fdmi mont\u00e1\u017enymi linkami na zdv\u00edhanie valcov a plne automatickou mont\u00e1\u017enou linkou nakl\u00e1pac\u00edch valcov, ktor\u00e9 s\u00fa spolu navrhnut\u00e9 tak, aby ro\u010dne vyrobili a\u017e jeden mili\u00f3n kusov.<\/p>\n<p>Na\u0161a obr\u00e1bacia diel\u0148a m\u00e1 z\u00e1kazkov\u00e9 s\u00fastru\u017en\u00edcke centr\u00e1 s nakl\u00e1pac\u00edmi vodiacimi ko\u013eajnicami, obr\u00e1bacie centr\u00e1, vysokor\u00fdchlostn\u00e9 honovacie stroje, zv\u00e1racie roboty a \u010fal\u0161ie potrebn\u00e9 vybavenie. Toto nastavenie n\u00e1m umo\u017e\u0148uje obr\u00e1ba\u0165 valcov\u00e9 r\u00fary s maxim\u00e1lnym vn\u00fatorn\u00fdm priemerom 400 mm a d\u013a\u017ekou a\u017e 6 metrov, \u010do \u010falej zvy\u0161uje na\u0161e v\u00fdrobn\u00e9 mo\u017enosti.<\/p>\n<p>Prev\u00e1dzkujeme plne automatick\u00fa linku na nan\u00e1\u0161anie farieb na vodnej b\u00e1ze, ktor\u00e1 je \u0161peci\u00e1lne navrhnut\u00e1 pre mal\u00e9 a stredn\u00e9 valce a je vybaven\u00e1 automatizovan\u00fdmi robotmi na nakladanie, vykladanie a striekanie. Tento modern\u00fd syst\u00e9m sa m\u00f4\u017ee pochv\u00e1li\u0165 v\u00fdrobnou kapacitou 4 000 kusov za smenu. Okrem toho m\u00e1me poloautomatick\u00fa lakovaciu linku pre ve\u013ek\u00e9 valce, poh\u00e1\u0148an\u00fa re\u0165azov\u00fdm pohonom, s projektovanou kapacitou 60 prepraviek za smenu.<\/p>\n<h2><img loading=\"lazy\" decoding=\"async\" class=\"alignnone size-full wp-image-16973\" src=\"https:\/\/www.hydraulic-cylinders.net\/wp-content\/uploads\/2025\/01\/hydraulic-cylinder-factory-2-scaled.webp\" alt=\"\" width=\"2011\" height=\"2560\" srcset=\"https:\/\/www.hydraulic-cylinders.net\/wp-content\/uploads\/2025\/01\/hydraulic-cylinder-factory-2-scaled.webp 2011w, https:\/\/www.hydraulic-cylinders.net\/wp-content\/uploads\/2025\/01\/hydraulic-cylinder-factory-2-1280x1629.webp 1280w, https:\/\/www.hydraulic-cylinders.net\/wp-content\/uploads\/2025\/01\/hydraulic-cylinder-factory-2-980x1248.webp 980w, https:\/\/www.hydraulic-cylinders.net\/wp-content\/uploads\/2025\/01\/hydraulic-cylinder-factory-2-480x611.webp 480w\" sizes=\"(min-width: 0px) and (max-width: 480px) 480px, (min-width: 481px) and (max-width: 980px) 980px, (min-width: 981px) and (max-width: 1280px) 1280px, (min-width: 1281px) 2011px, 100vw\" \/><\/h2>\n<p>Aby sme zv\u00fd\u0161ili v\u00fdkonnos\u0165 produktov a upevnili si na\u0161e ved\u00face postavenie v odvetv\u00ed hydraulick\u00fdch valcov, spojili sme sa so spolo\u010dnos\u0165ou ZJIMEE s cie\u013eom vybudova\u0165 komplexn\u00e9 v\u00fdkonnostn\u00e9 laborat\u00f3rium zameran\u00e9 na hydraulick\u00e9 valce, ventily a \u010derpadl\u00e1. Toto pokro\u010dil\u00e9 laborat\u00f3rium vyu\u017e\u00edva po\u010d\u00edta\u010dom podporovan\u00e9 testovanie s elektrohydraulickou technol\u00f3giou, \u010do umo\u017e\u0148uje prednastaven\u00e9 testovacie podmienky, ktor\u00e9 zlep\u0161uj\u00fa presnos\u0165 a v\u0161estrannos\u0165 syst\u00e9mu. Automatizovan\u00fd proces zberu \u00fadajov vyu\u017e\u00edva senzory na zhroma\u017e\u010fovanie v\u00fdstupn\u00fdch \u00fadajov, ako s\u00fa vn\u00fatorn\u00e9 netesnosti a \u00fa\u010dinnos\u0165 za\u0165a\u017eenia, ktor\u00e9 potom spracov\u00e1va po\u010d\u00edta\u010d a prev\u00e1dza na \u0161tandardn\u00e9 jednotky (ml\/min%).<\/p>\n<p>Hydraulick\u00e9 valce s \u010dapov\u00fdm hriade\u013eom pre p\u00e1sov\u00e9 \u017eeriavy s\u00fa d\u00f4kazom n\u00e1\u0161ho z\u00e1v\u00e4zku ku kvalite a v\u00fdkonu. S\u00fa navrhnut\u00e9 ako vysokov\u00fdkonn\u00e9 hydraulick\u00e9 valce pre oper\u00e1cie s p\u00e1sov\u00fdmi \u017eeriavmi, najm\u00e4 pre modely od spolo\u010dnost\u00ed Liebherr, Manitowoc a Kobelco. Na\u0161e produkty si z\u00edskali d\u00f4veru v\u00fdznamn\u00fdch v\u00fdrobcov zariaden\u00ed na celom svete a spolo\u010dnos\u0165 Ever-Power Huachang Hydraulic je uzn\u00e1van\u00e1 ako l\u00edder vo v\u00fdrobe hydraulick\u00fdch valcov.<\/p>\n<\/section>","protected":false},"excerpt":{"rendered":"<p>Power Pin Hydraulic Cylinders for Crawler Crane The Pin Shaft Hydraulic Cylinders for Crawler Crane, proudly crafted by Ever-Power Huachang Hydraulic, represent a pinnacle of engineering excellence as a robust pin shaft cylinder designed specifically for the rigorous demands of heavy lifting in crawler crane operations. Compatible with leading models , this hydraulic cylinder with [&hellip;]<\/p>","protected":false},"featured_media":20159,"comment_status":"open","ping_status":"closed","template":"","meta":{"_et_pb_use_builder":"","_et_pb_old_content":"","_et_gb_content_width":""},"product_brand":[],"product_cat":[1514],"product_tag":[],"class_list":{"0":"post-20144","1":"product","2":"type-product","3":"status-publish","4":"has-post-thumbnail","6":"product_cat-mobile-crane-hydraulic-cylinders","8":"first","9":"instock","10":"shipping-taxable","11":"product-type-simple"},"amp_enabled":true,"_links":{"self":[{"href":"https:\/\/www.hydraulic-cylinders.net\/sk\/wp-json\/wp\/v2\/product\/20144","targetHints":{"allow":["GET"]}}],"collection":[{"href":"https:\/\/www.hydraulic-cylinders.net\/sk\/wp-json\/wp\/v2\/product"}],"about":[{"href":"https:\/\/www.hydraulic-cylinders.net\/sk\/wp-json\/wp\/v2\/types\/product"}],"replies":[{"embeddable":true,"href":"https:\/\/www.hydraulic-cylinders.net\/sk\/wp-json\/wp\/v2\/comments?post=20144"}],"wp:featuredmedia":[{"embeddable":true,"href":"https:\/\/www.hydraulic-cylinders.net\/sk\/wp-json\/wp\/v2\/media\/20159"}],"wp:attachment":[{"href":"https:\/\/www.hydraulic-cylinders.net\/sk\/wp-json\/wp\/v2\/media?parent=20144"}],"wp:term":[{"taxonomy":"product_brand","embeddable":true,"href":"https:\/\/www.hydraulic-cylinders.net\/sk\/wp-json\/wp\/v2\/product_brand?post=20144"},{"taxonomy":"product_cat","embeddable":true,"href":"https:\/\/www.hydraulic-cylinders.net\/sk\/wp-json\/wp\/v2\/product_cat?post=20144"},{"taxonomy":"product_tag","embeddable":true,"href":"https:\/\/www.hydraulic-cylinders.net\/sk\/wp-json\/wp\/v2\/product_tag?post=20144"}],"curies":[{"name":"pracovn\u00fd list","href":"https:\/\/api.w.org\/{rel}","templated":true}]}}