{"id":20148,"date":"2025-05-11T15:14:28","date_gmt":"2025-05-11T15:14:28","guid":{"rendered":"https:\/\/www.hydraulic-cylinders.net\/?post_type=product&#038;p=20148"},"modified":"2025-05-11T15:20:33","modified_gmt":"2025-05-11T15:20:33","slug":"lift-hydraulic-cylinders-for-crawler-crane","status":"publish","type":"product","link":"https:\/\/www.hydraulic-cylinders.net\/sk\/produkt\/lift-hydraulic-cylinders-for-crawler-crane\/","title":{"rendered":"Zdv\u00edhacie hydraulick\u00e9 valce pre p\u00e1sov\u00fd \u017eeriav"},"content":{"rendered":"<h1 style=\"text-align: center;\"><strong>Zdv\u00edhacie hydraulick\u00e9 valce pre p\u00e1sov\u00fd \u017eeriav<\/strong><\/h1>\n<p><img loading=\"lazy\" decoding=\"async\" class=\"wp-image-20151 aligncenter\" src=\"https:\/\/www.hydraulic-cylinders.net\/wp-content\/uploads\/2025\/05\/lift-hydraulic-cylinders-for-crawler-crane.webp\" alt=\"\" width=\"500\" height=\"500\" srcset=\"https:\/\/www.hydraulic-cylinders.net\/wp-content\/uploads\/2025\/05\/lift-hydraulic-cylinders-for-crawler-crane.webp 500w, https:\/\/www.hydraulic-cylinders.net\/wp-content\/uploads\/2025\/05\/lift-hydraulic-cylinders-for-crawler-crane-480x480.webp 480w\" sizes=\"(min-width: 0px) and (max-width: 480px) 480px, (min-width: 481px) 500px, 100vw\" \/><\/p>\n<section id=\"introduction\">Zdv\u00edhacie hydraulick\u00e9 valce pre p\u00e1sov\u00fd \u017eeriav, starostlivo navrhnut\u00e9 spolo\u010dnos\u0165ou Ever-Power Huachang Hydraulic, s\u00fa skon\u0161truovan\u00e9 tak, aby poskytovali v\u00fdnimo\u010dn\u00fa zdv\u00edhaciu silu a presnos\u0165 pri prev\u00e1dzke p\u00e1sov\u00e9ho \u017eeriavu a s\u00fa kompatibiln\u00e9 s modelmi ako Liebherr LR 1300, Manitowoc 14000 a Kobelco CKE2500. Tento hydraulick\u00fd valec pre v\u00fdlo\u017en\u00edk p\u00e1sov\u00e9ho \u017eeriavu zais\u0165uje plynul\u00e9 a kontrolovan\u00e9 zdv\u00edhanie \u0165a\u017ek\u00fdch bremien, v\u010faka \u010domu je ide\u00e1lnym zdv\u00edhac\u00edm valcom pre p\u00e1sov\u00fd \u017eeriav na zdv\u00edhanie \u0165a\u017ek\u00fdch bremien v n\u00e1ro\u010dn\u00fdch prostrediach, ako s\u00fa stavenisk\u00e1, bansk\u00e9 prev\u00e1dzky a priemyseln\u00e9 projekty. Tento odoln\u00fd hydraulick\u00fd valec, vyroben\u00fd z vysokopevnostnej legovanej ocele a s antikor\u00f3znym povlakom, odol\u00e1va n\u00e1ro\u010dn\u00fdm podmienkam, ako s\u00fa pra\u0161n\u00e9 ter\u00e9ny alebo vlhk\u00e9 pobre\u017en\u00e9 oblasti, a z\u00e1rove\u0148 si zachov\u00e1va spo\u013eahliv\u00fd v\u00fdkon. S maxim\u00e1lnym pracovn\u00fdm tlakom 350 barov, prisp\u00f4sobite\u013en\u00fdmi ve\u013ekos\u0165ami otvorov (180 mm a\u017e 300 mm) a d\u013a\u017ekami zdvihu (1 000 mm a\u017e 4 000 mm) sp\u013a\u0148a valec p\u00e1sov\u00e9ho \u017eeriavu pre presn\u00e9 zdv\u00edhanie r\u00f4zne prev\u00e1dzkov\u00e9 po\u017eiadavky a zais\u0165uje bezpe\u010dnos\u0165 a efektivitu. Tento zdv\u00edhac\u00ed hydraulick\u00fd valec, podlo\u017een\u00fd na\u0161imi pokro\u010dil\u00fdmi v\u00fdrobn\u00fdmi a pr\u00edsnymi testovac\u00edmi \u0161tandardmi, zaru\u010duje odolnos\u0165 a minim\u00e1lne prestoje.<\/section>\n<section id=\"specifications\">\n<h2><strong>Technick\u00e9 \u0161pecifik\u00e1cie:<\/strong><\/h2>\n<p><strong>Funkcia:<\/strong> Ovl\u00e1dajte pohyb hlavn\u00e9ho ramena<br \/>\n<strong>Priemer valca:<\/strong> 280 mm - 400 mm<br \/>\n<strong>Priemer ty\u010de:<\/strong> 160 mm<br \/>\n<strong>Cestovanie:<\/strong> 1800 mm \u2013 3000 mm<br \/>\n<strong>Maxim\u00e1lny tlak:<\/strong> 31,5 MPa<br \/>\n<strong>Maxim\u00e1lny \u0165ah:<\/strong> 3958KN<\/p>\n<\/section>\n<section id=\"features\">\n<h2><strong>K\u013e\u00fa\u010dov\u00e9 vlastnosti zdv\u00edhac\u00edch hydraulick\u00fdch valcov pre p\u00e1sov\u00fd \u017eeriav:<\/strong><\/h2>\n<ul>\n<li><strong>V\u00fdkonn\u00e1 zdv\u00edhacia kapacita:<\/strong>\u00a0Zdv\u00edhacie hydraulick\u00e9 valce pre p\u00e1sov\u00fd \u017eeriav sa vyzna\u010duj\u00fa robustnou kon\u0161trukciou zdv\u00edhacieho hydraulick\u00e9ho valca, ktor\u00fd unesie \u0165a\u017ek\u00e9 bremen\u00e1, v\u010faka \u010domu s\u00fa spo\u013eahliv\u00fdm zdv\u00edhac\u00edm valcom p\u00e1sov\u00e9ho \u017eeriavu na zdv\u00edhanie \u0165a\u017ek\u00fdch bremien v n\u00e1ro\u010dn\u00fdch prev\u00e1dzkach.<\/li>\n<li><strong>Odoln\u00e1 kon\u0161trukcia:<\/strong>\u00a0Tento odoln\u00fd hydraulick\u00fd valec je vyroben\u00fd z vysokopevnostnej legovanej ocele a m\u00e1 antikor\u00f3zny povlak, v\u010faka \u010domu zais\u0165uje dlhotrvaj\u00faci v\u00fdkon v n\u00e1ro\u010dn\u00fdch podmienkach pre aplik\u00e1cie p\u00e1sov\u00fdch \u017eeriavov.<\/li>\n<li><strong>Presn\u00e9 riadenie z\u00e1\u0165a\u017ee:<\/strong>\u00a0Hydraulick\u00fd valec pre v\u00fdlo\u017en\u00edk p\u00e1sov\u00e9ho \u017eeriavu poskytuje presn\u00e9 ovl\u00e1danie zdv\u00edhania, \u010d\u00edm zvy\u0161uje bezpe\u010dnos\u0165 a \u00fa\u010dinnos\u0165 ako valec p\u00e1sov\u00e9ho \u017eeriavu na presn\u00e9 zdv\u00edhanie v priemyseln\u00fdch \u00faloh\u00e1ch.<\/li>\n<li><strong>N\u00edzko\u00fadr\u017ebov\u00fd dizajn:<\/strong>\u00a0Tento vysokov\u00fdkonn\u00fd zdv\u00edhac\u00ed hydraulick\u00fd valec je vybaven\u00fd pokro\u010dilou technol\u00f3giou tesnenia a minimalizuje opotrebenie, \u010d\u00edm sa zni\u017euj\u00fa n\u00e1klady na \u00fadr\u017ebu a prestoje pri prev\u00e1dzke p\u00e1sov\u00e9ho \u017eeriavu.<\/li>\n<\/ul>\n<\/section>\n<section id=\"applications\">\n<h2><strong>Pou\u017eitie zdv\u00edhac\u00edch hydraulick\u00fdch valcov pre p\u00e1sov\u00fd \u017eeriav:<img loading=\"lazy\" decoding=\"async\" class=\"size-full wp-image-20169 aligncenter\" src=\"https:\/\/www.hydraulic-cylinders.net\/wp-content\/uploads\/2025\/05\/support-hydraulic-cylinder-for-crawler-crane-application.webp\" alt=\"\" width=\"1631\" height=\"931\" srcset=\"https:\/\/www.hydraulic-cylinders.net\/wp-content\/uploads\/2025\/05\/support-hydraulic-cylinder-for-crawler-crane-application.webp 1631w, https:\/\/www.hydraulic-cylinders.net\/wp-content\/uploads\/2025\/05\/support-hydraulic-cylinder-for-crawler-crane-application-1280x731.webp 1280w, https:\/\/www.hydraulic-cylinders.net\/wp-content\/uploads\/2025\/05\/support-hydraulic-cylinder-for-crawler-crane-application-980x559.webp 980w, https:\/\/www.hydraulic-cylinders.net\/wp-content\/uploads\/2025\/05\/support-hydraulic-cylinder-for-crawler-crane-application-480x274.webp 480w\" sizes=\"(min-width: 0px) and (max-width: 480px) 480px, (min-width: 481px) and (max-width: 980px) 980px, (min-width: 981px) and (max-width: 1280px) 1280px, (min-width: 1281px) 1631px, 100vw\" \/><\/strong><\/h2>\n<ul>\n<li><strong>Stavebn\u00e9 projekty:<\/strong>\u00a0Zdv\u00edhac\u00ed hydraulick\u00fd valec zais\u0165uje presn\u00e9 zdv\u00edhanie \u0165a\u017ek\u00fdch materi\u00e1lov, ako s\u00fa oce\u013eov\u00e9 nosn\u00edky a bet\u00f3nov\u00e9 dosky v stavebn\u00edctve, a je podporen\u00fd zdv\u00edhac\u00edm valcom p\u00e1sov\u00e9ho \u017eeriavu pre \u0165a\u017ek\u00e9 zdv\u00edhanie.<\/li>\n<li><strong>\u0164a\u017eobn\u00e9 oper\u00e1cie:<\/strong>\u00a0Tento hydraulick\u00fd valec pre p\u00e1sov\u00fd \u017eeriav, ur\u010den\u00fd na ban\u00edctvo, si zachov\u00e1va presnos\u0165 pri zdv\u00edhan\u00ed \u0165a\u017ek\u00fdch bremien, ako je ruda, a je vylep\u0161en\u00fd valcom p\u00e1sov\u00e9ho \u017eeriavu pre presn\u00e9 zdv\u00edhanie.<\/li>\n<li><strong>Priemyseln\u00e9 zdv\u00edhanie \u0165a\u017ek\u00fdch bremien:<\/strong>\u00a0Hydraulick\u00fd valec pre vysok\u00e9 za\u0165a\u017eenie je ide\u00e1lny pre priemyseln\u00e9 prostredie a zais\u0165uje spo\u013eahliv\u00e9 zdv\u00edhanie bremena v tov\u00e1r\u0148ach a rozsiahlych projektoch vy\u017eaduj\u00facich obsluhu p\u00e1sov\u00e9ho \u017eeriavu.<\/li>\n<\/ul>\n<\/section>\n<section id=\"explore-more\">\n<h2><strong>Presk\u00famajte \u010fal\u0161ie valce p\u00e1sov\u00fdch \u017eeriavov:<\/strong><\/h2>\n<p>Pon\u00fakame tie\u017e \u0161irok\u00fa \u0161k\u00e1lu \u010fal\u0161\u00edch valcov pre p\u00e1sov\u00e9 \u017eeriavy, ktor\u00e9 sp\u013a\u0148aj\u00fa r\u00f4zne potreby zdv\u00edhania. \u010ci u\u017e potrebujete hydraulick\u00fd valec pre v\u00fdlo\u017en\u00edk p\u00e1sov\u00e9ho \u017eeriavu alebo n\u00e1ro\u010dn\u00e9 rie\u0161enie pre presn\u00e9 zdv\u00edhanie, Ever-Power Huachang Hydraulic m\u00e1 rie\u0161enie. Pozrite si na\u0161u kompletn\u00fa ponuku. <a href=\"https:\/\/www.hydraulic-cylinders.net\/sk\/mobile-crane-hydraulic-cylinders\/\">valce p\u00e1sov\u00fdch \u017eeriavov<\/a>.<\/p>\n<h2 dir=\"auto\"><strong>Ako zdv\u00edhacie hydraulick\u00e9 valce pre p\u00e1sov\u00fd \u017eeriav zlep\u0161uj\u00fa \u00fa\u010dinnos\u0165 zdv\u00edhania?<\/strong><\/h2>\n<p dir=\"auto\">Zdv\u00edhacie hydraulick\u00e9 valce pre p\u00e1sov\u00fd \u017eeriav zlep\u0161uj\u00fa \u00fa\u010dinnos\u0165 zdv\u00edhania v\u010faka kombin\u00e1cii pokro\u010dil\u00fdch kon\u0161truk\u010dn\u00fdch prvkov a robustnej kon\u0161trukcie prisp\u00f4sobenej pre vysokov\u00fdkonn\u00e9 zdv\u00edhacie oper\u00e1cie. Tieto zdv\u00edhacie hydraulick\u00e9 valce s\u00fa skon\u0161truovan\u00e9 tak, aby poskytovali presn\u00e9 a siln\u00e9 zdvihnutie, \u010do umo\u017e\u0148uje hydraulick\u00e9mu valcu pre v\u00fdlo\u017en\u00edk p\u00e1sov\u00e9ho \u017eeriavu manipulova\u0165 s \u0165a\u017ek\u00fdmi bremenami \u2013 ako s\u00fa oce\u013eov\u00e9 nosn\u00edky, bet\u00f3nov\u00e9 dosky alebo \u0165a\u017eobn\u00e1 ruda \u2013 s minim\u00e1lnou stratou energie, \u010do je rozhoduj\u00face pre zv\u00fd\u0161enie produktivity v stavebn\u00edctve, ban\u00edctve a priemyselnom prostred\u00ed.<\/p>\n<p dir=\"auto\">Zdv\u00edhac\u00ed valec p\u00e1sov\u00e9ho \u017eeriavu na \u0165a\u017ek\u00e9 zdv\u00edhanie obsahuje kon\u0161trukciu z vysokopevnostnej legovanej ocele s antikor\u00f3znym povlakom, ktor\u00fd zais\u0165uje odolnos\u0165 a konzistentn\u00fd v\u00fdkon aj v n\u00e1ro\u010dn\u00fdch prostrediach, ako s\u00fa pra\u0161n\u00e9 ter\u00e9ny alebo vlhk\u00e9 pobre\u017en\u00e9 oblasti, \u010d\u00edm sa skracuj\u00fa prestoje sp\u00f4soben\u00e9 \u00fadr\u017ebou alebo opotrebovan\u00edm. S maxim\u00e1lnym pracovn\u00fdm tlakom 350 barov a mo\u017enos\u0165ami prisp\u00f4sobenia vr\u00e1tane ve\u013ekost\u00ed otvorov (180 mm a\u017e 300 mm) a d\u013a\u017eok zdvihu (1 000 mm a\u017e 4 000 mm) sa tento vysokov\u00fdkonn\u00fd hydraulick\u00fd valec prisp\u00f4sobuje \u0161pecifick\u00fdm po\u017eiadavk\u00e1m na zdv\u00edhanie, optimalizuje aplik\u00e1ciu sily a skracuje \u010dasy cyklov valca p\u00e1sov\u00e9ho \u017eeriavu pre presn\u00e9 zdv\u00edhanie. Integr\u00e1cia pokro\u010dilej technol\u00f3gie tesnenia minimalizuje vn\u00fatorn\u00e9 \u00faniky a trenie, \u010d\u00edm sa \u010falej zvy\u0161uje \u00fa\u010dinnos\u0165 zachovan\u00edm integrity hydraulickej kvapaliny a plynul\u00e9ho chodu v r\u00f4znych podmienkach.<\/p>\n<p dir=\"auto\">Tieto valce, kompatibiln\u00e9 s modelmi ako Liebherr LR 1300, Manitowoc 14000 a Kobelco CKE2500, s\u00fa pr\u00edsne testovan\u00e9 v laborat\u00f3riu spolo\u010dnosti Ever-Power Huachang Hydraulic na \u00fa\u010dinnos\u0165 za\u0165a\u017eenia a vn\u00fatorn\u00e9 netesnosti, \u010do zabezpe\u010duje \u0161pi\u010dkov\u00fd prev\u00e1dzkov\u00fd v\u00fdkon. Okrem toho presn\u00e9 ovl\u00e1danie zdv\u00edhacieho hydraulick\u00e9ho valca pre vysok\u00e9 za\u0165a\u017eenie zni\u017euje nadmern\u00e9 natiahnutie alebo k\u00fdvanie bremena, \u010do umo\u017e\u0148uje obsluhe vykon\u00e1va\u0165 zdv\u00edhanie r\u00fdchlej\u0161ie a bezpe\u010dnej\u0161ie, zatia\u013e \u010do jeho nen\u00e1ro\u010dn\u00e1 kon\u0161trukcia \u2013 podporen\u00e1 odoln\u00fdmi materi\u00e1lmi a tesneniami \u2013 zais\u0165uje dlh\u0161iu \u017eivotnos\u0165 a nepreru\u0161ovan\u00fd pracovn\u00fd postup. T\u00e1to synergia pevnosti, presnosti a spo\u013eahlivosti rob\u00ed z zdv\u00edhac\u00edch hydraulick\u00fdch valcov pre p\u00e1sov\u00e9 \u017eeriavy vynikaj\u00facu vo\u013ebu pre maximaliz\u00e1ciu \u00fa\u010dinnosti zdv\u00edhania v n\u00e1ro\u010dn\u00fdch aplik\u00e1ci\u00e1ch.<\/p>\n<\/section>\n<section id=\"company-introduction\">\n<h2><strong>O spolo\u010dnosti Ever-Power Huachang Hydraulic:<\/strong><\/h2>\n<h2><img loading=\"lazy\" decoding=\"async\" class=\"alignnone size-full wp-image-16972\" src=\"https:\/\/www.hydraulic-cylinders.net\/wp-content\/uploads\/2025\/01\/hydraulic-cylinder-factory-1-scaled.webp\" alt=\"\" width=\"2016\" height=\"2560\" srcset=\"https:\/\/www.hydraulic-cylinders.net\/wp-content\/uploads\/2025\/01\/hydraulic-cylinder-factory-1-scaled.webp 2016w, https:\/\/www.hydraulic-cylinders.net\/wp-content\/uploads\/2025\/01\/hydraulic-cylinder-factory-1-1280x1625.webp 1280w, https:\/\/www.hydraulic-cylinders.net\/wp-content\/uploads\/2025\/01\/hydraulic-cylinder-factory-1-980x1244.webp 980w, https:\/\/www.hydraulic-cylinders.net\/wp-content\/uploads\/2025\/01\/hydraulic-cylinder-factory-1-480x610.webp 480w\" sizes=\"(min-width: 0px) and (max-width: 480px) 480px, (min-width: 481px) and (max-width: 980px) 980px, (min-width: 981px) and (max-width: 1280px) 1280px, (min-width: 1281px) 2016px, 100vw\" \/><\/h2>\n<p>P\u00fd\u0161ime sa najmodernej\u0161ou nez\u00e1vislou platformou v\u00fdskumu a v\u00fdvoja zameranou na mont\u00e1\u017e, ktor\u00e1 zabezpe\u010duje \u0161pi\u010dkov\u00e9 inov\u00e1cie a kvalitu v na\u0161ich v\u00fdrobn\u00fdch procesoch. Na\u0161a diel\u0148a na v\u00fdrobu valcov pre vysokozdvi\u017en\u00e9 voz\u00edky disponuje \u0161tyrmi poloautomatick\u00fdmi mont\u00e1\u017enymi linkami na zdv\u00edhanie valcov a plne automatickou mont\u00e1\u017enou linkou nakl\u00e1pac\u00edch valcov, ktor\u00e9 s\u00fa spolu navrhnut\u00e9 tak, aby ro\u010dne vyrobili a\u017e jeden mili\u00f3n kusov.<\/p>\n<p>Na\u0161a \u0161pecializovan\u00e1 diel\u0148a na v\u00fdrobu valcov je navy\u0161e vybaven\u00e1 poloautomatick\u00fdmi \u010distiacimi a mont\u00e1\u017enymi syst\u00e9mami prisp\u00f4soben\u00fdmi r\u00f4znym \u0161pecifik\u00e1ci\u00e1m s ro\u010dnou v\u00fdrobnou kapacitou 200 000 kusov. Na vysoko presn\u00e9 spracovanie hydraulick\u00fdch valcov vyu\u017e\u00edvame renomovan\u00e9 CNC zariadenia, obr\u00e1bacie centr\u00e1 a \u0161pecializovan\u00e9 n\u00e1stroje. Na\u0161e zariadenie zah\u0155\u0148a aj pokro\u010dil\u00e9 robotick\u00e9 zv\u00e1racie stroje, automatick\u00e9 \u010distiace syst\u00e9my a plne automatizovan\u00e9 linky na mont\u00e1\u017e a lakovanie valcov. S viac ako 300 k\u013e\u00fa\u010dov\u00fdmi zariadeniami v prev\u00e1dzke optimalizujeme alok\u00e1ciu zdrojov a zabezpe\u010dujeme efekt\u00edvne vyu\u017eitie, pri\u010dom sp\u013a\u0148ame pr\u00edsne \u0161tandardy presnosti a kvality.<\/p>\n<p>Na\u0161a obr\u00e1bacia diel\u0148a m\u00e1 z\u00e1kazkov\u00e9 s\u00fastru\u017en\u00edcke centr\u00e1 s nakl\u00e1pac\u00edmi vodiacimi ko\u013eajnicami, obr\u00e1bacie centr\u00e1, vysokor\u00fdchlostn\u00e9 honovacie stroje, zv\u00e1racie roboty a \u010fal\u0161ie potrebn\u00e9 vybavenie. Toto nastavenie n\u00e1m umo\u017e\u0148uje obr\u00e1ba\u0165 valcov\u00e9 r\u00fary s maxim\u00e1lnym vn\u00fatorn\u00fdm priemerom 400 mm a d\u013a\u017ekou a\u017e 6 metrov, \u010do \u010falej zvy\u0161uje na\u0161e v\u00fdrobn\u00e9 mo\u017enosti.<\/p>\n<p>Prev\u00e1dzkujeme plne automatick\u00fa linku na nan\u00e1\u0161anie farieb na vodnej b\u00e1ze, ktor\u00e1 je \u0161peci\u00e1lne navrhnut\u00e1 pre mal\u00e9 a stredn\u00e9 valce a je vybaven\u00e1 automatizovan\u00fdmi robotmi na nakladanie, vykladanie a striekanie. Tento modern\u00fd syst\u00e9m sa m\u00f4\u017ee pochv\u00e1li\u0165 v\u00fdrobnou kapacitou 4 000 kusov za smenu. Okrem toho m\u00e1me poloautomatick\u00fa lakovaciu linku pre ve\u013ek\u00e9 valce, poh\u00e1\u0148an\u00fa re\u0165azov\u00fdm pohonom, s projektovanou kapacitou 60 prepraviek za smenu.<\/p>\n<h2><img loading=\"lazy\" decoding=\"async\" class=\"alignnone size-full wp-image-16973\" src=\"https:\/\/www.hydraulic-cylinders.net\/wp-content\/uploads\/2025\/01\/hydraulic-cylinder-factory-2-scaled.webp\" alt=\"\" width=\"2011\" height=\"2560\" srcset=\"https:\/\/www.hydraulic-cylinders.net\/wp-content\/uploads\/2025\/01\/hydraulic-cylinder-factory-2-scaled.webp 2011w, https:\/\/www.hydraulic-cylinders.net\/wp-content\/uploads\/2025\/01\/hydraulic-cylinder-factory-2-1280x1629.webp 1280w, https:\/\/www.hydraulic-cylinders.net\/wp-content\/uploads\/2025\/01\/hydraulic-cylinder-factory-2-980x1248.webp 980w, https:\/\/www.hydraulic-cylinders.net\/wp-content\/uploads\/2025\/01\/hydraulic-cylinder-factory-2-480x611.webp 480w\" sizes=\"(min-width: 0px) and (max-width: 480px) 480px, (min-width: 481px) and (max-width: 980px) 980px, (min-width: 981px) and (max-width: 1280px) 1280px, (min-width: 1281px) 2011px, 100vw\" \/><\/h2>\n<p>Aby sme zv\u00fd\u0161ili v\u00fdkonnos\u0165 produktov a upevnili si na\u0161e ved\u00face postavenie v odvetv\u00ed hydraulick\u00fdch valcov, spojili sme sa so spolo\u010dnos\u0165ou ZJIMEE s cie\u013eom vybudova\u0165 komplexn\u00e9 v\u00fdkonnostn\u00e9 laborat\u00f3rium zameran\u00e9 na hydraulick\u00e9 valce, ventily a \u010derpadl\u00e1. Toto pokro\u010dil\u00e9 laborat\u00f3rium vyu\u017e\u00edva po\u010d\u00edta\u010dom podporovan\u00e9 testovanie s elektrohydraulickou technol\u00f3giou, \u010do umo\u017e\u0148uje prednastaven\u00e9 testovacie podmienky, ktor\u00e9 zlep\u0161uj\u00fa presnos\u0165 a v\u0161estrannos\u0165 syst\u00e9mu. Automatizovan\u00fd proces zberu \u00fadajov vyu\u017e\u00edva senzory na zhroma\u017e\u010fovanie v\u00fdstupn\u00fdch \u00fadajov, ako s\u00fa vn\u00fatorn\u00e9 netesnosti a \u00fa\u010dinnos\u0165 za\u0165a\u017eenia, ktor\u00e9 potom spracov\u00e1va po\u010d\u00edta\u010d a prev\u00e1dza na \u0161tandardn\u00e9 jednotky (ml\/min%).<\/p>\n<p>Okrem toho, aby sme zaistili bezpe\u010dnos\u0165 na\u0161ich hydraulick\u00fdch syst\u00e9mov, implementujeme monitorovanie stavu k\u013e\u00fa\u010dov\u00fdch v\u00fdkonnostn\u00fdch parametrov vr\u00e1tane teploty oleja, hladiny kvapaliny a stavu filtra\u010dn\u00e9ho zariadenia. N\u00e1\u0161 testovac\u00ed stojan pre hydraulick\u00e9 valce dok\u00e1\u017ee pos\u00fadi\u0165 \u201e\u00fa\u010dinnos\u0165 za\u0165a\u017eenia\u201c a \u201evn\u00fatorn\u00fa netesnos\u0165\u201c prostredn\u00edctvom presn\u00fdch \u00fadajov. Je tie\u017e vybaven\u00fd merac\u00edm pr\u00edstrojom s mrie\u017ekov\u00fdm prav\u00edtkom, ktor\u00fd sp\u013a\u0148a n\u00e1rodn\u00e9 normy a zabezpe\u010duje s\u00falad so v\u0161etk\u00fdmi testovac\u00edmi po\u017eiadavkami pre hydraulick\u00e9 valce.<\/p>\n<p>Zdv\u00edhacie hydraulick\u00e9 valce pre p\u00e1sov\u00e9 \u017eeriavy s\u00fa d\u00f4kazom n\u00e1\u0161ho z\u00e1v\u00e4zku ku kvalite a v\u00fdkonu. S\u00fa navrhnut\u00e9 ako vysokov\u00fdkonn\u00e9 hydraulick\u00e9 valce na zdv\u00edhanie v\u00fdlo\u017en\u00edka p\u00e1sov\u00fdch \u017eeriavov, najm\u00e4 pre modely od spolo\u010dnost\u00ed Liebherr, Manitowoc a Kobelco. Na\u0161e produkty si z\u00edskali d\u00f4veru v\u00fdznamn\u00fdch v\u00fdrobcov zariaden\u00ed na celom svete a spolo\u010dnos\u0165 Ever-Power Huachang Hydraulic je uzn\u00e1van\u00e1 ako l\u00edder vo v\u00fdrobe hydraulick\u00fdch valcov.<\/p>\n<\/section>","protected":false},"excerpt":{"rendered":"<p>Lift Hydraulic Cylinders for Crawler Crane The Lift Hydraulic Cylinders for Crawler Crane, meticulously designed by Ever-Power Huachang Hydraulic, are engineered to deliver exceptional lifting power and precision for crawler crane operations, compatible with models like Liebherr LR 1300, Manitowoc 14000, and Kobelco CKE2500. This hydraulic cylinder for crawler crane boom ensures seamless and controlled [&hellip;]<\/p>","protected":false},"featured_media":20158,"comment_status":"open","ping_status":"closed","template":"","meta":{"_et_pb_use_builder":"","_et_pb_old_content":"","_et_gb_content_width":""},"product_brand":[],"product_cat":[1514],"product_tag":[],"class_list":{"0":"post-20148","1":"product","2":"type-product","3":"status-publish","4":"has-post-thumbnail","6":"product_cat-mobile-crane-hydraulic-cylinders","8":"first","9":"instock","10":"shipping-taxable","11":"product-type-simple"},"amp_enabled":true,"_links":{"self":[{"href":"https:\/\/www.hydraulic-cylinders.net\/sk\/wp-json\/wp\/v2\/product\/20148","targetHints":{"allow":["GET"]}}],"collection":[{"href":"https:\/\/www.hydraulic-cylinders.net\/sk\/wp-json\/wp\/v2\/product"}],"about":[{"href":"https:\/\/www.hydraulic-cylinders.net\/sk\/wp-json\/wp\/v2\/types\/product"}],"replies":[{"embeddable":true,"href":"https:\/\/www.hydraulic-cylinders.net\/sk\/wp-json\/wp\/v2\/comments?post=20148"}],"wp:featuredmedia":[{"embeddable":true,"href":"https:\/\/www.hydraulic-cylinders.net\/sk\/wp-json\/wp\/v2\/media\/20158"}],"wp:attachment":[{"href":"https:\/\/www.hydraulic-cylinders.net\/sk\/wp-json\/wp\/v2\/media?parent=20148"}],"wp:term":[{"taxonomy":"product_brand","embeddable":true,"href":"https:\/\/www.hydraulic-cylinders.net\/sk\/wp-json\/wp\/v2\/product_brand?post=20148"},{"taxonomy":"product_cat","embeddable":true,"href":"https:\/\/www.hydraulic-cylinders.net\/sk\/wp-json\/wp\/v2\/product_cat?post=20148"},{"taxonomy":"product_tag","embeddable":true,"href":"https:\/\/www.hydraulic-cylinders.net\/sk\/wp-json\/wp\/v2\/product_tag?post=20148"}],"curies":[{"name":"pracovn\u00fd list","href":"https:\/\/api.w.org\/{rel}","templated":true}]}}