{"id":20173,"date":"2025-05-12T02:57:12","date_gmt":"2025-05-12T02:57:12","guid":{"rendered":"https:\/\/www.hydraulic-cylinders.net\/?post_type=product&#038;p=20173"},"modified":"2025-05-12T05:09:56","modified_gmt":"2025-05-12T05:09:56","slug":"luffing-hydraulic-cylinders-for-telescopic-crawler-crane","status":"publish","type":"product","link":"https:\/\/www.hydraulic-cylinders.net\/sk\/produkt\/luffing-hydraulic-cylinders-for-telescopic-crawler-crane\/","title":{"rendered":"Hydraulick\u00e9 valce s v\u00fdkyvn\u00fdm mechanizmom pre teleskopick\u00fd p\u00e1sov\u00fd \u017eeriav"},"content":{"rendered":"<h1 style=\"text-align: center;\"><strong>Hydraulick\u00e9 valce s v\u00fdkyvn\u00fdm mechanizmom pre teleskopick\u00fd p\u00e1sov\u00fd \u017eeriav<\/strong><\/h1>\n<p><img loading=\"lazy\" decoding=\"async\" class=\"wp-image-20174 aligncenter\" src=\"https:\/\/www.hydraulic-cylinders.net\/wp-content\/uploads\/2025\/05\/luffing-hydraulic-cylinder-for-telescopic.webp\" alt=\"Hydraulick\u00fd valec Luffing pre teleskopick\u00fd p\u00e1sov\u00fd \u017eeriav\" width=\"500\" height=\"500\" srcset=\"https:\/\/www.hydraulic-cylinders.net\/wp-content\/uploads\/2025\/05\/luffing-hydraulic-cylinder-for-telescopic.webp 500w, https:\/\/www.hydraulic-cylinders.net\/wp-content\/uploads\/2025\/05\/luffing-hydraulic-cylinder-for-telescopic-480x480.webp 480w\" sizes=\"(min-width: 0px) and (max-width: 480px) 480px, (min-width: 481px) 500px, 100vw\" \/><\/p>\n<section id=\"introduction\">Hydraulick\u00e9 valce s v\u00fdkyvn\u00fdm ramenom pre teleskopick\u00fd p\u00e1sov\u00fd \u017eeriav od spolo\u010dnosti ever-power huachang hydraulic s\u00fa pokro\u010dil\u00e9 hydraulick\u00e9 valce pre teleskopick\u00e9 p\u00e1sov\u00e9 \u017eeriavy, navrhnut\u00e9 na presn\u00e9 ovl\u00e1danie uhla v\u00fdlo\u017en\u00edka. Tento hydraulick\u00fd valec s v\u00fdkyvn\u00fdm ramenom, kompatibiln\u00fd s modelmi, vylep\u0161uje zdv\u00edhacie oper\u00e1cie teleskopick\u00e9ho \u017eeriavu v stavebn\u00edctve, ban\u00edctve a priemyselnom prostred\u00ed. Hydraulick\u00fd valec p\u00e1sov\u00e9ho \u017eeriavu je navrhnut\u00fd pre dlh\u00fa \u017eivotnos\u0165 a pon\u00faka odoln\u00fd hydraulick\u00fd valec, ktor\u00fd \u013eahko zvl\u00e1da n\u00e1ro\u010dn\u00e9 \u00falohy.<\/section>\n<section id=\"specifications\">\n<h2><strong>Technick\u00e9 \u0161pecifik\u00e1cie:<\/strong><\/h2>\n<p><img loading=\"lazy\" decoding=\"async\" class=\"aligncenter wp-image-20176 size-full\" src=\"https:\/\/www.hydraulic-cylinders.net\/wp-content\/uploads\/2025\/05\/telescopic-crawler-crane.webp\" alt=\"Kon\u0161trukcia teleskopick\u00fdch p\u00e1sov\u00fdch \u017eeriavov\" width=\"640\" height=\"358\" srcset=\"https:\/\/www.hydraulic-cylinders.net\/wp-content\/uploads\/2025\/05\/telescopic-crawler-crane.webp 640w, https:\/\/www.hydraulic-cylinders.net\/wp-content\/uploads\/2025\/05\/telescopic-crawler-crane-480x269.webp 480w\" sizes=\"(min-width: 0px) and (max-width: 480px) 480px, (min-width: 481px) 640px, 100vw\" \/><\/p>\n<p><strong>Funkcia:<\/strong> Ovl\u00e1dajte pohyb hlavn\u00e9ho ramena<br \/>\n<strong>Priemer valca:<\/strong> 220 mm \u2013 320 mm<br \/>\n<strong>Priemer ty\u010de:<\/strong> 180 mm \u2013 280 mm<br \/>\n<strong>Cestovanie:<\/strong> 2000 mm \u2013 4000 mm<br \/>\n<strong>Maxim\u00e1lny tlak:<\/strong> 32 MPa<br \/>\n<strong>Maxim\u00e1lny \u0165ah:<\/strong> 2574KN<\/p>\n<\/section>\n<section id=\"features\">\n<h2><strong>K\u013e\u00fa\u010dov\u00e9 vlastnosti hydraulick\u00fdch valcov Luffing pre teleskopick\u00fd p\u00e1sov\u00fd \u017eeriav:<\/strong><\/h2>\n<ul>\n<li><strong>Presn\u00e9 ovl\u00e1danie v\u00fdkyvu:<\/strong> Hydraulick\u00e9 valce s v\u00fdkyvn\u00fdm mechanizmom pre teleskopick\u00e9 p\u00e1sov\u00e9 \u017eeriavy umo\u017e\u0148uj\u00fa presn\u00e9 nastavenie uhla v\u00fdlo\u017en\u00edka, v\u010faka \u010domu je tento teleskopick\u00fd \u017eeriavov\u00fd valec ide\u00e1lny na zdv\u00edhanie v stiesnen\u00fdch priestoroch a zlo\u017eitom ter\u00e9ne.<\/li>\n<li><strong>Robustn\u00e1 kon\u0161trukcia:<\/strong>\u00a0Tento hydraulick\u00fd valec pre teleskopick\u00fd p\u00e1sov\u00fd \u017eeriav, vyroben\u00fd z vysokopevnostnej legovanej ocele a s n\u00e1terom odoln\u00fdm vo\u010di kor\u00f3zii, odol\u00e1va n\u00e1ro\u010dn\u00fdm podmienkam a zais\u0165uje dlhotrvaj\u00faci v\u00fdkon ako vysokov\u00fdkonn\u00fd valec na nakl\u00e1\u0148anie \u017eeriavov.<\/li>\n<li><strong>Prisp\u00f4sobite\u013en\u00fd dizajn:<\/strong>\u00a0V\u010faka nastavite\u013en\u00fdm d\u013a\u017ekam zdvihu a ve\u013ekostiam otvorov sa hydraulick\u00fd valec p\u00e1sov\u00e9ho \u017eeriavu s ovl\u00e1dan\u00edm vykl\u00e1pania prisp\u00f4sobuje r\u00f4znym potreb\u00e1m zdv\u00edhania teleskopick\u00e9ho \u017eeriavu, \u010d\u00edm sa zvy\u0161uje prev\u00e1dzkov\u00e1 flexibilita.<\/li>\n<li><strong>\u00da\u010dinnos\u0165 pri vysokom tlaku:<\/strong>\u00a0Tento v\u00fdkyvn\u00fd hydraulick\u00fd valec, navrhnut\u00fd tak, aby zvl\u00e1dol tlak a\u017e 400 barov, zais\u0165uje spo\u013eahliv\u00fd v\u00fdkon pre n\u00e1ro\u010dn\u00e9 aplik\u00e1cie s hydraulick\u00fdmi valcami a minimalizuje prestoje po\u010das \u017eeriavov\u00fdch oper\u00e1ci\u00ed.<\/li>\n<\/ul>\n<\/section>\n<section id=\"applications\">\n<h2><strong>Pou\u017eitie hydraulick\u00fdch valcov Luffing pre teleskopick\u00fd p\u00e1sov\u00fd \u017eeriav:<\/strong><\/h2>\n<p><img loading=\"lazy\" decoding=\"async\" class=\"alignnone size-full wp-image-20177\" src=\"https:\/\/www.hydraulic-cylinders.net\/wp-content\/uploads\/2025\/05\/luffing-hydraulic-cylinders-for-telescopic-crawler-crane-application.webp\" alt=\"Hydraulick\u00e9 valce s v\u00fdkyvn\u00fdm mechanizmom pre aplik\u00e1cie s teleskopick\u00fdmi p\u00e1sov\u00fdmi \u017eeriavmi\" width=\"1077\" height=\"616\" srcset=\"https:\/\/www.hydraulic-cylinders.net\/wp-content\/uploads\/2025\/05\/luffing-hydraulic-cylinders-for-telescopic-crawler-crane-application.webp 1077w, https:\/\/www.hydraulic-cylinders.net\/wp-content\/uploads\/2025\/05\/luffing-hydraulic-cylinders-for-telescopic-crawler-crane-application-980x561.webp 980w, https:\/\/www.hydraulic-cylinders.net\/wp-content\/uploads\/2025\/05\/luffing-hydraulic-cylinders-for-telescopic-crawler-crane-application-480x275.webp 480w\" sizes=\"(min-width: 0px) and (max-width: 480px) 480px, (min-width: 481px) and (max-width: 980px) 980px, (min-width: 981px) 1077px, 100vw\" \/><\/p>\n<ul>\n<li><strong>V\u00fd\u0161kov\u00e9 stavebn\u00e9 projekty:<\/strong> Hydraulick\u00e9 valce s vykl\u00e1pan\u00edm pre teleskopick\u00e9 p\u00e1sov\u00e9 \u017eeriavy vynikaj\u00fa vo v\u00fd\u0161kov\u00fdch stavb\u00e1ch, ako s\u00fa stavby mrakodrapov a mostov, a pon\u00fakaj\u00fa n\u00e1hradu za valec teleskopick\u00e9ho p\u00e1sov\u00e9ho \u017eeriavu pre presn\u00e9 polohovanie bremena. V\u010faka hydraulick\u00e9mu valcu p\u00e1sov\u00e9ho \u017eeriavu s ovl\u00e1dan\u00edm vykl\u00e1pania zabezpe\u010duje presn\u00e9 nastavenie v\u00fdlo\u017en\u00edka v stiesnen\u00fdch mestsk\u00fdch priestoroch, \u010d\u00edm zvy\u0161uje bezpe\u010dnos\u0165 a produktivitu oper\u00e1torov manipuluj\u00facich s \u0165a\u017ek\u00fdmi materi\u00e1lmi, ako s\u00fa oce\u013eov\u00e9 nosn\u00edky a prefabrikovan\u00e9 bet\u00f3nov\u00e9 panely.<\/li>\n<li><strong>\u0164a\u017eobn\u00e9 oper\u00e1cie v n\u00e1ro\u010dnom ter\u00e9ne:<\/strong>\u00a0Tento hydraulick\u00fd valec pre zdv\u00edhanie teleskopick\u00fdm \u017eeriavom, navrhnut\u00fd pre najn\u00e1ro\u010dnej\u0161ie bansk\u00e9 prostredie, zais\u0165uje stabiln\u00e9 a kontrolovan\u00e9 nastavenie v\u00fdlo\u017en\u00edka pri manipul\u00e1cii s \u0165a\u017ek\u00fdmi bremenami, ako je ruda alebo ve\u013ek\u00e9 zariadenia, v nerovnom ter\u00e9ne. Vysokopevnostn\u00fd valec na zdv\u00edhanie \u017eeriavov odol\u00e1va abraz\u00edvnym podmienkam, ako je prach a vlhkos\u0165, a poskytuje tak spo\u013eahliv\u00e9 rie\u0161enie hydraulick\u00e9ho valca pre p\u00e1sov\u00e9 \u017eeriavy, ktor\u00e9 zvy\u0161uje prev\u00e1dzkov\u00fa efektivitu a minimalizuje prestoje na od\u013eahl\u00fdch bansk\u00fdch miestach.<\/li>\n<li><strong>Priemyseln\u00e9 zdv\u00edhanie v \u0165a\u017ekom priemysle:<\/strong>\u00a0Teleskopick\u00fd \u017eeriavov\u00fd valec je ide\u00e1lny pre priemyseln\u00e9 aplik\u00e1cie, ako je \u00fadr\u017eba elektr\u00e1rn\u00ed a prev\u00e1dzka loden\u00edc. Umo\u017e\u0148uje bezpe\u010dn\u00fa a efekt\u00edvnu manipul\u00e1ciu s nadrozmern\u00fdmi bremenami, ako s\u00fa turb\u00edny alebo prepravn\u00e9 kontajnery. V\u00fdklopn\u00fd hydraulick\u00fd valec pon\u00faka plynul\u00e9 ovl\u00e1danie pri zlo\u017eit\u00fdch zdv\u00edhac\u00edch \u00faloh\u00e1ch, \u010do je podporen\u00e9 odolnou kon\u0161trukciou hydraulick\u00e9ho valca, ktor\u00e1 zais\u0165uje odolnos\u0165 a presnos\u0165 v n\u00e1ro\u010dn\u00fdch podmienkach a zlep\u0161uje pracovn\u00fd postup v n\u00e1ro\u010dn\u00fdch priemyseln\u00fdch prostrediach.<\/li>\n<\/ul>\n<\/section>\n<section id=\"explore-more\">\n<h2><strong>Presk\u00famajte \u010fal\u0161ie valce p\u00e1sov\u00fdch \u017eeriavov:<\/strong><\/h2>\n<p dir=\"auto\">Pon\u00fakame \u0161irok\u00fd v\u00fdber valcov pre p\u00e1sov\u00e9 \u017eeriavy, ktor\u00e9 sp\u013a\u0148aj\u00fa \u0161irok\u00fa \u0161k\u00e1lu po\u017eiadaviek na zdv\u00edhanie. Od hydraulick\u00fdch valcov pre teleskopick\u00e9 zdv\u00edhanie \u017eeriavom a\u017e po vysokov\u00fdkonn\u00e9 v\u00fdkyvn\u00e9 valce pre \u017eeriavy, spolo\u010dnos\u0165 Ever-Power Huachang Hydraulic poskytuje rie\u0161enia na mieru va\u0161im potreb\u00e1m. Presk\u00famajte n\u00e1\u0161 kompletn\u00fd sortiment. <a href=\"https:\/\/www.hydraulic-cylinders.net\/sk\/mobile-crane-hydraulic-cylinders\/\">valce p\u00e1sov\u00fdch \u017eeriavov<\/a> n\u00e1js\u0165 perfektn\u00e9 rie\u0161enie pre va\u0161e \u017eeriavov\u00e9 oper\u00e1cie.<\/p>\n<h2 class=\"header-jfw95c auto-hide-last-sibling-br\"><strong>Ak\u00e9 s\u00fa be\u017en\u00e9 polo\u017eky \u00fadr\u017eby pre hydraulick\u00e9 valce s v\u00fdkyvn\u00fdm mechanizmom pre teleskopick\u00e9 p\u00e1sov\u00e9 \u017eeriavy?<\/strong><\/h2>\n<ul class=\"auto-hide-last-sibling-br\">\n<li><strong>Pravideln\u00e9 kontroly<\/strong>Vizu\u00e1lne skontrolujte hydraulick\u00e9 nakl\u00e1\u0148acie valce, \u010di nevykazuj\u00fa zn\u00e1mky po\u0161kodenia, \u00faniku alebo nadmern\u00e9ho opotrebenia. Skontrolujte olejov\u00e9 tesnenia okolo valca, skontrolujte, \u010di nie s\u00fa po\u0161koden\u00e9, ohnut\u00e9 ty\u010de alebo in\u00e9 vidite\u013en\u00e9 probl\u00e9my. Skontrolujte tie\u017e hydraulick\u00e9 hadice a spoje, \u010di nie s\u00fa opotrebovan\u00e9, prasknut\u00e9 alebo netesn\u00e9.<\/li>\n<li><strong>Kontrola hladiny kvapaliny<\/strong>Pravidelne kontrolujte hladinu hydraulickej kvapaliny v syst\u00e9me, aby ste sa uistili, \u017ee je na spr\u00e1vnej \u00farovni pod\u013ea odpor\u00fa\u010dan\u00ed v\u00fdrobcu. Ak je hladina kvapaliny n\u00edzka, dopl\u0148te pr\u00edslu\u0161n\u00fa hydraulick\u00fa kvapalinu pod\u013ea pokynov.<\/li>\n<li><strong>Kvalita kvapaliny<\/strong>Skontrolujte kvalitu a stav hydraulickej kvapaliny. H\u013eadajte ak\u00e9ko\u013evek zn\u00e1mky kontamin\u00e1cie, ako s\u00fa ne\u010distoty, voda alebo \u00falomky. Ak sa kvapalina jav\u00ed ako zakalen\u00e1 alebo kontaminovan\u00e1, m\u00f4\u017ee by\u0165 potrebn\u00e9 ju vypusti\u0165 a vymeni\u0165.<\/li>\n<li><strong>Mazanie komponentov<\/strong>Nama\u017ete pohybliv\u00e9 komponenty hydraulick\u00e9ho nakl\u00e1\u0148acieho valca pod\u013ea odpor\u00fa\u010dan\u00ed v\u00fdrobcu. M\u00f4\u017ee to zah\u0155\u0148a\u0165 nanesenie maziva na konkr\u00e9tne miesta, ako s\u00fa oto\u010dn\u00e9 k\u013aby alebo konce ty\u010d\u00ed, aby sa zabezpe\u010dil plynul\u00fd chod a zn\u00ed\u017eilo trenie.<\/li>\n<li><strong>Kontrola a v\u00fdmena tesnenia<\/strong>Hydraulick\u00e9 valce na nakl\u00e1\u0148anie pou\u017e\u00edvaj\u00fa tesnenia na zabr\u00e1nenie \u00faniku kvapaliny a udr\u017eanie integrity syst\u00e9mu. Pravidelne kontrolujte tesnenia, \u010di nie s\u00fa opotrebovan\u00e9, po\u0161koden\u00e9 alebo nejavia zn\u00e1mky \u00faniku. Ak s\u00fa niektor\u00e9 tesnenia po\u0161koden\u00e9, mali by sa okam\u017eite vymeni\u0165, aby sa predi\u0161lo \u00faniku kvapaliny a mo\u017en\u00e9mu zlyhaniu valca.<\/li>\n<\/ul>\n<\/section>\n<section id=\"company-introduction\">\n<h2><strong>O spolo\u010dnosti Ever-Power Huachang Hydraulic:<\/strong><\/h2>\n<h2><img loading=\"lazy\" decoding=\"async\" class=\"alignnone size-full wp-image-16972\" src=\"https:\/\/www.hydraulic-cylinders.net\/wp-content\/uploads\/2025\/01\/hydraulic-cylinder-factory-1-scaled.webp\" alt=\"\" width=\"2016\" height=\"2560\" srcset=\"https:\/\/www.hydraulic-cylinders.net\/wp-content\/uploads\/2025\/01\/hydraulic-cylinder-factory-1-scaled.webp 2016w, https:\/\/www.hydraulic-cylinders.net\/wp-content\/uploads\/2025\/01\/hydraulic-cylinder-factory-1-1280x1625.webp 1280w, https:\/\/www.hydraulic-cylinders.net\/wp-content\/uploads\/2025\/01\/hydraulic-cylinder-factory-1-980x1244.webp 980w, https:\/\/www.hydraulic-cylinders.net\/wp-content\/uploads\/2025\/01\/hydraulic-cylinder-factory-1-480x610.webp 480w\" sizes=\"(min-width: 0px) and (max-width: 480px) 480px, (min-width: 481px) and (max-width: 980px) 980px, (min-width: 981px) and (max-width: 1280px) 1280px, (min-width: 1281px) 2016px, 100vw\" \/><\/h2>\n<p dir=\"auto\">Spolo\u010dnos\u0165 Ever-Power Huachang Hydraulic je l\u00eddrom v tomto odvetv\u00ed v\u010faka pokro\u010dilej platforme v\u00fdskumu a v\u00fdvoja zameranej na inovat\u00edvne rie\u0161enia hydraulick\u00fdch valcov. Na\u0161i odborn\u00ed in\u017einieri vyv\u00edjaj\u00fa vysokov\u00fdkonn\u00e9 komponenty, \u010d\u00edm zabezpe\u010duj\u00fa \u0161pi\u010dkov\u00fa kvalitu pre aplik\u00e1cie, ako s\u00fa automobilov\u00e9 \u017eeriavy a teleskopick\u00e9 p\u00e1sov\u00e9 \u017eeriavy.<\/p>\n<p dir=\"auto\">Na\u0161e modern\u00e9 v\u00fdrobn\u00e9 zariadenie integruje automatizovan\u00e9 mont\u00e1\u017ene linky a presn\u00e9 obr\u00e1banie a ro\u010dne vyr\u00e1ba a\u017e 1 mili\u00f3n valcov. V\u010faka \u0161pecializovan\u00fdm diel\u0148am na \u010distenie, mont\u00e1\u017e a povrchov\u00fa \u00fapravu dod\u00e1vame odoln\u00e9 valce prisp\u00f4soben\u00e9 r\u00f4znym \u0161pecifik\u00e1ci\u00e1m, \u010d\u00edm zvy\u0161ujeme prev\u00e1dzkov\u00fa efektivitu.<\/p>\n<h2><img loading=\"lazy\" decoding=\"async\" class=\"alignnone size-full wp-image-16973\" src=\"https:\/\/www.hydraulic-cylinders.net\/wp-content\/uploads\/2025\/01\/hydraulic-cylinder-factory-2-scaled.webp\" alt=\"\" width=\"2011\" height=\"2560\" srcset=\"https:\/\/www.hydraulic-cylinders.net\/wp-content\/uploads\/2025\/01\/hydraulic-cylinder-factory-2-scaled.webp 2011w, https:\/\/www.hydraulic-cylinders.net\/wp-content\/uploads\/2025\/01\/hydraulic-cylinder-factory-2-1280x1629.webp 1280w, https:\/\/www.hydraulic-cylinders.net\/wp-content\/uploads\/2025\/01\/hydraulic-cylinder-factory-2-980x1248.webp 980w, https:\/\/www.hydraulic-cylinders.net\/wp-content\/uploads\/2025\/01\/hydraulic-cylinder-factory-2-480x611.webp 480w\" sizes=\"(min-width: 0px) and (max-width: 480px) 480px, (min-width: 481px) and (max-width: 980px) 980px, (min-width: 981px) and (max-width: 1280px) 1280px, (min-width: 1281px) 2011px, 100vw\" \/><\/h2>\n<p dir=\"auto\">Kvalitu uprednost\u0148ujeme prostredn\u00edctvom \u0161pecializovan\u00e9ho testovacieho laborat\u00f3ria v spolupr\u00e1ci so spolo\u010dnos\u0165ou ZJIMEE, ktor\u00e9 vyu\u017e\u00edva po\u010d\u00edta\u010dom asistovan\u00e9 elektrohydraulick\u00e9 testovanie na meranie v\u00fdkonnostn\u00fdch ukazovate\u013eov, ako je \u00fa\u010dinnos\u0165 za\u0165a\u017eenia a vn\u00fatorn\u00e9 netesnosti. To zabezpe\u010duje, \u017ee na\u0161e produkty sp\u013a\u0148aj\u00fa pr\u00edsne medzin\u00e1rodn\u00e9 normy bezpe\u010dnosti a spo\u013eahlivosti.<\/p>\n<p dir=\"auto\">Hydraulick\u00e9 valce s protiz\u00e1va\u017e\u00edm pre automobilov\u00e9 \u017eeriavy s\u00fa pr\u00edkladom n\u00e1\u0161ho z\u00e1v\u00e4zku k dokonalosti a s\u00fa navrhnut\u00e9 ako vysokov\u00fdkonn\u00e9 hydraulick\u00e9 valce pre modely ako Terex a Grove. Spolo\u010dnos\u0165 Ever-Power Huachang Hydraulic je celosvetovo d\u00f4veryhodn\u00e1 a uzn\u00e1van\u00fdm l\u00eddrom vo v\u00fdrobe hydraulick\u00fdch valcov.<\/p>\n<\/section>","protected":false},"excerpt":{"rendered":"<p>Luffing Hydraulic Cylinders for Telescopic Crawler Crane The luffing hydraulic cylinders for telescopic crawler crane from ever-power huachang hydraulic are advanced hydraulic cylinder for telescopic crawler crane solutions, designed to control boom angle with precision. Compatible with models, this luffing hydraulic cylinder enhances telescopic crane lifting operations in construction, mining, and industrial settings. Engineered for [&hellip;]<\/p>","protected":false},"featured_media":20175,"comment_status":"open","ping_status":"closed","template":"","meta":{"_et_pb_use_builder":"","_et_pb_old_content":"","_et_gb_content_width":""},"product_brand":[],"product_cat":[1514],"product_tag":[],"class_list":{"0":"post-20173","1":"product","2":"type-product","3":"status-publish","4":"has-post-thumbnail","6":"product_cat-mobile-crane-hydraulic-cylinders","8":"first","9":"instock","10":"shipping-taxable","11":"product-type-simple"},"amp_enabled":true,"_links":{"self":[{"href":"https:\/\/www.hydraulic-cylinders.net\/sk\/wp-json\/wp\/v2\/product\/20173","targetHints":{"allow":["GET"]}}],"collection":[{"href":"https:\/\/www.hydraulic-cylinders.net\/sk\/wp-json\/wp\/v2\/product"}],"about":[{"href":"https:\/\/www.hydraulic-cylinders.net\/sk\/wp-json\/wp\/v2\/types\/product"}],"replies":[{"embeddable":true,"href":"https:\/\/www.hydraulic-cylinders.net\/sk\/wp-json\/wp\/v2\/comments?post=20173"}],"wp:featuredmedia":[{"embeddable":true,"href":"https:\/\/www.hydraulic-cylinders.net\/sk\/wp-json\/wp\/v2\/media\/20175"}],"wp:attachment":[{"href":"https:\/\/www.hydraulic-cylinders.net\/sk\/wp-json\/wp\/v2\/media?parent=20173"}],"wp:term":[{"taxonomy":"product_brand","embeddable":true,"href":"https:\/\/www.hydraulic-cylinders.net\/sk\/wp-json\/wp\/v2\/product_brand?post=20173"},{"taxonomy":"product_cat","embeddable":true,"href":"https:\/\/www.hydraulic-cylinders.net\/sk\/wp-json\/wp\/v2\/product_cat?post=20173"},{"taxonomy":"product_tag","embeddable":true,"href":"https:\/\/www.hydraulic-cylinders.net\/sk\/wp-json\/wp\/v2\/product_tag?post=20173"}],"curies":[{"name":"pracovn\u00fd list","href":"https:\/\/api.w.org\/{rel}","templated":true}]}}