{"id":20179,"date":"2025-05-12T03:33:34","date_gmt":"2025-05-12T03:33:34","guid":{"rendered":"https:\/\/www.hydraulic-cylinders.net\/?post_type=product&#038;p=20179"},"modified":"2025-05-12T05:20:15","modified_gmt":"2025-05-12T05:20:15","slug":"counterweight-hydraulic-cylinders-for-car-crane","status":"publish","type":"product","link":"https:\/\/www.hydraulic-cylinders.net\/sk\/produkt\/counterweight-hydraulic-cylinders-for-car-crane\/","title":{"rendered":"Hydraulick\u00e9 valce s protiz\u00e1va\u017e\u00edm pre auto\u017eeriav"},"content":{"rendered":"<h1 style=\"text-align: center;\"><strong>Hydraulick\u00e9 valce s protiz\u00e1va\u017e\u00edm pre auto\u017eeriav<\/strong><\/h1>\n<p><img loading=\"lazy\" decoding=\"async\" class=\"wp-image-20180 aligncenter\" src=\"https:\/\/www.hydraulic-cylinders.net\/wp-content\/uploads\/2025\/05\/counterweight-hydraulic-cylinder-for-car-crane-scaled.webp\" alt=\"Hydraulick\u00fd valec s protiz\u00e1va\u017e\u00edm pre auto\u017eeriav\" width=\"500\" height=\"500\" \/><\/p>\n<section id=\"introduction\">The counterweight hydraulic cylinders for car crane, crafted by Ever-Power Huachang Hydraulic, are precision-engineered balance cylinders that ensure optimal stability and safety during heavy lifting operations. Designed for seamless compatibility with leading car crane models, this hydraulic cylinder for car crane enhances load management in urban construction, logistics, and industrial environments. As a heavy-duty hydraulic cylinder, it withstands high-pressure conditions up to 320 bar, providing reliable performance for lifting tasks while minimizing the risk of tipping. Whether you&#8217;re handling steel structures or heavy machinery, this car crane cylinder delivers unmatched durability and control for your crane operations.<\/section>\n<section id=\"specifications\">\n<h2><strong>Technick\u00e9 \u0161pecifik\u00e1cie:<\/strong><\/h2>\n<p><strong>Funkcia:<\/strong> Ovl\u00e1dajte \u010dinnos\u0165 protiz\u00e1va\u017eia<br \/>\n<strong>Priemer valca:<\/strong> 160 mm \u2013 180 mm<br \/>\n<strong>Priemer ty\u010de:<\/strong> 90 mm \u2013 150 mm<br \/>\n<strong>Cestovanie:<\/strong> 180 mm - 400 mm<br \/>\n<strong>Maxim\u00e1lny tlak:<\/strong> 25 MPa<br \/>\n<strong>Maxim\u00e1lny \u0165ah:<\/strong> 1540 kn<\/p>\n<\/section>\n<section id=\"features\">\n<h2><strong>K\u013e\u00fa\u010dov\u00e9 vlastnosti hydraulick\u00fdch valcov s protiz\u00e1va\u017e\u00edm pre automobilov\u00e9 \u017eeriavy:<\/strong><\/h2>\n<ul>\n<li><strong>Vynikaj\u00faca presnos\u0165 vyva\u017eovania z\u00e1\u0165a\u017ee:<\/strong> Hydraulick\u00e9 valce s protiz\u00e1va\u017e\u00edm pre automobilov\u00e9 \u017eeriavy sa vyzna\u010duj\u00fa pokro\u010dilou kon\u0161trukciou vyva\u017eovacieho valca, ktor\u00e1 zais\u0165uje rovnomern\u00e9 rozlo\u017eenie hmotnosti a poskytuje v\u00fdnimo\u010dn\u00fa stabilitu pri prev\u00e1dzke valcov automobilov\u00fdch \u017eeriavov po\u010das vysokokapacitn\u00fdch zdvihov v mestskom prostred\u00ed.<\/li>\n<li><strong>Vysoko odoln\u00e1 kon\u0161trukcia:<\/strong>\u00a0Tento hydraulick\u00fd valec pre auto\u017eeriav je vyroben\u00fd z vysokopevnostnej ocele s antikor\u00f3znou \u00fapravou a odol\u00e1va opotrebovaniu sp\u00f4soben\u00e9mu drsn\u00fdmi podmienkami, ako je vlhkos\u0165 a prach, v\u010faka \u010domu je spo\u013eahliv\u00fdm a odoln\u00fdm protiz\u00e1va\u017e\u00edm pre \u017eeriavy v n\u00e1ro\u010dn\u00fdch podmienkach.<\/li>\n<li><strong>Prisp\u00f4sobite\u013en\u00e9 pre r\u00f4zne potreby:<\/strong>\u00a0V\u010faka nastavite\u013en\u00fdm ve\u013ekostiam otvorov a d\u013a\u017ekam zdvihu je mo\u017en\u00e9 tento valec \u017eeriavu pre automobily na vyva\u017eovanie z\u00e1\u0165a\u017ee prisp\u00f4sobi\u0165 \u0161pecifick\u00fdm po\u017eiadavk\u00e1m na zdv\u00edhanie, \u010do pon\u00faka flexibilitu pre r\u00f4zne modely \u017eeriavov a aplik\u00e1cie, od stavebn\u00edctva a\u017e po logistiku.<\/li>\n<li><strong>Optimalizovan\u00e9 pre v\u00fdkon pri vysokom tlaku:<\/strong>\u00a0Tento hydraulick\u00fd valec s protiz\u00e1va\u017e\u00edm, navrhnut\u00fd pre efekt\u00edvnu prev\u00e1dzku a\u017e do tlaku 320 barov, poskytuje konzistentn\u00fd v\u00fdkon s minim\u00e1lnymi stratami energie, \u010d\u00edm zais\u0165uje plynul\u00e9 a bezpe\u010dn\u00e9 zdv\u00edhanie a z\u00e1rove\u0148 zni\u017euje prev\u00e1dzkov\u00e9 n\u00e1klady.<\/li>\n<li><strong>N\u00edzka \u00fadr\u017eba a dlh\u00e1 \u017eivotnos\u0165:<\/strong>\u00a0V\u010faka pokro\u010dilej technol\u00f3gii tesnenia a presn\u00e9mu obr\u00e1baniu minimalizuje tento odoln\u00fd hydraulick\u00fd valec \u00faniky a opotrebenie, \u010d\u00edm zni\u017euje potrebu \u00fadr\u017eby a predl\u017euje \u017eivotnos\u0165 v\u00e1\u0161ho auto\u017eeriavu, a to aj pri \u010dastom pou\u017e\u00edvan\u00ed.<\/li>\n<\/ul>\n<\/section>\n<section id=\"applications\">\n<h2><strong>Pou\u017eitie hydraulick\u00fdch valcov s protiz\u00e1va\u017e\u00edm pre auto\u017eeriavy:<\/strong><\/h2>\n<h2><strong><img loading=\"lazy\" decoding=\"async\" class=\"alignnone size-full wp-image-20183\" src=\"https:\/\/www.hydraulic-cylinders.net\/wp-content\/uploads\/2025\/05\/counterweight-hydraulic-cylinder-for-car-crane-application.webp\" alt=\"\" width=\"1080\" height=\"617\" srcset=\"https:\/\/www.hydraulic-cylinders.net\/wp-content\/uploads\/2025\/05\/counterweight-hydraulic-cylinder-for-car-crane-application.webp 1080w, https:\/\/www.hydraulic-cylinders.net\/wp-content\/uploads\/2025\/05\/counterweight-hydraulic-cylinder-for-car-crane-application-980x560.webp 980w, https:\/\/www.hydraulic-cylinders.net\/wp-content\/uploads\/2025\/05\/counterweight-hydraulic-cylinder-for-car-crane-application-480x274.webp 480w\" sizes=\"(min-width: 0px) and (max-width: 480px) 480px, (min-width: 481px) and (max-width: 980px) 980px, (min-width: 981px) 1080px, 100vw\" \/><\/strong><\/h2>\n<ul>\n<li><strong>Mestsk\u00e1 v\u00fdstavba pre v\u00fd\u0161kov\u00e9 projekty:<\/strong> Hydraulick\u00e9 valce s protiz\u00e1va\u017e\u00edm pre automobilov\u00e9 \u017eeriavy s\u00fa ide\u00e1lne pre \u00falohy v mestskej v\u00fdstavbe, ako je mont\u00e1\u017e oce\u013eov\u00fdch kon\u0161trukci\u00ed pre v\u00fd\u0161kov\u00e9 budovy alebo in\u0161tal\u00e1cia prefabrikovan\u00fdch panelov. Tento vyva\u017eovac\u00ed valec pre oper\u00e1cie s automobilov\u00fdmi \u017eeriavmi zais\u0165uje presn\u00e9 riadenie z\u00e1\u0165a\u017ee v stiesnen\u00fdch priestoroch, \u010d\u00edm zvy\u0161uje bezpe\u010dnos\u0165 a zni\u017euje riziko prevr\u00e1tenia pri zdv\u00edhan\u00ed \u0165a\u017ek\u00fdch bremien.<\/li>\n<li><strong>Logistika a manipul\u00e1cia s \u0165a\u017ek\u00fdm n\u00e1kladom:<\/strong>\u00a0V logistick\u00fdch oper\u00e1ci\u00e1ch tento hydraulick\u00fd valec pre stabilitu auto\u017eeriavu podporuje bezpe\u010dn\u00fd a efekt\u00edvny pohyb \u0165a\u017ek\u00e9ho n\u00e1kladu, ako s\u00fa prepravn\u00e9 kontajnery a ve\u013ek\u00e9 palety, v skladoch alebo pr\u00edstavoch. Valec auto\u017eeriavu na vyva\u017eovanie z\u00e1\u0165a\u017ee zlep\u0161uje man\u00e9vrovate\u013enos\u0165 \u017eeriavu a zvy\u0161uje produktivitu v r\u00fdchlo sa meniacom prostred\u00ed.<\/li>\n<li><strong>Priemyseln\u00e1 mont\u00e1\u017e vo v\u00fdrobn\u00fdch z\u00e1vodoch:<\/strong>\u00a0Tento hydraulick\u00fd valec s protiz\u00e1va\u017e\u00edm je ide\u00e1lny pre priemyseln\u00e9 prostredie, ako je automobilov\u00fd priemysel alebo v\u00fdroba strojov, a umo\u017e\u0148uje presn\u00e9 polohovanie \u0165a\u017ek\u00fdch komponentov, ako s\u00fa lisy na mont\u00e1\u017enych link\u00e1ch alebo bloky motorov. Ako odoln\u00fd valec s protiz\u00e1va\u017e\u00edm pre \u017eeriavy zais\u0165uje stabiln\u00e9 a kontrolovan\u00e9 zdvihy, \u010d\u00edm zefekt\u00edv\u0148uje pracovn\u00e9 postupy v tov\u00e1rni.<\/li>\n<\/ul>\n<\/section>\n<section id=\"explore-more\">\n<h2><strong>Presk\u00famajte \u010fal\u0161ie valce pre auto\u017eeriavy:<\/strong><\/h2>\n<p>Pon\u00fakame \u0161irok\u00fd sortiment valcov pre auto\u017eeriavy, ktor\u00e9 uspokoja r\u00f4zne po\u017eiadavky na zdv\u00edhanie. \u010ci u\u017e potrebujete hydraulick\u00fd valec pre stabilitu auto\u017eeriavu alebo valec s protiz\u00e1va\u017e\u00edm pre vysok\u00e9 za\u0165a\u017eenie \u017eeriavov, Ever-Power Huachang Hydraulic v\u00e1m poskytne rie\u0161enia na mieru. Objavte na\u0161u kompletn\u00fa kolekciu <a href=\"https:\/\/www.hydraulic-cylinders.net\/sk\/mobile-crane-hydraulic-cylinders\/\">valce auto\u017eeriavov<\/a>.<\/p>\n<\/section>\n<div class=\"container-hfX5E8 flow-markdown-body theme-samantha-yJEgBp\" dir=\"ltr\" data-testid=\"message_text_content\" data-show-indicator=\"false\">\n<h2 class=\"header-jfw95c auto-hide-last-sibling-br\"><strong>Ak\u00e9 s\u00fa hlavn\u00e9 v\u00fdhody pou\u017eitia hydraulick\u00e9ho valca s protiz\u00e1va\u017e\u00edm v \u017eeriave?<\/strong><\/h2>\n<div class=\"auto-hide-last-sibling-br paragraph-qzbcQC paragraph-element br-paragraph-space\">Pou\u017eitie hydraulick\u00e9ho valca s protiz\u00e1va\u017e\u00edm v \u017eeriave pon\u00faka nieko\u013eko v\u00fdznamn\u00fdch v\u00fdhod:<\/div>\n<h3><strong>Zv\u00fd\u0161en\u00e1 stabilita<\/strong>:<\/h3>\n<h3><img loading=\"lazy\" decoding=\"async\" class=\"aligncenter wp-image-20184 size-full\" src=\"https:\/\/www.hydraulic-cylinders.net\/wp-content\/uploads\/2025\/05\/counterweight-hydraulic-cylinder-for-car-crane-1-1.webp\" alt=\"\" width=\"580\" height=\"326\" srcset=\"https:\/\/www.hydraulic-cylinders.net\/wp-content\/uploads\/2025\/05\/counterweight-hydraulic-cylinder-for-car-crane-1-1.webp 580w, https:\/\/www.hydraulic-cylinders.net\/wp-content\/uploads\/2025\/05\/counterweight-hydraulic-cylinder-for-car-crane-1-1-480x270.webp 480w\" sizes=\"(min-width: 0px) and (max-width: 480px) 480px, (min-width: 481px) 580px, 100vw\" \/><\/h3>\n<p>A counterweight hydraulic cylinder helps to balance the load on the crane. By adjusting the position and force of the counterweight, it can counteract the torque generated by the lifted load. This reduces the risk of the crane tipping over during heavy &#8211; lift operations. For example, when a crane is lifting a large and heavy pre &#8211; cast concrete panel in a high &#8211; rise construction project, the counterweight hydraulic cylinder can be adjusted to keep the crane stable.<\/p>\n<\/div>\n<div class=\"container-hfX5E8 flow-markdown-body theme-samantha-yJEgBp\" dir=\"ltr\" data-testid=\"message_text_content\" data-show-indicator=\"false\">\n<h3><strong>Presn\u00e9 riadenie z\u00e1\u0165a\u017ee<\/strong>:<\/h3>\n<p>It allows for precise control of the counterweight, which in turn enables more accurate load management. The hydraulic cylinder can be adjusted in real &#8211; time according to the weight and position of the load. In a logistics operation where a crane is moving shipping containers of different weights, the counterweight hydraulic cylinder can be fine &#8211; tuned to ensure smooth and safe lifting and placement of the containers.<\/p>\n<\/div>\n<div>\n<div class=\"image-box-grid-DI7Zd9\" data-finished=\"true\" data-testid=\"message_image_content\">\n<div class=\"image-box-grid-item-hjZBGw\">\n<div class=\"relative w-fit inline-flex\">\n<div class=\"container-pveQEn\"><\/div>\n<\/div>\n<\/div>\n<\/div>\n<\/div>\n<div class=\"container-hfX5E8 flow-markdown-body theme-samantha-yJEgBp\" dir=\"ltr\" data-testid=\"message_text_content\" data-show-indicator=\"false\">\n<h3><strong>Zv\u00fd\u0161en\u00e1 man\u00e9vrovate\u013enos\u0165<\/strong>:<\/h3>\n<h3><img loading=\"lazy\" decoding=\"async\" class=\"alignnone size-full wp-image-20185\" src=\"https:\/\/www.hydraulic-cylinders.net\/wp-content\/uploads\/2025\/05\/counterweight-hydraulic-cylinder-for-car-crane-2.webp\" alt=\"\" width=\"2048\" height=\"1152\" srcset=\"https:\/\/www.hydraulic-cylinders.net\/wp-content\/uploads\/2025\/05\/counterweight-hydraulic-cylinder-for-car-crane-2.webp 2048w, https:\/\/www.hydraulic-cylinders.net\/wp-content\/uploads\/2025\/05\/counterweight-hydraulic-cylinder-for-car-crane-2-1280x720.webp 1280w, https:\/\/www.hydraulic-cylinders.net\/wp-content\/uploads\/2025\/05\/counterweight-hydraulic-cylinder-for-car-crane-2-980x551.webp 980w, https:\/\/www.hydraulic-cylinders.net\/wp-content\/uploads\/2025\/05\/counterweight-hydraulic-cylinder-for-car-crane-2-480x270.webp 480w\" sizes=\"(min-width: 0px) and (max-width: 480px) 480px, (min-width: 481px) and (max-width: 980px) 980px, (min-width: 981px) and (max-width: 1280px) 1280px, (min-width: 1281px) 2048px, 100vw\" \/><\/h3>\n<p>In confined spaces such as urban construction sites or manufacturing plants, the counterweight hydraulic cylinder improves the crane&#8217;s maneuverability. It can quickly adjust the counterweight to adapt to different working conditions and spaces. For instance, in an automotive manufacturing plant where a crane is used to position engine blocks on the assembly line, the counterweight hydraulic cylinder allows the crane to move and operate more freely in the limited space.<\/p>\n<\/div>\n<div class=\"container-hfX5E8 flow-markdown-body theme-samantha-yJEgBp\" dir=\"ltr\" data-testid=\"message_text_content\" data-show-indicator=\"false\">\n<h3><strong>Zlep\u0161en\u00e1 bezpe\u010dnos\u0165<\/strong>:<\/h3>\n<p>By ensuring stability and precise load management, the counterweight hydraulic cylinder significantly enhances the safety of crane operations. It reduces the likelihood of accidents such as load drops or crane collapses, protecting both the operators and the surrounding environment. Whether it is in a high &#8211; risk construction project or a busy logistics center, the use of a counterweight hydraulic cylinder is crucial for maintaining a safe working environment.<\/p>\n<\/div>\n<section id=\"company-introduction\">\n<h2><strong>O spolo\u010dnosti Ever-Power Huachang Hydraulic:<\/strong><\/h2>\n<h2><img loading=\"lazy\" decoding=\"async\" class=\"alignnone size-full wp-image-16972\" src=\"https:\/\/www.hydraulic-cylinders.net\/wp-content\/uploads\/2025\/01\/hydraulic-cylinder-factory-1-scaled.webp\" alt=\"\" width=\"2016\" height=\"2560\" srcset=\"https:\/\/www.hydraulic-cylinders.net\/wp-content\/uploads\/2025\/01\/hydraulic-cylinder-factory-1-scaled.webp 2016w, https:\/\/www.hydraulic-cylinders.net\/wp-content\/uploads\/2025\/01\/hydraulic-cylinder-factory-1-1280x1625.webp 1280w, https:\/\/www.hydraulic-cylinders.net\/wp-content\/uploads\/2025\/01\/hydraulic-cylinder-factory-1-980x1244.webp 980w, https:\/\/www.hydraulic-cylinders.net\/wp-content\/uploads\/2025\/01\/hydraulic-cylinder-factory-1-480x610.webp 480w\" sizes=\"(min-width: 0px) and (max-width: 480px) 480px, (min-width: 481px) and (max-width: 980px) 980px, (min-width: 981px) and (max-width: 1280px) 1280px, (min-width: 1281px) 2016px, 100vw\" \/><\/h2>\n<p dir=\"auto\">Spolo\u010dnos\u0165 Ever-Power Huachang Hydraulic poh\u00e1\u0148a inov\u00e1cie v oblasti hydraulick\u00fdch valcov v\u010faka \u0161pi\u010dkov\u00e9mu v\u00fdskumn\u00e9mu a v\u00fdvojov\u00e9mu zariadeniu, kde odborn\u00ed in\u017einieri navrhuj\u00fa vysokov\u00fdkonn\u00e9 rie\u0161enia pre priemyseln\u00e9 aplik\u00e1cie vr\u00e1tane auto\u017eeriavov a \u0165a\u017ek\u00fdch zariaden\u00ed.<\/p>\n<p dir=\"auto\">N\u00e1\u0161 modern\u00fd v\u00fdrobn\u00fd z\u00e1vod vyu\u017e\u00edva automatizovan\u00fa mont\u00e1\u017e a presn\u00e9 obr\u00e1banie, pri\u010dom vyr\u00e1ba valce na mieru s inteligentnou technol\u00f3giou, ktor\u00e1 zabezpe\u010duje efekt\u00edvnos\u0165 a dodr\u017eiavanie pr\u00edsnych priemyseln\u00fdch noriem a podporuje modely ako Terex a Grove.<\/p>\n<h2><img loading=\"lazy\" decoding=\"async\" class=\"alignnone size-full wp-image-16973\" src=\"https:\/\/www.hydraulic-cylinders.net\/wp-content\/uploads\/2025\/01\/hydraulic-cylinder-factory-2-scaled.webp\" alt=\"\" width=\"2011\" height=\"2560\" srcset=\"https:\/\/www.hydraulic-cylinders.net\/wp-content\/uploads\/2025\/01\/hydraulic-cylinder-factory-2-scaled.webp 2011w, https:\/\/www.hydraulic-cylinders.net\/wp-content\/uploads\/2025\/01\/hydraulic-cylinder-factory-2-1280x1629.webp 1280w, https:\/\/www.hydraulic-cylinders.net\/wp-content\/uploads\/2025\/01\/hydraulic-cylinder-factory-2-980x1248.webp 980w, https:\/\/www.hydraulic-cylinders.net\/wp-content\/uploads\/2025\/01\/hydraulic-cylinder-factory-2-480x611.webp 480w\" sizes=\"(min-width: 0px) and (max-width: 480px) 480px, (min-width: 481px) and (max-width: 980px) 980px, (min-width: 981px) and (max-width: 1280px) 1280px, (min-width: 1281px) 2011px, 100vw\" \/><\/h2>\n<p>Kvalitu zabezpe\u010dujeme prostredn\u00edctvom najmodernej\u0161ieho testovacieho centra, ktor\u00e9 overuje v\u00fdkon pomocou pokro\u010dilej diagnostiky a pou\u017e\u00edva ekologick\u00e9 n\u00e1tery na zv\u00fd\u0161enie odolnosti. Ako l\u00edder vyu\u017e\u00edvame v\u00fdskum zalo\u017een\u00fd na umelej inteligencii na v\u00fdrobu spo\u013eahliv\u00fdch a odoln\u00fdch hydraulick\u00fdch valcov, ktor\u00fdm d\u00f4verujeme na celom svete.<\/p>\n<\/section>","protected":false},"excerpt":{"rendered":"<p>Counterweight Hydraulic Cylinders for Car Crane The counterweight hydraulic cylinders for car crane, crafted by Ever-Power Huachang Hydraulic, are precision-engineered balance cylinders that ensure optimal stability and safety during heavy lifting operations. Designed for seamless compatibility with leading car crane models, this hydraulic cylinder for car crane enhances load management in urban construction, logistics, and [&hellip;]<\/p>","protected":false},"featured_media":20181,"comment_status":"open","ping_status":"closed","template":"","meta":{"_et_pb_use_builder":"","_et_pb_old_content":"","_et_gb_content_width":""},"product_brand":[],"product_cat":[1514],"product_tag":[],"class_list":{"0":"post-20179","1":"product","2":"type-product","3":"status-publish","4":"has-post-thumbnail","6":"product_cat-mobile-crane-hydraulic-cylinders","8":"first","9":"instock","10":"shipping-taxable","11":"product-type-simple"},"amp_enabled":true,"_links":{"self":[{"href":"https:\/\/www.hydraulic-cylinders.net\/sk\/wp-json\/wp\/v2\/product\/20179","targetHints":{"allow":["GET"]}}],"collection":[{"href":"https:\/\/www.hydraulic-cylinders.net\/sk\/wp-json\/wp\/v2\/product"}],"about":[{"href":"https:\/\/www.hydraulic-cylinders.net\/sk\/wp-json\/wp\/v2\/types\/product"}],"replies":[{"embeddable":true,"href":"https:\/\/www.hydraulic-cylinders.net\/sk\/wp-json\/wp\/v2\/comments?post=20179"}],"wp:featuredmedia":[{"embeddable":true,"href":"https:\/\/www.hydraulic-cylinders.net\/sk\/wp-json\/wp\/v2\/media\/20181"}],"wp:attachment":[{"href":"https:\/\/www.hydraulic-cylinders.net\/sk\/wp-json\/wp\/v2\/media?parent=20179"}],"wp:term":[{"taxonomy":"product_brand","embeddable":true,"href":"https:\/\/www.hydraulic-cylinders.net\/sk\/wp-json\/wp\/v2\/product_brand?post=20179"},{"taxonomy":"product_cat","embeddable":true,"href":"https:\/\/www.hydraulic-cylinders.net\/sk\/wp-json\/wp\/v2\/product_cat?post=20179"},{"taxonomy":"product_tag","embeddable":true,"href":"https:\/\/www.hydraulic-cylinders.net\/sk\/wp-json\/wp\/v2\/product_tag?post=20179"}],"curies":[{"name":"pracovn\u00fd list","href":"https:\/\/api.w.org\/{rel}","templated":true}]}}