{"id":20186,"date":"2025-05-12T05:40:16","date_gmt":"2025-05-12T05:40:16","guid":{"rendered":"https:\/\/www.hydraulic-cylinders.net\/?post_type=product&#038;p=20186"},"modified":"2025-05-13T02:00:59","modified_gmt":"2025-05-13T02:00:59","slug":"luffing-hydraulic-cylinders-for-car-crane","status":"publish","type":"product","link":"https:\/\/www.hydraulic-cylinders.net\/sk\/produkt\/luffing-hydraulic-cylinders-for-car-crane\/","title":{"rendered":"Hydraulick\u00e9 valce Luffing pre auto\u017eeriav"},"content":{"rendered":"<h1 style=\"text-align: center;\"><strong>Hydraulick\u00e9 valce Luffing pre auto\u017eeriav<\/strong><\/h1>\n<p><img loading=\"lazy\" decoding=\"async\" class=\"wp-image-20187 aligncenter\" src=\"https:\/\/www.hydraulic-cylinders.net\/wp-content\/uploads\/2025\/05\/luffing-hydraulic-cylinder-for-car-crane.webp\" alt=\"\" width=\"500\" height=\"500\" srcset=\"https:\/\/www.hydraulic-cylinders.net\/wp-content\/uploads\/2025\/05\/luffing-hydraulic-cylinder-for-car-crane.webp 500w, https:\/\/www.hydraulic-cylinders.net\/wp-content\/uploads\/2025\/05\/luffing-hydraulic-cylinder-for-car-crane-480x480.webp 480w\" sizes=\"(min-width: 0px) and (max-width: 480px) 480px, (min-width: 481px) 500px, 100vw\" \/><\/p>\n<section id=\"introduction\">Hydraulick\u00e9 valce s v\u00fdkyvn\u00fdm ramenom pre automobilov\u00e9 \u017eeriavy, vyvinut\u00e9 spolo\u010dnos\u0165ou Ever-Power Huachang Hydraulic, s\u00fa pokro\u010dil\u00e9 valce na nastavenie uhla v\u00fdlo\u017en\u00edka, ktor\u00e9 s\u00fa navrhnut\u00e9 tak, aby poskytovali presn\u00fa kontrolu nad pohybmi v\u00fdlo\u017en\u00edka pri zdv\u00edhac\u00edch oper\u00e1ci\u00e1ch automobilov. Tento hydraulick\u00fd valec pre automobilov\u00e9 \u017eeriavy, ktor\u00fd je prisp\u00f4soben\u00fd pre kompatibilitu s modelmi, vynik\u00e1 v mestskej v\u00fdstavbe, manipul\u00e1cii s materi\u00e1lom a priemyseln\u00fdch projektoch. Ako vysokov\u00fdkonn\u00fd hydraulick\u00fd valec podporuje tlak a\u017e 350 barov a pon\u00faka robustn\u00fd v\u00fdkon pre presn\u00e9 nastavenie uhla v\u00fdlo\u017en\u00edka, \u010d\u00edm zais\u0165uje bezpe\u010dnos\u0165 a \u00fa\u010dinnos\u0165 pri zdv\u00edhan\u00ed r\u00f4znych bremien, ako s\u00fa oce\u013eov\u00e9 nosn\u00edky alebo \u0165a\u017ek\u00e9 zariadenia.<\/section>\n<section id=\"specifications\">\n<h2><strong>Technick\u00e9 \u0161pecifik\u00e1cie:<\/strong><\/h2>\n<p><strong>Funkcia:<\/strong> Ovl\u00e1dajte pohyb hlavn\u00e9ho ramena<br \/>\n<strong>Priemer valca:<\/strong> 180 mm \u2013 220 mm<br \/>\n<strong>Priemer ty\u010de:<\/strong> 110 mm \u2013 180 mm<br \/>\n<strong>Cestovanie:<\/strong> 1000 mm \u2013 200 mm<br \/>\n<strong>Maxim\u00e1lny tlak:<\/strong> 25 MPa<br \/>\n<strong>Maxim\u00e1lny \u0165ah:<\/strong> 950 kn<\/p>\n<\/section>\n<section id=\"features\">\n<h2><strong>K\u013e\u00fa\u010dov\u00e9 vlastnosti hydraulick\u00fdch valcov Luffing pre automobilov\u00e9 \u017eeriavy:<\/strong><\/h2>\n<ul>\n<li><strong>Presn\u00e9 nastavenie uhla ramena:<\/strong>\u00a0Hydraulick\u00e9 valce Luffing pre auto\u017eeriavy pon\u00fakaj\u00fa presn\u00e9 ovl\u00e1danie uhla v\u00fdlo\u017en\u00edka, v\u010faka \u010domu je tento valec auto\u017eeriavu na nastavenie v\u00fdlo\u017en\u00edka ide\u00e1lny na \u013eahk\u00fa a spo\u013eahliv\u00fa navig\u00e1ciu v stiesnen\u00fdch pracovn\u00fdch priestoroch.<\/li>\n<li><strong>Spo\u013eahliv\u00e1 prev\u00e1dzka pri vysokom tlaku:<\/strong>\u00a0Tento hydraulick\u00fd valec pre presn\u00e9 zdv\u00edhanie automobilov\u00fdch \u017eeriavov je vyroben\u00fd z vysokopevnostnej legovanej ocele a pracuje bezchybne pri tlaku 350 barov, \u010do zais\u0165uje konzistentn\u00fd v\u00fdkon pre n\u00e1ro\u010dn\u00e9 zdv\u00edhacie \u00falohy v r\u00f4znych podmienkach.<\/li>\n<li><strong>Mo\u017enosti prisp\u00f4sobite\u013en\u00e9ho dizajnu:<\/strong>\u00a0Tento valec na nastavenie uhla v\u00fdlo\u017en\u00edka pre zdv\u00edhanie auto\u017eeriavmi sa v\u010faka prisp\u00f4sobite\u013en\u00fdm d\u013a\u017ekam v\u0155tania a zdvihu prisp\u00f4sobuje \u0161pecifick\u00fdm potreb\u00e1m projektu, \u010d\u00edm zvy\u0161uje v\u0161estrannos\u0165 r\u00f4znych modelov auto\u017eeriavov.<\/li>\n<li><strong>Zv\u00fd\u0161en\u00e1 odolnos\u0165 s odolnos\u0165ou proti kor\u00f3zii:<\/strong>\u00a0Tento odoln\u00fd v\u00fdkyvn\u00fd valec pre automobilov\u00e9 \u017eeriavy je vybaven\u00fd povrchovou \u00fapravou odolnou vo\u010di kor\u00f3zii a odol\u00e1va n\u00e1ro\u010dn\u00fdm podmienkam, ako je d\u00e1\u017e\u010f alebo prach, \u010d\u00edm sa predl\u017euje jeho prev\u00e1dzkov\u00e1 \u017eivotnos\u0165.<\/li>\n<li><strong>Energeticky \u00fasporn\u00fd v\u00fdkon:<\/strong>\u00a0Tento v\u00fdkyvn\u00fd hydraulick\u00fd valec, navrhnut\u00fd s pokro\u010dilou technol\u00f3giou tesnenia, minimalizuje stratu tlaku, \u010d\u00edm zni\u017euje spotrebu energie a n\u00e1klady na \u00fadr\u017ebu po\u010das dlhodob\u00e9ho pou\u017e\u00edvania.<\/li>\n<\/ul>\n<\/section>\n<section id=\"applications\">\n<h2><strong>Pou\u017eitie hydraulick\u00fdch valcov Luffing pre automobilov\u00e9 \u017eeriavy:<\/strong><\/h2>\n<h3><strong><img loading=\"lazy\" decoding=\"async\" class=\"alignnone size-full wp-image-20196\" src=\"https:\/\/www.hydraulic-cylinders.net\/wp-content\/uploads\/2025\/05\/luffing-hydraulic-cylinder-for-car-crane-application.webp\" alt=\"\" width=\"1077\" height=\"616\" srcset=\"https:\/\/www.hydraulic-cylinders.net\/wp-content\/uploads\/2025\/05\/luffing-hydraulic-cylinder-for-car-crane-application.webp 1077w, https:\/\/www.hydraulic-cylinders.net\/wp-content\/uploads\/2025\/05\/luffing-hydraulic-cylinder-for-car-crane-application-980x561.webp 980w, https:\/\/www.hydraulic-cylinders.net\/wp-content\/uploads\/2025\/05\/luffing-hydraulic-cylinder-for-car-crane-application-480x275.webp 480w\" sizes=\"(min-width: 0px) and (max-width: 480px) 480px, (min-width: 481px) and (max-width: 980px) 980px, (min-width: 981px) 1077px, 100vw\" \/><\/strong><\/h3>\n<ul>\n<li><strong>Rozvoj mestskej infra\u0161trukt\u00fary:<\/strong>\u00a0Hydraulick\u00e9 valce Luffing pre auto\u017eeriavy vynikaj\u00fa v projektoch mestskej infra\u0161trukt\u00fary, ako je in\u0161tal\u00e1cia mostn\u00fdch \u010dast\u00ed alebo stavba stavebn\u00fdch kon\u0161trukci\u00ed, kde tento valec s uhlom v\u00fdlo\u017en\u00edka pre zdv\u00edhanie auto\u017eeriavom zais\u0165uje presn\u00e9 umiestnenie bremena v obmedzen\u00fdch priestoroch.<\/li>\n<li><strong>Preprava materi\u00e1lu v pr\u00edstavoch:<\/strong>\u00a0Tento hydraulick\u00fd valec pre presn\u00e9 ovl\u00e1danie auto\u017eeriavom je ide\u00e1lny pre pr\u00edstavn\u00e9 oper\u00e1cie a umo\u017e\u0148uje bezpe\u010dn\u00fa manipul\u00e1ciu s nadrozmern\u00fdm n\u00e1kladom, ako s\u00fa prepravn\u00e9 kontajnery, a v\u010faka mo\u017enosti nastavovania v\u00fdlo\u017en\u00edka zvy\u0161uje efektivitu.<\/li>\n<li><strong>In\u0161tal\u00e1cia \u0165a\u017ek\u00fdch zariaden\u00ed v tov\u00e1r\u0148ach:<\/strong>\u00a0Tento vysokov\u00fdkonn\u00fd v\u00fdkyvn\u00fd valec pre automobilov\u00e9 \u017eeriavy, ide\u00e1lny pre v\u00fdrobn\u00e9 prostredie, podporuje presn\u00e9 polohovanie ve\u013ek\u00fdch strojov, ako s\u00fa priemyseln\u00e9 lisy, a zvy\u0161uje produktivitu v zlo\u017eit\u00fdch mont\u00e1\u017enych link\u00e1ch.<\/li>\n<\/ul>\n<\/section>\n<section id=\"explore-more\">\n<h2><strong>Presk\u00famajte \u010fal\u0161ie valce pre auto\u017eeriavy:<\/strong><\/h2>\n<p>Pon\u00fakame \u0161irok\u00fd sortiment valcov pre auto\u017eeriavy, ktor\u00e9 uspokoja r\u00f4zne po\u017eiadavky na zdv\u00edhanie. \u010ci u\u017e potrebujete hydraulick\u00fd valec pre presn\u00e9 zdv\u00edhanie auto\u017eeriavom alebo \u0165a\u017ek\u00fd v\u00fdkyvn\u00fd valec pre auto\u017eeriavy, Ever-Power Huachang Hydraulic v\u00e1m poskytne rie\u0161enia na mieru. Objavte na\u0161u kompletn\u00fa kolekciu <a href=\"https:\/\/www.hydraulic-cylinders.net\/sk\/mobile-crane-hydraulic-cylinders\/\">valce auto\u017eeriavov<\/a>.<\/p>\n<h2><strong>Ako zlep\u0161uj\u00fa v\u00fdkyvn\u00e9 hydraulick\u00e9 valce pre auto\u017eeriavy efektivitu zdv\u00edhac\u00edch oper\u00e1ci\u00ed?<\/strong><\/h2>\n<div class=\"container-hfX5E8 flow-markdown-body theme-samantha-yJEgBp\" dir=\"ltr\" data-testid=\"message_text_content\" data-show-indicator=\"false\">\n<div class=\"auto-hide-last-sibling-br paragraph-qzbcQC paragraph-element br-paragraph-space\">Hydraulick\u00e9 valce s vykl\u00e1pan\u00edm zohr\u00e1vaj\u00fa k\u013e\u00fa\u010dov\u00fa \u00falohu pri zvy\u0161ovan\u00ed efekt\u00edvnosti zdv\u00edhac\u00edch oper\u00e1ci\u00ed auto\u017eeriavom nasleduj\u00facimi sp\u00f4sobmi:<\/div>\n<h3><strong>Flexibiln\u00e9 nastavenie uhla<\/strong><\/h3>\n<p>Hydraulick\u00e9 valce s vykl\u00e1pan\u00edm umo\u017e\u0148uj\u00fa v\u00fdlo\u017en\u00edku auto\u017eeriavu r\u00fdchlo a presne nastavi\u0165 svoj uhol. T\u00e1to flexibilita umo\u017e\u0148uje \u017eeriavu dosiahnu\u0165 r\u00f4zne v\u00fd\u0161ky a vzdialenosti bez nutnosti premiest\u0148ovania cel\u00e9ho vozidla. Napr\u00edklad na stavenisku, kde sa pracuje na viacer\u00fdch \u00farovniach, ako je napr\u00edklad in\u0161tal\u00e1cia okien na r\u00f4znych poschodiach budovy, dok\u00e1\u017ee hydraulick\u00fd valec s vykl\u00e1pan\u00edm nastavi\u0165 uhol v\u00fdlo\u017en\u00edka pre efekt\u00edvny pr\u00edstup na ka\u017ed\u00e9 poschodie.<\/p>\n<\/div>\n<div class=\"container-hfX5E8 flow-markdown-body theme-samantha-yJEgBp\" dir=\"ltr\" data-testid=\"message_text_content\" data-show-indicator=\"false\">\n<h3><strong>R\u00fdchlej\u0161ie prev\u00e1dzkov\u00e9 cykly<\/strong><\/h3>\n<h3><strong><img loading=\"lazy\" decoding=\"async\" class=\"size-full wp-image-20194 aligncenter\" src=\"https:\/\/www.hydraulic-cylinders.net\/wp-content\/uploads\/2025\/05\/luffing-hydraulic-cylinder-for-car-crane-1-1.webp\" alt=\"\" width=\"580\" height=\"326\" srcset=\"https:\/\/www.hydraulic-cylinders.net\/wp-content\/uploads\/2025\/05\/luffing-hydraulic-cylinder-for-car-crane-1-1.webp 580w, https:\/\/www.hydraulic-cylinders.net\/wp-content\/uploads\/2025\/05\/luffing-hydraulic-cylinder-for-car-crane-1-1-480x270.webp 480w\" sizes=\"(min-width: 0px) and (max-width: 480px) 480px, (min-width: 481px) 580px, 100vw\" \/><br \/>\n<\/strong><\/h3>\n<p>V\u010faka mo\u017enosti r\u00fdchleho nastavenia uhla v\u00fdlo\u017en\u00edka sa skracuje \u010das potrebn\u00fd na ka\u017ed\u00fd zdv\u00edhac\u00ed cyklus. \u017deriav sa dok\u00e1\u017ee r\u00fdchlo presun\u00fa\u0165 z jednej zdv\u00edhacej polohy do druhej, \u010d\u00edm sa minimalizuje prestoje. V logistickom dvore, kde je potrebn\u00e9 naklada\u0165 a vyklada\u0165 prepravn\u00e9 kontajnery, umo\u017e\u0148uje hydraulick\u00fd valec s vykl\u00e1pan\u00edm \u017eeriavu pracova\u0165 r\u00fdchlej\u0161ie, \u010d\u00edm sa zvy\u0161uje celkov\u00e1 priepustnos\u0165 dvora.<\/p>\n<\/div>\n<div>\n<div class=\"image-box-grid-DI7Zd9\" data-finished=\"true\" data-testid=\"message_image_content\">\n<div class=\"image-box-grid-item-hjZBGw\">\n<div class=\"relative w-fit inline-flex\">\n<div class=\"container-pveQEn\">\n<div class=\"hover-mask-AwJNGQ\">\n<div class=\"hover-show-tag-ZNLjXj show-tag-bottom-IAU9YR\">\n<div class=\"hover-idTWjm has-text-uHYwW1\" data-testid=\"edit_image_hover_tag_regenerate_btn\">\n<div class=\"flex items-center\">\n<p><strong style=\"color: #333333; font-size: 22px;\"><strong style=\"color: #333333; font-size: 22px;\">Prisp\u00f4sobivos\u0165 r\u00f4znym prostrediam<\/strong><\/strong><\/p>\n<h3><strong><img loading=\"lazy\" decoding=\"async\" class=\"size-full wp-image-20195 aligncenter\" src=\"https:\/\/www.hydraulic-cylinders.net\/wp-content\/uploads\/2025\/05\/luffing-hydraulic-cylinder-for-car-crane-2.webp\" alt=\"Hydraulick\u00fd valec Luffing pre aplik\u00e1ciu auto\u017eeriavov\" width=\"580\" height=\"326\" srcset=\"https:\/\/www.hydraulic-cylinders.net\/wp-content\/uploads\/2025\/05\/luffing-hydraulic-cylinder-for-car-crane-2.webp 580w, https:\/\/www.hydraulic-cylinders.net\/wp-content\/uploads\/2025\/05\/luffing-hydraulic-cylinder-for-car-crane-2-480x270.webp 480w\" sizes=\"(min-width: 0px) and (max-width: 480px) 480px, (min-width: 481px) 580px, 100vw\" \/><\/strong><\/h3>\n<\/div>\n<\/div>\n<\/div>\n<\/div>\n<\/div>\n<\/div>\n<\/div>\n<\/div>\n<\/div>\n<div class=\"container-hfX5E8 flow-markdown-body theme-samantha-yJEgBp\" dir=\"ltr\" data-testid=\"message_text_content\" data-show-indicator=\"false\">\n<p>Auto\u017eeriavy \u010dasto pracuj\u00fa v r\u00f4znych prostrediach s obmedzen\u00fdm priestorom alebo zlo\u017eit\u00fdmi prek\u00e1\u017ekami. Hydraulick\u00e9 valce s vykl\u00e1pan\u00edm umo\u017e\u0148uj\u00fa \u017eeriavu prisp\u00f4sobi\u0165 sa t\u00fdmto n\u00e1ro\u010dn\u00fdm podmienkam. Napr\u00edklad v mestskej oblasti s \u00fazkymi ulicami alebo vo v\u00fdrobnom z\u00e1vode so strojmi v ceste umo\u017e\u0148uje funkcia vykl\u00e1pania \u017eeriavu man\u00e9vrova\u0165 a zdv\u00edha\u0165 bremen\u00e1 bez toho, aby sa zablokoval.<\/p>\n<\/div>\n<div>\n<div class=\"image-box-grid-DI7Zd9\" data-finished=\"true\" data-testid=\"message_image_content\">\n<div class=\"image-box-grid-item-hjZBGw\">\n<div class=\"relative w-fit inline-flex\">\n<div class=\"container-pveQEn\">\n<div class=\"container-lBN8DN\">\n<div class=\"image-wrapper-g0eL_T clickable-ELDCj2\" data-testid=\"mdbox_image\"><img alt=\"\" aria-hidden=\"true\" \/><strong style=\"color: #333333; font-size: 22px;\">Zv\u00fd\u0161en\u00e1 presnos\u0165 umiestnenia z\u00e1\u0165a\u017ee<\/strong><\/div>\n<\/div>\n<\/div>\n<\/div>\n<\/div>\n<\/div>\n<\/div>\n<div class=\"container-hfX5E8 flow-markdown-body theme-samantha-yJEgBp\" dir=\"ltr\" data-testid=\"message_text_content\" data-show-indicator=\"false\">\n<p>Presn\u00e9 ovl\u00e1danie, ktor\u00e9 zabezpe\u010duj\u00fa hydraulick\u00e9 valce s vykl\u00e1pan\u00edm, zais\u0165uje, \u017ee bremen\u00e1 je mo\u017en\u00e9 umiestni\u0165 presne tam, kde s\u00fa potrebn\u00e9. To je obzvl\u00e1\u0161\u0165 d\u00f4le\u017eit\u00e9 pri priemyselnej mont\u00e1\u017ei alebo stavebn\u00fdch projektoch, kde je potrebn\u00e9 komponenty in\u0161talova\u0165 s vysokou presnos\u0165ou. V automobilovom z\u00e1vode m\u00f4\u017ee \u017eeriav vyu\u017ei\u0165 funkciu vykl\u00e1pania na presn\u00e9 umiestnenie \u010dast\u00ed motora na mont\u00e1\u017enej linke.<\/p>\n<\/div>\n<div class=\"container-hfX5E8 flow-markdown-body theme-samantha-yJEgBp\" dir=\"ltr\" data-testid=\"message_text_content\" data-show-indicator=\"false\">\n<div class=\"auto-hide-last-sibling-br paragraph-qzbcQC paragraph-element br-paragraph-space\">Stru\u010dne povedan\u00e9, hydraulick\u00e9 valce s v\u00fdkyvn\u00fdm mechanizmom pre automobilov\u00e9 \u017eeriavy v\u00fdrazne zlep\u0161uj\u00fa \u00fa\u010dinnos\u0165 zdv\u00edhac\u00edch oper\u00e1ci\u00ed v\u010faka flexibiln\u00e9mu nastaveniu uhla, r\u00fdchlej\u0161\u00edm prev\u00e1dzkov\u00fdm cyklom, prisp\u00f4sobivosti r\u00f4znym prostrediam a zv\u00fd\u0161enej presnosti umiestnenia bremena.<\/div>\n<\/div>\n<\/section>\n<section id=\"company-introduction\">\n<h2><strong>O spolo\u010dnosti Ever-Power Huachang Hydraulic:<\/strong><\/h2>\n<h2><img loading=\"lazy\" decoding=\"async\" class=\"alignnone size-full wp-image-16972\" src=\"https:\/\/www.hydraulic-cylinders.net\/wp-content\/uploads\/2025\/01\/hydraulic-cylinder-factory-1-scaled.webp\" alt=\"\" width=\"2016\" height=\"2560\" srcset=\"https:\/\/www.hydraulic-cylinders.net\/wp-content\/uploads\/2025\/01\/hydraulic-cylinder-factory-1-scaled.webp 2016w, https:\/\/www.hydraulic-cylinders.net\/wp-content\/uploads\/2025\/01\/hydraulic-cylinder-factory-1-1280x1625.webp 1280w, https:\/\/www.hydraulic-cylinders.net\/wp-content\/uploads\/2025\/01\/hydraulic-cylinder-factory-1-980x1244.webp 980w, https:\/\/www.hydraulic-cylinders.net\/wp-content\/uploads\/2025\/01\/hydraulic-cylinder-factory-1-480x610.webp 480w\" sizes=\"(min-width: 0px) and (max-width: 480px) 480px, (min-width: 481px) and (max-width: 980px) 980px, (min-width: 981px) and (max-width: 1280px) 1280px, (min-width: 1281px) 2016px, 100vw\" \/><\/h2>\n<p>Spolo\u010dnos\u0165 Ever-Power Huachang Hydraulic je priekopn\u00edkom v oblasti hydraulick\u00fdch inov\u00e1ci\u00ed prostredn\u00edctvom dynamick\u00e9ho centra v\u00fdskumu a v\u00fdvoja, kde sk\u00fasen\u00ed in\u017einieri vytv\u00e1raj\u00fa pokro\u010dil\u00e9 rie\u0161enia pre auto\u017eeriavy a priemyseln\u00e9 stroje, \u010d\u00edm pos\u00favaj\u00fa hranice v\u00fdkonu a dizajnu.<\/p>\n<p>Na\u0161e \u0161pi\u010dkov\u00e9 v\u00fdrobn\u00e9 zariadenie vyu\u017e\u00edva automatizovan\u00e9 presn\u00e9 syst\u00e9my a inteligentn\u00e9 v\u00fdrobn\u00e9 techniky, v\u010faka \u010domu vyr\u00e1bame vysokokvalitn\u00e9 valce, ktor\u00e9 sp\u013a\u0148aj\u00fa r\u00f4zne potreby odvetvia s bezkonkuren\u010dnou \u00fa\u010dinnos\u0165ou a spo\u013eahlivos\u0165ou.<\/p>\n<h2><img loading=\"lazy\" decoding=\"async\" class=\"alignnone size-full wp-image-16973\" src=\"https:\/\/www.hydraulic-cylinders.net\/wp-content\/uploads\/2025\/01\/hydraulic-cylinder-factory-2-scaled.webp\" alt=\"\" width=\"2011\" height=\"2560\" srcset=\"https:\/\/www.hydraulic-cylinders.net\/wp-content\/uploads\/2025\/01\/hydraulic-cylinder-factory-2-scaled.webp 2011w, https:\/\/www.hydraulic-cylinders.net\/wp-content\/uploads\/2025\/01\/hydraulic-cylinder-factory-2-1280x1629.webp 1280w, https:\/\/www.hydraulic-cylinders.net\/wp-content\/uploads\/2025\/01\/hydraulic-cylinder-factory-2-980x1248.webp 980w, https:\/\/www.hydraulic-cylinders.net\/wp-content\/uploads\/2025\/01\/hydraulic-cylinder-factory-2-480x611.webp 480w\" sizes=\"(min-width: 0px) and (max-width: 480px) 480px, (min-width: 481px) and (max-width: 980px) 980px, (min-width: 981px) and (max-width: 1280px) 1280px, (min-width: 1281px) 2011px, 100vw\" \/><\/h2>\n<p>Zabezpe\u010dujeme excelentnos\u0165 so sofistikovan\u00fdm testovac\u00edm centrom, ktor\u00e9 vyu\u017e\u00edva najmodernej\u0161iu diagnostiku na overenie v\u00fdkonu valcov, doplnen\u00fa o udr\u017eate\u013en\u00e9 n\u00e1tery, ktor\u00e9 zvy\u0161uj\u00fa odolnos\u0165 produktov, ako s\u00fa napr\u00edklad v\u00fdkyvn\u00e9 hydraulick\u00e9 valce pre automobilov\u00e9 \u017eeriavy.<\/p>\n<\/section>","protected":false},"excerpt":{"rendered":"<p>Luffing Hydraulic Cylinders for Car Crane The luffing hydraulic cylinders for car crane, developed by Ever-Power Huachang Hydraulic, are advanced boom angle cylinders engineered to deliver precise control over boom movements in automotive lifting operations. Tailored for compatibility with models, this hydraulic cylinder for car crane excels in urban construction, material handling, and industrial projects. [&hellip;]<\/p>","protected":false},"featured_media":20188,"comment_status":"open","ping_status":"closed","template":"","meta":{"_et_pb_use_builder":"","_et_pb_old_content":"","_et_gb_content_width":""},"product_brand":[],"product_cat":[1514],"product_tag":[],"class_list":{"0":"post-20186","1":"product","2":"type-product","3":"status-publish","4":"has-post-thumbnail","6":"product_cat-mobile-crane-hydraulic-cylinders","8":"first","9":"instock","10":"shipping-taxable","11":"product-type-simple"},"amp_enabled":true,"_links":{"self":[{"href":"https:\/\/www.hydraulic-cylinders.net\/sk\/wp-json\/wp\/v2\/product\/20186","targetHints":{"allow":["GET"]}}],"collection":[{"href":"https:\/\/www.hydraulic-cylinders.net\/sk\/wp-json\/wp\/v2\/product"}],"about":[{"href":"https:\/\/www.hydraulic-cylinders.net\/sk\/wp-json\/wp\/v2\/types\/product"}],"replies":[{"embeddable":true,"href":"https:\/\/www.hydraulic-cylinders.net\/sk\/wp-json\/wp\/v2\/comments?post=20186"}],"wp:featuredmedia":[{"embeddable":true,"href":"https:\/\/www.hydraulic-cylinders.net\/sk\/wp-json\/wp\/v2\/media\/20188"}],"wp:attachment":[{"href":"https:\/\/www.hydraulic-cylinders.net\/sk\/wp-json\/wp\/v2\/media?parent=20186"}],"wp:term":[{"taxonomy":"product_brand","embeddable":true,"href":"https:\/\/www.hydraulic-cylinders.net\/sk\/wp-json\/wp\/v2\/product_brand?post=20186"},{"taxonomy":"product_cat","embeddable":true,"href":"https:\/\/www.hydraulic-cylinders.net\/sk\/wp-json\/wp\/v2\/product_cat?post=20186"},{"taxonomy":"product_tag","embeddable":true,"href":"https:\/\/www.hydraulic-cylinders.net\/sk\/wp-json\/wp\/v2\/product_tag?post=20186"}],"curies":[{"name":"pracovn\u00fd list","href":"https:\/\/api.w.org\/{rel}","templated":true}]}}