{"id":20707,"date":"2025-05-27T06:21:51","date_gmt":"2025-05-27T06:21:51","guid":{"rendered":"https:\/\/www.hydraulic-cylinders.net\/product\/csyg2074-micro-digging-boom-cylinder\/"},"modified":"2025-05-27T06:21:53","modified_gmt":"2025-05-27T06:21:53","slug":"csyg2074-micro-digging-boom-cylinder","status":"publish","type":"product","link":"https:\/\/www.hydraulic-cylinders.net\/sk\/produkt\/csyg2074-micro-digging-boom-cylinder\/","title":{"rendered":"CSYG2074 Mikrokopac\u00ed valec v\u00fdlo\u017en\u00edka"},"content":{"rendered":"<h1>CSYG2074 Mikrokopac\u00ed valec v\u00fdlo\u017en\u00edka<\/h1>\n<h2>\u00davod k valcu mikrokopacieho v\u00fdlo\u017en\u00edka CSYG2074<\/h2>\n<p>Hydraulick\u00fd valec v\u00fdlo\u017en\u00edka CSYG2074 s mikro r\u00fdpac\u00edmi schopnos\u0165ami je d\u00f4le\u017eitou s\u00fa\u010das\u0165ou hydraulick\u00fdch syst\u00e9mov, najm\u00e4 v aplik\u00e1ci\u00e1ch vy\u017eaduj\u00facich presn\u00e9 kopanie a zdv\u00edhanie. Tento hydraulick\u00fd valec je ur\u010den\u00fd pre mikro r\u00fdpadl\u00e1 a podobn\u00e9 stroje a umo\u017e\u0148uje plynul\u00fa a efekt\u00edvnu prev\u00e1dzku. Hydraulick\u00e9 valce premie\u0148aj\u00fa energiu kvapaliny na line\u00e1rny mechanick\u00fd pohyb, \u010do umo\u017e\u0148uje obsluhe vykon\u00e1va\u0165 \u00falohy, ako je kopanie, zdv\u00edhanie a premiest\u0148ovanie \u0165a\u017ek\u00fdch bremien s minim\u00e1lnym \u00fasil\u00edm. CSYG2074 sa m\u00f4\u017ee pochv\u00e1li\u0165 p\u00f4sobiv\u00fdmi \u0161pecifik\u00e1ciami, ktor\u00e9 zvy\u0161uj\u00fa jeho v\u00fdkon, v\u010faka \u010domu je nevyhnutnou s\u00fa\u010das\u0165ou modern\u00fdch v\u00fdkopov\u00fdch zariaden\u00ed.<\/p>\n<h2>\u0160pecifik\u00e1cie produktu<\/h2>\n<h3>K\u013e\u00fa\u010dov\u00e9 parametre<\/h3>\n<ul>\n<li>Priemer valca: 63 mm<\/li>\n<li>Priemer ty\u010de: 35 mm<\/li>\n<li>Zdvih: 280 mm<\/li>\n<li>Mont\u00e1\u017ena vzdialenos\u0165: 595 mm<\/li>\n<\/ul>\n<h3>Roz\u0161\u00edren\u00e9 \u0161pecifik\u00e1cie<\/h3>\n<p>Priemer valca 63 mm poskytuje robustn\u00fa kon\u0161trukciu vhodn\u00fa pre n\u00e1ro\u010dn\u00e9 \u00falohy a zais\u0165uje stabilitu pod tlakom. Priemer ty\u010de 35 mm zvy\u0161uje pevnos\u0165 valca a umo\u017e\u0148uje mu odol\u00e1va\u0165 zna\u010dn\u00fdm sil\u00e1m po\u010das prev\u00e1dzky. D\u013a\u017eka zdvihu 280 mm umo\u017e\u0148uje v\u0161estrann\u00fd pohyb, ktor\u00fd je nevyhnutn\u00fd pre r\u00f4zne potreby kopania. S mont\u00e1\u017enou vzdialenos\u0165ou 595 mm je CSYG2074 navrhnut\u00fd pre jednoduch\u00fa integr\u00e1ciu do existuj\u00facich strojov, \u010do z neho rob\u00ed praktick\u00fa vo\u013ebu pre v\u00fdrobcov aj prev\u00e1dzkovate\u013eov.<\/p>\n<h2>Vlastnosti CSYG2074<\/h2>\n<ul>\n<li>Vysok\u00e1 odolnos\u0165 a pevnos\u0165 pre n\u00e1ro\u010dn\u00e9 prostredie.<\/li>\n<li>Presn\u00e9 in\u017einierstvo pre presn\u00fd v\u00fdkon.<\/li>\n<li>Jednoduch\u00fd proces in\u0161tal\u00e1cie pre r\u00fdchlu integr\u00e1ciu.<\/li>\n<li>Kompatibiln\u00e9 s r\u00f4znymi hydraulick\u00fdmi syst\u00e9mami.<\/li>\n<li>Prisp\u00f4sobite\u013en\u00e9 mo\u017enosti dostupn\u00e9 pre splnenie \u0161pecifick\u00fdch potrieb.<\/li>\n<\/ul>\n<p>Tento produkt dok\u00e1\u017eeme vyrobi\u0165 s vysokou presnos\u0165ou, \u010d\u00edm zabezpe\u010d\u00edme, \u017ee na\u0161e valce dok\u00e1\u017eu dokonale nahradi\u0165 existuj\u00face hydraulick\u00e9 valce bez kompromisov v oblasti v\u00fdkonu alebo bezpe\u010dnosti.<\/p>\n<h2>Aplik\u00e1cie CSYG2074<\/h2>\n<h3>1. Stavenisk\u00e1<\/h3>\n<p>Model CSYG2074 sa \u0161iroko pou\u017e\u00edva na stavb\u00e1ch pri \u00faloh\u00e1ch, ako je kopanie z\u00e1kladov, zdv\u00edhanie materi\u00e1lov a vykon\u00e1vanie zemn\u00fdch pr\u00e1c. Jeho schopnos\u0165 poskytova\u0165 zna\u010dn\u00fa zdv\u00edhaciu silu pri zachovan\u00ed presnosti z neho rob\u00ed pr\u00ednos pre stavebn\u00e9 t\u00edmy. \u010ci u\u017e ide o kladenie z\u00e1kladov pre nov\u00e9 stavby alebo pomoc pri \u00faprave krajiny, valec mikrokopacieho v\u00fdlo\u017en\u00edka zohr\u00e1va k\u013e\u00fa\u010dov\u00fa \u00falohu pri zvy\u0161ovan\u00ed celkovej produktivity.<\/p>\n<h3>2. Po\u013enohospod\u00e1rstvo<\/h3>\n<p>Po\u013enohospod\u00e1rske stroje vyu\u017e\u00edvaj\u00fa CSYG2074 na r\u00f4zne \u00falohy vr\u00e1tane orby, obr\u00e1bania p\u00f4dy a siatia. Efekt\u00edvna prev\u00e1dzka valca umo\u017e\u0148uje po\u013enohospod\u00e1rom vykon\u00e1va\u0165 tieto \u00falohy efekt\u00edvnej\u0161ie, \u010do prispieva k zv\u00fd\u0161eniu v\u00fdnosov a efektivity. Integr\u00e1ciou tohto hydraulick\u00e9ho komponentu do svojich zariaden\u00ed m\u00f4\u017eu po\u013enohospod\u00e1ri optimalizova\u0165 svoj pracovn\u00fd postup, \u010do u\u013eah\u010duje manipul\u00e1ciu s plodinami a obhospodarovanie p\u00f4dy.<\/p>\n<h3>3. Ter\u00e9nne \u00fapravy<\/h3>\n<p>V krajin\u00e1rskych projektoch sa valec CSYG2074 pou\u017e\u00edva na \u00falohy, ako je kopanie z\u00e1kopov, premiest\u0148ovanie zeminy a tvarovanie ter\u00e9nu. Jeho kompaktn\u00e1 ve\u013ekos\u0165 mu umo\u017e\u0148uje pohybova\u0165 sa v \u00fazkych priestoroch a z\u00e1rove\u0148 poskytova\u0165 vysok\u00fd v\u00fdkon. Krajin\u00e1rsky architekti profituj\u00fa z presnosti a spo\u013eahlivosti valca, \u010do zabezpe\u010duje efekt\u00edvne a vysoko kvalitn\u00e9 dokon\u010denie projektov.<\/p>\n<h2>\u00davahy o dizajne a krit\u00e9ri\u00e1 v\u00fdberu<\/h2>\n<h3>Nosnos\u0165<\/h3>\n<p>Nosnos\u0165 valca CSYG2074 je kritick\u00fdm kon\u0161truk\u010dn\u00fdm faktorom, preto\u017ee ur\u010duje maxim\u00e1lnu hmotnos\u0165, ktor\u00fa valec dok\u00e1\u017ee po\u010das prev\u00e1dzky znies\u0165. Zabezpe\u010denie toho, aby valec mohol bezpe\u010dne zdv\u00edha\u0165 a premiest\u0148ova\u0165 \u0165a\u017ek\u00e9 bremen\u00e1 bez poruchy, je nevyhnutn\u00e9 pre bezpe\u010dnos\u0165 aj \u00fa\u010dinnos\u0165. V\u00fdrobcovia zvy\u010dajne vykon\u00e1vaj\u00fa rozsiahle testovanie na overenie t\u00fdchto nosnost\u00ed, ktor\u00e9 musia by\u0165 v s\u00falade s po\u017eiadavkami zam\u00fd\u0161\u013eanej aplik\u00e1cie.<\/p>\n<h3>Tesniaci v\u00fdkon<\/h3>\n<p>Tesnenie je \u010fal\u0161\u00edm d\u00f4le\u017eit\u00fdm aspektom kon\u0161trukcie hydraulick\u00e9ho valca. Tesnenia musia zabr\u00e1ni\u0165 \u00faniku hydraulickej kvapaliny, \u010do by mohlo ohrozi\u0165 v\u00fdkon a bezpe\u010dnos\u0165. CSYG2074 vyu\u017e\u00edva vysoko kvalitn\u00e9 tesniace materi\u00e1ly navrhnut\u00e9 tak, aby odolali extr\u00e9mnym podmienkam a z\u00e1rove\u0148 zabezpe\u010dili optim\u00e1lny v\u00fdkon. Dobre utesnen\u00fd valec minimalizuje riziko kontamin\u00e1cie a zni\u017euje potrebu \u00fadr\u017eby, \u010d\u00edm zvy\u0161uje celkov\u00fa spo\u013eahlivos\u0165.<\/p>\n<h3>Trvanlivos\u0165<\/h3>\n<p>Trvanlivos\u0165 je k\u013e\u00fa\u010dov\u00e1 pre ak\u00fdko\u013evek hydraulick\u00fd komponent, najm\u00e4 v n\u00e1ro\u010dn\u00fdch prostrediach. Materi\u00e1ly pou\u017eit\u00e9 v CSYG2074 s\u00fa vybran\u00e9 pre svoju pevnos\u0165 a odolnos\u0165 vo\u010di opotrebovaniu. T\u00e1to trvanlivos\u0165 zais\u0165uje dlh\u0161iu \u017eivotnos\u0165 a ni\u017e\u0161ie n\u00e1klady na \u00fadr\u017ebu, \u010do pou\u017e\u00edvate\u013eom v priebehu \u010dasu poskytuje vynikaj\u00facu hodnotu. Pravideln\u00e9 kontroly integrity materi\u00e1lu s\u00fa nevyhnutn\u00e9 na zabezpe\u010denie konzistentn\u00e9ho v\u00fdkonu.<\/p>\n<h3>Bezpe\u010dnostn\u00e9 prvky<\/h3>\n<p>Bezpe\u010dnostn\u00e9 prvky s\u00fa pri kon\u0161trukcii hydraulick\u00fdch valcov prvorad\u00e9. Model CSYG2074 obsahuje r\u00f4zne bezpe\u010dnostn\u00e9 opatrenia na zabr\u00e1nenie poruch\u00e1m, ktor\u00e9 by mohli vies\u0165 k nehod\u00e1m. Patria sem pretlakov\u00e9 ventily a mo\u017enosti bezpe\u010dnej mont\u00e1\u017ee na zaistenie stability po\u010das prev\u00e1dzky. Uprednostnen\u00edm bezpe\u010dnosti m\u00f4\u017eu v\u00fdrobcovia chr\u00e1ni\u0165 obsluhu aj zariadenia pred potenci\u00e1lnymi nebezpe\u010denstvami.<\/p>\n<h3>Pr\u00edstupnos\u0165 \u00fadr\u017eby<\/h3>\n<p>Navrhovanie pre jednoduch\u00fa \u00fadr\u017ebu je nevyhnutn\u00e9 pre zabezpe\u010denie dlhodobej funk\u010dnosti. CSYG2074 je navrhnut\u00fd s oh\u013eadom na \u00fadr\u017ebu, \u010do umo\u017e\u0148uje jednoduch\u00fd pr\u00edstup k tesneniam a in\u00fdm komponentom, ktor\u00e9 m\u00f4\u017eu vy\u017eadova\u0165 pravideln\u00fa pozornos\u0165. To umo\u017e\u0148uje r\u00fdchle kontroly a opravy, minimalizuje prestoje a zlep\u0161uje celkov\u00fa prev\u00e1dzkov\u00fa efektivitu.<\/p>\n<h2>Tesnenie a mazanie<\/h2>\n<p>Proper sealing and lubrication are crucial for the effective operation of the CSYG2074. This cylinder utilizes various sealing components, including piston seals and rod seals, to maintain fluid integrity. The selection of durable materials, such as polyurethane and nitrile rubber, enhances wear resistance, prolonging the life of the seals. Additionally, the cylinder&#8217;s body and threaded ends undergo fine surface treatment to improve durability and wear resistance.<\/p>\n<p>Pravideln\u00e9 mazanie hydraulick\u00fdm olejom je nevyhnutn\u00e9 na udr\u017eanie optim\u00e1lneho v\u00fdkonu. Obsluha by mala zabezpe\u010di\u0165, aby bol valec dostato\u010dne mazan\u00fd, aby sa zn\u00ed\u017eilo trenie a opotrebovanie pohybliv\u00fdch \u010dast\u00ed. Na pred\u013a\u017eenie \u017eivotnosti valca sa odpor\u00fa\u010da pl\u00e1n \u00fadr\u017eby, ktor\u00fd zah\u0155\u0148a kontrolu a dop\u013a\u0148anie hydraulick\u00e9ho oleja.<\/p>\n<h2>Opatrenia prevent\u00edvnej \u00fadr\u017eby<\/h2>\n<ul>\n<li>Pravideln\u00e9 kontroly, \u010di nevykazuj\u00fa zn\u00e1mky opotrebovania alebo po\u0161kodenia.<\/li>\n<li>Konzistentn\u00e9 mazanie pre zabezpe\u010denie hladk\u00e9ho chodu.<\/li>\n<li>Pl\u00e1novan\u00e1 v\u00fdmena tesnen\u00ed, aby sa predi\u0161lo \u00fanikom.<\/li>\n<\/ul>\n<p>Implement\u00e1cia pl\u00e1nu prevent\u00edvnej \u00fadr\u017eby pom\u00e1ha identifikova\u0165 probl\u00e9my sk\u00f4r, ako sa vyhrotia, a t\u00fdm zabezpe\u010duje, \u017ee CSYG2074 zostane vo vynikaj\u00facom prev\u00e1dzkovom stave. Pravideln\u00e9 kontroly a v\u010dasn\u00e9 z\u00e1sahy m\u00f4\u017eu v\u00fdrazne zn\u00ed\u017ei\u0165 n\u00e1klady na opravy a pred\u013a\u017ei\u0165 \u017eivotnos\u0165 hydraulick\u00e9ho valca.<\/p>\n<h2>Pokyny na in\u0161tal\u00e1ciu<\/h2>\n<p>Correct installation of the CSYG2074 is vital for optimal performance. Begin by reviewing the manufacturer&#8217;s guidelines for the specific installation process tailored to your machine. Ensure that all components are clean and free of debris before starting the installation. Utilize appropriate mounting brackets to secure the cylinder in place and provide stability during operation. Proper alignment is essential; misalignment can lead to premature wear or failure. Adjust the cylinder&#8217;s position carefully to maintain straightness and avoid undue stress on seals and rods. Once installed, conduct a test run at low pressure to validate the installation. Check for leaks and ensure smooth operation before proceeding to full operational pressure. Regularly revisiting the installation integrity as part of maintenance ensures that the cylinder remains securely mounted.<\/p>\n<h2>Be\u017en\u00e9 \u00falohy \u00fadr\u017eby<\/h2>\n<h3>Pravideln\u00e9 kontroly<\/h3>\n<p>\u010cast\u00e9 kontroly pom\u00e1haj\u00fa v\u010das identifikova\u0165 potenci\u00e1lne probl\u00e9my. H\u013eadajte zn\u00e1mky netesnost\u00ed, kor\u00f3zie alebo ak\u00e9hoko\u013evek fyzick\u00e9ho po\u0161kodenia. V\u010dasn\u00e9 rie\u0161enie t\u00fdchto probl\u00e9mov m\u00f4\u017ee zabr\u00e1ni\u0165 n\u00e1kladn\u00fdm oprav\u00e1m a prev\u00e1dzkov\u00fdm prestojom.<\/p>\n<h3>Spr\u00e1vne mazanie<\/h3>\n<p>Lubrication is critical for the smooth functioning of the CSYG2074. Ensure that hydraulic oil levels are maintained, and apply lubricant to all moving parts as per the manufacturer&#8217;s recommendations. Proper lubrication reduces friction and wear, ultimately extending the cylinder&#8217;s life.<\/p>\n<h3>V\u00fdmena tesnenia a kontroly kalibr\u00e1cie<\/h3>\n<p>Pravideln\u00e1 v\u00fdmena tesnen\u00ed je nevyhnutn\u00e1 na zabr\u00e1nenie \u00fanikom a udr\u017eanie v\u00fdkonu. Po\u010das \u00fadr\u017eby vyhodno\u0165te stav tesnen\u00ed a pod\u013ea potreby ich vyme\u0148te. Pravidelne by sa mali vykon\u00e1va\u0165 aj kalibra\u010dn\u00e9 kontroly, aby sa zabezpe\u010dilo, \u017ee valec pracuje v r\u00e1mci stanoven\u00fdch parametrov, \u010d\u00edm sa zvy\u0161uje presnos\u0165 a \u00fa\u010dinnos\u0165.<\/p>\n<h2>Bezpe\u010dnostn\u00e9 aspekty a faktory prostredia<\/h2>\n<p>Pri pou\u017e\u00edvan\u00ed valca mikrokopacieho v\u00fdlo\u017en\u00edka CSYG2074 s\u00fa bezpe\u010dnostn\u00e9 opatrenia k\u013e\u00fa\u010dov\u00e9. Obsluha by mala v\u017edy nosi\u0165 vhodn\u00e9 osobn\u00e9 ochrann\u00e9 prostriedky (OOP) a dodr\u017eiava\u0165 bezpe\u010dnostn\u00e9 protokoly na zmiernenie riz\u00edk. Zabezpe\u010denie netesnost\u00ed hydraulick\u00e9ho syst\u00e9mu nielen zvy\u0161uje bezpe\u010dnos\u0165, ale aj minimalizuje vplyv na \u017eivotn\u00e9 prostredie. Spr\u00e1vna likvid\u00e1cia hydraulick\u00fdch kvapal\u00edn a v\u0161etk\u00fdch vymenen\u00fdch komponentov je nevyhnutn\u00e1 na ochranu \u017eivotn\u00e9ho prostredia, \u010do zd\u00f4raz\u0148uje d\u00f4le\u017eitos\u0165 zodpovedn\u00fdch postupov pri hydraulick\u00fdch oper\u00e1ci\u00e1ch.<\/p>\n<h2>Diagnostika por\u00fach a be\u017en\u00e9 probl\u00e9my<\/h2>\n<ul>\n<li>\u00daniky hydraulickej kvapaliny: Skontrolujte tesnenia a spoje, \u010di nie s\u00fa opotrebovan\u00e9.<\/li>\n<li>Slab\u00fd v\u00fdkon: Skontrolujte, \u010di nie s\u00fa upchat\u00e9 alebo \u010di nie je n\u00edzka hladina kvapaliny.<\/li>\n<li>Nezvy\u010dajn\u00e9 zvuky: Skontrolujte, \u010di nie s\u00fa uvo\u013enen\u00e9 komponenty alebo \u010di nie s\u00fa vn\u00fatorn\u00e9 po\u0161koden\u00e9.<\/li>\n<\/ul>\n<p>Diagnostika por\u00fach v CSYG2074 zah\u0155\u0148a systematick\u00fd pr\u00edstup. V pr\u00edpade \u00fanikov hydraulickej kvapaliny skontrolujte tesnenia a armat\u00fary, \u010di neobsahuj\u00fa zn\u00e1mky opotrebovania. Ak sa vyskytn\u00fa probl\u00e9my s v\u00fdkonom, uistite sa, \u017ee hladiny hydraulickej kvapaliny s\u00fa dostato\u010dn\u00e9 a bez ne\u010dist\u00f4t. Nezvy\u010dajn\u00e9 zvuky po\u010das prev\u00e1dzky m\u00f4\u017eu nazna\u010dova\u0165 uvo\u013enen\u00e9 komponenty alebo vn\u00fatorn\u00e9 po\u0161kodenie, \u010do si vy\u017eaduje okam\u017eit\u00fa kontrolu, aby sa predi\u0161lo \u010fal\u0161\u00edm komplik\u00e1ci\u00e1m.<\/p>\n<h2>Tipy na rie\u0161enie probl\u00e9mov<\/h2>\n<p>Ak sa zistia probl\u00e9my, je nevyhnutn\u00e9 ich r\u00fdchlo rie\u0161i\u0165. V pr\u00edpade netesnost\u00ed vyme\u0148te opotrebovan\u00e9 tesnenia a uistite sa, \u017ee v\u0161etky spoje s\u00fa bezpe\u010dn\u00e9. V pr\u00edpade slab\u00e9ho v\u00fdkonu skontrolujte, \u010di je hydraulick\u00e1 kvapalina naplnen\u00e1 na spr\u00e1vnu \u00farove\u0148 a \u010di v syst\u00e9me nie s\u00fa \u017eiadne upchatia. Pravideln\u00e1 \u00fadr\u017eba je najlep\u0161\u00edm prevent\u00edvnym opatren\u00edm proti t\u00fdmto be\u017en\u00fdm probl\u00e9mom, ktor\u00e9 zabezpe\u010duje, \u017ee CSYG2074 zostane funk\u010dn\u00fd a efekt\u00edvny.<\/p>\n<p><img decoding=\"async\" src=\"https:\/\/www.hydraulic-cylinders.net\/wp-content\/uploads\/2025\/05\/hydraulic-cylinder-all-2.webp\" alt=\"Obr\u00e1zok hydraulick\u00e9ho valca\"><\/p>\n<h2>O na\u0161ej spolo\u010dnosti<\/h2>\n<p>Sme popredn\u00fdm v\u00fdrobcom hydraulick\u00fdch valcov, uzn\u00e1van\u00fdch na dom\u00e1com aj medzin\u00e1rodnom trhu pre n\u00e1\u0161 komplexn\u00fd sortiment produktov. Na\u0161e odborn\u00e9 znalosti v oblasti hydraulick\u00fdch technol\u00f3gi\u00ed n\u00e1s etablovali ako popredn\u00e9ho hr\u00e1\u010da na trhu. Sme hrd\u00ed na na\u0161e profesion\u00e1lne v\u00fdrobn\u00e9 postupy a udr\u017eiavame si medzin\u00e1rodn\u00e9 certifik\u00e1cie, aby sme zabezpe\u010dili kvalitu a spo\u013eahlivos\u0165 ka\u017ed\u00e9ho produktu, ktor\u00fd dod\u00e1vame.<\/p>\n<p>Na\u0161e najmodernej\u0161ie v\u00fdrobn\u00e9 zariadenia n\u00e1m umo\u017e\u0148uj\u00fa pon\u00faka\u0165 rie\u0161enia na mieru prisp\u00f4soben\u00e9 \u0161pecifick\u00fdm potreb\u00e1m na\u0161ich klientov. Kladieme tie\u017e d\u00f4raz na v\u00fdnimo\u010dn\u00fd popredajn\u00fd servis, \u010d\u00edm zabezpe\u010dujeme, aby na\u0161i z\u00e1kazn\u00edci dostali potrebn\u00fa podporu po\u010das cel\u00e9ho \u017eivotn\u00e9ho cyklu na\u0161ich produktov.<\/p>\n<p><img decoding=\"async\" src=\"https:\/\/www.hydraulic-cylinders.net\/wp-content\/uploads\/2025\/05\/xinxin-hydraulic-cylinder-factory-1.webp\" alt=\"Tov\u00e1re\u0148 na hydraulick\u00e9 valce\"><\/p>\n<p>Autor: lyl<\/p>","protected":false},"excerpt":{"rendered":"<p>CSYG2074 Micro Digging Boom Cylinder Introduction to the CSYG2074 Micro Digging Boom Cylinder The CSYG2074 Micro Digging Boom Cylinder is a vital component in hydraulic systems, particularly in applications requiring precise digging and lifting capabilities. This hydraulic cylinder is designed for micro excavators and similar machinery, facilitating smooth and efficient operation. Hydraulic cylinders convert fluid [&hellip;]<\/p>","protected":false},"featured_media":20602,"comment_status":"open","ping_status":"closed","template":"","meta":{"_et_pb_use_builder":"","_et_pb_old_content":"","_et_gb_content_width":""},"product_brand":[],"product_cat":[1483,1557],"product_tag":[],"class_list":{"0":"post-20707","1":"product","2":"type-product","3":"status-publish","4":"has-post-thumbnail","6":"product_cat-construction-machinery-hydraulic-cylinders","7":"product_cat-micro-digging-side-hydraulic-cylinders","9":"first","10":"instock","11":"shipping-taxable","12":"product-type-simple"},"amp_enabled":true,"_links":{"self":[{"href":"https:\/\/www.hydraulic-cylinders.net\/sk\/wp-json\/wp\/v2\/product\/20707","targetHints":{"allow":["GET"]}}],"collection":[{"href":"https:\/\/www.hydraulic-cylinders.net\/sk\/wp-json\/wp\/v2\/product"}],"about":[{"href":"https:\/\/www.hydraulic-cylinders.net\/sk\/wp-json\/wp\/v2\/types\/product"}],"replies":[{"embeddable":true,"href":"https:\/\/www.hydraulic-cylinders.net\/sk\/wp-json\/wp\/v2\/comments?post=20707"}],"wp:featuredmedia":[{"embeddable":true,"href":"https:\/\/www.hydraulic-cylinders.net\/sk\/wp-json\/wp\/v2\/media\/20602"}],"wp:attachment":[{"href":"https:\/\/www.hydraulic-cylinders.net\/sk\/wp-json\/wp\/v2\/media?parent=20707"}],"wp:term":[{"taxonomy":"product_brand","embeddable":true,"href":"https:\/\/www.hydraulic-cylinders.net\/sk\/wp-json\/wp\/v2\/product_brand?post=20707"},{"taxonomy":"product_cat","embeddable":true,"href":"https:\/\/www.hydraulic-cylinders.net\/sk\/wp-json\/wp\/v2\/product_cat?post=20707"},{"taxonomy":"product_tag","embeddable":true,"href":"https:\/\/www.hydraulic-cylinders.net\/sk\/wp-json\/wp\/v2\/product_tag?post=20707"}],"curies":[{"name":"pracovn\u00fd list","href":"https:\/\/api.w.org\/{rel}","templated":true}]}}