{"id":20710,"date":"2025-05-27T06:21:58","date_gmt":"2025-05-27T06:21:58","guid":{"rendered":"https:\/\/www.hydraulic-cylinders.net\/product\/sanitation-vehicle-locking-hook-hydraulic-cylinder\/"},"modified":"2025-05-27T06:22:00","modified_gmt":"2025-05-27T06:22:00","slug":"sanitation-vehicle-locking-hook-hydraulic-cylinder","status":"publish","type":"product","link":"https:\/\/www.hydraulic-cylinders.net\/sk\/produkt\/sanitation-vehicle-locking-hook-hydraulic-cylinder\/","title":{"rendered":"Hydraulick\u00fd valec s uzamykac\u00edm h\u00e1kom pre sanit\u00e1rne vozidl\u00e1"},"content":{"rendered":"<h1>Hydraulick\u00fd valec s uzamykac\u00edm h\u00e1kom pre sanit\u00e1rne vozidl\u00e1<\/h1>\n<h2>\u00davod do hydraulick\u00e9ho valca<\/h2>\n<p>Hydraulick\u00fd valec s uzamykac\u00edm h\u00e1kom pre sanit\u00e1rne vozidl\u00e1 je k\u013e\u00fa\u010dov\u00fdm komponentom ur\u010den\u00fdm na zlep\u0161enie funk\u010dnosti sanit\u00e1rnych vozidiel. Tento hydraulick\u00fd valec funguje tak, \u017ee premie\u0148a tlak kvapaliny na mechanick\u00fa silu, \u010do umo\u017e\u0148uje mechanizmy uzamykania a odomykania pre efekt\u00edvne riadenie z\u00e1\u0165a\u017ee. Valec zohr\u00e1va d\u00f4le\u017eit\u00fa \u00falohu pri zabezpe\u010dovan\u00ed zariaden\u00ed a pr\u00edslu\u0161enstva, \u010d\u00edm zais\u0165uje bezpe\u010dnos\u0165 a spo\u013eahlivos\u0165 po\u010das prev\u00e1dzky. S priemerom valca 40 mm a priemerom ty\u010de 22 mm sa t\u00e1to hydraulick\u00e1 jednotka m\u00f4\u017ee pochv\u00e1li\u0165 d\u013a\u017ekou zdvihu 50 mm, v\u010faka \u010domu je ide\u00e1lna pre r\u00f4zne aplik\u00e1cie v sanit\u00e1rnych vozidl\u00e1ch. In\u0161tala\u010dn\u00e1 vzdialenos\u0165 305 mm umo\u017e\u0148uje v\u0161estrann\u00fa integr\u00e1ciu do existuj\u00facich syst\u00e9mov a zabezpe\u010duje, \u017ee sp\u013a\u0148a po\u017eiadavky modern\u00fdch sanita\u010dn\u00fdch prev\u00e1dzok.<\/p>\n<h2>\u0160pecifik\u00e1cie produktu<\/h2>\n<h3>K\u013e\u00fa\u010dov\u00e9 parametre<\/h3>\n<ul>\n<li><strong>Priemer valca:<\/strong> 40 mm<\/li>\n<li><strong>Priemer ty\u010de:<\/strong> 22mm<\/li>\n<li><strong>D\u013a\u017eka cesty:<\/strong> 50 mm<\/li>\n<li><strong>In\u0161tala\u010dn\u00e1 vzdialenos\u0165:<\/strong> 305 mm<\/li>\n<\/ul>\n<p>Tieto \u0161pecifik\u00e1cie zd\u00f4raz\u0148uj\u00fa rozmery a mo\u017enosti hydraulick\u00e9ho valca a pon\u00fakaj\u00fa robustn\u00e9 rie\u0161enie pre r\u00f4zne blokovacie mechanizmy v sanit\u00e1rnych vozidl\u00e1ch.<\/p>\n<h2>Vlastnosti hydraulick\u00e9ho valca<\/h2>\n<ul>\n<li>Vysok\u00e1 odolnos\u0165: Navrhnut\u00e9 tak, aby odolali n\u00e1ro\u010dn\u00fdm prev\u00e1dzkov\u00fdm podmienkam.<\/li>\n<li>Presn\u00e9 in\u017einierstvo: Zais\u0165uje konzistentn\u00fd v\u00fdkon a spo\u013eahlivos\u0165.<\/li>\n<li>Jednoduch\u00e1 in\u0161tal\u00e1cia: Kompatibiln\u00e9 so \u0161tandardn\u00fdmi mont\u00e1\u017enymi konfigur\u00e1ciami.<\/li>\n<li>Vynikaj\u00face tesnenie: Zabra\u0148uje \u00faniku kvapaliny a zvy\u0161uje \u00fa\u010dinnos\u0165.<\/li>\n<li>Prisp\u00f4sobite\u013en\u00e9 mo\u017enosti: Prisp\u00f4soben\u00e9 \u0161pecifick\u00fdm po\u017eiadavk\u00e1m z\u00e1kazn\u00edka.<\/li>\n<\/ul>\n<p>\u0160pecializujeme sa na v\u00fdrobu vysoko kvalitn\u00fdch hydraulick\u00fdch valcov, ktor\u00e9 dokonale nahr\u00e1dzaj\u00fa existuj\u00face modely a zabezpe\u010duj\u00fa bezprobl\u00e9mov\u00fa integr\u00e1ciu a optim\u00e1lny v\u00fdkon.<\/p>\n<h2>Aplik\u00e1cie hydraulick\u00e9ho valca<\/h2>\n<h3>1. Prev\u00e1dzka sanit\u00e1rnych vozidiel<\/h3>\n<p>Tento hydraulick\u00fd valec sa pou\u017e\u00edva predov\u0161etk\u00fdm v sanit\u00e1rnych vozidl\u00e1ch na ovl\u00e1danie uzamykac\u00edch h\u00e1kov, ktor\u00e9 zais\u0165uj\u00fa kontajnery na odpad. Zais\u0165uje bezpe\u010dn\u00e9 uzamknutie kontajnerov po\u010das prepravy, \u010d\u00edm zabra\u0148uje vysypaniu a zvy\u0161uje bezpe\u010dnos\u0165 vodi\u010dov aj chodcov. Umo\u017enen\u00edm r\u00fdchleho uvo\u013enenia a uzamknutia kontajnerov zvy\u0161uje prev\u00e1dzkov\u00fa efektivitu v procesoch zberu odpadu.<\/p>\n<h3>2. Syst\u00e9my zberu odpadu<\/h3>\n<p>V syst\u00e9moch zberu odpadu hydraulick\u00fd valec pom\u00e1ha mechanizmu, ktor\u00fd zdv\u00edha a vykl\u00e1pa kontajnery do zbern\u00e9ho vozidla. Jeho spo\u013eahliv\u00e1 funkcia zais\u0165uje plynul\u00fd proces zdv\u00edhania, \u010d\u00edm sa zni\u017euje opotrebovanie vozidla aj kontajnera. To prispieva k ekologickej\u0161ej prev\u00e1dzke minimaliz\u00e1ciou rozlievania a zabezpe\u010den\u00edm efekt\u00edvneho zberu v\u0161etk\u00e9ho odpadu.<\/p>\n<h3>3. Recykla\u010dn\u00e9 programy<\/h3>\n<p>V recykla\u010dn\u00fdch programoch sa hydraulick\u00fd valec pou\u017e\u00edva na ovl\u00e1danie mechanizmov, ktor\u00e9 triedia a prepravuj\u00fa recyklovate\u013en\u00e9 materi\u00e1ly. Jeho presnos\u0165 a spo\u013eahlivos\u0165 pom\u00e1haj\u00fa riadi\u0165 tok materi\u00e1lov, \u010d\u00edm zabezpe\u010duj\u00fa, \u017ee proces recykl\u00e1cie zostane efekt\u00edvny a \u00fa\u010dinn\u00fd, a t\u00fdm podporuj\u00fa udr\u017eate\u013enos\u0165 v nakladan\u00ed s odpadom.<\/p>\n<h2>\u00davahy o dizajne a krit\u00e9ri\u00e1 v\u00fdberu<\/h2>\n<h3>1. Nosnos\u0165<\/h3>\n<p>Nosnos\u0165 hydraulick\u00e9ho valca je kritick\u00fdm faktorom, ktor\u00fd ur\u010duje, ak\u00fa hmotnos\u0165 dok\u00e1\u017ee bezpe\u010dne zvl\u00e1dnu\u0165 bez poruchy. To zah\u0155\u0148a zoh\u013eadnenie maxim\u00e1lneho za\u0165a\u017eenia, ktor\u00e9 bude p\u00f4sobi\u0165 po\u010das prev\u00e1dzky, a zabezpe\u010denie toho, aby bol valec dostato\u010dne robustn\u00fd, aby odolal pr\u00edslu\u0161n\u00e9mu nam\u00e1haniu. Spr\u00e1vny v\u00fdpo\u010det za\u0165a\u017eenia zabra\u0148uje pred\u010dasn\u00e9mu opotrebovaniu a predl\u017euje \u017eivotnos\u0165 valca.<\/p>\n<h3>2. Tesniaci v\u00fdkon<\/h3>\n<p>\u00da\u010dinn\u00e9 tesnenie je nevyhnutn\u00e9 pre hydraulick\u00e9 valce, aby sa udr\u017eal tlak a zabr\u00e1nilo sa \u00faniku. V\u00fdber tesniacich materi\u00e1lov, ako je polyuret\u00e1n alebo nitrilov\u00fd kau\u010duk, zohr\u00e1va v\u00fdznamn\u00fa \u00falohu pri zabezpe\u010dovan\u00ed dlhodob\u00e9ho v\u00fdkonu. Tieto materi\u00e1ly poskytuj\u00fa vynikaj\u00facu odolnos\u0165 vo\u010di opotrebovaniu a z\u00e1rove\u0148 zachov\u00e1vaj\u00fa tesnos\u0165 pri prev\u00e1dzkov\u00fdch tlakoch.<\/p>\n<h3>3. Trvanlivos\u0165 a dlh\u00e1 \u017eivotnos\u0165<\/h3>\n<p>Medzi aspekty odolnosti patr\u00ed v\u00fdber vysokokvalitn\u00fdch materi\u00e1lov a ochrann\u00fdch n\u00e1terov, ktor\u00e9 odol\u00e1vaj\u00fa drsn\u00fdm podmienkam prostredia. To je obzvl\u00e1\u0161\u0165 d\u00f4le\u017eit\u00e9 v sanit\u00e1rnych aplik\u00e1ci\u00e1ch, kde je be\u017en\u00e9 vystavenie koroz\u00edvnym l\u00e1tkam. Dobre navrhnut\u00e1 f\u013ea\u0161a sa bude vyzna\u010dova\u0165 robustnou kon\u0161trukciou, ktor\u00e1 maximalizuje \u017eivotnos\u0165 a zni\u017euje potrebu \u010dast\u00fdch v\u00fdmen.<\/p>\n<h3>4. Bezpe\u010dnostn\u00e9 prvky<\/h3>\n<p>Bezpe\u010dnos\u0165 je v hydraulick\u00fdch syst\u00e9moch prvorad\u00e1. Kon\u0161trukcia mus\u00ed obsahova\u0165 prvky, ktor\u00e9 minimalizuj\u00fa riziko poruchy, ako s\u00fa napr\u00edklad pretlakov\u00e9 ventily a bezpe\u010dnostn\u00e9 mechanizmy. Tieto komponenty zabezpe\u010duj\u00fa, \u017ee v pr\u00edpade poruchy syst\u00e9m dok\u00e1\u017ee bezpe\u010dne uvo\u013eni\u0165 tlak a zabr\u00e1ni\u0165 nehod\u00e1m po\u010das prev\u00e1dzky.<\/p>\n<h3>5. \u00davahy o \u00fadr\u017ebe a oprav\u00e1ch<\/h3>\n<p>\u00dadr\u017eba je k\u013e\u00fa\u010dov\u00e1 pre dlh\u00fa \u017eivotnos\u0165 hydraulick\u00fdch valcov. Kon\u0161truk\u010dn\u00e9 aspekty by mali u\u013eah\u010di\u0165 pr\u00edstup ku komponentom na kontrolu a \u00fadr\u017ebu vr\u00e1tane tesnen\u00ed a mazac\u00edch bodov. Za\u010dlenenie modul\u00e1rnych komponentov m\u00f4\u017ee zjednodu\u0161i\u0165 opravy a skr\u00e1ti\u0165 prestoje, \u010d\u00edm sa zabezpe\u010d\u00ed, \u017ee syst\u00e9m zostane funk\u010dn\u00fd.<\/p>\n<h2>Tesnenie a mazanie<\/h2>\n<p>Spr\u00e1vne tesnenie a mazanie s\u00fa nevyhnutn\u00e9 pre efekt\u00edvnu prev\u00e1dzku hydraulick\u00fdch valcov. Na zabezpe\u010denie tesn\u00e9ho utesnenia vo valci sa pou\u017e\u00edvaj\u00fa r\u00f4zne tesniace komponenty, ako s\u00fa tesnenia piestov a ty\u010d\u00ed. Tesnenia vyroben\u00e9 z vysoko odoln\u00fdch materi\u00e1lov, ako je polyuret\u00e1n a nitrilov\u00e1 guma, poskytuj\u00fa vynikaj\u00facu odolnos\u0165 vo\u010di oderu a environment\u00e1lnym faktorom.<\/p>\n<p>Teleso valca a z\u00e1vitov\u00e9 koncov\u00e9 povrchy s\u00fa starostlivo o\u0161etren\u00e9 pre zv\u00fd\u0161enie odolnosti vo\u010di opotrebovaniu. Pravideln\u00e1 \u00fadr\u017eba vy\u017eaduje pravideln\u00e9 mazanie hydraulick\u00fdm olejom, aby sa minimalizovalo trenie a zabezpe\u010dila sa plynul\u00e1 prev\u00e1dzka. To nielen predl\u017euje \u017eivotnos\u0165 tesnen\u00ed, ale tie\u017e zlep\u0161uje celkov\u00fd v\u00fdkon syst\u00e9mu.<\/p>\n<h2>Pravideln\u00e1 kontrola a prevent\u00edvna \u00fadr\u017eba<\/h2>\n<ul>\n<li><strong>Rutinn\u00e1 kontrola:<\/strong> Pravidelne vykon\u00e1vajte vizu\u00e1lne kontroly, \u010di nejavia zn\u00e1mky opotrebovania, netesnost\u00ed alebo po\u0161kodenia. V\u010dasn\u00e9 odhalenie probl\u00e9mov m\u00f4\u017ee pred\u00eds\u0165 z\u00e1va\u017en\u00fdm poruch\u00e1m.<\/li>\n<li><strong>Pl\u00e1n mazania:<\/strong> Stanovte si pl\u00e1n mazania, aby ste zabezpe\u010dili dostato\u010dn\u00e9 mazanie tesnen\u00ed a pohybliv\u00fdch \u010dast\u00ed, \u010d\u00edm sa zv\u00fd\u0161i v\u00fdkon a zn\u00ed\u017ei opotrebenie.<\/li>\n<li><strong>V\u00fdmena tesnenia:<\/strong> Pravidelne kontrolujte tesnenia, \u010di nejavia zn\u00e1mky opotrebovania, a pod\u013ea potreby ich vyme\u0148te, aby ste zachovali optim\u00e1lny tesniaci v\u00fdkon a zabr\u00e1nili strate kvapaliny.<\/li>\n<\/ul>\n<p>Prevent\u00edvne \u00fadr\u017eb\u00e1rske opatrenia s\u00fa nevyhnutn\u00e9 na zabezpe\u010denie efekt\u00edvnej a bezpe\u010dnej prev\u00e1dzky hydraulick\u00e9ho valca a minimaliz\u00e1ciu rizika neo\u010dak\u00e1van\u00fdch por\u00fach.<\/p>\n<h2>Pokyny na in\u0161tal\u00e1ciu<\/h2>\n<p>Spr\u00e1vna in\u0161tal\u00e1cia hydraulick\u00e9ho valca je k\u013e\u00fa\u010dov\u00e1 pre optim\u00e1lny v\u00fdkon. Za\u010dnite t\u00fdm, \u017ee sa uist\u00edte, \u017ee mont\u00e1\u017ene povrchy s\u00fa \u010dist\u00e9 a bez ne\u010dist\u00f4t. Valec presne zarovnajte s mont\u00e1\u017enymi konzolami a upevnite ho pomocou odpor\u00fa\u010dan\u00fdch skrutiek a upev\u0148ovac\u00edch prvkov. Je d\u00f4le\u017eit\u00e9 pou\u017ei\u0165 vhodn\u00e9 mont\u00e1\u017ene konzoly, aby sa predi\u0161lo nespr\u00e1vnemu zarovnaniu, ktor\u00e9 m\u00f4\u017ee vies\u0165 k pred\u010dasn\u00e9mu opotrebovaniu alebo poruche.<\/p>\n<p>Po\u010das in\u0161tal\u00e1cie dodr\u017eiavajte pokyny v\u00fdrobcu t\u00fdkaj\u00face sa \u0161pecifik\u00e1ci\u00ed kr\u00fatiaceho momentu, aby ste zabezpe\u010dili spr\u00e1vnu tesnos\u0165 bez nadmern\u00e9ho stla\u010denia komponentov. Po in\u0161tal\u00e1cii skontrolujte spr\u00e1vne zarovnanie a pod\u013ea potreby ho upravte. Nakoniec, po in\u0161tal\u00e1cii, vykonajte funk\u010dn\u00fd test, aby ste sa uistili, \u017ee valec v syst\u00e9me funguje hladko a efekt\u00edvne.<\/p>\n<h2>Be\u017en\u00e9 \u00falohy \u00fadr\u017eby<\/h2>\n<h3>1. Pravideln\u00e9 kontroly<\/h3>\n<p>Vykon\u00e1vanie pravideln\u00fdch kontrol je nevyhnutn\u00e9 na identifik\u00e1ciu potenci\u00e1lnych probl\u00e9mov sk\u00f4r, ako sa vyhrotia. Skontrolujte, \u010di sa okolo tesnen\u00ed nevyskytuj\u00fa zn\u00e1mky \u00faniku, overte si, \u010di pohybliv\u00e9 \u010dasti funguj\u00fa hladko, a pos\u00fa\u010fte celkov\u00fd stav valca. V\u010dasn\u00fd z\u00e1sah m\u00f4\u017ee zabr\u00e1ni\u0165 n\u00e1kladn\u00fdm oprav\u00e1m a prestojom.<\/p>\n<h3>2. Spr\u00e1vne mazanie<\/h3>\n<p>Zabezpe\u010denie dostato\u010dn\u00e9ho mazania hydraulick\u00e9ho valca je nevyhnutn\u00e9 pre udr\u017eanie optim\u00e1lneho v\u00fdkonu. Pou\u017e\u00edvajte odpor\u00fa\u010dan\u00e9 hydraulick\u00e9 oleje a nan\u00e1\u0161ajte ich na pr\u00edslu\u0161n\u00e9 tesnenia a pohybliv\u00e9 \u010dasti. Spr\u00e1vne mazanie zni\u017euje trenie a opotrebenie, \u010d\u00edm sa predl\u017euje \u017eivotnos\u0165 valca.<\/p>\n<h3>3. V\u00fdmena tesnenia a kontrola kalibr\u00e1cie<\/h3>\n<p>Pravidelne vymie\u0148ajte tesnenia ako s\u00fa\u010das\u0165 \u00fadr\u017eby, aby ste predi\u0161li \u00fanikom a udr\u017eali tlak v syst\u00e9me. Kalibra\u010dn\u00e9 kontroly s\u00fa rovnako d\u00f4le\u017eit\u00e9 na zabezpe\u010denie toho, aby valec fungoval v r\u00e1mci \u0161pecifikovan\u00fdch parametrov, poskytoval presn\u00fd v\u00fdkon a predch\u00e1dzal poruch\u00e1m.<\/p>\n<h2>Bezpe\u010dnostn\u00e9 aspekty a faktory prostredia<\/h2>\n<p>Pri pr\u00e1ci s hydraulick\u00fdmi valcami s\u00fa bezpe\u010dnostn\u00e9 opatrenia nevyhnutn\u00e9. Zabezpe\u010dte, aby bol v\u0161etok person\u00e1l vy\u0161kolen\u00fd v bezpe\u010dnej manipul\u00e1cii a prev\u00e1dzke hydraulick\u00fdch syst\u00e9mov. Implementujte spr\u00e1vne blokovacie mechanizmy, ako napr\u00edklad blokovac\u00ed h\u00e1k v tomto hydraulickom valci, aby ste predi\u0161li n\u00e1hodn\u00e9mu uvo\u013eneniu po\u010das \u00fadr\u017eby alebo prev\u00e1dzky. Okrem toho zv\u00e1\u017ete faktory prostredia zabezpe\u010den\u00edm zodpovedn\u00e9ho hospod\u00e1renia s hydraulickou kvapalinou, aby sa predi\u0161lo rozliatiu a kontamin\u00e1cii.<\/p>\n<h2>Rie\u0161enie probl\u00e9mov a be\u017en\u00e9 probl\u00e9my<\/h2>\n<ul>\n<li><strong>\u00danik:<\/strong> Ak spozorujete \u00fanik hydraulickej kvapaliny z valca, skontrolujte opotrebovanie tesnen\u00ed a v pr\u00edpade potreby ich vyme\u0148te.<\/li>\n<li><strong>Strata tlaku:<\/strong> Strata tlaku m\u00f4\u017ee nazna\u010dova\u0165 upchatie alebo netesnos\u0165 v syst\u00e9me. Skontrolujte potrubia a spoje, \u010di nie s\u00fa po\u0161koden\u00e9.<\/li>\n<li><strong>Zasek\u00e1vanie alebo zasek\u00e1vanie:<\/strong> Ak sa valec nepohybuje hladko, skontrolujte, \u010di sa v syst\u00e9me nenach\u00e1dzaj\u00fa ne\u010distoty a \u010di je spr\u00e1vne namazan\u00fd.<\/li>\n<\/ul>\n<p>V\u010dasn\u00e9 rie\u0161enie t\u00fdchto be\u017en\u00fdch probl\u00e9mov m\u00f4\u017ee pom\u00f4c\u0165 udr\u017ea\u0165 \u00fa\u010dinnos\u0165 a bezpe\u010dnos\u0165 hydraulick\u00fdch oper\u00e1ci\u00ed.<\/p>\n<p>Pre efekt\u00edvne rie\u0161enie probl\u00e9mov sa v\u017edy ria\u010fte pokynmi v\u00fdrobcu a ve\u010fte si z\u00e1znamy o v\u0161etk\u00fdch opakuj\u00facich sa probl\u00e9moch, aby ste identifikovali vzorce, ktor\u00e9 si m\u00f4\u017eu vy\u017eadova\u0165 \u010fal\u0161\u00ed z\u00e1sah.<\/p>\n<p><img decoding=\"async\" src=\"https:\/\/www.hydraulic-cylinders.net\/wp-content\/uploads\/2025\/05\/hydraulic-cylinder-all-2.webp\" alt=\"Hydraulick\u00fd valec\" \/><\/p>\n<h2>O na\u0161ej spolo\u010dnosti<\/h2>\n<p>Sme popredn\u00fdm v\u00fdrobcom hydraulick\u00fdch valcov a poskytujeme \u0161irok\u00fd sortiment vysoko kvalitn\u00fdch produktov pre r\u00f4zne aplik\u00e1cie. N\u00e1\u0161 z\u00e1v\u00e4zok k dokonalosti n\u00e1s zaradil medzi popredn\u00fdch v\u00fdrobcov na dom\u00e1com aj medzin\u00e1rodnom trhu. Sme hrd\u00ed na to, \u017ee dod\u00e1vame hydraulick\u00e9 rie\u0161enia profesion\u00e1lnej kvality, ktor\u00e9 s\u00fa podporen\u00e9 medzin\u00e1rodn\u00fdmi certifik\u00e1ciami, ktor\u00e9 zaru\u010duj\u00fa spo\u013eahlivos\u0165 a bezpe\u010dnos\u0165.<\/p>\n<p>Na\u0161e v\u00fdrobn\u00e9 zariadenie je vybaven\u00e9 najmodernej\u0161\u00edmi strojmi, \u010do n\u00e1m umo\u017e\u0148uje pon\u00faka\u0165 rie\u0161enia na mieru prisp\u00f4soben\u00e9 \u0161pecifick\u00fdm po\u017eiadavk\u00e1m z\u00e1kazn\u00edkov. Okrem toho poskytujeme komplexn\u00fa popredajn\u00fa podporu, ktor\u00e1 zabezpe\u010duje, aby na\u0161i klienti dostali potrebn\u00fa asistenciu po\u010das cel\u00e9ho \u017eivotn\u00e9ho cyklu na\u0161ich produktov.<\/p>\n<p><img decoding=\"async\" src=\"https:\/\/www.hydraulic-cylinders.net\/wp-content\/uploads\/2025\/05\/xinxin-hydraulic-cylinder-factory-1.webp\" alt=\"Tov\u00e1re\u0148 na hydraulick\u00e9 valce\" \/><\/p>\n<p>Autor: lyl<\/p>","protected":false},"excerpt":{"rendered":"<p>Sanitation Vehicle Locking Hook Hydraulic Cylinder Introduction to the Hydraulic Cylinder The Sanitation Vehicle Locking Hook Hydraulic Cylinder is a crucial component designed to enhance the functionality of sanitation vehicles. This hydraulic cylinder operates by converting fluid pressure into mechanical force, enabling the locking and unlocking mechanisms for effective load management. The cylinder plays a [&hellip;]<\/p>","protected":false},"featured_media":20625,"comment_status":"open","ping_status":"closed","template":"","meta":{"_et_pb_use_builder":"","_et_pb_old_content":"","_et_gb_content_width":""},"product_brand":[],"product_cat":[1483,1558],"product_tag":[],"class_list":{"0":"post-20710","1":"product","2":"type-product","3":"status-publish","4":"has-post-thumbnail","6":"product_cat-construction-machinery-hydraulic-cylinders","7":"product_cat-sanitation-machinery-hydraulic-cylinders-2","9":"first","10":"instock","11":"shipping-taxable","12":"product-type-simple"},"amp_enabled":true,"_links":{"self":[{"href":"https:\/\/www.hydraulic-cylinders.net\/sk\/wp-json\/wp\/v2\/product\/20710","targetHints":{"allow":["GET"]}}],"collection":[{"href":"https:\/\/www.hydraulic-cylinders.net\/sk\/wp-json\/wp\/v2\/product"}],"about":[{"href":"https:\/\/www.hydraulic-cylinders.net\/sk\/wp-json\/wp\/v2\/types\/product"}],"replies":[{"embeddable":true,"href":"https:\/\/www.hydraulic-cylinders.net\/sk\/wp-json\/wp\/v2\/comments?post=20710"}],"wp:featuredmedia":[{"embeddable":true,"href":"https:\/\/www.hydraulic-cylinders.net\/sk\/wp-json\/wp\/v2\/media\/20625"}],"wp:attachment":[{"href":"https:\/\/www.hydraulic-cylinders.net\/sk\/wp-json\/wp\/v2\/media?parent=20710"}],"wp:term":[{"taxonomy":"product_brand","embeddable":true,"href":"https:\/\/www.hydraulic-cylinders.net\/sk\/wp-json\/wp\/v2\/product_brand?post=20710"},{"taxonomy":"product_cat","embeddable":true,"href":"https:\/\/www.hydraulic-cylinders.net\/sk\/wp-json\/wp\/v2\/product_cat?post=20710"},{"taxonomy":"product_tag","embeddable":true,"href":"https:\/\/www.hydraulic-cylinders.net\/sk\/wp-json\/wp\/v2\/product_tag?post=20710"}],"curies":[{"name":"pracovn\u00fd list","href":"https:\/\/api.w.org\/{rel}","templated":true}]}}