{"id":20775,"date":"2025-05-28T05:32:18","date_gmt":"2025-05-28T05:32:18","guid":{"rendered":"https:\/\/www.hydraulic-cylinders.net\/product\/22-5142046-steering-cylinder\/"},"modified":"2025-05-28T05:32:21","modified_gmt":"2025-05-28T05:32:21","slug":"22-5142046-steering-cylinder","status":"publish","type":"product","link":"https:\/\/www.hydraulic-cylinders.net\/sk\/produkt\/22-5142046-steering-cylinder\/","title":{"rendered":"22\/5142046 Valec riadenia"},"content":{"rendered":"<h1>ZY254 31F 019A Valec riadenia<\/h1>\n<p><img decoding=\"async\" src=\"https:\/\/www.hydraulic-cylinders.net\/wp-content\/uploads\/2025\/05\/zy254-31f-019a-hydraulic-cylinder-1.webp\" alt=\"ZY254 31F 019A Valec riadenia\" \/><\/p>\n<h2><strong>\u00davod do valca riadenia<\/strong><\/h2>\n<p>Valec riadenia ZY254 31F 019A je z\u00e1kladnou s\u00fa\u010das\u0165ou hydraulick\u00fdch syst\u00e9mov riadenia, navrhnut\u00fdch na zv\u00fd\u0161enie \u00fa\u010dinnosti a odozvy vozidiel. Tento hydraulick\u00fd valec riadenia poskytuje spo\u013eahliv\u00e9 rie\u0161enie pre mechanizmy riadenia automobilov a pon\u00faka vynikaj\u00facu kontrolu a presnos\u0165. S priemerom valca 40 mm, priemerom ty\u010de 25 mm, dr\u00e1hou zdvihu 140 mm a mont\u00e1\u017enou vzdialenos\u0165ou 385 mm zais\u0165uje optim\u00e1lny v\u00fdkon v r\u00f4znych aplik\u00e1ci\u00e1ch. Medzi v\u00fdhody pou\u017eitia tohto valca riadenia patr\u00ed zlep\u0161en\u00e1 man\u00e9vrovate\u013enos\u0165, zn\u00ed\u017een\u00e1 n\u00e1maha pri riaden\u00ed a zv\u00fd\u0161en\u00e1 bezpe\u010dnos\u0165 vodi\u010dov, v\u010faka \u010domu je d\u00f4le\u017eitou s\u00fa\u010das\u0165ou ka\u017ed\u00e9ho syst\u00e9mu riadenia.<\/p>\n<h2><strong>Vlastnosti valca riadenia ZY254 31F 019A<\/strong><\/h2>\n<ul>\n<li><strong>Vysok\u00e1 \u00fa\u010dinnos\u0165:<\/strong> Tento hydraulick\u00fd valec riadenia optimalizuje odozvu riadenia, v\u010faka \u010domu je ovl\u00e1danie vozidla plynulej\u0161ie a presnej\u0161ie.<\/li>\n<li><strong>Odoln\u00e1 kon\u0161trukcia:<\/strong> V\u010faka vysokej kvalite materi\u00e1lov zaru\u010duje dlhotrvaj\u00faci v\u00fdkon aj v n\u00e1ro\u010dn\u00fdch podmienkach.<\/li>\n<li><strong>Kompaktn\u00fd dizajn:<\/strong> V\u010faka kompaktnej in\u0161tala\u010dnej vzdialenosti sa perfektne hod\u00ed do r\u00f4znych automobilov\u00fdch dizajnov a zachov\u00e1va priestorov\u00fa efektivitu.<\/li>\n<li><strong>V\u0161estrann\u00e9 aplik\u00e1cie:<\/strong> Ide\u00e1lne pre syst\u00e9my riadenia automobilov, po\u013enohospod\u00e1rske stroje a priemyseln\u00e9 zariadenia.<\/li>\n<li><strong>Zv\u00fd\u0161en\u00e1 bezpe\u010dnos\u0165:<\/strong> Poskytuje spo\u013eahliv\u00e9 ovl\u00e1danie riadenia, \u010d\u00edm v\u00fdrazne zni\u017euje riziko neh\u00f4d sp\u00f4soben\u00fdch poruchami riadenia.<\/li>\n<\/ul>\n<h2><strong>Aplik\u00e1cie v r\u00f4znych odvetviach<\/strong><\/h2>\n<p>Riadiaci valec ZY254 31F 019A nach\u00e1dza uplatnenie vo viacer\u00fdch odvetviach vr\u00e1tane:<\/p>\n<ul>\n<li><strong>Po\u013enohospod\u00e1rstvo:<\/strong> Pou\u017e\u00edva sa v traktoroch a in\u00fdch strojoch a umo\u017e\u0148uje presn\u00e9 riadenie pre lep\u0161iu man\u00e9vrovate\u013enos\u0165 v ter\u00e9ne.<\/li>\n<li><strong>Automobilov\u00fd priemysel:<\/strong> Nevyhnutn\u00fd v automobiloch a n\u00e1kladn\u00fdch vozidl\u00e1ch pre efekt\u00edvne syst\u00e9my riadenia, \u010d\u00edm sa zlep\u0161uje celkov\u00e1 funk\u010dnos\u0165 vozidla.<\/li>\n<li><strong>Priemyseln\u00e9 stroje:<\/strong> Podporuje r\u00f4zne typy strojov, kde je potrebn\u00e9 presn\u00e9 ovl\u00e1danie a v\u00fdkon.<\/li>\n<\/ul>\n<p><img decoding=\"async\" src=\"https:\/\/www.hydraulic-cylinders.net\/wp-content\/uploads\/2025\/05\/steering-cylinder-application.webp\" alt=\"Pou\u017eitie valca riadenia\" \/><\/p>\n<h2><strong>\u00davahy o dizajne a krit\u00e9ri\u00e1 v\u00fdberu<\/strong><\/h2>\n<h3>Nosnos\u0165<\/h3>\n<p>Pri v\u00fdbere hydraulick\u00e9ho valca riadenia je k\u013e\u00fa\u010dov\u00e9 pochopenie nosnosti. Model ZY254 31F 019A je navrhnut\u00fd tak, aby zvl\u00e1dal zna\u010dn\u00e9 za\u0165a\u017eenie, \u010do zabezpe\u010duje, \u017ee dok\u00e1\u017ee zvl\u00e1dnu\u0165 sily vyv\u00edjan\u00e9 po\u010das prev\u00e1dzky bez kompromisov vo v\u00fdkone. Robustn\u00e1 kon\u0161trukcia umo\u017e\u0148uje bezpe\u010dn\u00fa prev\u00e1dzku pri vysokom za\u0165a\u017een\u00ed, v\u010faka \u010domu je vhodn\u00fd pre n\u00e1ro\u010dn\u00e9 aplik\u00e1cie.<\/p>\n<h3>Tesniace mechanizmy<\/h3>\n<p>\u00da\u010dinn\u00e9 tesnenie je nevyhnutn\u00e9 na zabr\u00e1nenie \u00faniku hydraulickej kvapaliny, \u010do m\u00f4\u017ee vies\u0165 k zn\u00ed\u017eeniu v\u00fdkonu a potenci\u00e1lnym poruch\u00e1m. ZY254 vyu\u017e\u00edva pokro\u010dil\u00e9 technol\u00f3gie tesnenia s pou\u017eit\u00edm materi\u00e1lov ako polyuret\u00e1n a nitrilov\u00fd kau\u010duk, ktor\u00e9 zais\u0165uj\u00fa trvanlivos\u0165 a odolnos\u0165 vo\u010di opotrebovaniu. Tento kon\u0161truk\u010dn\u00fd aspekt predl\u017euje \u017eivotnos\u0165 valca a zni\u017euje n\u00e1klady na \u00fadr\u017ebu.<\/p>\n<h3>Trvanlivos\u0165<\/h3>\n<p>Trvanlivos\u0165 valca riadenia je v\u00fdznamn\u00fdm faktorom v jeho kon\u0161trukcii. ZY254 je vyroben\u00fd z vysokopevnostn\u00fdch materi\u00e1lov, ktor\u00e9 odol\u00e1vaj\u00fa environment\u00e1lnym v\u00fdkyvom vr\u00e1tane teplotn\u00fdch v\u00fdkyvov, vlhkosti a prachu. T\u00e1to odolnos\u0165 je d\u00f4le\u017eit\u00e1 pre udr\u017eanie konzistentn\u00e9ho v\u00fdkonu v r\u00f4znych prev\u00e1dzkov\u00fdch podmienkach.<\/p>\n<h3>Bezpe\u010dnostn\u00e9 prvky<\/h3>\n<p>Bezpe\u010dnos\u0165 je v hydraulick\u00fdch syst\u00e9moch prvorad\u00e1. Riadiaci valec ZY254 je vybaven\u00fd bezpe\u010dnostn\u00fdmi prvkami, ktor\u00e9 zabra\u0148uj\u00fa nadmern\u00e9mu tlaku a zabezpe\u010duj\u00fa spo\u013eahliv\u00fa prev\u00e1dzku. Toto kon\u0161truk\u010dn\u00e9 h\u013eadisko zais\u0165uje, \u017ee syst\u00e9m zostane bezpe\u010dn\u00fd pre ka\u017edodenn\u00e9 pou\u017e\u00edvanie a zni\u017euje potenci\u00e1lne rizik\u00e1 spojen\u00e9 s hydraulick\u00fdmi poruchami.<\/p>\n<h3>\u00dadr\u017eba a opravite\u013enos\u0165<\/h3>\n<p>Nakoniec, \u00fadr\u017eba je k\u013e\u00fa\u010dov\u00e1 pre dlhodob\u00fa funk\u010dnos\u0165 valca riadenia. ZY254 je navrhnut\u00fd pre \u013eahk\u00fd pr\u00edstup ku komponentom, ktor\u00e9 m\u00f4\u017eu vy\u017eadova\u0165 pravideln\u00e9 kontroly alebo opravy, \u010do u\u013eah\u010duje efekt\u00edvne postupy \u00fadr\u017eby a minimalizuje prestoje.<\/p>\n<h2><strong>Tesnenie a mazanie valca riadenia<\/strong><\/h2>\n<p>Tesnenie a mazanie s\u00fa nevyhnutn\u00e9 pre optim\u00e1lny v\u00fdkon valca riadenia ZY254 31F 019A. Pou\u017eitie r\u00f4znych tesniacich komponentov vr\u00e1tane tesnen\u00ed piestov a tesnen\u00ed ty\u010d\u00ed zais\u0165uje, \u017ee hydraulick\u00e1 kvapalina zost\u00e1va vo valci, \u010d\u00edm sa zabra\u0148uje \u00fanikom. V\u00fdber vysokokvalitn\u00fdch materi\u00e1lov, ako je polyuret\u00e1n a nitrilov\u00e1 guma, zvy\u0161uje odolnos\u0165 t\u00fdchto tesnen\u00ed a umo\u017e\u0148uje im odol\u00e1va\u0165 n\u00e1ro\u010dn\u00fdm hydraulick\u00fdm tlakom a vplyvom prostredia.<\/p>\n<p>Povrchov\u00e1 \u00faprava telesa valca a z\u00e1vitov\u00fdch koncov je starostlivo vykonan\u00e1 pre zlep\u0161enie odolnosti proti opotrebovaniu. Pravideln\u00e9 mazanie vhodnou hydraulickou kvapalinou je nevyhnutn\u00e9 na udr\u017eanie v\u00fdkonu tesnen\u00ed a plynul\u00e9ho chodu valca. Tento postup \u00fadr\u017eby pom\u00e1ha zni\u017eova\u0165 trenie a opotrebovanie, \u010d\u00edm sa predl\u017euje \u017eivotnos\u0165 valca riadenia.<\/p>\n<h2><strong>Opatrenia prevent\u00edvnej \u00fadr\u017eby<\/strong><\/h2>\n<ul>\n<li><strong>Pravideln\u00e9 kontroly:<\/strong> Vykon\u00e1vajte pravideln\u00e9 kontroly, aby ste skontrolovali zn\u00e1mky opotrebovania alebo po\u0161kodenia. Patria sem h\u013eadanie netesnost\u00ed okolo tesnen\u00ed a zabezpe\u010denie v\u0161etk\u00fdch spojov.<\/li>\n<li><strong>Mazanie:<\/strong> Uistite sa, \u017ee valec je dostato\u010dne namazan\u00fd odpor\u00fa\u010dan\u00fdm hydraulick\u00fdm olejom. Pravideln\u00e9 mazanie je nevyhnutn\u00e9 na zabr\u00e1nenie vn\u00fatorn\u00e9mu treniu a opotrebovaniu.<\/li>\n<li><strong>V\u00fdmena tesnenia:<\/strong> Vymie\u0148ajte tesnenia pod\u013ea potreby, aby sa zachovala hydraulick\u00e1 integrita. Pravideln\u00e9 kontroly m\u00f4\u017eu pom\u00f4c\u0165 v\u010das odhali\u0165 opotrebovanie tesnen\u00ed a zabr\u00e1ni\u0165 \u00faniku kvapaliny.<\/li>\n<\/ul>\n<h2><strong>Pokyny na in\u0161tal\u00e1ciu valca riadenia ZY254 31F 019A<\/strong><\/h2>\n<p>Spr\u00e1vna in\u0161tal\u00e1cia valca riadenia ZY254 31F 019A je nevyhnutn\u00e1 pre zabezpe\u010denie jeho funk\u010dnosti a dlhej \u017eivotnosti. Za\u010dnite t\u00fdm, \u017ee sa uist\u00edte, \u017ee mont\u00e1\u017ene povrchy s\u00fa \u010dist\u00e9 a bez ne\u010dist\u00f4t. Valec spr\u00e1vne zarovnajte s riadiacim syst\u00e9mom a uistite sa, \u017ee je umiestnen\u00fd v spr\u00e1vnom uhle, aby ste predi\u0161li nam\u00e1haniu po\u010das prev\u00e1dzky. Na upevnenie valca pou\u017eite vhodn\u00e9 mont\u00e1\u017ene konzoly.<\/p>\n<p>Po zarovnan\u00ed dotiahnite v\u0161etky upev\u0148ovacie prvky pod\u013ea \u0161pecifik\u00e1ci\u00ed v\u00fdrobcu a zabezpe\u010dte pevn\u00e9 spojenie. Je d\u00f4le\u017eit\u00e9 vyhn\u00fa\u0165 sa nadmern\u00e9mu utiahnutiu, ktor\u00e9 m\u00f4\u017ee vies\u0165 k po\u0161kodeniu. Po in\u0161tal\u00e1cii skontrolujte pr\u00edpadn\u00e9 netesnosti testovan\u00edm syst\u00e9mu pod tlakom. Nakoniec overte pohyb a reakciu valca, aby ste sa uistili, \u017ee v syst\u00e9me funguje hladko.<\/p>\n<h2><strong>\u00dadr\u017eb\u00e1rske pr\u00e1ce pre valec riadenia<\/strong><\/h2>\n<ul>\n<li><strong>Pravideln\u00e9 kontroly:<\/strong> Vykon\u00e1vanie pravideln\u00fdch kontrol je k\u013e\u00fa\u010dov\u00e9 na identifik\u00e1ciu potenci\u00e1lnych probl\u00e9mov sk\u00f4r, ako sa vyhrotia. Skontrolujte tesnos\u0165, opotrebovanie a bezpe\u010dn\u00e9 pripojenia, aby ste zachovali optim\u00e1lny v\u00fdkon.<\/li>\n<li><strong>Spr\u00e1vne mazanie:<\/strong> Zabezpe\u010denie dostato\u010dn\u00e9ho mazania valca riadenia zabra\u0148uje opotrebovaniu. Pou\u017e\u00edvajte spr\u00e1vny hydraulick\u00fd olej pod\u013ea pokynov v\u00fdrobcu a dodr\u017eiavajte pravideln\u00fd pl\u00e1n mazania.<\/li>\n<li><strong>V\u00fdmena tesnenia:<\/strong> Tesnenia sa \u010dasom m\u00f4\u017eu opotrebova\u0165, \u010do vedie k \u00faniku kvapaliny. Pravidelne kontrolujte tesnenia a v pr\u00edpade potreby ich vymie\u0148ajte, aby sa zachovala integrita valca.<\/li>\n<\/ul>\n<h2><strong>Bezpe\u010dnostn\u00e9 aspekty a faktory prostredia<\/strong><\/h2>\n<p>Pri prev\u00e1dzke hydraulick\u00fdch syst\u00e9mov riadenia s\u00fa bezpe\u010dnostn\u00e9 opatrenia prvorad\u00e9. Pou\u017e\u00edvatelia by mali v\u017edy dodr\u017eiava\u0165 bezpe\u010dnostn\u00e9 protokoly, aby minimalizovali rizik\u00e1. To zah\u0155\u0148a zabezpe\u010denie toho, aby v\u0161etky komponenty boli v dobrom stave a aby sa syst\u00e9m pravidelne udr\u017eiaval. Faktory prostredia, ako s\u00fa kol\u00edsanie teploty a vystavenie drsn\u00fdm podmienkam, m\u00f4\u017eu ovplyvni\u0165 v\u00fdkon valca riadenia. Je d\u00f4le\u017eit\u00e9 zoh\u013eadni\u0165 tieto faktory po\u010das prev\u00e1dzky a \u00fadr\u017eby, aby sa zabezpe\u010dila optim\u00e1lna a bezpe\u010dn\u00e1 prev\u00e1dzka valca.<\/p>\n<h2><strong>Diagnostika por\u00fach a be\u017en\u00e9 probl\u00e9my<\/strong><\/h2>\n<ul>\n<li><strong>Netesn\u00e9 tesnenia:<\/strong> Jedn\u00fdm z be\u017en\u00fdch probl\u00e9mov s hydraulick\u00fdmi valcami s\u00fa netesn\u00e9 tesnenia. Ak spozorujete pokles hladiny hydraulickej kvapaliny, skontrolujte tesnenia, \u010di nie s\u00fa po\u0161koden\u00e9 alebo opotrebovan\u00e9. V mnoh\u00fdch pr\u00edpadoch m\u00f4\u017ee v\u00fdmena tesnen\u00ed tento probl\u00e9m vyrie\u0161i\u0165.<\/li>\n<li><strong>Zn\u00ed\u017een\u00fd v\u00fdkon:<\/strong> Ak sa riadenie jav\u00ed ako pomal\u00e9, m\u00f4\u017ee to nazna\u010dova\u0165 vn\u00fatorn\u00e9 opotrebenie alebo nedostato\u010dn\u00e9 mazanie. Skontrolujte hladinu mazania a zv\u00e1\u017ete d\u00f4kladn\u00fa kontrolu, aby ste zistili ak\u00e9ko\u013evek vn\u00fatorn\u00e9 po\u0161kodenie.<\/li>\n<li><strong>Nespr\u00e1vne zarovnanie:<\/strong> Nespr\u00e1vne zarovnanie po\u010das in\u0161tal\u00e1cie m\u00f4\u017ee vies\u0165 k nerovnomern\u00e9mu opotrebovaniu a potenci\u00e1lnym poruch\u00e1m. Aby ste predi\u0161li tomuto probl\u00e9mu, uistite sa, \u017ee je valec spr\u00e1vne zarovnan\u00fd a bezpe\u010dne namontovan\u00fd.<\/li>\n<\/ul>\n<h2><strong>Tipy na rie\u0161enie probl\u00e9mov<\/strong><\/h2>\n<p>Ak chcete efekt\u00edvne diagnostikova\u0165 a vyrie\u0161i\u0165 probl\u00e9my s valcom riadenia ZY254, postupujte pod\u013ea t\u00fdchto tipov na rie\u0161enie probl\u00e9mov: Po prv\u00e9, pravidelne monitorujte syst\u00e9m, \u010di neobsahuje zn\u00e1mky netesnost\u00ed alebo probl\u00e9mov s v\u00fdkonom. Ich okam\u017eit\u00e9 rie\u0161enie m\u00f4\u017ee pred\u00eds\u0165 z\u00e1va\u017enej\u0161\u00edm probl\u00e9mom. Po druh\u00e9, ve\u010fte jasn\u00fa dokument\u00e1ciu o \u00fadr\u017ebe a oprav\u00e1ch; to m\u00f4\u017ee pom\u00f4c\u0165 identifikova\u0165 vzorce, ktor\u00e9 m\u00f4\u017eu nazna\u010dova\u0165 opakuj\u00face sa probl\u00e9my. Nakoniec, ak probl\u00e9my pretrv\u00e1vaj\u00fa, pora\u010fte sa s odborn\u00edkom, aby pos\u00fadil valec a odporu\u010dil vhodn\u00e9 opravy alebo v\u00fdmeny.<\/p>\n<h2><strong>O na\u0161ej spolo\u010dnosti<\/strong><\/h2>\n<p>Sme popredn\u00fdm v\u00fdrobcom a ve\u013ekoobchodn\u00fdm distrib\u00fatorom alternat\u00edvnych hydraulick\u00fdch valcov a poskytujeme \u0161irok\u00fa \u0161k\u00e1lu produktov, ktor\u00e9 uspokojuj\u00fa potreby dom\u00e1ceho aj medzin\u00e1rodn\u00e9ho trhu. N\u00e1\u0161 z\u00e1v\u00e4zok k dokonalosti sa odr\u00e1\u017ea v na\u0161ich najmodernej\u0161\u00edch v\u00fdrobn\u00fdch procesoch, ktor\u00e9 vyu\u017e\u00edvaj\u00fa pokro\u010dil\u00e9 technol\u00f3gie a presn\u00e9 in\u017einierstvo.<\/p>\n<p>Na\u0161a tov\u00e1re\u0148 je vybaven\u00e1 \u0161pi\u010dkov\u00fdm digit\u00e1lnym v\u00fdrobn\u00fdm zariaden\u00edm a profesion\u00e1lnym testovac\u00edm syst\u00e9mom, \u010do zabezpe\u010duje, \u017ee konzistentne vyr\u00e1bame vysoko kvalitn\u00e9 hydraulick\u00e9 valce. So siln\u00fdm zameran\u00edm na inov\u00e1cie neust\u00e1le vylep\u0161ujeme na\u0161e v\u00fdrobn\u00e9 kapacity, aby sme splnili rozmanit\u00e9 po\u017eiadavky na\u0161ich z\u00e1kazn\u00edkov.<\/p>\n<p>Uprednost\u0148ujeme spokojnos\u0165 z\u00e1kazn\u00edkov, pon\u00fakame slu\u017eby na mieru a medzin\u00e1rodn\u00e9 certifik\u00e1cie, aby sme zabezpe\u010dili, \u017ee na\u0161e produkty sp\u013a\u0148aj\u00fa glob\u00e1lne \u0161tandardy. N\u00e1\u0161 \u0161pecializovan\u00fd t\u00edm popredajn\u00fdch slu\u017eieb je v\u017edy pripraven\u00fd pom\u00f4c\u0165 klientom a poskytn\u00fa\u0165 im podporu a poradenstvo s cie\u013eom maximalizova\u0165 \u017eivotnos\u0165 a v\u00fdkon produktu.<\/p>\n<p><img decoding=\"async\" src=\"https:\/\/www.hydraulic-cylinders.net\/wp-content\/uploads\/2025\/05\/xinxin-hydraulic-cylinder-factory-1.webp\" alt=\"Tov\u00e1re\u0148 na hydraulick\u00e9 valce\" \/><\/p>","protected":false},"excerpt":{"rendered":"<p>ZY254 31F 019A Steering Cylinder Introduction to the Steering Cylinder The ZY254 31F 019A steering cylinder is an essential component in hydraulic steering systems, designed to enhance the efficiency and responsiveness of vehicles. This hydraulic steering cylinder provides a reliable solution for automotive steering mechanisms, offering superior control and precision. With a cylinder diameter of [&hellip;]<\/p>","protected":false},"featured_media":20595,"comment_status":"open","ping_status":"closed","template":"","meta":{"_et_pb_use_builder":"","_et_pb_old_content":"","_et_gb_content_width":""},"product_brand":[],"product_cat":[1561],"product_tag":[1563,1562],"class_list":{"0":"post-20775","1":"product","2":"type-product","3":"status-publish","4":"has-post-thumbnail","6":"product_cat-steering-hydraulic-cylinders","7":"product_tag-steering-cylinders","8":"product_tag-steering-hydraulic-cylinders","10":"first","11":"instock","12":"shipping-taxable","13":"product-type-simple"},"amp_enabled":true,"_links":{"self":[{"href":"https:\/\/www.hydraulic-cylinders.net\/sk\/wp-json\/wp\/v2\/product\/20775","targetHints":{"allow":["GET"]}}],"collection":[{"href":"https:\/\/www.hydraulic-cylinders.net\/sk\/wp-json\/wp\/v2\/product"}],"about":[{"href":"https:\/\/www.hydraulic-cylinders.net\/sk\/wp-json\/wp\/v2\/types\/product"}],"replies":[{"embeddable":true,"href":"https:\/\/www.hydraulic-cylinders.net\/sk\/wp-json\/wp\/v2\/comments?post=20775"}],"wp:featuredmedia":[{"embeddable":true,"href":"https:\/\/www.hydraulic-cylinders.net\/sk\/wp-json\/wp\/v2\/media\/20595"}],"wp:attachment":[{"href":"https:\/\/www.hydraulic-cylinders.net\/sk\/wp-json\/wp\/v2\/media?parent=20775"}],"wp:term":[{"taxonomy":"product_brand","embeddable":true,"href":"https:\/\/www.hydraulic-cylinders.net\/sk\/wp-json\/wp\/v2\/product_brand?post=20775"},{"taxonomy":"product_cat","embeddable":true,"href":"https:\/\/www.hydraulic-cylinders.net\/sk\/wp-json\/wp\/v2\/product_cat?post=20775"},{"taxonomy":"product_tag","embeddable":true,"href":"https:\/\/www.hydraulic-cylinders.net\/sk\/wp-json\/wp\/v2\/product_tag?post=20775"}],"curies":[{"name":"pracovn\u00fd list","href":"https:\/\/api.w.org\/{rel}","templated":true}]}}