{"id":20782,"date":"2025-05-28T06:32:23","date_gmt":"2025-05-28T06:32:23","guid":{"rendered":"https:\/\/www.hydraulic-cylinders.net\/?post_type=product&#038;p=20782"},"modified":"2025-05-28T06:39:15","modified_gmt":"2025-05-28T06:39:15","slug":"steering-cylinder-with-position-sensor","status":"publish","type":"product","link":"https:\/\/www.hydraulic-cylinders.net\/sk\/produkt\/steering-cylinder-with-position-sensor\/","title":{"rendered":"Valec riadenia so sn\u00edma\u010dom polohy"},"content":{"rendered":"<h1 style=\"text-align: center;\"><strong>Valec riadenia so sn\u00edma\u010dom polohy<img loading=\"lazy\" decoding=\"async\" class=\"wp-image-20783 aligncenter\" src=\"https:\/\/www.hydraulic-cylinders.net\/wp-content\/uploads\/2025\/05\/sensor-steering-cylinder-1-1.webp\" alt=\"\" width=\"400\" height=\"400\" \/><\/strong><\/h1>\n<p>N\u00e1\u0161 valec riadenia so sn\u00edma\u010dom polohy je navrhnut\u00fd pre presnos\u0165 a odolnos\u0165 a pon\u00faka pokro\u010dil\u00e9 ovl\u00e1danie pre vysokov\u00fdkonn\u00e9 vozidl\u00e1. Tento hydraulick\u00fd valec riadenia, vybaven\u00fd integrovan\u00fdm sn\u00edma\u010dom polohy, poskytuje \u00fadaje o uhle riadenia v re\u00e1lnom \u010dase, \u010d\u00edm zvy\u0161uje bezpe\u010dnos\u0165 a v\u00fdkon v n\u00e1ro\u010dn\u00fdch aplik\u00e1ci\u00e1ch. \u010ci u\u017e modernizujete po\u013enohospod\u00e1rske zariadenia alebo opravujete \u0165a\u017ek\u00e9 stroje, n\u00e1\u0161 valec riadenia so sn\u00edma\u010dom polohy sp\u013a\u0148a najvy\u0161\u0161ie priemyseln\u00e9 \u0161tandardy. Je vyroben\u00fd z vysokopevnostn\u00fdch materi\u00e1lov, odol\u00e1va prostrediu s vysok\u00fdm tlakom, v\u010faka \u010domu je ide\u00e1lny pre traktory, n\u00e1kladn\u00e9 vozidl\u00e1 a priemyseln\u00e9 vozidl\u00e1. N\u00e1\u0161 origin\u00e1lny n\u00e1hradn\u00fd valec riadenia so sn\u00edma\u010dom zais\u0165uje bezprobl\u00e9mov\u00fa kompatibilitu s popredn\u00fdmi zna\u010dkami vozidiel.<\/p>\n<h2><strong>Technick\u00e9 \u0161pecifik\u00e1cie valca riadenia so sn\u00edma\u010dom polohy:<\/strong><\/h2>\n<p><strong>Priemer valca:<\/strong> 75 mm<\/p>\n<p><strong>Priemer ty\u010de:<\/strong> 45 mm<\/p>\n<p><strong>Cestovanie:<\/strong> 215 mm<\/p>\n<p><strong>In\u0161tala\u010dn\u00e1 vzdialenos\u0165:<\/strong> 569 mm<\/p>\n<h1 style=\"text-align: center;\"><strong><img loading=\"lazy\" decoding=\"async\" class=\"wp-image-20784 aligncenter\" src=\"https:\/\/www.hydraulic-cylinders.net\/wp-content\/uploads\/2025\/05\/sensor-steering-cylinder-2-1.webp\" alt=\"\" width=\"400\" height=\"401\" \/><\/strong><\/h1>\n<p><strong>Priemer valca:<\/strong> 80 mm<\/p>\n<p><strong>Priemer ty\u010de:<\/strong> 580 mm<\/p>\n<p><strong>Cestovanie:<\/strong> 126 mm<\/p>\n<p><strong>In\u0161tala\u010dn\u00e1 vzdialenos\u0165:<\/strong> 690 mm<\/p>\n<h1 style=\"text-align: center;\"><strong><img loading=\"lazy\" decoding=\"async\" class=\"wp-image-20785 aligncenter\" src=\"https:\/\/www.hydraulic-cylinders.net\/wp-content\/uploads\/2025\/05\/sensor-steering-cylinder-3-1.webp\" alt=\"\" width=\"400\" height=\"400\" \/><\/strong><\/h1>\n<p><strong>Priemer valca:<\/strong> 80 mm<\/p>\n<p><strong>Priemer ty\u010de:<\/strong> 50 mm<\/p>\n<p><strong>Cestovanie:<\/strong> 166 mm<\/p>\n<p><strong>In\u0161tala\u010dn\u00e1 vzdialenos\u0165:<\/strong> 885 mm<\/p>\n<h1 style=\"text-align: center;\"><strong><img loading=\"lazy\" decoding=\"async\" class=\"wp-image-20786 alignnone\" src=\"https:\/\/www.hydraulic-cylinders.net\/wp-content\/uploads\/2025\/05\/sensor-steering-cylinder-4-1.webp\" alt=\"\" width=\"400\" height=\"400\" \/><\/strong><\/h1>\n<p><strong>Priemer valca:<\/strong> 90 mm<\/p>\n<p><strong>Priemer ty\u010de:<\/strong> 45 mm<\/p>\n<p><strong>Cestovanie:<\/strong> 232 mm<\/p>\n<p><strong>In\u0161tala\u010dn\u00e1 vzdialenos\u0165:<\/strong> 635 mm<\/p>\n<h2><strong>K\u013e\u00fa\u010dov\u00e9 vlastnosti n\u00e1\u0161ho valca riadenia so sn\u00edma\u010dom polohy:<\/strong><\/h2>\n<ul>\n<li><strong>Presn\u00fd riadiaci valec pre \u0165a\u017ek\u00e9 stroje<\/strong>Integrovan\u00fd sn\u00edma\u010d polohy poskytuje presn\u00e9 \u00fadaje o uhle riadenia pre lep\u0161iu kontrolu.<\/li>\n<li><strong>Odoln\u00fd sn\u00edma\u010d polohy riadenia pre n\u00e1kladn\u00e9 vozidl\u00e1<\/strong>Vyroben\u00e9 z vysokopevnostnej ocele pre odolnos\u0165 vo\u010di extr\u00e9mnym podmienkam.<\/li>\n<li><strong>V\u00fdmena valca riadenia OEM so sn\u00edma\u010dom<\/strong>Kompatibiln\u00e9 s hlavn\u00fdmi zna\u010dkami vozidiel pre jednoduch\u00fa in\u0161tal\u00e1ciu.<\/li>\n<li><strong>Automobilov\u00fd riadiaci valec so sn\u00edma\u010dom polohy<\/strong>Optimalizuje v\u00fdkon riadenia v osobn\u00fdch a \u00fa\u017eitkov\u00fdch vozidl\u00e1ch.<\/li>\n<li>Odoln\u00fd proti kor\u00f3zii povlak pre dlh\u0161iu \u017eivotnos\u0165.<\/li>\n<li>Pokro\u010dil\u00e1 senzorov\u00e1 technol\u00f3gia pre sp\u00e4tn\u00fa v\u00e4zbu v re\u00e1lnom \u010dase, ktor\u00e1 podporuje syst\u00e9my ADAS a ESC.<\/li>\n<\/ul>\n<h2><strong>Pou\u017eitie riadiacich valcov so sn\u00edma\u010dmi polohy:<\/strong><\/h2>\n<p><img loading=\"lazy\" decoding=\"async\" class=\"alignnone size-full wp-image-20787\" src=\"https:\/\/www.hydraulic-cylinders.net\/wp-content\/uploads\/2025\/05\/steering-cylinders-with-position-sensors-application.webp\" alt=\"Pou\u017eitie riadiacich valcov so sn\u00edma\u010dmi polohy:\" width=\"1073\" height=\"501\" srcset=\"https:\/\/www.hydraulic-cylinders.net\/wp-content\/uploads\/2025\/05\/steering-cylinders-with-position-sensors-application.webp 1073w, https:\/\/www.hydraulic-cylinders.net\/wp-content\/uploads\/2025\/05\/steering-cylinders-with-position-sensors-application-980x458.webp 980w, https:\/\/www.hydraulic-cylinders.net\/wp-content\/uploads\/2025\/05\/steering-cylinders-with-position-sensors-application-480x224.webp 480w\" sizes=\"(min-width: 0px) and (max-width: 480px) 480px, (min-width: 481px) and (max-width: 980px) 980px, (min-width: 981px) 1073px, 100vw\" \/><\/p>\n<p>Na\u0161e\u00a0<strong>valce riadenia so sn\u00edma\u010dmi polohy<\/strong>\u00a0s\u00fa v\u0161estrann\u00e9 a poskytuj\u00fa spo\u013eahliv\u00fd v\u00fdkon vo viacer\u00fdch odvetviach:<\/p>\n<h3><strong>Po\u013enohospod\u00e1rstvo<\/strong><\/h3>\n<p>V po\u013enohospod\u00e1rskom prostred\u00ed, na\u0161e\u00a0<strong>hydraulick\u00fd valec riadenia pre traktory so sn\u00edma\u010dom polohy<\/strong>\u00a0zais\u0165uje presn\u00fa navig\u00e1ciu pre zariadenia, ako s\u00fa traktory a kombajny, a t\u00fdm zlep\u0161uje efektivitu v nerovnom ter\u00e9ne.<\/p>\n<h3><strong>Stavebn\u00edctvo<\/strong><\/h3>\n<p>Pre stavebn\u00edctvo, na\u0161e\u00a0<strong>presn\u00fd riadiaci valec pre \u0165a\u017ek\u00e9 stroje<\/strong>\u00a0poskytuje robustn\u00fd v\u00fdkon, zais\u0165uje bezpe\u010dnos\u0165 a kontrolu v n\u00e1ro\u010dn\u00fdch prostrediach, ako s\u00fa napr\u00edklad pracovisk\u00e1.<\/p>\n<h3><strong>Automobilov\u00fd priemysel<\/strong><\/h3>\n<p>Na\u0161e\u00a0<strong>automobilov\u00fd valec riadenia so sn\u00edma\u010dom polohy<\/strong>\u00a0je prisp\u00f4soben\u00fd pre n\u00e1kladn\u00e9 a osobn\u00e9 vozidl\u00e1, zvy\u0161uje presnos\u0165 riadenia a podporuje pokro\u010dil\u00e9 asisten\u010dn\u00e9 syst\u00e9my vodi\u010da (ADAS).<\/p>\n<h2><strong>Rie\u0161enia \u00fadr\u017eby pre valce riadenia so sn\u00edma\u010dmi polohy:<\/strong><\/h2>\n<p>Pre zabezpe\u010denie dlhodobej prev\u00e1dzkyschopnosti v\u00e1\u0161ho valca riadenia so sn\u00edma\u010dom polohy dodr\u017eiavajte tieto tipy na \u00fadr\u017ebu:<\/p>\n<ul>\n<li style=\"list-style-type: none;\">\n<ul>\n<li><strong>Pravideln\u00e9 kontroly<\/strong>Pre udr\u017eanie optim\u00e1lneho v\u00fdkonu skontrolujte ka\u017ed\u00fdch 6 mesiacov hydraulick\u00fd valec riadenia, \u010di nie je netesn\u00fd, opotrebovan\u00fd alebo kor\u00f3zovan\u00fd.<\/li>\n<li><strong>Kalibr\u00e1cia senzora<\/strong>Po oprav\u00e1ch alebo nastaven\u00ed polohy znova kalibrujte sn\u00edma\u010d polohy pomocou diagnostick\u00fdch n\u00e1strojov, aby ste zabezpe\u010dili presn\u00e9 \u00fadaje o riaden\u00ed.<\/li>\n<\/ul>\n<\/li>\n<\/ul>\n<p>[](https:\/\/www.johnbean.com\/us\/product-articles\/steering-angle-sensors\/)<\/p>\n<ul>\n<li><strong>\u00dadr\u017eba tekut\u00edn<\/strong>Vyme\u0148te hydraulick\u00fa kvapalinu pod\u013ea pokynov v\u00fdrobcu, aby ste predi\u0161li kontamin\u00e1cii a zabezpe\u010dili plynul\u00fd chod valca riadenia s integrovan\u00fdm sn\u00edma\u010dom.<\/li>\n<li><strong>\u010cistenie<\/strong>Udr\u017eujte valec a senzor bez ne\u010dist\u00f4t, aby ste predi\u0161li ru\u0161eniu presnosti senzora.<\/li>\n<li><strong>Profesion\u00e1lny servis<\/strong>V pr\u00edpade zlo\u017eit\u00fdch probl\u00e9mov sa obr\u00e1\u0165te na certifikovan\u00e9ho technika, ktor\u00fd diagnostikuje a oprav\u00ed sn\u00edma\u010d polohy valca riadenia pomocou skenerov OBD alebo \u0161pecializovan\u00fdch n\u00e1strojov.<\/li>\n<\/ul>\n<h2 dir=\"auto\"><strong>Ako sn\u00edma\u010d polohy vo valci riadenia so sn\u00edma\u010dom polohy zlep\u0161uje presnos\u0165 riadenia?<\/strong><\/h2>\n<p><img loading=\"lazy\" decoding=\"async\" class=\"alignnone size-full wp-image-20788\" src=\"https:\/\/www.hydraulic-cylinders.net\/wp-content\/uploads\/2025\/05\/steering-cylinder-with-position-sensor-advantage.png\" alt=\"Valec riadenia s v\u00fdhodou sn\u00edma\u010da polohy\" width=\"1079\" height=\"610\" srcset=\"https:\/\/www.hydraulic-cylinders.net\/wp-content\/uploads\/2025\/05\/steering-cylinder-with-position-sensor-advantage.png 1079w, https:\/\/www.hydraulic-cylinders.net\/wp-content\/uploads\/2025\/05\/steering-cylinder-with-position-sensor-advantage-980x554.png 980w, https:\/\/www.hydraulic-cylinders.net\/wp-content\/uploads\/2025\/05\/steering-cylinder-with-position-sensor-advantage-480x271.png 480w\" sizes=\"(min-width: 0px) and (max-width: 480px) 480px, (min-width: 481px) and (max-width: 980px) 980px, (min-width: 981px) 1079px, 100vw\" \/><\/p>\n<p dir=\"auto\">Sn\u00edma\u010d polohy vo valci riadenia so sn\u00edma\u010dom polohy v\u00fdrazne zvy\u0161uje presnos\u0165 riadenia t\u00fdm, \u017ee poskytuje \u00fadaje o uhle riadenia a polohe kolesa v re\u00e1lnom \u010dase. Sn\u00edma\u010d polohy (zvy\u010dajne magnetick\u00fd alebo induk\u010dn\u00fd), integrovan\u00fd do hydraulick\u00e9ho valca riadenia, monitoruje pohyb piestu vo valci a premie\u0148a ho na presn\u00fa sp\u00e4tn\u00fa v\u00e4zbu o uhle riadenia. Tieto \u00fadaje sa pren\u00e1\u0161aj\u00fa do elektronickej riadiacej jednotky (ECU) vozidla, \u010do umo\u017e\u0148uje plynul\u00e9 nastavenie syst\u00e9mu riadenia pre optim\u00e1lny v\u00fdkon. V pr\u00edpade aplik\u00e1ci\u00ed, ako s\u00fa traktory, n\u00e1kladn\u00e9 vozidl\u00e1 a \u0165a\u017ek\u00e9 stroje, to zabezpe\u010duje, \u017ee valec riadenia poskytuje presn\u00e9 a citliv\u00e9 ovl\u00e1danie, a to aj v n\u00e1ro\u010dn\u00fdch podmienkach.<\/p>\n<p dir=\"auto\">Vo vozidl\u00e1ch vybaven\u00fdch automobilov\u00fdm riadiacim valcom so sn\u00edma\u010dom polohy tento sn\u00edma\u010d podporuje pokro\u010dil\u00e9 asisten\u010dn\u00e9 syst\u00e9my vodi\u010da (ADAS), ako je napr\u00edklad asistent udr\u017eiavania v jazdnom pruhu a kontrola stability, poskytovan\u00edm presn\u00fdch vstupn\u00fdch \u00fadajov z riadenia. Podobne sa presn\u00fd riadiaci valec pre \u0165a\u017ek\u00e9 stroje spolieha na sn\u00edma\u010d, aby udr\u017eal presnos\u0165 po\u010das oper\u00e1ci\u00ed s vysok\u00fdm tlakom, \u010d\u00edm sa zni\u017euje driftovanie a zlep\u0161uje man\u00e9vrovate\u013enos\u0165. Valec riadenia s integrovan\u00fdm sn\u00edma\u010dom tie\u017e zvy\u0161uje bezpe\u010dnos\u0165 detekciou nespr\u00e1vneho narovnania, \u010d\u00edm zabezpe\u010duje konzistentn\u00fd v\u00fdkon v n\u00e1ro\u010dn\u00fdch prostrediach, ako je po\u013enohospod\u00e1rstvo alebo stavebn\u00edctvo.<\/p>\n<h3 dir=\"auto\"><strong>K\u013e\u00fa\u010dov\u00e9 v\u00fdhody pre presnos\u0165 riadenia<\/strong><\/h3>\n<ul dir=\"auto\">\n<li><strong>Sp\u00e4tn\u00e1 v\u00e4zba v re\u00e1lnom \u010dase<\/strong>Sn\u00edma\u010d polohy valca riadenia poskytuje okam\u017eit\u00e9 \u00fadaje o uhle riadenia, \u010do umo\u017e\u0148uje presn\u00e9 nastavenie geometrie kolies.<\/li>\n<li><strong>Vylep\u0161en\u00e1 kontrola<\/strong>V hydraulickom valci riadenia pre traktory so sn\u00edma\u010dom polohy zabezpe\u010duje sn\u00edma\u010d presn\u00fa navig\u00e1ciu v nerovnom ter\u00e9ne.<\/li>\n<li><strong>Kompatibilita s ADAS<\/strong>Automobilov\u00fd riadiaci valec so sn\u00edma\u010dom polohy sa integruje s modern\u00fdmi syst\u00e9mami vozidiel pre lep\u0161iu odozvu.<\/li>\n<li><strong>Trvanlivos\u0165 a presnos\u0165<\/strong>Odoln\u00fd sn\u00edma\u010d polohy riadenia pre n\u00e1kladn\u00e9 vozidl\u00e1 zachov\u00e1va presnos\u0165 aj za podmienok vysok\u00e9ho tlaku.<\/li>\n<\/ul>\n<p dir=\"auto\">V\u010faka zabudovan\u00e9mu sn\u00edma\u010du polohy optimalizuje valec riadenia so sn\u00edma\u010dom polohy ovl\u00e1danie vozidla, v\u010faka \u010domu je nevyhnutnou s\u00fa\u010das\u0165ou pre odvetvia, ktor\u00e9 vy\u017eaduj\u00fa valec syst\u00e9mu riadenia s integrovan\u00fdm sn\u00edma\u010dom. Pre viac inform\u00e1ci\u00ed o na\u0161ej n\u00e1hrade valca riadenia OEM so sn\u00edma\u010dom n\u00e1s kontaktujte e\u0161te dnes!<\/p>\n<h2><strong>V\u00fdrobn\u00e1 oblas\u0165 hydraulick\u00fdch valcov:<\/strong><\/h2>\n<h2><img loading=\"lazy\" decoding=\"async\" class=\"alignnone size-full wp-image-16972\" src=\"https:\/\/www.hydraulic-cylinders.net\/wp-content\/uploads\/2025\/01\/hydraulic-cylinder-factory-1-scaled.webp\" sizes=\"(min-width: 0px) and (max-width: 480px) 480px, (min-width: 481px) and (max-width: 980px) 980px, (min-width: 981px) and (max-width: 1280px) 1280px, (min-width: 1281px) 2016px, 100vw\" srcset=\"https:\/\/www.hydraulic-cylinders.net\/wp-content\/uploads\/2025\/01\/hydraulic-cylinder-factory-1-scaled.webp 2016w, https:\/\/www.hydraulic-cylinders.net\/wp-content\/uploads\/2025\/01\/hydraulic-cylinder-factory-1-1280x1625.webp 1280w, https:\/\/www.hydraulic-cylinders.net\/wp-content\/uploads\/2025\/01\/hydraulic-cylinder-factory-1-980x1244.webp 980w, https:\/\/www.hydraulic-cylinders.net\/wp-content\/uploads\/2025\/01\/hydraulic-cylinder-factory-1-480x610.webp 480w\" alt=\"\" width=\"2016\" height=\"2560\" \/><\/h2>\n<p>Ako popredn\u00fd dod\u00e1vate\u013e hydraulick\u00fdch valcov riadenia sa p\u00fd\u0161ime prvotriednou nez\u00e1vislou platformou v\u00fdskumu a v\u00fdvoja zameranou na inov\u00e1cie a kvalitu. Na\u0161a diel\u0148a na v\u00fdrobu valcov pre vysokozdvi\u017en\u00e9 voz\u00edky disponuje \u0161tyrmi poloautomatick\u00fdmi mont\u00e1\u017enymi linkami zdv\u00edhac\u00edch valcov a plne automatickou mont\u00e1\u017enou linkou nakl\u00e1pac\u00edch valcov s projektovanou ro\u010dnou v\u00fdrobnou kapacitou <strong>jeden mili\u00f3n kusov<\/strong>.<\/p>\n<h3><strong>\u0160pecializovan\u00e1 diel\u0148a na v\u00fdrobu valcov<\/strong><\/h3>\n<p>Na\u0161a \u0161pecializovan\u00e1 diel\u0148a na v\u00fdrobu valcov je vybaven\u00e1 poloautomatick\u00fdmi \u010distiacimi a mont\u00e1\u017enymi syst\u00e9mami prisp\u00f4soben\u00fdmi r\u00f4znym \u0161pecifik\u00e1ci\u00e1m, pri\u010dom dosahuje ro\u010dn\u00fa v\u00fdrobn\u00fa kapacitu <strong>200 000 kusov<\/strong>Pou\u017e\u00edvame \u0161pi\u010dkov\u00e9 CNC obr\u00e1bacie zariadenia, modern\u00e9 obr\u00e1bacie centr\u00e1 a \u0161pecializovan\u00e9 vysoko presn\u00e9 obr\u00e1bacie n\u00e1stroje. Na\u0161e zariadenie zah\u0155\u0148a aj robotick\u00e9 zv\u00e1racie stroje, automatick\u00e9 \u010distiace syst\u00e9my, mont\u00e1\u017ene stroje a linky na v\u00fdrobu farieb. S viac ako <strong>300 s\u00e1d k\u013e\u00fa\u010dov\u00e9ho vybavenia<\/strong> V prev\u00e1dzke zabezpe\u010dujeme optimalizovan\u00e9 pride\u013eovanie zdrojov a ich efekt\u00edvne vyu\u017e\u00edvanie.<\/p>\n<h3><strong>Mo\u017enosti presn\u00e9ho obr\u00e1bania<\/strong><\/h3>\n<p>Na\u0161a obr\u00e1bacia diel\u0148a je vybaven\u00e1 s\u00fastru\u017en\u00edckymi centrami s nakl\u00e1pac\u00edmi vodiacimi ko\u013eajnicami na mieru, obr\u00e1bac\u00edmi centrami, vysokor\u00fdchlostn\u00fdmi honovac\u00edmi strojmi a zv\u00e1rac\u00edmi robotmi. Toto nastavenie n\u00e1m umo\u017e\u0148uje obr\u00e1ba\u0165 valcov\u00e9 r\u00fary s maxim\u00e1lnym vn\u00fatorn\u00fdm priemerom <strong>400 mm<\/strong> a d\u013a\u017eky a\u017e do <strong>6 metrov<\/strong>N\u00e1\u0161 z\u00e1v\u00e4zok k prec\u00edznosti zaru\u010duje, \u017ee v\u0161etky produkty sp\u013a\u0148aj\u00fa najvy\u0161\u0161ie \u0161tandardy kvality.<\/p>\n<h2><img loading=\"lazy\" decoding=\"async\" class=\"alignnone size-full wp-image-16973\" src=\"https:\/\/www.hydraulic-cylinders.net\/wp-content\/uploads\/2025\/01\/hydraulic-cylinder-factory-2-scaled.webp\" sizes=\"(min-width: 0px) and (max-width: 480px) 480px, (min-width: 481px) and (max-width: 980px) 980px, (min-width: 981px) and (max-width: 1280px) 1280px, (min-width: 1281px) 2011px, 100vw\" srcset=\"https:\/\/www.hydraulic-cylinders.net\/wp-content\/uploads\/2025\/01\/hydraulic-cylinder-factory-2-scaled.webp 2011w, https:\/\/www.hydraulic-cylinders.net\/wp-content\/uploads\/2025\/01\/hydraulic-cylinder-factory-2-1280x1629.webp 1280w, https:\/\/www.hydraulic-cylinders.net\/wp-content\/uploads\/2025\/01\/hydraulic-cylinder-factory-2-980x1248.webp 980w, https:\/\/www.hydraulic-cylinders.net\/wp-content\/uploads\/2025\/01\/hydraulic-cylinder-factory-2-480x611.webp 480w\" alt=\"\" width=\"2011\" height=\"2560\" \/><\/h2>\n<p>&nbsp;<\/p>","protected":false},"excerpt":{"rendered":"<p>Steering Cylinder With Position Sensor Our\u00a0steering cylinder with position sensor\u00a0is engineered for precision and durability, offering advanced control for high-performance vehicles. Equipped with an integrated position sensor, this\u00a0hydraulic steering cylinder\u00a0provides real-time steering angle data, enhancing safety and performance in demanding applications. Whether you\u2019re upgrading agricultural equipment or repairing heavy machinery, our\u00a0position sensor steering cylinder\u00a0meets the [&hellip;]<\/p>","protected":false},"featured_media":20641,"comment_status":"open","ping_status":"closed","template":"","meta":{"_et_pb_use_builder":"","_et_pb_old_content":"","_et_gb_content_width":""},"product_brand":[],"product_cat":[1561],"product_tag":[],"class_list":{"0":"post-20782","1":"product","2":"type-product","3":"status-publish","4":"has-post-thumbnail","6":"product_cat-steering-hydraulic-cylinders","8":"first","9":"instock","10":"shipping-taxable","11":"product-type-simple"},"amp_enabled":true,"_links":{"self":[{"href":"https:\/\/www.hydraulic-cylinders.net\/sk\/wp-json\/wp\/v2\/product\/20782","targetHints":{"allow":["GET"]}}],"collection":[{"href":"https:\/\/www.hydraulic-cylinders.net\/sk\/wp-json\/wp\/v2\/product"}],"about":[{"href":"https:\/\/www.hydraulic-cylinders.net\/sk\/wp-json\/wp\/v2\/types\/product"}],"replies":[{"embeddable":true,"href":"https:\/\/www.hydraulic-cylinders.net\/sk\/wp-json\/wp\/v2\/comments?post=20782"}],"wp:featuredmedia":[{"embeddable":true,"href":"https:\/\/www.hydraulic-cylinders.net\/sk\/wp-json\/wp\/v2\/media\/20641"}],"wp:attachment":[{"href":"https:\/\/www.hydraulic-cylinders.net\/sk\/wp-json\/wp\/v2\/media?parent=20782"}],"wp:term":[{"taxonomy":"product_brand","embeddable":true,"href":"https:\/\/www.hydraulic-cylinders.net\/sk\/wp-json\/wp\/v2\/product_brand?post=20782"},{"taxonomy":"product_cat","embeddable":true,"href":"https:\/\/www.hydraulic-cylinders.net\/sk\/wp-json\/wp\/v2\/product_cat?post=20782"},{"taxonomy":"product_tag","embeddable":true,"href":"https:\/\/www.hydraulic-cylinders.net\/sk\/wp-json\/wp\/v2\/product_tag?post=20782"}],"curies":[{"name":"pracovn\u00fd list","href":"https:\/\/api.w.org\/{rel}","templated":true}]}}