{"id":643,"date":"2023-08-21T02:44:39","date_gmt":"2023-08-21T02:44:39","guid":{"rendered":"https:\/\/hydraulic-cylinders.net\/?post_type=product&#038;p=643"},"modified":"2025-04-11T03:15:48","modified_gmt":"2025-04-11T03:15:48","slug":"forklift-steering-hydraulic-cylinder","status":"publish","type":"product","link":"https:\/\/www.hydraulic-cylinders.net\/sk\/produkt\/forklift-steering-hydraulic-cylinder\/","title":{"rendered":"Hydraulick\u00fd valec riadenia vysokozdvi\u017en\u00e9ho voz\u00edka"},"content":{"rendered":"<h1 style=\"text-align: center;\"><strong>Hydraulick\u00e9 valce riadenia vysokozdvi\u017en\u00e9ho voz\u00edka<\/strong><\/h1>\n<p><img loading=\"lazy\" decoding=\"async\" class=\"aligncenter wp-image-644 size-full\" src=\"https:\/\/hydraulic-cylinders.net\/wp-content\/uploads\/2023\/08\/steering-hydraulic-cylinder-product-1.webp\" alt=\"produkt-hydraulick\u00fd-valec-riadenia\" width=\"382\" height=\"382\" srcset=\"https:\/\/www.hydraulic-cylinders.net\/wp-content\/uploads\/2023\/08\/steering-hydraulic-cylinder-product-1.webp 382w, https:\/\/www.hydraulic-cylinders.net\/wp-content\/uploads\/2023\/08\/steering-hydraulic-cylinder-product-1-300x300.webp 300w, https:\/\/www.hydraulic-cylinders.net\/wp-content\/uploads\/2023\/08\/steering-hydraulic-cylinder-product-1-100x100.webp 100w, https:\/\/www.hydraulic-cylinders.net\/wp-content\/uploads\/2023\/08\/steering-hydraulic-cylinder-product-1-150x150.webp 150w\" sizes=\"(max-width: 382px) 100vw, 382px\" \/><\/p>\n<p>Hydraulick\u00e9 valce riadenia vysokozdvi\u017en\u00e9ho voz\u00edka, hnacia sila presn\u00e9ho ovl\u00e1dania riadenia a lep\u0161ej man\u00e9vrovate\u013enosti pri prev\u00e1dzke vysokozdvi\u017en\u00e9ho voz\u00edka. Tieto z\u00e1kladn\u00e9 komponenty zohr\u00e1vaj\u00fa k\u013e\u00fa\u010dov\u00fa \u00falohu pri zabezpe\u010dovan\u00ed plynul\u00e9ho a citliv\u00e9ho riadenia, \u010do umo\u017e\u0148uje obsluhe \u013eahko sa pohybova\u0165 v stiesnen\u00fdch priestoroch a manipulova\u0165 s \u0165a\u017ek\u00fdmi bremenami.<\/p>\n<p>Hydraulick\u00e9 valce riadenia vysokozdvi\u017en\u00fdch voz\u00edkov s\u00fa kompatibiln\u00e9 so \u0161irokou \u0161k\u00e1lou modelov a zna\u010diek vysokozdvi\u017en\u00fdch voz\u00edkov, v\u010faka \u010domu predstavuj\u00fa v\u0161estrann\u00e9 rie\u0161enie pre r\u00f4zne aplik\u00e1cie. \u010ci u\u017e pracujete v skladovan\u00ed, logistike, v\u00fdrobe alebo akomko\u013evek inom odvetv\u00ed, tieto valce je mo\u017en\u00e9 prisp\u00f4sobi\u0165 va\u0161im \u0161pecifick\u00fdm po\u017eiadavk\u00e1m.<\/p>\n<p>Moderniz\u00e1ciou va\u0161ich vysokozdvi\u017en\u00fdch voz\u00edkov t\u00fdmito valcami m\u00f4\u017eete v\u00fdrazne zlep\u0161i\u0165 \u00fa\u010dinnos\u0165 riadenia a produktivitu. Za\u017eite plynulej\u0161ie zat\u00e1\u010danie, presn\u00fa manipul\u00e1ciu a zn\u00ed\u017een\u00fa \u00fanavu obsluhy, \u010do vedie k r\u00fdchlej\u0161ej a efekt\u00edvnej\u0161ej manipul\u00e1cii s materi\u00e1lom.<\/p>\n<h2><strong>Parameter hydraulick\u00e9ho valca riadenia vysokozdvi\u017en\u00e9ho voz\u00edka:<\/strong><\/h2>\n<table>\n<tbody>\n<tr>\n<td><img loading=\"lazy\" decoding=\"async\" class=\"alignnone wp-image-645 size-full\" src=\"https:\/\/hydraulic-cylinders.net\/wp-content\/uploads\/2023\/08\/steering-hydraulic-cylinder-product-1-1.webp\" alt=\"\" width=\"334\" height=\"255\" srcset=\"https:\/\/www.hydraulic-cylinders.net\/wp-content\/uploads\/2023\/08\/steering-hydraulic-cylinder-product-1-1.webp 334w, https:\/\/www.hydraulic-cylinders.net\/wp-content\/uploads\/2023\/08\/steering-hydraulic-cylinder-product-1-1-300x229.webp 300w\" sizes=\"(max-width: 334px) 100vw, 334px\" \/><\/td>\n<td><img loading=\"lazy\" decoding=\"async\" class=\"alignnone wp-image-646 size-full\" src=\"https:\/\/hydraulic-cylinders.net\/wp-content\/uploads\/2023\/08\/steering-hydraulic-cylinder-product-1-1.jpg.webp\" alt=\"\" width=\"475\" height=\"160\" srcset=\"https:\/\/www.hydraulic-cylinders.net\/wp-content\/uploads\/2023\/08\/steering-hydraulic-cylinder-product-1-1.jpg.webp 475w, https:\/\/www.hydraulic-cylinders.net\/wp-content\/uploads\/2023\/08\/steering-hydraulic-cylinder-product-1-1.jpg-300x101.webp 300w\" sizes=\"(max-width: 475px) 100vw, 475px\" \/><\/td>\n<\/tr>\n<\/tbody>\n<\/table>\n<table style=\"height: 95px;\" border=\"1\" cellspacing=\"0\" cellpadding=\"0\">\n<tbody>\n<tr style=\"height: 47px;\">\n<td style=\"height: 47px; width: 122.175px;\">N\u00e1zov valca<\/td>\n<td style=\"height: 47px; width: 154.2px;\">\u010d\u00edslo v\u00fdkresu<\/td>\n<td style=\"height: 47px; width: 80.3125px;\">priemer otvoru (D)<\/td>\n<td style=\"height: 47px; width: 79.225px;\">priemer ty\u010de (d)<\/td>\n<td style=\"height: 47px; width: 65.5375px;\">zdvih (S)<\/td>\n<td style=\"height: 47px; width: 104.15px;\">In\u0161tala\u010dn\u00e1 vzdialenos\u0165 (L)<\/td>\n<td style=\"height: 47px; width: 97.925px;\">pracovn\u00fd tlak<\/td>\n<td style=\"height: 47px; width: 177.45px;\">Rozmery rozhrania (M)<\/td>\n<td style=\"height: 47px; width: 60.5875px;\">hmotnos\u0165<\/td>\n<\/tr>\n<tr style=\"height: 48px;\">\n<td class=\"et3\" style=\"height: 48px; width: 122.175px;\" height=\"325\">Valec riadenia<\/td>\n<td class=\"et4\" style=\"height: 48px; width: 154.2px;\">R960-224000-001<\/td>\n<td class=\"et4\" style=\"height: 48px; width: 80.3125px;\">\u03a665<\/td>\n<td class=\"et4\" style=\"height: 48px; width: 79.225px;\">\u03a640<\/td>\n<td class=\"et4\" style=\"height: 48px; width: 65.5375px;\">2*98<\/td>\n<td class=\"et4\" style=\"height: 48px; width: 104.15px;\">672<\/td>\n<td class=\"et4\" style=\"height: 48px; width: 97.925px;\">10,5 MPa<\/td>\n<td class=\"et4\" style=\"height: 48px; width: 177.45px;\">2-G1\/4<\/td>\n<td class=\"et4\" style=\"height: 48px; width: 60.5875px;\">15 kg<\/td>\n<\/tr>\n<\/tbody>\n<\/table>\n<table>\n<tbody>\n<tr>\n<td><img loading=\"lazy\" decoding=\"async\" class=\"alignnone wp-image-647 size-full\" src=\"https:\/\/hydraulic-cylinders.net\/wp-content\/uploads\/2023\/08\/steering-hydraulic-cylinder-product-1-2.webp\" alt=\"\" width=\"333\" height=\"252\" srcset=\"https:\/\/www.hydraulic-cylinders.net\/wp-content\/uploads\/2023\/08\/steering-hydraulic-cylinder-product-1-2.webp 333w, https:\/\/www.hydraulic-cylinders.net\/wp-content\/uploads\/2023\/08\/steering-hydraulic-cylinder-product-1-2-300x227.webp 300w\" sizes=\"(max-width: 333px) 100vw, 333px\" \/><\/td>\n<td><img loading=\"lazy\" decoding=\"async\" class=\"alignnone wp-image-648 size-full\" src=\"https:\/\/hydraulic-cylinders.net\/wp-content\/uploads\/2023\/08\/steering-hydraulic-cylinder-product-1-3.webp\" alt=\"\" width=\"475\" height=\"168\" srcset=\"https:\/\/www.hydraulic-cylinders.net\/wp-content\/uploads\/2023\/08\/steering-hydraulic-cylinder-product-1-3.webp 475w, https:\/\/www.hydraulic-cylinders.net\/wp-content\/uploads\/2023\/08\/steering-hydraulic-cylinder-product-1-3-300x106.webp 300w\" sizes=\"(max-width: 475px) 100vw, 475px\" \/><\/td>\n<\/tr>\n<\/tbody>\n<\/table>\n<table style=\"height: 101px;\" border=\"1\" cellspacing=\"0\" cellpadding=\"0\">\n<tbody>\n<tr style=\"height: 47px;\">\n<td style=\"height: 47px; width: 122px;\">N\u00e1zov valca<\/td>\n<td style=\"height: 47px; width: 155px;\">\u010d\u00edslo v\u00fdkresu<\/td>\n<td style=\"height: 47px; width: 80px;\">priemer otvoru (D)<\/td>\n<td style=\"height: 47px; width: 79px;\">priemer ty\u010de (d)<\/td>\n<td style=\"height: 47px; width: 65px;\">zdvih (S)<\/td>\n<td style=\"height: 47px; width: 104px;\">In\u0161tala\u010dn\u00e1 vzdialenos\u0165 (L)<\/td>\n<td style=\"height: 47px; width: 96px;\">pracovn\u00fd tlak<\/td>\n<td style=\"height: 47px; width: 177px;\">Rozmery rozhrania (M)<\/td>\n<td style=\"height: 47px; width: 60px;\">hmotnos\u0165<\/td>\n<\/tr>\n<tr style=\"height: 54px;\">\n<td class=\"et3\" style=\"height: 54px; width: 122px;\" height=\"325\">Valec riadenia<\/td>\n<td class=\"et4\" style=\"height: 54px; width: 155px;\">A2A300-223000-000<\/td>\n<td class=\"et4\" style=\"height: 54px; width: 80px;\">\u03a680<\/td>\n<td class=\"et4\" style=\"height: 54px; width: 79px;\">\u03a650<\/td>\n<td class=\"et4\" style=\"height: 54px; width: 65px;\">2*103<\/td>\n<td class=\"et4\" style=\"height: 54px; width: 104px;\">652.2<\/td>\n<td class=\"et4\" style=\"height: 54px; width: 96px;\">10 MPa<\/td>\n<td class=\"et4\" style=\"height: 54px; width: 177px;\">2-M16*1,5<\/td>\n<td class=\"et4\" style=\"height: 54px; width: 60px;\">18 kg<\/td>\n<\/tr>\n<\/tbody>\n<\/table>\n<table>\n<tbody>\n<tr>\n<td><img loading=\"lazy\" decoding=\"async\" class=\"alignnone wp-image-649 size-full\" src=\"https:\/\/hydraulic-cylinders.net\/wp-content\/uploads\/2023\/08\/steering-hydraulic-cylinder-product-1-4.webp\" alt=\"\" width=\"333\" height=\"221\" srcset=\"https:\/\/www.hydraulic-cylinders.net\/wp-content\/uploads\/2023\/08\/steering-hydraulic-cylinder-product-1-4.webp 333w, https:\/\/www.hydraulic-cylinders.net\/wp-content\/uploads\/2023\/08\/steering-hydraulic-cylinder-product-1-4-300x199.webp 300w\" sizes=\"(max-width: 333px) 100vw, 333px\" \/><\/td>\n<td><img loading=\"lazy\" decoding=\"async\" class=\"alignnone wp-image-650 size-full\" src=\"https:\/\/hydraulic-cylinders.net\/wp-content\/uploads\/2023\/08\/steering-hydraulic-cylinder-product-1-5.webp\" alt=\"\" width=\"475\" height=\"176\" srcset=\"https:\/\/www.hydraulic-cylinders.net\/wp-content\/uploads\/2023\/08\/steering-hydraulic-cylinder-product-1-5.webp 475w, https:\/\/www.hydraulic-cylinders.net\/wp-content\/uploads\/2023\/08\/steering-hydraulic-cylinder-product-1-5-300x111.webp 300w\" sizes=\"(max-width: 475px) 100vw, 475px\" \/><\/td>\n<\/tr>\n<\/tbody>\n<\/table>\n<table style=\"height: 98px;\" border=\"1\" cellspacing=\"0\" cellpadding=\"0\">\n<tbody>\n<tr style=\"height: 47px;\">\n<td style=\"height: 47px; width: 122.338px;\">N\u00e1zov valca<\/td>\n<td style=\"height: 47px; width: 154.438px;\">\u010d\u00edslo v\u00fdkresu<\/td>\n<td style=\"height: 47px; width: 80.3625px;\">priemer otvoru (D)<\/td>\n<td style=\"height: 47px; width: 79.275px;\">priemer ty\u010de (d)<\/td>\n<td style=\"height: 47px; width: 65.5875px;\">zdvih (S)<\/td>\n<td style=\"height: 47px; width: 104.25px;\">In\u0161tala\u010dn\u00e1 vzdialenos\u0165 (L)<\/td>\n<td style=\"height: 47px; width: 97.025px;\">pracovn\u00fd tlak<\/td>\n<td style=\"height: 47px; width: 177.7px;\">Rozmery rozhrania (M)<\/td>\n<td style=\"height: 47px; width: 60.625px;\">hmotnos\u0165<\/td>\n<\/tr>\n<tr style=\"height: 51px;\">\n<td class=\"et3\" style=\"height: 51px; width: 122.338px;\" height=\"325\">Valec riadenia<\/td>\n<td class=\"et4\" style=\"height: 51px; width: 154.438px;\">XF250-223000-500T<\/td>\n<td class=\"et4\" style=\"height: 51px; width: 80.3625px;\">\u03a680<\/td>\n<td class=\"et4\" style=\"height: 51px; width: 79.275px;\">\u03a650<\/td>\n<td class=\"et4\" style=\"height: 51px; width: 65.5875px;\">2*94<\/td>\n<td class=\"et4\" style=\"height: 51px; width: 104.25px;\">654<\/td>\n<td class=\"et4\" style=\"height: 51px; width: 97.025px;\">16 MPa<\/td>\n<td class=\"et4\" style=\"height: 51px; width: 177.7px;\">2-M16*1,5<\/td>\n<td class=\"et4\" style=\"height: 51px; width: 60.625px;\">20 kg<\/td>\n<\/tr>\n<\/tbody>\n<\/table>\n<h2><strong>Pokyny pre \u00fadr\u017ebu <\/strong><strong>Hydraulick\u00fd valec na zdv\u00edhanie vysokozdvi\u017en\u00e9ho voz\u00edka<\/strong><strong>:<\/strong><\/h2>\n<ul>\n<li><strong>Pravideln\u00e9 kontroly<\/strong>Vykon\u00e1vajte pravideln\u00e9 kontroly hydraulick\u00e9ho valca, aby ste skontrolovali pr\u00edpadn\u00e9 zn\u00e1mky po\u0161kodenia, opotrebovania alebo \u00faniku. Skontrolujte ty\u010d, tesnenia a mont\u00e1\u017ene body. Okam\u017eite rie\u0161te v\u0161etky probl\u00e9my, aby ste predi\u0161li \u010fal\u0161iemu po\u0161kodeniu a udr\u017eali optim\u00e1lny v\u00fdkon.<\/li>\n<li><strong>Kontroly a v\u00fdmena kvapal\u00edn<\/strong>Pravidelne kontrolujte hladiny a kvalitu hydraulickej kvapaliny. Uistite sa, \u017ee kvapalina je \u010dist\u00e1 a bez ne\u010dist\u00f4t. Dodr\u017eiavajte odpor\u00fa\u010dania v\u00fdrobcu t\u00fdkaj\u00face sa intervalov v\u00fdmeny kvapaliny, aby ste zachovali spr\u00e1vne mazanie a v\u00fdkon syst\u00e9mu.<\/li>\n<li><strong>\u00dadr\u017eba tesnen\u00ed<\/strong>Skontrolujte tesnenia hydraulick\u00e9ho valca, \u010di nejavia zn\u00e1mky opotrebovania, praskl\u00edn alebo netesnost\u00ed. Po\u0161koden\u00e9 tesnenia ihne\u010f vyme\u0148te, aby ste predi\u0161li \u00faniku kvapaliny a zabezpe\u010dili spo\u013eahliv\u00fa prev\u00e1dzku.<\/li>\n<li><strong>\u00dadr\u017eba ty\u010de<\/strong>Ty\u010d hydraulick\u00e9ho valca udr\u017eiavajte \u010dist\u00fa a bez ne\u010dist\u00f4t. Pravidelne ju utierajte a nan\u00e1\u0161ajte vhodn\u00e9 mazivo, aby ste minimalizovali trenie a pred\u013a\u017eili \u017eivotnos\u0165 tesnen\u00ed.<\/li>\n<li><strong>Kontroly tlaku v syst\u00e9me<\/strong>Pravidelne kontrolujte tlak v hydraulickom syst\u00e9me, aby ste sa uistili, \u017ee pracuje v odpor\u00fa\u010danom rozsahu. V pr\u00edpade potreby upravte tlak pod\u013ea pokynov v\u00fdrobcu.<\/li>\n<\/ul>\n<h2><strong>Schopnos\u0165 a kapacita tov\u00e1rne:<\/strong><\/h2>\n<h3>(1) Mont\u00e1\u017e<\/h3>\n<p>M\u00e1me prvotriednu nez\u00e1visl\u00fa mont\u00e1\u017enu platformu pre v\u00fdskum a v\u00fdvoj. Diel\u0148a na v\u00fdrobu vysokozdvi\u017en\u00fdch valcov m\u00e1 4 poloautomatick\u00e9 mont\u00e1\u017ene linky na zdv\u00edhacie valce a 1 automatick\u00fa mont\u00e1\u017enu linku na skl\u00e1pacie valce s projektovanou ro\u010dnou v\u00fdrobnou kapacitou 1 mili\u00f3n kusov; diel\u0148a na v\u00fdrobu \u0161peci\u00e1lnych valcov je vybaven\u00e1 poloautomatick\u00fdm \u010distiacim mont\u00e1\u017enym syst\u00e9mom r\u00f4znych \u0161pecifik\u00e1ci\u00ed s projektovanou ro\u010dnou v\u00fdrobnou kapacitou 200 000 kusov. Vybaven\u00e1 sl\u00e1vnym CNC obr\u00e1bac\u00edm zariaden\u00edm, obr\u00e1bac\u00edm centrom, vysoko presn\u00fdm \u0161peci\u00e1lnym zariaden\u00edm na spracovanie valcov, robotick\u00fdm zv\u00e1rac\u00edm strojom, automatick\u00fdm \u010distiacim strojom, automatick\u00fdm mont\u00e1\u017enym strojom valcov, automatickou v\u00fdrobnou linkou na lakovanie. Existuj\u00face k\u013e\u00fa\u010dov\u00e9 vybavenie viac ako 300 s\u00faprav (setov). Optim\u00e1lne rozdelenie a efekt\u00edvne vyu\u017e\u00edvanie zdrojov zariaden\u00ed zabezpe\u010duje po\u017eiadavky na presnos\u0165 v\u00fdrobkov a sp\u013a\u0148a vysok\u00e9 po\u017eiadavky na kvalitu v\u00fdrobkov.<\/p>\n<p><img loading=\"lazy\" decoding=\"async\" class=\"alignnone wp-image-626\" src=\"https:\/\/hydraulic-cylinders.net\/wp-content\/uploads\/2023\/08\/hydraulic-cylinder-product-1-300x158.webp\" alt=\"\" width=\"495\" height=\"260\" srcset=\"https:\/\/hydraulic-cylinders.net\/wp-content\/uploads\/2023\/08\/hydraulic-cylinder-product-1-300x158.webp 495w, https:\/\/hydraulic-cylinders.net\/wp-content\/uploads\/2023\/08\/hydraulic-cylinder-product-1-480x252.webp 480w\" sizes=\"(min-width: 0px) and (max-width: 480px) 480px, (min-width: 481px) 495px, 100vw\" \/> <img loading=\"lazy\" decoding=\"async\" class=\"alignnone wp-image-627\" src=\"https:\/\/hydraulic-cylinders.net\/wp-content\/uploads\/2023\/08\/hydraulic-cylinder-product-2-300x189.webp\" alt=\"\" width=\"413\" height=\"260\" \/><\/p>\n<h3>(2) Obr\u00e1banie<\/h3>\n<p>Obr\u00e1bacia diel\u0148a je vybaven\u00e1 prisp\u00f4soben\u00fdm s\u00fastru\u017en\u00edckym centrom so \u0161ikmou ko\u013eajnicou, obr\u00e1bac\u00edm centrom, vysokor\u00fdchlostn\u00fdm honovac\u00edm strojom, zv\u00e1rac\u00edm robotom a \u010fal\u0161\u00edmi s\u00favisiacimi zariadeniami, ktor\u00e9 zvl\u00e1dnu spracovanie valcov\u00fdch r\u00far s maxim\u00e1lnym vn\u00fatorn\u00fdm priemerom 400 mm a maxim\u00e1lnou d\u013a\u017ekou 6 metrov.<\/p>\n<p><img loading=\"lazy\" decoding=\"async\" class=\"alignnone wp-image-628 size-large\" src=\"https:\/\/hydraulic-cylinders.net\/wp-content\/uploads\/2023\/08\/hydraulic-cylinder-product-3-1024x391.webp\" alt=\"\" width=\"1024\" height=\"391\" srcset=\"https:\/\/hydraulic-cylinders.net\/wp-content\/uploads\/2023\/08\/hydraulic-cylinder-product-3-980x374.webp 980w, https:\/\/hydraulic-cylinders.net\/wp-content\/uploads\/2023\/08\/hydraulic-cylinder-product-3-480x183.webp 480w\" sizes=\"(min-width: 0px) and (max-width: 480px) 480px, (min-width: 481px) and (max-width: 980px) 980px, (min-width: 981px) 1024px, 100vw\" \/><\/p>\n<h3>(3) Zv\u00e1ranie<\/h3>\n<p><img loading=\"lazy\" decoding=\"async\" class=\"alignnone wp-image-629 size-large\" src=\"https:\/\/hydraulic-cylinders.net\/wp-content\/uploads\/2023\/08\/hydraulic-cylinder-product-4-1024x510.webp\" alt=\"\" width=\"1024\" height=\"510\" srcset=\"https:\/\/hydraulic-cylinders.net\/wp-content\/uploads\/2023\/08\/hydraulic-cylinder-product-4-980x488.webp 980w, https:\/\/hydraulic-cylinders.net\/wp-content\/uploads\/2023\/08\/hydraulic-cylinder-product-4-480x239.webp 480w\" sizes=\"(min-width: 0px) and (max-width: 480px) 480px, (min-width: 481px) and (max-width: 980px) 980px, (min-width: 981px) 1024px, 100vw\" \/><\/p>\n<h3>(4) Ma\u013eovanie a natieranie<\/h3>\n<p>S malou a strednou automatickou linkou na nan\u00e1\u0161anie farieb na b\u00e1ze vody, ktor\u00e1 umo\u017e\u0148uje automatick\u00e9 nakladanie a vykladanie robotov a automatick\u00e9 striekanie, s kon\u0161truk\u010dnou kapacitou 4000 kusov za zmenu;<br \/>\nM\u00e1me tie\u017e poloautomatick\u00fa linku na v\u00fdrobu farieb pre ve\u013ek\u00e9 f\u013ea\u0161e, poh\u00e1\u0148an\u00fa re\u0165azov\u00fdm pohonom, s kon\u0161truk\u010dnou kapacitou 60 debien za zmenu.<\/p>\n<p><img loading=\"lazy\" decoding=\"async\" class=\"alignnone wp-image-630\" src=\"https:\/\/hydraulic-cylinders.net\/wp-content\/uploads\/2023\/08\/hydraulic-cylinder-product-5-300x213.webp\" alt=\"\" width=\"366\" height=\"260\" \/> <img loading=\"lazy\" decoding=\"async\" class=\"alignnone wp-image-631\" src=\"https:\/\/hydraulic-cylinders.net\/wp-content\/uploads\/2023\/08\/hydraulic-cylinder-product-6-300x225.webp\" alt=\"\" width=\"347\" height=\"260\" \/><\/p>\n<h3>(5) Testovanie<\/h3>\n<p>Disponujeme prvotriednymi kontroln\u00fdmi zariadeniami a sk\u00fa\u0161obn\u00fdmi zariadeniami, ktor\u00e9 zabezpe\u010duj\u00fa, \u017ee v\u00fdkonnos\u0165 valca sp\u013a\u0148a po\u017eiadavky.<\/p>\n<p><img loading=\"lazy\" decoding=\"async\" class=\"alignnone wp-image-632\" src=\"https:\/\/hydraulic-cylinders.net\/wp-content\/uploads\/2023\/08\/hydraulic-cylinder-product-8-300x200.webp\" alt=\"\" width=\"389\" height=\"260\" \/><\/p>\n<p>&nbsp;<\/p>\n<p>&nbsp;<\/p>\n<p>Sme jedn\u00fdm z najlep\u0161\u00edch v\u00fdrobcov hydraulick\u00fdch valcov. M\u00f4\u017eeme pon\u00faknu\u0165 \u0161irok\u00fd sklad hydraulick\u00fdch valcov. Poskytujeme aj zodpovedaj\u00face <a href=\"https:\/\/hzpt.com\/agricultural-pto-gearbox\/\" target=\"_blank\" rel=\"noopener\">po\u013enohospod\u00e1rske prevodovky<\/a>. Na\u0161e v\u00fdrobky sme vyviezli z\u00e1kazn\u00edkom do cel\u00e9ho sveta a z\u00edskali sme si dobr\u00fa poves\u0165 v\u010faka vynikaj\u00facej kvalite na\u0161ich v\u00fdrobkov a popredajn\u00e9mu servisu. Srde\u010dne v\u00edtame z\u00e1kazn\u00edkov doma aj v zahrani\u010d\u00ed, aby n\u00e1s kontaktovali a dohodli sa na obchodn\u00fdch rokovaniach, vymenili si inform\u00e1cie.\u00a0<a href=\"https:\/\/www.hydraulic-cylinders.net\/sk\/contact-us\/\">spolupracova\u0165 s nami<\/a>!<\/p>","protected":false},"excerpt":{"rendered":"<p>Forklift Steering Hydraulic Cylinders Forklift Steering Hydraulic Cylinders, the driving force behind precise steering control and enhanced maneuverability in forklift operations. These essential components play a crucial role in ensuring smooth and responsive steering, allowing operators to navigate tight spaces and handle heavy loads with ease. The Forklift Steering Hydraulic Cylinders are compatible with a [&hellip;]<\/p>","protected":false},"featured_media":651,"comment_status":"open","ping_status":"closed","template":"","meta":{"_et_pb_use_builder":"","_et_pb_old_content":"","_et_gb_content_width":""},"product_brand":[],"product_cat":[1550,1484,1376],"product_tag":[1380],"class_list":{"0":"post-643","1":"product","2":"type-product","3":"status-publish","4":"has-post-thumbnail","6":"product_cat-double-acting-hydraulic-cylinder","7":"product_cat-forklift-hydraulic-cylinders","8":"product_cat-hydraulic-cylinder","9":"product_tag-hydraulic-cylinder","11":"first","12":"instock","13":"shipping-taxable","14":"product-type-simple"},"amp_enabled":true,"_links":{"self":[{"href":"https:\/\/www.hydraulic-cylinders.net\/sk\/wp-json\/wp\/v2\/product\/643","targetHints":{"allow":["GET"]}}],"collection":[{"href":"https:\/\/www.hydraulic-cylinders.net\/sk\/wp-json\/wp\/v2\/product"}],"about":[{"href":"https:\/\/www.hydraulic-cylinders.net\/sk\/wp-json\/wp\/v2\/types\/product"}],"replies":[{"embeddable":true,"href":"https:\/\/www.hydraulic-cylinders.net\/sk\/wp-json\/wp\/v2\/comments?post=643"}],"wp:featuredmedia":[{"embeddable":true,"href":"https:\/\/www.hydraulic-cylinders.net\/sk\/wp-json\/wp\/v2\/media\/651"}],"wp:attachment":[{"href":"https:\/\/www.hydraulic-cylinders.net\/sk\/wp-json\/wp\/v2\/media?parent=643"}],"wp:term":[{"taxonomy":"product_brand","embeddable":true,"href":"https:\/\/www.hydraulic-cylinders.net\/sk\/wp-json\/wp\/v2\/product_brand?post=643"},{"taxonomy":"product_cat","embeddable":true,"href":"https:\/\/www.hydraulic-cylinders.net\/sk\/wp-json\/wp\/v2\/product_cat?post=643"},{"taxonomy":"product_tag","embeddable":true,"href":"https:\/\/www.hydraulic-cylinders.net\/sk\/wp-json\/wp\/v2\/product_tag?post=643"}],"curies":[{"name":"pracovn\u00fd list","href":"https:\/\/api.w.org\/{rel}","templated":true}]}}