{"id":652,"date":"2023-08-21T02:56:38","date_gmt":"2023-08-21T02:56:38","guid":{"rendered":"https:\/\/hydraulic-cylinders.net\/?post_type=product&#038;p=652"},"modified":"2025-04-11T01:45:01","modified_gmt":"2025-04-11T01:45:01","slug":"forklift-short-lifting-hydraulic-cylinder","status":"publish","type":"product","link":"https:\/\/www.hydraulic-cylinders.net\/sk\/produkt\/forklift-short-lifting-hydraulic-cylinder\/","title":{"rendered":"Kr\u00e1tky hydraulick\u00fd valec na zdv\u00edhanie vysokozdvi\u017en\u00e9ho voz\u00edka"},"content":{"rendered":"<h1 style=\"text-align: center;\"><strong>Kr\u00e1tky hydraulick\u00fd valec na zdv\u00edhanie vysokozdvi\u017en\u00e9ho voz\u00edka<\/strong><\/h1>\n<p><img loading=\"lazy\" decoding=\"async\" class=\"aligncenter wp-image-653\" src=\"https:\/\/hydraulic-cylinders.net\/wp-content\/uploads\/2023\/08\/short-lifting-hydraulic-cylinder-product-2-300x300.webp\" alt=\"produkt s kr\u00e1tkym zdv\u00edhac\u00edm hydraulick\u00fdm valcom\" width=\"400\" height=\"400\" \/><\/p>\n<p>Ten\/T\u00e1\/To <strong>Kr\u00e1tky zdv\u00edhac\u00ed valec vysokozdvi\u017en\u00e9ho voz\u00edka<\/strong> je navrhnut\u00fd tak, aby bez n\u00e1mahy zvl\u00e1dal kr\u00e1tke zdv\u00edhacie \u00falohy a poskytoval v\u00fdkon a presnos\u0165 potrebn\u00fa na optimaliz\u00e1ciu va\u0161ich oper\u00e1ci\u00ed manipul\u00e1cie s materi\u00e1lom.<\/p>\n<p>Tento hydraulick\u00fd valec sa v\u010faka robustnej kon\u0161trukcii vydr\u017e\u00ed \u0165a\u017ek\u00e9 za\u0165a\u017eenie, \u010dast\u00e9 pou\u017e\u00edvanie a n\u00e1ro\u010dn\u00e9 prev\u00e1dzkov\u00e9 podmienky. Je vyroben\u00fd pre dlh\u00fa \u017eivotnos\u0165, zais\u0165uje spo\u013eahliv\u00fd v\u00fdkon a z\u00e1rove\u0148 minimalizuje prestoje s\u00favisiace s \u00fadr\u017ebou alebo opravami.<\/p>\n<p>V\u010faka v\u00fdnimo\u010dnej odolnosti vo\u010di opotrebovaniu, kor\u00f3zii a kontamin\u00e1cii... <strong>Kr\u00e1tky zdv\u00edhac\u00ed valec vysokozdvi\u017en\u00e9ho voz\u00edka<\/strong> Zachov\u00e1va si \u0161pi\u010dkov\u00fd v\u00fdkon po\u010das celej svojej \u017eivotnosti. Je navrhnut\u00fd tak, aby odolal drsn\u00fdm poveternostn\u00fdm vplyvom, a \u00fa\u010dinne sa chr\u00e1ni pred vlhkos\u0165ou, ne\u010distotami a in\u00fdmi ne\u010distotami, ktor\u00e9 by mohli ohrozi\u0165 jeho funk\u010dnos\u0165.<\/p>\n<p>Pre t\u00fdch, ktor\u00ed h\u013eadaj\u00fa spo\u013eahliv\u00e9 zdv\u00edhacie rie\u0161enie, je tento hydraulick\u00fd valec ide\u00e1lnou vo\u013ebou, ktor\u00e1 zais\u0165uje efektivitu a dlh\u00fa \u017eivotnos\u0165 pri ka\u017edej oper\u00e1cii.<\/p>\n<h2><strong>Parameter hydraulick\u00e9ho valca pre kr\u00e1tke zdv\u00edhanie vysokozdvi\u017en\u00e9ho voz\u00edka:<\/strong><\/h2>\n<table>\n<tbody>\n<tr>\n<td><img loading=\"lazy\" decoding=\"async\" class=\"alignnone wp-image-654 size-full\" src=\"https:\/\/hydraulic-cylinders.net\/wp-content\/uploads\/2023\/08\/short-lifting-hydraulic-cylinder-product-1.png\" alt=\"\" width=\"457\" height=\"315\" srcset=\"https:\/\/www.hydraulic-cylinders.net\/wp-content\/uploads\/2023\/08\/short-lifting-hydraulic-cylinder-product-1.png 457w, https:\/\/www.hydraulic-cylinders.net\/wp-content\/uploads\/2023\/08\/short-lifting-hydraulic-cylinder-product-1-300x207.png 300w\" sizes=\"(max-width: 457px) 100vw, 457px\" \/><\/td>\n<td><img loading=\"lazy\" decoding=\"async\" class=\"alignnone wp-image-655 size-full\" src=\"https:\/\/hydraulic-cylinders.net\/wp-content\/uploads\/2023\/08\/short-lifting-hydraulic-cylinder-product-1-1.png\" alt=\"\" width=\"475\" height=\"137\" srcset=\"https:\/\/www.hydraulic-cylinders.net\/wp-content\/uploads\/2023\/08\/short-lifting-hydraulic-cylinder-product-1-1.png 475w, https:\/\/www.hydraulic-cylinders.net\/wp-content\/uploads\/2023\/08\/short-lifting-hydraulic-cylinder-product-1-1-300x87.png 300w\" sizes=\"(max-width: 475px) 100vw, 475px\" \/><\/td>\n<\/tr>\n<\/tbody>\n<\/table>\n<table style=\"height: 95px; width: 931px;\" border=\"1\" cellspacing=\"0\" cellpadding=\"0\">\n<tbody>\n<tr style=\"height: 47px;\">\n<td style=\"height: 47px; width: 124.137px;\">N\u00e1zov valca<\/td>\n<td style=\"height: 47px; width: 182.712px;\">\u010d\u00edslo v\u00fdkresu<\/td>\n<td style=\"height: 47px; width: 74.2125px;\">priemer otvoru (D)<\/td>\n<td style=\"height: 47px; width: 63.6375px;\">priemer ty\u010de (d)<\/td>\n<td style=\"height: 47px; width: 69.75px;\">zdvih (S)<\/td>\n<td style=\"height: 47px; width: 90.0875px;\">In\u0161tala\u010dn\u00e1 vzdialenos\u0165 (L)<\/td>\n<td style=\"height: 47px; width: 92.5625px;\">pracovn\u00fd tlak<\/td>\n<td style=\"height: 47px; width: 148.925px;\">Rozmery rozhrania (M)<\/td>\n<td style=\"height: 47px; width: 68.975px;\">hmotnos\u0165<\/td>\n<\/tr>\n<tr style=\"height: 48px;\">\n<td class=\"et3\" style=\"height: 48px; width: 124.137px;\" height=\"325\">Kr\u00e1tky zdv\u00edhac\u00ed valec<\/td>\n<td style=\"width: 182.712px;\">RC25N480-800000-000A<\/td>\n<td style=\"width: 74.2125px;\">\u03a675<\/td>\n<td style=\"width: 63.6375px;\">\u03a660<\/td>\n<td style=\"width: 69.75px;\">800<\/td>\n<td style=\"width: 90.0875px;\">1065<\/td>\n<td style=\"width: 92.5625px;\">18,1 MPa<\/td>\n<td style=\"width: 148.925px;\">M22*1.5<\/td>\n<td style=\"width: 68.975px;\">36 kg<\/td>\n<\/tr>\n<tr>\n<td style=\"width: 124.137px;\">Kr\u00e1tky zdv\u00edhac\u00ed valec<\/td>\n<td style=\"width: 182.712px;\">X35N480-800000-001A<\/td>\n<td style=\"width: 74.2125px;\">\u03a695<\/td>\n<td style=\"width: 63.6375px;\">\u03a680<\/td>\n<td style=\"width: 69.75px;\">800<\/td>\n<td style=\"width: 90.0875px;\">1065<\/td>\n<td style=\"width: 92.5625px;\">18,1 MPa<\/td>\n<td style=\"width: 148.925px;\">M22*1.5<\/td>\n<td style=\"width: 68.975px;\">48,7 kg<\/td>\n<\/tr>\n<\/tbody>\n<\/table>\n<table>\n<tbody>\n<tr>\n<td><img loading=\"lazy\" decoding=\"async\" class=\"alignnone wp-image-656 size-full\" src=\"https:\/\/hydraulic-cylinders.net\/wp-content\/uploads\/2023\/08\/short-lifting-hydraulic-cylinder-product-2-1.webp\" alt=\"\" width=\"451\" height=\"358\" srcset=\"https:\/\/www.hydraulic-cylinders.net\/wp-content\/uploads\/2023\/08\/short-lifting-hydraulic-cylinder-product-2-1.webp 451w, https:\/\/www.hydraulic-cylinders.net\/wp-content\/uploads\/2023\/08\/short-lifting-hydraulic-cylinder-product-2-1-300x238.webp 300w\" sizes=\"(max-width: 451px) 100vw, 451px\" \/><\/td>\n<td><img loading=\"lazy\" decoding=\"async\" class=\"alignnone wp-image-657 size-full\" src=\"https:\/\/hydraulic-cylinders.net\/wp-content\/uploads\/2023\/08\/short-lifting-hydraulic-cylinder-product-2-1-1.webp\" alt=\"\" width=\"475\" height=\"223\" srcset=\"https:\/\/www.hydraulic-cylinders.net\/wp-content\/uploads\/2023\/08\/short-lifting-hydraulic-cylinder-product-2-1-1.webp 475w, https:\/\/www.hydraulic-cylinders.net\/wp-content\/uploads\/2023\/08\/short-lifting-hydraulic-cylinder-product-2-1-1-300x141.webp 300w\" sizes=\"(max-width: 475px) 100vw, 475px\" \/><\/td>\n<\/tr>\n<\/tbody>\n<\/table>\n<table style=\"height: 101px; width: 938px;\" border=\"1\" cellspacing=\"0\" cellpadding=\"0\">\n<tbody>\n<tr style=\"height: 47px;\">\n<td style=\"height: 47px; width: 122px;\">N\u00e1zov valca<\/td>\n<td style=\"height: 47px; width: 155px;\">\u010d\u00edslo v\u00fdkresu<\/td>\n<td style=\"height: 47px; width: 80px;\">priemer otvoru (D)<\/td>\n<td style=\"height: 47px; width: 79px;\">priemer ty\u010de (d)<\/td>\n<td style=\"height: 47px; width: 65px;\">zdvih (S)<\/td>\n<td style=\"height: 47px; width: 104px;\">In\u0161tala\u010dn\u00e1 vzdialenos\u0165 (L)<\/td>\n<td style=\"height: 47px; width: 96px;\">pracovn\u00fd tlak<\/td>\n<td style=\"height: 47px; width: 177px;\">Rozmery rozhrania (M)<\/td>\n<td style=\"height: 47px; width: 60px;\">hmotnos\u0165<\/td>\n<\/tr>\n<tr style=\"height: 54px;\">\n<td class=\"et3\" style=\"height: 54px; width: 122px;\" height=\"325\">Kr\u00e1tky zdv\u00edhac\u00ed valec<\/td>\n<td style=\"width: 155px;\" width=\"270\">N30N450-800000-002A<\/td>\n<td style=\"width: 80px;\" width=\"102\">\u03a685<\/td>\n<td style=\"width: 79px;\" width=\"99\">\u03a670<\/td>\n<td style=\"width: 65px;\" width=\"91\">777<\/td>\n<td style=\"width: 104px;\" width=\"136\">1015<\/td>\n<td style=\"width: 96px;\" width=\"138\">18,1 MPa<\/td>\n<td style=\"width: 177px;\" width=\"294\">M22*1.5<\/td>\n<td style=\"width: 60px;\" width=\"78\">45,5 kg<\/td>\n<\/tr>\n<tr>\n<td style=\"width: 122px;\">Kr\u00e1tky zdv\u00edhac\u00ed valec<\/td>\n<td style=\"width: 155px;\">3U3H-800000-001A<\/td>\n<td style=\"width: 80px;\">\u03a685<\/td>\n<td style=\"width: 79px;\">\u03a670<\/td>\n<td style=\"width: 65px;\">777<\/td>\n<td style=\"width: 104px;\">1015<\/td>\n<td style=\"width: 96px;\">18,1 MPa<\/td>\n<td style=\"width: 177px;\">M22*1.5<\/td>\n<td style=\"width: 60px;\">45,5 kg<\/td>\n<\/tr>\n<tr>\n<td style=\"width: 122px;\">Kr\u00e1tky zdv\u00edhac\u00ed valec<\/td>\n<td style=\"width: 155px;\">N35N450-800000-003A<\/td>\n<td style=\"width: 80px;\">\u03a695<\/td>\n<td style=\"width: 79px;\">\u03a680<\/td>\n<td style=\"width: 65px;\">775<\/td>\n<td style=\"width: 104px;\">1013<\/td>\n<td style=\"width: 96px;\">18,1 MPa<\/td>\n<td style=\"width: 177px;\">M22*1.5<\/td>\n<td style=\"width: 60px;\">54 kg<\/td>\n<\/tr>\n<\/tbody>\n<\/table>\n<h2><strong>Odomknite efektivitu a presnos\u0165 s hydraulick\u00fdm valcom:<\/strong><\/h2>\n<p>Za\u017eite skuto\u010dn\u00fa silu hydraulickej technol\u00f3gie s hydraulick\u00fdm valcom. Toto pozoruhodn\u00e9 zariadenie je navrhnut\u00e9 tak, aby poskytovalo presnos\u0165 a spo\u013eahlivos\u0165 v \u0161irokej \u0161k\u00e1le aplik\u00e1ci\u00ed. Od priemyseln\u00fdch strojov a\u017e po stavebn\u00e9 zariadenia je hydraulick\u00fd valec k\u013e\u00fa\u010dom k optimaliz\u00e1cii v\u00fdkonu a dosiahnutiu vynikaj\u00facich v\u00fdsledkov. Objavte, ako tento v\u00fdkonn\u00fd n\u00e1stroj m\u00f4\u017ee zrevolucionizova\u0165 va\u0161e oper\u00e1cie.<\/p>\n<ul>\n<li><strong>Presn\u00e9 in\u017einierstvo<\/strong>Hydraulick\u00fd valec je starostlivo navrhnut\u00fd tak, aby poskytoval presn\u00fa kontrolu nad pohybom a silou. V\u010faka pokro\u010dil\u00e9mu dizajnu a vysoko kvalitnej kon\u0161trukcii zais\u0165uje presn\u00fd a opakovate\u013en\u00fd v\u00fdkon, \u010do v\u00e1m umo\u017e\u0148uje dosiahnu\u0165 po\u017eadovan\u00e9 v\u00fdsledky s v\u00fdnimo\u010dnou presnos\u0165ou.<\/li>\n<li><strong>Zv\u00fd\u0161en\u00e1 \u00fa\u010dinnos\u0165<\/strong>Rozl\u00fa\u010dte sa s neefekt\u00edvnos\u0165ou a nerovnomern\u00fdm v\u00fdkonom. Hydraulick\u00fd valec optimalizuje vyu\u017eitie hydraulickej energie, maximalizuje \u00fa\u010dinnos\u0165 a produktivitu. Za\u017eite plynul\u00e9 a kontrolovan\u00e9 pohyby, ktor\u00e9 zni\u017euj\u00fa plytvanie energiou a zlep\u0161uj\u00fa celkov\u00fd v\u00fdkon syst\u00e9mu.<\/li>\n<\/ul>\n<h2><strong>Schopnos\u0165 a kapacita tov\u00e1rne:<\/strong><\/h2>\n<h3><strong>(1) Mont\u00e1\u017e<\/strong><\/h3>\n<p>Na\u0161e zariadenie sa m\u00f4\u017ee pochv\u00e1li\u0165 \u0161pi\u010dkovou nez\u00e1vislou v\u00fdskumnou a v\u00fdvojovou mont\u00e1\u017enou platformou zameranou na v\u00fdrobu hydraulick\u00fdch valcov. Prev\u00e1dzkujeme \u0161tyri poloautomatick\u00e9 mont\u00e1\u017ene linky zdv\u00edhac\u00edch valcov a jednu plne automatick\u00fa mont\u00e1\u017enu linku nakl\u00e1pac\u00edch valcov s p\u00f4sobivou ro\u010dnou v\u00fdrobnou kapacitou 1 mili\u00f3na valcov.<img loading=\"lazy\" decoding=\"async\" class=\"aligncenter wp-image-626\" src=\"https:\/\/hydraulic-cylinders.net\/wp-content\/uploads\/2023\/08\/hydraulic-cylinder-product-1-300x158.webp\" alt=\"\" width=\"500\" height=\"263\" srcset=\"https:\/\/hydraulic-cylinders.net\/wp-content\/uploads\/2023\/08\/hydraulic-cylinder-product-1-300x158.webp 500w, https:\/\/hydraulic-cylinders.net\/wp-content\/uploads\/2023\/08\/hydraulic-cylinder-product-1-480x252.webp 480w\" sizes=\"(min-width: 0px) and (max-width: 480px) 480px, (min-width: 481px) 500px, 100vw\" \/><\/p>\n<p>V na\u0161ej \u0161pecializovanej dielni na v\u00fdrobu valcov pou\u017e\u00edvame poloautomatick\u00fd syst\u00e9m \u010distenia a mont\u00e1\u017ee navrhnut\u00fd pre r\u00f4zne \u0161pecifik\u00e1cie, ktor\u00fd je schopn\u00fd vyrobi\u0165 200 000 valcov ro\u010dne. Na\u0161a diel\u0148a je vybaven\u00e1 modern\u00fdm CNC obr\u00e1bac\u00edm zariaden\u00edm, obr\u00e1bac\u00edm centrom, vysoko presn\u00fdmi n\u00e1strojmi na spracovanie valcov, robotick\u00fdmi zv\u00e1rac\u00edmi strojmi, automatick\u00fdmi \u010distiacimi syst\u00e9mami a automatizovanou linkou na mont\u00e1\u017e valcov. Okrem toho m\u00e1me plne automatizovan\u00fa v\u00fdrobn\u00fa linku na lakovanie.<\/p>\n<p>S viac ako 300 kusmi kritick\u00e9ho vybavenia n\u00e1m optim\u00e1lne rozdelenie zdrojov zabezpe\u010duje splnenie pr\u00edsnych \u0161tandardov presnosti a kvality, ktor\u00e9 vy\u017eaduj\u00fa na\u0161i klienti. Tento z\u00e1v\u00e4zok k efekt\u00edvnosti a prec\u00edznosti n\u00e1s stavia na l\u00eddra v odvetv\u00ed hydraulick\u00fdch valcov.<\/p>\n<p><img loading=\"lazy\" decoding=\"async\" class=\"aligncenter wp-image-627\" src=\"https:\/\/hydraulic-cylinders.net\/wp-content\/uploads\/2023\/08\/hydraulic-cylinder-product-2-300x189.webp\" alt=\"\" width=\"500\" height=\"315\" srcset=\"https:\/\/hydraulic-cylinders.net\/wp-content\/uploads\/2023\/08\/hydraulic-cylinder-product-2-300x189.webp 500w, https:\/\/hydraulic-cylinders.net\/wp-content\/uploads\/2023\/08\/hydraulic-cylinder-product-2-480x302.webp 480w\" sizes=\"(min-width: 0px) and (max-width: 480px) 480px, (min-width: 481px) 500px, 100vw\" \/><\/p>\n<h3><strong>(2) Obr\u00e1banie<\/strong><\/h3>\n<p>Na\u0161a obr\u00e1bacia diel\u0148a je vybaven\u00e1 najmodernej\u0161\u00edm vybaven\u00edm vr\u00e1tane prisp\u00f4soben\u00e9ho centra na s\u00fastru\u017eenie \u0161ikm\u00fdch ko\u013eajn\u00edc, presn\u00e9ho obr\u00e1bacieho centra, vysokor\u00fdchlostn\u00e9ho honovacieho stroja a pokro\u010dil\u00fdch zv\u00e1rac\u00edch robotov. Toto sofistikovan\u00e9 nastavenie n\u00e1m umo\u017e\u0148uje efekt\u00edvne spracov\u00e1va\u0165 valcov\u00e9 r\u00fary s maxim\u00e1lnym vn\u00fatorn\u00fdm priemerom 400 mm a d\u013a\u017ekou a\u017e 6 metrov.<\/p>\n<p><img loading=\"lazy\" decoding=\"async\" class=\"wp-image-628 size-large aligncenter\" src=\"https:\/\/hydraulic-cylinders.net\/wp-content\/uploads\/2023\/08\/hydraulic-cylinder-product-3-1024x391.webp\" alt=\"\" width=\"1024\" height=\"391\" srcset=\"https:\/\/hydraulic-cylinders.net\/wp-content\/uploads\/2023\/08\/hydraulic-cylinder-product-3-980x374.webp 980w, https:\/\/hydraulic-cylinders.net\/wp-content\/uploads\/2023\/08\/hydraulic-cylinder-product-3-480x183.webp 480w\" sizes=\"(min-width: 0px) and (max-width: 480px) 480px, (min-width: 481px) and (max-width: 980px) 980px, (min-width: 981px) 1024px, 100vw\" \/><\/p>\n<p>V\u010faka na\u0161ej \u0161pi\u010dkovej technol\u00f3gii zabezpe\u010dujeme vysoko kvalitn\u00e9 obr\u00e1banie, ktor\u00e9 sp\u013a\u0148a rozmanit\u00e9 potreby v\u00fdroby hydraulick\u00fdch valcov.<\/p>\n<h3><strong>(3) Zv\u00e1ranie<\/strong><\/h3>\n<p><img loading=\"lazy\" decoding=\"async\" class=\"wp-image-629 size-large aligncenter\" src=\"https:\/\/hydraulic-cylinders.net\/wp-content\/uploads\/2023\/08\/hydraulic-cylinder-product-4-1024x510.webp\" alt=\"\" width=\"1024\" height=\"510\" srcset=\"https:\/\/hydraulic-cylinders.net\/wp-content\/uploads\/2023\/08\/hydraulic-cylinder-product-4-980x488.webp 980w, https:\/\/hydraulic-cylinders.net\/wp-content\/uploads\/2023\/08\/hydraulic-cylinder-product-4-480x239.webp 480w\" sizes=\"(min-width: 0px) and (max-width: 480px) 480px, (min-width: 481px) and (max-width: 980px) 980px, (min-width: 981px) 1024px, 100vw\" \/><\/p>\n<h3><strong>(4) Ma\u013eovanie a n\u00e1tery<\/strong><\/h3>\n<p><img loading=\"lazy\" decoding=\"async\" class=\"wp-image-630 aligncenter\" src=\"https:\/\/hydraulic-cylinders.net\/wp-content\/uploads\/2023\/08\/hydraulic-cylinder-product-5-300x213.webp\" alt=\"\" width=\"500\" height=\"355\" \/><\/p>\n<p>Na\u0161e zariadenie je vybaven\u00e9 pokro\u010dil\u00fdmi automatick\u00fdmi linkami na nan\u00e1\u0161anie farieb na vodnej b\u00e1ze, ktor\u00e9 s\u00fa \u0161peci\u00e1lne navrhnut\u00e9 pre mal\u00e9 a stredne ve\u013ek\u00e9 valce. Tieto linky vyu\u017e\u00edvaj\u00fa robotick\u00fa technol\u00f3giu na efekt\u00edvne nakladanie, vykladanie a striekanie, \u010d\u00edm dosahuj\u00fa pozoruhodn\u00fa v\u00fdrobn\u00fa kapacitu 4 000 kusov za smenu.<\/p>\n<p><img loading=\"lazy\" decoding=\"async\" class=\"wp-image-631 aligncenter\" src=\"https:\/\/hydraulic-cylinders.net\/wp-content\/uploads\/2023\/08\/hydraulic-cylinder-product-6-300x225.webp\" alt=\"\" width=\"500\" height=\"375\" srcset=\"https:\/\/hydraulic-cylinders.net\/wp-content\/uploads\/2023\/08\/hydraulic-cylinder-product-6-300x225.webp 500w, https:\/\/hydraulic-cylinders.net\/wp-content\/uploads\/2023\/08\/hydraulic-cylinder-product-6-480x360.webp 480w\" sizes=\"(min-width: 0px) and (max-width: 480px) 480px, (min-width: 481px) 500px, 100vw\" \/><\/p>\n<p>Okrem toho prev\u00e1dzkujeme poloautomatick\u00fa linku na v\u00fdrobu farieb pre ve\u013ek\u00e9 valce, poh\u00e1\u0148an\u00fa robustnou energetickou re\u0165azou, s projektovanou kapacitou 60 kusov za smenu. T\u00e1to kombin\u00e1cia automatiz\u00e1cie a efekt\u00edvnosti zais\u0165uje vysoko kvalitn\u00e9 povrchov\u00e9 \u00fapravy v\u0161etk\u00fdch na\u0161ich hydraulick\u00fdch valcov.<\/p>\n<h3><strong>(5) Testovanie<\/strong><\/h3>\n<p>Disponujeme prvotriednymi kontroln\u00fdmi zariadeniami a sk\u00fa\u0161obn\u00fdmi zariadeniami, ktor\u00e9 zabezpe\u010duj\u00fa, \u017ee v\u00fdkonnos\u0165 valca sp\u013a\u0148a po\u017eiadavky.<\/p>\n<p><img loading=\"lazy\" decoding=\"async\" class=\"wp-image-632 aligncenter\" src=\"https:\/\/hydraulic-cylinders.net\/wp-content\/uploads\/2023\/08\/hydraulic-cylinder-product-8-300x200.webp\" alt=\"\" width=\"389\" height=\"260\" \/><\/p>\n<p>Sme renomovan\u00fd v\u00fdrobca <a href=\"https:\/\/hzpt.com\/mobile-machinery-hydraulic-cylinder\/\" target=\"_blank\" rel=\"noopener\">hydraulick\u00e9 valce<\/a>, uzn\u00e1van\u00fd ako jeden z najlep\u0161\u00edch v tomto odvetv\u00ed. N\u00e1\u0161 rozsiahly produktov\u00fd rad zah\u0155\u0148a \u0161irok\u00fa \u0161k\u00e1lu hydraulick\u00fdch valcov prisp\u00f4soben\u00fdch r\u00f4znym aplik\u00e1ci\u00e1m. Okrem hydraulick\u00fdch valcov poskytujeme aj vysokokvalitn\u00e9 po\u013enohospod\u00e1rske prevodovky, \u010d\u00edm zabezpe\u010dujeme na\u0161im z\u00e1kazn\u00edkom pr\u00edstup ku komplexn\u00fdm rie\u0161eniam pre ich potreby v oblasti strojov.<\/p>\n<p>V\u010faka z\u00e1v\u00e4zku k excelentnosti sme \u00faspe\u0161ne exportovali na\u0161e produkty klientom po celom svete a z\u00edskali sme si siln\u00fa reput\u00e1ciu v\u010faka vynikaj\u00facej kvalite produktov a v\u00fdnimo\u010dn\u00e9mu popredajn\u00e9mu servisu. Na\u0161e odhodlanie k spokojnosti z\u00e1kazn\u00edkov n\u00e1s etablovalo ako d\u00f4veryhodn\u00e9ho partnera na dom\u00e1com aj medzin\u00e1rodnom trhu.<\/p>\n<h2><strong>Pre\u010do si vybra\u0165 n\u00e1s?<\/strong><\/h2>\n<p><img loading=\"lazy\" decoding=\"async\" class=\"size-full wp-image-7201 aligncenter\" src=\"https:\/\/www.hydraulic-cylinders.net\/wp-content\/uploads\/2024\/09\/mining-dump-steering-cylinder-hydraulics-on-trucks-8.webp\" alt=\"\" width=\"1110\" height=\"735\" srcset=\"https:\/\/www.hydraulic-cylinders.net\/wp-content\/uploads\/2024\/09\/mining-dump-steering-cylinder-hydraulics-on-trucks-8.webp 1110w, https:\/\/www.hydraulic-cylinders.net\/wp-content\/uploads\/2024\/09\/mining-dump-steering-cylinder-hydraulics-on-trucks-8-980x649.webp 980w, https:\/\/www.hydraulic-cylinders.net\/wp-content\/uploads\/2024\/09\/mining-dump-steering-cylinder-hydraulics-on-trucks-8-480x318.webp 480w\" sizes=\"(min-width: 0px) and (max-width: 480px) 480px, (min-width: 481px) and (max-width: 980px) 980px, (min-width: 981px) 1110px, 100vw\" \/><\/p>\n<p><strong>Odborn\u00e1 odbornos\u0165:<\/strong> N\u00e1\u0161 t\u00edm sa sklad\u00e1 z odborn\u00edkov z odvetvia s rozsiahlymi znalos\u0165ami a sk\u00fasenos\u0165ami v oblasti hydraulick\u00fdch syst\u00e9mov, \u010do zaru\u010duje dod\u00e1vanie \u0161pi\u010dkov\u00fdch produktov a slu\u017eieb.<\/p>\n<p><strong>Medzin\u00e1rodn\u00e9 certifik\u00e1cie:<\/strong> Dodr\u017eiavame pr\u00edsne normy kvality a sme dr\u017eite\u013emi r\u00f4znych medzin\u00e1rodn\u00fdch certifik\u00e1tov, \u010do dokazuje n\u00e1\u0161 z\u00e1v\u00e4zok dod\u00e1va\u0165 spo\u013eahliv\u00e9 a bezpe\u010dn\u00e9 hydraulick\u00e9 rie\u0161enia.<\/p>\n<p><strong>Rie\u0161enia na mieru:<\/strong> Ch\u00e1peme, \u017ee potreby ka\u017ed\u00e9ho z\u00e1kazn\u00edka s\u00fa jedine\u010dn\u00e9. Preto pon\u00fakame hydraulick\u00e9 valce a prevodovky na mieru, ktor\u00e9 s\u00fa prisp\u00f4soben\u00e9 \u0161pecifick\u00fdm po\u017eiadavk\u00e1m.<\/p>\n<p><strong>Pokro\u010dil\u00e9 v\u00fdrobn\u00e9 zariadenia:<\/strong> Na\u0161e najmodernej\u0161ie v\u00fdrobn\u00e9 zariadenia vyu\u017e\u00edvaj\u00fa najmodernej\u0161ie technol\u00f3gie a zariadenia, \u010do n\u00e1m umo\u017e\u0148uje efekt\u00edvne vyr\u00e1ba\u0165 vysoko kvalitn\u00e9 produkty.<\/p>\n<p><strong>Komplexn\u00e1 popredajn\u00e1 podpora:<\/strong> N\u00e1\u0161 z\u00e1v\u00e4zok vo\u010di z\u00e1kazn\u00edkom presahuje r\u00e1mec predaja. Poskytujeme nepretr\u017eit\u00fa podporu a \u00fadr\u017ebu, aby sme zabezpe\u010dili optim\u00e1lny v\u00fdkon na\u0161ich produktov.<\/p>\n<p>Poz\u00fdvame z\u00e1kazn\u00edkov z cel\u00e9ho sveta, aby n\u00e1s kontaktovali oh\u013eadom obchodn\u00fdch rokovan\u00ed, v\u00fdmeny inform\u00e1ci\u00ed a pr\u00edle\u017eitost\u00ed na spolupr\u00e1cu. Spolo\u010dne m\u00f4\u017eeme dosiahnu\u0165 v\u00e4\u010d\u0161\u00ed \u00faspech v hydraulickom priemysle!<\/p>","protected":false},"excerpt":{"rendered":"<p>Forklift Short Lifting Hydraulic Cylinder The Short Forklift Lift Cylinder is designed to tackle short lifting tasks effortlessly, delivering the power and precision needed to optimize your material handling operations. Featuring a robust design, this hydraulic cylinder can withstand heavy loads, frequent use, and challenging operating conditions. Built for durability, it ensures reliable performance while [&hellip;]<\/p>","protected":false},"featured_media":658,"comment_status":"open","ping_status":"closed","template":"","meta":{"_et_pb_use_builder":"","_et_pb_old_content":"","_et_gb_content_width":""},"product_brand":[],"product_cat":[1484,1549],"product_tag":[1380],"class_list":{"0":"post-652","1":"product","2":"type-product","3":"status-publish","4":"has-post-thumbnail","6":"product_cat-forklift-hydraulic-cylinders","7":"product_cat-single-acting-hydraulic-cylinder","8":"product_tag-hydraulic-cylinder","10":"first","11":"instock","12":"shipping-taxable","13":"product-type-simple"},"amp_enabled":true,"_links":{"self":[{"href":"https:\/\/www.hydraulic-cylinders.net\/sk\/wp-json\/wp\/v2\/product\/652","targetHints":{"allow":["GET"]}}],"collection":[{"href":"https:\/\/www.hydraulic-cylinders.net\/sk\/wp-json\/wp\/v2\/product"}],"about":[{"href":"https:\/\/www.hydraulic-cylinders.net\/sk\/wp-json\/wp\/v2\/types\/product"}],"replies":[{"embeddable":true,"href":"https:\/\/www.hydraulic-cylinders.net\/sk\/wp-json\/wp\/v2\/comments?post=652"}],"wp:featuredmedia":[{"embeddable":true,"href":"https:\/\/www.hydraulic-cylinders.net\/sk\/wp-json\/wp\/v2\/media\/658"}],"wp:attachment":[{"href":"https:\/\/www.hydraulic-cylinders.net\/sk\/wp-json\/wp\/v2\/media?parent=652"}],"wp:term":[{"taxonomy":"product_brand","embeddable":true,"href":"https:\/\/www.hydraulic-cylinders.net\/sk\/wp-json\/wp\/v2\/product_brand?post=652"},{"taxonomy":"product_cat","embeddable":true,"href":"https:\/\/www.hydraulic-cylinders.net\/sk\/wp-json\/wp\/v2\/product_cat?post=652"},{"taxonomy":"product_tag","embeddable":true,"href":"https:\/\/www.hydraulic-cylinders.net\/sk\/wp-json\/wp\/v2\/product_tag?post=652"}],"curies":[{"name":"pracovn\u00fd list","href":"https:\/\/api.w.org\/{rel}","templated":true}]}}