{"id":765,"date":"2023-08-23T01:51:12","date_gmt":"2023-08-23T01:51:12","guid":{"rendered":"https:\/\/hydraulic-cylinders.net\/?post_type=product&#038;p=765"},"modified":"2025-03-27T01:13:02","modified_gmt":"2025-03-27T01:13:02","slug":"low-pressure-hydraulic-cylinder-front-pin","status":"publish","type":"product","link":"https:\/\/www.hydraulic-cylinders.net\/sk\/produkt\/low-pressure-hydraulic-cylinder-front-pin\/","title":{"rendered":"N\u00edzkotlakov\u00fd hydraulick\u00fd valec Predn\u00fd \u010dap"},"content":{"rendered":"<h1 style=\"text-align: center;\"><strong>N\u00edzkotlakov\u00fd hydraulick\u00fd valec Predn\u00fd \u010dap<\/strong><\/h1>\n<p><img loading=\"lazy\" decoding=\"async\" class=\"aligncenter wp-image-766 size-full\" src=\"https:\/\/hydraulic-cylinders.net\/wp-content\/uploads\/2023\/08\/low-pressure-pull-rod-hydraulic-cylinder-front-hinge-pin-1.webp\" alt=\"\" width=\"379\" height=\"169\" srcset=\"https:\/\/www.hydraulic-cylinders.net\/wp-content\/uploads\/2023\/08\/low-pressure-pull-rod-hydraulic-cylinder-front-hinge-pin-1.webp 379w, https:\/\/www.hydraulic-cylinders.net\/wp-content\/uploads\/2023\/08\/low-pressure-pull-rod-hydraulic-cylinder-front-hinge-pin-1-300x134.webp 300w\" sizes=\"(max-width: 379px) 100vw, 379px\" \/><\/p>\n<p>V pr\u00edpade n\u00edzkotlakov\u00fdch hydraulick\u00fdch valcov sa term\u00edn \u201epredn\u00fd \u010dap\u201c zvy\u010dajne vz\u0165ahuje na \u010dap alebo hriade\u013e umiestnen\u00fd na prednom konci valca. Tento \u010dap sa pou\u017e\u00edva ako spojovac\u00ed bod alebo oto\u010dn\u00fd bod na pripevnenie alebo mont\u00e1\u017e valca k in\u00fdm komponentom alebo zariadeniam. Tu s\u00fa niektor\u00e9 inform\u00e1cie o prednom \u010dape n\u00edzkotlakov\u00e9ho hydraulick\u00e9ho valca:<\/p>\n<p>N\u00e1vrh a kon\u0161trukcia n\u00edzkotlakov\u00e9ho hydraulick\u00e9ho valca<\/p>\n<p>Predn\u00fd \u010dap: Predn\u00fd \u010dap je zvy\u010dajne pevn\u00fd kovov\u00fd \u010dap alebo hriade\u013e, ktor\u00fd siaha a\u017e k predn\u00e9mu koncu hydraulick\u00e9ho valca. Jeho \u00fa\u010delom je zabezpe\u010di\u0165 bezpe\u010dn\u00e9 spojenie a oto\u010dn\u00fd bod pre valec.<br \/>\nMont\u00e1\u017ene otvory: Predn\u00fd \u010dap sa zas\u00fava cez mont\u00e1\u017ene otvory alebo konzoly na telese valca alebo prednej pr\u00edrube. Tieto mont\u00e1\u017ene otvory s\u00fa zarovnan\u00e9 s pr\u00edslu\u0161n\u00fdmi otvormi alebo konzolami na zariaden\u00ed alebo kon\u0161trukcii, ku ktorej je valec pripevnen\u00fd.<br \/>\nUpev\u0148ovac\u00ed mechanizmus: Predn\u00fd \u010dap je mo\u017en\u00e9 upevni\u0165 upev\u0148ovac\u00edmi svorkami, skrutkami alebo in\u00fdmi upev\u0148ovac\u00edmi prvkami, aby sa zabr\u00e1nilo n\u00e1hodn\u00e9mu odpojeniu alebo pohybu.<\/p>\n<h2><strong>Parameter predn\u00e9ho \u010dapu n\u00edzkotlakov\u00e9ho hydraulick\u00e9ho valca:<\/strong><\/h2>\n<p><img loading=\"lazy\" decoding=\"async\" class=\"alignnone wp-image-767 size-full\" src=\"https:\/\/hydraulic-cylinders.net\/wp-content\/uploads\/2023\/08\/low-pressure-pull-rod-hydraulic-cylinder-front-hinge-pin-2.webp\" alt=\"\" width=\"660\" height=\"289\" srcset=\"https:\/\/hydraulic-cylinders.net\/wp-content\/uploads\/2023\/08\/low-pressure-pull-rod-hydraulic-cylinder-front-hinge-pin-2.webp 660w, https:\/\/hydraulic-cylinders.net\/wp-content\/uploads\/2023\/08\/low-pressure-pull-rod-hydraulic-cylinder-front-hinge-pin-2-480x210.webp 480w\" sizes=\"(min-width: 0px) and (max-width: 480px) 480px, (min-width: 481px) 660px, 100vw\" \/><\/p>\n<h2><strong>Aplik\u00e1cie <\/strong><strong>N\u00edzkotlakov\u00fd hydraulick\u00fd valec Predn\u00fd \u010dap<\/strong><strong>:<\/strong><\/h2>\n<ul>\n<li>N\u00edzkotlakov\u00e9 hydraulick\u00e9 valce s predn\u00fdmi \u010dapmi sa pou\u017e\u00edvaj\u00fa v r\u00f4znych odvetviach a aplik\u00e1ci\u00e1ch, najm\u00e4 v syst\u00e9moch pracuj\u00facich pri ni\u017e\u0161\u00edch hydraulick\u00fdch tlakoch.<\/li>\n<li>Be\u017ene sa pou\u017e\u00edvaj\u00fa v priemyseln\u00fdch strojoch, mobiln\u00fdch zariadeniach a in\u00fdch syst\u00e9moch, kde existuj\u00fa priestorov\u00e9 obmedzenia alebo \u0161pecifick\u00e9 po\u017eiadavky na in\u0161tal\u00e1ciu.<\/li>\n<li>Tieto valce s\u00fa vhodn\u00e9 pre manipul\u00e1ciu s materi\u00e1lom, zdv\u00edhacie mechanizmy, dopravn\u00edkov\u00e9 syst\u00e9my a in\u00e9 zariadenia, ktor\u00e9 vy\u017eaduj\u00fa line\u00e1rnu silu alebo pohyb.<\/li>\n<\/ul>\n<h2><strong>Mont\u00e1\u017e a pripojenie <\/strong><strong>N\u00edzkotlakov\u00fd hydraulick\u00fd valec Predn\u00fd \u010dap<\/strong><strong>:<\/strong><\/h2>\n<ul>\n<li>Mont\u00e1\u017e valcov: Predn\u00e9 \u010dapy umo\u017e\u0148uj\u00fa priame pripojenie hydraulick\u00fdch valcov k in\u00fdm zariadeniam alebo kon\u0161truk\u010dn\u00fdm prvkom. \u010cap sa zas\u00fava cez mont\u00e1\u017eny otvor alebo konzolu na valci a zodpovedaj\u00faci otvor alebo konzolu na zariaden\u00ed alebo kon\u0161trukcii.<\/li>\n<li>Upevnenie predn\u00e9ho \u010dapu: Po zasunut\u00ed predn\u00e9ho \u010dapu cez mont\u00e1\u017eny bod sa zvy\u010dajne upevn\u00ed pomocou upev\u0148ovacej svorky, skrutky alebo in\u00e9ho upev\u0148ovacieho prvku. Tieto upev\u0148ovacie prvky zabezpe\u010duj\u00fa stabiln\u00e9 a pevn\u00e9 spojenie medzi valcom a dosadacou plochou.<\/li>\n<\/ul>\n<h2><strong>Ako funguje hydraulick\u00fd valec?<\/strong><\/h2>\n<p>Hydraulick\u00fd valec je mechanick\u00fd aktu\u00e1tor, ktor\u00fd premie\u0148a hydraulick\u00fa energiu (tlak a prietok kvapaliny) na line\u00e1rnu silu a pohyb. Sklad\u00e1 sa z valca, piestu, piestnej ty\u010de a r\u00f4znych tesnen\u00ed. Nasleduje stru\u010dn\u00fd \u00favod do princ\u00edpu fungovania hydraulick\u00e9ho valca:<\/p>\n<ol>\n<li><strong>Dod\u00e1vka hydraulickej kvapaliny<\/strong>Hydraulick\u00fd valec je pripojen\u00fd k hydraulick\u00e9mu syst\u00e9mu, ktor\u00fd dod\u00e1va do valca tlakov\u00fa hydraulick\u00fa kvapalinu, zvy\u010dajne olej.<\/li>\n<li><strong>Valec valca a piest<\/strong>Valec valca je valcov\u00e1 trubica, ktor\u00e1 obsahuje hydraulick\u00fa kvapalinu. Piest rozde\u013euje valec valca na dve komory: stranu piestnice a stranu vie\u010dka.<\/li>\n<li><strong>Piest a piestna ty\u010d<\/strong>Piest je valcov\u00fd komponent, ktor\u00fd tesne zapad\u00e1 do valca. Je pripevnen\u00fd k piestnej ty\u010di, ktor\u00e1 prech\u00e1dza cez tesnenie v hlave valca.<\/li>\n<li><strong>Tesnenia<\/strong>Hydraulick\u00fd valec pou\u017e\u00edva r\u00f4zne tesnenia, aby sa zabr\u00e1nilo \u00faniku kvapaliny medzi piestom a valcom valca. Medzi tieto tesnenia patria tesnenia piestu, tesnenia ty\u010de a stieracie tesnenia.<\/li>\n<li><strong>Aplik\u00e1cia hydraulick\u00e9ho tlaku<\/strong>Hydraulick\u00e1 kvapalina je priv\u00e1dzan\u00e1 do valca a vytv\u00e1ra tlak vo vn\u00fatri kom\u00f4r valca \u2013 stla\u010den\u00e1 kvapalina p\u00f4sob\u00ed na piest a vytv\u00e1ra silu.<\/li>\n<li><strong>Generovanie sily a pohybu<\/strong>Ke\u010f je hydraulick\u00e1 kvapalina priv\u00e1dzan\u00e1 na stranu uz\u00e1veru valca, sila generovan\u00e1 tlakom kvapaliny tla\u010d\u00ed piest a piestnu ty\u010d smerom von, \u010d\u00edm vytv\u00e1ra vys\u00favanie alebo pohyb smerom von. Naopak, ke\u010f je kvapalina priv\u00e1dzan\u00e1 na stranu ty\u010de, sila tla\u010d\u00ed piest a piestnu ty\u010d dovn\u00fatra, \u010d\u00edm vytv\u00e1ra zas\u00favanie alebo pohyb smerom dovn\u00fatra.<\/li>\n<li><strong>Aplik\u00e1cia za\u0165a\u017eenia<\/strong>Piestna ty\u010d je spojen\u00e1 s bremenom alebo zariaden\u00edm, ktor\u00e9 je potrebn\u00e9 premiestni\u0165. Ke\u010f sa piest a piestna ty\u010d vys\u00favaj\u00fa alebo zas\u00favaj\u00fa v d\u00f4sledku hydraulick\u00e9ho tlaku, line\u00e1rna sila sa pren\u00e1\u0161a na bremeno, \u010do umo\u017e\u0148uje jeho pohyb.<\/li>\n<li><strong>Riadenie a smerovanie<\/strong>Smer pohybu a riadenie hydraulick\u00e9ho valca sa dosahuje riaden\u00edm prietoku hydraulickej kvapaliny do pr\u00edslu\u0161nej komory valca. Toto sa zvy\u010dajne vykon\u00e1va pomocou smerov\u00fdch regula\u010dn\u00fdch ventilov, ktor\u00e9 selekt\u00edvne smeruj\u00fa prietok kvapaliny na po\u017eadovan\u00fa stranu valca.<\/li>\n<li><strong>Sp\u00e4tn\u00fd zdvih<\/strong>Ke\u010f sa tok kvapaliny na jednu stranu valca zastav\u00ed alebo presmeruje, hydraulick\u00e1 kvapalina na opa\u010dnej strane sa m\u00f4\u017ee vr\u00e1ti\u0165 do hydraulickej n\u00e1dr\u017ee a valec sa v d\u00f4sledku vonkaj\u0161\u00edch s\u00edl alebo pru\u017e\u00edn vr\u00e1ti do svojej p\u00f4vodnej polohy.<\/li>\n<\/ol>\n<h2><strong>Schopnos\u0165 a kapacita tov\u00e1rne:<\/strong><\/h2>\n<h3>(1) Mont\u00e1\u017e<\/h3>\n<p>Disponujeme prvotriednou nez\u00e1vislou v\u00fdskumnou a v\u00fdvojovou mont\u00e1\u017enou platformou. Diel\u0148a na v\u00fdrobu valcov pre vysokozdvi\u017en\u00e9 voz\u00edky m\u00e1 \u0161tyri poloautomatick\u00e9 mont\u00e1\u017ene linky zdv\u00edhac\u00edch valcov a jednu automatick\u00fa mont\u00e1\u017enu linku nakl\u00e1pac\u00edch valcov s projektovanou ro\u010dnou v\u00fdrobnou kapacitou 1 mili\u00f3n kusov. Diel\u0148a na v\u00fdrobu \u0161peci\u00e1lnych valcov je vybaven\u00e1 poloautomatick\u00fdm \u010distiacim mont\u00e1\u017enym syst\u00e9mom s r\u00f4znymi \u0161pecifik\u00e1ciami a projektovanou ro\u010dnou v\u00fdrobnou kapacitou 200 000 kusov. Je vybaven\u00e1 sl\u00e1vnym CNC obr\u00e1bac\u00edm zariaden\u00edm, obr\u00e1bac\u00edm centrom, vysoko presn\u00fdm \u0161peci\u00e1lnym zariaden\u00edm na spracovanie valcov, robotick\u00fdm zv\u00e1rac\u00edm strojom, automatick\u00fdm \u010distiacim strojom, automatick\u00fdm mont\u00e1\u017enym strojom valcov a automatickou lakovacou v\u00fdrobnou linkou. Existuj\u00face k\u013e\u00fa\u010dov\u00e9 vybavenie m\u00e1 viac ako 300 s\u00faprav. Optim\u00e1lne alokovanie a efekt\u00edvne vyu\u017e\u00edvanie zdrojov zariaden\u00ed zabezpe\u010duje po\u017eiadavky na presnos\u0165 v\u00fdrobkov a sp\u013a\u0148a po\u017eiadavky na vysok\u00fa kvalitu v\u00fdrobkov.<\/p>\n<p><img loading=\"lazy\" decoding=\"async\" class=\"alignnone wp-image-626\" src=\"https:\/\/hydraulic-cylinders.net\/wp-content\/uploads\/2023\/08\/hydraulic-cylinder-product-1-300x158.webp\" alt=\"\" width=\"495\" height=\"260\" srcset=\"https:\/\/hydraulic-cylinders.net\/wp-content\/uploads\/2023\/08\/hydraulic-cylinder-product-1-300x158.webp 495w, https:\/\/hydraulic-cylinders.net\/wp-content\/uploads\/2023\/08\/hydraulic-cylinder-product-1-480x252.webp 480w\" sizes=\"(min-width: 0px) and (max-width: 480px) 480px, (min-width: 481px) 495px, 100vw\" \/> <img loading=\"lazy\" decoding=\"async\" class=\"alignnone wp-image-627\" src=\"https:\/\/hydraulic-cylinders.net\/wp-content\/uploads\/2023\/08\/hydraulic-cylinder-product-2-300x189.webp\" alt=\"\" width=\"413\" height=\"260\" \/><\/p>\n<h3>(2) Obr\u00e1banie<\/h3>\n<p>Obr\u00e1bacia diel\u0148a je vybaven\u00e1 prisp\u00f4soben\u00fdm s\u00fastru\u017en\u00edckym centrom so \u0161ikmou ko\u013eajnicou, obr\u00e1bac\u00edm centrom, vysokor\u00fdchlostn\u00fdm honovac\u00edm strojom, zv\u00e1rac\u00edm robotom a \u010fal\u0161\u00edmi s\u00favisiacimi zariadeniami, ktor\u00e9 zvl\u00e1dnu spracovanie valcov\u00fdch r\u00far s maxim\u00e1lnym vn\u00fatorn\u00fdm priemerom 400 mm a maxim\u00e1lnou d\u013a\u017ekou 6 metrov.<\/p>\n<p><img loading=\"lazy\" decoding=\"async\" class=\"alignnone wp-image-628 size-large\" src=\"https:\/\/hydraulic-cylinders.net\/wp-content\/uploads\/2023\/08\/hydraulic-cylinder-product-3-1024x391.webp\" alt=\"\" width=\"1024\" height=\"391\" srcset=\"https:\/\/hydraulic-cylinders.net\/wp-content\/uploads\/2023\/08\/hydraulic-cylinder-product-3-980x374.webp 980w, https:\/\/hydraulic-cylinders.net\/wp-content\/uploads\/2023\/08\/hydraulic-cylinder-product-3-480x183.webp 480w\" sizes=\"(min-width: 0px) and (max-width: 480px) 480px, (min-width: 481px) and (max-width: 980px) 980px, (min-width: 981px) 1024px, 100vw\" \/><\/p>\n<h3>(3) Zv\u00e1ranie<\/h3>\n<p><img loading=\"lazy\" decoding=\"async\" class=\"alignnone wp-image-629 size-large\" src=\"https:\/\/hydraulic-cylinders.net\/wp-content\/uploads\/2023\/08\/hydraulic-cylinder-product-4-1024x510.webp\" alt=\"\" width=\"1024\" height=\"510\" srcset=\"https:\/\/hydraulic-cylinders.net\/wp-content\/uploads\/2023\/08\/hydraulic-cylinder-product-4-980x488.webp 980w, https:\/\/hydraulic-cylinders.net\/wp-content\/uploads\/2023\/08\/hydraulic-cylinder-product-4-480x239.webp 480w\" sizes=\"(min-width: 0px) and (max-width: 480px) 480px, (min-width: 481px) and (max-width: 980px) 980px, (min-width: 981px) 1024px, 100vw\" \/><\/p>\n<h3>(4) Ma\u013eovanie a natieranie<\/h3>\n<p>S malou a strednou automatickou linkou na nan\u00e1\u0161anie farieb na b\u00e1ze vody, ktor\u00e1 umo\u017e\u0148uje automatick\u00e9 nakladanie a vykladanie robotov a automatick\u00e9 striekanie, s kon\u0161truk\u010dnou kapacitou 4000 kusov za zmenu;<br \/>\nM\u00e1me tie\u017e poloautomatick\u00fa linku na v\u00fdrobu farieb pre ve\u013ek\u00e9 f\u013ea\u0161e, poh\u00e1\u0148an\u00fa re\u0165azov\u00fdm pohonom, s kon\u0161truk\u010dnou kapacitou 60 debien za zmenu.<\/p>\n<p><img loading=\"lazy\" decoding=\"async\" class=\"alignnone wp-image-630\" src=\"https:\/\/hydraulic-cylinders.net\/wp-content\/uploads\/2023\/08\/hydraulic-cylinder-product-5-300x213.webp\" alt=\"\" width=\"366\" height=\"260\" \/> <img loading=\"lazy\" decoding=\"async\" class=\"alignnone wp-image-631\" src=\"https:\/\/hydraulic-cylinders.net\/wp-content\/uploads\/2023\/08\/hydraulic-cylinder-product-6-300x225.webp\" alt=\"\" width=\"347\" height=\"260\" \/><\/p>\n<h3>(5) Testovanie<\/h3>\n<p>Disponujeme prvotriednymi kontroln\u00fdmi zariadeniami a sk\u00fa\u0161obn\u00fdmi zariadeniami, ktor\u00e9 zabezpe\u010duj\u00fa, \u017ee v\u00fdkonnos\u0165 valca sp\u013a\u0148a po\u017eiadavky.<\/p>\n<p><img loading=\"lazy\" decoding=\"async\" class=\"alignnone wp-image-632\" src=\"https:\/\/hydraulic-cylinders.net\/wp-content\/uploads\/2023\/08\/hydraulic-cylinder-product-8-300x200.webp\" alt=\"\" width=\"389\" height=\"260\" \/><\/p>\n<p>&nbsp;<\/p>\n<p>&nbsp;<\/p>\n<p>Sme jedn\u00fdm z najlep\u0161\u00edch v\u00fdrobcov n\u00edzkotlakov\u00fdch hydraulick\u00fdch valcov. Pon\u00fakame \u0161irok\u00fd sortiment n\u00edzkotlakov\u00fdch hydraulick\u00fdch valcov. Poskytujeme aj zodpovedaj\u00face... <a href=\"https:\/\/hzpt.com\/agricultural-pto-gearbox\/\" target=\"_blank\" rel=\"noopener\">po\u013enohospod\u00e1rske prevodovky<\/a>. Na\u0161e v\u00fdrobky sme vyviezli z\u00e1kazn\u00edkom do cel\u00e9ho sveta a z\u00edskali sme si dobr\u00fa poves\u0165 v\u010faka vynikaj\u00facej kvalite na\u0161ich v\u00fdrobkov a popredajn\u00e9mu servisu. Srde\u010dne v\u00edtame z\u00e1kazn\u00edkov doma aj v zahrani\u010d\u00ed, aby n\u00e1s kontaktovali a dohodli sa na obchodn\u00fdch rokovaniach, vymenili si inform\u00e1cie.\u00a0<a href=\"https:\/\/www.hydraulic-cylinders.net\/sk\/contact-us\/\">spolupracova\u0165 s nami<\/a>!<\/p>\n<p>&nbsp;<\/p>","protected":false},"excerpt":{"rendered":"<p>Low-Pressure Hydraulic Cylinder Front Pin In the case of low-pressure hydraulic cylinders, the term &#8220;front pin&#8221; usually refers to the pin or shaft located at the front end of the cylinder. This pin is used as a connection point or pivot for attaching or mounting the cylinder to other components or equipment. Here is some [&hellip;]<\/p>","protected":false},"featured_media":768,"comment_status":"open","ping_status":"closed","template":"","meta":{"_et_pb_use_builder":"","_et_pb_old_content":"","_et_gb_content_width":""},"product_brand":[],"product_cat":[1376,1388],"product_tag":[1380],"class_list":{"0":"post-765","1":"product","2":"type-product","3":"status-publish","4":"has-post-thumbnail","6":"product_cat-hydraulic-cylinder","7":"product_cat-low-pressure-hydraulic-cylinder","8":"product_tag-hydraulic-cylinder","10":"first","11":"instock","12":"shipping-taxable","13":"product-type-simple"},"amp_enabled":true,"_links":{"self":[{"href":"https:\/\/www.hydraulic-cylinders.net\/sk\/wp-json\/wp\/v2\/product\/765","targetHints":{"allow":["GET"]}}],"collection":[{"href":"https:\/\/www.hydraulic-cylinders.net\/sk\/wp-json\/wp\/v2\/product"}],"about":[{"href":"https:\/\/www.hydraulic-cylinders.net\/sk\/wp-json\/wp\/v2\/types\/product"}],"replies":[{"embeddable":true,"href":"https:\/\/www.hydraulic-cylinders.net\/sk\/wp-json\/wp\/v2\/comments?post=765"}],"wp:featuredmedia":[{"embeddable":true,"href":"https:\/\/www.hydraulic-cylinders.net\/sk\/wp-json\/wp\/v2\/media\/768"}],"wp:attachment":[{"href":"https:\/\/www.hydraulic-cylinders.net\/sk\/wp-json\/wp\/v2\/media?parent=765"}],"wp:term":[{"taxonomy":"product_brand","embeddable":true,"href":"https:\/\/www.hydraulic-cylinders.net\/sk\/wp-json\/wp\/v2\/product_brand?post=765"},{"taxonomy":"product_cat","embeddable":true,"href":"https:\/\/www.hydraulic-cylinders.net\/sk\/wp-json\/wp\/v2\/product_cat?post=765"},{"taxonomy":"product_tag","embeddable":true,"href":"https:\/\/www.hydraulic-cylinders.net\/sk\/wp-json\/wp\/v2\/product_tag?post=765"}],"curies":[{"name":"pracovn\u00fd list","href":"https:\/\/api.w.org\/{rel}","templated":true}]}}