{"id":778,"date":"2023-08-23T02:56:01","date_gmt":"2023-08-23T02:56:01","guid":{"rendered":"https:\/\/hydraulic-cylinders.net\/?post_type=product&#038;p=778"},"modified":"2025-03-27T01:12:56","modified_gmt":"2025-03-27T01:12:56","slug":"low-pressure-hydraulic-cylinder-footstand","status":"publish","type":"product","link":"https:\/\/www.hydraulic-cylinders.net\/sk\/produkt\/low-pressure-hydraulic-cylinder-footstand\/","title":{"rendered":"N\u00edzkotlakov\u00fd hydraulick\u00fd valec Stojan na nohy"},"content":{"rendered":"<h1 style=\"text-align: center;\"><strong>N\u00edzkotlakov\u00fd hydraulick\u00fd valec Stojan na nohy<\/strong><\/h1>\n<p><img loading=\"lazy\" decoding=\"async\" class=\"aligncenter wp-image-779 size-full\" src=\"https:\/\/hydraulic-cylinders.net\/wp-content\/uploads\/2023\/08\/low-pressure-pull-rod-hydraulic-cylinder-footstand-1.webp\" alt=\"\" width=\"394\" height=\"164\" srcset=\"https:\/\/www.hydraulic-cylinders.net\/wp-content\/uploads\/2023\/08\/low-pressure-pull-rod-hydraulic-cylinder-footstand-1.webp 394w, https:\/\/www.hydraulic-cylinders.net\/wp-content\/uploads\/2023\/08\/low-pressure-pull-rod-hydraulic-cylinder-footstand-1-300x125.webp 300w\" sizes=\"(max-width: 394px) 100vw, 394px\" \/><\/p>\n<p>V n\u00edzkotlakovom hydraulickom valci je stat\u00edv komponentom, ktor\u00fd zabezpe\u010duje stabilitu a oporu valca. Zvy\u010dajne ide o kovov\u00fa dosku alebo konzolu pripevnen\u00fa k spodnej \u010dasti alebo z\u00e1kladni valca. Stat\u00edvy maj\u00fa nieko\u013eko pou\u017eit\u00ed, vr\u00e1tane:<\/p>\n<p>Stabilita: Podstavec pom\u00e1ha stabilizova\u0165 hydraulick\u00fd valec a zabra\u0148uje jeho prevr\u00e1teniu alebo prevr\u00e1teniu po\u010das prev\u00e1dzky alebo pri p\u00f4soben\u00ed vonkaj\u0161\u00edch s\u00edl.<\/p>\n<p>Podpera: Trojno\u017eka poskytuje bezpe\u010dn\u00fa z\u00e1klad\u0148u pre valec a zabezpe\u010duje spr\u00e1vne vyrovnanie a rozlo\u017eenie hmotnosti valca. Pom\u00e1ha udr\u017eiava\u0165 celistvos\u0165 kon\u0161trukcie valca a zabra\u0148uje nadmern\u00e9mu nam\u00e1haniu mont\u00e1\u017eneho bodu.<\/p>\n<p>Mont\u00e1\u017e: Stat\u00edv zvy\u010dajne obsahuje otvory alebo dr\u00e1\u017eky na mont\u00e1\u017e alebo pripevnenie valca k zariadeniu, stroju alebo kon\u0161trukcii. Tieto mont\u00e1\u017ene body umo\u017e\u0148uj\u00fa bezpe\u010dn\u00fa a spo\u013eahliv\u00fa in\u0161tal\u00e1ciu valca.<\/p>\n<p>Vyrovnanie: V niektor\u00fdch pr\u00edpadoch m\u00f4\u017eu stat\u00edvy obsahova\u0165 nastavite\u013en\u00e9 prvky, ako s\u00fa z\u00e1vitov\u00e9 no\u017ei\u010dky alebo vyrovn\u00e1vacie skrutky. Tieto umo\u017e\u0148uj\u00fa jemn\u00e9 doladenie a vyrovnanie valca, aby sa zabezpe\u010dila spr\u00e1vna prev\u00e1dzka a zarovnanie s ostatn\u00fdmi komponentmi.<\/p>\n<h2><strong>Parameter stojana pre n\u00edzkotlakov\u00fd hydraulick\u00fd valec:<\/strong><\/h2>\n<p><img loading=\"lazy\" decoding=\"async\" class=\"alignnone wp-image-780 size-full\" src=\"https:\/\/hydraulic-cylinders.net\/wp-content\/uploads\/2023\/08\/low-pressure-pull-rod-hydraulic-cylinder-footstand-2.webp\" alt=\"\" width=\"703\" height=\"314\" srcset=\"https:\/\/hydraulic-cylinders.net\/wp-content\/uploads\/2023\/08\/low-pressure-pull-rod-hydraulic-cylinder-footstand-2.webp 703w, https:\/\/hydraulic-cylinders.net\/wp-content\/uploads\/2023\/08\/low-pressure-pull-rod-hydraulic-cylinder-footstand-2-480x214.webp 480w\" sizes=\"(min-width: 0px) and (max-width: 480px) 480px, (min-width: 481px) 703px, 100vw\" \/><\/p>\n<h2><strong>V\u00fdstavba <\/strong><strong>N\u00edzkotlakov\u00fd hydraulick\u00fd valec Stojan na nohy<\/strong><strong>:<\/strong><\/h2>\n<p>Je d\u00f4le\u017eit\u00e9 poznamena\u0165, \u017ee dizajn a kon\u0161trukcia stat\u00edvu sa m\u00f4\u017ee l\u00ed\u0161i\u0165 v z\u00e1vislosti od konkr\u00e9tneho modelu valca a pou\u017eitia. Niektor\u00e9 hydraulick\u00e9 valce m\u00f4\u017eu ma\u0165 integrovan\u00e9 stat\u00edvy ako s\u00fa\u010das\u0165 svojej kon\u0161trukcie, zatia\u013e \u010do in\u00e9 m\u00f4\u017eu vy\u017eadova\u0165 samostatn\u00e9 upevnenie stat\u00edvu pre stabilitu a oporu.<\/p>\n<p>Pri v\u00fdbere alebo in\u0161tal\u00e1cii konzoly pre n\u00edzkotlakov\u00fd hydraulick\u00fd valec sa odpor\u00fa\u010da pre\u0161tudova\u0165 si dokument\u00e1ciu alebo pokyny v\u00fdrobcu, aby sa zabezpe\u010dila kompatibilita a spr\u00e1vny postup in\u0161tal\u00e1cie. Okrem toho, zoh\u013eadnenie \u0161pecifick\u00fdch prev\u00e1dzkov\u00fdch podmienok a po\u017eiadaviek aplik\u00e1cie pom\u00f4\u017ee ur\u010di\u0165 vhodn\u00fa kon\u0161trukciu a funk\u010dnos\u0165 konzoly potrebn\u00fa pre optim\u00e1lny v\u00fdkon a bezpe\u010dnos\u0165.<\/p>\n<h2><strong>Ako n\u00e1js\u0165 s\u00fapravu tesnen\u00ed pre hydraulick\u00fd valec?<\/strong><\/h2>\n<p>Ak chcete n\u00e1js\u0165 s\u00fapravu tesnen\u00ed pre hydraulick\u00fd valec, postupujte pod\u013ea t\u00fdchto krokov:<\/p>\n<ol>\n<li><strong>Zhroma\u017e\u010fujte inform\u00e1cie<\/strong>Zhroma\u017edite \u010do najviac inform\u00e1ci\u00ed o hydraulickom valci, pre ktor\u00fd potrebujete s\u00fapravu tesnen\u00ed. Patria sem zna\u010dka a model valca, rozmery valca (ve\u013ekos\u0165 otvoru, priemer ty\u010de, d\u013a\u017eka zdvihu) a v\u0161etky \u010fal\u0161ie relevantn\u00e9 \u0161pecifik\u00e1cie.<\/li>\n<li><strong>Identifikujte v\u00fdrobcu<\/strong>Ur\u010dte v\u00fdrobcu hydraulick\u00e9ho valca. Tieto inform\u00e1cie sa zvy\u010dajne nach\u00e1dzaj\u00fa na samotnom valci alebo v dokument\u00e1cii k zariadeniu. Znalos\u0165 v\u00fdrobcu v\u00e1m pom\u00f4\u017ee n\u00e1js\u0165 vhodn\u00fa s\u00fapravu tesnen\u00ed.<\/li>\n<li><strong>Zdroje v\u00fdrobcu<\/strong>Nav\u0161t\u00edvte webov\u00fa str\u00e1nku v\u00fdrobcu alebo kontaktujte jeho z\u00e1kazn\u00edcku podporu a informujte sa o s\u00faprav\u00e1ch tesnen\u00ed pre ich hydraulick\u00e9 valce. Mnoho v\u00fdrobcov pon\u00faka s\u00fapravy tesnen\u00ed \u0161peci\u00e1lne navrhnut\u00e9 pre ich valce a m\u00f4\u017ee v\u00e1m poskytn\u00fa\u0165 poradenstvo pri v\u00fdbere spr\u00e1vnej s\u00fapravy.<\/li>\n<li><strong>Distrib\u00fatori a predajcovia<\/strong>Informujte sa u autorizovan\u00fdch distrib\u00fatorov alebo predajcov v\u00fdrobcu hydraulick\u00fdch valcov. T\u00edto dod\u00e1vatelia \u010dasto pon\u00fakaj\u00fa s\u00fapravy tesnen\u00ed pre valce, ktor\u00e9 pred\u00e1vaj\u00fa. M\u00f4\u017eu v\u00e1m poskytn\u00fa\u0165 spr\u00e1vnu s\u00fapravu na z\u00e1klade zna\u010dky a modelu valca.<\/li>\n<li><strong>Online dod\u00e1vatelia<\/strong>Vyh\u013eadajte online dod\u00e1vate\u013eov s\u00faprav hydraulick\u00fdch tesnen\u00ed alebo dod\u00e1vate\u013eov hydraulick\u00fdch komponentov. Existuje mno\u017estvo webov\u00fdch str\u00e1nok a online trhov\u00edsk, ktor\u00e9 sa \u0161pecializuj\u00fa na hydraulick\u00e9 tesnenia a s\u00fapravy. Zadajte relevantn\u00e9 inform\u00e1cie o va\u0161om hydraulickom valci a n\u00e1jdite kompatibiln\u00e9 s\u00fapravy tesnen\u00ed.<\/li>\n<li><strong>Rozmery a \u0161pecifik\u00e1cie<\/strong>Porovnajte rozmery a \u0161pecifik\u00e1cie dostupn\u00fdch s\u00faprav tesnen\u00ed s po\u017eiadavkami v\u00e1\u0161ho hydraulick\u00e9ho valca. Uistite sa, \u017ee s\u00faprava zodpoved\u00e1 ve\u013ekosti otvoru valca, priemeru ty\u010de a \u010fal\u0161\u00edm kritick\u00fdm parametrom.<\/li>\n<li><strong>Kvalita a kompatibilita<\/strong>Zv\u00e1\u017ete kvalitu a kompatibilitu s\u00fapravy tesnen\u00ed. Je d\u00f4le\u017eit\u00e9 vybra\u0165 si renomovan\u00e9ho dod\u00e1vate\u013ea, ktor\u00fd poskytuje vysokokvalitn\u00e9 tesnenia, aby sa zabezpe\u010dila spr\u00e1vna funkcia a dlh\u00e1 \u017eivotnos\u0165 hydraulick\u00e9ho valca.<\/li>\n<li><strong>N\u00e1kup a in\u0161tal\u00e1cia<\/strong>Ke\u010f identifikujete vhodn\u00fa s\u00fapravu tesnen\u00ed, pokra\u010dujte v n\u00e1kupe od vybran\u00e9ho dod\u00e1vate\u013ea. Pri in\u0161tal\u00e1cii postupujte pod\u013ea pokynov v\u00fdrobcu alebo sa pora\u010fte s odborn\u00edkom na hydraulick\u00e9 syst\u00e9my, ak si nie ste ist\u00ed postupom v\u00fdmeny.<\/li>\n<\/ol>\n<h2><strong>Schopnos\u0165 a kapacita tov\u00e1rne:<\/strong><\/h2>\n<h3>(1) Mont\u00e1\u017e<\/h3>\n<p>Disponujeme prvotriednou nez\u00e1vislou v\u00fdskumnou a v\u00fdvojovou mont\u00e1\u017enou platformou. Diel\u0148a na v\u00fdrobu valcov pre vysokozdvi\u017en\u00e9 voz\u00edky m\u00e1 \u0161tyri poloautomatick\u00e9 mont\u00e1\u017ene linky zdv\u00edhac\u00edch valcov a jednu automatick\u00fa mont\u00e1\u017enu linku nakl\u00e1pac\u00edch valcov s projektovanou ro\u010dnou v\u00fdrobnou kapacitou 1 mili\u00f3n kusov. Diel\u0148a na v\u00fdrobu \u0161peci\u00e1lnych valcov je vybaven\u00e1 poloautomatick\u00fdm \u010distiacim mont\u00e1\u017enym syst\u00e9mom s r\u00f4znymi \u0161pecifik\u00e1ciami a projektovanou ro\u010dnou v\u00fdrobnou kapacitou 200 000 kusov. Je vybaven\u00e1 sl\u00e1vnym CNC obr\u00e1bac\u00edm zariaden\u00edm, obr\u00e1bac\u00edm centrom, vysoko presn\u00fdm \u0161peci\u00e1lnym zariaden\u00edm na spracovanie valcov, robotick\u00fdm zv\u00e1rac\u00edm strojom, automatick\u00fdm \u010distiacim strojom, automatick\u00fdm mont\u00e1\u017enym strojom valcov a automatickou lakovacou v\u00fdrobnou linkou. Existuj\u00face k\u013e\u00fa\u010dov\u00e9 vybavenie m\u00e1 viac ako 300 s\u00faprav. Optim\u00e1lne alokovanie a efekt\u00edvne vyu\u017e\u00edvanie zdrojov zariaden\u00ed zabezpe\u010duje po\u017eiadavky na presnos\u0165 v\u00fdrobkov a sp\u013a\u0148a po\u017eiadavky na vysok\u00fa kvalitu v\u00fdrobkov.<\/p>\n<p><img loading=\"lazy\" decoding=\"async\" class=\"alignnone wp-image-626\" src=\"https:\/\/hydraulic-cylinders.net\/wp-content\/uploads\/2023\/08\/hydraulic-cylinder-product-1-300x158.webp\" alt=\"\" width=\"495\" height=\"260\" srcset=\"https:\/\/hydraulic-cylinders.net\/wp-content\/uploads\/2023\/08\/hydraulic-cylinder-product-1-300x158.webp 495w, https:\/\/hydraulic-cylinders.net\/wp-content\/uploads\/2023\/08\/hydraulic-cylinder-product-1-480x252.webp 480w\" sizes=\"(min-width: 0px) and (max-width: 480px) 480px, (min-width: 481px) 495px, 100vw\" \/> <img loading=\"lazy\" decoding=\"async\" class=\"alignnone wp-image-627\" src=\"https:\/\/hydraulic-cylinders.net\/wp-content\/uploads\/2023\/08\/hydraulic-cylinder-product-2-300x189.webp\" alt=\"\" width=\"413\" height=\"260\" \/><\/p>\n<h3>(2) Obr\u00e1banie<\/h3>\n<p>Obr\u00e1bacia diel\u0148a je vybaven\u00e1 prisp\u00f4soben\u00fdm s\u00fastru\u017en\u00edckym centrom so \u0161ikmou ko\u013eajnicou, obr\u00e1bac\u00edm centrom, vysokor\u00fdchlostn\u00fdm honovac\u00edm strojom, zv\u00e1rac\u00edm robotom a \u010fal\u0161\u00edmi s\u00favisiacimi zariadeniami, ktor\u00e9 zvl\u00e1dnu spracovanie valcov\u00fdch r\u00far s maxim\u00e1lnym vn\u00fatorn\u00fdm priemerom 400 mm a maxim\u00e1lnou d\u013a\u017ekou 6 metrov.<\/p>\n<p><img loading=\"lazy\" decoding=\"async\" class=\"alignnone wp-image-628 size-large\" src=\"https:\/\/hydraulic-cylinders.net\/wp-content\/uploads\/2023\/08\/hydraulic-cylinder-product-3-1024x391.webp\" alt=\"\" width=\"1024\" height=\"391\" srcset=\"https:\/\/hydraulic-cylinders.net\/wp-content\/uploads\/2023\/08\/hydraulic-cylinder-product-3-980x374.webp 980w, https:\/\/hydraulic-cylinders.net\/wp-content\/uploads\/2023\/08\/hydraulic-cylinder-product-3-480x183.webp 480w\" sizes=\"(min-width: 0px) and (max-width: 480px) 480px, (min-width: 481px) and (max-width: 980px) 980px, (min-width: 981px) 1024px, 100vw\" \/><\/p>\n<h3>(3) Zv\u00e1ranie<\/h3>\n<p><img loading=\"lazy\" decoding=\"async\" class=\"alignnone wp-image-629 size-large\" src=\"https:\/\/hydraulic-cylinders.net\/wp-content\/uploads\/2023\/08\/hydraulic-cylinder-product-4-1024x510.webp\" alt=\"\" width=\"1024\" height=\"510\" srcset=\"https:\/\/hydraulic-cylinders.net\/wp-content\/uploads\/2023\/08\/hydraulic-cylinder-product-4-980x488.webp 980w, https:\/\/hydraulic-cylinders.net\/wp-content\/uploads\/2023\/08\/hydraulic-cylinder-product-4-480x239.webp 480w\" sizes=\"(min-width: 0px) and (max-width: 480px) 480px, (min-width: 481px) and (max-width: 980px) 980px, (min-width: 981px) 1024px, 100vw\" \/><\/p>\n<h3>(4) Ma\u013eovanie a natieranie<\/h3>\n<p>S malou a strednou automatickou linkou na nan\u00e1\u0161anie farieb na b\u00e1ze vody, ktor\u00e1 umo\u017e\u0148uje automatick\u00e9 nakladanie a vykladanie robotov a automatick\u00e9 striekanie, s kon\u0161truk\u010dnou kapacitou 4000 kusov za zmenu;<br \/>\nM\u00e1me tie\u017e poloautomatick\u00fa linku na v\u00fdrobu farieb pre ve\u013ek\u00e9 f\u013ea\u0161e, poh\u00e1\u0148an\u00fa re\u0165azov\u00fdm pohonom, s kon\u0161truk\u010dnou kapacitou 60 debien za zmenu.<\/p>\n<p><img loading=\"lazy\" decoding=\"async\" class=\"alignnone wp-image-630\" src=\"https:\/\/hydraulic-cylinders.net\/wp-content\/uploads\/2023\/08\/hydraulic-cylinder-product-5-300x213.webp\" alt=\"\" width=\"366\" height=\"260\" \/> <img loading=\"lazy\" decoding=\"async\" class=\"alignnone wp-image-631\" src=\"https:\/\/hydraulic-cylinders.net\/wp-content\/uploads\/2023\/08\/hydraulic-cylinder-product-6-300x225.webp\" alt=\"\" width=\"347\" height=\"260\" \/><\/p>\n<h3>(5) Testovanie<\/h3>\n<p>Disponujeme prvotriednymi kontroln\u00fdmi zariadeniami a sk\u00fa\u0161obn\u00fdmi zariadeniami, ktor\u00e9 zabezpe\u010duj\u00fa, \u017ee v\u00fdkonnos\u0165 valca sp\u013a\u0148a po\u017eiadavky.<\/p>\n<p><img loading=\"lazy\" decoding=\"async\" class=\"alignnone wp-image-632\" src=\"https:\/\/hydraulic-cylinders.net\/wp-content\/uploads\/2023\/08\/hydraulic-cylinder-product-8-300x200.webp\" alt=\"\" width=\"389\" height=\"260\" \/><\/p>\n<p>&nbsp;<\/p>\n<p>&nbsp;<\/p>\n<p>Sme jedn\u00fdm z najlep\u0161\u00edch v\u00fdrobcov n\u00edzkotlakov\u00fdch hydraulick\u00fdch valcov. Pon\u00fakame \u0161irok\u00fd sortiment n\u00edzkotlakov\u00fdch hydraulick\u00fdch valcov. Poskytujeme aj zodpovedaj\u00face... <a href=\"https:\/\/hzpt.com\/agricultural-pto-gearbox\/\" target=\"_blank\" rel=\"noopener\">po\u013enohospod\u00e1rske prevodovky<\/a>. Na\u0161e v\u00fdrobky sme vyviezli z\u00e1kazn\u00edkom do cel\u00e9ho sveta a z\u00edskali sme si dobr\u00fa poves\u0165 v\u010faka vynikaj\u00facej kvalite na\u0161ich v\u00fdrobkov a popredajn\u00e9mu servisu. Srde\u010dne v\u00edtame z\u00e1kazn\u00edkov doma aj v zahrani\u010d\u00ed, aby n\u00e1s kontaktovali a dohodli sa na obchodn\u00fdch rokovaniach, vymenili si inform\u00e1cie.\u00a0<a href=\"https:\/\/www.hydraulic-cylinders.net\/sk\/contact-us\/\">spolupracova\u0165 s nami<\/a>!<\/p>\n<p>&nbsp;<\/p>","protected":false},"excerpt":{"rendered":"<p>Low-Pressure Hydraulic Cylinder Footstand In a low-pressure hydraulic cylinder, the tripod is the component that provides stability and support for the cylinder. It is usually a metal plate or bracket attached to the cylinder&#8217;s bottom or base. Tripods have several uses, including: Stability: The foot base helps to stabilize the hydraulic cylinder and prevent it [&hellip;]<\/p>","protected":false},"featured_media":891,"comment_status":"open","ping_status":"closed","template":"","meta":{"_et_pb_use_builder":"","_et_pb_old_content":"","_et_gb_content_width":""},"product_brand":[],"product_cat":[1376,1388],"product_tag":[1380],"class_list":{"0":"post-778","1":"product","2":"type-product","3":"status-publish","4":"has-post-thumbnail","6":"product_cat-hydraulic-cylinder","7":"product_cat-low-pressure-hydraulic-cylinder","8":"product_tag-hydraulic-cylinder","10":"first","11":"instock","12":"shipping-taxable","13":"product-type-simple"},"amp_enabled":true,"_links":{"self":[{"href":"https:\/\/www.hydraulic-cylinders.net\/sk\/wp-json\/wp\/v2\/product\/778","targetHints":{"allow":["GET"]}}],"collection":[{"href":"https:\/\/www.hydraulic-cylinders.net\/sk\/wp-json\/wp\/v2\/product"}],"about":[{"href":"https:\/\/www.hydraulic-cylinders.net\/sk\/wp-json\/wp\/v2\/types\/product"}],"replies":[{"embeddable":true,"href":"https:\/\/www.hydraulic-cylinders.net\/sk\/wp-json\/wp\/v2\/comments?post=778"}],"wp:featuredmedia":[{"embeddable":true,"href":"https:\/\/www.hydraulic-cylinders.net\/sk\/wp-json\/wp\/v2\/media\/891"}],"wp:attachment":[{"href":"https:\/\/www.hydraulic-cylinders.net\/sk\/wp-json\/wp\/v2\/media?parent=778"}],"wp:term":[{"taxonomy":"product_brand","embeddable":true,"href":"https:\/\/www.hydraulic-cylinders.net\/sk\/wp-json\/wp\/v2\/product_brand?post=778"},{"taxonomy":"product_cat","embeddable":true,"href":"https:\/\/www.hydraulic-cylinders.net\/sk\/wp-json\/wp\/v2\/product_cat?post=778"},{"taxonomy":"product_tag","embeddable":true,"href":"https:\/\/www.hydraulic-cylinders.net\/sk\/wp-json\/wp\/v2\/product_tag?post=778"}],"curies":[{"name":"pracovn\u00fd list","href":"https:\/\/api.w.org\/{rel}","templated":true}]}}