{"id":782,"date":"2023-08-23T03:36:50","date_gmt":"2023-08-23T03:36:50","guid":{"rendered":"https:\/\/hydraulic-cylinders.net\/?post_type=product&#038;p=782"},"modified":"2025-04-16T02:23:02","modified_gmt":"2025-04-16T02:23:02","slug":"machine-tool-low-pressure-hydraulic-cylinder","status":"publish","type":"product","link":"https:\/\/www.hydraulic-cylinders.net\/sk\/produkt\/machine-tool-low-pressure-hydraulic-cylinder\/","title":{"rendered":"N\u00edzkotlakov\u00fd hydraulick\u00fd valec pre obr\u00e1bacie stroje"},"content":{"rendered":"<h1 style=\"text-align: center;\"><strong>N\u00edzkotlakov\u00fd hydraulick\u00fd valec pre obr\u00e1bacie stroje<\/strong><\/h1>\n<p><img loading=\"lazy\" decoding=\"async\" class=\"aligncenter wp-image-785 size-full\" src=\"https:\/\/hydraulic-cylinders.net\/wp-content\/uploads\/2023\/08\/low-pressure-hydraulic-cylinder-2.webp\" alt=\"\" width=\"300\" height=\"300\" srcset=\"https:\/\/www.hydraulic-cylinders.net\/wp-content\/uploads\/2023\/08\/low-pressure-hydraulic-cylinder-2.webp 300w, https:\/\/www.hydraulic-cylinders.net\/wp-content\/uploads\/2023\/08\/low-pressure-hydraulic-cylinder-2-100x100.webp 100w, https:\/\/www.hydraulic-cylinders.net\/wp-content\/uploads\/2023\/08\/low-pressure-hydraulic-cylinder-2-150x150.webp 150w\" sizes=\"(max-width: 300px) 100vw, 300px\" \/><\/p>\n<p>N\u00edzkotlakov\u00fd hydraulick\u00fd valec je v\u00fdhodou spolo\u010dnosti v oblasti produktov, v\u00fdrobn\u00fdch sk\u00fasenost\u00ed, vyspelej technol\u00f3gie, n\u00e1kladovej efekt\u00edvnosti a m\u00f4\u017ee nahradi\u0165 hydraulick\u00fd valec.<\/p>\n<p>V kombin\u00e1cii s dopytom na trhu, triedi\u0165 parametre n\u00edzkotlakov\u00e9ho hydraulick\u00e9ho valca v priemysle obr\u00e1bac\u00edch strojov, ako napr\u00edklad hydraulick\u00fd valec p\u00e1sovej p\u00edly.<\/p>\n<p>Z\u00e1kazn\u00edci si m\u00f4\u017eu objedna\u0165 pod\u013ea nasleduj\u00facich parametrov, pohodlia a r\u00fdchleho dodania.<\/p>\n<p>N\u00edzke n\u00e1klady: N\u00edzkotlakov\u00e9 hydraulick\u00e9 valce s\u00fa zvy\u010dajne lacnej\u0161ie ako in\u00e9 valce.<br \/>\nJednoduch\u00e1 kon\u0161trukcia: Kon\u0161trukcia a v\u00fdroba n\u00edzkotlakov\u00fdch hydraulick\u00fdch valcov je relat\u00edvne jednoduch\u00e1.<br \/>\nJednoduch\u00e1 \u00fadr\u017eba: N\u00edzkotlakov\u00e9 hydraulick\u00e9 valce sa relat\u00edvne \u013eahko udr\u017eiavaj\u00fa.<\/p>\n<h2><strong>Parameter n\u00edzkotlakov\u00e9ho hydraulick\u00e9ho valca:<\/strong><\/h2>\n<h3>(1) Predn\u00e1 pr\u00edruba n\u00edzkotlakov\u00e9ho hydraulick\u00e9ho valca:<\/h3>\n<h3><img loading=\"lazy\" decoding=\"async\" class=\"alignnone wp-image-786 size-full\" src=\"https:\/\/hydraulic-cylinders.net\/wp-content\/uploads\/2023\/08\/low-pressure-pull-rod-hydraulic-cylinder-front-flange-2-2.webp\" alt=\"\" width=\"690\" height=\"397\" srcset=\"https:\/\/hydraulic-cylinders.net\/wp-content\/uploads\/2023\/08\/low-pressure-pull-rod-hydraulic-cylinder-front-flange-2-2.webp 690w, https:\/\/hydraulic-cylinders.net\/wp-content\/uploads\/2023\/08\/low-pressure-pull-rod-hydraulic-cylinder-front-flange-2-2-480x276.webp 480w\" sizes=\"(min-width: 0px) and (max-width: 480px) 480px, (min-width: 481px) 690px, 100vw\" \/><\/h3>\n<h3>(2) Zadn\u00e1 pr\u00edruba n\u00edzkotlakov\u00e9ho hydraulick\u00e9ho valca:<\/h3>\n<h3><img loading=\"lazy\" decoding=\"async\" class=\"alignnone wp-image-787\" src=\"https:\/\/hydraulic-cylinders.net\/wp-content\/uploads\/2023\/08\/low-pressure-pull-rod-hydraulic-cylinder-back-flange-2-2-1024x556.webp\" alt=\"\" width=\"800\" height=\"434\" \/><\/h3>\n<h3>(3) Predn\u00fd \u010dap n\u00edzkotlakov\u00e9ho hydraulick\u00e9ho valca:<\/h3>\n<p><img loading=\"lazy\" decoding=\"async\" class=\"alignnone wp-image-788 size-full\" src=\"https:\/\/hydraulic-cylinders.net\/wp-content\/uploads\/2023\/08\/low-pressure-pull-rod-hydraulic-cylinder-front-hinge-pin-2-1.webp\" alt=\"\" width=\"660\" height=\"289\" srcset=\"https:\/\/hydraulic-cylinders.net\/wp-content\/uploads\/2023\/08\/low-pressure-pull-rod-hydraulic-cylinder-front-hinge-pin-2-1.webp 660w, https:\/\/hydraulic-cylinders.net\/wp-content\/uploads\/2023\/08\/low-pressure-pull-rod-hydraulic-cylinder-front-hinge-pin-2-1-480x210.webp 480w\" sizes=\"(min-width: 0px) and (max-width: 480px) 480px, (min-width: 481px) 660px, 100vw\" \/><\/p>\n<h3>(4) Medzi\u013eahl\u00fd \u010dap n\u00edzkotlakov\u00e9ho hydraulick\u00e9ho valca:<\/h3>\n<p><img loading=\"lazy\" decoding=\"async\" class=\"alignnone wp-image-789 size-full\" src=\"https:\/\/hydraulic-cylinders.net\/wp-content\/uploads\/2023\/08\/low-pressure-pull-rod-hydraulic-cylinder-intermediate-pin-2-1.webp\" alt=\"\" width=\"690\" height=\"315\" srcset=\"https:\/\/hydraulic-cylinders.net\/wp-content\/uploads\/2023\/08\/low-pressure-pull-rod-hydraulic-cylinder-intermediate-pin-2-1.webp 690w, https:\/\/hydraulic-cylinders.net\/wp-content\/uploads\/2023\/08\/low-pressure-pull-rod-hydraulic-cylinder-intermediate-pin-2-1-480x219.webp 480w\" sizes=\"(min-width: 0px) and (max-width: 480px) 480px, (min-width: 481px) 690px, 100vw\" \/><\/p>\n<h3>(5) Zadn\u00fd \u010dap n\u00edzkotlakov\u00e9ho hydraulick\u00e9ho valca:<\/h3>\n<p><img loading=\"lazy\" decoding=\"async\" class=\"alignnone wp-image-790 size-full\" src=\"https:\/\/hydraulic-cylinders.net\/wp-content\/uploads\/2023\/08\/low-pressure-pull-rod-hydraulic-cylinder-rear-pin-hole-2-1.webp\" alt=\"\" width=\"690\" height=\"333\" srcset=\"https:\/\/hydraulic-cylinders.net\/wp-content\/uploads\/2023\/08\/low-pressure-pull-rod-hydraulic-cylinder-rear-pin-hole-2-1.webp 690w, https:\/\/hydraulic-cylinders.net\/wp-content\/uploads\/2023\/08\/low-pressure-pull-rod-hydraulic-cylinder-rear-pin-hole-2-1-480x232.webp 480w\" sizes=\"(min-width: 0px) and (max-width: 480px) 480px, (min-width: 481px) 690px, 100vw\" \/><\/p>\n<h3>(6) Parameter stojana n\u00edzkotlakov\u00e9ho hydraulick\u00e9ho valca:<\/h3>\n<p><img loading=\"lazy\" decoding=\"async\" class=\"alignnone wp-image-791 size-full\" src=\"https:\/\/hydraulic-cylinders.net\/wp-content\/uploads\/2023\/08\/low-pressure-pull-rod-hydraulic-cylinder-footstand-2-1.webp\" alt=\"\" width=\"703\" height=\"314\" srcset=\"https:\/\/hydraulic-cylinders.net\/wp-content\/uploads\/2023\/08\/low-pressure-pull-rod-hydraulic-cylinder-footstand-2-1.webp 703w, https:\/\/hydraulic-cylinders.net\/wp-content\/uploads\/2023\/08\/low-pressure-pull-rod-hydraulic-cylinder-footstand-2-1-480x214.webp 480w\" sizes=\"(min-width: 0px) and (max-width: 480px) 480px, (min-width: 481px) 703px, 100vw\" \/><\/p>\n<h2><strong>Technick\u00fd parameter <\/strong><strong>N\u00edzkotlakov\u00fd hydraulick\u00fd valec:<\/strong><\/h2>\n<p>Re\u017eim in\u0161tal\u00e1cie je mo\u017en\u00e9 vybra\u0165 z nasleduj\u00facich mo\u017enost\u00ed<br \/>\n1) Ve\u013ekos\u0165 z\u00e1vitu piestnej ty\u010de: vn\u00fatorn\u00fd z\u00e1vit alebo vonkaj\u0161\u00ed z\u00e1vit, ve\u013ekos\u0165 a d\u013a\u017eka z\u00e1vitu<br \/>\n2) poloha olejov\u00e9ho otvoru;<br \/>\n3) \u201eCelkov\u00e1 d\u013a\u017eka\u201c v tabu\u013eke parametrov, teda d\u013a\u017eka valca pri zdvihu 0, napr\u00edklad zdvih 100 mm, celkov\u00e1 d\u013a\u017eka valca = hodnota \u201ecelkovej d\u013a\u017eky\u201c +100<\/p>\n<h2><strong>Rozsah p\u00f4sobnosti <\/strong><strong>N\u00edzkotlakov\u00fd hydraulick\u00fd valec:<\/strong><\/h2>\n<p>1) Pou\u017eit\u00fd tlakov\u00fd rozsah je pod 5 MPa;<br \/>\n2) Predn\u00fd kryt, zadn\u00fd kryt a piest s\u00fa odliatky, valec je z ocele \u010d. 20 a piestna ty\u010d je z pochr\u00f3movanej ocele \u010d. 45;<br \/>\n3) Predvolen\u00fd valec je ovplyvnen\u00fd hlavne \u0165ahom; Ak je to sp\u00f4soben\u00e9 hlavne nap\u00e4t\u00edm, z\u00e1kazn\u00edk mus\u00ed vyda\u0165 \u0161peci\u00e1lne pokyny;<br \/>\n4) Rozsah vn\u00fatorn\u00e9ho priemeru tejto s\u00e9rie produktov je 63 ~ 125 mm, maxim\u00e1lny \u0165ah je 4,8 tony;<br \/>\n5) Bez vyrovn\u00e1vacej pam\u00e4te v predvolenom nastaven\u00ed; Ak je potrebn\u00e9 ukladanie do vyrovn\u00e1vacej pam\u00e4te, z\u00e1kazn\u00edk potrebuje \u0161peci\u00e1lne pokyny.<\/p>\n<p><img loading=\"lazy\" decoding=\"async\" class=\"size-full wp-image-316728 aligncenter\" src=\"https:\/\/hzpt.com\/wp-content\/uploads\/2023\/08\/low-pressure-hydraulic-cylinder-1.webp\" alt=\"\" width=\"540\" height=\"1015\" \/><\/p>\n<h2><strong>Ako zmera\u0165 hydraulick\u00fd valec?<\/strong><\/h2>\n<p>Na meranie hydraulick\u00e9ho valca budete potrebova\u0165 nieko\u013eko z\u00e1kladn\u00fdch n\u00e1strojov, ako je napr\u00edklad kraj\u010d\u00edrsky meter alebo prav\u00edtko, posuvn\u00e9 meradlo a pr\u00edpadne h\u013abkomer. Tu je podrobn\u00fd n\u00e1vod, ako zmera\u0165 hydraulick\u00fd valec:<\/p>\n<ol>\n<li><strong>Pred\u013a\u017een\u00e1 d\u013a\u017eka<\/strong>:\n<ul>\n<li>Uistite sa, \u017ee hydraulick\u00fd valec je \u00faplne vysunut\u00fd.<\/li>\n<li>Zmerajte vzdialenos\u0165 od stredu mont\u00e1\u017eneho otvoru na jednom konci valca k stredu mont\u00e1\u017eneho otvoru na druhom konci. Toto meranie predstavuje pred\u013a\u017een\u00fa d\u013a\u017eku alebo celkov\u00fa d\u013a\u017eku valca.<\/li>\n<\/ul>\n<\/li>\n<li><strong>Zasunut\u00e1 d\u013a\u017eka<\/strong>:\n<ul>\n<li>\u00daplne zasu\u0148te hydraulick\u00fd valec.<\/li>\n<li>Zmerajte vzdialenos\u0165 od stredu mont\u00e1\u017eneho otvoru na jednom konci valca k stredu mont\u00e1\u017eneho otvoru na druhom konci. Toto meranie predstavuje d\u013a\u017eku valca v zasunutom stave.<\/li>\n<\/ul>\n<\/li>\n<li><strong>Priemer otvoru<\/strong>:\n<ul>\n<li>Zmerajte vn\u00fatorn\u00fd priemer valca, ktor\u00fd sa ozna\u010duje ako priemer otvoru. Zvy\u010dajne sa to rob\u00ed pomocou posuvn\u00e9ho meradla.<\/li>\n<li>Umiestnite \u010de\u013euste strme\u0148a do valca a zmerajte vzdialenos\u0165 medzi vn\u00fatorn\u00fdmi povrchmi stien valca.<\/li>\n<\/ul>\n<\/li>\n<li><strong>Priemer ty\u010de<\/strong>:\n<ul>\n<li>Zmerajte priemer piestnej ty\u010de. Zvy\u010dajne sa to rob\u00ed pomocou posuvn\u00e9ho meradla.<\/li>\n<li>Umiestnite \u010de\u013euste strme\u0148a okolo piestnej ty\u010de a zmerajte vzdialenos\u0165 medzi vonkaj\u0161\u00edmi povrchmi ty\u010de.<\/li>\n<\/ul>\n<\/li>\n<li><strong>D\u013a\u017eka zdvihu<\/strong>:\n<ul>\n<li>D\u013a\u017eka zdvihu sa vz\u0165ahuje na vzdialenos\u0165, ktor\u00fa m\u00f4\u017ee piestna ty\u010d prejs\u0165 medzi \u00faplne vysunutou a \u00faplne zasunutou polohou.<\/li>\n<li>Od\u010d\u00edtajte nameran\u00fa d\u013a\u017eku v zasunutom stave od nameranej d\u013a\u017eky v roztiahnutom stave, aby ste z\u00edskali d\u013a\u017eku zdvihu.<\/li>\n<\/ul>\n<\/li>\n<li><strong>Rozmery tesnen\u00ed a lo\u017e\u00edsk<\/strong>:\n<ul>\n<li>V pr\u00edpade potreby zmerajte rozmery v\u0161etk\u00fdch tesnen\u00ed alebo lo\u017e\u00edsk, ktor\u00e9 s\u00fa s\u00fa\u010das\u0165ou hydraulick\u00e9ho valca. M\u00f4\u017ee \u00eds\u0165 o meranie vonkaj\u0161ieho priemeru, vn\u00fatorn\u00e9ho priemeru a hr\u00fabky.<\/li>\n<\/ul>\n<\/li>\n<\/ol>\n<h2><strong>Schopnos\u0165 a kapacita tov\u00e1rne:<\/strong><\/h2>\n<h3>(1) Mont\u00e1\u017e<\/h3>\n<p>Disponujeme prvotriednou nez\u00e1vislou v\u00fdskumnou a v\u00fdvojovou mont\u00e1\u017enou platformou. Diel\u0148a na v\u00fdrobu valcov pre vysokozdvi\u017en\u00e9 voz\u00edky m\u00e1 \u0161tyri poloautomatick\u00e9 mont\u00e1\u017ene linky zdv\u00edhac\u00edch valcov a jednu automatick\u00fa mont\u00e1\u017enu linku nakl\u00e1pac\u00edch valcov s projektovanou ro\u010dnou v\u00fdrobnou kapacitou 1 mili\u00f3n kusov. Diel\u0148a na v\u00fdrobu \u0161peci\u00e1lnych valcov je vybaven\u00e1 poloautomatick\u00fdm \u010distiacim mont\u00e1\u017enym syst\u00e9mom s r\u00f4znymi \u0161pecifik\u00e1ciami a projektovanou ro\u010dnou v\u00fdrobnou kapacitou 200 000 kusov. Je vybaven\u00e1 sl\u00e1vnym CNC obr\u00e1bac\u00edm zariaden\u00edm, obr\u00e1bac\u00edm centrom, vysoko presn\u00fdm \u0161peci\u00e1lnym zariaden\u00edm na spracovanie valcov, robotick\u00fdm zv\u00e1rac\u00edm strojom, automatick\u00fdm \u010distiacim strojom, automatick\u00fdm mont\u00e1\u017enym strojom valcov a automatickou lakovacou v\u00fdrobnou linkou. Existuj\u00face k\u013e\u00fa\u010dov\u00e9 vybavenie m\u00e1 viac ako 300 s\u00faprav. Optim\u00e1lne alokovanie a efekt\u00edvne vyu\u017e\u00edvanie zdrojov zariaden\u00ed zabezpe\u010duje po\u017eiadavky na presnos\u0165 v\u00fdrobkov a sp\u013a\u0148a po\u017eiadavky na vysok\u00fa kvalitu v\u00fdrobkov.<\/p>\n<p><img loading=\"lazy\" decoding=\"async\" class=\"alignnone wp-image-626\" src=\"https:\/\/hydraulic-cylinders.net\/wp-content\/uploads\/2023\/08\/hydraulic-cylinder-product-1-300x158.webp\" alt=\"\" width=\"495\" height=\"260\" srcset=\"https:\/\/hydraulic-cylinders.net\/wp-content\/uploads\/2023\/08\/hydraulic-cylinder-product-1-300x158.webp 495w, https:\/\/hydraulic-cylinders.net\/wp-content\/uploads\/2023\/08\/hydraulic-cylinder-product-1-480x252.webp 480w\" sizes=\"(min-width: 0px) and (max-width: 480px) 480px, (min-width: 481px) 495px, 100vw\" \/> <img loading=\"lazy\" decoding=\"async\" class=\"alignnone wp-image-627\" src=\"https:\/\/hydraulic-cylinders.net\/wp-content\/uploads\/2023\/08\/hydraulic-cylinder-product-2-300x189.webp\" alt=\"\" width=\"413\" height=\"260\" \/><\/p>\n<h3>(2) Obr\u00e1banie<\/h3>\n<p>Obr\u00e1bacia diel\u0148a je vybaven\u00e1 prisp\u00f4soben\u00fdm s\u00fastru\u017en\u00edckym centrom so \u0161ikmou ko\u013eajnicou, obr\u00e1bac\u00edm centrom, vysokor\u00fdchlostn\u00fdm honovac\u00edm strojom, zv\u00e1rac\u00edm robotom a \u010fal\u0161\u00edmi s\u00favisiacimi zariadeniami, ktor\u00e9 zvl\u00e1dnu spracovanie valcov\u00fdch r\u00far s maxim\u00e1lnym vn\u00fatorn\u00fdm priemerom 400 mm a maxim\u00e1lnou d\u013a\u017ekou 6 metrov.<\/p>\n<p><img loading=\"lazy\" decoding=\"async\" class=\"alignnone wp-image-628 size-large\" src=\"https:\/\/hydraulic-cylinders.net\/wp-content\/uploads\/2023\/08\/hydraulic-cylinder-product-3-1024x391.webp\" alt=\"\" width=\"1024\" height=\"391\" srcset=\"https:\/\/hydraulic-cylinders.net\/wp-content\/uploads\/2023\/08\/hydraulic-cylinder-product-3-980x374.webp 980w, https:\/\/hydraulic-cylinders.net\/wp-content\/uploads\/2023\/08\/hydraulic-cylinder-product-3-480x183.webp 480w\" sizes=\"(min-width: 0px) and (max-width: 480px) 480px, (min-width: 481px) and (max-width: 980px) 980px, (min-width: 981px) 1024px, 100vw\" \/><\/p>\n<h3>(3) Zv\u00e1ranie<\/h3>\n<p><img loading=\"lazy\" decoding=\"async\" class=\"alignnone wp-image-629 size-large\" src=\"https:\/\/hydraulic-cylinders.net\/wp-content\/uploads\/2023\/08\/hydraulic-cylinder-product-4-1024x510.webp\" alt=\"\" width=\"1024\" height=\"510\" srcset=\"https:\/\/hydraulic-cylinders.net\/wp-content\/uploads\/2023\/08\/hydraulic-cylinder-product-4-980x488.webp 980w, https:\/\/hydraulic-cylinders.net\/wp-content\/uploads\/2023\/08\/hydraulic-cylinder-product-4-480x239.webp 480w\" sizes=\"(min-width: 0px) and (max-width: 480px) 480px, (min-width: 481px) and (max-width: 980px) 980px, (min-width: 981px) 1024px, 100vw\" \/><\/p>\n<h3>(4) Ma\u013eovanie a natieranie<\/h3>\n<p>S mal\u00fdmi a stredne ve\u013ek\u00fdmi valcov\u00fdmi automatick\u00fdmi linkami na nan\u00e1\u0161anie farieb na vodnej b\u00e1ze, na dosiahnutie automatick\u00e9ho nakladania a vykladania robotmi a automatick\u00e9ho striekania, je projektovan\u00e1 kapacita 4000 kusov za smenu;<br \/>\nM\u00e1me tie\u017e poloautomatick\u00fa linku na v\u00fdrobu farieb pre ve\u013ek\u00e9 valce poh\u00e1\u0148an\u00e9 re\u0165azou s kon\u0161truk\u010dnou kapacitou 60 kusov za smenu.<\/p>\n<p><img loading=\"lazy\" decoding=\"async\" class=\"alignnone wp-image-630\" src=\"https:\/\/hydraulic-cylinders.net\/wp-content\/uploads\/2023\/08\/hydraulic-cylinder-product-5-300x213.webp\" alt=\"\" width=\"408\" height=\"290\" \/> <img loading=\"lazy\" decoding=\"async\" class=\"alignnone wp-image-631\" src=\"https:\/\/hydraulic-cylinders.net\/wp-content\/uploads\/2023\/08\/hydraulic-cylinder-product-6-300x225.webp\" alt=\"\" width=\"387\" height=\"290\" \/><\/p>\n<h3>(5) Testovanie<\/h3>\n<p>Disponujeme prvotriednymi kontroln\u00fdmi zariadeniami a sk\u00fa\u0161obn\u00fdmi zariadeniami, ktor\u00e9 zabezpe\u010duj\u00fa, \u017ee v\u00fdkonnos\u0165 valca sp\u013a\u0148a po\u017eiadavky.<\/p>\n<p><img loading=\"lazy\" decoding=\"async\" class=\"alignnone wp-image-632\" src=\"https:\/\/hydraulic-cylinders.net\/wp-content\/uploads\/2023\/08\/hydraulic-cylinder-product-8-300x200.webp\" alt=\"\" width=\"389\" height=\"260\" \/><\/p>\n<p>&nbsp;<\/p>\n<p>&nbsp;<\/p>\n<p>Sme jedn\u00fdm z najlep\u0161\u00edch v\u00fdrobcov n\u00edzkotlakov\u00fdch hydraulick\u00fdch valcov. Pon\u00fakame \u0161irok\u00fd sortiment n\u00edzkotlakov\u00fdch hydraulick\u00fdch valcov. Poskytujeme aj zodpovedaj\u00face... <a href=\"https:\/\/hzpt.com\/agricultural-pto-gearbox\/\" target=\"_blank\" rel=\"noopener\">po\u013enohospod\u00e1rske prevodovky<\/a>. Na\u0161e v\u00fdrobky sme vyviezli z\u00e1kazn\u00edkom do cel\u00e9ho sveta a z\u00edskali sme si dobr\u00fa poves\u0165 v\u010faka vynikaj\u00facej kvalite na\u0161ich v\u00fdrobkov a popredajn\u00e9mu servisu. Srde\u010dne v\u00edtame z\u00e1kazn\u00edkov doma aj v zahrani\u010d\u00ed, aby n\u00e1s kontaktovali a dohodli sa na obchodn\u00fdch rokovaniach, vymenili si inform\u00e1cie.\u00a0<a href=\"https:\/\/www.hydraulic-cylinders.net\/sk\/contact-us\/\">spolupracova\u0165 s nami<\/a>!<\/p>\n<p>&nbsp;<\/p>\n<h2><\/h2>","protected":false},"excerpt":{"rendered":"<p>Machine Tool Low-Pressure Hydraulic Cylinder Low-pressure hydraulic cylinder is the company&#8217;s advantage in products, manufacturing experience, mature technology, cost-effectiveness, and can replace the hydraulic cylinder. Combined with the market demand, sort out the machine tool industry low-pressure hydraulic cylinder parameters, such as band saw machine hydraulic cylinder. Customers can order according to the following parameters, [&hellip;]<\/p>","protected":false},"featured_media":792,"comment_status":"open","ping_status":"closed","template":"","meta":{"_et_pb_use_builder":"","_et_pb_old_content":"","_et_gb_content_width":""},"product_brand":[],"product_cat":[1550,1525,1509,1376,1388],"product_tag":[],"class_list":{"0":"post-782","1":"product","2":"type-product","3":"status-publish","4":"has-post-thumbnail","6":"product_cat-double-acting-hydraulic-cylinder","7":"product_cat-machine-tool-hydraulic-cylinders","8":"product_cat-tie-rod-hydraulic-cylinder","9":"product_cat-hydraulic-cylinder","10":"product_cat-low-pressure-hydraulic-cylinder","12":"first","13":"instock","14":"shipping-taxable","15":"product-type-simple"},"amp_enabled":true,"_links":{"self":[{"href":"https:\/\/www.hydraulic-cylinders.net\/sk\/wp-json\/wp\/v2\/product\/782","targetHints":{"allow":["GET"]}}],"collection":[{"href":"https:\/\/www.hydraulic-cylinders.net\/sk\/wp-json\/wp\/v2\/product"}],"about":[{"href":"https:\/\/www.hydraulic-cylinders.net\/sk\/wp-json\/wp\/v2\/types\/product"}],"replies":[{"embeddable":true,"href":"https:\/\/www.hydraulic-cylinders.net\/sk\/wp-json\/wp\/v2\/comments?post=782"}],"wp:featuredmedia":[{"embeddable":true,"href":"https:\/\/www.hydraulic-cylinders.net\/sk\/wp-json\/wp\/v2\/media\/792"}],"wp:attachment":[{"href":"https:\/\/www.hydraulic-cylinders.net\/sk\/wp-json\/wp\/v2\/media?parent=782"}],"wp:term":[{"taxonomy":"product_brand","embeddable":true,"href":"https:\/\/www.hydraulic-cylinders.net\/sk\/wp-json\/wp\/v2\/product_brand?post=782"},{"taxonomy":"product_cat","embeddable":true,"href":"https:\/\/www.hydraulic-cylinders.net\/sk\/wp-json\/wp\/v2\/product_cat?post=782"},{"taxonomy":"product_tag","embeddable":true,"href":"https:\/\/www.hydraulic-cylinders.net\/sk\/wp-json\/wp\/v2\/product_tag?post=782"}],"curies":[{"name":"pracovn\u00fd list","href":"https:\/\/api.w.org\/{rel}","templated":true}]}}