{"id":831,"date":"2023-08-30T06:05:27","date_gmt":"2023-08-30T06:05:27","guid":{"rendered":"https:\/\/hydraulic-cylinders.net\/?post_type=product&#038;p=831"},"modified":"2025-04-16T02:22:44","modified_gmt":"2025-04-16T02:22:44","slug":"axial-tripod-type-metallurgical-hydraulic-cylinder-2","status":"publish","type":"product","link":"https:\/\/www.hydraulic-cylinders.net\/sk\/produkt\/axial-tripod-type-metallurgical-hydraulic-cylinder-2\/","title":{"rendered":"CA Monoaur\u00e1lny konektor typu Y \u013dahk\u00e1 ty\u010d hydraulick\u00e9ho valca"},"content":{"rendered":"<h1 style=\"text-align: center;\"><strong>CA Monoaur\u00e1lny konektor typu Y \u013dahk\u00e1 ty\u010d hydraulick\u00e9ho valca<\/strong><\/h1>\n<p>Monoaur\u00e1lny hydraulick\u00fd valec s \u013eahkou ty\u010dou typu CA je \u0161pecifick\u00fd typ s monoaur\u00e1lnym dizajnom a kon\u0161trukciou s \u013eahkou ty\u010dou. Tu je nieko\u013eko inform\u00e1ci\u00ed o tomto type valca:<\/p>\n<p><strong>Monof\u00f3nny dizajn<\/strong>Monof\u00f3nny dizajn znamen\u00e1, \u017ee hydraulick\u00fd valec m\u00e1 na jednom konci jednu ty\u010d. Tento dizajn sa \u010dasto pou\u017e\u00edva v aplik\u00e1ci\u00e1ch vy\u017eaduj\u00facich obmedzen\u00fd priestor alebo kompaktnej\u0161\u00ed valec.<\/p>\n<p><strong>\u0160trukt\u00fara svetelnej ty\u010de<\/strong>\u013dahk\u00e1 kon\u0161trukcia ty\u010de sa vz\u0165ahuje na pou\u017eitie \u013eahk\u00fdch materi\u00e1lov, ako je hlin\u00edk alebo kompozitn\u00e9 materi\u00e1ly, ako ty\u010de hydraulick\u00e9ho valca. T\u00e1to kon\u0161trukcia pom\u00e1ha zn\u00ed\u017ei\u0165 hmotnos\u0165 valca a z\u00e1rove\u0148 zachova\u0165 pevnos\u0165 a v\u00fdkon.<\/p>\n<p><strong>Kompaktn\u00e1 ve\u013ekos\u0165<\/strong>Monofonick\u00e9 hydraulick\u00e9 valce CA s \u013eahkou ty\u010dou s\u00fa zn\u00e1me svojou kompaktnou ve\u013ekos\u0165ou a s\u00fa vhodn\u00e9 pre aplik\u00e1cie s obmedzen\u00fdm priestorom. V\u010faka mal\u00fdm rozmerom sa \u013eahko in\u0161taluj\u00fa a integruj\u00fa do r\u00f4znych syst\u00e9mov.<\/p>\n<p><strong>Presn\u00e9 line\u00e1rne riadenie pohybu<\/strong>Tento typ hydraulick\u00e9ho valca je navrhnut\u00fd tak, aby poskytoval presn\u00e9 line\u00e1rne riadenie pohybu. Kon\u0161trukcia st\u013apa verejn\u00e9ho osvetlenia a monof\u00f3nny dizajn prispievaj\u00fa k plynul\u00e9mu a presn\u00e9mu pohybu, \u010do umo\u017e\u0148uje presn\u00e9 polohovanie a riadenie v priemyseln\u00fdch aplik\u00e1ci\u00e1ch.<\/p>\n<p><strong>V\u0161estrann\u00fd<\/strong>Monof\u00f3nne hydraulick\u00e9 valce s \u013eahk\u00fdmi ty\u010dami typu CA sa daj\u00fa pou\u017ei\u0165 v r\u00f4znych priemyseln\u00fdch aplik\u00e1ci\u00e1ch. Maj\u00fa praktick\u00fa hodnotu v robotike, baliacich strojoch, automatiza\u010dn\u00fdch syst\u00e9moch a \u010fal\u0161\u00edch aplik\u00e1ci\u00e1ch, ktor\u00e9 vy\u017eaduj\u00fa efekt\u00edvne a presn\u00e9 riadenie line\u00e1rneho pohybu.<\/p>\n<p><img loading=\"lazy\" decoding=\"async\" class=\"wp-image-833 size-full aligncenter\" src=\"https:\/\/hydraulic-cylinders.net\/wp-content\/uploads\/2023\/08\/ca-monoaural-type-y-connector-light-pull-rod-hydraulic-cylinder-1.webp\" alt=\"\" width=\"790\" height=\"200\" srcset=\"https:\/\/hydraulic-cylinders.net\/wp-content\/uploads\/2023\/08\/ca-monoaural-type-y-connector-light-pull-rod-hydraulic-cylinder-1.webp 790w, https:\/\/hydraulic-cylinders.net\/wp-content\/uploads\/2023\/08\/ca-monoaural-type-y-connector-light-pull-rod-hydraulic-cylinder-1-480x122.webp 480w\" sizes=\"(min-width: 0px) and (max-width: 480px) 480px, (min-width: 481px) 790px, 100vw\" \/><\/p>\n<h2><strong>Parameter hydraulick\u00e9ho valca s monof\u00f3nnym konektorom typu Y CA:<\/strong><\/h2>\n<p><img loading=\"lazy\" decoding=\"async\" class=\"alignnone wp-image-834 size-full\" src=\"https:\/\/hydraulic-cylinders.net\/wp-content\/uploads\/2023\/08\/ca-monoaural-type-y-connector-light-pull-rod-hydraulic-cylinder-2.webp\" alt=\"\" width=\"790\" height=\"498\" srcset=\"https:\/\/hydraulic-cylinders.net\/wp-content\/uploads\/2023\/08\/ca-monoaural-type-y-connector-light-pull-rod-hydraulic-cylinder-2.webp 790w, https:\/\/hydraulic-cylinders.net\/wp-content\/uploads\/2023\/08\/ca-monoaural-type-y-connector-light-pull-rod-hydraulic-cylinder-2-480x303.webp 480w\" sizes=\"(min-width: 0px) and (max-width: 480px) 480px, (min-width: 481px) 790px, 100vw\" \/><\/p>\n<h2><strong>CA Monoaur\u00e1lny konektor typu Y \u013dahk\u00e1 ty\u010d hydraulick\u00e9ho valca <\/strong><strong>\u00dadr\u017eba<\/strong><strong>:<\/strong><\/h2>\n<p>Pre maximaliz\u00e1ciu \u017eivotnosti a v\u00fdkonu hydraulick\u00e9ho valca s monoaur\u00e1lnym sveteln\u00fdm zdrojom typu CA je nevyhnutn\u00e1 spr\u00e1vna starostlivos\u0165.<\/p>\n<p>Tu s\u00fa niektor\u00e9 pokyny na \u00fadr\u017ebu:<\/p>\n<p>Pravideln\u00e1 kontrola: Skontrolujte hydraulick\u00fd valec svetelnej ty\u010de, \u010di nie je opotrebovan\u00fd, po\u0161koden\u00fd alebo \u010di nedoch\u00e1dza k \u00faniku. Venujte pozornos\u0165 tesneniam, spojom a mont\u00e1\u017enym bodom.<br \/>\nMazanie: Naneste odpor\u00fa\u010dan\u00e9 mazivo na pohybliv\u00e9 \u010dasti valca pod\u013ea pokynov v\u00fdrobcu. Pravideln\u00e9 mazanie zais\u0165uje plynul\u00fd chod a minimalizuje probl\u00e9my s\u00favisiace s tren\u00edm.<\/p>\n<p>V\u00fdmena tesnen\u00ed: Ak s\u00fa tesnenia po\u0161koden\u00e9 alebo netesn\u00e9, vyme\u0148te ich za origin\u00e1lne diely schv\u00e1len\u00e9 v\u00fdrobcom.<\/p>\n<p>\u010cistenie: Udr\u017eujte hydraulick\u00fd valec s \u013eahkou ty\u010dou \u010dist\u00fd a odstra\u0148ujte ne\u010distoty, \u00falomky a kontaminanty, ktor\u00e9 m\u00f4\u017eu ovplyvni\u0165 v\u00fdkon valca. Pred op\u00e4tovnou mont\u00e1\u017eou pou\u017eite neabraz\u00edvny \u010distiaci prostriedok a uistite sa, \u017ee v\u0161etky \u010dasti s\u00fa such\u00e9.<\/p>\n<h2><strong>Ako odvzdu\u0161ni\u0165 hydraulick\u00fd valec bez odvzdu\u0161\u0148ovacieho ventilu?<\/strong><\/h2>\n<p>Odvzdu\u0161nenie hydraulick\u00e9ho valca bez odvzdu\u0161\u0148ovacieho ventilu m\u00f4\u017ee by\u0165 n\u00e1ro\u010dnej\u0161ie, ale st\u00e1le je to mo\u017en\u00e9. Tu je podrobn\u00fd n\u00e1vod, ako odvzdu\u0161ni\u0165 hydraulick\u00fd valec bez odvzdu\u0161\u0148ovacieho ventilu:<\/p>\n<ol>\n<li><strong>Pripravte si potrebn\u00e9 n\u00e1stroje<\/strong>Pred za\u010dat\u00edm procesu odvzdu\u0161\u0148ovania si pripravte nasleduj\u00face n\u00e1stroje: sadu k\u013e\u00fa\u010dov alebo obj\u00edmok, n\u00e1dobu na zachytenie hydraulickej kvapaliny a \u010dist\u00fa handri\u010dku alebo handri\u010dku.<\/li>\n<li><strong>Umiestnenie valca<\/strong>Uistite sa, \u017ee hydraulick\u00fd valec je bezpe\u010dne umiestnen\u00fd a stabiln\u00fd. V pr\u00edpade potreby ho zaistite svorkami alebo upev\u0148ovac\u00edmi prvkami a zabr\u00e1\u0148te jeho n\u00e1hodn\u00e9mu pohybu po\u010das odvzdu\u0161\u0148ovania.<\/li>\n<li><strong>N\u00e1jdite najvy\u0161\u0161\u00ed bod<\/strong>Ur\u010dte najvy\u0161\u0161\u00ed bod na hydraulickom valci. Toto je miesto, kde sa zvy\u010dajne hromad\u00ed vzduch. Zvy\u010dajne sa nach\u00e1dza bl\u00edzko konca valca alebo vrchu piestnej ty\u010de.<\/li>\n<li><strong>Uvo\u013enite spoje<\/strong>Pomocou k\u013e\u00fa\u010da alebo sady obj\u00edmok opatrne uvo\u013enite spojku alebo pripojenie v najvy\u0161\u0161om bode valca. Uistite sa, \u017ee spojka je uvo\u013enen\u00e1 len nato\u013eko, aby mohol unika\u0165 vzduch a aby nedo\u0161lo k \u00faniku hydraulickej kvapaliny.<\/li>\n<li><strong>Pomaly vys\u00favajte valec<\/strong>Aktivujte hydraulick\u00fd syst\u00e9m, aby sa valec pomaly vysunul. Tento pohyb pom\u00e1ha tla\u010di\u0165 vzduchov\u00e9 bubliny smerom k otvoren\u00e9mu spojovaciemu prvku a umo\u017e\u0148uje im unikn\u00fa\u0165.<\/li>\n<li><strong>Monitorovanie prietoku kvapaliny<\/strong>Pri vys\u00favan\u00ed valca venujte zv\u00fd\u0161en\u00fa pozornos\u0165 prietoku hydraulickej kvapaliny. H\u013eadajte, \u010di sa v kvapaline nenach\u00e1dzaj\u00fa vzduchov\u00e9 bubliny alebo pena. Nechajte kvapalinu tiec\u0165, k\u00fdm nespozorujete konzistentn\u00fd a plynul\u00fd tok bez vzduchov\u00fdch bubl\u00edn.<\/li>\n<li><strong>Utiahnite spojku<\/strong>Ke\u010f ste si ist\u00ed, \u017ee z valca bol odvzdu\u0161nen\u00fd v\u0161etok vzduch, opatrne dotiahnite spojku alebo spojku v najvy\u0161\u0161om bode. Uistite sa, \u017ee je dostato\u010dne zaisten\u00e1, aby sa zabr\u00e1nilo \u00faniku hydraulickej kvapaliny.<\/li>\n<li><strong>Opakujte proces<\/strong>Ak sa v hydraulickom syst\u00e9me nach\u00e1dza viacero valcov alebo in\u00fdch najvy\u0161\u0161\u00edch bodov, kde sa mohol nahromadi\u0165 vzduch, zopakujte kroky 4 a\u017e 7 pre ka\u017ed\u00fd valec alebo horn\u00fd koniec.<\/li>\n<li><strong>Skontrolujte spr\u00e1vnu prev\u00e1dzku<\/strong>Po odvzdu\u0161nen\u00ed valca otestujte jeho \u010dinnos\u0165, aby ste sa uistili, \u017ee funguje spr\u00e1vne. Aktivujte hydraulick\u00fd syst\u00e9m a pozorujte pohyb valca, \u010di sa nevyskytuj\u00fa nerovnosti alebo probl\u00e9my so vzduchom. Ak probl\u00e9my pretrv\u00e1vaj\u00fa, zv\u00e1\u017ete kontaktovanie odborn\u00edka na hydraulick\u00e9 syst\u00e9my, ktor\u00fd v\u00e1m poskytne \u010fal\u0161iu pomoc.<\/li>\n<\/ol>\n<h2><strong>Schopnos\u0165 a kapacita tov\u00e1rne:<\/strong><\/h2>\n<h3>(1) Mont\u00e1\u017e<\/h3>\n<p>Disponujeme prvotriednou nez\u00e1vislou v\u00fdskumnou a v\u00fdvojovou mont\u00e1\u017enou platformou. Diel\u0148a na v\u00fdrobu hydraulick\u00fdch valcov m\u00e1 \u0161tyri poloautomatick\u00e9 mont\u00e1\u017ene linky zdv\u00edhac\u00edch valcov a jednu automatick\u00fa mont\u00e1\u017enu linku nakl\u00e1pac\u00edch valcov s projektovanou ro\u010dnou v\u00fdrobnou kapacitou 1 mili\u00f3n kusov. Diel\u0148a na v\u00fdrobu \u0161peci\u00e1lnych valcov je vybaven\u00e1 r\u00f4znymi \u0161pecifik\u00e1ciami poloautomatick\u00e9ho syst\u00e9mu \u010distenia a mont\u00e1\u017ee s projektovanou ro\u010dnou v\u00fdrobnou kapacitou 200 000 kusov a je vybaven\u00e1 zn\u00e1mym CNC obr\u00e1bac\u00edm zariaden\u00edm, obr\u00e1bac\u00edm centrom, \u0161peci\u00e1lnym zariaden\u00edm na vysoko presn\u00e9 spracovanie valcov, robotick\u00fdm zv\u00e1rac\u00edm strojom, automatick\u00fdm \u010distiacim strojom, automatick\u00fdm mont\u00e1\u017enym strojom valcov a automatickou lakovacou v\u00fdrobnou linkou. Existuj\u00face kritick\u00e9 zariadenia maj\u00fa viac ako 300 s\u00faprav (s\u00e1d). Optim\u00e1lne alokovanie a efekt\u00edvne vyu\u017e\u00edvanie zdrojov zariaden\u00ed zabezpe\u010duje po\u017eiadavky na presnos\u0165 v\u00fdrobkov a sp\u013a\u0148a po\u017eiadavky na vysok\u00fa kvalitu v\u00fdrobkov.<\/p>\n<p><img loading=\"lazy\" decoding=\"async\" class=\"alignnone wp-image-626\" src=\"https:\/\/hydraulic-cylinders.net\/wp-content\/uploads\/2023\/08\/hydraulic-cylinder-product-1-300x158.webp\" alt=\"\" width=\"495\" height=\"260\" srcset=\"https:\/\/hydraulic-cylinders.net\/wp-content\/uploads\/2023\/08\/hydraulic-cylinder-product-1-300x158.webp 495w, https:\/\/hydraulic-cylinders.net\/wp-content\/uploads\/2023\/08\/hydraulic-cylinder-product-1-480x252.webp 480w\" sizes=\"(min-width: 0px) and (max-width: 480px) 480px, (min-width: 481px) 495px, 100vw\" \/> <img loading=\"lazy\" decoding=\"async\" class=\"alignnone wp-image-627\" src=\"https:\/\/hydraulic-cylinders.net\/wp-content\/uploads\/2023\/08\/hydraulic-cylinder-product-2-300x189.webp\" alt=\"\" width=\"413\" height=\"260\" \/><\/p>\n<h3>(2) Obr\u00e1banie<\/h3>\n<p>Obr\u00e1bacia diel\u0148a je vybaven\u00e1 prisp\u00f4soben\u00fdm s\u00fastru\u017en\u00edckym centrom na \u0161ikm\u00e9 ko\u013eajnice, obr\u00e1bac\u00edm centrom, vysokor\u00fdchlostn\u00fdm honovac\u00edm strojom, zv\u00e1rac\u00edm robotom a \u010fal\u0161\u00edm s\u00favisiacim zariaden\u00edm, ktor\u00e9 dok\u00e1\u017ee spracova\u0165 valcov\u00e9 r\u00fary s maxim\u00e1lnym vn\u00fatorn\u00fdm priemerom 400 mm a maxim\u00e1lnou d\u013a\u017ekou 6 metrov.<\/p>\n<p><img loading=\"lazy\" decoding=\"async\" class=\"alignnone wp-image-628 size-large\" src=\"https:\/\/hydraulic-cylinders.net\/wp-content\/uploads\/2023\/08\/hydraulic-cylinder-product-3-1024x391.webp\" alt=\"\" width=\"1024\" height=\"391\" srcset=\"https:\/\/hydraulic-cylinders.net\/wp-content\/uploads\/2023\/08\/hydraulic-cylinder-product-3-980x374.webp 980w, https:\/\/hydraulic-cylinders.net\/wp-content\/uploads\/2023\/08\/hydraulic-cylinder-product-3-480x183.webp 480w\" sizes=\"(min-width: 0px) and (max-width: 480px) 480px, (min-width: 481px) and (max-width: 980px) 980px, (min-width: 981px) 1024px, 100vw\" \/><\/p>\n<h3>(3) Zv\u00e1ranie<\/h3>\n<p><img loading=\"lazy\" decoding=\"async\" class=\"alignnone wp-image-629 size-large\" src=\"https:\/\/hydraulic-cylinders.net\/wp-content\/uploads\/2023\/08\/hydraulic-cylinder-product-4-1024x510.webp\" alt=\"\" width=\"1024\" height=\"510\" srcset=\"https:\/\/hydraulic-cylinders.net\/wp-content\/uploads\/2023\/08\/hydraulic-cylinder-product-4-980x488.webp 980w, https:\/\/hydraulic-cylinders.net\/wp-content\/uploads\/2023\/08\/hydraulic-cylinder-product-4-480x239.webp 480w\" sizes=\"(min-width: 0px) and (max-width: 480px) 480px, (min-width: 481px) and (max-width: 980px) 980px, (min-width: 981px) 1024px, 100vw\" \/><\/p>\n<h3>(4) Ma\u013eovanie a natieranie<\/h3>\n<p>S mal\u00fdmi a stredne ve\u013ek\u00fdmi valcov\u00fdmi automatick\u00fdmi linkami na nan\u00e1\u0161anie farieb na vodnej b\u00e1ze, na dosiahnutie automatick\u00e9ho nakladania a vykladania robotmi a automatick\u00e9ho striekania, je projektovan\u00e1 kapacita 4000 kusov za smenu;<br \/>\nM\u00e1me tie\u017e poloautomatick\u00fa linku na v\u00fdrobu farieb pre ve\u013ek\u00e9 valce poh\u00e1\u0148an\u00e9 re\u0165azou s projektovanou kapacitou 60 kusov za smenu.<\/p>\n<p><img loading=\"lazy\" decoding=\"async\" class=\"alignnone wp-image-630\" src=\"https:\/\/hydraulic-cylinders.net\/wp-content\/uploads\/2023\/08\/hydraulic-cylinder-product-5-300x213.webp\" alt=\"\" width=\"366\" height=\"260\" \/> <img loading=\"lazy\" decoding=\"async\" class=\"alignnone wp-image-631\" src=\"https:\/\/hydraulic-cylinders.net\/wp-content\/uploads\/2023\/08\/hydraulic-cylinder-product-6-300x225.webp\" alt=\"\" width=\"347\" height=\"260\" \/><\/p>\n<h3>(5) Testovanie<\/h3>\n<p>Disponujeme prvotriednymi kontroln\u00fdmi zariadeniami a sk\u00fa\u0161obn\u00fdmi zariadeniami, ktor\u00e9 zabezpe\u010duj\u00fa, \u017ee v\u00fdkonnos\u0165 valca sp\u013a\u0148a po\u017eiadavky.<\/p>\n<p><img loading=\"lazy\" decoding=\"async\" class=\"alignnone wp-image-632\" src=\"https:\/\/hydraulic-cylinders.net\/wp-content\/uploads\/2023\/08\/hydraulic-cylinder-product-8-300x200.webp\" alt=\"\" width=\"389\" height=\"260\" \/><\/p>\n<p>&nbsp;<\/p>\n<p>&nbsp;<\/p>\n<p>Sme jedn\u00fdm z najlep\u0161\u00edch v\u00fdrobcov hydraulick\u00fdch valcov s \u013eahk\u00fdmi ty\u010dami. Pon\u00fakame \u0161irok\u00fd sortiment hydraulick\u00fdch valcov s \u013eahk\u00fdmi ty\u010dami. Poskytujeme aj zodpovedaj\u00face... <a href=\"https:\/\/hzpt.com\/agricultural-pto-gearbox\/\" target=\"_blank\" rel=\"noopener\">po\u013enohospod\u00e1rske prevodovky<\/a>. Na\u0161e v\u00fdrobky sme vyviezli z\u00e1kazn\u00edkom do cel\u00e9ho sveta a z\u00edskali sme si dobr\u00fa poves\u0165 v\u010faka vynikaj\u00facej kvalite na\u0161ich v\u00fdrobkov a popredajn\u00e9mu servisu. Srde\u010dne v\u00edtame z\u00e1kazn\u00edkov doma aj v zahrani\u010d\u00ed, aby n\u00e1s kontaktovali a dohodli sa na obchodn\u00fdch rokovaniach, vymenili si inform\u00e1cie.\u00a0<a href=\"https:\/\/www.hydraulic-cylinders.net\/sk\/contact-us\/\">spolupracova\u0165 s nami<\/a>!<\/p>\n<p>&nbsp;<\/p>\n<h2><\/h2>","protected":false},"excerpt":{"rendered":"<p>CA Monoaural Type Y Connector Light Rod Hydraulic Cylinder The CA monoaural type light rod hydraulic cylinder is a specific type with a monoaural design and a light rod construction. Here&#8217;s some information about this type of cylinder: Monophonic Design: The monophonic design means the hydraulic cylinder protrudes a single rod from one end. This [&hellip;]<\/p>","protected":false},"featured_media":883,"comment_status":"open","ping_status":"closed","template":"","meta":{"_et_pb_use_builder":"","_et_pb_old_content":"","_et_gb_content_width":""},"product_brand":[],"product_cat":[1550,1525,1509,1376,1387],"product_tag":[1380],"class_list":{"0":"post-831","1":"product","2":"type-product","3":"status-publish","4":"has-post-thumbnail","6":"product_cat-double-acting-hydraulic-cylinder","7":"product_cat-machine-tool-hydraulic-cylinders","8":"product_cat-tie-rod-hydraulic-cylinder","9":"product_cat-hydraulic-cylinder","10":"product_cat-light-rod-hydraulic-cylinder","11":"product_tag-hydraulic-cylinder","13":"first","14":"instock","15":"shipping-taxable","16":"product-type-simple"},"amp_enabled":true,"_links":{"self":[{"href":"https:\/\/www.hydraulic-cylinders.net\/sk\/wp-json\/wp\/v2\/product\/831","targetHints":{"allow":["GET"]}}],"collection":[{"href":"https:\/\/www.hydraulic-cylinders.net\/sk\/wp-json\/wp\/v2\/product"}],"about":[{"href":"https:\/\/www.hydraulic-cylinders.net\/sk\/wp-json\/wp\/v2\/types\/product"}],"replies":[{"embeddable":true,"href":"https:\/\/www.hydraulic-cylinders.net\/sk\/wp-json\/wp\/v2\/comments?post=831"}],"wp:featuredmedia":[{"embeddable":true,"href":"https:\/\/www.hydraulic-cylinders.net\/sk\/wp-json\/wp\/v2\/media\/883"}],"wp:attachment":[{"href":"https:\/\/www.hydraulic-cylinders.net\/sk\/wp-json\/wp\/v2\/media?parent=831"}],"wp:term":[{"taxonomy":"product_brand","embeddable":true,"href":"https:\/\/www.hydraulic-cylinders.net\/sk\/wp-json\/wp\/v2\/product_brand?post=831"},{"taxonomy":"product_cat","embeddable":true,"href":"https:\/\/www.hydraulic-cylinders.net\/sk\/wp-json\/wp\/v2\/product_cat?post=831"},{"taxonomy":"product_tag","embeddable":true,"href":"https:\/\/www.hydraulic-cylinders.net\/sk\/wp-json\/wp\/v2\/product_tag?post=831"}],"curies":[{"name":"pracovn\u00fd list","href":"https:\/\/api.w.org\/{rel}","templated":true}]}}