{"id":892,"date":"2023-09-01T06:29:07","date_gmt":"2023-09-01T06:29:07","guid":{"rendered":"https:\/\/hydraulic-cylinders.net\/?post_type=product&#038;p=892"},"modified":"2023-09-19T01:32:35","modified_gmt":"2023-09-19T01:32:35","slug":"standard-heavy-rod-hydraulic-cylinder","status":"publish","type":"product","link":"https:\/\/www.hydraulic-cylinders.net\/sk\/produkt\/standard-heavy-rod-hydraulic-cylinder\/","title":{"rendered":"\u0160tandardn\u00fd hydraulick\u00fd valec s \u0165a\u017ekou ty\u010dou"},"content":{"rendered":"<h1 style=\"text-align: center;\"><strong>\u0160tandardn\u00fd hydraulick\u00fd valec s \u0165a\u017ekou ty\u010dou<\/strong><\/h1>\n<p>\u0160tandardn\u00fd hydraulick\u00fd valec s \u0165a\u017ekou ty\u010dou je robustn\u00fd a spo\u013eahliv\u00fd hydraulick\u00fd prvok, ktor\u00fd poskytuje vynikaj\u00faci v\u00fdkon a odolnos\u0165 v r\u00f4znych priemyseln\u00fdch aplik\u00e1ci\u00e1ch. Tento hydraulick\u00fd valec je presne navrhnut\u00fd tak, aby odolal n\u00e1ro\u010dn\u00fdm podmienkam, a je d\u00f4veryhodn\u00fdm rie\u0161en\u00edm pre n\u00e1ro\u010dn\u00e9 \u00falohy. Od stavebn\u00fdch zariaden\u00ed a\u017e po manipula\u010dn\u00e9 stroje, \u0161tandardn\u00e9 hydraulick\u00e9 valce s \u0165a\u017ekou ty\u010dou s\u00fa \u0165a\u017en\u00fdm ko\u0148om na zabezpe\u010denie optim\u00e1lneho v\u00fdkonu a produktivity.<\/p>\n<p>K\u013e\u00fa\u010dov\u00e9 vlastnosti hydraulick\u00e9ho valca s \u0165a\u017ekou ty\u010dou:<\/p>\n<p><strong>1. Robustn\u00e1 kon\u0161trukcia<\/strong>\u0160tandardn\u00e9 hydraulick\u00e9 valce s \u0165a\u017ekou ty\u010dou sa vyzna\u010duj\u00fa robustnou kon\u0161trukciou a vysoko kvalitn\u00fdmi materi\u00e1lmi, ako je oce\u013e alebo zliatiny, aby odolali vysok\u00e9mu za\u0165a\u017eeniu a n\u00e1ro\u010dn\u00fdm prev\u00e1dzkov\u00fdm podmienkam. Ich robustn\u00e1 kon\u0161trukcia zais\u0165uje dlhotrvaj\u00facu \u017eivotnos\u0165 a odolnos\u0165 vo\u010di opotrebovaniu.<\/p>\n<p><strong>2. V\u00fdkonn\u00fd v\u00fdkon<\/strong>Tento hydraulick\u00fd valec s \u0165a\u017ekou ty\u010dou pon\u00faka p\u00f4sobiv\u00fa silu a v\u00fdkon v\u010faka ve\u013ek\u00e9mu priemeru piestu a schopnosti zn\u00e1\u0161a\u0165 vysok\u00fd tlak. Jeho schopnos\u0165 zdv\u00edha\u0165, tla\u010di\u0165 alebo \u0165aha\u0165 \u0165a\u017ek\u00e9 predmety ho rob\u00ed ide\u00e1lnym pre n\u00e1ro\u010dn\u00e9 priemyseln\u00e9 aplik\u00e1cie.<\/p>\n<p><strong>3. V\u0161estrann\u00e9 aplik\u00e1cie<\/strong>\u0160tandardn\u00e9 hydraulick\u00e9 valce s \u0165a\u017ekou ty\u010dou s\u00fa vhodn\u00e9 pre r\u00f4zne odvetvia vr\u00e1tane stavebn\u00edctva, ban\u00edctva, po\u013enohospod\u00e1rstva a v\u00fdroby. V\u010faka svojej v\u0161estrannosti s\u00fa integrovan\u00e9 do viacer\u00fdch zariaden\u00ed a syst\u00e9mov a poskytuj\u00fa spo\u013eahliv\u00fd v\u00fdkon v r\u00f4znych aplik\u00e1ci\u00e1ch.<\/p>\n<p><img loading=\"lazy\" decoding=\"async\" class=\"size-full wp-image-893 aligncenter\" src=\"https:\/\/hydraulic-cylinders.net\/wp-content\/uploads\/2023\/09\/standard-heavy-rod-hydraulic-cylinder-2.webp\" alt=\"\" width=\"276\" height=\"276\" srcset=\"https:\/\/www.hydraulic-cylinders.net\/wp-content\/uploads\/2023\/09\/standard-heavy-rod-hydraulic-cylinder-2.webp 276w, https:\/\/www.hydraulic-cylinders.net\/wp-content\/uploads\/2023\/09\/standard-heavy-rod-hydraulic-cylinder-2-100x100.webp 100w, https:\/\/www.hydraulic-cylinders.net\/wp-content\/uploads\/2023\/09\/standard-heavy-rod-hydraulic-cylinder-2-150x150.webp 150w, https:\/\/www.hydraulic-cylinders.net\/wp-content\/uploads\/2023\/09\/standard-heavy-rod-hydraulic-cylinder-2-12x12.webp 12w\" sizes=\"(max-width: 276px) 100vw, 276px\" \/><\/p>\n<h2><strong>\u0160tandardn\u00fd parameter hydraulick\u00e9ho valca s \u0165a\u017ekou ty\u010dou:<\/strong><\/h2>\n<p><img loading=\"lazy\" decoding=\"async\" class=\"alignnone wp-image-894 size-full\" src=\"https:\/\/hydraulic-cylinders.net\/wp-content\/uploads\/2023\/09\/standard-heavy-rod-hydraulic-cylinder-1.webp\" alt=\"\" width=\"790\" height=\"377\" srcset=\"https:\/\/hydraulic-cylinders.net\/wp-content\/uploads\/2023\/09\/standard-heavy-rod-hydraulic-cylinder-1.webp 790w, https:\/\/hydraulic-cylinders.net\/wp-content\/uploads\/2023\/09\/standard-heavy-rod-hydraulic-cylinder-1-480x229.webp 480w\" sizes=\"(min-width: 0px) and (max-width: 480px) 480px, (min-width: 481px) 790px, 100vw\" \/><\/p>\n<h2><strong>\u0160tandardn\u00fd hydraulick\u00fd valec s \u0165a\u017ekou ty\u010dou <\/strong><strong>Met\u00f3da pou\u017eitia<\/strong><strong>:<\/strong><\/h2>\n<p><strong>Mont\u00e1\u017e a pripojenie<\/strong>\u0160tandardn\u00fd hydraulick\u00fd valec s \u0165a\u017ekou ty\u010dou bezpe\u010dne nain\u0161talujte na svoje miesto pomocou vhodn\u00fdch konzol alebo upev\u0148ovac\u00edch prvkov. Po\u010das in\u0161tal\u00e1cie zabezpe\u010dte spr\u00e1vne zarovnanie a stabilitu. Pri prip\u00e1jan\u00ed hydraulick\u00fdch potrub\u00ed k otvorom valca dodr\u017eiavajte pokyny a pokyny v\u00fdrobcu.<\/p>\n<p><strong>Integr\u00e1cia hydraulick\u00e9ho syst\u00e9mu<\/strong>Valec sa integruje do hydraulick\u00e9ho syst\u00e9mu pripojen\u00edm k vhodn\u00e9mu hydraulick\u00e9mu \u010derpadlu alebo pohonnej jednotke. Uistite sa, \u017ee s\u00fa splnen\u00e9 \u0161pecifik\u00e1cie valca a prev\u00e1dzkov\u00e9 po\u017eiadavky.<\/p>\n<p><strong>Ovl\u00e1danie a prev\u00e1dzka<\/strong>: Pomocou regula\u010dn\u00e9ho ventilu nastavte prietok hydraulick\u00e9ho oleja do a z valca. Upravte nastavenia ovl\u00e1dania pod\u013ea po\u017eadovan\u00e9ho line\u00e1rneho pohybu a v\u00fdstupnej sily. Otestujte pohyb valca, aby ste overili jeho funkciu a citlivos\u0165.<\/p>\n<h2><strong>\u0160tandardn\u00fd hydraulick\u00fd valec s \u0165a\u017ekou ty\u010dou <\/strong><strong>\u00dadr\u017eba<\/strong><strong>:<\/strong><\/h2>\n<p>Pravideln\u00e1 \u00fadr\u017eba je nevyhnutn\u00e1 pre maximaliz\u00e1ciu \u017eivotnosti a v\u00fdkonu \u0161tandardn\u00e9ho hydraulick\u00e9ho valca s \u0165a\u017ekou ty\u010dou. Tu je nieko\u013eko pokynov na \u00fadr\u017ebu:<\/p>\n<p><strong>Pravideln\u00e1 kontrola<\/strong>Vykon\u00e1vajte be\u017en\u00e9 kontroly na zistenie zn\u00e1mok opotrebovania, po\u0161kodenia alebo netesnost\u00ed. Skontrolujte abnormality na blokoch valcov, piestnych ty\u010diach, tesneniach a in\u00fdch komponentoch. Ak\u00e9ko\u013evek probl\u00e9my okam\u017eite vyrie\u0161te, aby ste predi\u0161li \u010fal\u0161\u00edm zraneniam alebo prev\u00e1dzkovej neefekt\u00edvnosti.<\/p>\n<p><strong>Mazanie<\/strong>Naneste odpor\u00fa\u010dan\u00e9 mazivo na pohybliv\u00e9 \u010dasti valca vr\u00e1tane spojovac\u00edch ty\u010d\u00ed a tesnen\u00ed. Pravideln\u00e9 mazanie minimalizuje trenie, zni\u017euje opotrebenie a zais\u0165uje plynul\u00fd chod. Dodr\u017eiavajte pokyny v\u00fdrobcu t\u00fdkaj\u00face sa intervalov mazania a vhodn\u00fdch typov maz\u00edv.<\/p>\n<p><strong>V\u00fdmena tesnenia<\/strong>Ak sa zist\u00ed, \u017ee tesnenia s\u00fa opotrebovan\u00e9 alebo netesn\u00e9, vyme\u0148te ich za origin\u00e1lne diely schv\u00e1len\u00e9 v\u00fdrobcom. Po\u0161koden\u00e9 alebo opotrebovan\u00e9 tesnenia m\u00f4\u017eu zn\u00ed\u017ei\u0165 v\u00fdkon valca a vies\u0165 k \u00faniku hydraulick\u00e9ho oleja.<\/p>\n<p><strong>\u010cistenie<\/strong>Vy\u010distite valce odstr\u00e1nen\u00edm ne\u010dist\u00f4t, \u00falomkov a in\u00fdch kontaminantov. Pred op\u00e4tovnou mont\u00e1\u017eou pou\u017eite neabraz\u00edvny \u010distiaci prostriedok a uistite sa, \u017ee v\u0161etky diely s\u00fa such\u00e9. Pravideln\u00e9 \u010distenie podporuje optim\u00e1lny v\u00fdkon a zabra\u0148uje pred\u010dasn\u00e9mu opotrebovaniu alebo po\u0161kodeniu.<\/p>\n<h2><strong>Ako skontrolova\u0165, \u010di hydraulick\u00fd valec vn\u00fatorne netesn\u00ed\uff1f<\/strong><\/h2>\n<p>Ak chcete skontrolova\u0165, \u010di hydraulick\u00fd valec netesn\u00ed zvn\u00fatra, m\u00f4\u017eete vykona\u0165 nasleduj\u00face kroky:<\/p>\n<ol>\n<li><strong>Vizu\u00e1lna kontrola:<\/strong> Za\u010dnite vizu\u00e1lnou kontrolou vonkaj\u0161ej strany hydraulick\u00e9ho valca. H\u013eadajte olej alebo hydraulick\u00fa kvapalinu okolo telesa valca, ty\u010de alebo tesnen\u00ed. Vonkaj\u0161ie netesnosti m\u00f4\u017eu nazna\u010dova\u0165 aj vn\u00fatorn\u00e9 netesnosti.<\/li>\n<li><strong>Prev\u00e1dzka valca:<\/strong> Hydraulick\u00fd valec pou\u017e\u00edvajte v plnom rozsahu jeho pohybu. Venujte pozornos\u0165 ak\u00fdmko\u013evek nezvy\u010dajn\u00fdm zvukom, vibr\u00e1ci\u00e1m alebo trhav\u00fdm pohybom, ktor\u00e9 m\u00f4\u017eu nazna\u010dova\u0165 vn\u00fatorn\u00fd \u00fanik. Ak valec funguje hladko a bez ak\u00e9hoko\u013evek nezvy\u010dajn\u00e9ho spr\u00e1vania, nemus\u00ed to nevyhnutne vyl\u00fa\u010di\u0165 vn\u00fatorn\u00fd \u00fanik, ale nazna\u010duje to, \u017ee probl\u00e9m m\u00f4\u017ee by\u0165 menej z\u00e1va\u017en\u00fd.<\/li>\n<li><strong>Sk\u00fa\u0161ka vonkaj\u0161ej tesnosti:<\/strong> Valec utrite do\u010dista a po ur\u010ditom \u010dase ne\u010dinnosti ho vizu\u00e1lne skontrolujte, \u010di v \u0148om nie je \u010derstv\u00fd olej alebo hydraulick\u00e1 kvapalina. Ak si na vonkaj\u0161ej strane valca v\u0161imnete nov\u00fd olej alebo kvapalinu, m\u00f4\u017ee to znamena\u0165 vn\u00fatorn\u00fd \u00fanik.<\/li>\n<li><strong>Sk\u00fa\u0161ka poklesu tlaku:<\/strong> Vykonajte sk\u00fa\u0161ku poklesu tlaku, aby ste skontrolovali vn\u00fatorn\u00fa netesnos\u0165. Postupujte pod\u013ea t\u00fdchto krokov: a. Uistite sa, \u017ee hydraulick\u00fd syst\u00e9m je bez tlaku a valec je v bezpe\u010dnej polohe. b. Odpojte hydraulick\u00e9 potrubia od valca a starostlivo uzavrite alebo zaslepte otvory, aby ste zabr\u00e1nili \u00faniku kvapaliny. c. Na pr\u00edslu\u0161n\u00fd otvor valca aplikujte tlak pomocou ru\u010dn\u00e9ho \u010derpadla alebo in\u00e9ho hydraulick\u00e9ho zdroja energie.\n<p>d. Sledujte tlakomer. Ak tlak v\u00fdrazne klesne po\u010das kr\u00e1tkeho obdobia, nazna\u010duje to vn\u00fatorn\u00fd \u00fanik vo valci.<\/p>\n<p>e. V pr\u00edpade potreby zopakujte sk\u00fa\u0161ku na oboch stran\u00e1ch dvoj\u010dinn\u00e9ho valca.<\/li>\n<li><strong>Sk\u00fa\u0161ka pred\u013a\u017eenia ty\u010de:<\/strong> \u010ciasto\u010dne alebo \u00faplne vysu\u0148te ojnicu valca a potom skontrolujte odkryt\u00fa \u010das\u0165 ojnice, \u010di neobsahuje zn\u00e1mky hydraulickej kvapaliny. Ak na ojnici spozorujete olej alebo \u0161\u0165avu, m\u00f4\u017ee to znamena\u0165 vn\u00fatorn\u00fd \u00fanik cez tesnenia ojnice.<\/li>\n<li><strong>Demont\u00e1\u017e valca:<\/strong> Ak m\u00e1te podozrenie na vn\u00fatorn\u00fd \u00fanik, ale neidentifikovali ste ho pomocou predch\u00e1dzaj\u00facich krokov, mo\u017eno budete musie\u0165 valec rozobra\u0165 a vykona\u0165 podrobn\u00fa kontrolu. Rozobratie valca v\u00e1m umo\u017en\u00ed skontrolova\u0165 piest, tesnenia a \u010fal\u0161ie vn\u00fatorn\u00e9 komponenty, \u010di nejavia zn\u00e1mky opotrebovania, po\u0161kodenia alebo kontamin\u00e1cie.<\/li>\n<\/ol>\n<h2><strong>Schopnos\u0165 a kapacita tov\u00e1rne:<\/strong><\/h2>\n<h3>(1) Mont\u00e1\u017e<\/h3>\n<p>Disponujeme prvotriednou nez\u00e1vislou v\u00fdskumnou a v\u00fdvojovou mont\u00e1\u017enou platformou. Diel\u0148a na v\u00fdrobu hydraulick\u00fdch valcov m\u00e1 \u0161tyri poloautomatick\u00e9 mont\u00e1\u017ene linky zdv\u00edhac\u00edch valcov a jednu automatick\u00fa mont\u00e1\u017enu linku nakl\u00e1pac\u00edch valcov s projektovanou ro\u010dnou v\u00fdrobnou kapacitou 1 mili\u00f3n kusov. Diel\u0148a na v\u00fdrobu \u0161peci\u00e1lnych valcov je vybaven\u00e1 r\u00f4znymi \u0161pecifik\u00e1ciami poloautomatick\u00e9ho syst\u00e9mu \u010distenia a mont\u00e1\u017ee s projektovanou ro\u010dnou v\u00fdrobnou kapacitou 200 000 kusov a je vybaven\u00e1 zn\u00e1mym CNC obr\u00e1bac\u00edm zariaden\u00edm, obr\u00e1bac\u00edm centrom, \u0161peci\u00e1lnym zariaden\u00edm na vysoko presn\u00e9 spracovanie valcov, robotick\u00fdm zv\u00e1rac\u00edm strojom, automatick\u00fdm \u010distiacim strojom, automatick\u00fdm mont\u00e1\u017enym strojom valcov a automatickou lakovacou v\u00fdrobnou linkou. Existuj\u00face kritick\u00e9 zariadenia maj\u00fa viac ako 300 s\u00faprav (s\u00e1d). Optim\u00e1lne alokovanie a efekt\u00edvne vyu\u017e\u00edvanie zdrojov zariaden\u00ed zabezpe\u010duje po\u017eiadavky na presnos\u0165 v\u00fdrobkov a sp\u013a\u0148a po\u017eiadavky na vysok\u00fa kvalitu v\u00fdrobkov.<\/p>\n<p><img loading=\"lazy\" decoding=\"async\" class=\"alignnone wp-image-626\" src=\"https:\/\/hydraulic-cylinders.net\/wp-content\/uploads\/2023\/08\/hydraulic-cylinder-product-1-300x158.webp\" alt=\"\" width=\"495\" height=\"260\" srcset=\"https:\/\/hydraulic-cylinders.net\/wp-content\/uploads\/2023\/08\/hydraulic-cylinder-product-1-300x158.webp 495w, https:\/\/hydraulic-cylinders.net\/wp-content\/uploads\/2023\/08\/hydraulic-cylinder-product-1-480x252.webp 480w\" sizes=\"(min-width: 0px) and (max-width: 480px) 480px, (min-width: 481px) 495px, 100vw\" \/> <img loading=\"lazy\" decoding=\"async\" class=\"alignnone wp-image-627\" src=\"https:\/\/hydraulic-cylinders.net\/wp-content\/uploads\/2023\/08\/hydraulic-cylinder-product-2-300x189.webp\" alt=\"\" width=\"413\" height=\"260\" \/><\/p>\n<h3>(2) Obr\u00e1banie<\/h3>\n<p>Obr\u00e1bacia diel\u0148a je vybaven\u00e1 prisp\u00f4soben\u00fdm s\u00fastru\u017en\u00edckym centrom na \u0161ikm\u00e9 ko\u013eajnice, obr\u00e1bac\u00edm centrom, vysokor\u00fdchlostn\u00fdm honovac\u00edm strojom, zv\u00e1rac\u00edm robotom a \u010fal\u0161\u00edm s\u00favisiacim zariaden\u00edm, ktor\u00e9 dok\u00e1\u017ee spracova\u0165 valcov\u00e9 r\u00fary s maxim\u00e1lnym vn\u00fatorn\u00fdm priemerom 400 mm a maxim\u00e1lnou d\u013a\u017ekou 6 metrov.<\/p>\n<p><img loading=\"lazy\" decoding=\"async\" class=\"alignnone wp-image-628 size-large\" src=\"https:\/\/hydraulic-cylinders.net\/wp-content\/uploads\/2023\/08\/hydraulic-cylinder-product-3-1024x391.webp\" alt=\"\" width=\"1024\" height=\"391\" srcset=\"https:\/\/hydraulic-cylinders.net\/wp-content\/uploads\/2023\/08\/hydraulic-cylinder-product-3-980x374.webp 980w, https:\/\/hydraulic-cylinders.net\/wp-content\/uploads\/2023\/08\/hydraulic-cylinder-product-3-480x183.webp 480w\" sizes=\"(min-width: 0px) and (max-width: 480px) 480px, (min-width: 481px) and (max-width: 980px) 980px, (min-width: 981px) 1024px, 100vw\" \/><\/p>\n<h3>(3) Zv\u00e1ranie<\/h3>\n<p><img loading=\"lazy\" decoding=\"async\" class=\"alignnone wp-image-629 size-large\" src=\"https:\/\/hydraulic-cylinders.net\/wp-content\/uploads\/2023\/08\/hydraulic-cylinder-product-4-1024x510.webp\" alt=\"\" width=\"1024\" height=\"510\" srcset=\"https:\/\/hydraulic-cylinders.net\/wp-content\/uploads\/2023\/08\/hydraulic-cylinder-product-4-980x488.webp 980w, https:\/\/hydraulic-cylinders.net\/wp-content\/uploads\/2023\/08\/hydraulic-cylinder-product-4-480x239.webp 480w\" sizes=\"(min-width: 0px) and (max-width: 480px) 480px, (min-width: 481px) and (max-width: 980px) 980px, (min-width: 981px) 1024px, 100vw\" \/><\/p>\n<h3>(4) Ma\u013eovanie a natieranie<\/h3>\n<p>S mal\u00fdmi a stredne ve\u013ek\u00fdmi valcov\u00fdmi automatick\u00fdmi linkami na nan\u00e1\u0161anie farieb na vodnej b\u00e1ze, na dosiahnutie automatick\u00e9ho nakladania a vykladania robotmi a automatick\u00e9ho striekania, je projektovan\u00e1 kapacita 4000 kusov za smenu;<br \/>\nM\u00e1me tie\u017e poloautomatick\u00fa linku na v\u00fdrobu farieb pre ve\u013ek\u00e9 valce poh\u00e1\u0148an\u00e9 re\u0165azou s projektovanou kapacitou 60 kusov za smenu.<\/p>\n<p><img loading=\"lazy\" decoding=\"async\" class=\"alignnone wp-image-630\" src=\"https:\/\/hydraulic-cylinders.net\/wp-content\/uploads\/2023\/08\/hydraulic-cylinder-product-5-300x213.webp\" alt=\"\" width=\"366\" height=\"260\" \/> <img loading=\"lazy\" decoding=\"async\" class=\"alignnone wp-image-631\" src=\"https:\/\/hydraulic-cylinders.net\/wp-content\/uploads\/2023\/08\/hydraulic-cylinder-product-6-300x225.webp\" alt=\"\" width=\"347\" height=\"260\" \/><\/p>\n<h3>(5) Testovanie<\/h3>\n<p>Disponujeme prvotriednymi kontroln\u00fdmi zariadeniami a sk\u00fa\u0161obn\u00fdmi zariadeniami, ktor\u00e9 zabezpe\u010duj\u00fa, \u017ee v\u00fdkonnos\u0165 valca sp\u013a\u0148a po\u017eiadavky.<\/p>\n<p><img loading=\"lazy\" decoding=\"async\" class=\"alignnone wp-image-632\" src=\"https:\/\/hydraulic-cylinders.net\/wp-content\/uploads\/2023\/08\/hydraulic-cylinder-product-8-300x200.webp\" alt=\"\" width=\"389\" height=\"260\" \/><\/p>\n<p>&nbsp;<\/p>\n<p>&nbsp;<\/p>\n<p>Sme jedn\u00fdm z najlep\u0161\u00edch v\u00fdrobcov hydraulick\u00fdch valcov s \u0165a\u017ek\u00fdmi ty\u010dami. Pon\u00fakame \u0161irok\u00fd sortiment hydraulick\u00fdch valcov s \u0165a\u017ek\u00fdmi ty\u010dami. Poskytujeme aj zodpovedaj\u00face <a href=\"https:\/\/hzpt.com\/agricultural-pto-gearbox\/\" target=\"_blank\" rel=\"noopener\">po\u013enohospod\u00e1rske prevodovky<\/a>. Na\u0161e v\u00fdrobky sme vyviezli z\u00e1kazn\u00edkom do cel\u00e9ho sveta a z\u00edskali sme si dobr\u00fa poves\u0165 v\u010faka vynikaj\u00facej kvalite na\u0161ich v\u00fdrobkov a popredajn\u00e9mu servisu. Srde\u010dne v\u00edtame z\u00e1kazn\u00edkov doma aj v zahrani\u010d\u00ed, aby n\u00e1s kontaktovali a dohodli sa na obchodn\u00fdch rokovaniach, vymenili si inform\u00e1cie.\u00a0<a href=\"https:\/\/www.hydraulic-cylinders.net\/sk\/contact-us\/\">spolupracova\u0165 s nami<\/a>!<\/p>\n<p>&nbsp;<\/p>\n<h2><\/h2>","protected":false},"excerpt":{"rendered":"<p>Standard Heavy Rod Hydraulic Cylinder The standard heavy rod hydraulic cylinder is a robust and reliable hydraulic element that provides superior power and durability in various industrial applications. Precisely designed to withstand harsh conditions, this hydraulic cylinder is a trusted solution for heavy-duty tasks. From construction equipment to material handling machinery, standard heavy rod hydraulic [&hellip;]<\/p>","protected":false},"featured_media":895,"comment_status":"open","ping_status":"closed","template":"","meta":{"_et_pb_use_builder":"","_et_pb_old_content":"","_et_gb_content_width":""},"product_brand":[],"product_cat":[1376,1385],"product_tag":[1380],"class_list":{"0":"post-892","1":"product","2":"type-product","3":"status-publish","4":"has-post-thumbnail","6":"product_cat-hydraulic-cylinder","7":"product_cat-heavy-rod-hydraulic-cylinder","8":"product_tag-hydraulic-cylinder","10":"first","11":"instock","12":"shipping-taxable","13":"product-type-simple"},"amp_enabled":true,"_links":{"self":[{"href":"https:\/\/www.hydraulic-cylinders.net\/sk\/wp-json\/wp\/v2\/product\/892","targetHints":{"allow":["GET"]}}],"collection":[{"href":"https:\/\/www.hydraulic-cylinders.net\/sk\/wp-json\/wp\/v2\/product"}],"about":[{"href":"https:\/\/www.hydraulic-cylinders.net\/sk\/wp-json\/wp\/v2\/types\/product"}],"replies":[{"embeddable":true,"href":"https:\/\/www.hydraulic-cylinders.net\/sk\/wp-json\/wp\/v2\/comments?post=892"}],"wp:featuredmedia":[{"embeddable":true,"href":"https:\/\/www.hydraulic-cylinders.net\/sk\/wp-json\/wp\/v2\/media\/895"}],"wp:attachment":[{"href":"https:\/\/www.hydraulic-cylinders.net\/sk\/wp-json\/wp\/v2\/media?parent=892"}],"wp:term":[{"taxonomy":"product_brand","embeddable":true,"href":"https:\/\/www.hydraulic-cylinders.net\/sk\/wp-json\/wp\/v2\/product_brand?post=892"},{"taxonomy":"product_cat","embeddable":true,"href":"https:\/\/www.hydraulic-cylinders.net\/sk\/wp-json\/wp\/v2\/product_cat?post=892"},{"taxonomy":"product_tag","embeddable":true,"href":"https:\/\/www.hydraulic-cylinders.net\/sk\/wp-json\/wp\/v2\/product_tag?post=892"}],"curies":[{"name":"pracovn\u00fd list","href":"https:\/\/api.w.org\/{rel}","templated":true}]}}