{"id":988,"date":"2023-09-06T07:32:37","date_gmt":"2023-09-06T07:32:37","guid":{"rendered":"https:\/\/hydraulic-cylinders.net\/?post_type=product&#038;p=988"},"modified":"2023-09-19T01:39:34","modified_gmt":"2023-09-19T01:39:34","slug":"rear-cover-rectangular-flange-four-rod-hydraulic-cylinder","status":"publish","type":"product","link":"https:\/\/www.hydraulic-cylinders.net\/sk\/produkt\/rear-cover-rectangular-flange-four-rod-hydraulic-cylinder\/","title":{"rendered":"Zadn\u00fd kryt Obd\u013a\u017enikov\u00e1 pr\u00edruba Hydraulick\u00fd valec so \u0161tyrmi ty\u010dami"},"content":{"rendered":"<h1 style=\"text-align: center;\"><strong>Zadn\u00fd kryt Obd\u013a\u017enikov\u00e1 pr\u00edruba Hydraulick\u00fd valec so \u0161tyrmi ty\u010dami<\/strong><\/h1>\n<p><img loading=\"lazy\" decoding=\"async\" class=\"size-full wp-image-989 aligncenter\" src=\"https:\/\/hydraulic-cylinders.net\/wp-content\/uploads\/2023\/09\/rear-cover-rectangular-flange-four-rod-hydraulic-cylinder-1.webp\" alt=\"\" width=\"229\" height=\"229\" srcset=\"https:\/\/www.hydraulic-cylinders.net\/wp-content\/uploads\/2023\/09\/rear-cover-rectangular-flange-four-rod-hydraulic-cylinder-1.webp 229w, https:\/\/www.hydraulic-cylinders.net\/wp-content\/uploads\/2023\/09\/rear-cover-rectangular-flange-four-rod-hydraulic-cylinder-1-100x100.webp 100w, https:\/\/www.hydraulic-cylinders.net\/wp-content\/uploads\/2023\/09\/rear-cover-rectangular-flange-four-rod-hydraulic-cylinder-1-150x150.webp 150w, https:\/\/www.hydraulic-cylinders.net\/wp-content\/uploads\/2023\/09\/rear-cover-rectangular-flange-four-rod-hydraulic-cylinder-1-12x12.webp 12w\" sizes=\"(max-width: 229px) 100vw, 229px\" \/><\/p>\n<p>\u0160tvorty\u010dov\u00fd hydraulick\u00fd valec s obd\u013a\u017enikovou pr\u00edrubou a zadn\u00fdm krytom je v\u0161estrann\u00fd a robustn\u00fd \u0161tvorty\u010dov\u00fd hydraulick\u00fd valec navrhnut\u00fd tak, aby poskytoval spo\u013eahliv\u00fd a efekt\u00edvny line\u00e1rny pohyb v r\u00f4znych priemyseln\u00fdch aplik\u00e1ci\u00e1ch. V\u010faka svojmu jedine\u010dn\u00e9mu dizajnu a v\u00fdnimo\u010dn\u00e9mu v\u00fdkonu pon\u00faka tento \u0161tvorty\u010dov\u00fd hydraulick\u00fd valec vynikaj\u00faci v\u00fdkon a presnos\u0165, v\u010faka \u010domu je ide\u00e1lnou vo\u013ebou pre n\u00e1ro\u010dn\u00e9 hydraulick\u00e9 syst\u00e9my.<\/p>\n<p>Z\u00e1kladn\u00e9 vlastnosti \u0161tvorty\u010dov\u00e9ho hydraulick\u00e9ho valca:<\/p>\n<p><strong>Vysokopevnostn\u00e1 kon\u0161trukcia:<\/strong><\/p>\n<ol>\n<li style=\"list-style-type: none;\">\n<ul>\n<li>\u0160tvorty\u010dov\u00fd hydraulick\u00fd valec m\u00e1 robustn\u00fa kon\u0161trukciu a je vyroben\u00fd z vysoko kvalitn\u00fdch materi\u00e1lov, ktor\u00e9 zabezpe\u010duj\u00fa odoln\u00fd a dlhotrvaj\u00faci v\u00fdkon.<\/li>\n<li>Znesie \u0165a\u017ek\u00e9 za\u0165a\u017eenie a drsn\u00e9 prev\u00e1dzkov\u00e9 podmienky a je vhodn\u00fd pre n\u00e1ro\u010dn\u00e9 priemyseln\u00e9 aplik\u00e1cie.<\/li>\n<\/ul>\n<\/li>\n<\/ol>\n<p><strong>Dizajn obd\u013a\u017enikovej pr\u00edruby:<\/strong><\/p>\n<ol>\n<li style=\"list-style-type: none;\">\n<ul>\n<li>Zadn\u00fd kryt tohto \u0161tvorty\u010dov\u00e9ho hydraulick\u00e9ho valca je vybaven\u00fd obd\u013a\u017enikovou pr\u00edrubou, \u010do poskytuje bezpe\u010dn\u00fa a stabiln\u00fa mo\u017enos\u0165 in\u0161tal\u00e1cie.<\/li>\n<li>Pr\u00edruby s\u00fa navrhnut\u00e9 pre jednoduch\u00fa in\u0161tal\u00e1ciu a kalibr\u00e1ciu, \u010d\u00edm sa zabezpe\u010d\u00ed presn\u00e9 ulo\u017eenie v hydraulickom syst\u00e9me.<\/li>\n<\/ul>\n<\/li>\n<\/ol>\n<p><strong>Konfigur\u00e1cia so \u0161tyrmi ty\u010dami:<\/strong><\/p>\n<ol>\n<li style=\"list-style-type: none;\">\n<ul>\n<li>\u0160tvorty\u010dov\u00fd hydraulick\u00fd valec m\u00e1 \u0161tvorty\u010dov\u00fa kon\u0161trukciu pre zlep\u0161enie stability a nosnosti.<\/li>\n<li>\u0160tyri ty\u010de rovnomerne rozkladaj\u00fa za\u0165a\u017eenie, \u010d\u00edm zni\u017euj\u00fa nam\u00e1hanie ka\u017ed\u00e9ho komponentu a zabezpe\u010duj\u00fa plynul\u00fd a vyv\u00e1\u017een\u00fd chod.<\/li>\n<\/ul>\n<\/li>\n<\/ol>\n<p><strong>V\u00fdnimo\u010dn\u00fd v\u00fdkon:<\/strong><\/p>\n<ul>\n<li style=\"list-style-type: none;\">\n<ul>\n<li>Valce pon\u00fakaj\u00fa vysok\u00fd v\u00fdkon a poskytuj\u00fa presn\u00e9 a spo\u013eahliv\u00e9 riadenie line\u00e1rneho pohybu.<\/li>\n<li>Poskytuje vynikaj\u00faci v\u00fdkon a d\u013a\u017eku zdvihu, \u010do umo\u017e\u0148uje efekt\u00edvnu prev\u00e1dzku v r\u00f4znych aplik\u00e1ci\u00e1ch.<\/li>\n<\/ul>\n<\/li>\n<\/ul>\n<h2><strong>Parameter hydraulick\u00e9ho valca so \u0161tyrmi ty\u010dami a obd\u013a\u017enikovou pr\u00edrubou zadn\u00e9ho krytu:<\/strong><\/h2>\n<p><img loading=\"lazy\" decoding=\"async\" class=\"alignnone wp-image-990 size-full\" src=\"https:\/\/hydraulic-cylinders.net\/wp-content\/uploads\/2023\/09\/rear-cover-rectangular-flange-four-rod-hydraulic-cylinder.webp\" alt=\"\" width=\"655\" height=\"197\" srcset=\"https:\/\/hydraulic-cylinders.net\/wp-content\/uploads\/2023\/09\/rear-cover-rectangular-flange-four-rod-hydraulic-cylinder.webp 655w, https:\/\/hydraulic-cylinders.net\/wp-content\/uploads\/2023\/09\/rear-cover-rectangular-flange-four-rod-hydraulic-cylinder-480x144.webp 480w\" sizes=\"(min-width: 0px) and (max-width: 480px) 480px, (min-width: 481px) 655px, 100vw\" \/><\/p>\n<p><img loading=\"lazy\" decoding=\"async\" class=\"alignnone size-full wp-image-320248\" src=\"https:\/\/hzpt.com\/wp-content\/uploads\/2023\/09\/jj-hh-c-four-rod-hydraulic-cylinder.webp\" alt=\"\" width=\"655\" height=\"218\" \/><\/p>\n<h2><strong>Zadn\u00fd kryt Obd\u013a\u017enikov\u00e1 pr\u00edruba Hydraulick\u00fd valec so \u0161tyrmi ty\u010dami <\/strong><strong>Met\u00f3da pou\u017eitia<\/strong><strong>:<\/strong><\/h2>\n<p><strong>Mont\u00e1\u017e:<\/strong><\/p>\n<ol>\n<li style=\"list-style-type: none;\">\n<ul>\n<li>Ur\u010dte spr\u00e1vnu polohu hydraulick\u00e9ho valca v hydraulickom syst\u00e9me.<\/li>\n<li>Uistite sa, \u017ee mont\u00e1\u017eny povrch je \u010dist\u00fd a bez ak\u00fdchko\u013evek ne\u010dist\u00f4t alebo ne\u010dist\u00f4t.<\/li>\n<li>Umiestnite obd\u013a\u017enikov\u00fa pr\u00edrubu zarovno s mont\u00e1\u017enou plochou a zaistite ju vhodn\u00fdmi skrutkami alebo upev\u0148ovac\u00edmi prvkami.<\/li>\n<\/ul>\n<\/li>\n<\/ol>\n<p><strong>Hydraulick\u00e9 pripojenia:<\/strong><\/p>\n<ol>\n<li style=\"list-style-type: none;\">\n<ul>\n<li>Pripojte hydraulick\u00e9 pr\u00edvodn\u00e9 potrubie k otvoru valca, aby ste zabezpe\u010dili spr\u00e1vne utesnenie a zabr\u00e1nili \u00faniku.<\/li>\n<li>Ria\u010fte sa odpor\u00fa\u010daniami v\u00fdrobcu t\u00fdkaj\u00facimi sa typu hydraulick\u00e9ho oleja a syst\u00e9m pod\u013ea toho napl\u0148te.<\/li>\n<\/ul>\n<\/li>\n<\/ol>\n<p><strong>Prev\u00e1dzka:<\/strong><\/p>\n<ul>\n<li style=\"list-style-type: none;\">\n<ul>\n<li>Spustite hydraulick\u00fd syst\u00e9m a pomocou hydraulick\u00e9ho ovl\u00e1dacieho ventilu ovl\u00e1dajte pohyb valca.<\/li>\n<li>Upravte nastavenia prietoku a tlaku, aby ste dosiahli po\u017eadovan\u00fa r\u00fdchlos\u0165 a v\u00fdstupn\u00fa silu.<\/li>\n<li>Monitorujte prev\u00e1dzku \u0161tvorty\u010dov\u00e9ho hydraulick\u00e9ho valca, \u010di nevykazuje ak\u00e9ko\u013evek anom\u00e1lie alebo zn\u00e1mky poruchy.<\/li>\n<\/ul>\n<\/li>\n<\/ul>\n<h2><strong>Zadn\u00fd kryt Obd\u013a\u017enikov\u00e1 pr\u00edruba Hydraulick\u00fd valec so \u0161tyrmi ty\u010dami <\/strong><strong>\u00dadr\u017eba<\/strong><strong>:<\/strong><\/h2>\n<p><strong>Pravideln\u00e1 kontrola:<\/strong><\/p>\n<ol>\n<li style=\"list-style-type: none;\">\n<ul>\n<li>Vykonajte be\u017en\u00fa vizu\u00e1lnu kontrolu, aby ste skontrolovali ak\u00e9ko\u013evek zn\u00e1mky opotrebovania, \u00faniku alebo po\u0161kodenia.<\/li>\n<li>Skontrolujte tesnenia, spojovacie ty\u010de a bloky valcov, \u010di nie s\u00fa abnormality, a opotrebovan\u00e9 alebo po\u0161koden\u00e9 diely ihne\u010f vyme\u0148te.<\/li>\n<\/ul>\n<\/li>\n<\/ol>\n<p><strong>Mazanie:<\/strong><\/p>\n<ol>\n<li style=\"list-style-type: none;\">\n<ul>\n<li>Dodr\u017eiavajte pokyny v\u00fdrobcu t\u00fdkaj\u00face sa intervalov mazania a pou\u017e\u00edvajte odpor\u00fa\u010dan\u00e9 mazivo, aby ste zabezpe\u010dili hladk\u00fd chod.<\/li>\n<li>Nama\u017ete ojnice a tesnenia, aby ste zabr\u00e1nili treniu a pred\u013a\u017eili \u017eivotnos\u0165 valca.<\/li>\n<\/ul>\n<\/li>\n<\/ol>\n<p><strong>V\u00fdmena tesnenia:<\/strong><\/p>\n<ul>\n<li style=\"list-style-type: none;\">\n<ul>\n<li>Tesnenia sa \u010dasom m\u00f4\u017eu opotrebova\u0165 a je potrebn\u00e9 ich vymeni\u0165.<\/li>\n<li>Pri v\u00fdmene tesnen\u00ed sa uistite, \u017ee maj\u00fa spr\u00e1vnu ve\u013ekos\u0165 a typ odpor\u00fa\u010dan\u00fd v\u00fdrobcom.<\/li>\n<li>Pri v\u00fdmene tesnenia demontujte a znova zlo\u017ete valec pod\u013ea spr\u00e1vneho postupu.<\/li>\n<\/ul>\n<\/li>\n<\/ul>\n<h2><strong>Ako ovl\u00e1da\u0165 r\u00fdchlos\u0165 hydraulick\u00e9ho valca\uff1f<\/strong><\/h2>\n<p>Riadenie r\u00fdchlosti hydraulick\u00e9ho valca je nevyhnutn\u00e9 pre zabezpe\u010denie bezpe\u010dnej a efekt\u00edvnej prev\u00e1dzky v r\u00f4znych aplik\u00e1ci\u00e1ch. Tu je nieko\u013eko met\u00f3d na riadenie r\u00fdchlosti hydraulick\u00e9ho valca:<\/p>\n<ol>\n<li><strong>Regula\u010dn\u00fd ventil prietoku:<\/strong><\/li>\n<\/ol>\n<ul>\n<li>Najbe\u017enej\u0161ou met\u00f3dou regul\u00e1cie r\u00fdchlosti hydraulick\u00e9ho valca je pou\u017eitie regula\u010dn\u00e9ho ventilu prietoku.<\/li>\n<li>Regula\u010dn\u00fd ventil prietoku reguluje mno\u017estvo hydraulickej kvapaliny pr\u00fadiacej do valca a z valca, \u010d\u00edm riadi r\u00fdchlos\u0165 pohybu valca.<\/li>\n<li>Regula\u010dn\u00e9 ventily prietoku s\u00fa dostupn\u00e9 v r\u00f4znych typoch, vr\u00e1tane ihlov\u00fdch ventilov, ventilov s nastavite\u013enou clonkou a \u0161krtiacich ventilov.<\/li>\n<li>Nastaven\u00edm otvorenia regula\u010dn\u00e9ho ventilu prietoku m\u00f4\u017eete regulova\u0165 prietok hydraulickej kvapaliny a n\u00e1sledne aj r\u00fdchlos\u0165 valca.<\/li>\n<\/ul>\n<ol start=\"2\">\n<li><strong>Proporcion\u00e1lne regula\u010dn\u00e9 ventily:<\/strong><\/li>\n<\/ol>\n<ul>\n<li>Proporcion\u00e1lne regula\u010dn\u00e9 ventily poskytuj\u00fa presnej\u0161iu regul\u00e1ciu r\u00fdchlosti ako \u0161tandardn\u00e9 regula\u010dn\u00e9 ventily prietoku.<\/li>\n<li>Tieto ventily umo\u017e\u0148uj\u00fa plynul\u00e9 nastavenie prietoku, \u010d\u00edm poskytuj\u00fa presnej\u0161iu kontrolu nad r\u00fdchlos\u0165ou valca.<\/li>\n<li>Proporcion\u00e1lne regula\u010dn\u00e9 ventily sa \u010dasto pou\u017e\u00edvaj\u00fa v aplik\u00e1ci\u00e1ch, kde je presn\u00e9 polohovanie a regul\u00e1cia r\u00fdchlosti kritick\u00e1, napr\u00edklad v robotike alebo automatiza\u010dn\u00fdch syst\u00e9moch.<\/li>\n<\/ul>\n<ol start=\"3\">\n<li><strong>Regul\u00e1cia tlaku:<\/strong><\/li>\n<\/ol>\n<ul>\n<li>R\u00fdchlos\u0165 hydraulick\u00e9ho valca je mo\u017en\u00e9 nepriamo ovl\u00e1da\u0165 aj nastaven\u00edm tlaku v syst\u00e9me.<\/li>\n<li>Zv\u00fd\u0161enie tlaku zr\u00fdchli pohyb valca, zatia\u013e \u010do zn\u00ed\u017eenie tlaku ho spomal\u00ed.<\/li>\n<li>Regul\u00e1ciu tlaku je mo\u017en\u00e9 dosiahnu\u0165 pou\u017eit\u00edm pretlakov\u00e9ho ventilu alebo tlakovo kompenzovan\u00e9ho regula\u010dn\u00e9ho ventilu prietoku v hydraulickom syst\u00e9me.<\/li>\n<\/ul>\n<ol start=\"4\">\n<li><strong>Ovl\u00e1danie z\u00e1\u0165a\u017ee:<\/strong><\/li>\n<\/ol>\n<ul>\n<li>Za\u0165a\u017eenie hydraulick\u00e9ho valca m\u00f4\u017ee ovplyvni\u0165 jeho r\u00fdchlos\u0165 prev\u00e1dzky.<\/li>\n<li>Zv\u00fd\u0161enie za\u0165a\u017eenia vo v\u0161eobecnosti spomal\u00ed valec kv\u00f4li zv\u00fd\u0161en\u00e9mu odporu.<\/li>\n<li>Na regul\u00e1ciu r\u00fdchlosti pri r\u00f4znych podmienkach za\u0165a\u017eenia m\u00f4\u017eete do hydraulick\u00e9ho syst\u00e9mu zabudova\u0165 ventily so sn\u00edman\u00edm za\u0165a\u017eenia alebo regula\u010dn\u00e9 ventily prietoku s kompenz\u00e1ciou za\u0165a\u017eenia.<\/li>\n<li>Tieto ventily upravuj\u00fa prietok na z\u00e1klade za\u0165a\u017eenia, \u010d\u00edm zabezpe\u010duj\u00fa konzistentn\u00fa r\u00fdchlos\u0165 bez oh\u013eadu na zmeny za\u0165a\u017eenia.<\/li>\n<\/ul>\n<ol start=\"5\">\n<li><strong>Ve\u013ekos\u0165 a dizajn valca:<\/strong><\/li>\n<\/ol>\n<ul>\n<li>Ve\u013ekos\u0165 a kon\u0161trukcia samotn\u00e9ho hydraulick\u00e9ho valca m\u00f4\u017eu ovplyvni\u0165 jeho r\u00fdchlostn\u00e9 charakteristiky.<\/li>\n<li>V\u00e4\u010d\u0161\u00ed priemer valca vo v\u0161eobecnosti poskytuje vy\u0161\u0161iu r\u00fdchlos\u0165 v\u010faka v\u00e4\u010d\u0161ej ploche piesta, zatia\u013e \u010do valec s men\u0161\u00edm priemerom bude ma\u0165 za n\u00e1sledok ni\u017e\u0161iu r\u00fdchlos\u0165.<\/li>\n<li>Kon\u0161trukcia valca vr\u00e1tane priemeru otvorov a vn\u00fatorn\u00fdch priechodov m\u00f4\u017ee tie\u017e ovplyvni\u0165 r\u00fdchlos\u0165 pohybu valca.<\/li>\n<li>Pri v\u00fdbere hydraulick\u00e9ho valca zv\u00e1\u017ete po\u017eadovan\u00e9 po\u017eiadavky na r\u00fdchlos\u0165 a pre v\u00fdber vhodnej ve\u013ekosti a kon\u0161trukcie si pre\u0161tudujte \u0161pecifik\u00e1cie v\u00fdrobcu.<\/li>\n<\/ul>\n<h2><strong>Schopnos\u0165 a kapacita tov\u00e1rne:<\/strong><\/h2>\n<h3>(1) Mont\u00e1\u017e<\/h3>\n<p>Disponujeme prvotriednou nez\u00e1vislou v\u00fdskumnou a v\u00fdvojovou mont\u00e1\u017enou platformou. Diel\u0148a na v\u00fdrobu hydraulick\u00fdch valcov m\u00e1 \u0161tyri poloautomatick\u00e9 mont\u00e1\u017ene linky zdv\u00edhac\u00edch valcov a jednu automatick\u00fa mont\u00e1\u017enu linku nakl\u00e1pac\u00edch valcov s projektovanou ro\u010dnou v\u00fdrobnou kapacitou 1 mili\u00f3n kusov. Diel\u0148a na v\u00fdrobu \u0161peci\u00e1lnych valcov je vybaven\u00e1 r\u00f4znymi \u0161pecifik\u00e1ciami poloautomatick\u00e9ho syst\u00e9mu \u010distenia a mont\u00e1\u017ee s projektovanou ro\u010dnou v\u00fdrobnou kapacitou 200 000 kusov a je vybaven\u00e1 zn\u00e1mym CNC obr\u00e1bac\u00edm zariaden\u00edm, obr\u00e1bac\u00edm centrom, \u0161peci\u00e1lnym zariaden\u00edm na vysoko presn\u00e9 spracovanie valcov, robotick\u00fdm zv\u00e1rac\u00edm strojom, automatick\u00fdm \u010distiacim strojom, automatick\u00fdm mont\u00e1\u017enym strojom valcov a automatickou lakovacou v\u00fdrobnou linkou. Existuj\u00face kritick\u00e9 zariadenia maj\u00fa viac ako 300 s\u00faprav (s\u00e1d). Optim\u00e1lne alokovanie a efekt\u00edvne vyu\u017e\u00edvanie zdrojov zariaden\u00ed zabezpe\u010duje po\u017eiadavky na presnos\u0165 v\u00fdrobkov a sp\u013a\u0148a po\u017eiadavky na vysok\u00fa kvalitu v\u00fdrobkov.<\/p>\n<p><img loading=\"lazy\" decoding=\"async\" class=\"alignnone wp-image-626\" src=\"https:\/\/hydraulic-cylinders.net\/wp-content\/uploads\/2023\/08\/hydraulic-cylinder-product-1-300x158.webp\" alt=\"\" width=\"495\" height=\"260\" srcset=\"https:\/\/hydraulic-cylinders.net\/wp-content\/uploads\/2023\/08\/hydraulic-cylinder-product-1-300x158.webp 495w, https:\/\/hydraulic-cylinders.net\/wp-content\/uploads\/2023\/08\/hydraulic-cylinder-product-1-480x252.webp 480w\" sizes=\"(min-width: 0px) and (max-width: 480px) 480px, (min-width: 481px) 495px, 100vw\" \/> <img loading=\"lazy\" decoding=\"async\" class=\"alignnone wp-image-627\" src=\"https:\/\/hydraulic-cylinders.net\/wp-content\/uploads\/2023\/08\/hydraulic-cylinder-product-2-300x189.webp\" alt=\"\" width=\"413\" height=\"260\" \/><\/p>\n<h3>(2) Obr\u00e1banie<\/h3>\n<p>Obr\u00e1bacia diel\u0148a je vybaven\u00e1 prisp\u00f4soben\u00fdm s\u00fastru\u017en\u00edckym centrom na \u0161ikm\u00e9 ko\u013eajnice, obr\u00e1bac\u00edm centrom, vysokor\u00fdchlostn\u00fdm honovac\u00edm strojom, zv\u00e1rac\u00edm robotom a \u010fal\u0161\u00edm s\u00favisiacim zariaden\u00edm, ktor\u00e9 dok\u00e1\u017ee spracova\u0165 valcov\u00e9 r\u00fary s maxim\u00e1lnym vn\u00fatorn\u00fdm priemerom 400 mm a maxim\u00e1lnou d\u013a\u017ekou 6 metrov.<\/p>\n<p><img loading=\"lazy\" decoding=\"async\" class=\"alignnone wp-image-628 size-large\" src=\"https:\/\/hydraulic-cylinders.net\/wp-content\/uploads\/2023\/08\/hydraulic-cylinder-product-3-1024x391.webp\" alt=\"\" width=\"1024\" height=\"391\" srcset=\"https:\/\/hydraulic-cylinders.net\/wp-content\/uploads\/2023\/08\/hydraulic-cylinder-product-3-980x374.webp 980w, https:\/\/hydraulic-cylinders.net\/wp-content\/uploads\/2023\/08\/hydraulic-cylinder-product-3-480x183.webp 480w\" sizes=\"(min-width: 0px) and (max-width: 480px) 480px, (min-width: 481px) and (max-width: 980px) 980px, (min-width: 981px) 1024px, 100vw\" \/><\/p>\n<h3>(3) Zv\u00e1ranie<\/h3>\n<p><img loading=\"lazy\" decoding=\"async\" class=\"alignnone wp-image-629 size-large\" src=\"https:\/\/hydraulic-cylinders.net\/wp-content\/uploads\/2023\/08\/hydraulic-cylinder-product-4-1024x510.webp\" alt=\"\" width=\"1024\" height=\"510\" srcset=\"https:\/\/hydraulic-cylinders.net\/wp-content\/uploads\/2023\/08\/hydraulic-cylinder-product-4-980x488.webp 980w, https:\/\/hydraulic-cylinders.net\/wp-content\/uploads\/2023\/08\/hydraulic-cylinder-product-4-480x239.webp 480w\" sizes=\"(min-width: 0px) and (max-width: 480px) 480px, (min-width: 481px) and (max-width: 980px) 980px, (min-width: 981px) 1024px, 100vw\" \/><\/p>\n<h3>(4) Ma\u013eovanie a natieranie<\/h3>\n<p>S mal\u00fdmi a stredne ve\u013ek\u00fdmi valcov\u00fdmi automatick\u00fdmi linkami na nan\u00e1\u0161anie farieb na vodnej b\u00e1ze, na dosiahnutie automatick\u00e9ho nakladania a vykladania robotmi a automatick\u00e9ho striekania, je projektovan\u00e1 kapacita 4000 kusov za smenu;<br \/>\nM\u00e1me tie\u017e poloautomatick\u00fa linku na v\u00fdrobu farieb pre ve\u013ek\u00e9 valce poh\u00e1\u0148an\u00e9 re\u0165azou s projektovanou kapacitou 60 kusov za smenu.<\/p>\n<p><img loading=\"lazy\" decoding=\"async\" class=\"alignnone wp-image-630\" src=\"https:\/\/hydraulic-cylinders.net\/wp-content\/uploads\/2023\/08\/hydraulic-cylinder-product-5-300x213.webp\" alt=\"\" width=\"366\" height=\"260\" \/> <img loading=\"lazy\" decoding=\"async\" class=\"alignnone wp-image-631\" src=\"https:\/\/hydraulic-cylinders.net\/wp-content\/uploads\/2023\/08\/hydraulic-cylinder-product-6-300x225.webp\" alt=\"\" width=\"347\" height=\"260\" \/><\/p>\n<h3>(5) Testovanie<\/h3>\n<p>Disponujeme prvotriednymi kontroln\u00fdmi zariadeniami a sk\u00fa\u0161obn\u00fdmi zariadeniami, ktor\u00e9 zabezpe\u010duj\u00fa, \u017ee v\u00fdkonnos\u0165 valca sp\u013a\u0148a po\u017eiadavky.<\/p>\n<p><img loading=\"lazy\" decoding=\"async\" class=\"alignnone wp-image-632\" src=\"https:\/\/hydraulic-cylinders.net\/wp-content\/uploads\/2023\/08\/hydraulic-cylinder-product-8-300x200.webp\" alt=\"\" width=\"389\" height=\"260\" \/><\/p>\n<p>&nbsp;<\/p>\n<p>&nbsp;<\/p>\n<p>Sme jedn\u00fdm z najlep\u0161\u00edch v\u00fdrobcov \u013eahk\u00fdch \u0161tvorty\u010dov\u00fdch hydraulick\u00fdch valcov. Pon\u00fakame komplexn\u00fd sortiment \u013eahk\u00fdch \u0161tvorty\u010dov\u00fdch hydraulick\u00fdch valcov. Poskytujeme aj zodpovedaj\u00face... <a href=\"https:\/\/hzpt.com\/agricultural-pto-gearbox\/\" target=\"_blank\" rel=\"noopener\">po\u013enohospod\u00e1rske prevodovky<\/a>. Na\u0161e v\u00fdrobky sme vyviezli z\u00e1kazn\u00edkom do cel\u00e9ho sveta a z\u00edskali sme si dobr\u00fa poves\u0165 v\u010faka vynikaj\u00facej kvalite na\u0161ich v\u00fdrobkov a popredajn\u00e9mu servisu. Srde\u010dne v\u00edtame z\u00e1kazn\u00edkov doma aj v zahrani\u010d\u00ed, aby n\u00e1s kontaktovali a dohodli sa na obchodn\u00fdch rokovaniach, vymenili si inform\u00e1cie.\u00a0<a href=\"https:\/\/www.hydraulic-cylinders.net\/sk\/contact-us\/\">spolupracova\u0165 s nami<\/a>!<\/p>\n<h2><\/h2>\n<h2><\/h2>","protected":false},"excerpt":{"rendered":"<p>Rear Cover Rectangular Flange Four Rod Hydraulic Cylinder The rear cover rectangular flange four rod hydraulic cylinder is a versatile and robust four rod hydraulic cylinder designed to provide reliable and efficient linear motion in various industrial applications. With its unique design and exceptional performance, this four rod hydraulic cylinder offers outstanding power and precision, [&hellip;]<\/p>","protected":false},"featured_media":991,"comment_status":"open","ping_status":"closed","template":"","meta":{"_et_pb_use_builder":"","_et_pb_old_content":"","_et_gb_content_width":""},"product_brand":[],"product_cat":[1376,1386],"product_tag":[1380],"class_list":{"0":"post-988","1":"product","2":"type-product","3":"status-publish","4":"has-post-thumbnail","6":"product_cat-hydraulic-cylinder","7":"product_cat-four-rod-hydraulic-cylinder","8":"product_tag-hydraulic-cylinder","10":"first","11":"instock","12":"shipping-taxable","13":"product-type-simple"},"amp_enabled":true,"_links":{"self":[{"href":"https:\/\/www.hydraulic-cylinders.net\/sk\/wp-json\/wp\/v2\/product\/988","targetHints":{"allow":["GET"]}}],"collection":[{"href":"https:\/\/www.hydraulic-cylinders.net\/sk\/wp-json\/wp\/v2\/product"}],"about":[{"href":"https:\/\/www.hydraulic-cylinders.net\/sk\/wp-json\/wp\/v2\/types\/product"}],"replies":[{"embeddable":true,"href":"https:\/\/www.hydraulic-cylinders.net\/sk\/wp-json\/wp\/v2\/comments?post=988"}],"wp:featuredmedia":[{"embeddable":true,"href":"https:\/\/www.hydraulic-cylinders.net\/sk\/wp-json\/wp\/v2\/media\/991"}],"wp:attachment":[{"href":"https:\/\/www.hydraulic-cylinders.net\/sk\/wp-json\/wp\/v2\/media?parent=988"}],"wp:term":[{"taxonomy":"product_brand","embeddable":true,"href":"https:\/\/www.hydraulic-cylinders.net\/sk\/wp-json\/wp\/v2\/product_brand?post=988"},{"taxonomy":"product_cat","embeddable":true,"href":"https:\/\/www.hydraulic-cylinders.net\/sk\/wp-json\/wp\/v2\/product_cat?post=988"},{"taxonomy":"product_tag","embeddable":true,"href":"https:\/\/www.hydraulic-cylinders.net\/sk\/wp-json\/wp\/v2\/product_tag?post=988"}],"curies":[{"name":"pracovn\u00fd list","href":"https:\/\/api.w.org\/{rel}","templated":true}]}}