{"id":1008,"date":"2023-09-07T01:23:43","date_gmt":"2023-09-07T01:23:43","guid":{"rendered":"https:\/\/hydraulic-cylinders.net\/?post_type=product&#038;p=1008"},"modified":"2023-09-19T01:36:54","modified_gmt":"2023-09-19T01:36:54","slug":"front-cover-trunnion-four-rod-hydraulic-cylinder","status":"publish","type":"product","link":"https:\/\/www.hydraulic-cylinders.net\/sl\/izdelek\/front-cover-trunnion-four-rod-hydraulic-cylinder\/","title":{"rendered":"Sprednji pokrov Trunnion Hidravli\u010dni cilinder s \u0161tirimi palicami"},"content":{"rendered":"<h1 style=\"text-align: center;\"><strong>Sprednji pokrov Trunnion Hidravli\u010dni cilinder s \u0161tirimi palicami<\/strong><\/h1>\n<p><img loading=\"lazy\" decoding=\"async\" class=\"size-full wp-image-1009 aligncenter\" src=\"https:\/\/hydraulic-cylinders.net\/wp-content\/uploads\/2023\/09\/front-cover-rectangular-flange-four-rod-hydraulic-cylinder-1-2.webp\" alt=\"\" width=\"224\" height=\"224\" srcset=\"https:\/\/www.hydraulic-cylinders.net\/wp-content\/uploads\/2023\/09\/front-cover-rectangular-flange-four-rod-hydraulic-cylinder-1-2.webp 224w, https:\/\/www.hydraulic-cylinders.net\/wp-content\/uploads\/2023\/09\/front-cover-rectangular-flange-four-rod-hydraulic-cylinder-1-2-100x100.webp 100w, https:\/\/www.hydraulic-cylinders.net\/wp-content\/uploads\/2023\/09\/front-cover-rectangular-flange-four-rod-hydraulic-cylinder-1-2-150x150.webp 150w, https:\/\/www.hydraulic-cylinders.net\/wp-content\/uploads\/2023\/09\/front-cover-rectangular-flange-four-rod-hydraulic-cylinder-1-2-12x12.webp 12w\" sizes=\"(max-width: 224px) 100vw, 224px\" \/><\/p>\n<p>\u0160tiribatni hidravli\u010dni cilinder s sprednjim \u010depom je visokozmogljiv hidravli\u010dni element, ki zagotavlja vrhunsko mo\u010d, natan\u010den nadzor in neprekosljivo vsestranskost v razli\u010dnih industrijskih aplikacijah. Z inovativno zasnovo sprednjega pokrova in \u0161tiribatno konfiguracijo ta \u0161tiribatni hidravli\u010dni cilinder ponuja ve\u010djo stabilnost, vzdr\u017eljivost in nosilnost, zaradi \u010desar je nepogre\u0161ljiv pripomo\u010dek v zahtevnih hidravli\u010dnih sistemih.<\/p>\n<p>Bistvene zna\u010dilnosti \u0161tiripal\u010dnega hidravli\u010dnega cilindra:<\/p>\n<p><strong>Zasnova sprednjega pokrova:<\/strong><\/p>\n<ol>\n<li style=\"list-style-type: none;\">\n<ul>\n<li>Zasnova sprednjega pokrova s \u200b\u200bcevnim le\u017eajem zagotavlja varno in u\u010dinkovito re\u0161itev za namestitev, ki zagotavlja zanesljivo delovanje tudi pri velikih obremenitvah in ekstremnih pogojih.<\/li>\n<li>Poenostavlja namestitev in ga je mogo\u010de enostavno integrirati v razli\u010dne hidravli\u010dne sisteme ali opremo.<\/li>\n<\/ul>\n<\/li>\n<\/ol>\n<p><strong>Konfiguracija s \u0161tirimi palicami:<\/strong><\/p>\n<ol>\n<li style=\"list-style-type: none;\">\n<ul>\n<li>\u0160tiribatna konfiguracija pove\u010da nosilnost \u0161tiribatnega hidravli\u010dnega cilindra in zagotavlja optimalno stabilnost ter natan\u010dno pozicioniranje.<\/li>\n<li>Omogo\u010da, da \u0161tiribatni hidravli\u010dni cilinder u\u010dinkovito prenese stranske obremenitve, kar zagotavlja izjemno odpornost na torzijo in stranske sile.<\/li>\n<\/ul>\n<\/li>\n<\/ol>\n<p><strong>Visoka izhodna mo\u010d:<\/strong><\/p>\n<ol>\n<li style=\"list-style-type: none;\">\n<ul>\n<li>Ta \u0161tiribatni hidravli\u010dni cilinder ima impresivno izhodno mo\u010d, ki mu omogo\u010da u\u010dinkovito obvladovanje te\u017ekih bremen.<\/li>\n<li>Zagotavlja vrhunsko mo\u010d in potisno mo\u010d, zaradi \u010desar je primeren za aplikacije, ki zahtevajo mo\u010d in dvi\u017eno zmogljivost.<\/li>\n<\/ul>\n<\/li>\n<\/ol>\n<p><strong>Natan\u010den nadzor:<\/strong><\/p>\n<ul>\n<li style=\"list-style-type: none;\">\n<ul>\n<li>\u0160tirivaljni hidravli\u010dni cilinder na sprednjem pokrovu zagotavlja natan\u010den linearni nadzor gibanja, kar zagotavlja natan\u010dno pozicioniranje in nemoteno delovanje.<\/li>\n<li>Zagotavlja odli\u010den nadzor hoda, kar operaterjem omogo\u010da doseganje hitrosti in natan\u010dnosti, potrebne za dolo\u010dene naloge.<\/li>\n<\/ul>\n<\/li>\n<\/ul>\n<h2><strong>Parameter hidravli\u010dnega cilindra s \u0161tirimi palicami sprednjega pokrova:<\/strong><\/h2>\n<p><img loading=\"lazy\" decoding=\"async\" class=\"alignnone wp-image-1032 size-full\" src=\"https:\/\/hydraulic-cylinders.net\/wp-content\/uploads\/2023\/09\/front-cover-trunnion-four-rod-hydraulic-cylinder.webp\" alt=\"\" width=\"655\" height=\"186\" srcset=\"https:\/\/hydraulic-cylinders.net\/wp-content\/uploads\/2023\/09\/front-cover-trunnion-four-rod-hydraulic-cylinder.webp 655w, https:\/\/hydraulic-cylinders.net\/wp-content\/uploads\/2023\/09\/front-cover-trunnion-four-rod-hydraulic-cylinder-480x136.webp 480w\" sizes=\"(min-width: 0px) and (max-width: 480px) 480px, (min-width: 481px) 655px, 100vw\" \/><\/p>\n<p><img loading=\"lazy\" decoding=\"async\" class=\"alignnone wp-image-1033 size-full\" src=\"https:\/\/hydraulic-cylinders.net\/wp-content\/uploads\/2023\/09\/d-db-dd-four-rod-hydraulic-cylinder.webp\" alt=\"\" width=\"655\" height=\"249\" srcset=\"https:\/\/hydraulic-cylinders.net\/wp-content\/uploads\/2023\/09\/d-db-dd-four-rod-hydraulic-cylinder.webp 655w, https:\/\/hydraulic-cylinders.net\/wp-content\/uploads\/2023\/09\/d-db-dd-four-rod-hydraulic-cylinder-480x182.webp 480w\" sizes=\"(min-width: 0px) and (max-width: 480px) 480px, (min-width: 481px) 655px, 100vw\" \/><\/p>\n<h2><strong>Na\u010din uporabe \u0161tiripal\u010dnega hidravli\u010dnega cilindra s sprednjim pokrovom<\/strong><strong>:<\/strong><\/h2>\n<p><strong>Monta\u017ea in namestitev:<\/strong><\/p>\n<ol>\n<li style=\"list-style-type: none;\">\n<ul>\n<li>Za dolo\u010ditev ustreznega mesta namestitve \u0161tiribatnega hidravli\u010dnega cilindra znotraj sistema ali opreme upo\u0161tevajte zahteve glede obremenitve in prostorske omejitve.<\/li>\n<li>Prepri\u010dajte se, da je povr\u0161ina za monta\u017eo \u010dista, ravna in da lahko prenese te\u017eo jeklenke.<\/li>\n<li>Namestite sprednje pokrovne \u010depe poravnano z monta\u017eno povr\u0161ino in jih pritrdite s priporo\u010denimi vijaki ali pritrdilnimi elementi.<\/li>\n<\/ul>\n<\/li>\n<\/ol>\n<p><strong>Hidravli\u010dni priklju\u010dki:<\/strong><\/p>\n<ol>\n<li style=\"list-style-type: none;\">\n<ul>\n<li>Priklju\u010dite dovodno hidravli\u010dno cev na odprtino valja in pri tem zagotovite ustrezno tesnjenje, da prepre\u010dite pu\u0161\u010danje.<\/li>\n<li>Upo\u0161tevajte priporo\u010dila proizvajalca glede vrste hidravli\u010dnega olja in sistem napolnite do priporo\u010dene ravni.<\/li>\n<\/ul>\n<\/li>\n<\/ol>\n<p><strong>Delovanje:<\/strong><\/p>\n<ul>\n<li style=\"list-style-type: none;\">\n<ul>\n<li>Aktivirajte hidravli\u010dni sistem in krmilite gibanje valja s hidravli\u010dnim regulacijskim ventilom ali drugim ustreznim regulacijskim mehanizmom.<\/li>\n<li>Prilagodite nastavitve pretoka in tlaka, da dose\u017eete \u017eeleno hitrost in izhodno silo.<\/li>\n<li>Redno spremljajte delovanje \u0161tiribatnega hidravli\u010dnega cilindra glede nenavadnega vedenja, kot so pu\u0161\u010danje, pregrevanje ali nenavaden hrup.<\/li>\n<\/ul>\n<\/li>\n<\/ul>\n<h2><strong>Vzdr\u017eevanje hidravli\u010dnega cilindra s \u0161tirimi palicami sprednjega pokrova<\/strong><strong>:<\/strong><\/h2>\n<p><strong>Redni pregled:<\/strong><\/p>\n<ol>\n<li style=\"list-style-type: none;\">\n<ul>\n<li>Redno vizualno pregledujte, da preverite morebitne znake obrabe, pu\u0161\u010danja ali po\u0161kodb.<\/li>\n<li>Preverite povr\u0161ine vezne palice, tesnila in pritrdilne priklju\u010dke glede nepravilnosti in pravo\u010dasno odpravite morebitne te\u017eave.<\/li>\n<\/ul>\n<\/li>\n<\/ol>\n<p><strong>Mazanje:<\/strong><\/p>\n<ol>\n<li style=\"list-style-type: none;\">\n<ul>\n<li>Upo\u0161tevajte proizvajal\u010deve smernice glede intervalov mazanja in uporabljajte priporo\u010dena maziva za zagotovitev nemotenega delovanja.<\/li>\n<li>Nama\u017eite palice, tesnila in druge gibljive dele, da zmanj\u0161ate trenje in podalj\u0161ate \u017eivljenjsko dobo valjev.<\/li>\n<\/ul>\n<\/li>\n<\/ol>\n<p><strong>Zamenjava tesnila:<\/strong><\/p>\n<ul>\n<li style=\"list-style-type: none;\">\n<ul>\n<li>S\u010dasoma se tesnila lahko obrabijo in jih je treba zamenjati. \u010ce odkrijete pu\u0161\u010danje, previdno odstranite staro tesnilo in namestite novo v skladu s specifikacijami proizvajalca.<\/li>\n<\/ul>\n<\/li>\n<\/ul>\n<h2><strong>Kako izmerite hidravli\u010dni valj\uff1f<\/strong><\/h2>\n<p>Za merjenje hidravli\u010dnega cilindra boste potrebovali nekaj osnovnih orodij, kot so merilni trak, pomi\u010dno merilo ali mikrometer. Tukaj je navodilo po korakih za merjenje hidravli\u010dnega cilindra:<\/p>\n<ol>\n<li><strong>Dolo\u010dite namen merjenja:<\/strong>\n<ul>\n<li>Odlo\u010dite se, ali boste izmerili celotno dol\u017eino valja ali specifi\u010dne dimenzije, kot sta premer palice ali dol\u017eina hoda.<\/li>\n<\/ul>\n<\/li>\n<li><strong>Izmerite celotno dol\u017eino valja:<\/strong>\n<ul>\n<li>Za natan\u010dno meritev izvlecite hidravli\u010dni cilinder do njegove najve\u010dje dol\u017eine.<\/li>\n<li>Z merilnim trakom ali ravnilom izmerite razdaljo od enega konca valja do drugega, vklju\u010dno z morebitnimi pritrdilnimi nosilci ali kljukami.<\/li>\n<\/ul>\n<\/li>\n<li><strong>Izmerite premer palice:<\/strong>\n<ul>\n<li>\u010ce morate izmeriti premer palice, valj popolnoma izvlecite, tako da je palica popolnoma izpostavljena.<\/li>\n<li>Za merjenje premera palice uporabite pomi\u010dno merilo ali mikrometer. Merilno orodje postavite pravokotno na os palice in izmerite ve\u010d to\u010dk, da zagotovite natan\u010dnost. Zapi\u0161ite si najve\u010djo meritev premera.<\/li>\n<\/ul>\n<\/li>\n<li><strong>Izmerite dol\u017eino giba:<\/strong>\n<ul>\n<li>Dol\u017eina hoda se nana\u0161a na razdaljo, ki jo lahko palica prepotuje od popolnoma uvle\u010denega do popolnoma iztegnjenega polo\u017eaja.<\/li>\n<li>Popolnoma izvlecite valj in izmerite razdaljo od podno\u017eja ali pritrdilne povr\u0161ine do konca palice.<\/li>\n<\/ul>\n<\/li>\n<li><strong>Izmerite premer izvrtine:<\/strong>\n<ul>\n<li>Premer izvrtine se nana\u0161a na notranji premer cilindra.<\/li>\n<li>\u010ce morate izmeriti premer izvrtine, odstranite valj iz opreme (\u010de je mogo\u010de) in preglejte odprti konec cevi.<\/li>\n<li>Z merilnim merilom ali mikrometrom izmerite notranji premer cevi na ve\u010d to\u010dkah. Upo\u0161tevajte najve\u010djo meritev premera.<\/li>\n<\/ul>\n<\/li>\n<li><strong>Zabele\u017eite in preverite meritve:<\/strong>\n<ul>\n<li>Ko so meritve opravljene, jih natan\u010dno zabele\u017eite za poznej\u0161o uporabo.<\/li>\n<li>Dvakrat preverite meritve, da se prepri\u010date, da so pravilne in dosledne.<\/li>\n<\/ul>\n<\/li>\n<\/ol>\n<h2><strong>Zmogljivost in zmogljivost tovarne:<\/strong><\/h2>\n<h3>(1) Sestavljanje<\/h3>\n<p>Imamo prvovrstno neodvisno platformo za raziskave in razvoj. Delavnica za proizvodnjo hidravli\u010dnih cilindrov ima \u0161tiri polavtomatske monta\u017ene linije za dvi\u017ene cilindre in eno avtomatsko monta\u017eno linijo za nagibne cilindre z letno proizvodno zmogljivostjo 1 milijona kosov. Delavnica za posebne cilindre je opremljena z razli\u010dnimi specifikacijami polavtomatskega sistema za \u010di\u0161\u010denje in monta\u017eo z letno proizvodno zmogljivostjo 200.000 kosov ter znano CNC obdelovalno opremo, obdelovalnim centrom, visoko precizno posebno opremo za obdelavo cilindrov, robotskim varilnim strojem, avtomatskim \u010distilnim strojem, avtomatskim strojem za monta\u017eo cilindrov in avtomatsko proizvodno linijo za barvanje. Obstoje\u010da kriti\u010dna oprema obsega ve\u010d kot 300 kompletov (kompletov). Optimalna razporeditev in u\u010dinkovita uporaba opremnih virov zagotavljata zahteve glede natan\u010dnosti izdelkov in izpolnjujeta visoke zahteve glede kakovosti izdelkov.<\/p>\n<p><img loading=\"lazy\" decoding=\"async\" class=\"alignnone wp-image-626\" src=\"https:\/\/hydraulic-cylinders.net\/wp-content\/uploads\/2023\/08\/hydraulic-cylinder-product-1-300x158.webp\" alt=\"\" width=\"495\" height=\"260\" srcset=\"https:\/\/hydraulic-cylinders.net\/wp-content\/uploads\/2023\/08\/hydraulic-cylinder-product-1-300x158.webp 495w, https:\/\/hydraulic-cylinders.net\/wp-content\/uploads\/2023\/08\/hydraulic-cylinder-product-1-480x252.webp 480w\" sizes=\"(min-width: 0px) and (max-width: 480px) 480px, (min-width: 481px) 495px, 100vw\" \/> <img loading=\"lazy\" decoding=\"async\" class=\"alignnone wp-image-627\" src=\"https:\/\/hydraulic-cylinders.net\/wp-content\/uploads\/2023\/08\/hydraulic-cylinder-product-2-300x189.webp\" alt=\"\" width=\"413\" height=\"260\" \/><\/p>\n<h3>(2) Strojna obdelava<\/h3>\n<p>Strojna delavnica je opremljena s prilagojenim centrom za stru\u017eenje nagnjenih tirnic, obdelovalnim centrom, visokohitrostnim strojem za honanje, varilnim robotom in drugo sorodno opremo, ki lahko obdeluje cilindri\u010dne cevi z najve\u010djim notranjim premerom 400 mm in najve\u010djo dol\u017eino 6 metrov.<\/p>\n<p><img loading=\"lazy\" decoding=\"async\" class=\"alignnone wp-image-628 size-large\" src=\"https:\/\/hydraulic-cylinders.net\/wp-content\/uploads\/2023\/08\/hydraulic-cylinder-product-3-1024x391.webp\" alt=\"\" width=\"1024\" height=\"391\" srcset=\"https:\/\/hydraulic-cylinders.net\/wp-content\/uploads\/2023\/08\/hydraulic-cylinder-product-3-980x374.webp 980w, https:\/\/hydraulic-cylinders.net\/wp-content\/uploads\/2023\/08\/hydraulic-cylinder-product-3-480x183.webp 480w\" sizes=\"(min-width: 0px) and (max-width: 480px) 480px, (min-width: 481px) and (max-width: 980px) 980px, (min-width: 981px) 1024px, 100vw\" \/><\/p>\n<h3>(3) Varjenje<\/h3>\n<p><img loading=\"lazy\" decoding=\"async\" class=\"alignnone wp-image-629 size-large\" src=\"https:\/\/hydraulic-cylinders.net\/wp-content\/uploads\/2023\/08\/hydraulic-cylinder-product-4-1024x510.webp\" alt=\"\" width=\"1024\" height=\"510\" srcset=\"https:\/\/hydraulic-cylinders.net\/wp-content\/uploads\/2023\/08\/hydraulic-cylinder-product-4-980x488.webp 980w, https:\/\/hydraulic-cylinders.net\/wp-content\/uploads\/2023\/08\/hydraulic-cylinder-product-4-480x239.webp 480w\" sizes=\"(min-width: 0px) and (max-width: 480px) 480px, (min-width: 481px) and (max-width: 980px) 980px, (min-width: 981px) 1024px, 100vw\" \/><\/p>\n<h3>(4) Barvanje in premazovanje<\/h3>\n<p>Z majhnimi in srednje velikimi cilindri\u010dnimi avtomatskimi linijami za barvanje na vodni osnovi, za doseganje avtomatskega nakladanja in razkladanja robotov ter avtomatskega brizganja, je projektna zmogljivost 4000 kosov na izmeno;<br \/>\nImamo tudi polavtomatsko linijo za proizvodnjo barv za velike jeklenke, ki jo poganja veriga, s projektno zmogljivostjo 60 zabojev na izmeno.<\/p>\n<p><img loading=\"lazy\" decoding=\"async\" class=\"alignnone wp-image-630\" src=\"https:\/\/hydraulic-cylinders.net\/wp-content\/uploads\/2023\/08\/hydraulic-cylinder-product-5-300x213.webp\" alt=\"\" width=\"366\" height=\"260\" \/> <img loading=\"lazy\" decoding=\"async\" class=\"alignnone wp-image-631\" src=\"https:\/\/hydraulic-cylinders.net\/wp-content\/uploads\/2023\/08\/hydraulic-cylinder-product-6-300x225.webp\" alt=\"\" width=\"347\" height=\"260\" \/><\/p>\n<h3>(5) Testiranje<\/h3>\n<p>Imamo prvovrstne in\u0161pekcijske prostore in testne postaje, s katerimi zagotavljamo, da delovanje jeklenke izpolnjuje zahteve.<\/p>\n<p><img loading=\"lazy\" decoding=\"async\" class=\"alignnone wp-image-632\" src=\"https:\/\/hydraulic-cylinders.net\/wp-content\/uploads\/2023\/08\/hydraulic-cylinder-product-8-300x200.webp\" alt=\"\" width=\"389\" height=\"260\" \/><\/p>\n<p>&nbsp;<\/p>\n<p>&nbsp;<\/p>\n<p>Smo eden najbolj\u0161ih proizvajalcev lahkih \u0161tiripali\u010dnih hidravli\u010dnih cilindrov. Ponujamo vam celovito zalogo lahkih \u0161tiripali\u010dnih hidravli\u010dnih cilindrov. Ponujamo tudi ustrezne <a href=\"https:\/\/hzpt.com\/agricultural-pto-gearbox\/\" target=\"_blank\" rel=\"noopener\">kmetijski menjalniki<\/a>Na\u0161e izdelke smo izvozili strankam po vsem svetu in si prislu\u017eili dober ugled zaradi vrhunske kakovosti izdelkov in poprodajnih storitev. Toplo vabimo stranke tako doma kot v tujini, da nas kontaktirajo za poslovne dogovore, izmenjavo informacij in ...\u00a0<a href=\"https:\/\/www.hydraulic-cylinders.net\/sl\/contact-us\/\">sodelujte z nami<\/a>!<\/p>\n<h2><\/h2>\n<h2><\/h2>\n<h2><\/h2>","protected":false},"excerpt":{"rendered":"<p>Front Cover Trunnion Four Rod Hydraulic Cylinder The front trunnion four rod hydraulic cylinder is a high-performance hydraulic element that provides superior power, precise control, and unmatched versatility in various industrial applications. With its innovative front cover trunnion design and four-bar configuration, this four rod hydraulic cylinder offers increased stability, durability, and load-carrying capacity, making [&hellip;]<\/p>","protected":false},"featured_media":1011,"comment_status":"open","ping_status":"closed","template":"","meta":{"_et_pb_use_builder":"","_et_pb_old_content":"","_et_gb_content_width":""},"product_brand":[],"product_cat":[1376,1386],"product_tag":[1380],"class_list":{"0":"post-1008","1":"product","2":"type-product","3":"status-publish","4":"has-post-thumbnail","6":"product_cat-hydraulic-cylinder","7":"product_cat-four-rod-hydraulic-cylinder","8":"product_tag-hydraulic-cylinder","10":"first","11":"instock","12":"shipping-taxable","13":"product-type-simple"},"amp_enabled":true,"_links":{"self":[{"href":"https:\/\/www.hydraulic-cylinders.net\/sl\/wp-json\/wp\/v2\/product\/1008","targetHints":{"allow":["GET"]}}],"collection":[{"href":"https:\/\/www.hydraulic-cylinders.net\/sl\/wp-json\/wp\/v2\/product"}],"about":[{"href":"https:\/\/www.hydraulic-cylinders.net\/sl\/wp-json\/wp\/v2\/types\/product"}],"replies":[{"embeddable":true,"href":"https:\/\/www.hydraulic-cylinders.net\/sl\/wp-json\/wp\/v2\/comments?post=1008"}],"wp:featuredmedia":[{"embeddable":true,"href":"https:\/\/www.hydraulic-cylinders.net\/sl\/wp-json\/wp\/v2\/media\/1011"}],"wp:attachment":[{"href":"https:\/\/www.hydraulic-cylinders.net\/sl\/wp-json\/wp\/v2\/media?parent=1008"}],"wp:term":[{"taxonomy":"product_brand","embeddable":true,"href":"https:\/\/www.hydraulic-cylinders.net\/sl\/wp-json\/wp\/v2\/product_brand?post=1008"},{"taxonomy":"product_cat","embeddable":true,"href":"https:\/\/www.hydraulic-cylinders.net\/sl\/wp-json\/wp\/v2\/product_cat?post=1008"},{"taxonomy":"product_tag","embeddable":true,"href":"https:\/\/www.hydraulic-cylinders.net\/sl\/wp-json\/wp\/v2\/product_tag?post=1008"}],"curies":[{"name":"delovni list","href":"https:\/\/api.w.org\/{rel}","templated":true}]}}