{"id":1014,"date":"2023-09-07T02:36:18","date_gmt":"2023-09-07T02:36:18","guid":{"rendered":"https:\/\/hydraulic-cylinders.net\/?post_type=product&#038;p=1014"},"modified":"2023-09-19T01:36:38","modified_gmt":"2023-09-19T01:36:38","slug":"middle-fixed-trunnion-four-rod-hydraulic-cylinder","status":"publish","type":"product","link":"https:\/\/www.hydraulic-cylinders.net\/sl\/izdelek\/middle-fixed-trunnion-four-rod-hydraulic-cylinder\/","title":{"rendered":"Hidravli\u010dni cilinder s \u0161tirimi palicami"},"content":{"rendered":"<h1 style=\"text-align: center;\"><strong>Hidravli\u010dni cilinder s \u0161tirimi palicami<\/strong><\/h1>\n<p><img loading=\"lazy\" decoding=\"async\" class=\"size-full wp-image-1015 aligncenter\" src=\"https:\/\/hydraulic-cylinders.net\/wp-content\/uploads\/2023\/09\/middle-fixed-trunnion-four-rod-hydraulic-cylinder-1.webp\" alt=\"\" width=\"227\" height=\"227\" srcset=\"https:\/\/www.hydraulic-cylinders.net\/wp-content\/uploads\/2023\/09\/middle-fixed-trunnion-four-rod-hydraulic-cylinder-1.webp 227w, https:\/\/www.hydraulic-cylinders.net\/wp-content\/uploads\/2023\/09\/middle-fixed-trunnion-four-rod-hydraulic-cylinder-1-100x100.webp 100w, https:\/\/www.hydraulic-cylinders.net\/wp-content\/uploads\/2023\/09\/middle-fixed-trunnion-four-rod-hydraulic-cylinder-1-150x150.webp 150w, https:\/\/www.hydraulic-cylinders.net\/wp-content\/uploads\/2023\/09\/middle-fixed-trunnion-four-rod-hydraulic-cylinder-1-12x12.webp 12w\" sizes=\"(max-width: 227px) 100vw, 227px\" \/><\/p>\n<p>\u0160tiribatni hidravli\u010dni cilinder s srednjim fiksnim cevnim le\u017eajem je najsodobnej\u0161a hidravli\u010dna komponenta, zasnovana za zagotavljanje izjemne mo\u010di, stabilnosti in natan\u010dnosti v \u0161irokem naboru industrijskih aplikacij. Z inovativno zasnovo srednjega fiksnega cevnega le\u017eaja in konfiguracijo \u0161tiribatnih le\u017eajev ta \u0161tiribatni hidravli\u010dni cilinder ponuja vrhunsko nosilnost, vzdr\u017eljivost in zanesljivo delovanje, zaradi \u010desar je bistveno sredstvo v zahtevnih hidravli\u010dnih sistemih.<\/p>\n<p>Bistvene zna\u010dilnosti \u0161tiripal\u010dnega hidravli\u010dnega cilindra:<\/p>\n<p><strong>Zasnova srednjega fiksnega sornika:<\/strong><\/p>\n<ol>\n<li style=\"list-style-type: none;\">\n<ul>\n<li>Zasnova z vmesnim fiksnim sornikom zagotavlja varno in stabilno re\u0161itev za namestitev, ki zagotavlja zanesljivo delovanje tudi pri velikih obremenitvah in ekstremnih pogojih.<\/li>\n<li>Poenostavi postopek namestitve in ga je mogo\u010de enostavno integrirati v razli\u010dne hidravli\u010dne sisteme ali opremo.<\/li>\n<\/ul>\n<\/li>\n<\/ol>\n<p><strong>Konfiguracija s \u0161tirimi palicami:<\/strong><\/p>\n<ol>\n<li style=\"list-style-type: none;\">\n<ul>\n<li>\u0160tiripal\u010dna konfiguracija pove\u010da nosilnost valja, kar zagotavlja optimalno stabilnost in natan\u010dno pozicioniranje.<\/li>\n<li>Omogo\u010da, da valj u\u010dinkovito prenese stranske obremenitve, kar zagotavlja izjemno odpornost na torzijo in pre\u010dne sile.<\/li>\n<\/ul>\n<\/li>\n<\/ol>\n<p><strong>Visoka izhodna mo\u010d:<\/strong><\/p>\n<ol>\n<li style=\"list-style-type: none;\">\n<ul>\n<li>Ta \u0161tiribatni hidravli\u010dni cilinder ima impresivno izhodno mo\u010d, ki mu omogo\u010da enostavno prena\u0161anje te\u017ekih bremen.<\/li>\n<li>Zagotavlja vrhunsko mo\u010d in potisno mo\u010d, zaradi \u010desar je primeren za aplikacije, ki zahtevajo trdnost in dvi\u017eno zmogljivost.<\/li>\n<\/ul>\n<\/li>\n<\/ol>\n<p><strong>Natan\u010den nadzor:<\/strong><\/p>\n<ul>\n<li style=\"list-style-type: none;\">\n<ul>\n<li>\u0160tiribatni hidravli\u010dni cilinder s fiksnim sornikom na sredini lahko natan\u010dno nadzoruje linearno gibanje, kar zagotavlja natan\u010dno pozicioniranje in nemoteno delovanje.<\/li>\n<li>Zagotavlja odli\u010den nadzor hoda, kar operaterjem omogo\u010da doseganje hitrosti in natan\u010dnosti, potrebne za dolo\u010dene naloge.<\/li>\n<\/ul>\n<\/li>\n<\/ul>\n<h2><strong>Parameter hidravli\u010dnega cilindra s \u0161tirimi palicami s srednjim fiksnim \u010depom:<\/strong><\/h2>\n<p><img loading=\"lazy\" decoding=\"async\" class=\"alignnone wp-image-1016 size-full\" src=\"https:\/\/hydraulic-cylinders.net\/wp-content\/uploads\/2023\/09\/middle-fixed-trunnion-four-rod-hydraulic-cylinder.webp\" alt=\"\" width=\"655\" height=\"191\" srcset=\"https:\/\/hydraulic-cylinders.net\/wp-content\/uploads\/2023\/09\/middle-fixed-trunnion-four-rod-hydraulic-cylinder.webp 655w, https:\/\/hydraulic-cylinders.net\/wp-content\/uploads\/2023\/09\/middle-fixed-trunnion-four-rod-hydraulic-cylinder-480x140.webp 480w\" sizes=\"(min-width: 0px) and (max-width: 480px) 480px, (min-width: 481px) 655px, 100vw\" \/><\/p>\n<p><img loading=\"lazy\" decoding=\"async\" class=\"alignnone wp-image-1033 size-full\" src=\"https:\/\/hydraulic-cylinders.net\/wp-content\/uploads\/2023\/09\/d-db-dd-four-rod-hydraulic-cylinder.webp\" alt=\"\" width=\"655\" height=\"249\" srcset=\"https:\/\/hydraulic-cylinders.net\/wp-content\/uploads\/2023\/09\/d-db-dd-four-rod-hydraulic-cylinder.webp 655w, https:\/\/hydraulic-cylinders.net\/wp-content\/uploads\/2023\/09\/d-db-dd-four-rod-hydraulic-cylinder-480x182.webp 480w\" sizes=\"(min-width: 0px) and (max-width: 480px) 480px, (min-width: 481px) 655px, 100vw\" \/><\/p>\n<h2><strong>Hidravli\u010dni cilinder s \u0161tirimi palicami <\/strong><strong>Na\u010din uporabe<\/strong><strong>:<\/strong><\/h2>\n<p><strong>Monta\u017ea in namestitev:<\/strong><\/p>\n<ol>\n<li style=\"list-style-type: none;\">\n<ul>\n<li>Za dolo\u010ditev ustreznega mesta namestitve \u0161tiribatnega hidravli\u010dnega cilindra znotraj sistema ali opreme upo\u0161tevajte zahteve glede obremenitve in prostorske omejitve.<\/li>\n<li>Prepri\u010dajte se, da je povr\u0161ina za monta\u017eo \u010dista, ravna in da lahko prenese te\u017eo jeklenke.<\/li>\n<li>Srednje pritrdilne vijake pritrdite na monta\u017eno povr\u0161ino s priporo\u010denimi vijaki ali pritrdilnimi elementi.<\/li>\n<\/ul>\n<\/li>\n<\/ol>\n<p><strong>Hidravli\u010dni priklju\u010dki:<\/strong><\/p>\n<ol>\n<li style=\"list-style-type: none;\">\n<ul>\n<li>Priklju\u010dite dovodno hidravli\u010dno cev na odprtino valja in pri tem zagotovite ustrezno tesnjenje, da prepre\u010dite pu\u0161\u010danje.<\/li>\n<li>Upo\u0161tevajte priporo\u010dila proizvajalca glede vrste hidravli\u010dnega olja in sistem napolnite do priporo\u010dene ravni.<\/li>\n<\/ul>\n<\/li>\n<\/ol>\n<p><strong>Delovanje:<\/strong><\/p>\n<ul>\n<li style=\"list-style-type: none;\">\n<ul>\n<li>Aktivirajte hidravli\u010dni sistem in krmilite gibanje valja s hidravli\u010dnim regulacijskim ventilom ali drugim ustreznim regulacijskim mehanizmom.<\/li>\n<li>Prilagodite nastavitve pretoka in tlaka, da dose\u017eete \u017eeleno hitrost in izhodno silo.<\/li>\n<li>Redno spremljajte delovanje jeklenke glede nenavadnega vedenja, kot so pu\u0161\u010danje, pregrevanje ali nenavaden hrup.<\/li>\n<\/ul>\n<\/li>\n<\/ul>\n<h2><strong>Hidravli\u010dni cilinder s \u0161tirimi palicami <\/strong><strong>Vzdr\u017eevanje<\/strong><strong>:<\/strong><\/h2>\n<p><strong>Redni pregled:<\/strong><\/p>\n<ol>\n<li style=\"list-style-type: none;\">\n<ul>\n<li>Redno vizualno pregledujte, da preverite morebitne znake obrabe, pu\u0161\u010danja ali po\u0161kodb.<\/li>\n<li>Preverite povr\u0161ine palic, tesnila in pritrdilne priklju\u010dke glede nepravilnosti in morebitne te\u017eave nemudoma odpravite.<\/li>\n<\/ul>\n<\/li>\n<\/ol>\n<p><strong>Mazanje:<\/strong><\/p>\n<ol>\n<li style=\"list-style-type: none;\">\n<ul>\n<li>Upo\u0161tevajte proizvajal\u010deve smernice glede intervalov mazanja in uporabljajte priporo\u010deno mazivo, da zagotovite nemoteno delovanje.<\/li>\n<li>Nama\u017eite palice, tesnila in druge gibljive dele, da zmanj\u0161ate trenje in podalj\u0161ate \u017eivljenjsko dobo \u0161tiribarskih hidravli\u010dnih cilindrov.<\/li>\n<\/ul>\n<\/li>\n<\/ol>\n<p><strong>Zamenjava tesnila:<\/strong><\/p>\n<ul>\n<li style=\"list-style-type: none;\">\n<ul>\n<li>S\u010dasoma se tesnila lahko obrabijo in jih je treba zamenjati. \u010ce odkrijete pu\u0161\u010danje, previdno odstranite staro tesnilo in namestite novo v skladu s specifikacijami proizvajalca.<\/li>\n<\/ul>\n<\/li>\n<\/ul>\n<h2><strong>Kako hitro se lahko premika hidravli\u010dni cilinder\uff1f<\/strong><\/h2>\n<p>Hitrost, s katero se lahko premika hidravli\u010dni valj, je odvisna od ve\u010d dejavnikov, vklju\u010dno z velikostjo in zasnovo valja, tlakom in pretokom hidravli\u010dnega sistema ter bremenom, ki se premika.<\/p>\n<p>Na splo\u0161no so hidravli\u010dni cilindri znani po svoji sposobnosti zagotavljanja velike sile in natan\u010dnega krmiljenja, vendar je njihova najve\u010dja hitrost obi\u010dajno ni\u017eja v primerjavi z drugimi vrstami aktuatorjev. Hitrost hidravli\u010dnega cilindra je dolo\u010dena s hitrostjo, s katero se hidravli\u010dna teko\u010dina dovaja v komoro cilindra ali iz nje spro\u0161\u010da.<\/p>\n<p>Tukaj je nekaj dejavnikov, ki lahko vplivajo na hitrost hidravli\u010dnega cilindra:<\/p>\n<ol>\n<li><strong>Zasnova in komponente sistema:<\/strong> Zasnova hidravli\u010dnega sistema, vklju\u010dno s \u010drpalko, ventili in cevmi, lahko vpliva na hitrost valja. Sistem mora biti pravilno dimenzioniran in konfiguriran, da zagotavlja zadosten pretok in tlak za doseganje \u017eelene hitrosti.<\/li>\n<li><strong>Premer in dol\u017eina hoda valja:<\/strong> Premer in dol\u017eina hoda valja prav tako vplivata na njegovo hitrost. Na splo\u0161no se valja z ve\u010djim premerom gibljejo po\u010dasneje kot manj\u0161e zaradi ve\u010dje koli\u010dine hidravli\u010dne teko\u010dine, potrebne za polnjenje ali praznjenje komore valja.<\/li>\n<li><strong>Pretok in tlak:<\/strong> Pretok in tlak hidravli\u010dne teko\u010dine, ki se dovaja v valj, sta klju\u010dna dejavnika pri dolo\u010danju hitrosti valja. Pove\u010danje pretoka ali tlaka lahko povzro\u010di hitrej\u0161e gibanje, medtem ko njuno zmanj\u0161anje upo\u010dasni valj.<\/li>\n<li><strong>Obremenitev in trenje:<\/strong> Te\u017ea in trenje premikane po\u0161iljke lahko vplivata na hitrost valja. Te\u017eji tovori lahko zahtevajo ve\u010djo silo, kar lahko zmanj\u0161a skupno hitrost valja. Poleg tega lahko na hitrost vpliva tudi pove\u010dano trenje znotraj sistema, na primer zaradi tesnil ali nepravilne poravnave.<\/li>\n<\/ol>\n<h2><strong>Zmogljivost in zmogljivost tovarne:<\/strong><\/h2>\n<h3>(1) Sestavljanje<\/h3>\n<p>Imamo prvovrstno neodvisno platformo za raziskave in razvoj. Delavnica za proizvodnjo hidravli\u010dnih cilindrov ima \u0161tiri polavtomatske monta\u017ene linije za dvi\u017ene cilindre in eno avtomatsko monta\u017eno linijo za nagibne cilindre z letno proizvodno zmogljivostjo 1 milijona kosov. Delavnica za posebne cilindre je opremljena z razli\u010dnimi specifikacijami polavtomatskega sistema za \u010di\u0161\u010denje in monta\u017eo z letno proizvodno zmogljivostjo 200.000 kosov ter znano CNC obdelovalno opremo, obdelovalnim centrom, visoko precizno posebno opremo za obdelavo cilindrov, robotskim varilnim strojem, avtomatskim \u010distilnim strojem, avtomatskim strojem za monta\u017eo cilindrov in avtomatsko proizvodno linijo za barvanje. Obstoje\u010da kriti\u010dna oprema obsega ve\u010d kot 300 kompletov (kompletov). Optimalna razporeditev in u\u010dinkovita uporaba opremnih virov zagotavljata zahteve glede natan\u010dnosti izdelkov in izpolnjujeta visoke zahteve glede kakovosti izdelkov.<\/p>\n<p><img loading=\"lazy\" decoding=\"async\" class=\"alignnone wp-image-626\" src=\"https:\/\/hydraulic-cylinders.net\/wp-content\/uploads\/2023\/08\/hydraulic-cylinder-product-1-300x158.webp\" alt=\"\" width=\"495\" height=\"260\" srcset=\"https:\/\/hydraulic-cylinders.net\/wp-content\/uploads\/2023\/08\/hydraulic-cylinder-product-1-300x158.webp 495w, https:\/\/hydraulic-cylinders.net\/wp-content\/uploads\/2023\/08\/hydraulic-cylinder-product-1-480x252.webp 480w\" sizes=\"(min-width: 0px) and (max-width: 480px) 480px, (min-width: 481px) 495px, 100vw\" \/> <img loading=\"lazy\" decoding=\"async\" class=\"alignnone wp-image-627\" src=\"https:\/\/hydraulic-cylinders.net\/wp-content\/uploads\/2023\/08\/hydraulic-cylinder-product-2-300x189.webp\" alt=\"\" width=\"413\" height=\"260\" \/><\/p>\n<h3>(2) Strojna obdelava<\/h3>\n<p>Strojna delavnica je opremljena s prilagojenim centrom za stru\u017eenje nagnjenih tirnic, obdelovalnim centrom, visokohitrostnim strojem za honanje, varilnim robotom in drugo sorodno opremo, ki lahko obdeluje cilindri\u010dne cevi z najve\u010djim notranjim premerom 400 mm in najve\u010djo dol\u017eino 6 metrov.<\/p>\n<p><img loading=\"lazy\" decoding=\"async\" class=\"alignnone wp-image-628 size-large\" src=\"https:\/\/hydraulic-cylinders.net\/wp-content\/uploads\/2023\/08\/hydraulic-cylinder-product-3-1024x391.webp\" alt=\"\" width=\"1024\" height=\"391\" srcset=\"https:\/\/hydraulic-cylinders.net\/wp-content\/uploads\/2023\/08\/hydraulic-cylinder-product-3-980x374.webp 980w, https:\/\/hydraulic-cylinders.net\/wp-content\/uploads\/2023\/08\/hydraulic-cylinder-product-3-480x183.webp 480w\" sizes=\"(min-width: 0px) and (max-width: 480px) 480px, (min-width: 481px) and (max-width: 980px) 980px, (min-width: 981px) 1024px, 100vw\" \/><\/p>\n<h3>(3) Varjenje<\/h3>\n<p><img loading=\"lazy\" decoding=\"async\" class=\"alignnone wp-image-629 size-large\" src=\"https:\/\/hydraulic-cylinders.net\/wp-content\/uploads\/2023\/08\/hydraulic-cylinder-product-4-1024x510.webp\" alt=\"\" width=\"1024\" height=\"510\" srcset=\"https:\/\/hydraulic-cylinders.net\/wp-content\/uploads\/2023\/08\/hydraulic-cylinder-product-4-980x488.webp 980w, https:\/\/hydraulic-cylinders.net\/wp-content\/uploads\/2023\/08\/hydraulic-cylinder-product-4-480x239.webp 480w\" sizes=\"(min-width: 0px) and (max-width: 480px) 480px, (min-width: 481px) and (max-width: 980px) 980px, (min-width: 981px) 1024px, 100vw\" \/><\/p>\n<h3>(4) Barvanje in premazovanje<\/h3>\n<p>Z majhnimi in srednje velikimi cilindri\u010dnimi avtomatskimi linijami za barvanje na vodni osnovi, za doseganje avtomatskega nakladanja in razkladanja robotov ter avtomatskega brizganja, je projektna zmogljivost 4000 kosov na izmeno;<br \/>\nImamo tudi polavtomatsko linijo za proizvodnjo barv za velike jeklenke, ki jo poganja veriga, s projektno zmogljivostjo 60 zabojev na izmeno.<\/p>\n<p><img loading=\"lazy\" decoding=\"async\" class=\"alignnone wp-image-630\" src=\"https:\/\/hydraulic-cylinders.net\/wp-content\/uploads\/2023\/08\/hydraulic-cylinder-product-5-300x213.webp\" alt=\"\" width=\"366\" height=\"260\" \/> <img loading=\"lazy\" decoding=\"async\" class=\"alignnone wp-image-631\" src=\"https:\/\/hydraulic-cylinders.net\/wp-content\/uploads\/2023\/08\/hydraulic-cylinder-product-6-300x225.webp\" alt=\"\" width=\"347\" height=\"260\" \/><\/p>\n<h3>(5) Testiranje<\/h3>\n<p>Imamo prvovrstne in\u0161pekcijske prostore in testne postaje, s katerimi zagotavljamo, da delovanje jeklenke izpolnjuje zahteve.<\/p>\n<p><img loading=\"lazy\" decoding=\"async\" class=\"alignnone wp-image-632\" src=\"https:\/\/hydraulic-cylinders.net\/wp-content\/uploads\/2023\/08\/hydraulic-cylinder-product-8-300x200.webp\" alt=\"\" width=\"389\" height=\"260\" \/><\/p>\n<p>&nbsp;<\/p>\n<p>&nbsp;<\/p>\n<p>Smo eden najbolj\u0161ih proizvajalcev lahkih \u0161tiripali\u010dnih hidravli\u010dnih cilindrov. Ponujamo vam celovito zalogo lahkih \u0161tiripali\u010dnih hidravli\u010dnih cilindrov. Ponujamo tudi ustrezne <a href=\"https:\/\/hzpt.com\/agricultural-pto-gearbox\/\" target=\"_blank\" rel=\"noopener\">kmetijski menjalniki<\/a>Na\u0161e izdelke smo izvozili strankam po vsem svetu in si prislu\u017eili dober ugled zaradi vrhunske kakovosti izdelkov in poprodajnih storitev. Toplo vabimo stranke tako doma kot v tujini, da nas kontaktirajo za poslovne dogovore, izmenjavo informacij in ...\u00a0<a href=\"https:\/\/www.hydraulic-cylinders.net\/sl\/contact-us\/\">sodelujte z nami<\/a>!<\/p>\n<h2><\/h2>\n<h2><\/h2>","protected":false},"excerpt":{"rendered":"<p>Middle Fixed Trunnion Four Rod Hydraulic Cylinder The middle fixed trunnion four rod hydraulic cylinder is a state-of-the-art hydraulic component designed to deliver exceptional power, stability, and precision in a wide range of industrial applications. With its innovative middle fixed trunnion design and four rod configuration, this four rod hydraulic cylinder offers superior load-bearing capacity, [&hellip;]<\/p>","protected":false},"featured_media":1017,"comment_status":"open","ping_status":"closed","template":"","meta":{"_et_pb_use_builder":"","_et_pb_old_content":"","_et_gb_content_width":""},"product_brand":[],"product_cat":[1376,1386],"product_tag":[1380],"class_list":{"0":"post-1014","1":"product","2":"type-product","3":"status-publish","4":"has-post-thumbnail","6":"product_cat-hydraulic-cylinder","7":"product_cat-four-rod-hydraulic-cylinder","8":"product_tag-hydraulic-cylinder","10":"first","11":"instock","12":"shipping-taxable","13":"product-type-simple"},"amp_enabled":true,"_links":{"self":[{"href":"https:\/\/www.hydraulic-cylinders.net\/sl\/wp-json\/wp\/v2\/product\/1014","targetHints":{"allow":["GET"]}}],"collection":[{"href":"https:\/\/www.hydraulic-cylinders.net\/sl\/wp-json\/wp\/v2\/product"}],"about":[{"href":"https:\/\/www.hydraulic-cylinders.net\/sl\/wp-json\/wp\/v2\/types\/product"}],"replies":[{"embeddable":true,"href":"https:\/\/www.hydraulic-cylinders.net\/sl\/wp-json\/wp\/v2\/comments?post=1014"}],"wp:featuredmedia":[{"embeddable":true,"href":"https:\/\/www.hydraulic-cylinders.net\/sl\/wp-json\/wp\/v2\/media\/1017"}],"wp:attachment":[{"href":"https:\/\/www.hydraulic-cylinders.net\/sl\/wp-json\/wp\/v2\/media?parent=1014"}],"wp:term":[{"taxonomy":"product_brand","embeddable":true,"href":"https:\/\/www.hydraulic-cylinders.net\/sl\/wp-json\/wp\/v2\/product_brand?post=1014"},{"taxonomy":"product_cat","embeddable":true,"href":"https:\/\/www.hydraulic-cylinders.net\/sl\/wp-json\/wp\/v2\/product_cat?post=1014"},{"taxonomy":"product_tag","embeddable":true,"href":"https:\/\/www.hydraulic-cylinders.net\/sl\/wp-json\/wp\/v2\/product_tag?post=1014"}],"curies":[{"name":"delovni list","href":"https:\/\/api.w.org\/{rel}","templated":true}]}}